{"id":1657,"date":"2020-11-12T19:14:37","date_gmt":"2020-11-12T22:14:37","guid":{"rendered":"https:\/\/ambipar.com\/latam\/?page_id=1657"},"modified":"2021-01-05T20:21:47","modified_gmt":"2021-01-05T23:21:47","slug":"gathering-and-monitoring-of-the-applicable-legal-requirements","status":"publish","type":"page","link":"https:\/\/ambipar.com\/latam\/en\/ambipar-environment\/softwares-de-gestao\/gathering-and-monitoring-of-the-applicable-legal-requirements\/","title":{"rendered":"Gathering and Monitoring of the Applicable Legal Requirements"},"content":{"rendered":"\n<p>The purpose of this system is to identify, analyze and monitor the legislation applicable to the client&#8217;s business, providing organizations with a saving of time and money combined with the security of the continuity of their business with environmental, social and respect for life.<\/p>\n\n\n\n<p>Main benefits:<\/p>\n\n\n\n<ul><li>Accurate identification of the rules applicable to the company&#8217;s business<\/li><li>Prevention of fines, embargoes and other penalties to the company<\/li><li>Individual and corporate reports<\/li><li>Supported by an experienced team<\/li><li>Compliance with the scope of standards 9001, 14001, OSHAS, SA 8000, FSSC 22000, 50001, FSC CERFLOR, BONSUCRO and other standards<\/li><li>The survey and monitoring of requirements can be offered with the risk assessment for non-compliance with each of the rules (fines and sanctions)<\/li><li>In the version &#8220;<strong>Legal Risk<\/strong>&#8221; it is possible to: obtain reports of legal risk, prioritize compliance with the most critical standards and quantify losses resulting from non-compliance with standards<\/li><\/ul>\n\n\n\n<p>See too:<\/p>\n\n\n\n<ul id=\"block-dc8e3340-cf7e-4418-97cf-9b70f5359851\"><li><a href=\"https:\/\/ambipar.com\/latam\/en\/ambipar-environment\/softwares-de-gestao\/management-platform-and-approval-of-suppliers\/\">Management Platform and Approval of Suppliers<\/a><\/li><li><a href=\"https:\/\/ambipar.com\/latam\/en\/ambipar-environment\/softwares-de-gestao\/management-and-handling-of-non-compliances\/\">Management and Handling of Non-Compliances<\/a><\/li><li><a href=\"https:\/\/ambipar.com\/latam\/en\/ambipar-environment\/softwares-de-gestao\/management-and-analysis-of-occupational-and-environmental-risks\/\">Management and Analysis of Occupational and Environmental Risks<\/a><\/li><li><a href=\"https:\/\/ambipar.com\/latam\/en\/ambipar-environment\/softwares-de-gestao\/management-and-control-of-documents\/\">Management and Control of Documents<\/a><\/li><li><a href=\"https:\/\/ambipar.com\/latam\/en\/ambipar-environment\/softwares-de-gestao\/waste-management\/\">Waste Management<\/a><\/li><\/ul>\n\n\n\n<p><\/p>\n","protected":false},"excerpt":{"rendered":"The purpose of this system is to identify, analyze and monitor the legislation applicable to the client&#8217;s business, providing organizations with a saving of time and money combined with the security of the continuity of their business with environmental, social and respect for life. Main benefits: Accurate identification of the rules applicable to the company&#8217;s&#8230; <a class=\"view-article\" href=\"https:\/\/ambipar.com\/latam\/en\/ambipar-environment\/softwares-de-gestao\/gathering-and-monitoring-of-the-applicable-legal-requirements\/\">Ver art\u00edculo<\/a>","protected":false},"author":1,"featured_media":315,"parent":310,"menu_order":0,"comment_status":"closed","ping_status":"closed","template":"single-servicos.php","meta":[],"yoast_head":"<!-- This site is optimized with the Yoast SEO plugin v17.6 - https:\/\/yoast.com\/wordpress\/plugins\/seo\/ -->\n<title>Ambipar&#039;s Gathering and Monitoring of the Applicable Legal Requirements<\/title>\n<meta name=\"description\" content=\"Its purpose is to identify, analyze and monitor the legislation applicable to the client&#039;s business, providing savings\" \/>\n<meta name=\"robots\" content=\"index, follow, max-snippet:-1, max-image-preview:large, max-video-preview:-1\" \/>\n<link rel=\"canonical\" href=\"https:\/\/ambipar.com\/latam\/en\/ambipar-environment\/softwares-de-gestao\/gathering-and-monitoring-of-the-applicable-legal-requirements\/\" \/>\n<meta property=\"og:locale\" content=\"es_ES\" \/>\n<meta property=\"og:type\" content=\"article\" \/>\n<meta property=\"og:title\" content=\"Ambipar&#039;s Gathering and Monitoring of the Applicable Legal Requirements\" \/>\n<meta property=\"og:description\" content=\"Its purpose is to identify, analyze and monitor the legislation applicable to the client&#039;s business, providing savings\" \/>\n<meta property=\"og:url\" content=\"https:\/\/ambipar.com\/latam\/en\/ambipar-environment\/softwares-de-gestao\/gathering-and-monitoring-of-the-applicable-legal-requirements\/\" \/>\n<meta property=\"og:site_name\" content=\"Ambipar. A l\u00edder em gest\u00e3o ambiental.\" \/>\n<meta property=\"article:modified_time\" content=\"2021-01-05T23:21:47+00:00\" \/>\n<meta property=\"og:image\" content=\"https:\/\/ambipar.com\/latam\/wp-content\/uploads\/2020\/10\/gestao6.jpg\" \/>\n\t<meta property=\"og:image:width\" content=\"1004\" \/>\n\t<meta property=\"og:image:height\" content=\"1016\" \/>\n<meta name=\"twitter:card\" content=\"summary_large_image\" \/>\n<meta name=\"twitter:label1\" content=\"Est. reading time\" \/>\n\t<meta name=\"twitter:data1\" content=\"1 minuto\" \/>\n<script type=\"application\/ld+json\" class=\"yoast-schema-graph\">{\"@context\":\"https:\/\/schema.org\",\"@graph\":[{\"@type\":\"Organization\",\"@id\":\"https:\/\/ambipar.com\/latam\/#organization\",\"name\":\"Ambipar\",\"url\":\"https:\/\/ambipar.com\/latam\/\",\"sameAs\":[],\"logo\":{\"@type\":\"ImageObject\",\"@id\":\"https:\/\/ambipar.com\/latam\/#logo\",\"inLanguage\":\"es-CL\",\"url\":\"https:\/\/ambipar.com\/latam\/wp-content\/uploads\/2020\/10\/ambipar_color.png\",\"contentUrl\":\"https:\/\/ambipar.com\/latam\/wp-content\/uploads\/2020\/10\/ambipar_color.png\",\"width\":174,\"height\":107,\"caption\":\"Ambipar\"},\"image\":{\"@id\":\"https:\/\/ambipar.com\/latam\/#logo\"}},{\"@type\":\"WebSite\",\"@id\":\"https:\/\/ambipar.com\/latam\/#website\",\"url\":\"https:\/\/ambipar.com\/latam\/\",\"name\":\"Ambipar. A l\\u00edder em gest\\u00e3o ambiental.\",\"description\":\"Pioneira em solu\\u00e7\\u00f5es ambientais, a Ambipar atua em todo o territ\\u00f3rio nacional oferecendo solu\\u00e7\\u00f5es integradas para toda a cadeia de neg\\u00f3cio.\",\"publisher\":{\"@id\":\"https:\/\/ambipar.com\/latam\/#organization\"},\"potentialAction\":[{\"@type\":\"SearchAction\",\"target\":{\"@type\":\"EntryPoint\",\"urlTemplate\":\"https:\/\/ambipar.com\/latam\/?s={search_term_string}\"},\"query-input\":\"required name=search_term_string\"}],\"inLanguage\":\"es-CL\"},{\"@type\":\"ImageObject\",\"@id\":\"https:\/\/ambipar.com\/latam\/en\/ambipar-environment\/softwares-de-gestao\/gathering-and-monitoring-of-the-applicable-legal-requirements\/#primaryimage\",\"inLanguage\":\"es-CL\",\"url\":\"https:\/\/ambipar.com\/latam\/wp-content\/uploads\/2020\/10\/gestao6.jpg\",\"contentUrl\":\"https:\/\/ambipar.com\/latam\/wp-content\/uploads\/2020\/10\/gestao6.jpg\",\"width\":1004,\"height\":1016,\"caption\":\"gest\\u00e3o\"},{\"@type\":\"WebPage\",\"@id\":\"https:\/\/ambipar.com\/latam\/en\/ambipar-environment\/softwares-de-gestao\/gathering-and-monitoring-of-the-applicable-legal-requirements\/#webpage\",\"url\":\"https:\/\/ambipar.com\/latam\/en\/ambipar-environment\/softwares-de-gestao\/gathering-and-monitoring-of-the-applicable-legal-requirements\/\",\"name\":\"Ambipar's Gathering and Monitoring of the Applicable Legal Requirements\",\"isPartOf\":{\"@id\":\"https:\/\/ambipar.com\/latam\/#website\"},\"primaryImageOfPage\":{\"@id\":\"https:\/\/ambipar.com\/latam\/en\/ambipar-environment\/softwares-de-gestao\/gathering-and-monitoring-of-the-applicable-legal-requirements\/#primaryimage\"},\"datePublished\":\"2020-11-12T22:14:37+00:00\",\"dateModified\":\"2021-01-05T23:21:47+00:00\",\"description\":\"Its purpose is to identify, analyze and monitor the legislation applicable to the client's business, providing savings\",\"breadcrumb\":{\"@id\":\"https:\/\/ambipar.com\/latam\/en\/ambipar-environment\/softwares-de-gestao\/gathering-and-monitoring-of-the-applicable-legal-requirements\/#breadcrumb\"},\"inLanguage\":\"es-CL\",\"potentialAction\":[{\"@type\":\"ReadAction\",\"target\":[\"https:\/\/ambipar.com\/latam\/en\/ambipar-environment\/softwares-de-gestao\/gathering-and-monitoring-of-the-applicable-legal-requirements\/\"]}]},{\"@type\":\"BreadcrumbList\",\"@id\":\"https:\/\/ambipar.com\/latam\/en\/ambipar-environment\/softwares-de-gestao\/gathering-and-monitoring-of-the-applicable-legal-requirements\/#breadcrumb\",\"itemListElement\":[{\"@type\":\"ListItem\",\"position\":1,\"name\":\"Home\",\"item\":\"https:\/\/ambipar.com\/latam\/\"},{\"@type\":\"ListItem\",\"position\":2,\"name\":\"Ambipar Environment\",\"item\":\"https:\/\/ambipar.com\/latam\/pt\/ambipar-environment\/\"},{\"@type\":\"ListItem\",\"position\":3,\"name\":\"Softwares de Gest\\u00e3o\",\"item\":\"https:\/\/ambipar.com\/latam\/pt\/ambipar-environment\/softwares-de-gestao\/\"},{\"@type\":\"ListItem\",\"position\":4,\"name\":\"Gathering and Monitoring of the Applicable Legal Requirements\"}]}]}<\/script>\n<!-- \/ Yoast SEO plugin. -->","yoast_head_json":{"title":"Ambipar's Gathering and Monitoring of the Applicable Legal Requirements","description":"Its purpose is to identify, analyze and monitor the legislation applicable to the client's business, providing savings","robots":{"index":"index","follow":"follow","max-snippet":"max-snippet:-1","max-image-preview":"max-image-preview:large","max-video-preview":"max-video-preview:-1"},"canonical":"https:\/\/ambipar.com\/latam\/en\/ambipar-environment\/softwares-de-gestao\/gathering-and-monitoring-of-the-applicable-legal-requirements\/","og_locale":"es_ES","og_type":"article","og_title":"Ambipar's Gathering and Monitoring of the Applicable Legal Requirements","og_description":"Its purpose is to identify, analyze and monitor the legislation applicable to the client's business, providing savings","og_url":"https:\/\/ambipar.com\/latam\/en\/ambipar-environment\/softwares-de-gestao\/gathering-and-monitoring-of-the-applicable-legal-requirements\/","og_site_name":"Ambipar. A l\u00edder em gest\u00e3o ambiental.","article_modified_time":"2021-01-05T23:21:47+00:00","og_image":[{"width":1004,"height":1016,"url":"https:\/\/ambipar.com\/latam\/wp-content\/uploads\/2020\/10\/gestao6.jpg","type":"image\/jpeg"}],"twitter_card":"summary_large_image","twitter_misc":{"Est. reading time":"1 minuto"},"schema":{"@context":"https:\/\/schema.org","@graph":[{"@type":"Organization","@id":"https:\/\/ambipar.com\/latam\/#organization","name":"Ambipar","url":"https:\/\/ambipar.com\/latam\/","sameAs":[],"logo":{"@type":"ImageObject","@id":"https:\/\/ambipar.com\/latam\/#logo","inLanguage":"es-CL","url":"https:\/\/ambipar.com\/latam\/wp-content\/uploads\/2020\/10\/ambipar_color.png","contentUrl":"https:\/\/ambipar.com\/latam\/wp-content\/uploads\/2020\/10\/ambipar_color.png","width":174,"height":107,"caption":"Ambipar"},"image":{"@id":"https:\/\/ambipar.com\/latam\/#logo"}},{"@type":"WebSite","@id":"https:\/\/ambipar.com\/latam\/#website","url":"https:\/\/ambipar.com\/latam\/","name":"Ambipar. A l\u00edder em gest\u00e3o ambiental.","description":"Pioneira em solu\u00e7\u00f5es ambientais, a Ambipar atua em todo o territ\u00f3rio nacional oferecendo solu\u00e7\u00f5es integradas para toda a cadeia de neg\u00f3cio.","publisher":{"@id":"https:\/\/ambipar.com\/latam\/#organization"},"potentialAction":[{"@type":"SearchAction","target":{"@type":"EntryPoint","urlTemplate":"https:\/\/ambipar.com\/latam\/?s={search_term_string}"},"query-input":"required name=search_term_string"}],"inLanguage":"es-CL"},{"@type":"ImageObject","@id":"https:\/\/ambipar.com\/latam\/en\/ambipar-environment\/softwares-de-gestao\/gathering-and-monitoring-of-the-applicable-legal-requirements\/#primaryimage","inLanguage":"es-CL","url":"https:\/\/ambipar.com\/latam\/wp-content\/uploads\/2020\/10\/gestao6.jpg","contentUrl":"https:\/\/ambipar.com\/latam\/wp-content\/uploads\/2020\/10\/gestao6.jpg","width":1004,"height":1016,"caption":"gest\u00e3o"},{"@type":"WebPage","@id":"https:\/\/ambipar.com\/latam\/en\/ambipar-environment\/softwares-de-gestao\/gathering-and-monitoring-of-the-applicable-legal-requirements\/#webpage","url":"https:\/\/ambipar.com\/latam\/en\/ambipar-environment\/softwares-de-gestao\/gathering-and-monitoring-of-the-applicable-legal-requirements\/","name":"Ambipar's Gathering and Monitoring of the Applicable Legal Requirements","isPartOf":{"@id":"https:\/\/ambipar.com\/latam\/#website"},"primaryImageOfPage":{"@id":"https:\/\/ambipar.com\/latam\/en\/ambipar-environment\/softwares-de-gestao\/gathering-and-monitoring-of-the-applicable-legal-requirements\/#primaryimage"},"datePublished":"2020-11-12T22:14:37+00:00","dateModified":"2021-01-05T23:21:47+00:00","description":"Its purpose is to identify, analyze and monitor the legislation applicable to the client's business, providing savings","breadcrumb":{"@id":"https:\/\/ambipar.com\/latam\/en\/ambipar-environment\/softwares-de-gestao\/gathering-and-monitoring-of-the-applicable-legal-requirements\/#breadcrumb"},"inLanguage":"es-CL","potentialAction":[{"@type":"ReadAction","target":["https:\/\/ambipar.com\/latam\/en\/ambipar-environment\/softwares-de-gestao\/gathering-and-monitoring-of-the-applicable-legal-requirements\/"]}]},{"@type":"BreadcrumbList","@id":"https:\/\/ambipar.com\/latam\/en\/ambipar-environment\/softwares-de-gestao\/gathering-and-monitoring-of-the-applicable-legal-requirements\/#breadcrumb","itemListElement":[{"@type":"ListItem","position":1,"name":"Home","item":"https:\/\/ambipar.com\/latam\/"},{"@type":"ListItem","position":2,"name":"Ambipar Environment","item":"https:\/\/ambipar.com\/latam\/pt\/ambipar-environment\/"},{"@type":"ListItem","position":3,"name":"Softwares de Gest\u00e3o","item":"https:\/\/ambipar.com\/latam\/pt\/ambipar-environment\/softwares-de-gestao\/"},{"@type":"ListItem","position":4,"name":"Gathering and Monitoring of the Applicable Legal Requirements"}]}]}},"_links":{"self":[{"href":"https:\/\/ambipar.com\/latam\/wp-json\/wp\/v2\/pages\/1657"}],"collection":[{"href":"https:\/\/ambipar.com\/latam\/wp-json\/wp\/v2\/pages"}],"about":[{"href":"https:\/\/ambipar.com\/latam\/wp-json\/wp\/v2\/types\/page"}],"author":[{"embeddable":true,"href":"https:\/\/ambipar.com\/latam\/wp-json\/wp\/v2\/users\/1"}],"replies":[{"embeddable":true,"href":"https:\/\/ambipar.com\/latam\/wp-json\/wp\/v2\/comments?post=1657"}],"version-history":[{"count":3,"href":"https:\/\/ambipar.com\/latam\/wp-json\/wp\/v2\/pages\/1657\/revisions"}],"predecessor-version":[{"id":1704,"href":"https:\/\/ambipar.com\/latam\/wp-json\/wp\/v2\/pages\/1657\/revisions\/1704"}],"up":[{"embeddable":true,"href":"https:\/\/ambipar.com\/latam\/wp-json\/wp\/v2\/pages\/310"}],"wp:featuredmedia":[{"embeddable":true,"href":"https:\/\/ambipar.com\/latam\/wp-json\/wp\/v2\/media\/315"}],"wp:attachment":[{"href":"https:\/\/ambipar.com\/latam\/wp-json\/wp\/v2\/media?parent=1657"}],"curies":[{"name":"wp","href":"https:\/\/api.w.org\/{rel}","templated":true}]}}