{"id":1660,"date":"2020-11-12T19:24:10","date_gmt":"2020-11-12T22:24:10","guid":{"rendered":"https:\/\/ambipar.com\/latam\/?page_id=1660"},"modified":"2021-10-13T11:00:44","modified_gmt":"2021-10-13T14:00:44","slug":"levantamiento-y-monitoreo-de-los-requisitos-legales-aplicables","status":"publish","type":"page","link":"https:\/\/ambipar.com\/latam\/ambipar-environment-2\/softwares-de-gestion\/levantamiento-y-monitoreo-de-los-requisitos-legales-aplicables\/","title":{"rendered":"Levantamiento y Monitoreo de los Requisitos Legales Aplicables"},"content":{"rendered":"\n<p>El prop\u00f3sito de este sistema es identificar, analizar y monitorear la legislaci\u00f3n aplicable al negocio del cliente, brindando a las organizaciones un ahorro de tiempo y dinero combinado con la seguridad de la continuidad de su negocio con el medio ambiente, social y respeto por la vida. <\/p>\n\n\n\n<p>Principales beneficios:<\/p>\n\n\n\n<ul><li>Identificaci\u00f3n precisa de las reglas aplicables al negocio de la empresa<\/li><li>Prevenci\u00f3n de multas, embargos y otras sanciones a la empresa<\/li><li>Informes individuales y corporativos<\/li><li>Apoyado por un equipo experimentado<\/li><li>Cumplimiento del alcance de los est\u00e1ndares 9001, 14001, OSHAS, SA 8000, FSSC 22000, 50001, FSC CERFLOR, BONSUCRO y otros est\u00e1ndares<\/li><li>El relevamiento y monitoreo de requisitos se puede ofrecer con la evaluaci\u00f3n de riesgos por incumplimiento de cada una de las normas (multas y sanciones)<\/li><li>En la versi\u00f3n &#8220;<strong>Riesgo Legal<\/strong>&#8221; es posible: obtener informes de riesgo legal, priorizar el cumplimiento de los est\u00e1ndares m\u00e1s cr\u00edticos y cuantificar las p\u00e9rdidas resultantes del incumplimiento de los est\u00e1ndares<\/li><\/ul>\n\n\n\n<p>Vea tambi\u00e9n:<\/p>\n\n\n\n<ul id=\"block-dc8e3340-cf7e-4418-97cf-9b70f5359851\"><li><a href=\"https:\/\/ambipar.com\/latam\/es\/ambipar-environment\/softwares-de-gestao\/plataforma-de-gestion-y-homologacion-de-proveedores\/\"><a href=\"https:\/\/ambipar.com\/latam\/ambipar-environment-2\/softwares-de-gestion\/plataforma-de-gestion-y-homologacion-de-proveedores\/\">Plataforma de Gesti\u00f3n y Homologaci\u00f3n de Proveedores<\/a><\/a><\/li><li><a href=\"https:\/\/ambipar.com\/latam\/es\/ambipar-environment\/softwares-de-gestao\/plataforma-de-gestion-y-homologacion-de-proveedores\/\"><a href=\"https:\/\/ambipar.com\/latam\/ambipar-environment-2\/softwares-de-gestion\/gestion-y-tratamiento-de-las-no-conformidades\/\">Gesti\u00f3n y tratamiento de las No Conformidades<\/a><\/a><\/li><li><a href=\"https:\/\/ambipar.com\/latam\/es\/ambipar-environment\/softwares-de-gestao\/plataforma-de-gestion-y-homologacion-de-proveedores\/\"><a href=\"https:\/\/ambipar.com\/latam\/ambipar-environment-2\/softwares-de-gestion\/gestion-y-analisis-de-riesgos-ocupacionales-y-ambientales\/\">Gesti\u00f3n y An\u00e1lisis de Riesgos Ocupacionales y Ambientales<\/a><\/a><\/li><li><a href=\"https:\/\/ambipar.com\/latam\/es\/ambipar-environment\/softwares-de-gestao\/plataforma-de-gestion-y-homologacion-de-proveedores\/\"><a href=\"https:\/\/ambipar.com\/latam\/ambipar-environment-2\/softwares-de-gestion\/gestion-y-control-de-documentos\/\">Gesti\u00f3n y control de documentos<\/a><\/a><\/li><li><a href=\"https:\/\/ambipar.com\/latam\/es\/ambipar-environment\/softwares-de-gestao\/plataforma-de-gestion-y-homologacion-de-proveedores\/\"><a href=\"https:\/\/ambipar.com\/latam\/ambipar-environment-2\/softwares-de-gestion\/gestion-de-los-residuos\/\">Gesti\u00f3n de los residuos<\/a><\/a><\/li><\/ul>\n\n\n\n<p><\/p>\n","protected":false},"excerpt":{"rendered":"El prop\u00f3sito de este sistema es identificar, analizar y monitorear la legislaci\u00f3n aplicable al negocio del cliente, brindando a las organizaciones un ahorro de tiempo y dinero combinado con la seguridad de la continuidad de su negocio con el medio ambiente, social y respeto por la vida. Principales beneficios: Identificaci\u00f3n precisa de las reglas aplicables&#8230; <a class=\"view-article\" href=\"https:\/\/ambipar.com\/latam\/ambipar-environment-2\/softwares-de-gestion\/levantamiento-y-monitoreo-de-los-requisitos-legales-aplicables\/\">Ver art\u00edculo<\/a>","protected":false},"author":1,"featured_media":315,"parent":1612,"menu_order":0,"comment_status":"closed","ping_status":"closed","template":"single-servicos.php","meta":[],"yoast_head":"<!-- This site is optimized with the Yoast SEO plugin v17.6 - https:\/\/yoast.com\/wordpress\/plugins\/seo\/ -->\n<title>Levantamiento y Monitoreo de los Requisitos Legales Aplicables Ambipar<\/title>\n<meta name=\"description\" content=\"Su prop\u00f3sito es identificar, analizar y monitorear la legislaci\u00f3n aplicable al negocio del cliente, proporcionando ahorros\" \/>\n<meta name=\"robots\" content=\"index, follow, max-snippet:-1, max-image-preview:large, max-video-preview:-1\" \/>\n<link rel=\"canonical\" href=\"https:\/\/ambipar.com\/latam\/ambipar-environment-2\/softwares-de-gestion\/levantamiento-y-monitoreo-de-los-requisitos-legales-aplicables\/\" \/>\n<meta property=\"og:locale\" content=\"es_ES\" \/>\n<meta property=\"og:type\" content=\"article\" \/>\n<meta property=\"og:title\" content=\"Levantamiento y Monitoreo de los Requisitos Legales Aplicables Ambipar\" \/>\n<meta property=\"og:description\" content=\"Su prop\u00f3sito es identificar, analizar y monitorear la legislaci\u00f3n aplicable al negocio del cliente, proporcionando ahorros\" \/>\n<meta property=\"og:url\" content=\"https:\/\/ambipar.com\/latam\/ambipar-environment-2\/softwares-de-gestion\/levantamiento-y-monitoreo-de-los-requisitos-legales-aplicables\/\" \/>\n<meta property=\"og:site_name\" content=\"Ambipar. A l\u00edder em gest\u00e3o ambiental.\" \/>\n<meta property=\"article:modified_time\" content=\"2021-10-13T14:00:44+00:00\" \/>\n<meta property=\"og:image\" content=\"https:\/\/ambipar.com\/latam\/wp-content\/uploads\/2020\/10\/gestao6.jpg\" \/>\n\t<meta property=\"og:image:width\" content=\"1004\" \/>\n\t<meta property=\"og:image:height\" content=\"1016\" \/>\n<meta name=\"twitter:card\" content=\"summary_large_image\" \/>\n<meta name=\"twitter:label1\" content=\"Est. reading time\" \/>\n\t<meta name=\"twitter:data1\" content=\"1 minuto\" \/>\n<script type=\"application\/ld+json\" class=\"yoast-schema-graph\">{\"@context\":\"https:\/\/schema.org\",\"@graph\":[{\"@type\":\"Organization\",\"@id\":\"https:\/\/ambipar.com\/latam\/#organization\",\"name\":\"Ambipar\",\"url\":\"https:\/\/ambipar.com\/latam\/\",\"sameAs\":[],\"logo\":{\"@type\":\"ImageObject\",\"@id\":\"https:\/\/ambipar.com\/latam\/#logo\",\"inLanguage\":\"es-CL\",\"url\":\"https:\/\/ambipar.com\/latam\/wp-content\/uploads\/2020\/10\/ambipar_color.png\",\"contentUrl\":\"https:\/\/ambipar.com\/latam\/wp-content\/uploads\/2020\/10\/ambipar_color.png\",\"width\":174,\"height\":107,\"caption\":\"Ambipar\"},\"image\":{\"@id\":\"https:\/\/ambipar.com\/latam\/#logo\"}},{\"@type\":\"WebSite\",\"@id\":\"https:\/\/ambipar.com\/latam\/#website\",\"url\":\"https:\/\/ambipar.com\/latam\/\",\"name\":\"Ambipar. A l\\u00edder em gest\\u00e3o ambiental.\",\"description\":\"Pioneira em solu\\u00e7\\u00f5es ambientais, a Ambipar atua em todo o territ\\u00f3rio nacional oferecendo solu\\u00e7\\u00f5es integradas para toda a cadeia de neg\\u00f3cio.\",\"publisher\":{\"@id\":\"https:\/\/ambipar.com\/latam\/#organization\"},\"potentialAction\":[{\"@type\":\"SearchAction\",\"target\":{\"@type\":\"EntryPoint\",\"urlTemplate\":\"https:\/\/ambipar.com\/latam\/?s={search_term_string}\"},\"query-input\":\"required name=search_term_string\"}],\"inLanguage\":\"es-CL\"},{\"@type\":\"ImageObject\",\"@id\":\"https:\/\/ambipar.com\/latam\/ambipar-environment-2\/softwares-de-gestion\/levantamiento-y-monitoreo-de-los-requisitos-legales-aplicables\/#primaryimage\",\"inLanguage\":\"es-CL\",\"url\":\"https:\/\/ambipar.com\/latam\/wp-content\/uploads\/2020\/10\/gestao6.jpg\",\"contentUrl\":\"https:\/\/ambipar.com\/latam\/wp-content\/uploads\/2020\/10\/gestao6.jpg\",\"width\":1004,\"height\":1016,\"caption\":\"gest\\u00e3o\"},{\"@type\":\"WebPage\",\"@id\":\"https:\/\/ambipar.com\/latam\/ambipar-environment-2\/softwares-de-gestion\/levantamiento-y-monitoreo-de-los-requisitos-legales-aplicables\/#webpage\",\"url\":\"https:\/\/ambipar.com\/latam\/ambipar-environment-2\/softwares-de-gestion\/levantamiento-y-monitoreo-de-los-requisitos-legales-aplicables\/\",\"name\":\"Levantamiento y Monitoreo de los Requisitos Legales Aplicables Ambipar\",\"isPartOf\":{\"@id\":\"https:\/\/ambipar.com\/latam\/#website\"},\"primaryImageOfPage\":{\"@id\":\"https:\/\/ambipar.com\/latam\/ambipar-environment-2\/softwares-de-gestion\/levantamiento-y-monitoreo-de-los-requisitos-legales-aplicables\/#primaryimage\"},\"datePublished\":\"2020-11-12T22:24:10+00:00\",\"dateModified\":\"2021-10-13T14:00:44+00:00\",\"description\":\"Su prop\\u00f3sito es identificar, analizar y monitorear la legislaci\\u00f3n aplicable al negocio del cliente, proporcionando ahorros\",\"breadcrumb\":{\"@id\":\"https:\/\/ambipar.com\/latam\/ambipar-environment-2\/softwares-de-gestion\/levantamiento-y-monitoreo-de-los-requisitos-legales-aplicables\/#breadcrumb\"},\"inLanguage\":\"es-CL\",\"potentialAction\":[{\"@type\":\"ReadAction\",\"target\":[\"https:\/\/ambipar.com\/latam\/ambipar-environment-2\/softwares-de-gestion\/levantamiento-y-monitoreo-de-los-requisitos-legales-aplicables\/\"]}]},{\"@type\":\"BreadcrumbList\",\"@id\":\"https:\/\/ambipar.com\/latam\/ambipar-environment-2\/softwares-de-gestion\/levantamiento-y-monitoreo-de-los-requisitos-legales-aplicables\/#breadcrumb\",\"itemListElement\":[{\"@type\":\"ListItem\",\"position\":1,\"name\":\"Home\",\"item\":\"https:\/\/ambipar.com\/latam\/\"},{\"@type\":\"ListItem\",\"position\":2,\"name\":\"Ambipar Environment\",\"item\":\"https:\/\/ambipar.com\/latam\/ambipar-environment-2\/\"},{\"@type\":\"ListItem\",\"position\":3,\"name\":\"Softwares de Gesti\\u00f3n\",\"item\":\"https:\/\/ambipar.com\/latam\/ambipar-environment-2\/softwares-de-gestion\/\"},{\"@type\":\"ListItem\",\"position\":4,\"name\":\"Levantamiento y Monitoreo de los Requisitos Legales Aplicables\"}]}]}<\/script>\n<!-- \/ Yoast SEO plugin. -->","yoast_head_json":{"title":"Levantamiento y Monitoreo de los Requisitos Legales Aplicables Ambipar","description":"Su prop\u00f3sito es identificar, analizar y monitorear la legislaci\u00f3n aplicable al negocio del cliente, proporcionando ahorros","robots":{"index":"index","follow":"follow","max-snippet":"max-snippet:-1","max-image-preview":"max-image-preview:large","max-video-preview":"max-video-preview:-1"},"canonical":"https:\/\/ambipar.com\/latam\/ambipar-environment-2\/softwares-de-gestion\/levantamiento-y-monitoreo-de-los-requisitos-legales-aplicables\/","og_locale":"es_ES","og_type":"article","og_title":"Levantamiento y Monitoreo de los Requisitos Legales Aplicables Ambipar","og_description":"Su prop\u00f3sito es identificar, analizar y monitorear la legislaci\u00f3n aplicable al negocio del cliente, proporcionando ahorros","og_url":"https:\/\/ambipar.com\/latam\/ambipar-environment-2\/softwares-de-gestion\/levantamiento-y-monitoreo-de-los-requisitos-legales-aplicables\/","og_site_name":"Ambipar. A l\u00edder em gest\u00e3o ambiental.","article_modified_time":"2021-10-13T14:00:44+00:00","og_image":[{"width":1004,"height":1016,"url":"https:\/\/ambipar.com\/latam\/wp-content\/uploads\/2020\/10\/gestao6.jpg","type":"image\/jpeg"}],"twitter_card":"summary_large_image","twitter_misc":{"Est. reading time":"1 minuto"},"schema":{"@context":"https:\/\/schema.org","@graph":[{"@type":"Organization","@id":"https:\/\/ambipar.com\/latam\/#organization","name":"Ambipar","url":"https:\/\/ambipar.com\/latam\/","sameAs":[],"logo":{"@type":"ImageObject","@id":"https:\/\/ambipar.com\/latam\/#logo","inLanguage":"es-CL","url":"https:\/\/ambipar.com\/latam\/wp-content\/uploads\/2020\/10\/ambipar_color.png","contentUrl":"https:\/\/ambipar.com\/latam\/wp-content\/uploads\/2020\/10\/ambipar_color.png","width":174,"height":107,"caption":"Ambipar"},"image":{"@id":"https:\/\/ambipar.com\/latam\/#logo"}},{"@type":"WebSite","@id":"https:\/\/ambipar.com\/latam\/#website","url":"https:\/\/ambipar.com\/latam\/","name":"Ambipar. A l\u00edder em gest\u00e3o ambiental.","description":"Pioneira em solu\u00e7\u00f5es ambientais, a Ambipar atua em todo o territ\u00f3rio nacional oferecendo solu\u00e7\u00f5es integradas para toda a cadeia de neg\u00f3cio.","publisher":{"@id":"https:\/\/ambipar.com\/latam\/#organization"},"potentialAction":[{"@type":"SearchAction","target":{"@type":"EntryPoint","urlTemplate":"https:\/\/ambipar.com\/latam\/?s={search_term_string}"},"query-input":"required name=search_term_string"}],"inLanguage":"es-CL"},{"@type":"ImageObject","@id":"https:\/\/ambipar.com\/latam\/ambipar-environment-2\/softwares-de-gestion\/levantamiento-y-monitoreo-de-los-requisitos-legales-aplicables\/#primaryimage","inLanguage":"es-CL","url":"https:\/\/ambipar.com\/latam\/wp-content\/uploads\/2020\/10\/gestao6.jpg","contentUrl":"https:\/\/ambipar.com\/latam\/wp-content\/uploads\/2020\/10\/gestao6.jpg","width":1004,"height":1016,"caption":"gest\u00e3o"},{"@type":"WebPage","@id":"https:\/\/ambipar.com\/latam\/ambipar-environment-2\/softwares-de-gestion\/levantamiento-y-monitoreo-de-los-requisitos-legales-aplicables\/#webpage","url":"https:\/\/ambipar.com\/latam\/ambipar-environment-2\/softwares-de-gestion\/levantamiento-y-monitoreo-de-los-requisitos-legales-aplicables\/","name":"Levantamiento y Monitoreo de los Requisitos Legales Aplicables Ambipar","isPartOf":{"@id":"https:\/\/ambipar.com\/latam\/#website"},"primaryImageOfPage":{"@id":"https:\/\/ambipar.com\/latam\/ambipar-environment-2\/softwares-de-gestion\/levantamiento-y-monitoreo-de-los-requisitos-legales-aplicables\/#primaryimage"},"datePublished":"2020-11-12T22:24:10+00:00","dateModified":"2021-10-13T14:00:44+00:00","description":"Su prop\u00f3sito es identificar, analizar y monitorear la legislaci\u00f3n aplicable al negocio del cliente, proporcionando ahorros","breadcrumb":{"@id":"https:\/\/ambipar.com\/latam\/ambipar-environment-2\/softwares-de-gestion\/levantamiento-y-monitoreo-de-los-requisitos-legales-aplicables\/#breadcrumb"},"inLanguage":"es-CL","potentialAction":[{"@type":"ReadAction","target":["https:\/\/ambipar.com\/latam\/ambipar-environment-2\/softwares-de-gestion\/levantamiento-y-monitoreo-de-los-requisitos-legales-aplicables\/"]}]},{"@type":"BreadcrumbList","@id":"https:\/\/ambipar.com\/latam\/ambipar-environment-2\/softwares-de-gestion\/levantamiento-y-monitoreo-de-los-requisitos-legales-aplicables\/#breadcrumb","itemListElement":[{"@type":"ListItem","position":1,"name":"Home","item":"https:\/\/ambipar.com\/latam\/"},{"@type":"ListItem","position":2,"name":"Ambipar Environment","item":"https:\/\/ambipar.com\/latam\/ambipar-environment-2\/"},{"@type":"ListItem","position":3,"name":"Softwares de Gesti\u00f3n","item":"https:\/\/ambipar.com\/latam\/ambipar-environment-2\/softwares-de-gestion\/"},{"@type":"ListItem","position":4,"name":"Levantamiento y Monitoreo de los Requisitos Legales Aplicables"}]}]}},"_links":{"self":[{"href":"https:\/\/ambipar.com\/latam\/wp-json\/wp\/v2\/pages\/1660"}],"collection":[{"href":"https:\/\/ambipar.com\/latam\/wp-json\/wp\/v2\/pages"}],"about":[{"href":"https:\/\/ambipar.com\/latam\/wp-json\/wp\/v2\/types\/page"}],"author":[{"embeddable":true,"href":"https:\/\/ambipar.com\/latam\/wp-json\/wp\/v2\/users\/1"}],"replies":[{"embeddable":true,"href":"https:\/\/ambipar.com\/latam\/wp-json\/wp\/v2\/comments?post=1660"}],"version-history":[{"count":4,"href":"https:\/\/ambipar.com\/latam\/wp-json\/wp\/v2\/pages\/1660\/revisions"}],"predecessor-version":[{"id":4160,"href":"https:\/\/ambipar.com\/latam\/wp-json\/wp\/v2\/pages\/1660\/revisions\/4160"}],"up":[{"embeddable":true,"href":"https:\/\/ambipar.com\/latam\/wp-json\/wp\/v2\/pages\/1612"}],"wp:featuredmedia":[{"embeddable":true,"href":"https:\/\/ambipar.com\/latam\/wp-json\/wp\/v2\/media\/315"}],"wp:attachment":[{"href":"https:\/\/ambipar.com\/latam\/wp-json\/wp\/v2\/media?parent=1660"}],"curies":[{"name":"wp","href":"https:\/\/api.w.org\/{rel}","templated":true}]}}