{"id":171,"date":"2020-10-27T19:34:00","date_gmt":"2020-10-27T22:34:00","guid":{"rendered":"https:\/\/ambipar.com\/latam\/?page_id=171"},"modified":"2021-01-05T20:12:51","modified_gmt":"2021-01-05T23:12:51","slug":"valorizacao-agronomica","status":"publish","type":"page","link":"https:\/\/ambipar.com\/latam\/pt\/ambipar-environment\/gestao-e-valorizacao-de-residuos\/valorizacao-agronomica\/","title":{"rendered":"Valoriza\u00e7\u00e3o Agron\u00f4mica"},"content":{"rendered":"\n<p>O processo de valoriza\u00e7\u00e3o agron\u00f4mica da Ambipar \u00e9 capaz de transformar os res\u00edduos org\u00e2nicos de seus clientes em fertilizantes org\u00e2nicos e condicionadores de solo bioestabilizados, certificado como insumo para a agricultura org\u00e2nica.<\/p>\n\n\n\n<div class=\"wp-block-image\"><figure class=\"aligncenter size-large\"><img width=\"449\" height=\"118\" src=\"https:\/\/ambipar.com\/latam\/wp-content\/uploads\/2020\/10\/valorizacaoaronomica.png\" alt=\"\" class=\"wp-image-182\" srcset=\"https:\/\/ambipar.com\/latam\/wp-content\/uploads\/2020\/10\/valorizacaoaronomica.png 449w, https:\/\/ambipar.com\/latam\/wp-content\/uploads\/2020\/10\/valorizacaoaronomica-250x66.png 250w, https:\/\/ambipar.com\/latam\/wp-content\/uploads\/2020\/10\/valorizacaoaronomica-120x32.png 120w\" sizes=\"(max-width: 449px) 100vw, 449px\" \/><\/figure><\/div>\n\n\n\n<p>A nossa linha Ecosolo permite a incorpora\u00e7\u00e3o dos res\u00edduos na cadeia produtiva, em diversas &nbsp;aplica\u00e7\u00f5es.<\/p>\n\n\n\n<figure class=\"wp-block-image size-large\"><img width=\"700\" height=\"570\" src=\"https:\/\/ambipar.com\/latam\/wp-content\/uploads\/2020\/10\/Ecosolo_mkp_sacarias_ecosolo1-700x570.png\" alt=\"\" class=\"wp-image-176\" srcset=\"https:\/\/ambipar.com\/latam\/wp-content\/uploads\/2020\/10\/Ecosolo_mkp_sacarias_ecosolo1-700x570.png 700w, https:\/\/ambipar.com\/latam\/wp-content\/uploads\/2020\/10\/Ecosolo_mkp_sacarias_ecosolo1-250x204.png 250w, https:\/\/ambipar.com\/latam\/wp-content\/uploads\/2020\/10\/Ecosolo_mkp_sacarias_ecosolo1-768x625.png 768w, https:\/\/ambipar.com\/latam\/wp-content\/uploads\/2020\/10\/Ecosolo_mkp_sacarias_ecosolo1-120x98.png 120w, https:\/\/ambipar.com\/latam\/wp-content\/uploads\/2020\/10\/Ecosolo_mkp_sacarias_ecosolo1.png 1200w\" sizes=\"(max-width: 700px) 100vw, 700px\" \/><\/figure>\n\n\n\n<p>O processo de valoriza\u00e7\u00e3o agron\u00f4mica da Ambipar tamb\u00e9m produz o Ecocorretivo, capaz de&nbsp; incorporar os res\u00edduos inorg\u00e2nicos dos clientes.<\/p>\n\n\n\n<figure class=\"wp-block-image size-large is-style-default\"><img width=\"602\" height=\"698\" src=\"https:\/\/ambipar.com\/latam\/wp-content\/uploads\/2020\/10\/valorizacaoagronomica2.png\" alt=\"\" class=\"wp-image-188\" srcset=\"https:\/\/ambipar.com\/latam\/wp-content\/uploads\/2020\/10\/valorizacaoagronomica2.png 602w, https:\/\/ambipar.com\/latam\/wp-content\/uploads\/2020\/10\/valorizacaoagronomica2-250x290.png 250w, https:\/\/ambipar.com\/latam\/wp-content\/uploads\/2020\/10\/valorizacaoagronomica2-120x139.png 120w\" sizes=\"(max-width: 602px) 100vw, 602px\" \/><\/figure>\n\n\n\n<p>Veja tamb\u00e9m:<\/p>\n\n\n\n<ul><li><a href=\"\/ambipar-environment\/gestao-e-valorizacao-de-residuos\/tratamento-de-residuos\/\">Tratamento de Res\u00edduos<\/a><\/li><li><a href=\"\/ambipar-environment\/gestao-e-valorizacao-de-residuos\/pesquisa-desenvolvimento-inovacao-pdi\/\">Pesquisa Desenvolvimento &amp; Inova\u00e7\u00e3o (PD&amp;I)<\/a><\/li><li><a href=\"https:\/\/ambipar.com\/latam\/ambipar-environment\/gestao-e-valorizacao-de-residuos\/engenharia-ambiental\">Engenharia Ambiental<\/a><\/li><\/ul>\n\n\n\n<p><\/p>\n","protected":false},"excerpt":{"rendered":"O processo de valoriza\u00e7\u00e3o agron\u00f4mica da Ambipar \u00e9 capaz de transformar os res\u00edduos org\u00e2nicos de seus clientes em fertilizantes org\u00e2nicos e condicionadores de solo bioestabilizados, certificado como insumo para a agricultura org\u00e2nica. A nossa linha Ecosolo permite a incorpora\u00e7\u00e3o dos res\u00edduos na cadeia produtiva, em diversas &nbsp;aplica\u00e7\u00f5es. O processo de valoriza\u00e7\u00e3o agron\u00f4mica da Ambipar tamb\u00e9m&#8230; <a class=\"view-article\" href=\"https:\/\/ambipar.com\/latam\/pt\/ambipar-environment\/gestao-e-valorizacao-de-residuos\/valorizacao-agronomica\/\">Ver art\u00edculo<\/a>","protected":false},"author":1,"featured_media":180,"parent":162,"menu_order":0,"comment_status":"closed","ping_status":"closed","template":"single-servicos.php","meta":[],"yoast_head":"<!-- This site is optimized with the Yoast SEO plugin v17.6 - https:\/\/yoast.com\/wordpress\/plugins\/seo\/ -->\n<title>Conhe\u00e7a o processo de Valoriza\u00e7\u00e3o Agron\u00f4mica da Ambipar<\/title>\n<meta name=\"description\" content=\"O processo de valoriza\u00e7\u00e3o agron\u00f4mica da Ambipar \u00e9 capaz de transformar os res\u00edduos org\u00e2nicos de seus clientes em fertilizantes org\u00e2nicos\" \/>\n<meta name=\"robots\" content=\"index, follow, max-snippet:-1, max-image-preview:large, max-video-preview:-1\" \/>\n<link rel=\"canonical\" href=\"https:\/\/ambipar.com\/latam\/pt\/ambipar-environment\/gestao-e-valorizacao-de-residuos\/valorizacao-agronomica\/\" \/>\n<meta property=\"og:locale\" content=\"es_ES\" \/>\n<meta property=\"og:type\" content=\"article\" \/>\n<meta property=\"og:title\" content=\"Conhe\u00e7a o processo de Valoriza\u00e7\u00e3o Agron\u00f4mica da Ambipar\" \/>\n<meta property=\"og:description\" content=\"O processo de valoriza\u00e7\u00e3o agron\u00f4mica da Ambipar \u00e9 capaz de transformar os res\u00edduos org\u00e2nicos de seus clientes em fertilizantes org\u00e2nicos\" \/>\n<meta property=\"og:url\" content=\"https:\/\/ambipar.com\/latam\/pt\/ambipar-environment\/gestao-e-valorizacao-de-residuos\/valorizacao-agronomica\/\" \/>\n<meta property=\"og:site_name\" content=\"Ambipar. A l\u00edder em gest\u00e3o ambiental.\" \/>\n<meta property=\"article:modified_time\" content=\"2021-01-05T23:12:51+00:00\" \/>\n<meta property=\"og:image\" content=\"https:\/\/ambipar.com\/latam\/wp-content\/uploads\/2020\/10\/isas.jpg\" \/>\n\t<meta property=\"og:image:width\" content=\"1000\" \/>\n\t<meta property=\"og:image:height\" content=\"1000\" \/>\n<meta name=\"twitter:card\" content=\"summary_large_image\" \/>\n<script type=\"application\/ld+json\" class=\"yoast-schema-graph\">{\"@context\":\"https:\/\/schema.org\",\"@graph\":[{\"@type\":\"Organization\",\"@id\":\"https:\/\/ambipar.com\/latam\/#organization\",\"name\":\"Ambipar\",\"url\":\"https:\/\/ambipar.com\/latam\/\",\"sameAs\":[],\"logo\":{\"@type\":\"ImageObject\",\"@id\":\"https:\/\/ambipar.com\/latam\/#logo\",\"inLanguage\":\"es-CL\",\"url\":\"https:\/\/ambipar.com\/latam\/wp-content\/uploads\/2020\/10\/ambipar_color.png\",\"contentUrl\":\"https:\/\/ambipar.com\/latam\/wp-content\/uploads\/2020\/10\/ambipar_color.png\",\"width\":174,\"height\":107,\"caption\":\"Ambipar\"},\"image\":{\"@id\":\"https:\/\/ambipar.com\/latam\/#logo\"}},{\"@type\":\"WebSite\",\"@id\":\"https:\/\/ambipar.com\/latam\/#website\",\"url\":\"https:\/\/ambipar.com\/latam\/\",\"name\":\"Ambipar. A l\\u00edder em gest\\u00e3o ambiental.\",\"description\":\"Pioneira em solu\\u00e7\\u00f5es ambientais, a Ambipar atua em todo o territ\\u00f3rio nacional oferecendo solu\\u00e7\\u00f5es integradas para toda a cadeia de neg\\u00f3cio.\",\"publisher\":{\"@id\":\"https:\/\/ambipar.com\/latam\/#organization\"},\"potentialAction\":[{\"@type\":\"SearchAction\",\"target\":{\"@type\":\"EntryPoint\",\"urlTemplate\":\"https:\/\/ambipar.com\/latam\/?s={search_term_string}\"},\"query-input\":\"required name=search_term_string\"}],\"inLanguage\":\"es-CL\"},{\"@type\":\"ImageObject\",\"@id\":\"https:\/\/ambipar.com\/latam\/pt\/ambipar-environment\/gestao-e-valorizacao-de-residuos\/valorizacao-agronomica\/#primaryimage\",\"inLanguage\":\"es-CL\",\"url\":\"https:\/\/ambipar.com\/latam\/wp-content\/uploads\/2020\/10\/isas.jpg\",\"contentUrl\":\"https:\/\/ambipar.com\/latam\/wp-content\/uploads\/2020\/10\/isas.jpg\",\"width\":1000,\"height\":1000,\"caption\":\"isas\"},{\"@type\":\"WebPage\",\"@id\":\"https:\/\/ambipar.com\/latam\/pt\/ambipar-environment\/gestao-e-valorizacao-de-residuos\/valorizacao-agronomica\/#webpage\",\"url\":\"https:\/\/ambipar.com\/latam\/pt\/ambipar-environment\/gestao-e-valorizacao-de-residuos\/valorizacao-agronomica\/\",\"name\":\"Conhe\\u00e7a o processo de Valoriza\\u00e7\\u00e3o Agron\\u00f4mica da Ambipar\",\"isPartOf\":{\"@id\":\"https:\/\/ambipar.com\/latam\/#website\"},\"primaryImageOfPage\":{\"@id\":\"https:\/\/ambipar.com\/latam\/pt\/ambipar-environment\/gestao-e-valorizacao-de-residuos\/valorizacao-agronomica\/#primaryimage\"},\"datePublished\":\"2020-10-27T22:34:00+00:00\",\"dateModified\":\"2021-01-05T23:12:51+00:00\",\"description\":\"O processo de valoriza\\u00e7\\u00e3o agron\\u00f4mica da Ambipar \\u00e9 capaz de transformar os res\\u00edduos org\\u00e2nicos de seus clientes em fertilizantes org\\u00e2nicos\",\"breadcrumb\":{\"@id\":\"https:\/\/ambipar.com\/latam\/pt\/ambipar-environment\/gestao-e-valorizacao-de-residuos\/valorizacao-agronomica\/#breadcrumb\"},\"inLanguage\":\"es-CL\",\"potentialAction\":[{\"@type\":\"ReadAction\",\"target\":[\"https:\/\/ambipar.com\/latam\/pt\/ambipar-environment\/gestao-e-valorizacao-de-residuos\/valorizacao-agronomica\/\"]}]},{\"@type\":\"BreadcrumbList\",\"@id\":\"https:\/\/ambipar.com\/latam\/pt\/ambipar-environment\/gestao-e-valorizacao-de-residuos\/valorizacao-agronomica\/#breadcrumb\",\"itemListElement\":[{\"@type\":\"ListItem\",\"position\":1,\"name\":\"Home\",\"item\":\"https:\/\/ambipar.com\/latam\/\"},{\"@type\":\"ListItem\",\"position\":2,\"name\":\"Ambipar Environment\",\"item\":\"https:\/\/ambipar.com\/latam\/pt\/ambipar-environment\/\"},{\"@type\":\"ListItem\",\"position\":3,\"name\":\"Gest\\u00e3o e Valoriza\\u00e7\\u00e3o de res\\u00edduos\",\"item\":\"https:\/\/ambipar.com\/latam\/pt\/ambipar-environment\/gestao-e-valorizacao-de-residuos\/\"},{\"@type\":\"ListItem\",\"position\":4,\"name\":\"Valoriza\\u00e7\\u00e3o Agron\\u00f4mica\"}]}]}<\/script>\n<!-- \/ Yoast SEO plugin. -->","yoast_head_json":{"title":"Conhe\u00e7a o processo de Valoriza\u00e7\u00e3o Agron\u00f4mica da Ambipar","description":"O processo de valoriza\u00e7\u00e3o agron\u00f4mica da Ambipar \u00e9 capaz de transformar os res\u00edduos org\u00e2nicos de seus clientes em fertilizantes org\u00e2nicos","robots":{"index":"index","follow":"follow","max-snippet":"max-snippet:-1","max-image-preview":"max-image-preview:large","max-video-preview":"max-video-preview:-1"},"canonical":"https:\/\/ambipar.com\/latam\/pt\/ambipar-environment\/gestao-e-valorizacao-de-residuos\/valorizacao-agronomica\/","og_locale":"es_ES","og_type":"article","og_title":"Conhe\u00e7a o processo de Valoriza\u00e7\u00e3o Agron\u00f4mica da Ambipar","og_description":"O processo de valoriza\u00e7\u00e3o agron\u00f4mica da Ambipar \u00e9 capaz de transformar os res\u00edduos org\u00e2nicos de seus clientes em fertilizantes org\u00e2nicos","og_url":"https:\/\/ambipar.com\/latam\/pt\/ambipar-environment\/gestao-e-valorizacao-de-residuos\/valorizacao-agronomica\/","og_site_name":"Ambipar. A l\u00edder em gest\u00e3o ambiental.","article_modified_time":"2021-01-05T23:12:51+00:00","og_image":[{"width":1000,"height":1000,"url":"https:\/\/ambipar.com\/latam\/wp-content\/uploads\/2020\/10\/isas.jpg","type":"image\/jpeg"}],"twitter_card":"summary_large_image","schema":{"@context":"https:\/\/schema.org","@graph":[{"@type":"Organization","@id":"https:\/\/ambipar.com\/latam\/#organization","name":"Ambipar","url":"https:\/\/ambipar.com\/latam\/","sameAs":[],"logo":{"@type":"ImageObject","@id":"https:\/\/ambipar.com\/latam\/#logo","inLanguage":"es-CL","url":"https:\/\/ambipar.com\/latam\/wp-content\/uploads\/2020\/10\/ambipar_color.png","contentUrl":"https:\/\/ambipar.com\/latam\/wp-content\/uploads\/2020\/10\/ambipar_color.png","width":174,"height":107,"caption":"Ambipar"},"image":{"@id":"https:\/\/ambipar.com\/latam\/#logo"}},{"@type":"WebSite","@id":"https:\/\/ambipar.com\/latam\/#website","url":"https:\/\/ambipar.com\/latam\/","name":"Ambipar. A l\u00edder em gest\u00e3o ambiental.","description":"Pioneira em solu\u00e7\u00f5es ambientais, a Ambipar atua em todo o territ\u00f3rio nacional oferecendo solu\u00e7\u00f5es integradas para toda a cadeia de neg\u00f3cio.","publisher":{"@id":"https:\/\/ambipar.com\/latam\/#organization"},"potentialAction":[{"@type":"SearchAction","target":{"@type":"EntryPoint","urlTemplate":"https:\/\/ambipar.com\/latam\/?s={search_term_string}"},"query-input":"required name=search_term_string"}],"inLanguage":"es-CL"},{"@type":"ImageObject","@id":"https:\/\/ambipar.com\/latam\/pt\/ambipar-environment\/gestao-e-valorizacao-de-residuos\/valorizacao-agronomica\/#primaryimage","inLanguage":"es-CL","url":"https:\/\/ambipar.com\/latam\/wp-content\/uploads\/2020\/10\/isas.jpg","contentUrl":"https:\/\/ambipar.com\/latam\/wp-content\/uploads\/2020\/10\/isas.jpg","width":1000,"height":1000,"caption":"isas"},{"@type":"WebPage","@id":"https:\/\/ambipar.com\/latam\/pt\/ambipar-environment\/gestao-e-valorizacao-de-residuos\/valorizacao-agronomica\/#webpage","url":"https:\/\/ambipar.com\/latam\/pt\/ambipar-environment\/gestao-e-valorizacao-de-residuos\/valorizacao-agronomica\/","name":"Conhe\u00e7a o processo de Valoriza\u00e7\u00e3o Agron\u00f4mica da Ambipar","isPartOf":{"@id":"https:\/\/ambipar.com\/latam\/#website"},"primaryImageOfPage":{"@id":"https:\/\/ambipar.com\/latam\/pt\/ambipar-environment\/gestao-e-valorizacao-de-residuos\/valorizacao-agronomica\/#primaryimage"},"datePublished":"2020-10-27T22:34:00+00:00","dateModified":"2021-01-05T23:12:51+00:00","description":"O processo de valoriza\u00e7\u00e3o agron\u00f4mica da Ambipar \u00e9 capaz de transformar os res\u00edduos org\u00e2nicos de seus clientes em fertilizantes org\u00e2nicos","breadcrumb":{"@id":"https:\/\/ambipar.com\/latam\/pt\/ambipar-environment\/gestao-e-valorizacao-de-residuos\/valorizacao-agronomica\/#breadcrumb"},"inLanguage":"es-CL","potentialAction":[{"@type":"ReadAction","target":["https:\/\/ambipar.com\/latam\/pt\/ambipar-environment\/gestao-e-valorizacao-de-residuos\/valorizacao-agronomica\/"]}]},{"@type":"BreadcrumbList","@id":"https:\/\/ambipar.com\/latam\/pt\/ambipar-environment\/gestao-e-valorizacao-de-residuos\/valorizacao-agronomica\/#breadcrumb","itemListElement":[{"@type":"ListItem","position":1,"name":"Home","item":"https:\/\/ambipar.com\/latam\/"},{"@type":"ListItem","position":2,"name":"Ambipar Environment","item":"https:\/\/ambipar.com\/latam\/pt\/ambipar-environment\/"},{"@type":"ListItem","position":3,"name":"Gest\u00e3o e Valoriza\u00e7\u00e3o de res\u00edduos","item":"https:\/\/ambipar.com\/latam\/pt\/ambipar-environment\/gestao-e-valorizacao-de-residuos\/"},{"@type":"ListItem","position":4,"name":"Valoriza\u00e7\u00e3o Agron\u00f4mica"}]}]}},"_links":{"self":[{"href":"https:\/\/ambipar.com\/latam\/wp-json\/wp\/v2\/pages\/171"}],"collection":[{"href":"https:\/\/ambipar.com\/latam\/wp-json\/wp\/v2\/pages"}],"about":[{"href":"https:\/\/ambipar.com\/latam\/wp-json\/wp\/v2\/types\/page"}],"author":[{"embeddable":true,"href":"https:\/\/ambipar.com\/latam\/wp-json\/wp\/v2\/users\/1"}],"replies":[{"embeddable":true,"href":"https:\/\/ambipar.com\/latam\/wp-json\/wp\/v2\/comments?post=171"}],"version-history":[{"count":15,"href":"https:\/\/ambipar.com\/latam\/wp-json\/wp\/v2\/pages\/171\/revisions"}],"predecessor-version":[{"id":361,"href":"https:\/\/ambipar.com\/latam\/wp-json\/wp\/v2\/pages\/171\/revisions\/361"}],"up":[{"embeddable":true,"href":"https:\/\/ambipar.com\/latam\/wp-json\/wp\/v2\/pages\/162"}],"wp:featuredmedia":[{"embeddable":true,"href":"https:\/\/ambipar.com\/latam\/wp-json\/wp\/v2\/media\/180"}],"wp:attachment":[{"href":"https:\/\/ambipar.com\/latam\/wp-json\/wp\/v2\/media?parent=171"}],"curies":[{"name":"wp","href":"https:\/\/api.w.org\/{rel}","templated":true}]}}