{"id":1713,"date":"2020-11-12T20:26:24","date_gmt":"2020-11-12T23:26:24","guid":{"rendered":"https:\/\/ambipar.com\/latam\/?page_id=1713"},"modified":"2021-01-05T20:09:07","modified_gmt":"2021-01-05T23:09:07","slug":"laboratory-analysis","status":"publish","type":"page","link":"https:\/\/ambipar.com\/latam\/en\/ambipar-environment\/gestao-e-valorizacao-de-residuos\/engenharia-ambiental\/laboratory-analysis\/","title":{"rendered":"Laboratory analysis"},"content":{"rendered":"\n<p>In addition to the full range of services provided by Ambipar, we perform the management of laboratory analyzes, being:<\/p>\n\n\n\n<ul><li>Ground<\/li><li>Water and industrial and sanitary effluents<\/li><li>Solid and liquid waste<\/li><li>Gaseous and atmospheric effluents, etc.<\/li><\/ul>\n\n\n\n<p>We have in our database the best laboratories in Latin America, operating throughout this territory and certified by ISO 17025 in all parameters of its scope, including collection.<\/p>\n\n\n\n<p>See too: <\/p>\n\n\n\n<ul id=\"block-a09227fe-2846-4cd8-814e-ae901d5ee880\"><li><a href=\"https:\/\/ambipar.com\/latam\/en\/ambipar-environment\/gestao-e-valorizacao-de-residuos\/engenharia-ambiental\/waste-characterization-and-classification\/\">Waste characterization and classification<\/a><\/li><li><a href=\"https:\/\/ambipar.com\/latam\/en\/ambipar-environment\/gestao-e-valorizacao-de-residuos\/engenharia-ambiental\/fdsr---waste-safety-data-sheet\/\">FDSR &#8211; Waste Safety Data Sheet<\/a><\/li><li><a href=\"https:\/\/ambipar.com\/latam\/en\/ambipar-environment\/gestao-e-valorizacao-de-residuos\/engenharia-ambiental\/pgrs---solid-waste-management-program\/\">PGRS &#8211; Solid Waste Management Program<\/a><\/li><li><a href=\"https:\/\/ambipar.com\/latam\/en\/ambipar-environment\/gestao-e-valorizacao-de-residuos\/engenharia-ambiental\/environmental-licensing\/\">Environmental Licensing<\/a><\/li><li><a href=\"https:\/\/ambipar.com\/latam\/en\/ambipar-environment\/gestao-e-valorizacao-de-residuos\/engenharia-ambiental\/design-and-execution-ete-treatment-plants-composting-yards\/\">Design and Execution (ETE, Treatment plants, Composting yards)<\/a><\/li><li><a href=\"https:\/\/ambipar.com\/latam\/en\/ambipar-environment\/gestao-e-valorizacao-de-residuos\/engenharia-ambiental\/dredging-and-de-silting-of-water-bodies\/\">Dredging and de-silting of water bodies<\/a><\/li><\/ul>\n","protected":false},"excerpt":{"rendered":"In addition to the full range of services provided by Ambipar, we perform the management of laboratory analyzes, being: Ground Water and industrial and sanitary effluents Solid and liquid waste Gaseous and atmospheric effluents, etc. We have in our database the best laboratories in Latin America, operating throughout this territory and certified by ISO 17025&#8230; <a class=\"view-article\" href=\"https:\/\/ambipar.com\/latam\/en\/ambipar-environment\/gestao-e-valorizacao-de-residuos\/engenharia-ambiental\/laboratory-analysis\/\">Ver art\u00edculo<\/a>","protected":false},"author":1,"featured_media":1312,"parent":362,"menu_order":0,"comment_status":"closed","ping_status":"closed","template":"single-servicos.php","meta":[],"yoast_head":"<!-- This site is optimized with the Yoast SEO plugin v17.6 - https:\/\/yoast.com\/wordpress\/plugins\/seo\/ -->\n<title>Discover Ambipar Environment&#039;s Laboratory analysis services<\/title>\n<meta name=\"description\" content=\"We perform the management of laboratory analyzes, having in our database the best laboratories in Latin America.\" \/>\n<meta name=\"robots\" content=\"index, follow, max-snippet:-1, max-image-preview:large, max-video-preview:-1\" \/>\n<link rel=\"canonical\" href=\"https:\/\/ambipar.com\/latam\/en\/ambipar-environment\/gestao-e-valorizacao-de-residuos\/engenharia-ambiental\/laboratory-analysis\/\" \/>\n<meta property=\"og:locale\" content=\"es_ES\" \/>\n<meta property=\"og:type\" content=\"article\" \/>\n<meta property=\"og:title\" content=\"Discover Ambipar Environment&#039;s Laboratory analysis services\" \/>\n<meta property=\"og:description\" content=\"We perform the management of laboratory analyzes, having in our database the best laboratories in Latin America.\" \/>\n<meta property=\"og:url\" content=\"https:\/\/ambipar.com\/latam\/en\/ambipar-environment\/gestao-e-valorizacao-de-residuos\/engenharia-ambiental\/laboratory-analysis\/\" \/>\n<meta property=\"og:site_name\" content=\"Ambipar. A l\u00edder em gest\u00e3o ambiental.\" \/>\n<meta property=\"article:modified_time\" content=\"2021-01-05T23:09:07+00:00\" \/>\n<meta property=\"og:image\" content=\"https:\/\/ambipar.com\/latam\/wp-content\/uploads\/2020\/11\/pesquisa_desenvolvimento_nova-1.jpg\" \/>\n\t<meta property=\"og:image:width\" content=\"1006\" \/>\n\t<meta property=\"og:image:height\" content=\"1006\" \/>\n<meta name=\"twitter:card\" content=\"summary_large_image\" \/>\n<script type=\"application\/ld+json\" class=\"yoast-schema-graph\">{\"@context\":\"https:\/\/schema.org\",\"@graph\":[{\"@type\":\"Organization\",\"@id\":\"https:\/\/ambipar.com\/latam\/#organization\",\"name\":\"Ambipar\",\"url\":\"https:\/\/ambipar.com\/latam\/\",\"sameAs\":[],\"logo\":{\"@type\":\"ImageObject\",\"@id\":\"https:\/\/ambipar.com\/latam\/#logo\",\"inLanguage\":\"es-CL\",\"url\":\"https:\/\/ambipar.com\/latam\/wp-content\/uploads\/2020\/10\/ambipar_color.png\",\"contentUrl\":\"https:\/\/ambipar.com\/latam\/wp-content\/uploads\/2020\/10\/ambipar_color.png\",\"width\":174,\"height\":107,\"caption\":\"Ambipar\"},\"image\":{\"@id\":\"https:\/\/ambipar.com\/latam\/#logo\"}},{\"@type\":\"WebSite\",\"@id\":\"https:\/\/ambipar.com\/latam\/#website\",\"url\":\"https:\/\/ambipar.com\/latam\/\",\"name\":\"Ambipar. A l\\u00edder em gest\\u00e3o ambiental.\",\"description\":\"Pioneira em solu\\u00e7\\u00f5es ambientais, a Ambipar atua em todo o territ\\u00f3rio nacional oferecendo solu\\u00e7\\u00f5es integradas para toda a cadeia de neg\\u00f3cio.\",\"publisher\":{\"@id\":\"https:\/\/ambipar.com\/latam\/#organization\"},\"potentialAction\":[{\"@type\":\"SearchAction\",\"target\":{\"@type\":\"EntryPoint\",\"urlTemplate\":\"https:\/\/ambipar.com\/latam\/?s={search_term_string}\"},\"query-input\":\"required name=search_term_string\"}],\"inLanguage\":\"es-CL\"},{\"@type\":\"ImageObject\",\"@id\":\"https:\/\/ambipar.com\/latam\/en\/ambipar-environment\/gestao-e-valorizacao-de-residuos\/engenharia-ambiental\/laboratory-analysis\/#primaryimage\",\"inLanguage\":\"es-CL\",\"url\":\"https:\/\/ambipar.com\/latam\/wp-content\/uploads\/2020\/11\/pesquisa_desenvolvimento_nova-1.jpg\",\"contentUrl\":\"https:\/\/ambipar.com\/latam\/wp-content\/uploads\/2020\/11\/pesquisa_desenvolvimento_nova-1.jpg\",\"width\":1006,\"height\":1006,\"caption\":\"Pesquisa desenvolvimento nova\"},{\"@type\":\"WebPage\",\"@id\":\"https:\/\/ambipar.com\/latam\/en\/ambipar-environment\/gestao-e-valorizacao-de-residuos\/engenharia-ambiental\/laboratory-analysis\/#webpage\",\"url\":\"https:\/\/ambipar.com\/latam\/en\/ambipar-environment\/gestao-e-valorizacao-de-residuos\/engenharia-ambiental\/laboratory-analysis\/\",\"name\":\"Discover Ambipar Environment's Laboratory analysis services\",\"isPartOf\":{\"@id\":\"https:\/\/ambipar.com\/latam\/#website\"},\"primaryImageOfPage\":{\"@id\":\"https:\/\/ambipar.com\/latam\/en\/ambipar-environment\/gestao-e-valorizacao-de-residuos\/engenharia-ambiental\/laboratory-analysis\/#primaryimage\"},\"datePublished\":\"2020-11-12T23:26:24+00:00\",\"dateModified\":\"2021-01-05T23:09:07+00:00\",\"description\":\"We perform the management of laboratory analyzes, having in our database the best laboratories in Latin America.\",\"breadcrumb\":{\"@id\":\"https:\/\/ambipar.com\/latam\/en\/ambipar-environment\/gestao-e-valorizacao-de-residuos\/engenharia-ambiental\/laboratory-analysis\/#breadcrumb\"},\"inLanguage\":\"es-CL\",\"potentialAction\":[{\"@type\":\"ReadAction\",\"target\":[\"https:\/\/ambipar.com\/latam\/en\/ambipar-environment\/gestao-e-valorizacao-de-residuos\/engenharia-ambiental\/laboratory-analysis\/\"]}]},{\"@type\":\"BreadcrumbList\",\"@id\":\"https:\/\/ambipar.com\/latam\/en\/ambipar-environment\/gestao-e-valorizacao-de-residuos\/engenharia-ambiental\/laboratory-analysis\/#breadcrumb\",\"itemListElement\":[{\"@type\":\"ListItem\",\"position\":1,\"name\":\"Home\",\"item\":\"https:\/\/ambipar.com\/latam\/\"},{\"@type\":\"ListItem\",\"position\":2,\"name\":\"Ambipar Environment\",\"item\":\"https:\/\/ambipar.com\/latam\/pt\/ambipar-environment\/\"},{\"@type\":\"ListItem\",\"position\":3,\"name\":\"Gest\\u00e3o e Valoriza\\u00e7\\u00e3o de res\\u00edduos\",\"item\":\"https:\/\/ambipar.com\/latam\/pt\/ambipar-environment\/gestao-e-valorizacao-de-residuos\/\"},{\"@type\":\"ListItem\",\"position\":4,\"name\":\"Engenharia Ambiental\",\"item\":\"https:\/\/ambipar.com\/latam\/pt\/ambipar-environment\/gestao-e-valorizacao-de-residuos\/engenharia-ambiental\/\"},{\"@type\":\"ListItem\",\"position\":5,\"name\":\"Laboratory analysis\"}]}]}<\/script>\n<!-- \/ Yoast SEO plugin. -->","yoast_head_json":{"title":"Discover Ambipar Environment's Laboratory analysis services","description":"We perform the management of laboratory analyzes, having in our database the best laboratories in Latin America.","robots":{"index":"index","follow":"follow","max-snippet":"max-snippet:-1","max-image-preview":"max-image-preview:large","max-video-preview":"max-video-preview:-1"},"canonical":"https:\/\/ambipar.com\/latam\/en\/ambipar-environment\/gestao-e-valorizacao-de-residuos\/engenharia-ambiental\/laboratory-analysis\/","og_locale":"es_ES","og_type":"article","og_title":"Discover Ambipar Environment's Laboratory analysis services","og_description":"We perform the management of laboratory analyzes, having in our database the best laboratories in Latin America.","og_url":"https:\/\/ambipar.com\/latam\/en\/ambipar-environment\/gestao-e-valorizacao-de-residuos\/engenharia-ambiental\/laboratory-analysis\/","og_site_name":"Ambipar. A l\u00edder em gest\u00e3o ambiental.","article_modified_time":"2021-01-05T23:09:07+00:00","og_image":[{"width":1006,"height":1006,"url":"https:\/\/ambipar.com\/latam\/wp-content\/uploads\/2020\/11\/pesquisa_desenvolvimento_nova-1.jpg","type":"image\/jpeg"}],"twitter_card":"summary_large_image","schema":{"@context":"https:\/\/schema.org","@graph":[{"@type":"Organization","@id":"https:\/\/ambipar.com\/latam\/#organization","name":"Ambipar","url":"https:\/\/ambipar.com\/latam\/","sameAs":[],"logo":{"@type":"ImageObject","@id":"https:\/\/ambipar.com\/latam\/#logo","inLanguage":"es-CL","url":"https:\/\/ambipar.com\/latam\/wp-content\/uploads\/2020\/10\/ambipar_color.png","contentUrl":"https:\/\/ambipar.com\/latam\/wp-content\/uploads\/2020\/10\/ambipar_color.png","width":174,"height":107,"caption":"Ambipar"},"image":{"@id":"https:\/\/ambipar.com\/latam\/#logo"}},{"@type":"WebSite","@id":"https:\/\/ambipar.com\/latam\/#website","url":"https:\/\/ambipar.com\/latam\/","name":"Ambipar. A l\u00edder em gest\u00e3o ambiental.","description":"Pioneira em solu\u00e7\u00f5es ambientais, a Ambipar atua em todo o territ\u00f3rio nacional oferecendo solu\u00e7\u00f5es integradas para toda a cadeia de neg\u00f3cio.","publisher":{"@id":"https:\/\/ambipar.com\/latam\/#organization"},"potentialAction":[{"@type":"SearchAction","target":{"@type":"EntryPoint","urlTemplate":"https:\/\/ambipar.com\/latam\/?s={search_term_string}"},"query-input":"required name=search_term_string"}],"inLanguage":"es-CL"},{"@type":"ImageObject","@id":"https:\/\/ambipar.com\/latam\/en\/ambipar-environment\/gestao-e-valorizacao-de-residuos\/engenharia-ambiental\/laboratory-analysis\/#primaryimage","inLanguage":"es-CL","url":"https:\/\/ambipar.com\/latam\/wp-content\/uploads\/2020\/11\/pesquisa_desenvolvimento_nova-1.jpg","contentUrl":"https:\/\/ambipar.com\/latam\/wp-content\/uploads\/2020\/11\/pesquisa_desenvolvimento_nova-1.jpg","width":1006,"height":1006,"caption":"Pesquisa desenvolvimento nova"},{"@type":"WebPage","@id":"https:\/\/ambipar.com\/latam\/en\/ambipar-environment\/gestao-e-valorizacao-de-residuos\/engenharia-ambiental\/laboratory-analysis\/#webpage","url":"https:\/\/ambipar.com\/latam\/en\/ambipar-environment\/gestao-e-valorizacao-de-residuos\/engenharia-ambiental\/laboratory-analysis\/","name":"Discover Ambipar Environment's Laboratory analysis services","isPartOf":{"@id":"https:\/\/ambipar.com\/latam\/#website"},"primaryImageOfPage":{"@id":"https:\/\/ambipar.com\/latam\/en\/ambipar-environment\/gestao-e-valorizacao-de-residuos\/engenharia-ambiental\/laboratory-analysis\/#primaryimage"},"datePublished":"2020-11-12T23:26:24+00:00","dateModified":"2021-01-05T23:09:07+00:00","description":"We perform the management of laboratory analyzes, having in our database the best laboratories in Latin America.","breadcrumb":{"@id":"https:\/\/ambipar.com\/latam\/en\/ambipar-environment\/gestao-e-valorizacao-de-residuos\/engenharia-ambiental\/laboratory-analysis\/#breadcrumb"},"inLanguage":"es-CL","potentialAction":[{"@type":"ReadAction","target":["https:\/\/ambipar.com\/latam\/en\/ambipar-environment\/gestao-e-valorizacao-de-residuos\/engenharia-ambiental\/laboratory-analysis\/"]}]},{"@type":"BreadcrumbList","@id":"https:\/\/ambipar.com\/latam\/en\/ambipar-environment\/gestao-e-valorizacao-de-residuos\/engenharia-ambiental\/laboratory-analysis\/#breadcrumb","itemListElement":[{"@type":"ListItem","position":1,"name":"Home","item":"https:\/\/ambipar.com\/latam\/"},{"@type":"ListItem","position":2,"name":"Ambipar Environment","item":"https:\/\/ambipar.com\/latam\/pt\/ambipar-environment\/"},{"@type":"ListItem","position":3,"name":"Gest\u00e3o e Valoriza\u00e7\u00e3o de res\u00edduos","item":"https:\/\/ambipar.com\/latam\/pt\/ambipar-environment\/gestao-e-valorizacao-de-residuos\/"},{"@type":"ListItem","position":4,"name":"Engenharia Ambiental","item":"https:\/\/ambipar.com\/latam\/pt\/ambipar-environment\/gestao-e-valorizacao-de-residuos\/engenharia-ambiental\/"},{"@type":"ListItem","position":5,"name":"Laboratory analysis"}]}]}},"_links":{"self":[{"href":"https:\/\/ambipar.com\/latam\/wp-json\/wp\/v2\/pages\/1713"}],"collection":[{"href":"https:\/\/ambipar.com\/latam\/wp-json\/wp\/v2\/pages"}],"about":[{"href":"https:\/\/ambipar.com\/latam\/wp-json\/wp\/v2\/types\/page"}],"author":[{"embeddable":true,"href":"https:\/\/ambipar.com\/latam\/wp-json\/wp\/v2\/users\/1"}],"replies":[{"embeddable":true,"href":"https:\/\/ambipar.com\/latam\/wp-json\/wp\/v2\/comments?post=1713"}],"version-history":[{"count":5,"href":"https:\/\/ambipar.com\/latam\/wp-json\/wp\/v2\/pages\/1713\/revisions"}],"predecessor-version":[{"id":1800,"href":"https:\/\/ambipar.com\/latam\/wp-json\/wp\/v2\/pages\/1713\/revisions\/1800"}],"up":[{"embeddable":true,"href":"https:\/\/ambipar.com\/latam\/wp-json\/wp\/v2\/pages\/362"}],"wp:featuredmedia":[{"embeddable":true,"href":"https:\/\/ambipar.com\/latam\/wp-json\/wp\/v2\/media\/1312"}],"wp:attachment":[{"href":"https:\/\/ambipar.com\/latam\/wp-json\/wp\/v2\/media?parent=1713"}],"curies":[{"name":"wp","href":"https:\/\/api.w.org\/{rel}","templated":true}]}}