{"id":1724,"date":"2020-11-12T20:43:30","date_gmt":"2020-11-12T23:43:30","guid":{"rendered":"https:\/\/ambipar.com\/latam\/?page_id=1724"},"modified":"2021-10-13T10:29:26","modified_gmt":"2021-10-13T13:29:26","slug":"caracterizacion-y-clasificacion-de-residuos","status":"publish","type":"page","link":"https:\/\/ambipar.com\/latam\/ambipar-environment-2\/gestion-y-valoracion-de-residuos\/ingenieria-ambiental\/caracterizacion-y-clasificacion-de-residuos\/","title":{"rendered":"Caracterizaci\u00f3n y Clasificaci\u00f3n de residuos"},"content":{"rendered":"\n<p>Ambipar dispone de una amplia estructura de recogida y an\u00e1lisis para los m\u00e1s variados tipos de residuos. A trav\u00e9s de laboratorios asociados, ofrecemos a nuestros clientes:<\/p>\n\n\n\n<ul><li>Residuos s\u00f3lidos &#8211; Clasificaci\u00f3n &#8211; Norma ABNT NBR 10.004 \/ 04<\/li><li>An\u00e1lisis para coprocesamiento &#8211; IAP CEMA 76\/09; DN COPAM 154\/10<\/li><li>An\u00e1lisis agr\u00edcola para compostaje<\/li><li>Otros bajo demanda<\/li><\/ul>\n\n\n\n<p>Vea tambi\u00e9n: <\/p>\n\n\n\n<ul id=\"block-a09227fe-2846-4cd8-814e-ae901d5ee880\"><li><a href=\"https:\/\/ambipar.com\/latam\/ambipar-environment-2\/gestion-y-valoracion-de-residuos\/ingenieria-ambiental\/analisis-de-laboratorio\/\">An\u00e1lisis de laboratorio<\/a><\/li><li><a href=\"https:\/\/ambipar.com\/latam\/ambipar-environment-2\/gestion-y-valoracion-de-residuos\/ingenieria-ambiental\/fdsr-ficha-de-datos-de-seguridad-de-residuos\/\">FDSR &#8211; Ficha de Datos de Seguridad de Residuos<\/a><\/li><li><a href=\"https:\/\/ambipar.com\/latam\/ambipar-environment-2\/gestion-y-valoracion-de-residuos\/ingenieria-ambiental\/pgrs-programa-de-manejo-de-residuos-solidos\/\">PGRS &#8211; Programa de Manejo de Residuos S\u00f3lidos<\/a><\/li><li><a href=\"https:\/\/ambipar.com\/latam\/ambipar-environment-2\/gestion-y-valoracion-de-residuos\/ingenieria-ambiental\/licencia-ambiental\/\">Licencias ambientales<\/a><\/li><li><a href=\"https:\/\/ambipar.com\/latam\/ambipar-environment-2\/gestion-y-valoracion-de-residuos\/ingenieria-ambiental\/diseno-y-ejecucion-ete-plantas-de-tratamiento-patios-de-compostaje\/\">Dise\u00f1o y Ejecuci\u00f3n (ETE, Plantas de tratamiento, Patios de compostaje)<\/a><\/li><li><a href=\"https:\/\/ambipar.com\/latam\/ambipar-environment-2\/gestion-y-valoracion-de-residuos\/ingenieria-ambiental\/dragado-y-eliminacion-de-sedimentos-de-cuerpos-de-agua\/\">Dragado y eliminaci\u00f3n de sedimentos de cuerpos de agua<\/a><\/li><li><\/li><\/ul>\n","protected":false},"excerpt":{"rendered":"Ambipar dispone de una amplia estructura de recogida y an\u00e1lisis para los m\u00e1s variados tipos de residuos. A trav\u00e9s de laboratorios asociados, ofrecemos a nuestros clientes: Residuos s\u00f3lidos &#8211; Clasificaci\u00f3n &#8211; Norma ABNT NBR 10.004 \/ 04 An\u00e1lisis para coprocesamiento &#8211; IAP CEMA 76\/09; DN COPAM 154\/10 An\u00e1lisis agr\u00edcola para compostaje Otros bajo demanda Vea&#8230; <a class=\"view-article\" href=\"https:\/\/ambipar.com\/latam\/ambipar-environment-2\/gestion-y-valoracion-de-residuos\/ingenieria-ambiental\/caracterizacion-y-clasificacion-de-residuos\/\">Ver art\u00edculo<\/a>","protected":false},"author":1,"featured_media":169,"parent":1506,"menu_order":0,"comment_status":"closed","ping_status":"closed","template":"single-servicos.php","meta":[],"yoast_head":"<!-- This site is optimized with the Yoast SEO plugin v17.6 - https:\/\/yoast.com\/wordpress\/plugins\/seo\/ -->\n<title>Descubra servicios de Caracterizaci\u00f3n Clasificaci\u00f3n de residuos Ambipar<\/title>\n<meta name=\"description\" content=\"A trav\u00e9s de laboratorios asociados, Ambipar cuenta con una amplia estructura de recolecci\u00f3n y an\u00e1lisis para variados tipos de residuos.\" \/>\n<meta name=\"robots\" content=\"index, follow, max-snippet:-1, max-image-preview:large, max-video-preview:-1\" \/>\n<link rel=\"canonical\" href=\"https:\/\/ambipar.com\/latam\/ambipar-environment-2\/gestion-y-valoracion-de-residuos\/ingenieria-ambiental\/caracterizacion-y-clasificacion-de-residuos\/\" \/>\n<meta property=\"og:locale\" content=\"es_ES\" \/>\n<meta property=\"og:type\" content=\"article\" \/>\n<meta property=\"og:title\" content=\"Descubra servicios de Caracterizaci\u00f3n Clasificaci\u00f3n de residuos Ambipar\" \/>\n<meta property=\"og:description\" content=\"A trav\u00e9s de laboratorios asociados, Ambipar cuenta con una amplia estructura de recolecci\u00f3n y an\u00e1lisis para variados tipos de residuos.\" \/>\n<meta property=\"og:url\" content=\"https:\/\/ambipar.com\/latam\/ambipar-environment-2\/gestion-y-valoracion-de-residuos\/ingenieria-ambiental\/caracterizacion-y-clasificacion-de-residuos\/\" \/>\n<meta property=\"og:site_name\" content=\"Ambipar. A l\u00edder em gest\u00e3o ambiental.\" \/>\n<meta property=\"article:modified_time\" content=\"2021-10-13T13:29:26+00:00\" \/>\n<meta property=\"og:image\" content=\"https:\/\/ambipar.com\/latam\/wp-content\/uploads\/2020\/10\/tratamentoResiduos.jpg\" \/>\n\t<meta property=\"og:image:width\" content=\"1006\" \/>\n\t<meta property=\"og:image:height\" content=\"896\" \/>\n<meta name=\"twitter:card\" content=\"summary_large_image\" \/>\n<meta name=\"twitter:label1\" content=\"Est. reading time\" \/>\n\t<meta name=\"twitter:data1\" content=\"1 minuto\" \/>\n<script type=\"application\/ld+json\" class=\"yoast-schema-graph\">{\"@context\":\"https:\/\/schema.org\",\"@graph\":[{\"@type\":\"Organization\",\"@id\":\"https:\/\/ambipar.com\/latam\/#organization\",\"name\":\"Ambipar\",\"url\":\"https:\/\/ambipar.com\/latam\/\",\"sameAs\":[],\"logo\":{\"@type\":\"ImageObject\",\"@id\":\"https:\/\/ambipar.com\/latam\/#logo\",\"inLanguage\":\"es-CL\",\"url\":\"https:\/\/ambipar.com\/latam\/wp-content\/uploads\/2020\/10\/ambipar_color.png\",\"contentUrl\":\"https:\/\/ambipar.com\/latam\/wp-content\/uploads\/2020\/10\/ambipar_color.png\",\"width\":174,\"height\":107,\"caption\":\"Ambipar\"},\"image\":{\"@id\":\"https:\/\/ambipar.com\/latam\/#logo\"}},{\"@type\":\"WebSite\",\"@id\":\"https:\/\/ambipar.com\/latam\/#website\",\"url\":\"https:\/\/ambipar.com\/latam\/\",\"name\":\"Ambipar. A l\\u00edder em gest\\u00e3o ambiental.\",\"description\":\"Pioneira em solu\\u00e7\\u00f5es ambientais, a Ambipar atua em todo o territ\\u00f3rio nacional oferecendo solu\\u00e7\\u00f5es integradas para toda a cadeia de neg\\u00f3cio.\",\"publisher\":{\"@id\":\"https:\/\/ambipar.com\/latam\/#organization\"},\"potentialAction\":[{\"@type\":\"SearchAction\",\"target\":{\"@type\":\"EntryPoint\",\"urlTemplate\":\"https:\/\/ambipar.com\/latam\/?s={search_term_string}\"},\"query-input\":\"required name=search_term_string\"}],\"inLanguage\":\"es-CL\"},{\"@type\":\"ImageObject\",\"@id\":\"https:\/\/ambipar.com\/latam\/ambipar-environment-2\/gestion-y-valoracion-de-residuos\/ingenieria-ambiental\/caracterizacion-y-clasificacion-de-residuos\/#primaryimage\",\"inLanguage\":\"es-CL\",\"url\":\"https:\/\/ambipar.com\/latam\/wp-content\/uploads\/2020\/10\/tratamentoResiduos.jpg\",\"contentUrl\":\"https:\/\/ambipar.com\/latam\/wp-content\/uploads\/2020\/10\/tratamentoResiduos.jpg\",\"width\":1006,\"height\":896,\"caption\":\"tratamento de res\\u00edduos\"},{\"@type\":\"WebPage\",\"@id\":\"https:\/\/ambipar.com\/latam\/ambipar-environment-2\/gestion-y-valoracion-de-residuos\/ingenieria-ambiental\/caracterizacion-y-clasificacion-de-residuos\/#webpage\",\"url\":\"https:\/\/ambipar.com\/latam\/ambipar-environment-2\/gestion-y-valoracion-de-residuos\/ingenieria-ambiental\/caracterizacion-y-clasificacion-de-residuos\/\",\"name\":\"Descubra servicios de Caracterizaci\\u00f3n Clasificaci\\u00f3n de residuos Ambipar\",\"isPartOf\":{\"@id\":\"https:\/\/ambipar.com\/latam\/#website\"},\"primaryImageOfPage\":{\"@id\":\"https:\/\/ambipar.com\/latam\/ambipar-environment-2\/gestion-y-valoracion-de-residuos\/ingenieria-ambiental\/caracterizacion-y-clasificacion-de-residuos\/#primaryimage\"},\"datePublished\":\"2020-11-12T23:43:30+00:00\",\"dateModified\":\"2021-10-13T13:29:26+00:00\",\"description\":\"A trav\\u00e9s de laboratorios asociados, Ambipar cuenta con una amplia estructura de recolecci\\u00f3n y an\\u00e1lisis para variados tipos de residuos.\",\"breadcrumb\":{\"@id\":\"https:\/\/ambipar.com\/latam\/ambipar-environment-2\/gestion-y-valoracion-de-residuos\/ingenieria-ambiental\/caracterizacion-y-clasificacion-de-residuos\/#breadcrumb\"},\"inLanguage\":\"es-CL\",\"potentialAction\":[{\"@type\":\"ReadAction\",\"target\":[\"https:\/\/ambipar.com\/latam\/ambipar-environment-2\/gestion-y-valoracion-de-residuos\/ingenieria-ambiental\/caracterizacion-y-clasificacion-de-residuos\/\"]}]},{\"@type\":\"BreadcrumbList\",\"@id\":\"https:\/\/ambipar.com\/latam\/ambipar-environment-2\/gestion-y-valoracion-de-residuos\/ingenieria-ambiental\/caracterizacion-y-clasificacion-de-residuos\/#breadcrumb\",\"itemListElement\":[{\"@type\":\"ListItem\",\"position\":1,\"name\":\"Home\",\"item\":\"https:\/\/ambipar.com\/latam\/\"},{\"@type\":\"ListItem\",\"position\":2,\"name\":\"Ambipar Environment\",\"item\":\"https:\/\/ambipar.com\/latam\/ambipar-environment-2\/\"},{\"@type\":\"ListItem\",\"position\":3,\"name\":\"Gesti\\u00f3n y Valoraci\\u00f3n de Residuos\",\"item\":\"https:\/\/ambipar.com\/latam\/ambipar-environment-2\/gestion-y-valoracion-de-residuos\/\"},{\"@type\":\"ListItem\",\"position\":4,\"name\":\"Ingenier\\u00eda Ambiental\",\"item\":\"https:\/\/ambipar.com\/latam\/ambipar-environment-2\/gestion-y-valoracion-de-residuos\/ingenieria-ambiental\/\"},{\"@type\":\"ListItem\",\"position\":5,\"name\":\"Caracterizaci\\u00f3n y Clasificaci\\u00f3n de residuos\"}]}]}<\/script>\n<!-- \/ Yoast SEO plugin. -->","yoast_head_json":{"title":"Descubra servicios de Caracterizaci\u00f3n Clasificaci\u00f3n de residuos Ambipar","description":"A trav\u00e9s de laboratorios asociados, Ambipar cuenta con una amplia estructura de recolecci\u00f3n y an\u00e1lisis para variados tipos de residuos.","robots":{"index":"index","follow":"follow","max-snippet":"max-snippet:-1","max-image-preview":"max-image-preview:large","max-video-preview":"max-video-preview:-1"},"canonical":"https:\/\/ambipar.com\/latam\/ambipar-environment-2\/gestion-y-valoracion-de-residuos\/ingenieria-ambiental\/caracterizacion-y-clasificacion-de-residuos\/","og_locale":"es_ES","og_type":"article","og_title":"Descubra servicios de Caracterizaci\u00f3n Clasificaci\u00f3n de residuos Ambipar","og_description":"A trav\u00e9s de laboratorios asociados, Ambipar cuenta con una amplia estructura de recolecci\u00f3n y an\u00e1lisis para variados tipos de residuos.","og_url":"https:\/\/ambipar.com\/latam\/ambipar-environment-2\/gestion-y-valoracion-de-residuos\/ingenieria-ambiental\/caracterizacion-y-clasificacion-de-residuos\/","og_site_name":"Ambipar. A l\u00edder em gest\u00e3o ambiental.","article_modified_time":"2021-10-13T13:29:26+00:00","og_image":[{"width":1006,"height":896,"url":"https:\/\/ambipar.com\/latam\/wp-content\/uploads\/2020\/10\/tratamentoResiduos.jpg","type":"image\/jpeg"}],"twitter_card":"summary_large_image","twitter_misc":{"Est. reading time":"1 minuto"},"schema":{"@context":"https:\/\/schema.org","@graph":[{"@type":"Organization","@id":"https:\/\/ambipar.com\/latam\/#organization","name":"Ambipar","url":"https:\/\/ambipar.com\/latam\/","sameAs":[],"logo":{"@type":"ImageObject","@id":"https:\/\/ambipar.com\/latam\/#logo","inLanguage":"es-CL","url":"https:\/\/ambipar.com\/latam\/wp-content\/uploads\/2020\/10\/ambipar_color.png","contentUrl":"https:\/\/ambipar.com\/latam\/wp-content\/uploads\/2020\/10\/ambipar_color.png","width":174,"height":107,"caption":"Ambipar"},"image":{"@id":"https:\/\/ambipar.com\/latam\/#logo"}},{"@type":"WebSite","@id":"https:\/\/ambipar.com\/latam\/#website","url":"https:\/\/ambipar.com\/latam\/","name":"Ambipar. A l\u00edder em gest\u00e3o ambiental.","description":"Pioneira em solu\u00e7\u00f5es ambientais, a Ambipar atua em todo o territ\u00f3rio nacional oferecendo solu\u00e7\u00f5es integradas para toda a cadeia de neg\u00f3cio.","publisher":{"@id":"https:\/\/ambipar.com\/latam\/#organization"},"potentialAction":[{"@type":"SearchAction","target":{"@type":"EntryPoint","urlTemplate":"https:\/\/ambipar.com\/latam\/?s={search_term_string}"},"query-input":"required name=search_term_string"}],"inLanguage":"es-CL"},{"@type":"ImageObject","@id":"https:\/\/ambipar.com\/latam\/ambipar-environment-2\/gestion-y-valoracion-de-residuos\/ingenieria-ambiental\/caracterizacion-y-clasificacion-de-residuos\/#primaryimage","inLanguage":"es-CL","url":"https:\/\/ambipar.com\/latam\/wp-content\/uploads\/2020\/10\/tratamentoResiduos.jpg","contentUrl":"https:\/\/ambipar.com\/latam\/wp-content\/uploads\/2020\/10\/tratamentoResiduos.jpg","width":1006,"height":896,"caption":"tratamento de res\u00edduos"},{"@type":"WebPage","@id":"https:\/\/ambipar.com\/latam\/ambipar-environment-2\/gestion-y-valoracion-de-residuos\/ingenieria-ambiental\/caracterizacion-y-clasificacion-de-residuos\/#webpage","url":"https:\/\/ambipar.com\/latam\/ambipar-environment-2\/gestion-y-valoracion-de-residuos\/ingenieria-ambiental\/caracterizacion-y-clasificacion-de-residuos\/","name":"Descubra servicios de Caracterizaci\u00f3n Clasificaci\u00f3n de residuos Ambipar","isPartOf":{"@id":"https:\/\/ambipar.com\/latam\/#website"},"primaryImageOfPage":{"@id":"https:\/\/ambipar.com\/latam\/ambipar-environment-2\/gestion-y-valoracion-de-residuos\/ingenieria-ambiental\/caracterizacion-y-clasificacion-de-residuos\/#primaryimage"},"datePublished":"2020-11-12T23:43:30+00:00","dateModified":"2021-10-13T13:29:26+00:00","description":"A trav\u00e9s de laboratorios asociados, Ambipar cuenta con una amplia estructura de recolecci\u00f3n y an\u00e1lisis para variados tipos de residuos.","breadcrumb":{"@id":"https:\/\/ambipar.com\/latam\/ambipar-environment-2\/gestion-y-valoracion-de-residuos\/ingenieria-ambiental\/caracterizacion-y-clasificacion-de-residuos\/#breadcrumb"},"inLanguage":"es-CL","potentialAction":[{"@type":"ReadAction","target":["https:\/\/ambipar.com\/latam\/ambipar-environment-2\/gestion-y-valoracion-de-residuos\/ingenieria-ambiental\/caracterizacion-y-clasificacion-de-residuos\/"]}]},{"@type":"BreadcrumbList","@id":"https:\/\/ambipar.com\/latam\/ambipar-environment-2\/gestion-y-valoracion-de-residuos\/ingenieria-ambiental\/caracterizacion-y-clasificacion-de-residuos\/#breadcrumb","itemListElement":[{"@type":"ListItem","position":1,"name":"Home","item":"https:\/\/ambipar.com\/latam\/"},{"@type":"ListItem","position":2,"name":"Ambipar Environment","item":"https:\/\/ambipar.com\/latam\/ambipar-environment-2\/"},{"@type":"ListItem","position":3,"name":"Gesti\u00f3n y Valoraci\u00f3n de Residuos","item":"https:\/\/ambipar.com\/latam\/ambipar-environment-2\/gestion-y-valoracion-de-residuos\/"},{"@type":"ListItem","position":4,"name":"Ingenier\u00eda Ambiental","item":"https:\/\/ambipar.com\/latam\/ambipar-environment-2\/gestion-y-valoracion-de-residuos\/ingenieria-ambiental\/"},{"@type":"ListItem","position":5,"name":"Caracterizaci\u00f3n y Clasificaci\u00f3n de residuos"}]}]}},"_links":{"self":[{"href":"https:\/\/ambipar.com\/latam\/wp-json\/wp\/v2\/pages\/1724"}],"collection":[{"href":"https:\/\/ambipar.com\/latam\/wp-json\/wp\/v2\/pages"}],"about":[{"href":"https:\/\/ambipar.com\/latam\/wp-json\/wp\/v2\/types\/page"}],"author":[{"embeddable":true,"href":"https:\/\/ambipar.com\/latam\/wp-json\/wp\/v2\/users\/1"}],"replies":[{"embeddable":true,"href":"https:\/\/ambipar.com\/latam\/wp-json\/wp\/v2\/comments?post=1724"}],"version-history":[{"count":5,"href":"https:\/\/ambipar.com\/latam\/wp-json\/wp\/v2\/pages\/1724\/revisions"}],"predecessor-version":[{"id":4137,"href":"https:\/\/ambipar.com\/latam\/wp-json\/wp\/v2\/pages\/1724\/revisions\/4137"}],"up":[{"embeddable":true,"href":"https:\/\/ambipar.com\/latam\/wp-json\/wp\/v2\/pages\/1506"}],"wp:featuredmedia":[{"embeddable":true,"href":"https:\/\/ambipar.com\/latam\/wp-json\/wp\/v2\/media\/169"}],"wp:attachment":[{"href":"https:\/\/ambipar.com\/latam\/wp-json\/wp\/v2\/media?parent=1724"}],"curies":[{"name":"wp","href":"https:\/\/api.w.org\/{rel}","templated":true}]}}