{"id":1727,"date":"2020-11-12T20:31:45","date_gmt":"2020-11-12T23:31:45","guid":{"rendered":"https:\/\/ambipar.com\/latam\/?page_id=1727"},"modified":"2021-01-05T20:08:01","modified_gmt":"2021-01-05T23:08:01","slug":"dredging-and-de-silting-of-water-bodies","status":"publish","type":"page","link":"https:\/\/ambipar.com\/latam\/en\/ambipar-environment\/gestao-e-valorizacao-de-residuos\/engenharia-ambiental\/dredging-and-de-silting-of-water-bodies\/","title":{"rendered":"Dredging and de-silting of water bodies"},"content":{"rendered":"\n<p>In industries, the production process is rendered unfeasible due to the deposition of sediments that impact the volume of industrial ponds and emergency tanks. &amp; nbsp; Dredging reduces environmental impacts with the guarantee of increasing the useful life of these water bodies.<\/p>\n\n\n\n<p>The service includes prevention, preliminary studies of the site to be dredged, analysis, supply of equipment, such as waterproofing blankets, geomembrane, dredging of solidified material, pond restoration and soil remediation.<\/p>\n\n\n\n<p>The removal of solid materials in water bodies is carried out by means of dredging pumps responsible for removing soil, rocks and mud from the bottom of water bodies, with different applications. Dredging is divided into three types:<\/p>\n\n\n\n<ul><li>Mechanics<\/li><li>Hydraulics<\/li><li>Suction<\/li><\/ul>\n\n\n\n<p>See too: <\/p>\n\n\n\n<ul><li><a href=\"https:\/\/ambipar.com\/latam\/en\/ambipar-environment\/gestao-e-valorizacao-de-residuos\/engenharia-ambiental\/laboratory-analysis\/\">Laboratory analysis<\/a><\/li><li><a href=\"https:\/\/ambipar.com\/latam\/ambipar-environment\/gestao-e-valorizacao-de-residuos\/engenharia-ambiental\/caracterizacao-e-classificacao-de-residuos\/\">Waste <\/a><a href=\"https:\/\/ambipar.com\/latam\/en\/ambipar-environment\/gestao-e-valorizacao-de-residuos\/engenharia-ambiental\/waste-characterization-and-classification\/\">characterization <\/a><a href=\"https:\/\/ambipar.com\/latam\/ambipar-environment\/gestao-e-valorizacao-de-residuos\/engenharia-ambiental\/caracterizacao-e-classificacao-de-residuos\/\">and classification<\/a><\/li><li><a href=\"https:\/\/ambipar.com\/latam\/en\/ambipar-environment\/gestao-e-valorizacao-de-residuos\/engenharia-ambiental\/fdsr---waste-safety-data-sheet\/\">FDSR &#8211; Waste Safety Data Sheet<\/a><\/li><li><a href=\"https:\/\/ambipar.com\/latam\/en\/ambipar-environment\/gestao-e-valorizacao-de-residuos\/engenharia-ambiental\/pgrs---solid-waste-management-program\/\">PGRS &#8211; Solid Waste Management Program<\/a><\/li><li><a href=\"https:\/\/ambipar.com\/latam\/en\/ambipar-environment\/gestao-e-valorizacao-de-residuos\/engenharia-ambiental\/environmental-licensing\/\">Environmental Licensing<\/a><\/li><li><a href=\"https:\/\/ambipar.com\/latam\/en\/ambipar-environment\/gestao-e-valorizacao-de-residuos\/engenharia-ambiental\/design-and-execution-ete-treatment-plants-composting-yards\/\">Design and Execution (ETE, Treatment plants, Composting yards)<\/a><\/li><\/ul>\n\n\n\n<p><\/p>\n","protected":false},"excerpt":{"rendered":"In industries, the production process is rendered unfeasible due to the deposition of sediments that impact the volume of industrial ponds and emergency tanks. &amp; nbsp; Dredging reduces environmental impacts with the guarantee of increasing the useful life of these water bodies. The service includes prevention, preliminary studies of the site to be dredged, analysis,&#8230; <a class=\"view-article\" href=\"https:\/\/ambipar.com\/latam\/en\/ambipar-environment\/gestao-e-valorizacao-de-residuos\/engenharia-ambiental\/dredging-and-de-silting-of-water-bodies\/\">Ver art\u00edculo<\/a>","protected":false},"author":1,"featured_media":1070,"parent":362,"menu_order":0,"comment_status":"closed","ping_status":"closed","template":"single-servicos.php","meta":[],"yoast_head":"<!-- This site is optimized with the Yoast SEO plugin v17.6 - https:\/\/yoast.com\/wordpress\/plugins\/seo\/ -->\n<title>Discover Ambipar dredging and de-silting of water bodies<\/title>\n<meta name=\"description\" content=\"In industries, the production process is rendered unfeasible due to the deposition of sediments that impact the volume of industrial ponds.\" \/>\n<meta name=\"robots\" content=\"index, follow, max-snippet:-1, max-image-preview:large, max-video-preview:-1\" \/>\n<link rel=\"canonical\" href=\"https:\/\/ambipar.com\/latam\/en\/ambipar-environment\/gestao-e-valorizacao-de-residuos\/engenharia-ambiental\/dredging-and-de-silting-of-water-bodies\/\" \/>\n<meta property=\"og:locale\" content=\"es_ES\" \/>\n<meta property=\"og:type\" content=\"article\" \/>\n<meta property=\"og:title\" content=\"Discover Ambipar dredging and de-silting of water bodies\" \/>\n<meta property=\"og:description\" content=\"In industries, the production process is rendered unfeasible due to the deposition of sediments that impact the volume of industrial ponds.\" \/>\n<meta property=\"og:url\" content=\"https:\/\/ambipar.com\/latam\/en\/ambipar-environment\/gestao-e-valorizacao-de-residuos\/engenharia-ambiental\/dredging-and-de-silting-of-water-bodies\/\" \/>\n<meta property=\"og:site_name\" content=\"Ambipar. A l\u00edder em gest\u00e3o ambiental.\" \/>\n<meta property=\"article:modified_time\" content=\"2021-01-05T23:08:01+00:00\" \/>\n<meta property=\"og:image\" content=\"https:\/\/ambipar.com\/latam\/wp-content\/uploads\/2020\/10\/simular.jpg\" \/>\n\t<meta property=\"og:image:width\" content=\"1000\" \/>\n\t<meta property=\"og:image:height\" content=\"1000\" \/>\n<meta name=\"twitter:card\" content=\"summary_large_image\" \/>\n<meta name=\"twitter:label1\" content=\"Est. reading time\" \/>\n\t<meta name=\"twitter:data1\" content=\"1 minuto\" \/>\n<script type=\"application\/ld+json\" class=\"yoast-schema-graph\">{\"@context\":\"https:\/\/schema.org\",\"@graph\":[{\"@type\":\"Organization\",\"@id\":\"https:\/\/ambipar.com\/latam\/#organization\",\"name\":\"Ambipar\",\"url\":\"https:\/\/ambipar.com\/latam\/\",\"sameAs\":[],\"logo\":{\"@type\":\"ImageObject\",\"@id\":\"https:\/\/ambipar.com\/latam\/#logo\",\"inLanguage\":\"es-CL\",\"url\":\"https:\/\/ambipar.com\/latam\/wp-content\/uploads\/2020\/10\/ambipar_color.png\",\"contentUrl\":\"https:\/\/ambipar.com\/latam\/wp-content\/uploads\/2020\/10\/ambipar_color.png\",\"width\":174,\"height\":107,\"caption\":\"Ambipar\"},\"image\":{\"@id\":\"https:\/\/ambipar.com\/latam\/#logo\"}},{\"@type\":\"WebSite\",\"@id\":\"https:\/\/ambipar.com\/latam\/#website\",\"url\":\"https:\/\/ambipar.com\/latam\/\",\"name\":\"Ambipar. A l\\u00edder em gest\\u00e3o ambiental.\",\"description\":\"Pioneira em solu\\u00e7\\u00f5es ambientais, a Ambipar atua em todo o territ\\u00f3rio nacional oferecendo solu\\u00e7\\u00f5es integradas para toda a cadeia de neg\\u00f3cio.\",\"publisher\":{\"@id\":\"https:\/\/ambipar.com\/latam\/#organization\"},\"potentialAction\":[{\"@type\":\"SearchAction\",\"target\":{\"@type\":\"EntryPoint\",\"urlTemplate\":\"https:\/\/ambipar.com\/latam\/?s={search_term_string}\"},\"query-input\":\"required name=search_term_string\"}],\"inLanguage\":\"es-CL\"},{\"@type\":\"ImageObject\",\"@id\":\"https:\/\/ambipar.com\/latam\/en\/ambipar-environment\/gestao-e-valorizacao-de-residuos\/engenharia-ambiental\/dredging-and-de-silting-of-water-bodies\/#primaryimage\",\"inLanguage\":\"es-CL\",\"url\":\"https:\/\/ambipar.com\/latam\/wp-content\/uploads\/2020\/10\/simular.jpg\",\"contentUrl\":\"https:\/\/ambipar.com\/latam\/wp-content\/uploads\/2020\/10\/simular.jpg\",\"width\":1000,\"height\":1000,\"caption\":\"simular\"},{\"@type\":\"WebPage\",\"@id\":\"https:\/\/ambipar.com\/latam\/en\/ambipar-environment\/gestao-e-valorizacao-de-residuos\/engenharia-ambiental\/dredging-and-de-silting-of-water-bodies\/#webpage\",\"url\":\"https:\/\/ambipar.com\/latam\/en\/ambipar-environment\/gestao-e-valorizacao-de-residuos\/engenharia-ambiental\/dredging-and-de-silting-of-water-bodies\/\",\"name\":\"Discover Ambipar dredging and de-silting of water bodies\",\"isPartOf\":{\"@id\":\"https:\/\/ambipar.com\/latam\/#website\"},\"primaryImageOfPage\":{\"@id\":\"https:\/\/ambipar.com\/latam\/en\/ambipar-environment\/gestao-e-valorizacao-de-residuos\/engenharia-ambiental\/dredging-and-de-silting-of-water-bodies\/#primaryimage\"},\"datePublished\":\"2020-11-12T23:31:45+00:00\",\"dateModified\":\"2021-01-05T23:08:01+00:00\",\"description\":\"In industries, the production process is rendered unfeasible due to the deposition of sediments that impact the volume of industrial ponds.\",\"breadcrumb\":{\"@id\":\"https:\/\/ambipar.com\/latam\/en\/ambipar-environment\/gestao-e-valorizacao-de-residuos\/engenharia-ambiental\/dredging-and-de-silting-of-water-bodies\/#breadcrumb\"},\"inLanguage\":\"es-CL\",\"potentialAction\":[{\"@type\":\"ReadAction\",\"target\":[\"https:\/\/ambipar.com\/latam\/en\/ambipar-environment\/gestao-e-valorizacao-de-residuos\/engenharia-ambiental\/dredging-and-de-silting-of-water-bodies\/\"]}]},{\"@type\":\"BreadcrumbList\",\"@id\":\"https:\/\/ambipar.com\/latam\/en\/ambipar-environment\/gestao-e-valorizacao-de-residuos\/engenharia-ambiental\/dredging-and-de-silting-of-water-bodies\/#breadcrumb\",\"itemListElement\":[{\"@type\":\"ListItem\",\"position\":1,\"name\":\"Home\",\"item\":\"https:\/\/ambipar.com\/latam\/\"},{\"@type\":\"ListItem\",\"position\":2,\"name\":\"Ambipar Environment\",\"item\":\"https:\/\/ambipar.com\/latam\/pt\/ambipar-environment\/\"},{\"@type\":\"ListItem\",\"position\":3,\"name\":\"Gest\\u00e3o e Valoriza\\u00e7\\u00e3o de res\\u00edduos\",\"item\":\"https:\/\/ambipar.com\/latam\/pt\/ambipar-environment\/gestao-e-valorizacao-de-residuos\/\"},{\"@type\":\"ListItem\",\"position\":4,\"name\":\"Engenharia Ambiental\",\"item\":\"https:\/\/ambipar.com\/latam\/pt\/ambipar-environment\/gestao-e-valorizacao-de-residuos\/engenharia-ambiental\/\"},{\"@type\":\"ListItem\",\"position\":5,\"name\":\"Dredging and de-silting of water bodies\"}]}]}<\/script>\n<!-- \/ Yoast SEO plugin. -->","yoast_head_json":{"title":"Discover Ambipar dredging and de-silting of water bodies","description":"In industries, the production process is rendered unfeasible due to the deposition of sediments that impact the volume of industrial ponds.","robots":{"index":"index","follow":"follow","max-snippet":"max-snippet:-1","max-image-preview":"max-image-preview:large","max-video-preview":"max-video-preview:-1"},"canonical":"https:\/\/ambipar.com\/latam\/en\/ambipar-environment\/gestao-e-valorizacao-de-residuos\/engenharia-ambiental\/dredging-and-de-silting-of-water-bodies\/","og_locale":"es_ES","og_type":"article","og_title":"Discover Ambipar dredging and de-silting of water bodies","og_description":"In industries, the production process is rendered unfeasible due to the deposition of sediments that impact the volume of industrial ponds.","og_url":"https:\/\/ambipar.com\/latam\/en\/ambipar-environment\/gestao-e-valorizacao-de-residuos\/engenharia-ambiental\/dredging-and-de-silting-of-water-bodies\/","og_site_name":"Ambipar. A l\u00edder em gest\u00e3o ambiental.","article_modified_time":"2021-01-05T23:08:01+00:00","og_image":[{"width":1000,"height":1000,"url":"https:\/\/ambipar.com\/latam\/wp-content\/uploads\/2020\/10\/simular.jpg","type":"image\/jpeg"}],"twitter_card":"summary_large_image","twitter_misc":{"Est. reading time":"1 minuto"},"schema":{"@context":"https:\/\/schema.org","@graph":[{"@type":"Organization","@id":"https:\/\/ambipar.com\/latam\/#organization","name":"Ambipar","url":"https:\/\/ambipar.com\/latam\/","sameAs":[],"logo":{"@type":"ImageObject","@id":"https:\/\/ambipar.com\/latam\/#logo","inLanguage":"es-CL","url":"https:\/\/ambipar.com\/latam\/wp-content\/uploads\/2020\/10\/ambipar_color.png","contentUrl":"https:\/\/ambipar.com\/latam\/wp-content\/uploads\/2020\/10\/ambipar_color.png","width":174,"height":107,"caption":"Ambipar"},"image":{"@id":"https:\/\/ambipar.com\/latam\/#logo"}},{"@type":"WebSite","@id":"https:\/\/ambipar.com\/latam\/#website","url":"https:\/\/ambipar.com\/latam\/","name":"Ambipar. A l\u00edder em gest\u00e3o ambiental.","description":"Pioneira em solu\u00e7\u00f5es ambientais, a Ambipar atua em todo o territ\u00f3rio nacional oferecendo solu\u00e7\u00f5es integradas para toda a cadeia de neg\u00f3cio.","publisher":{"@id":"https:\/\/ambipar.com\/latam\/#organization"},"potentialAction":[{"@type":"SearchAction","target":{"@type":"EntryPoint","urlTemplate":"https:\/\/ambipar.com\/latam\/?s={search_term_string}"},"query-input":"required name=search_term_string"}],"inLanguage":"es-CL"},{"@type":"ImageObject","@id":"https:\/\/ambipar.com\/latam\/en\/ambipar-environment\/gestao-e-valorizacao-de-residuos\/engenharia-ambiental\/dredging-and-de-silting-of-water-bodies\/#primaryimage","inLanguage":"es-CL","url":"https:\/\/ambipar.com\/latam\/wp-content\/uploads\/2020\/10\/simular.jpg","contentUrl":"https:\/\/ambipar.com\/latam\/wp-content\/uploads\/2020\/10\/simular.jpg","width":1000,"height":1000,"caption":"simular"},{"@type":"WebPage","@id":"https:\/\/ambipar.com\/latam\/en\/ambipar-environment\/gestao-e-valorizacao-de-residuos\/engenharia-ambiental\/dredging-and-de-silting-of-water-bodies\/#webpage","url":"https:\/\/ambipar.com\/latam\/en\/ambipar-environment\/gestao-e-valorizacao-de-residuos\/engenharia-ambiental\/dredging-and-de-silting-of-water-bodies\/","name":"Discover Ambipar dredging and de-silting of water bodies","isPartOf":{"@id":"https:\/\/ambipar.com\/latam\/#website"},"primaryImageOfPage":{"@id":"https:\/\/ambipar.com\/latam\/en\/ambipar-environment\/gestao-e-valorizacao-de-residuos\/engenharia-ambiental\/dredging-and-de-silting-of-water-bodies\/#primaryimage"},"datePublished":"2020-11-12T23:31:45+00:00","dateModified":"2021-01-05T23:08:01+00:00","description":"In industries, the production process is rendered unfeasible due to the deposition of sediments that impact the volume of industrial ponds.","breadcrumb":{"@id":"https:\/\/ambipar.com\/latam\/en\/ambipar-environment\/gestao-e-valorizacao-de-residuos\/engenharia-ambiental\/dredging-and-de-silting-of-water-bodies\/#breadcrumb"},"inLanguage":"es-CL","potentialAction":[{"@type":"ReadAction","target":["https:\/\/ambipar.com\/latam\/en\/ambipar-environment\/gestao-e-valorizacao-de-residuos\/engenharia-ambiental\/dredging-and-de-silting-of-water-bodies\/"]}]},{"@type":"BreadcrumbList","@id":"https:\/\/ambipar.com\/latam\/en\/ambipar-environment\/gestao-e-valorizacao-de-residuos\/engenharia-ambiental\/dredging-and-de-silting-of-water-bodies\/#breadcrumb","itemListElement":[{"@type":"ListItem","position":1,"name":"Home","item":"https:\/\/ambipar.com\/latam\/"},{"@type":"ListItem","position":2,"name":"Ambipar Environment","item":"https:\/\/ambipar.com\/latam\/pt\/ambipar-environment\/"},{"@type":"ListItem","position":3,"name":"Gest\u00e3o e Valoriza\u00e7\u00e3o de res\u00edduos","item":"https:\/\/ambipar.com\/latam\/pt\/ambipar-environment\/gestao-e-valorizacao-de-residuos\/"},{"@type":"ListItem","position":4,"name":"Engenharia Ambiental","item":"https:\/\/ambipar.com\/latam\/pt\/ambipar-environment\/gestao-e-valorizacao-de-residuos\/engenharia-ambiental\/"},{"@type":"ListItem","position":5,"name":"Dredging and de-silting of water bodies"}]}]}},"_links":{"self":[{"href":"https:\/\/ambipar.com\/latam\/wp-json\/wp\/v2\/pages\/1727"}],"collection":[{"href":"https:\/\/ambipar.com\/latam\/wp-json\/wp\/v2\/pages"}],"about":[{"href":"https:\/\/ambipar.com\/latam\/wp-json\/wp\/v2\/types\/page"}],"author":[{"embeddable":true,"href":"https:\/\/ambipar.com\/latam\/wp-json\/wp\/v2\/users\/1"}],"replies":[{"embeddable":true,"href":"https:\/\/ambipar.com\/latam\/wp-json\/wp\/v2\/comments?post=1727"}],"version-history":[{"count":4,"href":"https:\/\/ambipar.com\/latam\/wp-json\/wp\/v2\/pages\/1727\/revisions"}],"predecessor-version":[{"id":1798,"href":"https:\/\/ambipar.com\/latam\/wp-json\/wp\/v2\/pages\/1727\/revisions\/1798"}],"up":[{"embeddable":true,"href":"https:\/\/ambipar.com\/latam\/wp-json\/wp\/v2\/pages\/362"}],"wp:featuredmedia":[{"embeddable":true,"href":"https:\/\/ambipar.com\/latam\/wp-json\/wp\/v2\/media\/1070"}],"wp:attachment":[{"href":"https:\/\/ambipar.com\/latam\/wp-json\/wp\/v2\/media?parent=1727"}],"curies":[{"name":"wp","href":"https:\/\/api.w.org\/{rel}","templated":true}]}}