{"id":1739,"date":"2020-11-12T20:34:55","date_gmt":"2020-11-12T23:34:55","guid":{"rendered":"https:\/\/ambipar.com\/latam\/?page_id=1739"},"modified":"2021-01-05T20:08:09","modified_gmt":"2021-01-05T23:08:09","slug":"environmental-licensing","status":"publish","type":"page","link":"https:\/\/ambipar.com\/latam\/en\/ambipar-environment\/gestao-e-valorizacao-de-residuos\/engenharia-ambiental\/environmental-licensing\/","title":{"rendered":"Environmental Licensing"},"content":{"rendered":"\n<p>All potentially polluting environmental activities, as required by the National Solid Waste Policy, must be environmentally licensed through its State Regulatory and Supervisory Body.<\/p>\n\n\n\n<p>Being:<\/p>\n\n\n\n<ul><li>Preliminary and Installation License<\/li><li>Operation License<\/li><\/ul>\n\n\n\n<p>Among the services provided by our specialists, is the licensing of:<\/p>\n\n\n\n<ul><li>LIMPURB<\/li><li>ANTT<\/li><li>CADRIS<\/li><li>Technical Opinion<\/li><\/ul>\n\n\n\n<p>See too: <\/p>\n\n\n\n<ul id=\"block-a09227fe-2846-4cd8-814e-ae901d5ee880\"><li><a href=\"https:\/\/ambipar.com\/latam\/en\/ambipar-environment\/gestao-e-valorizacao-de-residuos\/engenharia-ambiental\/laboratory-analysis\/\">Laboratory analysis<\/a><\/li><li><a href=\"https:\/\/ambipar.com\/latam\/en\/ambipar-environment\/gestao-e-valorizacao-de-residuos\/engenharia-ambiental\/waste-characterization-and-classification\/\">Waste characterization and classification<\/a><\/li><li><a href=\"https:\/\/ambipar.com\/latam\/en\/ambipar-environment\/gestao-e-valorizacao-de-residuos\/engenharia-ambiental\/fdsr---waste-safety-data-sheet\/\">FDSR &#8211; Waste Safety Data Sheet<\/a><\/li><li><a href=\"https:\/\/ambipar.com\/latam\/en\/ambipar-environment\/gestao-e-valorizacao-de-residuos\/engenharia-ambiental\/pgrs---solid-waste-management-program\/\">PGRS &#8211; Solid Waste Management Program<\/a><\/li><li><a href=\"https:\/\/ambipar.com\/latam\/en\/ambipar-environment\/gestao-e-valorizacao-de-residuos\/engenharia-ambiental\/design-and-execution-ete-treatment-plants-composting-yards\/\">Design and Execution (ETE, Treatment plants, Composting yards)<\/a><\/li><li><a href=\"https:\/\/ambipar.com\/latam\/en\/ambipar-environment\/gestao-e-valorizacao-de-residuos\/engenharia-ambiental\/dredging-and-de-silting-of-water-bodies\/\">Dredging and de-silting of water bodies<\/a><\/li><\/ul>\n\n\n\n<p><\/p>\n","protected":false},"excerpt":{"rendered":"All potentially polluting environmental activities, as required by the National Solid Waste Policy, must be environmentally licensed through its State Regulatory and Supervisory Body. Being: Preliminary and Installation License Operation License Among the services provided by our specialists, is the licensing of: LIMPURB ANTT CADRIS Technical Opinion See too: Laboratory analysis Waste characterization and classification&#8230; <a class=\"view-article\" href=\"https:\/\/ambipar.com\/latam\/en\/ambipar-environment\/gestao-e-valorizacao-de-residuos\/engenharia-ambiental\/environmental-licensing\/\">Ver art\u00edculo<\/a>","protected":false},"author":1,"featured_media":157,"parent":362,"menu_order":0,"comment_status":"closed","ping_status":"closed","template":"single-servicos.php","meta":[],"yoast_head":"<!-- This site is optimized with the Yoast SEO plugin v17.6 - https:\/\/yoast.com\/wordpress\/plugins\/seo\/ -->\n<title>Discover Ambipar Environment&#039;s Environmental Licensing services<\/title>\n<meta name=\"description\" content=\"Any potentially polluting activity must be environmentally licensed through its State Regulatory and Supervisory Body.\" \/>\n<meta name=\"robots\" content=\"index, follow, max-snippet:-1, max-image-preview:large, max-video-preview:-1\" \/>\n<link rel=\"canonical\" href=\"https:\/\/ambipar.com\/latam\/en\/ambipar-environment\/gestao-e-valorizacao-de-residuos\/engenharia-ambiental\/environmental-licensing\/\" \/>\n<meta property=\"og:locale\" content=\"es_ES\" \/>\n<meta property=\"og:type\" content=\"article\" \/>\n<meta property=\"og:title\" content=\"Discover Ambipar Environment&#039;s Environmental Licensing services\" \/>\n<meta property=\"og:description\" content=\"Any potentially polluting activity must be environmentally licensed through its State Regulatory and Supervisory Body.\" \/>\n<meta property=\"og:url\" content=\"https:\/\/ambipar.com\/latam\/en\/ambipar-environment\/gestao-e-valorizacao-de-residuos\/engenharia-ambiental\/environmental-licensing\/\" \/>\n<meta property=\"og:site_name\" content=\"Ambipar. A l\u00edder em gest\u00e3o ambiental.\" \/>\n<meta property=\"article:modified_time\" content=\"2021-01-05T23:08:09+00:00\" \/>\n<meta property=\"og:image\" content=\"https:\/\/ambipar.com\/latam\/wp-content\/uploads\/2020\/10\/aenor.jpg\" \/>\n\t<meta property=\"og:image:width\" content=\"1000\" \/>\n\t<meta property=\"og:image:height\" content=\"1000\" \/>\n<meta name=\"twitter:card\" content=\"summary_large_image\" \/>\n<script type=\"application\/ld+json\" class=\"yoast-schema-graph\">{\"@context\":\"https:\/\/schema.org\",\"@graph\":[{\"@type\":\"Organization\",\"@id\":\"https:\/\/ambipar.com\/latam\/#organization\",\"name\":\"Ambipar\",\"url\":\"https:\/\/ambipar.com\/latam\/\",\"sameAs\":[],\"logo\":{\"@type\":\"ImageObject\",\"@id\":\"https:\/\/ambipar.com\/latam\/#logo\",\"inLanguage\":\"es-CL\",\"url\":\"https:\/\/ambipar.com\/latam\/wp-content\/uploads\/2020\/10\/ambipar_color.png\",\"contentUrl\":\"https:\/\/ambipar.com\/latam\/wp-content\/uploads\/2020\/10\/ambipar_color.png\",\"width\":174,\"height\":107,\"caption\":\"Ambipar\"},\"image\":{\"@id\":\"https:\/\/ambipar.com\/latam\/#logo\"}},{\"@type\":\"WebSite\",\"@id\":\"https:\/\/ambipar.com\/latam\/#website\",\"url\":\"https:\/\/ambipar.com\/latam\/\",\"name\":\"Ambipar. A l\\u00edder em gest\\u00e3o ambiental.\",\"description\":\"Pioneira em solu\\u00e7\\u00f5es ambientais, a Ambipar atua em todo o territ\\u00f3rio nacional oferecendo solu\\u00e7\\u00f5es integradas para toda a cadeia de neg\\u00f3cio.\",\"publisher\":{\"@id\":\"https:\/\/ambipar.com\/latam\/#organization\"},\"potentialAction\":[{\"@type\":\"SearchAction\",\"target\":{\"@type\":\"EntryPoint\",\"urlTemplate\":\"https:\/\/ambipar.com\/latam\/?s={search_term_string}\"},\"query-input\":\"required name=search_term_string\"}],\"inLanguage\":\"es-CL\"},{\"@type\":\"ImageObject\",\"@id\":\"https:\/\/ambipar.com\/latam\/en\/ambipar-environment\/gestao-e-valorizacao-de-residuos\/engenharia-ambiental\/environmental-licensing\/#primaryimage\",\"inLanguage\":\"es-CL\",\"url\":\"https:\/\/ambipar.com\/latam\/wp-content\/uploads\/2020\/10\/aenor.jpg\",\"contentUrl\":\"https:\/\/ambipar.com\/latam\/wp-content\/uploads\/2020\/10\/aenor.jpg\",\"width\":1000,\"height\":1000,\"caption\":\"aenor\"},{\"@type\":\"WebPage\",\"@id\":\"https:\/\/ambipar.com\/latam\/en\/ambipar-environment\/gestao-e-valorizacao-de-residuos\/engenharia-ambiental\/environmental-licensing\/#webpage\",\"url\":\"https:\/\/ambipar.com\/latam\/en\/ambipar-environment\/gestao-e-valorizacao-de-residuos\/engenharia-ambiental\/environmental-licensing\/\",\"name\":\"Discover Ambipar Environment's Environmental Licensing services\",\"isPartOf\":{\"@id\":\"https:\/\/ambipar.com\/latam\/#website\"},\"primaryImageOfPage\":{\"@id\":\"https:\/\/ambipar.com\/latam\/en\/ambipar-environment\/gestao-e-valorizacao-de-residuos\/engenharia-ambiental\/environmental-licensing\/#primaryimage\"},\"datePublished\":\"2020-11-12T23:34:55+00:00\",\"dateModified\":\"2021-01-05T23:08:09+00:00\",\"description\":\"Any potentially polluting activity must be environmentally licensed through its State Regulatory and Supervisory Body.\",\"breadcrumb\":{\"@id\":\"https:\/\/ambipar.com\/latam\/en\/ambipar-environment\/gestao-e-valorizacao-de-residuos\/engenharia-ambiental\/environmental-licensing\/#breadcrumb\"},\"inLanguage\":\"es-CL\",\"potentialAction\":[{\"@type\":\"ReadAction\",\"target\":[\"https:\/\/ambipar.com\/latam\/en\/ambipar-environment\/gestao-e-valorizacao-de-residuos\/engenharia-ambiental\/environmental-licensing\/\"]}]},{\"@type\":\"BreadcrumbList\",\"@id\":\"https:\/\/ambipar.com\/latam\/en\/ambipar-environment\/gestao-e-valorizacao-de-residuos\/engenharia-ambiental\/environmental-licensing\/#breadcrumb\",\"itemListElement\":[{\"@type\":\"ListItem\",\"position\":1,\"name\":\"Home\",\"item\":\"https:\/\/ambipar.com\/latam\/\"},{\"@type\":\"ListItem\",\"position\":2,\"name\":\"Ambipar Environment\",\"item\":\"https:\/\/ambipar.com\/latam\/pt\/ambipar-environment\/\"},{\"@type\":\"ListItem\",\"position\":3,\"name\":\"Gest\\u00e3o e Valoriza\\u00e7\\u00e3o de res\\u00edduos\",\"item\":\"https:\/\/ambipar.com\/latam\/pt\/ambipar-environment\/gestao-e-valorizacao-de-residuos\/\"},{\"@type\":\"ListItem\",\"position\":4,\"name\":\"Engenharia Ambiental\",\"item\":\"https:\/\/ambipar.com\/latam\/pt\/ambipar-environment\/gestao-e-valorizacao-de-residuos\/engenharia-ambiental\/\"},{\"@type\":\"ListItem\",\"position\":5,\"name\":\"Environmental Licensing\"}]}]}<\/script>\n<!-- \/ Yoast SEO plugin. -->","yoast_head_json":{"title":"Discover Ambipar Environment's Environmental Licensing services","description":"Any potentially polluting activity must be environmentally licensed through its State Regulatory and Supervisory Body.","robots":{"index":"index","follow":"follow","max-snippet":"max-snippet:-1","max-image-preview":"max-image-preview:large","max-video-preview":"max-video-preview:-1"},"canonical":"https:\/\/ambipar.com\/latam\/en\/ambipar-environment\/gestao-e-valorizacao-de-residuos\/engenharia-ambiental\/environmental-licensing\/","og_locale":"es_ES","og_type":"article","og_title":"Discover Ambipar Environment's Environmental Licensing services","og_description":"Any potentially polluting activity must be environmentally licensed through its State Regulatory and Supervisory Body.","og_url":"https:\/\/ambipar.com\/latam\/en\/ambipar-environment\/gestao-e-valorizacao-de-residuos\/engenharia-ambiental\/environmental-licensing\/","og_site_name":"Ambipar. A l\u00edder em gest\u00e3o ambiental.","article_modified_time":"2021-01-05T23:08:09+00:00","og_image":[{"width":1000,"height":1000,"url":"https:\/\/ambipar.com\/latam\/wp-content\/uploads\/2020\/10\/aenor.jpg","type":"image\/jpeg"}],"twitter_card":"summary_large_image","schema":{"@context":"https:\/\/schema.org","@graph":[{"@type":"Organization","@id":"https:\/\/ambipar.com\/latam\/#organization","name":"Ambipar","url":"https:\/\/ambipar.com\/latam\/","sameAs":[],"logo":{"@type":"ImageObject","@id":"https:\/\/ambipar.com\/latam\/#logo","inLanguage":"es-CL","url":"https:\/\/ambipar.com\/latam\/wp-content\/uploads\/2020\/10\/ambipar_color.png","contentUrl":"https:\/\/ambipar.com\/latam\/wp-content\/uploads\/2020\/10\/ambipar_color.png","width":174,"height":107,"caption":"Ambipar"},"image":{"@id":"https:\/\/ambipar.com\/latam\/#logo"}},{"@type":"WebSite","@id":"https:\/\/ambipar.com\/latam\/#website","url":"https:\/\/ambipar.com\/latam\/","name":"Ambipar. A l\u00edder em gest\u00e3o ambiental.","description":"Pioneira em solu\u00e7\u00f5es ambientais, a Ambipar atua em todo o territ\u00f3rio nacional oferecendo solu\u00e7\u00f5es integradas para toda a cadeia de neg\u00f3cio.","publisher":{"@id":"https:\/\/ambipar.com\/latam\/#organization"},"potentialAction":[{"@type":"SearchAction","target":{"@type":"EntryPoint","urlTemplate":"https:\/\/ambipar.com\/latam\/?s={search_term_string}"},"query-input":"required name=search_term_string"}],"inLanguage":"es-CL"},{"@type":"ImageObject","@id":"https:\/\/ambipar.com\/latam\/en\/ambipar-environment\/gestao-e-valorizacao-de-residuos\/engenharia-ambiental\/environmental-licensing\/#primaryimage","inLanguage":"es-CL","url":"https:\/\/ambipar.com\/latam\/wp-content\/uploads\/2020\/10\/aenor.jpg","contentUrl":"https:\/\/ambipar.com\/latam\/wp-content\/uploads\/2020\/10\/aenor.jpg","width":1000,"height":1000,"caption":"aenor"},{"@type":"WebPage","@id":"https:\/\/ambipar.com\/latam\/en\/ambipar-environment\/gestao-e-valorizacao-de-residuos\/engenharia-ambiental\/environmental-licensing\/#webpage","url":"https:\/\/ambipar.com\/latam\/en\/ambipar-environment\/gestao-e-valorizacao-de-residuos\/engenharia-ambiental\/environmental-licensing\/","name":"Discover Ambipar Environment's Environmental Licensing services","isPartOf":{"@id":"https:\/\/ambipar.com\/latam\/#website"},"primaryImageOfPage":{"@id":"https:\/\/ambipar.com\/latam\/en\/ambipar-environment\/gestao-e-valorizacao-de-residuos\/engenharia-ambiental\/environmental-licensing\/#primaryimage"},"datePublished":"2020-11-12T23:34:55+00:00","dateModified":"2021-01-05T23:08:09+00:00","description":"Any potentially polluting activity must be environmentally licensed through its State Regulatory and Supervisory Body.","breadcrumb":{"@id":"https:\/\/ambipar.com\/latam\/en\/ambipar-environment\/gestao-e-valorizacao-de-residuos\/engenharia-ambiental\/environmental-licensing\/#breadcrumb"},"inLanguage":"es-CL","potentialAction":[{"@type":"ReadAction","target":["https:\/\/ambipar.com\/latam\/en\/ambipar-environment\/gestao-e-valorizacao-de-residuos\/engenharia-ambiental\/environmental-licensing\/"]}]},{"@type":"BreadcrumbList","@id":"https:\/\/ambipar.com\/latam\/en\/ambipar-environment\/gestao-e-valorizacao-de-residuos\/engenharia-ambiental\/environmental-licensing\/#breadcrumb","itemListElement":[{"@type":"ListItem","position":1,"name":"Home","item":"https:\/\/ambipar.com\/latam\/"},{"@type":"ListItem","position":2,"name":"Ambipar Environment","item":"https:\/\/ambipar.com\/latam\/pt\/ambipar-environment\/"},{"@type":"ListItem","position":3,"name":"Gest\u00e3o e Valoriza\u00e7\u00e3o de res\u00edduos","item":"https:\/\/ambipar.com\/latam\/pt\/ambipar-environment\/gestao-e-valorizacao-de-residuos\/"},{"@type":"ListItem","position":4,"name":"Engenharia Ambiental","item":"https:\/\/ambipar.com\/latam\/pt\/ambipar-environment\/gestao-e-valorizacao-de-residuos\/engenharia-ambiental\/"},{"@type":"ListItem","position":5,"name":"Environmental Licensing"}]}]}},"_links":{"self":[{"href":"https:\/\/ambipar.com\/latam\/wp-json\/wp\/v2\/pages\/1739"}],"collection":[{"href":"https:\/\/ambipar.com\/latam\/wp-json\/wp\/v2\/pages"}],"about":[{"href":"https:\/\/ambipar.com\/latam\/wp-json\/wp\/v2\/types\/page"}],"author":[{"embeddable":true,"href":"https:\/\/ambipar.com\/latam\/wp-json\/wp\/v2\/users\/1"}],"replies":[{"embeddable":true,"href":"https:\/\/ambipar.com\/latam\/wp-json\/wp\/v2\/comments?post=1739"}],"version-history":[{"count":4,"href":"https:\/\/ambipar.com\/latam\/wp-json\/wp\/v2\/pages\/1739\/revisions"}],"predecessor-version":[{"id":1790,"href":"https:\/\/ambipar.com\/latam\/wp-json\/wp\/v2\/pages\/1739\/revisions\/1790"}],"up":[{"embeddable":true,"href":"https:\/\/ambipar.com\/latam\/wp-json\/wp\/v2\/pages\/362"}],"wp:featuredmedia":[{"embeddable":true,"href":"https:\/\/ambipar.com\/latam\/wp-json\/wp\/v2\/media\/157"}],"wp:attachment":[{"href":"https:\/\/ambipar.com\/latam\/wp-json\/wp\/v2\/media?parent=1739"}],"curies":[{"name":"wp","href":"https:\/\/api.w.org\/{rel}","templated":true}]}}