{"id":1810,"date":"2020-11-14T17:50:34","date_gmt":"2020-11-14T20:50:34","guid":{"rendered":"https:\/\/ambipar.com\/latam\/?page_id=1810"},"modified":"2021-01-05T20:41:26","modified_gmt":"2021-01-05T23:41:26","slug":"risk-analysis-study-ear","status":"publish","type":"page","link":"https:\/\/ambipar.com\/latam\/en\/ambipar-response\/prevencao-de-acidentes\/risk-analysis-study-ear\/","title":{"rendered":"Risk Analysis Study (EAR)"},"content":{"rendered":"\n<p>The Studies of Risk Analysis of accidents in industrial plants are prepared based on the main National and International Technical Standards. The studies prepared by the Ambipar team fully meet the requirements established by state environmental agencies in the project&#8217;s licensing processes, such as CETESB, FEPAM, INEA, INEMA, among others.<\/p>\n\n\n\n<p>In risk analysis studies, field surveys are carried out to obtain information on industrial processes, characterization of the location and identification of the surrounding population. Then, based on hazard identification techniques, frequency and physical effect estimates, vulnerability assessment and the probability of the risk occurring are made.<\/p>\n\n\n\n<p>See too:<\/p>\n\n\n\n<ul><li><a href=\"https:\/\/ambipar.com\/latam\/en\/ambipar-response\/prevencao-de-acidentes\/risk-management-program-pgr\/\">Risk Management Program (PGR)<\/a><\/li><li><a href=\"https:\/\/ambipar.com\/latam\/en\/ambipar-response\/prevencao-de-acidentes\/emergency-action-plan-pae\/\">Emergency Action Plan (PAE)<\/a><\/li><li><a href=\"https:\/\/ambipar.com\/latam\/en\/ambipar-response\/prevencao-de-acidentes\/individual-emergency-plan-pei\/\">Individual Emergency Plan (PEI)<\/a><\/li><li><a href=\"https:\/\/ambipar.com\/latam\/en\/ambipar-response\/prevencao-de-acidentes\/webmapping-2\/\">Webmapping<\/a><\/li><li><a href=\"https:\/\/ambipar.com\/latam\/en\/ambipar-response\/prevencao-de-acidentes\/area-plan-pa\/\">Area Plan (PA)<\/a><\/li><li><\/li><li><a href=\"https:\/\/ambipar.com\/latam\/en\/ambipar-response\/prevencao-de-acidentes\/emergency-control-plan-pce\/\">Emergency Control Plan (PCE)<\/a><\/li><li><a href=\"https:\/\/ambipar.com\/latam\/en\/ambipar-response\/prevencao-de-acidentes\/planning-of-drills\/\">Planning of Drills<\/a><\/li><li>Technical Consulting on the Legislation about Storage and Transportation of Hazardous Products:<ul><li><a href=\"https:\/\/ambipar.com\/latam\/en\/ambipar-response\/prevencao-de-acidentes\/environmental-licensing\/\">Environmental Licensing<\/a><\/li><li><a href=\"https:\/\/ambipar.com\/latam\/en\/ambipar-response\/prevencao-de-acidentes\/special-license-for-hazardous-products-transit-letpp\/\">Special License for Hazardous Products Transit (LETPP)<\/a><\/li><\/ul><ul><li><a href=\"https:\/\/ambipar.com\/latam\/ambipar-response\/prevencao-de-acidentes\/documentos-tecnicos\/\">Technical Documents<\/a><\/li><li><a href=\"https:\/\/ambipar.com\/latam\/en\/ambipar-response\/prevencao-de-acidentes\/manuals\/\">Manuals<\/a><\/li><\/ul><\/li><\/ul>\n","protected":false},"excerpt":{"rendered":"The Studies of Risk Analysis of accidents in industrial plants are prepared based on the main National and International Technical Standards. The studies prepared by the Ambipar team fully meet the requirements established by state environmental agencies in the project&#8217;s licensing processes, such as CETESB, FEPAM, INEA, INEMA, among others. In risk analysis studies, field&#8230; <a class=\"view-article\" href=\"https:\/\/ambipar.com\/latam\/en\/ambipar-response\/prevencao-de-acidentes\/risk-analysis-study-ear\/\">Ver art\u00edculo<\/a>","protected":false},"author":1,"featured_media":379,"parent":374,"menu_order":0,"comment_status":"closed","ping_status":"closed","template":"single-servicos.php","meta":[],"yoast_head":"<!-- This site is optimized with the Yoast SEO plugin v17.6 - https:\/\/yoast.com\/wordpress\/plugins\/seo\/ -->\n<title>Discover the Risk Analysis Study (EAR) offered by Ambipar<\/title>\n<meta name=\"description\" content=\"Studies of risk analysis of accidents in industrial plants are prepared based on the main Technical Standards.\" \/>\n<meta name=\"robots\" content=\"index, follow, max-snippet:-1, max-image-preview:large, max-video-preview:-1\" \/>\n<link rel=\"canonical\" href=\"https:\/\/ambipar.com\/latam\/en\/ambipar-response\/prevencao-de-acidentes\/risk-analysis-study-ear\/\" \/>\n<meta property=\"og:locale\" content=\"es_ES\" \/>\n<meta property=\"og:type\" content=\"article\" \/>\n<meta property=\"og:title\" content=\"Discover the Risk Analysis Study (EAR) offered by Ambipar\" \/>\n<meta property=\"og:description\" content=\"Studies of risk analysis of accidents in industrial plants are prepared based on the main Technical Standards.\" \/>\n<meta property=\"og:url\" content=\"https:\/\/ambipar.com\/latam\/en\/ambipar-response\/prevencao-de-acidentes\/risk-analysis-study-ear\/\" \/>\n<meta property=\"og:site_name\" content=\"Ambipar. A l\u00edder em gest\u00e3o ambiental.\" \/>\n<meta property=\"article:modified_time\" content=\"2021-01-05T23:41:26+00:00\" \/>\n<meta property=\"og:image\" content=\"https:\/\/ambipar.com\/latam\/wp-content\/uploads\/2020\/10\/tanque-de-armazenamento-e-refinaria_EDITED.jpg\" \/>\n\t<meta property=\"og:image:width\" content=\"1008\" \/>\n\t<meta property=\"og:image:height\" content=\"1004\" \/>\n<meta name=\"twitter:card\" content=\"summary_large_image\" \/>\n<meta name=\"twitter:label1\" content=\"Est. reading time\" \/>\n\t<meta name=\"twitter:data1\" content=\"1 minuto\" \/>\n<script type=\"application\/ld+json\" class=\"yoast-schema-graph\">{\"@context\":\"https:\/\/schema.org\",\"@graph\":[{\"@type\":\"Organization\",\"@id\":\"https:\/\/ambipar.com\/latam\/#organization\",\"name\":\"Ambipar\",\"url\":\"https:\/\/ambipar.com\/latam\/\",\"sameAs\":[],\"logo\":{\"@type\":\"ImageObject\",\"@id\":\"https:\/\/ambipar.com\/latam\/#logo\",\"inLanguage\":\"es-CL\",\"url\":\"https:\/\/ambipar.com\/latam\/wp-content\/uploads\/2020\/10\/ambipar_color.png\",\"contentUrl\":\"https:\/\/ambipar.com\/latam\/wp-content\/uploads\/2020\/10\/ambipar_color.png\",\"width\":174,\"height\":107,\"caption\":\"Ambipar\"},\"image\":{\"@id\":\"https:\/\/ambipar.com\/latam\/#logo\"}},{\"@type\":\"WebSite\",\"@id\":\"https:\/\/ambipar.com\/latam\/#website\",\"url\":\"https:\/\/ambipar.com\/latam\/\",\"name\":\"Ambipar. A l\\u00edder em gest\\u00e3o ambiental.\",\"description\":\"Pioneira em solu\\u00e7\\u00f5es ambientais, a Ambipar atua em todo o territ\\u00f3rio nacional oferecendo solu\\u00e7\\u00f5es integradas para toda a cadeia de neg\\u00f3cio.\",\"publisher\":{\"@id\":\"https:\/\/ambipar.com\/latam\/#organization\"},\"potentialAction\":[{\"@type\":\"SearchAction\",\"target\":{\"@type\":\"EntryPoint\",\"urlTemplate\":\"https:\/\/ambipar.com\/latam\/?s={search_term_string}\"},\"query-input\":\"required name=search_term_string\"}],\"inLanguage\":\"es-CL\"},{\"@type\":\"ImageObject\",\"@id\":\"https:\/\/ambipar.com\/latam\/en\/ambipar-response\/prevencao-de-acidentes\/risk-analysis-study-ear\/#primaryimage\",\"inLanguage\":\"es-CL\",\"url\":\"https:\/\/ambipar.com\/latam\/wp-content\/uploads\/2020\/10\/tanque-de-armazenamento-e-refinaria_EDITED.jpg\",\"contentUrl\":\"https:\/\/ambipar.com\/latam\/wp-content\/uploads\/2020\/10\/tanque-de-armazenamento-e-refinaria_EDITED.jpg\",\"width\":1008,\"height\":1004,\"caption\":\"tanque de armazenamento e refinaria_\"},{\"@type\":\"WebPage\",\"@id\":\"https:\/\/ambipar.com\/latam\/en\/ambipar-response\/prevencao-de-acidentes\/risk-analysis-study-ear\/#webpage\",\"url\":\"https:\/\/ambipar.com\/latam\/en\/ambipar-response\/prevencao-de-acidentes\/risk-analysis-study-ear\/\",\"name\":\"Discover the Risk Analysis Study (EAR) offered by Ambipar\",\"isPartOf\":{\"@id\":\"https:\/\/ambipar.com\/latam\/#website\"},\"primaryImageOfPage\":{\"@id\":\"https:\/\/ambipar.com\/latam\/en\/ambipar-response\/prevencao-de-acidentes\/risk-analysis-study-ear\/#primaryimage\"},\"datePublished\":\"2020-11-14T20:50:34+00:00\",\"dateModified\":\"2021-01-05T23:41:26+00:00\",\"description\":\"Studies of risk analysis of accidents in industrial plants are prepared based on the main Technical Standards.\",\"breadcrumb\":{\"@id\":\"https:\/\/ambipar.com\/latam\/en\/ambipar-response\/prevencao-de-acidentes\/risk-analysis-study-ear\/#breadcrumb\"},\"inLanguage\":\"es-CL\",\"potentialAction\":[{\"@type\":\"ReadAction\",\"target\":[\"https:\/\/ambipar.com\/latam\/en\/ambipar-response\/prevencao-de-acidentes\/risk-analysis-study-ear\/\"]}]},{\"@type\":\"BreadcrumbList\",\"@id\":\"https:\/\/ambipar.com\/latam\/en\/ambipar-response\/prevencao-de-acidentes\/risk-analysis-study-ear\/#breadcrumb\",\"itemListElement\":[{\"@type\":\"ListItem\",\"position\":1,\"name\":\"Home\",\"item\":\"https:\/\/ambipar.com\/latam\/\"},{\"@type\":\"ListItem\",\"position\":2,\"name\":\"Ambipar Response\",\"item\":\"https:\/\/ambipar.com\/latam\/pt\/ambipar-response\/\"},{\"@type\":\"ListItem\",\"position\":3,\"name\":\"Preven\\u00e7\\u00e3o de Acidentes\",\"item\":\"https:\/\/ambipar.com\/latam\/pt\/ambipar-response\/prevencao-de-acidentes\/\"},{\"@type\":\"ListItem\",\"position\":4,\"name\":\"Risk Analysis Study (EAR)\"}]}]}<\/script>\n<!-- \/ Yoast SEO plugin. -->","yoast_head_json":{"title":"Discover the Risk Analysis Study (EAR) offered by Ambipar","description":"Studies of risk analysis of accidents in industrial plants are prepared based on the main Technical Standards.","robots":{"index":"index","follow":"follow","max-snippet":"max-snippet:-1","max-image-preview":"max-image-preview:large","max-video-preview":"max-video-preview:-1"},"canonical":"https:\/\/ambipar.com\/latam\/en\/ambipar-response\/prevencao-de-acidentes\/risk-analysis-study-ear\/","og_locale":"es_ES","og_type":"article","og_title":"Discover the Risk Analysis Study (EAR) offered by Ambipar","og_description":"Studies of risk analysis of accidents in industrial plants are prepared based on the main Technical Standards.","og_url":"https:\/\/ambipar.com\/latam\/en\/ambipar-response\/prevencao-de-acidentes\/risk-analysis-study-ear\/","og_site_name":"Ambipar. A l\u00edder em gest\u00e3o ambiental.","article_modified_time":"2021-01-05T23:41:26+00:00","og_image":[{"width":1008,"height":1004,"url":"https:\/\/ambipar.com\/latam\/wp-content\/uploads\/2020\/10\/tanque-de-armazenamento-e-refinaria_EDITED.jpg","type":"image\/jpeg"}],"twitter_card":"summary_large_image","twitter_misc":{"Est. reading time":"1 minuto"},"schema":{"@context":"https:\/\/schema.org","@graph":[{"@type":"Organization","@id":"https:\/\/ambipar.com\/latam\/#organization","name":"Ambipar","url":"https:\/\/ambipar.com\/latam\/","sameAs":[],"logo":{"@type":"ImageObject","@id":"https:\/\/ambipar.com\/latam\/#logo","inLanguage":"es-CL","url":"https:\/\/ambipar.com\/latam\/wp-content\/uploads\/2020\/10\/ambipar_color.png","contentUrl":"https:\/\/ambipar.com\/latam\/wp-content\/uploads\/2020\/10\/ambipar_color.png","width":174,"height":107,"caption":"Ambipar"},"image":{"@id":"https:\/\/ambipar.com\/latam\/#logo"}},{"@type":"WebSite","@id":"https:\/\/ambipar.com\/latam\/#website","url":"https:\/\/ambipar.com\/latam\/","name":"Ambipar. A l\u00edder em gest\u00e3o ambiental.","description":"Pioneira em solu\u00e7\u00f5es ambientais, a Ambipar atua em todo o territ\u00f3rio nacional oferecendo solu\u00e7\u00f5es integradas para toda a cadeia de neg\u00f3cio.","publisher":{"@id":"https:\/\/ambipar.com\/latam\/#organization"},"potentialAction":[{"@type":"SearchAction","target":{"@type":"EntryPoint","urlTemplate":"https:\/\/ambipar.com\/latam\/?s={search_term_string}"},"query-input":"required name=search_term_string"}],"inLanguage":"es-CL"},{"@type":"ImageObject","@id":"https:\/\/ambipar.com\/latam\/en\/ambipar-response\/prevencao-de-acidentes\/risk-analysis-study-ear\/#primaryimage","inLanguage":"es-CL","url":"https:\/\/ambipar.com\/latam\/wp-content\/uploads\/2020\/10\/tanque-de-armazenamento-e-refinaria_EDITED.jpg","contentUrl":"https:\/\/ambipar.com\/latam\/wp-content\/uploads\/2020\/10\/tanque-de-armazenamento-e-refinaria_EDITED.jpg","width":1008,"height":1004,"caption":"tanque de armazenamento e refinaria_"},{"@type":"WebPage","@id":"https:\/\/ambipar.com\/latam\/en\/ambipar-response\/prevencao-de-acidentes\/risk-analysis-study-ear\/#webpage","url":"https:\/\/ambipar.com\/latam\/en\/ambipar-response\/prevencao-de-acidentes\/risk-analysis-study-ear\/","name":"Discover the Risk Analysis Study (EAR) offered by Ambipar","isPartOf":{"@id":"https:\/\/ambipar.com\/latam\/#website"},"primaryImageOfPage":{"@id":"https:\/\/ambipar.com\/latam\/en\/ambipar-response\/prevencao-de-acidentes\/risk-analysis-study-ear\/#primaryimage"},"datePublished":"2020-11-14T20:50:34+00:00","dateModified":"2021-01-05T23:41:26+00:00","description":"Studies of risk analysis of accidents in industrial plants are prepared based on the main Technical Standards.","breadcrumb":{"@id":"https:\/\/ambipar.com\/latam\/en\/ambipar-response\/prevencao-de-acidentes\/risk-analysis-study-ear\/#breadcrumb"},"inLanguage":"es-CL","potentialAction":[{"@type":"ReadAction","target":["https:\/\/ambipar.com\/latam\/en\/ambipar-response\/prevencao-de-acidentes\/risk-analysis-study-ear\/"]}]},{"@type":"BreadcrumbList","@id":"https:\/\/ambipar.com\/latam\/en\/ambipar-response\/prevencao-de-acidentes\/risk-analysis-study-ear\/#breadcrumb","itemListElement":[{"@type":"ListItem","position":1,"name":"Home","item":"https:\/\/ambipar.com\/latam\/"},{"@type":"ListItem","position":2,"name":"Ambipar Response","item":"https:\/\/ambipar.com\/latam\/pt\/ambipar-response\/"},{"@type":"ListItem","position":3,"name":"Preven\u00e7\u00e3o de Acidentes","item":"https:\/\/ambipar.com\/latam\/pt\/ambipar-response\/prevencao-de-acidentes\/"},{"@type":"ListItem","position":4,"name":"Risk Analysis Study (EAR)"}]}]}},"_links":{"self":[{"href":"https:\/\/ambipar.com\/latam\/wp-json\/wp\/v2\/pages\/1810"}],"collection":[{"href":"https:\/\/ambipar.com\/latam\/wp-json\/wp\/v2\/pages"}],"about":[{"href":"https:\/\/ambipar.com\/latam\/wp-json\/wp\/v2\/types\/page"}],"author":[{"embeddable":true,"href":"https:\/\/ambipar.com\/latam\/wp-json\/wp\/v2\/users\/1"}],"replies":[{"embeddable":true,"href":"https:\/\/ambipar.com\/latam\/wp-json\/wp\/v2\/comments?post=1810"}],"version-history":[{"count":3,"href":"https:\/\/ambipar.com\/latam\/wp-json\/wp\/v2\/pages\/1810\/revisions"}],"predecessor-version":[{"id":2446,"href":"https:\/\/ambipar.com\/latam\/wp-json\/wp\/v2\/pages\/1810\/revisions\/2446"}],"up":[{"embeddable":true,"href":"https:\/\/ambipar.com\/latam\/wp-json\/wp\/v2\/pages\/374"}],"wp:featuredmedia":[{"embeddable":true,"href":"https:\/\/ambipar.com\/latam\/wp-json\/wp\/v2\/media\/379"}],"wp:attachment":[{"href":"https:\/\/ambipar.com\/latam\/wp-json\/wp\/v2\/media?parent=1810"}],"curies":[{"name":"wp","href":"https:\/\/api.w.org\/{rel}","templated":true}]}}