{"id":1816,"date":"2020-11-14T18:03:01","date_gmt":"2020-11-14T21:03:01","guid":{"rendered":"https:\/\/ambipar.com\/latam\/?page_id=1816"},"modified":"2021-01-05T20:41:36","modified_gmt":"2021-01-05T23:41:36","slug":"risk-management-program-pgr","status":"publish","type":"page","link":"https:\/\/ambipar.com\/latam\/en\/ambipar-response\/prevencao-de-acidentes\/risk-management-program-pgr\/","title":{"rendered":"Risk Management Program (PGR)"},"content":{"rendered":"\n<p>The Risk Management Program is based on a set of rules, procedures and technical instructions structured and applicable to the activities carried out on the companies&#8217; premises. Its objective is to recognize and assess environmental risks, as well as to plan priority actions aimed at eliminating or, at least, reducing these risks, in addition to seeking to maintain an installation operating within safety standards considered tolerable throughout its life. useful life.<\/p>\n\n\n\n<p>To achieve the effectiveness of PGR actions, its structure is based on:<\/p>\n\n\n\n<ul><li>Process safety information<\/li><li>Review of process risks<\/li><li>Change management<\/li><li>Maintenance and ensuring the integrity of critical systems<\/li><li>Operational procedures<\/li><li>Human Resources Training<\/li><li>Incident Investigation<\/li><li>Emergency Plan<\/li><li>Communication Program Guidelines Risk Management<\/li><li>Audits<\/li><li>PGR Disclosure and Maintenance<\/li><\/ul>\n\n\n\n<p>See too:<\/p>\n\n\n\n<ul id=\"block-4a8a5fd3-86de-47e4-a684-ce6c02490c4b\"><li><a href=\"https:\/\/ambipar.com\/latam\/en\/ambipar-response\/prevencao-de-acidentes\/risk-analysis-study-ear\/\">Risk Analysis Study (EAR)<\/a><\/li><li><a href=\"https:\/\/ambipar.com\/latam\/en\/ambipar-response\/prevencao-de-acidentes\/emergency-action-plan-pae\/\">Emergency Action Plan (PAE)<\/a><\/li><li><a href=\"https:\/\/ambipar.com\/latam\/en\/ambipar-response\/prevencao-de-acidentes\/individual-emergency-plan-pei\/\">Individual Emergency Plan (PEI)<\/a><\/li><li><a href=\"https:\/\/ambipar.com\/latam\/en\/ambipar-response\/prevencao-de-acidentes\/webmapping-2\/\">Webmapping<\/a><\/li><li><a href=\"https:\/\/ambipar.com\/latam\/en\/ambipar-response\/prevencao-de-acidentes\/area-plan-pa\/\">Area Plan (PA)<\/a><\/li><li><a href=\"https:\/\/ambipar.com\/latam\/en\/ambipar-response\/prevencao-de-acidentes\/emergency-control-plan-pce\/\">Emergency Control Plan (PCE)<\/a><\/li><li><a href=\"https:\/\/ambipar.com\/latam\/en\/ambipar-response\/prevencao-de-acidentes\/planning-of-drills\/\">Planning of Drills<\/a><\/li><li>Technical Consulting on the Legislation about Storage and Transportation of Hazardous Products:<ul><li><a href=\"https:\/\/ambipar.com\/latam\/en\/ambipar-response\/prevencao-de-acidentes\/environmental-licensing\/\">Environmental Licensing<\/a><\/li><li><a href=\"https:\/\/ambipar.com\/latam\/en\/ambipar-response\/prevencao-de-acidentes\/special-license-for-hazardous-products-transit-letpp\/\">Special License for Hazardous Products Transit (LETPP)<\/a><\/li><\/ul><ul><li><a href=\"https:\/\/ambipar.com\/latam\/en\/ambipar-response\/prevencao-de-acidentes\/technical-documents\/\">Technical Documents<\/a><\/li><li><a href=\"https:\/\/ambipar.com\/latam\/en\/ambipar-response\/prevencao-de-acidentes\/manuals\/\">Manuals<\/a><\/li><\/ul><\/li><\/ul>\n","protected":false},"excerpt":{"rendered":"The Risk Management Program is based on a set of rules, procedures and technical instructions structured and applicable to the activities carried out on the companies&#8217; premises. Its objective is to recognize and assess environmental risks, as well as to plan priority actions aimed at eliminating or, at least, reducing these risks, in addition to&#8230; <a class=\"view-article\" href=\"https:\/\/ambipar.com\/latam\/en\/ambipar-response\/prevencao-de-acidentes\/risk-management-program-pgr\/\">Ver art\u00edculo<\/a>","protected":false},"author":1,"featured_media":381,"parent":374,"menu_order":0,"comment_status":"closed","ping_status":"closed","template":"single-servicos.php","meta":[],"yoast_head":"<!-- This site is optimized with the Yoast SEO plugin v17.6 - https:\/\/yoast.com\/wordpress\/plugins\/seo\/ -->\n<title>Discover Ambipar&#039;s Risk Management Program (PGR)<\/title>\n<meta name=\"description\" content=\"The Risk Management Program (PGR) is based on a set of standards, procedures and technical instructions structured and applicable\" \/>\n<meta name=\"robots\" content=\"index, follow, max-snippet:-1, max-image-preview:large, max-video-preview:-1\" \/>\n<link rel=\"canonical\" href=\"https:\/\/ambipar.com\/latam\/en\/ambipar-response\/prevencao-de-acidentes\/risk-management-program-pgr\/\" \/>\n<meta property=\"og:locale\" content=\"es_ES\" \/>\n<meta property=\"og:type\" content=\"article\" \/>\n<meta property=\"og:title\" content=\"Discover Ambipar&#039;s Risk Management Program (PGR)\" \/>\n<meta property=\"og:description\" content=\"The Risk Management Program (PGR) is based on a set of standards, procedures and technical instructions structured and applicable\" \/>\n<meta property=\"og:url\" content=\"https:\/\/ambipar.com\/latam\/en\/ambipar-response\/prevencao-de-acidentes\/risk-management-program-pgr\/\" \/>\n<meta property=\"og:site_name\" content=\"Ambipar. A l\u00edder em gest\u00e3o ambiental.\" \/>\n<meta property=\"article:modified_time\" content=\"2021-01-05T23:41:36+00:00\" \/>\n<meta property=\"og:image\" content=\"https:\/\/ambipar.com\/latam\/wp-content\/uploads\/2020\/10\/PGR.jpg\" \/>\n\t<meta property=\"og:image:width\" content=\"1000\" \/>\n\t<meta property=\"og:image:height\" content=\"1000\" \/>\n<meta name=\"twitter:card\" content=\"summary_large_image\" \/>\n<meta name=\"twitter:label1\" content=\"Est. reading time\" \/>\n\t<meta name=\"twitter:data1\" content=\"1 minuto\" \/>\n<script type=\"application\/ld+json\" class=\"yoast-schema-graph\">{\"@context\":\"https:\/\/schema.org\",\"@graph\":[{\"@type\":\"Organization\",\"@id\":\"https:\/\/ambipar.com\/latam\/#organization\",\"name\":\"Ambipar\",\"url\":\"https:\/\/ambipar.com\/latam\/\",\"sameAs\":[],\"logo\":{\"@type\":\"ImageObject\",\"@id\":\"https:\/\/ambipar.com\/latam\/#logo\",\"inLanguage\":\"es-CL\",\"url\":\"https:\/\/ambipar.com\/latam\/wp-content\/uploads\/2020\/10\/ambipar_color.png\",\"contentUrl\":\"https:\/\/ambipar.com\/latam\/wp-content\/uploads\/2020\/10\/ambipar_color.png\",\"width\":174,\"height\":107,\"caption\":\"Ambipar\"},\"image\":{\"@id\":\"https:\/\/ambipar.com\/latam\/#logo\"}},{\"@type\":\"WebSite\",\"@id\":\"https:\/\/ambipar.com\/latam\/#website\",\"url\":\"https:\/\/ambipar.com\/latam\/\",\"name\":\"Ambipar. A l\\u00edder em gest\\u00e3o ambiental.\",\"description\":\"Pioneira em solu\\u00e7\\u00f5es ambientais, a Ambipar atua em todo o territ\\u00f3rio nacional oferecendo solu\\u00e7\\u00f5es integradas para toda a cadeia de neg\\u00f3cio.\",\"publisher\":{\"@id\":\"https:\/\/ambipar.com\/latam\/#organization\"},\"potentialAction\":[{\"@type\":\"SearchAction\",\"target\":{\"@type\":\"EntryPoint\",\"urlTemplate\":\"https:\/\/ambipar.com\/latam\/?s={search_term_string}\"},\"query-input\":\"required name=search_term_string\"}],\"inLanguage\":\"es-CL\"},{\"@type\":\"ImageObject\",\"@id\":\"https:\/\/ambipar.com\/latam\/en\/ambipar-response\/prevencao-de-acidentes\/risk-management-program-pgr\/#primaryimage\",\"inLanguage\":\"es-CL\",\"url\":\"https:\/\/ambipar.com\/latam\/wp-content\/uploads\/2020\/10\/PGR.jpg\",\"contentUrl\":\"https:\/\/ambipar.com\/latam\/wp-content\/uploads\/2020\/10\/PGR.jpg\",\"width\":1000,\"height\":1000,\"caption\":\"PGR\"},{\"@type\":\"WebPage\",\"@id\":\"https:\/\/ambipar.com\/latam\/en\/ambipar-response\/prevencao-de-acidentes\/risk-management-program-pgr\/#webpage\",\"url\":\"https:\/\/ambipar.com\/latam\/en\/ambipar-response\/prevencao-de-acidentes\/risk-management-program-pgr\/\",\"name\":\"Discover Ambipar's Risk Management Program (PGR)\",\"isPartOf\":{\"@id\":\"https:\/\/ambipar.com\/latam\/#website\"},\"primaryImageOfPage\":{\"@id\":\"https:\/\/ambipar.com\/latam\/en\/ambipar-response\/prevencao-de-acidentes\/risk-management-program-pgr\/#primaryimage\"},\"datePublished\":\"2020-11-14T21:03:01+00:00\",\"dateModified\":\"2021-01-05T23:41:36+00:00\",\"description\":\"The Risk Management Program (PGR) is based on a set of standards, procedures and technical instructions structured and applicable\",\"breadcrumb\":{\"@id\":\"https:\/\/ambipar.com\/latam\/en\/ambipar-response\/prevencao-de-acidentes\/risk-management-program-pgr\/#breadcrumb\"},\"inLanguage\":\"es-CL\",\"potentialAction\":[{\"@type\":\"ReadAction\",\"target\":[\"https:\/\/ambipar.com\/latam\/en\/ambipar-response\/prevencao-de-acidentes\/risk-management-program-pgr\/\"]}]},{\"@type\":\"BreadcrumbList\",\"@id\":\"https:\/\/ambipar.com\/latam\/en\/ambipar-response\/prevencao-de-acidentes\/risk-management-program-pgr\/#breadcrumb\",\"itemListElement\":[{\"@type\":\"ListItem\",\"position\":1,\"name\":\"Home\",\"item\":\"https:\/\/ambipar.com\/latam\/\"},{\"@type\":\"ListItem\",\"position\":2,\"name\":\"Ambipar Response\",\"item\":\"https:\/\/ambipar.com\/latam\/pt\/ambipar-response\/\"},{\"@type\":\"ListItem\",\"position\":3,\"name\":\"Preven\\u00e7\\u00e3o de Acidentes\",\"item\":\"https:\/\/ambipar.com\/latam\/pt\/ambipar-response\/prevencao-de-acidentes\/\"},{\"@type\":\"ListItem\",\"position\":4,\"name\":\"Risk Management Program (PGR)\"}]}]}<\/script>\n<!-- \/ Yoast SEO plugin. -->","yoast_head_json":{"title":"Discover Ambipar's Risk Management Program (PGR)","description":"The Risk Management Program (PGR) is based on a set of standards, procedures and technical instructions structured and applicable","robots":{"index":"index","follow":"follow","max-snippet":"max-snippet:-1","max-image-preview":"max-image-preview:large","max-video-preview":"max-video-preview:-1"},"canonical":"https:\/\/ambipar.com\/latam\/en\/ambipar-response\/prevencao-de-acidentes\/risk-management-program-pgr\/","og_locale":"es_ES","og_type":"article","og_title":"Discover Ambipar's Risk Management Program (PGR)","og_description":"The Risk Management Program (PGR) is based on a set of standards, procedures and technical instructions structured and applicable","og_url":"https:\/\/ambipar.com\/latam\/en\/ambipar-response\/prevencao-de-acidentes\/risk-management-program-pgr\/","og_site_name":"Ambipar. A l\u00edder em gest\u00e3o ambiental.","article_modified_time":"2021-01-05T23:41:36+00:00","og_image":[{"width":1000,"height":1000,"url":"https:\/\/ambipar.com\/latam\/wp-content\/uploads\/2020\/10\/PGR.jpg","type":"image\/jpeg"}],"twitter_card":"summary_large_image","twitter_misc":{"Est. reading time":"1 minuto"},"schema":{"@context":"https:\/\/schema.org","@graph":[{"@type":"Organization","@id":"https:\/\/ambipar.com\/latam\/#organization","name":"Ambipar","url":"https:\/\/ambipar.com\/latam\/","sameAs":[],"logo":{"@type":"ImageObject","@id":"https:\/\/ambipar.com\/latam\/#logo","inLanguage":"es-CL","url":"https:\/\/ambipar.com\/latam\/wp-content\/uploads\/2020\/10\/ambipar_color.png","contentUrl":"https:\/\/ambipar.com\/latam\/wp-content\/uploads\/2020\/10\/ambipar_color.png","width":174,"height":107,"caption":"Ambipar"},"image":{"@id":"https:\/\/ambipar.com\/latam\/#logo"}},{"@type":"WebSite","@id":"https:\/\/ambipar.com\/latam\/#website","url":"https:\/\/ambipar.com\/latam\/","name":"Ambipar. A l\u00edder em gest\u00e3o ambiental.","description":"Pioneira em solu\u00e7\u00f5es ambientais, a Ambipar atua em todo o territ\u00f3rio nacional oferecendo solu\u00e7\u00f5es integradas para toda a cadeia de neg\u00f3cio.","publisher":{"@id":"https:\/\/ambipar.com\/latam\/#organization"},"potentialAction":[{"@type":"SearchAction","target":{"@type":"EntryPoint","urlTemplate":"https:\/\/ambipar.com\/latam\/?s={search_term_string}"},"query-input":"required name=search_term_string"}],"inLanguage":"es-CL"},{"@type":"ImageObject","@id":"https:\/\/ambipar.com\/latam\/en\/ambipar-response\/prevencao-de-acidentes\/risk-management-program-pgr\/#primaryimage","inLanguage":"es-CL","url":"https:\/\/ambipar.com\/latam\/wp-content\/uploads\/2020\/10\/PGR.jpg","contentUrl":"https:\/\/ambipar.com\/latam\/wp-content\/uploads\/2020\/10\/PGR.jpg","width":1000,"height":1000,"caption":"PGR"},{"@type":"WebPage","@id":"https:\/\/ambipar.com\/latam\/en\/ambipar-response\/prevencao-de-acidentes\/risk-management-program-pgr\/#webpage","url":"https:\/\/ambipar.com\/latam\/en\/ambipar-response\/prevencao-de-acidentes\/risk-management-program-pgr\/","name":"Discover Ambipar's Risk Management Program (PGR)","isPartOf":{"@id":"https:\/\/ambipar.com\/latam\/#website"},"primaryImageOfPage":{"@id":"https:\/\/ambipar.com\/latam\/en\/ambipar-response\/prevencao-de-acidentes\/risk-management-program-pgr\/#primaryimage"},"datePublished":"2020-11-14T21:03:01+00:00","dateModified":"2021-01-05T23:41:36+00:00","description":"The Risk Management Program (PGR) is based on a set of standards, procedures and technical instructions structured and applicable","breadcrumb":{"@id":"https:\/\/ambipar.com\/latam\/en\/ambipar-response\/prevencao-de-acidentes\/risk-management-program-pgr\/#breadcrumb"},"inLanguage":"es-CL","potentialAction":[{"@type":"ReadAction","target":["https:\/\/ambipar.com\/latam\/en\/ambipar-response\/prevencao-de-acidentes\/risk-management-program-pgr\/"]}]},{"@type":"BreadcrumbList","@id":"https:\/\/ambipar.com\/latam\/en\/ambipar-response\/prevencao-de-acidentes\/risk-management-program-pgr\/#breadcrumb","itemListElement":[{"@type":"ListItem","position":1,"name":"Home","item":"https:\/\/ambipar.com\/latam\/"},{"@type":"ListItem","position":2,"name":"Ambipar Response","item":"https:\/\/ambipar.com\/latam\/pt\/ambipar-response\/"},{"@type":"ListItem","position":3,"name":"Preven\u00e7\u00e3o de Acidentes","item":"https:\/\/ambipar.com\/latam\/pt\/ambipar-response\/prevencao-de-acidentes\/"},{"@type":"ListItem","position":4,"name":"Risk Management Program (PGR)"}]}]}},"_links":{"self":[{"href":"https:\/\/ambipar.com\/latam\/wp-json\/wp\/v2\/pages\/1816"}],"collection":[{"href":"https:\/\/ambipar.com\/latam\/wp-json\/wp\/v2\/pages"}],"about":[{"href":"https:\/\/ambipar.com\/latam\/wp-json\/wp\/v2\/types\/page"}],"author":[{"embeddable":true,"href":"https:\/\/ambipar.com\/latam\/wp-json\/wp\/v2\/users\/1"}],"replies":[{"embeddable":true,"href":"https:\/\/ambipar.com\/latam\/wp-json\/wp\/v2\/comments?post=1816"}],"version-history":[{"count":3,"href":"https:\/\/ambipar.com\/latam\/wp-json\/wp\/v2\/pages\/1816\/revisions"}],"predecessor-version":[{"id":2456,"href":"https:\/\/ambipar.com\/latam\/wp-json\/wp\/v2\/pages\/1816\/revisions\/2456"}],"up":[{"embeddable":true,"href":"https:\/\/ambipar.com\/latam\/wp-json\/wp\/v2\/pages\/374"}],"wp:featuredmedia":[{"embeddable":true,"href":"https:\/\/ambipar.com\/latam\/wp-json\/wp\/v2\/media\/381"}],"wp:attachment":[{"href":"https:\/\/ambipar.com\/latam\/wp-json\/wp\/v2\/media?parent=1816"}],"curies":[{"name":"wp","href":"https:\/\/api.w.org\/{rel}","templated":true}]}}