{"id":1826,"date":"2020-11-14T18:18:30","date_gmt":"2020-11-14T21:18:30","guid":{"rendered":"https:\/\/ambipar.com\/latam\/?page_id=1826"},"modified":"2021-10-13T14:59:28","modified_gmt":"2021-10-13T17:59:28","slug":"plan-de-accion-en-emergencia-pae","status":"publish","type":"page","link":"https:\/\/ambipar.com\/latam\/ambipar-response-3\/prevencion-de-accidentes\/plan-de-accion-en-emergencia-pae\/","title":{"rendered":"Plan de Acci\u00f3n en Emergencia (PAE)"},"content":{"rendered":"\n<p>El PAE proporciona un conjunto de lineamientos, datos e informaci\u00f3n que brindan las condiciones necesarias para la adopci\u00f3n de procedimientos l\u00f3gicos, t\u00e9cnicos y administrativos, estructurados para ser activados r\u00e1pidamente en situaciones de emergencia, para minimizar los impactos a la poblaci\u00f3n y al medio ambiente.<\/p>\n\n\n\n<p>El documento se basa en los resultados obtenidos en el estudio de an\u00e1lisis y valoraci\u00f3n de riesgos, con el fin de contemplar el riesgo de mayor gravedad, identificado en las fases iniciales de los estudios.<\/p>\n\n\n\n<p>Su estructura se basa en:<\/p>\n\n\n\n<ul><li>Descripci\u00f3n de las instalaciones involucradas<\/li><li>Escenarios accidentales considerados<\/li><li>\u00c1rea de cobertura y limitaciones del plan<\/li><li>Estructura organizativa<\/li><li>Desencadenar diagrama de flujo<\/li><li>Acciones para responder a situaciones de emergencia<\/li><li>Divulgaci\u00f3n, implementaci\u00f3n, integraci\u00f3n con otras instituciones y mantenimiento del plan.<\/li><\/ul>\n\n\n\n<p>Vea tambi\u00e9n:<\/p>\n\n\n\n<ul id=\"block-4a8a5fd3-86de-47e4-a684-ce6c02490c4b\"><li><a href=\"https:\/\/ambipar.com\/latam\/ambipar-response-3\/prevencion-de-accidentes\/estudio-de-analisis-de-riesgo-ear\/\">Estudio de An\u00e1lisis de Riesgo (EAR)<\/a><\/li><li><a href=\"https:\/\/ambipar.com\/latam\/ambipar-response-3\/prevencion-de-accidentes\/programa-de-gestion-de-riesgo-pgr\/\">Programa de Gesti\u00f3n de Riesgo (PGR)<\/a><\/li><li><a href=\"https:\/\/ambipar.com\/latam\/ambipar-response-3\/prevencion-de-accidentes\/plan-de-accion-en-emergencia-pae\/\">Plan de Acci\u00f3n en Emergencia ( PAE)<\/a><\/li><li><a href=\"https:\/\/ambipar.com\/latam\/ambipar-response-3\/prevencion-de-accidentes\/plan-de-emergencia-individual-pei\/\">Plan de Emergencia Individual (PEI)<\/a><\/li><li><a href=\"https:\/\/ambipar.com\/latam\/ambipar-response-3\/prevencion-de-accidentes\/webmapping-3\/\">Webmapping<\/a><\/li><li><a href=\"https:\/\/ambipar.com\/latam\/ambipar-response-3\/prevencion-de-accidentes\/plan-de-area-pa\/\">Plan de \u00c1rea (PA)<\/a><\/li><li><a href=\"https:\/\/ambipar.com\/latam\/ambipar-response-3\/prevencion-de-accidentes\/plan-de-control-de-emergencias-pce\/\">Plan de Control de Emergencias (PCE)<\/a><\/li><li><a href=\"https:\/\/ambipar.com\/latam\/ambipar-response-3\/prevencion-de-accidentes\/planificacion-de-simulacion\/\">Planificaci\u00f3n de Simulaci\u00f3n<\/a><\/li><li><span style=\"color: initial;\">Asesor\u00eda T\u00e9cnica en Legislaci\u00f3n de Almacenaje y Transporte de Productos Peligrosos:<\/span><ul><li><a href=\"https:\/\/ambipar.com\/latam\/ambipar-response-3\/prevencion-de-accidentes\/licencia-especial-de-transito-para-productos-peligrosos-letpp\/\">Licencia Especial de Tr\u00e1nsito para Productos Peligrosos (LETPP)<\/a><\/li><li><a href=\"https:\/\/ambipar.com\/latam\/ambipar-response-3\/prevencion-de-accidentes\/licencia-ambiental\/\">Licencia ambiental<\/a><\/li><li><a href=\"https:\/\/ambipar.com\/latam\/ambipar-response-3\/prevencion-de-accidentes\/documentos-tecnicos-2\/\">Documentos t\u00e9cnicos<\/a><\/li><li><a href=\"https:\/\/ambipar.com\/latam\/ambipar-response-3\/prevencion-de-accidentes\/manuales\/\">Manuales<\/a><\/li><\/ul><\/li><\/ul>\n","protected":false},"excerpt":{"rendered":"El PAE proporciona un conjunto de lineamientos, datos e informaci\u00f3n que brindan las condiciones necesarias para la adopci\u00f3n de procedimientos l\u00f3gicos, t\u00e9cnicos y administrativos, estructurados para ser activados r\u00e1pidamente en situaciones de emergencia, para minimizar los impactos a la poblaci\u00f3n y al medio ambiente. El documento se basa en los resultados obtenidos en el estudio&#8230; <a class=\"view-article\" href=\"https:\/\/ambipar.com\/latam\/ambipar-response-3\/prevencion-de-accidentes\/plan-de-accion-en-emergencia-pae\/\">Ver art\u00edculo<\/a>","protected":false},"author":1,"featured_media":387,"parent":1807,"menu_order":0,"comment_status":"closed","ping_status":"closed","template":"single-servicos.php","meta":[],"yoast_head":"<!-- This site is optimized with the Yoast SEO plugin v17.6 - https:\/\/yoast.com\/wordpress\/plugins\/seo\/ -->\n<title>Conozca el Plan de Acci\u00f3n en Emergencia (PAE) que ofrece Ambipar<\/title>\n<meta name=\"description\" content=\"PAE proporciona un conjunto de directrices que proporcionan condiciones para la adopci\u00f3n de procedimientos que se activar\u00e1n en situaciones de emergencia\" \/>\n<meta name=\"robots\" content=\"index, follow, max-snippet:-1, max-image-preview:large, max-video-preview:-1\" \/>\n<link rel=\"canonical\" href=\"https:\/\/ambipar.com\/latam\/ambipar-response-3\/prevencion-de-accidentes\/plan-de-accion-en-emergencia-pae\/\" \/>\n<meta property=\"og:locale\" content=\"es_ES\" \/>\n<meta property=\"og:type\" content=\"article\" \/>\n<meta property=\"og:title\" content=\"Conozca el Plan de Acci\u00f3n en Emergencia (PAE) que ofrece Ambipar\" \/>\n<meta property=\"og:description\" content=\"PAE proporciona un conjunto de directrices que proporcionan condiciones para la adopci\u00f3n de procedimientos que se activar\u00e1n en situaciones de emergencia\" \/>\n<meta property=\"og:url\" content=\"https:\/\/ambipar.com\/latam\/ambipar-response-3\/prevencion-de-accidentes\/plan-de-accion-en-emergencia-pae\/\" \/>\n<meta property=\"og:site_name\" content=\"Ambipar. A l\u00edder em gest\u00e3o ambiental.\" \/>\n<meta property=\"article:modified_time\" content=\"2021-10-13T17:59:28+00:00\" \/>\n<meta property=\"og:image\" content=\"https:\/\/ambipar.com\/latam\/wp-content\/uploads\/2020\/10\/pae.jpg\" \/>\n\t<meta property=\"og:image:width\" content=\"1004\" \/>\n\t<meta property=\"og:image:height\" content=\"836\" \/>\n<meta name=\"twitter:card\" content=\"summary_large_image\" \/>\n<meta name=\"twitter:label1\" content=\"Est. reading time\" \/>\n\t<meta name=\"twitter:data1\" content=\"1 minuto\" \/>\n<script type=\"application\/ld+json\" class=\"yoast-schema-graph\">{\"@context\":\"https:\/\/schema.org\",\"@graph\":[{\"@type\":\"Organization\",\"@id\":\"https:\/\/ambipar.com\/latam\/#organization\",\"name\":\"Ambipar\",\"url\":\"https:\/\/ambipar.com\/latam\/\",\"sameAs\":[],\"logo\":{\"@type\":\"ImageObject\",\"@id\":\"https:\/\/ambipar.com\/latam\/#logo\",\"inLanguage\":\"es-CL\",\"url\":\"https:\/\/ambipar.com\/latam\/wp-content\/uploads\/2020\/10\/ambipar_color.png\",\"contentUrl\":\"https:\/\/ambipar.com\/latam\/wp-content\/uploads\/2020\/10\/ambipar_color.png\",\"width\":174,\"height\":107,\"caption\":\"Ambipar\"},\"image\":{\"@id\":\"https:\/\/ambipar.com\/latam\/#logo\"}},{\"@type\":\"WebSite\",\"@id\":\"https:\/\/ambipar.com\/latam\/#website\",\"url\":\"https:\/\/ambipar.com\/latam\/\",\"name\":\"Ambipar. A l\\u00edder em gest\\u00e3o ambiental.\",\"description\":\"Pioneira em solu\\u00e7\\u00f5es ambientais, a Ambipar atua em todo o territ\\u00f3rio nacional oferecendo solu\\u00e7\\u00f5es integradas para toda a cadeia de neg\\u00f3cio.\",\"publisher\":{\"@id\":\"https:\/\/ambipar.com\/latam\/#organization\"},\"potentialAction\":[{\"@type\":\"SearchAction\",\"target\":{\"@type\":\"EntryPoint\",\"urlTemplate\":\"https:\/\/ambipar.com\/latam\/?s={search_term_string}\"},\"query-input\":\"required name=search_term_string\"}],\"inLanguage\":\"es-CL\"},{\"@type\":\"ImageObject\",\"@id\":\"https:\/\/ambipar.com\/latam\/ambipar-response-3\/prevencion-de-accidentes\/plan-de-accion-en-emergencia-pae\/#primaryimage\",\"inLanguage\":\"es-CL\",\"url\":\"https:\/\/ambipar.com\/latam\/wp-content\/uploads\/2020\/10\/pae.jpg\",\"contentUrl\":\"https:\/\/ambipar.com\/latam\/wp-content\/uploads\/2020\/10\/pae.jpg\",\"width\":1004,\"height\":836,\"caption\":\"pae\"},{\"@type\":\"WebPage\",\"@id\":\"https:\/\/ambipar.com\/latam\/ambipar-response-3\/prevencion-de-accidentes\/plan-de-accion-en-emergencia-pae\/#webpage\",\"url\":\"https:\/\/ambipar.com\/latam\/ambipar-response-3\/prevencion-de-accidentes\/plan-de-accion-en-emergencia-pae\/\",\"name\":\"Conozca el Plan de Acci\\u00f3n en Emergencia (PAE) que ofrece Ambipar\",\"isPartOf\":{\"@id\":\"https:\/\/ambipar.com\/latam\/#website\"},\"primaryImageOfPage\":{\"@id\":\"https:\/\/ambipar.com\/latam\/ambipar-response-3\/prevencion-de-accidentes\/plan-de-accion-en-emergencia-pae\/#primaryimage\"},\"datePublished\":\"2020-11-14T21:18:30+00:00\",\"dateModified\":\"2021-10-13T17:59:28+00:00\",\"description\":\"PAE proporciona un conjunto de directrices que proporcionan condiciones para la adopci\\u00f3n de procedimientos que se activar\\u00e1n en situaciones de emergencia\",\"breadcrumb\":{\"@id\":\"https:\/\/ambipar.com\/latam\/ambipar-response-3\/prevencion-de-accidentes\/plan-de-accion-en-emergencia-pae\/#breadcrumb\"},\"inLanguage\":\"es-CL\",\"potentialAction\":[{\"@type\":\"ReadAction\",\"target\":[\"https:\/\/ambipar.com\/latam\/ambipar-response-3\/prevencion-de-accidentes\/plan-de-accion-en-emergencia-pae\/\"]}]},{\"@type\":\"BreadcrumbList\",\"@id\":\"https:\/\/ambipar.com\/latam\/ambipar-response-3\/prevencion-de-accidentes\/plan-de-accion-en-emergencia-pae\/#breadcrumb\",\"itemListElement\":[{\"@type\":\"ListItem\",\"position\":1,\"name\":\"Home\",\"item\":\"https:\/\/ambipar.com\/latam\/\"},{\"@type\":\"ListItem\",\"position\":2,\"name\":\"Ambipar Response\",\"item\":\"https:\/\/ambipar.com\/latam\/ambipar-response-3\/\"},{\"@type\":\"ListItem\",\"position\":3,\"name\":\"Prevenci\\u00f3n de Accidentes\",\"item\":\"https:\/\/ambipar.com\/latam\/ambipar-response-3\/prevencion-de-accidentes\/\"},{\"@type\":\"ListItem\",\"position\":4,\"name\":\"Plan de Acci\\u00f3n en Emergencia (PAE)\"}]}]}<\/script>\n<!-- \/ Yoast SEO plugin. -->","yoast_head_json":{"title":"Conozca el Plan de Acci\u00f3n en Emergencia (PAE) que ofrece Ambipar","description":"PAE proporciona un conjunto de directrices que proporcionan condiciones para la adopci\u00f3n de procedimientos que se activar\u00e1n en situaciones de emergencia","robots":{"index":"index","follow":"follow","max-snippet":"max-snippet:-1","max-image-preview":"max-image-preview:large","max-video-preview":"max-video-preview:-1"},"canonical":"https:\/\/ambipar.com\/latam\/ambipar-response-3\/prevencion-de-accidentes\/plan-de-accion-en-emergencia-pae\/","og_locale":"es_ES","og_type":"article","og_title":"Conozca el Plan de Acci\u00f3n en Emergencia (PAE) que ofrece Ambipar","og_description":"PAE proporciona un conjunto de directrices que proporcionan condiciones para la adopci\u00f3n de procedimientos que se activar\u00e1n en situaciones de emergencia","og_url":"https:\/\/ambipar.com\/latam\/ambipar-response-3\/prevencion-de-accidentes\/plan-de-accion-en-emergencia-pae\/","og_site_name":"Ambipar. A l\u00edder em gest\u00e3o ambiental.","article_modified_time":"2021-10-13T17:59:28+00:00","og_image":[{"width":1004,"height":836,"url":"https:\/\/ambipar.com\/latam\/wp-content\/uploads\/2020\/10\/pae.jpg","type":"image\/jpeg"}],"twitter_card":"summary_large_image","twitter_misc":{"Est. reading time":"1 minuto"},"schema":{"@context":"https:\/\/schema.org","@graph":[{"@type":"Organization","@id":"https:\/\/ambipar.com\/latam\/#organization","name":"Ambipar","url":"https:\/\/ambipar.com\/latam\/","sameAs":[],"logo":{"@type":"ImageObject","@id":"https:\/\/ambipar.com\/latam\/#logo","inLanguage":"es-CL","url":"https:\/\/ambipar.com\/latam\/wp-content\/uploads\/2020\/10\/ambipar_color.png","contentUrl":"https:\/\/ambipar.com\/latam\/wp-content\/uploads\/2020\/10\/ambipar_color.png","width":174,"height":107,"caption":"Ambipar"},"image":{"@id":"https:\/\/ambipar.com\/latam\/#logo"}},{"@type":"WebSite","@id":"https:\/\/ambipar.com\/latam\/#website","url":"https:\/\/ambipar.com\/latam\/","name":"Ambipar. A l\u00edder em gest\u00e3o ambiental.","description":"Pioneira em solu\u00e7\u00f5es ambientais, a Ambipar atua em todo o territ\u00f3rio nacional oferecendo solu\u00e7\u00f5es integradas para toda a cadeia de neg\u00f3cio.","publisher":{"@id":"https:\/\/ambipar.com\/latam\/#organization"},"potentialAction":[{"@type":"SearchAction","target":{"@type":"EntryPoint","urlTemplate":"https:\/\/ambipar.com\/latam\/?s={search_term_string}"},"query-input":"required name=search_term_string"}],"inLanguage":"es-CL"},{"@type":"ImageObject","@id":"https:\/\/ambipar.com\/latam\/ambipar-response-3\/prevencion-de-accidentes\/plan-de-accion-en-emergencia-pae\/#primaryimage","inLanguage":"es-CL","url":"https:\/\/ambipar.com\/latam\/wp-content\/uploads\/2020\/10\/pae.jpg","contentUrl":"https:\/\/ambipar.com\/latam\/wp-content\/uploads\/2020\/10\/pae.jpg","width":1004,"height":836,"caption":"pae"},{"@type":"WebPage","@id":"https:\/\/ambipar.com\/latam\/ambipar-response-3\/prevencion-de-accidentes\/plan-de-accion-en-emergencia-pae\/#webpage","url":"https:\/\/ambipar.com\/latam\/ambipar-response-3\/prevencion-de-accidentes\/plan-de-accion-en-emergencia-pae\/","name":"Conozca el Plan de Acci\u00f3n en Emergencia (PAE) que ofrece Ambipar","isPartOf":{"@id":"https:\/\/ambipar.com\/latam\/#website"},"primaryImageOfPage":{"@id":"https:\/\/ambipar.com\/latam\/ambipar-response-3\/prevencion-de-accidentes\/plan-de-accion-en-emergencia-pae\/#primaryimage"},"datePublished":"2020-11-14T21:18:30+00:00","dateModified":"2021-10-13T17:59:28+00:00","description":"PAE proporciona un conjunto de directrices que proporcionan condiciones para la adopci\u00f3n de procedimientos que se activar\u00e1n en situaciones de emergencia","breadcrumb":{"@id":"https:\/\/ambipar.com\/latam\/ambipar-response-3\/prevencion-de-accidentes\/plan-de-accion-en-emergencia-pae\/#breadcrumb"},"inLanguage":"es-CL","potentialAction":[{"@type":"ReadAction","target":["https:\/\/ambipar.com\/latam\/ambipar-response-3\/prevencion-de-accidentes\/plan-de-accion-en-emergencia-pae\/"]}]},{"@type":"BreadcrumbList","@id":"https:\/\/ambipar.com\/latam\/ambipar-response-3\/prevencion-de-accidentes\/plan-de-accion-en-emergencia-pae\/#breadcrumb","itemListElement":[{"@type":"ListItem","position":1,"name":"Home","item":"https:\/\/ambipar.com\/latam\/"},{"@type":"ListItem","position":2,"name":"Ambipar Response","item":"https:\/\/ambipar.com\/latam\/ambipar-response-3\/"},{"@type":"ListItem","position":3,"name":"Prevenci\u00f3n de Accidentes","item":"https:\/\/ambipar.com\/latam\/ambipar-response-3\/prevencion-de-accidentes\/"},{"@type":"ListItem","position":4,"name":"Plan de Acci\u00f3n en Emergencia (PAE)"}]}]}},"_links":{"self":[{"href":"https:\/\/ambipar.com\/latam\/wp-json\/wp\/v2\/pages\/1826"}],"collection":[{"href":"https:\/\/ambipar.com\/latam\/wp-json\/wp\/v2\/pages"}],"about":[{"href":"https:\/\/ambipar.com\/latam\/wp-json\/wp\/v2\/types\/page"}],"author":[{"embeddable":true,"href":"https:\/\/ambipar.com\/latam\/wp-json\/wp\/v2\/users\/1"}],"replies":[{"embeddable":true,"href":"https:\/\/ambipar.com\/latam\/wp-json\/wp\/v2\/comments?post=1826"}],"version-history":[{"count":7,"href":"https:\/\/ambipar.com\/latam\/wp-json\/wp\/v2\/pages\/1826\/revisions"}],"predecessor-version":[{"id":4175,"href":"https:\/\/ambipar.com\/latam\/wp-json\/wp\/v2\/pages\/1826\/revisions\/4175"}],"up":[{"embeddable":true,"href":"https:\/\/ambipar.com\/latam\/wp-json\/wp\/v2\/pages\/1807"}],"wp:featuredmedia":[{"embeddable":true,"href":"https:\/\/ambipar.com\/latam\/wp-json\/wp\/v2\/media\/387"}],"wp:attachment":[{"href":"https:\/\/ambipar.com\/latam\/wp-json\/wp\/v2\/media?parent=1826"}],"curies":[{"name":"wp","href":"https:\/\/api.w.org\/{rel}","templated":true}]}}