{"id":1831,"date":"2020-11-14T18:29:59","date_gmt":"2020-11-14T21:29:59","guid":{"rendered":"https:\/\/ambipar.com\/latam\/?page_id=1831"},"modified":"2021-10-13T15:06:12","modified_gmt":"2021-10-13T18:06:12","slug":"plan-de-emergencia-individual-pei","status":"publish","type":"page","link":"https:\/\/ambipar.com\/latam\/ambipar-response-3\/prevencion-de-accidentes\/plan-de-emergencia-individual-pei\/","title":{"rendered":"Plan de Emergencia Individual (PEI)"},"content":{"rendered":"\n<p>El Plan de Emergencia Individual (PEI) se ocupa de un conjunto de documentos, que prev\u00e9 acciones a tomar &amp; nbsp; en caso de &amp; nbsp; incidente de &amp; nbsp; contaminaci\u00f3n por &amp; nbsp; petr\u00f3leo, sustancias nocivas y peligrosas en cumplimiento de la Resoluci\u00f3n CONAMA 398\/2008 (Consejo Nacional del Ambiente).<\/p>\n\n\n\n<p>Al implementar el plan, las empresas podr\u00e1n garantizar acciones de respuesta inmediata con el uso de recursos espec\u00edficos y personal preparado. Su estructura se basa en:<\/p>\n\n\n\n<ul><li>Identificaci\u00f3n de la instalaci\u00f3n<\/li><li>Escenarios accidentales<\/li><li>Informaci\u00f3n y procedimientos de respuesta<\/li><li>Sistemas de advertencia de derrames de hidrocarburos<\/li><li>Comunicaci\u00f3n de incidentes<\/li><li>Estructura organizativa de respuesta<\/li><li>Equipo y materiales de respuesta<\/li><li>Procedimientos operativos de respuesta<\/li><li>Terminaci\u00f3n de operaciones<\/li><li>Mapas, cartas n\u00e1uticas, planos, dibujos y fotograf\u00edas.<\/li><\/ul>\n\n\n\n<p>Vea tambi\u00e9n:<\/p>\n\n\n\n<ul><li><a href=\"https:\/\/ambipar.com\/latam\/ambipar-response-3\/prevencion-de-accidentes\/estudio-de-analisis-de-riesgo-ear\/\">Estudio de An\u00e1lisis de Riesgo (EAR)<\/a><\/li><li><a href=\"https:\/\/ambipar.com\/latam\/ambipar-response-3\/prevencion-de-accidentes\/programa-de-gestion-de-riesgo-pgr\/\">Programa de Gesti\u00f3n de Riesgo (PGR)<\/a><\/li><li><a href=\"https:\/\/ambipar.com\/latam\/ambipar-response-3\/prevencion-de-accidentes\/plan-de-accion-en-emergencia-pae\/\">Plan de Acci\u00f3n en Emergencia ( PAE)<\/a><\/li><li><a href=\"https:\/\/ambipar.com\/latam\/ambipar-response-3\/prevencion-de-accidentes\/webmapping-3\/\">Webmapping<\/a><\/li><li><a href=\"https:\/\/ambipar.com\/latam\/ambipar-response-3\/prevencion-de-accidentes\/plan-de-area-pa\/\">Plan de \u00c1rea (PA)<\/a><\/li><li><a href=\"https:\/\/ambipar.com\/latam\/ambipar-response-3\/prevencion-de-accidentes\/plan-de-control-de-emergencias-pce\/\">Plan de Control de Emergencias (PCE)<\/a><\/li><li><a href=\"https:\/\/ambipar.com\/latam\/ambipar-response-3\/prevencion-de-accidentes\/planificacion-de-simulacion\/\">Planificaci\u00f3n de Simulaci\u00f3n<\/a><\/li><li>Asesor\u00eda T\u00e9cnica en Legislaci\u00f3n de Almacenaje y Transporte de Productos Peligrosos:<ul><li><a href=\"https:\/\/ambipar.com\/latam\/ambipar-response-3\/prevencion-de-accidentes\/licencia-especial-de-transito-para-productos-peligrosos-letpp\/\">Licencia Especial de Tr\u00e1nsito para Productos Peligrosos (LETPP)<\/a><\/li><li><a href=\"https:\/\/ambipar.com\/latam\/ambipar-response-3\/prevencion-de-accidentes\/licencia-ambiental\/\">Licencia ambiental<\/a><\/li><li><a href=\"https:\/\/ambipar.com\/latam\/ambipar-response-3\/prevencion-de-accidentes\/documentos-tecnicos-2\/\">Documentos t\u00e9cnicos<\/a><\/li><li><a href=\"https:\/\/ambipar.com\/latam\/ambipar-response-3\/prevencion-de-accidentes\/manuales\/\">Manuales<\/a><\/li><\/ul><\/li><\/ul>\n","protected":false},"excerpt":{"rendered":"El Plan de Emergencia Individual (PEI) se ocupa de un conjunto de documentos, que prev\u00e9 acciones a tomar &amp; nbsp; en caso de &amp; nbsp; incidente de &amp; nbsp; contaminaci\u00f3n por &amp; nbsp; petr\u00f3leo, sustancias nocivas y peligrosas en cumplimiento de la Resoluci\u00f3n CONAMA 398\/2008 (Consejo Nacional del Ambiente). Al implementar el plan, las empresas&#8230; <a class=\"view-article\" href=\"https:\/\/ambipar.com\/latam\/ambipar-response-3\/prevencion-de-accidentes\/plan-de-emergencia-individual-pei\/\">Ver art\u00edculo<\/a>","protected":false},"author":1,"featured_media":392,"parent":1807,"menu_order":0,"comment_status":"closed","ping_status":"closed","template":"single-servicos.php","meta":[],"yoast_head":"<!-- This site is optimized with the Yoast SEO plugin v17.6 - https:\/\/yoast.com\/wordpress\/plugins\/seo\/ -->\n<title>Descubra el Plan de Emergencia Individual (PEI) que ofrece Ambipar<\/title>\n<meta name=\"description\" content=\"Se trata de un conjunto de documentos, que prev\u00e9 las acciones a tomar en caso de un incidente de contaminaci\u00f3n por hidrocarburos, sustancias nocivas\" \/>\n<meta name=\"robots\" content=\"index, follow, max-snippet:-1, max-image-preview:large, max-video-preview:-1\" \/>\n<link rel=\"canonical\" href=\"https:\/\/ambipar.com\/latam\/ambipar-response-3\/prevencion-de-accidentes\/plan-de-emergencia-individual-pei\/\" \/>\n<meta property=\"og:locale\" content=\"es_ES\" \/>\n<meta property=\"og:type\" content=\"article\" \/>\n<meta property=\"og:title\" content=\"Descubra el Plan de Emergencia Individual (PEI) que ofrece Ambipar\" \/>\n<meta property=\"og:description\" content=\"Se trata de un conjunto de documentos, que prev\u00e9 las acciones a tomar en caso de un incidente de contaminaci\u00f3n por hidrocarburos, sustancias nocivas\" \/>\n<meta property=\"og:url\" content=\"https:\/\/ambipar.com\/latam\/ambipar-response-3\/prevencion-de-accidentes\/plan-de-emergencia-individual-pei\/\" \/>\n<meta property=\"og:site_name\" content=\"Ambipar. A l\u00edder em gest\u00e3o ambiental.\" \/>\n<meta property=\"article:modified_time\" content=\"2021-10-13T18:06:12+00:00\" \/>\n<meta property=\"og:image\" content=\"https:\/\/ambipar.com\/latam\/wp-content\/uploads\/2020\/10\/PEI.jpg\" \/>\n\t<meta property=\"og:image:width\" content=\"1002\" \/>\n\t<meta property=\"og:image:height\" content=\"1004\" \/>\n<meta name=\"twitter:card\" content=\"summary_large_image\" \/>\n<meta name=\"twitter:label1\" content=\"Est. reading time\" \/>\n\t<meta name=\"twitter:data1\" content=\"1 minuto\" \/>\n<script type=\"application\/ld+json\" class=\"yoast-schema-graph\">{\"@context\":\"https:\/\/schema.org\",\"@graph\":[{\"@type\":\"Organization\",\"@id\":\"https:\/\/ambipar.com\/latam\/#organization\",\"name\":\"Ambipar\",\"url\":\"https:\/\/ambipar.com\/latam\/\",\"sameAs\":[],\"logo\":{\"@type\":\"ImageObject\",\"@id\":\"https:\/\/ambipar.com\/latam\/#logo\",\"inLanguage\":\"es-CL\",\"url\":\"https:\/\/ambipar.com\/latam\/wp-content\/uploads\/2020\/10\/ambipar_color.png\",\"contentUrl\":\"https:\/\/ambipar.com\/latam\/wp-content\/uploads\/2020\/10\/ambipar_color.png\",\"width\":174,\"height\":107,\"caption\":\"Ambipar\"},\"image\":{\"@id\":\"https:\/\/ambipar.com\/latam\/#logo\"}},{\"@type\":\"WebSite\",\"@id\":\"https:\/\/ambipar.com\/latam\/#website\",\"url\":\"https:\/\/ambipar.com\/latam\/\",\"name\":\"Ambipar. A l\\u00edder em gest\\u00e3o ambiental.\",\"description\":\"Pioneira em solu\\u00e7\\u00f5es ambientais, a Ambipar atua em todo o territ\\u00f3rio nacional oferecendo solu\\u00e7\\u00f5es integradas para toda a cadeia de neg\\u00f3cio.\",\"publisher\":{\"@id\":\"https:\/\/ambipar.com\/latam\/#organization\"},\"potentialAction\":[{\"@type\":\"SearchAction\",\"target\":{\"@type\":\"EntryPoint\",\"urlTemplate\":\"https:\/\/ambipar.com\/latam\/?s={search_term_string}\"},\"query-input\":\"required name=search_term_string\"}],\"inLanguage\":\"es-CL\"},{\"@type\":\"ImageObject\",\"@id\":\"https:\/\/ambipar.com\/latam\/ambipar-response-3\/prevencion-de-accidentes\/plan-de-emergencia-individual-pei\/#primaryimage\",\"inLanguage\":\"es-CL\",\"url\":\"https:\/\/ambipar.com\/latam\/wp-content\/uploads\/2020\/10\/PEI.jpg\",\"contentUrl\":\"https:\/\/ambipar.com\/latam\/wp-content\/uploads\/2020\/10\/PEI.jpg\",\"width\":1002,\"height\":1004,\"caption\":\"PEI\"},{\"@type\":\"WebPage\",\"@id\":\"https:\/\/ambipar.com\/latam\/ambipar-response-3\/prevencion-de-accidentes\/plan-de-emergencia-individual-pei\/#webpage\",\"url\":\"https:\/\/ambipar.com\/latam\/ambipar-response-3\/prevencion-de-accidentes\/plan-de-emergencia-individual-pei\/\",\"name\":\"Descubra el Plan de Emergencia Individual (PEI) que ofrece Ambipar\",\"isPartOf\":{\"@id\":\"https:\/\/ambipar.com\/latam\/#website\"},\"primaryImageOfPage\":{\"@id\":\"https:\/\/ambipar.com\/latam\/ambipar-response-3\/prevencion-de-accidentes\/plan-de-emergencia-individual-pei\/#primaryimage\"},\"datePublished\":\"2020-11-14T21:29:59+00:00\",\"dateModified\":\"2021-10-13T18:06:12+00:00\",\"description\":\"Se trata de un conjunto de documentos, que prev\\u00e9 las acciones a tomar en caso de un incidente de contaminaci\\u00f3n por hidrocarburos, sustancias nocivas\",\"breadcrumb\":{\"@id\":\"https:\/\/ambipar.com\/latam\/ambipar-response-3\/prevencion-de-accidentes\/plan-de-emergencia-individual-pei\/#breadcrumb\"},\"inLanguage\":\"es-CL\",\"potentialAction\":[{\"@type\":\"ReadAction\",\"target\":[\"https:\/\/ambipar.com\/latam\/ambipar-response-3\/prevencion-de-accidentes\/plan-de-emergencia-individual-pei\/\"]}]},{\"@type\":\"BreadcrumbList\",\"@id\":\"https:\/\/ambipar.com\/latam\/ambipar-response-3\/prevencion-de-accidentes\/plan-de-emergencia-individual-pei\/#breadcrumb\",\"itemListElement\":[{\"@type\":\"ListItem\",\"position\":1,\"name\":\"Home\",\"item\":\"https:\/\/ambipar.com\/latam\/\"},{\"@type\":\"ListItem\",\"position\":2,\"name\":\"Ambipar Response\",\"item\":\"https:\/\/ambipar.com\/latam\/ambipar-response-3\/\"},{\"@type\":\"ListItem\",\"position\":3,\"name\":\"Prevenci\\u00f3n de Accidentes\",\"item\":\"https:\/\/ambipar.com\/latam\/ambipar-response-3\/prevencion-de-accidentes\/\"},{\"@type\":\"ListItem\",\"position\":4,\"name\":\"Plan de Emergencia Individual (PEI)\"}]}]}<\/script>\n<!-- \/ Yoast SEO plugin. -->","yoast_head_json":{"title":"Descubra el Plan de Emergencia Individual (PEI) que ofrece Ambipar","description":"Se trata de un conjunto de documentos, que prev\u00e9 las acciones a tomar en caso de un incidente de contaminaci\u00f3n por hidrocarburos, sustancias nocivas","robots":{"index":"index","follow":"follow","max-snippet":"max-snippet:-1","max-image-preview":"max-image-preview:large","max-video-preview":"max-video-preview:-1"},"canonical":"https:\/\/ambipar.com\/latam\/ambipar-response-3\/prevencion-de-accidentes\/plan-de-emergencia-individual-pei\/","og_locale":"es_ES","og_type":"article","og_title":"Descubra el Plan de Emergencia Individual (PEI) que ofrece Ambipar","og_description":"Se trata de un conjunto de documentos, que prev\u00e9 las acciones a tomar en caso de un incidente de contaminaci\u00f3n por hidrocarburos, sustancias nocivas","og_url":"https:\/\/ambipar.com\/latam\/ambipar-response-3\/prevencion-de-accidentes\/plan-de-emergencia-individual-pei\/","og_site_name":"Ambipar. A l\u00edder em gest\u00e3o ambiental.","article_modified_time":"2021-10-13T18:06:12+00:00","og_image":[{"width":1002,"height":1004,"url":"https:\/\/ambipar.com\/latam\/wp-content\/uploads\/2020\/10\/PEI.jpg","type":"image\/jpeg"}],"twitter_card":"summary_large_image","twitter_misc":{"Est. reading time":"1 minuto"},"schema":{"@context":"https:\/\/schema.org","@graph":[{"@type":"Organization","@id":"https:\/\/ambipar.com\/latam\/#organization","name":"Ambipar","url":"https:\/\/ambipar.com\/latam\/","sameAs":[],"logo":{"@type":"ImageObject","@id":"https:\/\/ambipar.com\/latam\/#logo","inLanguage":"es-CL","url":"https:\/\/ambipar.com\/latam\/wp-content\/uploads\/2020\/10\/ambipar_color.png","contentUrl":"https:\/\/ambipar.com\/latam\/wp-content\/uploads\/2020\/10\/ambipar_color.png","width":174,"height":107,"caption":"Ambipar"},"image":{"@id":"https:\/\/ambipar.com\/latam\/#logo"}},{"@type":"WebSite","@id":"https:\/\/ambipar.com\/latam\/#website","url":"https:\/\/ambipar.com\/latam\/","name":"Ambipar. A l\u00edder em gest\u00e3o ambiental.","description":"Pioneira em solu\u00e7\u00f5es ambientais, a Ambipar atua em todo o territ\u00f3rio nacional oferecendo solu\u00e7\u00f5es integradas para toda a cadeia de neg\u00f3cio.","publisher":{"@id":"https:\/\/ambipar.com\/latam\/#organization"},"potentialAction":[{"@type":"SearchAction","target":{"@type":"EntryPoint","urlTemplate":"https:\/\/ambipar.com\/latam\/?s={search_term_string}"},"query-input":"required name=search_term_string"}],"inLanguage":"es-CL"},{"@type":"ImageObject","@id":"https:\/\/ambipar.com\/latam\/ambipar-response-3\/prevencion-de-accidentes\/plan-de-emergencia-individual-pei\/#primaryimage","inLanguage":"es-CL","url":"https:\/\/ambipar.com\/latam\/wp-content\/uploads\/2020\/10\/PEI.jpg","contentUrl":"https:\/\/ambipar.com\/latam\/wp-content\/uploads\/2020\/10\/PEI.jpg","width":1002,"height":1004,"caption":"PEI"},{"@type":"WebPage","@id":"https:\/\/ambipar.com\/latam\/ambipar-response-3\/prevencion-de-accidentes\/plan-de-emergencia-individual-pei\/#webpage","url":"https:\/\/ambipar.com\/latam\/ambipar-response-3\/prevencion-de-accidentes\/plan-de-emergencia-individual-pei\/","name":"Descubra el Plan de Emergencia Individual (PEI) que ofrece Ambipar","isPartOf":{"@id":"https:\/\/ambipar.com\/latam\/#website"},"primaryImageOfPage":{"@id":"https:\/\/ambipar.com\/latam\/ambipar-response-3\/prevencion-de-accidentes\/plan-de-emergencia-individual-pei\/#primaryimage"},"datePublished":"2020-11-14T21:29:59+00:00","dateModified":"2021-10-13T18:06:12+00:00","description":"Se trata de un conjunto de documentos, que prev\u00e9 las acciones a tomar en caso de un incidente de contaminaci\u00f3n por hidrocarburos, sustancias nocivas","breadcrumb":{"@id":"https:\/\/ambipar.com\/latam\/ambipar-response-3\/prevencion-de-accidentes\/plan-de-emergencia-individual-pei\/#breadcrumb"},"inLanguage":"es-CL","potentialAction":[{"@type":"ReadAction","target":["https:\/\/ambipar.com\/latam\/ambipar-response-3\/prevencion-de-accidentes\/plan-de-emergencia-individual-pei\/"]}]},{"@type":"BreadcrumbList","@id":"https:\/\/ambipar.com\/latam\/ambipar-response-3\/prevencion-de-accidentes\/plan-de-emergencia-individual-pei\/#breadcrumb","itemListElement":[{"@type":"ListItem","position":1,"name":"Home","item":"https:\/\/ambipar.com\/latam\/"},{"@type":"ListItem","position":2,"name":"Ambipar Response","item":"https:\/\/ambipar.com\/latam\/ambipar-response-3\/"},{"@type":"ListItem","position":3,"name":"Prevenci\u00f3n de Accidentes","item":"https:\/\/ambipar.com\/latam\/ambipar-response-3\/prevencion-de-accidentes\/"},{"@type":"ListItem","position":4,"name":"Plan de Emergencia Individual (PEI)"}]}]}},"_links":{"self":[{"href":"https:\/\/ambipar.com\/latam\/wp-json\/wp\/v2\/pages\/1831"}],"collection":[{"href":"https:\/\/ambipar.com\/latam\/wp-json\/wp\/v2\/pages"}],"about":[{"href":"https:\/\/ambipar.com\/latam\/wp-json\/wp\/v2\/types\/page"}],"author":[{"embeddable":true,"href":"https:\/\/ambipar.com\/latam\/wp-json\/wp\/v2\/users\/1"}],"replies":[{"embeddable":true,"href":"https:\/\/ambipar.com\/latam\/wp-json\/wp\/v2\/comments?post=1831"}],"version-history":[{"count":5,"href":"https:\/\/ambipar.com\/latam\/wp-json\/wp\/v2\/pages\/1831\/revisions"}],"predecessor-version":[{"id":4178,"href":"https:\/\/ambipar.com\/latam\/wp-json\/wp\/v2\/pages\/1831\/revisions\/4178"}],"up":[{"embeddable":true,"href":"https:\/\/ambipar.com\/latam\/wp-json\/wp\/v2\/pages\/1807"}],"wp:featuredmedia":[{"embeddable":true,"href":"https:\/\/ambipar.com\/latam\/wp-json\/wp\/v2\/media\/392"}],"wp:attachment":[{"href":"https:\/\/ambipar.com\/latam\/wp-json\/wp\/v2\/media?parent=1831"}],"curies":[{"name":"wp","href":"https:\/\/api.w.org\/{rel}","templated":true}]}}