{"id":1843,"date":"2020-11-14T18:48:32","date_gmt":"2020-11-14T21:48:32","guid":{"rendered":"https:\/\/ambipar.com\/latam\/?page_id=1843"},"modified":"2021-10-13T15:20:43","modified_gmt":"2021-10-13T18:20:43","slug":"plan-de-area-pa","status":"publish","type":"page","link":"https:\/\/ambipar.com\/latam\/ambipar-response-3\/prevencion-de-accidentes\/plan-de-area-pa\/","title":{"rendered":"Plan de \u00c1rea (PA)"},"content":{"rendered":"\n<p>El Plan de \u00c1rea (PA) contiene informaci\u00f3n, medidas y acciones derivadas de la consolidaci\u00f3n de los Planes Individuales de Emergencia (PEI), los Programas de Gesti\u00f3n de Riesgos (PGR) y el An\u00e1lisis de Riesgos (EAR) de los emprendimientos que integran los puertos organizados. Su finalidad es garantizar la asistencia mutua en la atenci\u00f3n de emergencias por derrames de petr\u00f3leo en las instalaciones de las terminales pertenecientes al \u00e1rea portuaria organizada.<\/p>\n\n\n\n<p>Su dimensi\u00f3n incluye:<\/p>\n\n\n\n<ul><li>Descripci\u00f3n de las \u00e1reas de concentraci\u00f3n y alcance del plan de \u00e1rea<\/li><li>Estructura de respuesta organizacional<\/li><li>Identificaci\u00f3n de escenarios accidentales<\/li><li>Inventario y ubicaci\u00f3n de recursos humanos y materiales disponibles<\/li><li>Plan de comunicaci\u00f3n<\/li><li>Integraci\u00f3n con otros planes de \u00e1rea<\/li><li>Procedimientos para la coordinaci\u00f3n coordinada entre instalaciones<\/li><li>Procedimientos respuesta en casos de incidentes de origen petrolero de origen desconocido<\/li><li>Manual de procedimientos formalizado para la gesti\u00f3n de los l\u00edderes de gesti\u00f3n y gesti\u00f3n de residuos<\/li><li>Procedimientos de limpieza y descontaminaci\u00f3n de materiales, equipos y recursos utilizados en la respuesta de emergencia<\/li><\/ul>\n\n\n\n<p>Vea tambi\u00e9n:<\/p>\n\n\n\n<ul><li><a href=\"https:\/\/ambipar.com\/latam\/ambipar-response-3\/prevencion-de-accidentes\/estudio-de-analisis-de-riesgo-ear\/\">Estudio de An\u00e1lisis de Riesgo (EAR)<\/a><\/li><li><a href=\"https:\/\/ambipar.com\/latam\/ambipar-response-3\/prevencion-de-accidentes\/programa-de-gestion-de-riesgo-pgr\/\">Programa de Gesti\u00f3n de Riesgo (PGR)<\/a><\/li><li><a href=\"https:\/\/ambipar.com\/latam\/ambipar-response-3\/prevencion-de-accidentes\/plan-de-accion-en-emergencia-pae\/\">Plan de Acci\u00f3n en Emergencia ( PAE)<\/a><\/li><li><a href=\"https:\/\/ambipar.com\/latam\/ambipar-response-3\/prevencion-de-accidentes\/plan-de-emergencia-individual-pei\/\">Plan de Emergencia Individual (PEI)<\/a><\/li><li><a href=\"https:\/\/ambipar.com\/latam\/ambipar-response-3\/prevencion-de-accidentes\/webmapping-3\/\">Webmapping<\/a><\/li><li><a href=\"https:\/\/ambipar.com\/latam\/ambipar-response-3\/prevencion-de-accidentes\/plan-de-control-de-emergencias-pce\/\">Plan de Control de Emergencias (PCE)<\/a><\/li><li><a href=\"https:\/\/ambipar.com\/latam\/ambipar-response-3\/prevencion-de-accidentes\/planificacion-de-simulacion\/\">Planificaci\u00f3n de Simulaci\u00f3n<\/a><\/li><li>Asesor\u00eda T\u00e9cnica en Legislaci\u00f3n de Almacenaje y Transporte de Productos Peligrosos:<ul><li><a href=\"https:\/\/ambipar.com\/latam\/ambipar-response-3\/prevencion-de-accidentes\/licencia-especial-de-transito-para-productos-peligrosos-letpp\/\">Licencia Especial de Tr\u00e1nsito para Productos Peligrosos (LETPP)<\/a><\/li><li><a href=\"https:\/\/ambipar.com\/latam\/ambipar-response-3\/prevencion-de-accidentes\/licencia-ambiental\/\">Licencia ambiental<\/a><\/li><li><a href=\"https:\/\/ambipar.com\/latam\/ambipar-response-3\/prevencion-de-accidentes\/documentos-tecnicos-2\/\">Documentos t\u00e9cnicos<\/a><\/li><li><a href=\"https:\/\/ambipar.com\/latam\/ambipar-response-3\/prevencion-de-accidentes\/manuales\/\">Manuales<\/a><\/li><\/ul><\/li><\/ul>\n","protected":false},"excerpt":{"rendered":"El Plan de \u00c1rea (PA) contiene informaci\u00f3n, medidas y acciones derivadas de la consolidaci\u00f3n de los Planes Individuales de Emergencia (PEI), los Programas de Gesti\u00f3n de Riesgos (PGR) y el An\u00e1lisis de Riesgos (EAR) de los emprendimientos que integran los puertos organizados. Su finalidad es garantizar la asistencia mutua en la atenci\u00f3n de emergencias por&#8230; <a class=\"view-article\" href=\"https:\/\/ambipar.com\/latam\/ambipar-response-3\/prevencion-de-accidentes\/plan-de-area-pa\/\">Ver art\u00edculo<\/a>","protected":false},"author":1,"featured_media":396,"parent":1807,"menu_order":0,"comment_status":"closed","ping_status":"closed","template":"single-servicos.php","meta":[],"yoast_head":"<!-- This site is optimized with the Yoast SEO plugin v17.6 - https:\/\/yoast.com\/wordpress\/plugins\/seo\/ -->\n<title>Conozca el Plan de \u00c1rea (PA) que ofrece Ambipar Response<\/title>\n<meta name=\"description\" content=\"Su prop\u00f3sito es garantizar la asistencia mutua en la respuesta a emergencias por derrames de petr\u00f3leo en las instalaciones terminales del \u00e1rea portuaria.\" \/>\n<meta name=\"robots\" content=\"index, follow, max-snippet:-1, max-image-preview:large, max-video-preview:-1\" \/>\n<link rel=\"canonical\" href=\"https:\/\/ambipar.com\/latam\/ambipar-response-3\/prevencion-de-accidentes\/plan-de-area-pa\/\" \/>\n<meta property=\"og:locale\" content=\"es_ES\" \/>\n<meta property=\"og:type\" content=\"article\" \/>\n<meta property=\"og:title\" content=\"Conozca el Plan de \u00c1rea (PA) que ofrece Ambipar Response\" \/>\n<meta property=\"og:description\" content=\"Su prop\u00f3sito es garantizar la asistencia mutua en la respuesta a emergencias por derrames de petr\u00f3leo en las instalaciones terminales del \u00e1rea portuaria.\" \/>\n<meta property=\"og:url\" content=\"https:\/\/ambipar.com\/latam\/ambipar-response-3\/prevencion-de-accidentes\/plan-de-area-pa\/\" \/>\n<meta property=\"og:site_name\" content=\"Ambipar. A l\u00edder em gest\u00e3o ambiental.\" \/>\n<meta property=\"article:modified_time\" content=\"2021-10-13T18:20:43+00:00\" \/>\n<meta property=\"og:image\" content=\"https:\/\/ambipar.com\/latam\/wp-content\/uploads\/2020\/10\/PA.jpg\" \/>\n\t<meta property=\"og:image:width\" content=\"889\" \/>\n\t<meta property=\"og:image:height\" content=\"1004\" \/>\n<meta name=\"twitter:card\" content=\"summary_large_image\" \/>\n<meta name=\"twitter:label1\" content=\"Est. reading time\" \/>\n\t<meta name=\"twitter:data1\" content=\"1 minuto\" \/>\n<script type=\"application\/ld+json\" class=\"yoast-schema-graph\">{\"@context\":\"https:\/\/schema.org\",\"@graph\":[{\"@type\":\"Organization\",\"@id\":\"https:\/\/ambipar.com\/latam\/#organization\",\"name\":\"Ambipar\",\"url\":\"https:\/\/ambipar.com\/latam\/\",\"sameAs\":[],\"logo\":{\"@type\":\"ImageObject\",\"@id\":\"https:\/\/ambipar.com\/latam\/#logo\",\"inLanguage\":\"es-CL\",\"url\":\"https:\/\/ambipar.com\/latam\/wp-content\/uploads\/2020\/10\/ambipar_color.png\",\"contentUrl\":\"https:\/\/ambipar.com\/latam\/wp-content\/uploads\/2020\/10\/ambipar_color.png\",\"width\":174,\"height\":107,\"caption\":\"Ambipar\"},\"image\":{\"@id\":\"https:\/\/ambipar.com\/latam\/#logo\"}},{\"@type\":\"WebSite\",\"@id\":\"https:\/\/ambipar.com\/latam\/#website\",\"url\":\"https:\/\/ambipar.com\/latam\/\",\"name\":\"Ambipar. A l\\u00edder em gest\\u00e3o ambiental.\",\"description\":\"Pioneira em solu\\u00e7\\u00f5es ambientais, a Ambipar atua em todo o territ\\u00f3rio nacional oferecendo solu\\u00e7\\u00f5es integradas para toda a cadeia de neg\\u00f3cio.\",\"publisher\":{\"@id\":\"https:\/\/ambipar.com\/latam\/#organization\"},\"potentialAction\":[{\"@type\":\"SearchAction\",\"target\":{\"@type\":\"EntryPoint\",\"urlTemplate\":\"https:\/\/ambipar.com\/latam\/?s={search_term_string}\"},\"query-input\":\"required name=search_term_string\"}],\"inLanguage\":\"es-CL\"},{\"@type\":\"ImageObject\",\"@id\":\"https:\/\/ambipar.com\/latam\/ambipar-response-3\/prevencion-de-accidentes\/plan-de-area-pa\/#primaryimage\",\"inLanguage\":\"es-CL\",\"url\":\"https:\/\/ambipar.com\/latam\/wp-content\/uploads\/2020\/10\/PA.jpg\",\"contentUrl\":\"https:\/\/ambipar.com\/latam\/wp-content\/uploads\/2020\/10\/PA.jpg\",\"width\":889,\"height\":1004,\"caption\":\"PA\"},{\"@type\":\"WebPage\",\"@id\":\"https:\/\/ambipar.com\/latam\/ambipar-response-3\/prevencion-de-accidentes\/plan-de-area-pa\/#webpage\",\"url\":\"https:\/\/ambipar.com\/latam\/ambipar-response-3\/prevencion-de-accidentes\/plan-de-area-pa\/\",\"name\":\"Conozca el Plan de \\u00c1rea (PA) que ofrece Ambipar Response\",\"isPartOf\":{\"@id\":\"https:\/\/ambipar.com\/latam\/#website\"},\"primaryImageOfPage\":{\"@id\":\"https:\/\/ambipar.com\/latam\/ambipar-response-3\/prevencion-de-accidentes\/plan-de-area-pa\/#primaryimage\"},\"datePublished\":\"2020-11-14T21:48:32+00:00\",\"dateModified\":\"2021-10-13T18:20:43+00:00\",\"description\":\"Su prop\\u00f3sito es garantizar la asistencia mutua en la respuesta a emergencias por derrames de petr\\u00f3leo en las instalaciones terminales del \\u00e1rea portuaria.\",\"breadcrumb\":{\"@id\":\"https:\/\/ambipar.com\/latam\/ambipar-response-3\/prevencion-de-accidentes\/plan-de-area-pa\/#breadcrumb\"},\"inLanguage\":\"es-CL\",\"potentialAction\":[{\"@type\":\"ReadAction\",\"target\":[\"https:\/\/ambipar.com\/latam\/ambipar-response-3\/prevencion-de-accidentes\/plan-de-area-pa\/\"]}]},{\"@type\":\"BreadcrumbList\",\"@id\":\"https:\/\/ambipar.com\/latam\/ambipar-response-3\/prevencion-de-accidentes\/plan-de-area-pa\/#breadcrumb\",\"itemListElement\":[{\"@type\":\"ListItem\",\"position\":1,\"name\":\"Home\",\"item\":\"https:\/\/ambipar.com\/latam\/\"},{\"@type\":\"ListItem\",\"position\":2,\"name\":\"Ambipar Response\",\"item\":\"https:\/\/ambipar.com\/latam\/ambipar-response-3\/\"},{\"@type\":\"ListItem\",\"position\":3,\"name\":\"Prevenci\\u00f3n de Accidentes\",\"item\":\"https:\/\/ambipar.com\/latam\/ambipar-response-3\/prevencion-de-accidentes\/\"},{\"@type\":\"ListItem\",\"position\":4,\"name\":\"Plan de \\u00c1rea (PA)\"}]}]}<\/script>\n<!-- \/ Yoast SEO plugin. -->","yoast_head_json":{"title":"Conozca el Plan de \u00c1rea (PA) que ofrece Ambipar Response","description":"Su prop\u00f3sito es garantizar la asistencia mutua en la respuesta a emergencias por derrames de petr\u00f3leo en las instalaciones terminales del \u00e1rea portuaria.","robots":{"index":"index","follow":"follow","max-snippet":"max-snippet:-1","max-image-preview":"max-image-preview:large","max-video-preview":"max-video-preview:-1"},"canonical":"https:\/\/ambipar.com\/latam\/ambipar-response-3\/prevencion-de-accidentes\/plan-de-area-pa\/","og_locale":"es_ES","og_type":"article","og_title":"Conozca el Plan de \u00c1rea (PA) que ofrece Ambipar Response","og_description":"Su prop\u00f3sito es garantizar la asistencia mutua en la respuesta a emergencias por derrames de petr\u00f3leo en las instalaciones terminales del \u00e1rea portuaria.","og_url":"https:\/\/ambipar.com\/latam\/ambipar-response-3\/prevencion-de-accidentes\/plan-de-area-pa\/","og_site_name":"Ambipar. A l\u00edder em gest\u00e3o ambiental.","article_modified_time":"2021-10-13T18:20:43+00:00","og_image":[{"width":889,"height":1004,"url":"https:\/\/ambipar.com\/latam\/wp-content\/uploads\/2020\/10\/PA.jpg","type":"image\/jpeg"}],"twitter_card":"summary_large_image","twitter_misc":{"Est. reading time":"1 minuto"},"schema":{"@context":"https:\/\/schema.org","@graph":[{"@type":"Organization","@id":"https:\/\/ambipar.com\/latam\/#organization","name":"Ambipar","url":"https:\/\/ambipar.com\/latam\/","sameAs":[],"logo":{"@type":"ImageObject","@id":"https:\/\/ambipar.com\/latam\/#logo","inLanguage":"es-CL","url":"https:\/\/ambipar.com\/latam\/wp-content\/uploads\/2020\/10\/ambipar_color.png","contentUrl":"https:\/\/ambipar.com\/latam\/wp-content\/uploads\/2020\/10\/ambipar_color.png","width":174,"height":107,"caption":"Ambipar"},"image":{"@id":"https:\/\/ambipar.com\/latam\/#logo"}},{"@type":"WebSite","@id":"https:\/\/ambipar.com\/latam\/#website","url":"https:\/\/ambipar.com\/latam\/","name":"Ambipar. A l\u00edder em gest\u00e3o ambiental.","description":"Pioneira em solu\u00e7\u00f5es ambientais, a Ambipar atua em todo o territ\u00f3rio nacional oferecendo solu\u00e7\u00f5es integradas para toda a cadeia de neg\u00f3cio.","publisher":{"@id":"https:\/\/ambipar.com\/latam\/#organization"},"potentialAction":[{"@type":"SearchAction","target":{"@type":"EntryPoint","urlTemplate":"https:\/\/ambipar.com\/latam\/?s={search_term_string}"},"query-input":"required name=search_term_string"}],"inLanguage":"es-CL"},{"@type":"ImageObject","@id":"https:\/\/ambipar.com\/latam\/ambipar-response-3\/prevencion-de-accidentes\/plan-de-area-pa\/#primaryimage","inLanguage":"es-CL","url":"https:\/\/ambipar.com\/latam\/wp-content\/uploads\/2020\/10\/PA.jpg","contentUrl":"https:\/\/ambipar.com\/latam\/wp-content\/uploads\/2020\/10\/PA.jpg","width":889,"height":1004,"caption":"PA"},{"@type":"WebPage","@id":"https:\/\/ambipar.com\/latam\/ambipar-response-3\/prevencion-de-accidentes\/plan-de-area-pa\/#webpage","url":"https:\/\/ambipar.com\/latam\/ambipar-response-3\/prevencion-de-accidentes\/plan-de-area-pa\/","name":"Conozca el Plan de \u00c1rea (PA) que ofrece Ambipar Response","isPartOf":{"@id":"https:\/\/ambipar.com\/latam\/#website"},"primaryImageOfPage":{"@id":"https:\/\/ambipar.com\/latam\/ambipar-response-3\/prevencion-de-accidentes\/plan-de-area-pa\/#primaryimage"},"datePublished":"2020-11-14T21:48:32+00:00","dateModified":"2021-10-13T18:20:43+00:00","description":"Su prop\u00f3sito es garantizar la asistencia mutua en la respuesta a emergencias por derrames de petr\u00f3leo en las instalaciones terminales del \u00e1rea portuaria.","breadcrumb":{"@id":"https:\/\/ambipar.com\/latam\/ambipar-response-3\/prevencion-de-accidentes\/plan-de-area-pa\/#breadcrumb"},"inLanguage":"es-CL","potentialAction":[{"@type":"ReadAction","target":["https:\/\/ambipar.com\/latam\/ambipar-response-3\/prevencion-de-accidentes\/plan-de-area-pa\/"]}]},{"@type":"BreadcrumbList","@id":"https:\/\/ambipar.com\/latam\/ambipar-response-3\/prevencion-de-accidentes\/plan-de-area-pa\/#breadcrumb","itemListElement":[{"@type":"ListItem","position":1,"name":"Home","item":"https:\/\/ambipar.com\/latam\/"},{"@type":"ListItem","position":2,"name":"Ambipar Response","item":"https:\/\/ambipar.com\/latam\/ambipar-response-3\/"},{"@type":"ListItem","position":3,"name":"Prevenci\u00f3n de Accidentes","item":"https:\/\/ambipar.com\/latam\/ambipar-response-3\/prevencion-de-accidentes\/"},{"@type":"ListItem","position":4,"name":"Plan de \u00c1rea (PA)"}]}]}},"_links":{"self":[{"href":"https:\/\/ambipar.com\/latam\/wp-json\/wp\/v2\/pages\/1843"}],"collection":[{"href":"https:\/\/ambipar.com\/latam\/wp-json\/wp\/v2\/pages"}],"about":[{"href":"https:\/\/ambipar.com\/latam\/wp-json\/wp\/v2\/types\/page"}],"author":[{"embeddable":true,"href":"https:\/\/ambipar.com\/latam\/wp-json\/wp\/v2\/users\/1"}],"replies":[{"embeddable":true,"href":"https:\/\/ambipar.com\/latam\/wp-json\/wp\/v2\/comments?post=1843"}],"version-history":[{"count":6,"href":"https:\/\/ambipar.com\/latam\/wp-json\/wp\/v2\/pages\/1843\/revisions"}],"predecessor-version":[{"id":4184,"href":"https:\/\/ambipar.com\/latam\/wp-json\/wp\/v2\/pages\/1843\/revisions\/4184"}],"up":[{"embeddable":true,"href":"https:\/\/ambipar.com\/latam\/wp-json\/wp\/v2\/pages\/1807"}],"wp:featuredmedia":[{"embeddable":true,"href":"https:\/\/ambipar.com\/latam\/wp-json\/wp\/v2\/media\/396"}],"wp:attachment":[{"href":"https:\/\/ambipar.com\/latam\/wp-json\/wp\/v2\/media?parent=1843"}],"curies":[{"name":"wp","href":"https:\/\/api.w.org\/{rel}","templated":true}]}}