{"id":1855,"date":"2020-11-14T19:06:05","date_gmt":"2020-11-14T22:06:05","guid":{"rendered":"https:\/\/ambipar.com\/latam\/?page_id=1855"},"modified":"2021-10-13T15:26:55","modified_gmt":"2021-10-13T18:26:55","slug":"planificacion-de-simulacion","status":"publish","type":"page","link":"https:\/\/ambipar.com\/latam\/ambipar-response-3\/prevencion-de-accidentes\/planificacion-de-simulacion\/","title":{"rendered":"Planificaci\u00f3n de Simulaci\u00f3n"},"content":{"rendered":"\n<p>Asistencia en la planificaci\u00f3n, coordinaci\u00f3n y ejecuci\u00f3n de ejercicios simulados de peque\u00f1os, medianos y grandes accidentes ambientales. La consultor\u00eda incluye las siguientes actividades:<\/p>\n\n\n\n<ul><li>Planificaci\u00f3n y definici\u00f3n del escenario a simular<\/li><li>Apoyo en la comunicaci\u00f3n y realizaci\u00f3n de la reuni\u00f3n de planificaci\u00f3n con Agencias P\u00fablicas<\/li><li>Registro de la poblaci\u00f3n y comunicaci\u00f3n de la simulaci\u00f3n con la comunidad con comunicaci\u00f3n puerta a puerta y sistema de sonido en su lugar<\/li><li>Suministro de mano de obra, equipo y estructura de soporte para realizar la simulaci\u00f3n<\/li><li>Evaluaci\u00f3n final de la simulaci\u00f3n<\/li><\/ul>\n\n\n\n<p>Vea tambi\u00e9n:<\/p>\n\n\n\n<ul><li><a href=\"https:\/\/ambipar.com\/latam\/ambipar-response-3\/prevencion-de-accidentes\/estudio-de-analisis-de-riesgo-ear\/\">Estudio de An\u00e1lisis de Riesgo (EAR)<\/a><\/li><li><a href=\"https:\/\/ambipar.com\/latam\/ambipar-response-3\/prevencion-de-accidentes\/programa-de-gestion-de-riesgo-pgr\/\">Programa de Gesti\u00f3n de Riesgo (PGR)<\/a><\/li><li><a href=\"https:\/\/ambipar.com\/latam\/ambipar-response-3\/prevencion-de-accidentes\/plan-de-accion-en-emergencia-pae\/\">Plan de Acci\u00f3n en Emergencia ( PAE)<\/a><\/li><li><a href=\"https:\/\/ambipar.com\/latam\/ambipar-response-3\/prevencion-de-accidentes\/plan-de-emergencia-individual-pei\/\">Plan de Emergencia Individual (PEI)<\/a><\/li><li><a href=\"https:\/\/ambipar.com\/latam\/ambipar-response-3\/prevencion-de-accidentes\/webmapping-3\/\">Webmapping<\/a><\/li><li><a href=\"https:\/\/ambipar.com\/latam\/ambipar-response-3\/prevencion-de-accidentes\/plan-de-area-pa\/\">Plan de \u00c1rea (PA)<\/a><\/li><li><a href=\"https:\/\/ambipar.com\/latam\/ambipar-response-3\/prevencion-de-accidentes\/plan-de-control-de-emergencias-pce\/\">Plan de Control de Emergencias (PCE)<\/a><\/li><li>Asesor\u00eda T\u00e9cnica en Legislaci\u00f3n de Almacenaje y Transporte de Productos Peligrosos:<ul><li><a href=\"https:\/\/ambipar.com\/latam\/ambipar-response-3\/prevencion-de-accidentes\/licencia-especial-de-transito-para-productos-peligrosos-letpp\/\">Licencia Especial de Tr\u00e1nsito para Productos Peligrosos (LETPP)<\/a><\/li><li><a href=\"https:\/\/ambipar.com\/latam\/ambipar-response-3\/prevencion-de-accidentes\/licencia-ambiental\/\">Licencia ambiental<\/a><\/li><li><a href=\"https:\/\/ambipar.com\/latam\/ambipar-response-3\/prevencion-de-accidentes\/documentos-tecnicos-2\/\">Documentos t\u00e9cnicos<\/a><\/li><li><a href=\"https:\/\/ambipar.com\/latam\/ambipar-response-3\/prevencion-de-accidentes\/manuales\/\">Manuales<\/a><\/li><\/ul><\/li><\/ul>\n\n\n\n<p><\/p>\n","protected":false},"excerpt":{"rendered":"Asistencia en la planificaci\u00f3n, coordinaci\u00f3n y ejecuci\u00f3n de ejercicios simulados de peque\u00f1os, medianos y grandes accidentes ambientales. La consultor\u00eda incluye las siguientes actividades: Planificaci\u00f3n y definici\u00f3n del escenario a simular Apoyo en la comunicaci\u00f3n y realizaci\u00f3n de la reuni\u00f3n de planificaci\u00f3n con Agencias P\u00fablicas Registro de la poblaci\u00f3n y comunicaci\u00f3n de la simulaci\u00f3n con la&#8230; <a class=\"view-article\" href=\"https:\/\/ambipar.com\/latam\/ambipar-response-3\/prevencion-de-accidentes\/planificacion-de-simulacion\/\">Ver art\u00edculo<\/a>","protected":false},"author":1,"featured_media":405,"parent":1807,"menu_order":0,"comment_status":"closed","ping_status":"closed","template":"single-servicos.php","meta":[],"yoast_head":"<!-- This site is optimized with the Yoast SEO plugin v17.6 - https:\/\/yoast.com\/wordpress\/plugins\/seo\/ -->\n<title>Descubra la Planificaci\u00f3n de Simulaci\u00f3n que ofrece Ambipar Response<\/title>\n<meta name=\"description\" content=\"Asistencia en la planificaci\u00f3n, coordinaci\u00f3n y ejecuci\u00f3n de ejercicios simulados para peque\u00f1os, medianos y grandes accidentes ambientales.\" \/>\n<meta name=\"robots\" content=\"index, follow, max-snippet:-1, max-image-preview:large, max-video-preview:-1\" \/>\n<link rel=\"canonical\" href=\"https:\/\/ambipar.com\/latam\/ambipar-response-3\/prevencion-de-accidentes\/planificacion-de-simulacion\/\" \/>\n<meta property=\"og:locale\" content=\"es_ES\" \/>\n<meta property=\"og:type\" content=\"article\" \/>\n<meta property=\"og:title\" content=\"Descubra la Planificaci\u00f3n de Simulaci\u00f3n que ofrece Ambipar Response\" \/>\n<meta property=\"og:description\" content=\"Asistencia en la planificaci\u00f3n, coordinaci\u00f3n y ejecuci\u00f3n de ejercicios simulados para peque\u00f1os, medianos y grandes accidentes ambientales.\" \/>\n<meta property=\"og:url\" content=\"https:\/\/ambipar.com\/latam\/ambipar-response-3\/prevencion-de-accidentes\/planificacion-de-simulacion\/\" \/>\n<meta property=\"og:site_name\" content=\"Ambipar. A l\u00edder em gest\u00e3o ambiental.\" \/>\n<meta property=\"article:modified_time\" content=\"2021-10-13T18:26:55+00:00\" \/>\n<meta property=\"og:image\" content=\"https:\/\/ambipar.com\/latam\/wp-content\/uploads\/2020\/10\/simulado.jpg\" \/>\n\t<meta property=\"og:image:width\" content=\"1012\" \/>\n\t<meta property=\"og:image:height\" content=\"1000\" \/>\n<meta name=\"twitter:card\" content=\"summary_large_image\" \/>\n<meta name=\"twitter:label1\" content=\"Est. reading time\" \/>\n\t<meta name=\"twitter:data1\" content=\"1 minuto\" \/>\n<script type=\"application\/ld+json\" class=\"yoast-schema-graph\">{\"@context\":\"https:\/\/schema.org\",\"@graph\":[{\"@type\":\"Organization\",\"@id\":\"https:\/\/ambipar.com\/latam\/#organization\",\"name\":\"Ambipar\",\"url\":\"https:\/\/ambipar.com\/latam\/\",\"sameAs\":[],\"logo\":{\"@type\":\"ImageObject\",\"@id\":\"https:\/\/ambipar.com\/latam\/#logo\",\"inLanguage\":\"es-CL\",\"url\":\"https:\/\/ambipar.com\/latam\/wp-content\/uploads\/2020\/10\/ambipar_color.png\",\"contentUrl\":\"https:\/\/ambipar.com\/latam\/wp-content\/uploads\/2020\/10\/ambipar_color.png\",\"width\":174,\"height\":107,\"caption\":\"Ambipar\"},\"image\":{\"@id\":\"https:\/\/ambipar.com\/latam\/#logo\"}},{\"@type\":\"WebSite\",\"@id\":\"https:\/\/ambipar.com\/latam\/#website\",\"url\":\"https:\/\/ambipar.com\/latam\/\",\"name\":\"Ambipar. A l\\u00edder em gest\\u00e3o ambiental.\",\"description\":\"Pioneira em solu\\u00e7\\u00f5es ambientais, a Ambipar atua em todo o territ\\u00f3rio nacional oferecendo solu\\u00e7\\u00f5es integradas para toda a cadeia de neg\\u00f3cio.\",\"publisher\":{\"@id\":\"https:\/\/ambipar.com\/latam\/#organization\"},\"potentialAction\":[{\"@type\":\"SearchAction\",\"target\":{\"@type\":\"EntryPoint\",\"urlTemplate\":\"https:\/\/ambipar.com\/latam\/?s={search_term_string}\"},\"query-input\":\"required name=search_term_string\"}],\"inLanguage\":\"es-CL\"},{\"@type\":\"ImageObject\",\"@id\":\"https:\/\/ambipar.com\/latam\/ambipar-response-3\/prevencion-de-accidentes\/planificacion-de-simulacion\/#primaryimage\",\"inLanguage\":\"es-CL\",\"url\":\"https:\/\/ambipar.com\/latam\/wp-content\/uploads\/2020\/10\/simulado.jpg\",\"contentUrl\":\"https:\/\/ambipar.com\/latam\/wp-content\/uploads\/2020\/10\/simulado.jpg\",\"width\":1012,\"height\":1000,\"caption\":\"simulado\"},{\"@type\":\"WebPage\",\"@id\":\"https:\/\/ambipar.com\/latam\/ambipar-response-3\/prevencion-de-accidentes\/planificacion-de-simulacion\/#webpage\",\"url\":\"https:\/\/ambipar.com\/latam\/ambipar-response-3\/prevencion-de-accidentes\/planificacion-de-simulacion\/\",\"name\":\"Descubra la Planificaci\\u00f3n de Simulaci\\u00f3n que ofrece Ambipar Response\",\"isPartOf\":{\"@id\":\"https:\/\/ambipar.com\/latam\/#website\"},\"primaryImageOfPage\":{\"@id\":\"https:\/\/ambipar.com\/latam\/ambipar-response-3\/prevencion-de-accidentes\/planificacion-de-simulacion\/#primaryimage\"},\"datePublished\":\"2020-11-14T22:06:05+00:00\",\"dateModified\":\"2021-10-13T18:26:55+00:00\",\"description\":\"Asistencia en la planificaci\\u00f3n, coordinaci\\u00f3n y ejecuci\\u00f3n de ejercicios simulados para peque\\u00f1os, medianos y grandes accidentes ambientales.\",\"breadcrumb\":{\"@id\":\"https:\/\/ambipar.com\/latam\/ambipar-response-3\/prevencion-de-accidentes\/planificacion-de-simulacion\/#breadcrumb\"},\"inLanguage\":\"es-CL\",\"potentialAction\":[{\"@type\":\"ReadAction\",\"target\":[\"https:\/\/ambipar.com\/latam\/ambipar-response-3\/prevencion-de-accidentes\/planificacion-de-simulacion\/\"]}]},{\"@type\":\"BreadcrumbList\",\"@id\":\"https:\/\/ambipar.com\/latam\/ambipar-response-3\/prevencion-de-accidentes\/planificacion-de-simulacion\/#breadcrumb\",\"itemListElement\":[{\"@type\":\"ListItem\",\"position\":1,\"name\":\"Home\",\"item\":\"https:\/\/ambipar.com\/latam\/\"},{\"@type\":\"ListItem\",\"position\":2,\"name\":\"Ambipar Response\",\"item\":\"https:\/\/ambipar.com\/latam\/ambipar-response-3\/\"},{\"@type\":\"ListItem\",\"position\":3,\"name\":\"Prevenci\\u00f3n de Accidentes\",\"item\":\"https:\/\/ambipar.com\/latam\/ambipar-response-3\/prevencion-de-accidentes\/\"},{\"@type\":\"ListItem\",\"position\":4,\"name\":\"Planificaci\\u00f3n de Simulaci\\u00f3n\"}]}]}<\/script>\n<!-- \/ Yoast SEO plugin. -->","yoast_head_json":{"title":"Descubra la Planificaci\u00f3n de Simulaci\u00f3n que ofrece Ambipar Response","description":"Asistencia en la planificaci\u00f3n, coordinaci\u00f3n y ejecuci\u00f3n de ejercicios simulados para peque\u00f1os, medianos y grandes accidentes ambientales.","robots":{"index":"index","follow":"follow","max-snippet":"max-snippet:-1","max-image-preview":"max-image-preview:large","max-video-preview":"max-video-preview:-1"},"canonical":"https:\/\/ambipar.com\/latam\/ambipar-response-3\/prevencion-de-accidentes\/planificacion-de-simulacion\/","og_locale":"es_ES","og_type":"article","og_title":"Descubra la Planificaci\u00f3n de Simulaci\u00f3n que ofrece Ambipar Response","og_description":"Asistencia en la planificaci\u00f3n, coordinaci\u00f3n y ejecuci\u00f3n de ejercicios simulados para peque\u00f1os, medianos y grandes accidentes ambientales.","og_url":"https:\/\/ambipar.com\/latam\/ambipar-response-3\/prevencion-de-accidentes\/planificacion-de-simulacion\/","og_site_name":"Ambipar. A l\u00edder em gest\u00e3o ambiental.","article_modified_time":"2021-10-13T18:26:55+00:00","og_image":[{"width":1012,"height":1000,"url":"https:\/\/ambipar.com\/latam\/wp-content\/uploads\/2020\/10\/simulado.jpg","type":"image\/jpeg"}],"twitter_card":"summary_large_image","twitter_misc":{"Est. reading time":"1 minuto"},"schema":{"@context":"https:\/\/schema.org","@graph":[{"@type":"Organization","@id":"https:\/\/ambipar.com\/latam\/#organization","name":"Ambipar","url":"https:\/\/ambipar.com\/latam\/","sameAs":[],"logo":{"@type":"ImageObject","@id":"https:\/\/ambipar.com\/latam\/#logo","inLanguage":"es-CL","url":"https:\/\/ambipar.com\/latam\/wp-content\/uploads\/2020\/10\/ambipar_color.png","contentUrl":"https:\/\/ambipar.com\/latam\/wp-content\/uploads\/2020\/10\/ambipar_color.png","width":174,"height":107,"caption":"Ambipar"},"image":{"@id":"https:\/\/ambipar.com\/latam\/#logo"}},{"@type":"WebSite","@id":"https:\/\/ambipar.com\/latam\/#website","url":"https:\/\/ambipar.com\/latam\/","name":"Ambipar. A l\u00edder em gest\u00e3o ambiental.","description":"Pioneira em solu\u00e7\u00f5es ambientais, a Ambipar atua em todo o territ\u00f3rio nacional oferecendo solu\u00e7\u00f5es integradas para toda a cadeia de neg\u00f3cio.","publisher":{"@id":"https:\/\/ambipar.com\/latam\/#organization"},"potentialAction":[{"@type":"SearchAction","target":{"@type":"EntryPoint","urlTemplate":"https:\/\/ambipar.com\/latam\/?s={search_term_string}"},"query-input":"required name=search_term_string"}],"inLanguage":"es-CL"},{"@type":"ImageObject","@id":"https:\/\/ambipar.com\/latam\/ambipar-response-3\/prevencion-de-accidentes\/planificacion-de-simulacion\/#primaryimage","inLanguage":"es-CL","url":"https:\/\/ambipar.com\/latam\/wp-content\/uploads\/2020\/10\/simulado.jpg","contentUrl":"https:\/\/ambipar.com\/latam\/wp-content\/uploads\/2020\/10\/simulado.jpg","width":1012,"height":1000,"caption":"simulado"},{"@type":"WebPage","@id":"https:\/\/ambipar.com\/latam\/ambipar-response-3\/prevencion-de-accidentes\/planificacion-de-simulacion\/#webpage","url":"https:\/\/ambipar.com\/latam\/ambipar-response-3\/prevencion-de-accidentes\/planificacion-de-simulacion\/","name":"Descubra la Planificaci\u00f3n de Simulaci\u00f3n que ofrece Ambipar Response","isPartOf":{"@id":"https:\/\/ambipar.com\/latam\/#website"},"primaryImageOfPage":{"@id":"https:\/\/ambipar.com\/latam\/ambipar-response-3\/prevencion-de-accidentes\/planificacion-de-simulacion\/#primaryimage"},"datePublished":"2020-11-14T22:06:05+00:00","dateModified":"2021-10-13T18:26:55+00:00","description":"Asistencia en la planificaci\u00f3n, coordinaci\u00f3n y ejecuci\u00f3n de ejercicios simulados para peque\u00f1os, medianos y grandes accidentes ambientales.","breadcrumb":{"@id":"https:\/\/ambipar.com\/latam\/ambipar-response-3\/prevencion-de-accidentes\/planificacion-de-simulacion\/#breadcrumb"},"inLanguage":"es-CL","potentialAction":[{"@type":"ReadAction","target":["https:\/\/ambipar.com\/latam\/ambipar-response-3\/prevencion-de-accidentes\/planificacion-de-simulacion\/"]}]},{"@type":"BreadcrumbList","@id":"https:\/\/ambipar.com\/latam\/ambipar-response-3\/prevencion-de-accidentes\/planificacion-de-simulacion\/#breadcrumb","itemListElement":[{"@type":"ListItem","position":1,"name":"Home","item":"https:\/\/ambipar.com\/latam\/"},{"@type":"ListItem","position":2,"name":"Ambipar Response","item":"https:\/\/ambipar.com\/latam\/ambipar-response-3\/"},{"@type":"ListItem","position":3,"name":"Prevenci\u00f3n de Accidentes","item":"https:\/\/ambipar.com\/latam\/ambipar-response-3\/prevencion-de-accidentes\/"},{"@type":"ListItem","position":4,"name":"Planificaci\u00f3n de Simulaci\u00f3n"}]}]}},"_links":{"self":[{"href":"https:\/\/ambipar.com\/latam\/wp-json\/wp\/v2\/pages\/1855"}],"collection":[{"href":"https:\/\/ambipar.com\/latam\/wp-json\/wp\/v2\/pages"}],"about":[{"href":"https:\/\/ambipar.com\/latam\/wp-json\/wp\/v2\/types\/page"}],"author":[{"embeddable":true,"href":"https:\/\/ambipar.com\/latam\/wp-json\/wp\/v2\/users\/1"}],"replies":[{"embeddable":true,"href":"https:\/\/ambipar.com\/latam\/wp-json\/wp\/v2\/comments?post=1855"}],"version-history":[{"count":4,"href":"https:\/\/ambipar.com\/latam\/wp-json\/wp\/v2\/pages\/1855\/revisions"}],"predecessor-version":[{"id":4186,"href":"https:\/\/ambipar.com\/latam\/wp-json\/wp\/v2\/pages\/1855\/revisions\/4186"}],"up":[{"embeddable":true,"href":"https:\/\/ambipar.com\/latam\/wp-json\/wp\/v2\/pages\/1807"}],"wp:featuredmedia":[{"embeddable":true,"href":"https:\/\/ambipar.com\/latam\/wp-json\/wp\/v2\/media\/405"}],"wp:attachment":[{"href":"https:\/\/ambipar.com\/latam\/wp-json\/wp\/v2\/media?parent=1855"}],"curies":[{"name":"wp","href":"https:\/\/api.w.org\/{rel}","templated":true}]}}