{"id":1875,"date":"2020-11-14T19:39:32","date_gmt":"2020-11-14T22:39:32","guid":{"rendered":"https:\/\/ambipar.com\/latam\/?page_id=1875"},"modified":"2021-10-13T15:44:36","modified_gmt":"2021-10-13T18:44:36","slug":"documentos-tecnicos-2","status":"publish","type":"page","link":"https:\/\/ambipar.com\/latam\/ambipar-response-3\/prevencion-de-accidentes\/documentos-tecnicos-2\/","title":{"rendered":"Documentos t\u00e9cnicos"},"content":{"rendered":"\n<p><strong>MSDS<\/strong> \u2013 Hoja de Informaci\u00f3n de Seguridad Qu\u00edmica<\/p>\n\n\n\n<p>Documento que brinda informaci\u00f3n sobre aspectos del qu\u00edmico en t\u00e9rminos de protecci\u00f3n de la seguridad, la salud y el medio ambiente. El producto se clasifica seg\u00fan &amp; nbsp; el sistema GHS (Sistema Globalmente Armonizado). Elaborado en base a ABNT NBR 14725 y seg\u00fan Decreto n\u00ba 2657\/98 y Ordenanza n\u00ba 229 de 2011 \/ TEM.<\/p>\n\n\n\n<p><strong>FDSR<\/strong> \u2013 Ficha de Datos de Seguridad de Residuos<\/p>\n\n\n\n<p>Documento que brinda informaci\u00f3n sobre la identificaci\u00f3n del residuo, su generador, clasificaci\u00f3n, peligrosidad y procedimientos de emergencia. &amp; nbsp; La FDSR tambi\u00e9n tiene su base normativa en el Convenio n\u00fam. 170 de la Organizaci\u00f3n Internacional del Trabajo (OIT) y en&nbsp;<a href=\"http:\/\/www.planalto.gov.br\/ccivil_03\/decreto\/d2657.htm\">Decreto N \u00b0 2.657 de 3 de marzo de 1998<\/a>.&nbsp; Las especificaciones de la FDSR est\u00e1n reguladas por &amp; nbsp; ABNT NBR 16725. Esta norma tambi\u00e9n establece normas de etiquetado para residuos qu\u00edmicos, peligrosos o no.<\/p>\n\n\n\n<figure class=\"wp-block-image size-large\"><img width=\"689\" height=\"782\" src=\"https:\/\/ambipar.com\/latam\/wp-content\/uploads\/2020\/10\/documentos-1.png\" alt=\"\" class=\"wp-image-426\" srcset=\"https:\/\/ambipar.com\/latam\/wp-content\/uploads\/2020\/10\/documentos-1.png 689w, https:\/\/ambipar.com\/latam\/wp-content\/uploads\/2020\/10\/documentos-1-250x284.png 250w, https:\/\/ambipar.com\/latam\/wp-content\/uploads\/2020\/10\/documentos-1-120x136.png 120w\" sizes=\"(max-width: 689px) 100vw, 689px\" \/><\/figure>\n\n\n\n<p>Vea tambi\u00e9n:<\/p>\n\n\n\n<ul><li><a href=\"https:\/\/ambipar.com\/latam\/ambipar-response-3\/prevencion-de-accidentes\/estudio-de-analisis-de-riesgo-ear\/\">Estudio de An\u00e1lisis de Riesgo (EAR)<\/a><\/li><li><a href=\"https:\/\/ambipar.com\/latam\/ambipar-response-3\/prevencion-de-accidentes\/programa-de-gestion-de-riesgo-pgr\/\">Programa de Gesti\u00f3n de Riesgo (PGR)<\/a><\/li><li><a href=\"https:\/\/ambipar.com\/latam\/ambipar-response-3\/prevencion-de-accidentes\/plan-de-accion-en-emergencia-pae\/\">Plan de Acci\u00f3n en Emergencia ( PAE)<\/a><\/li><li><a href=\"https:\/\/ambipar.com\/latam\/ambipar-response-3\/prevencion-de-accidentes\/plan-de-emergencia-individual-pei\/\">Plan de Emergencia Individual (PEI)<\/a><\/li><li><a href=\"https:\/\/ambipar.com\/latam\/ambipar-response-3\/prevencion-de-accidentes\/webmapping-3\/\">Webmapping<\/a><\/li><li><a href=\"https:\/\/ambipar.com\/latam\/ambipar-response-3\/prevencion-de-accidentes\/plan-de-area-pa\/\">Plan de \u00c1rea (PA)<\/a><\/li><li><a href=\"https:\/\/ambipar.com\/latam\/ambipar-response-3\/prevencion-de-accidentes\/plan-de-control-de-emergencias-pce\/\">Plan de Control de Emergencias (PCE)<\/a><\/li><li><a href=\"https:\/\/ambipar.com\/latam\/ambipar-response-3\/prevencion-de-accidentes\/planificacion-de-simulacion\/\">Planificaci\u00f3n de Simulaci\u00f3n<\/a><\/li><li>Asesor\u00eda T\u00e9cnica en Legislaci\u00f3n de Almacenaje y Transporte de Productos Peligrosos:<ul><li><a href=\"https:\/\/ambipar.com\/latam\/ambipar-response-3\/prevencion-de-accidentes\/licencia-especial-de-transito-para-productos-peligrosos-letpp\/\">Licencia Especial de Tr\u00e1nsito para Productos Peligrosos (LETPP)<\/a><\/li><li><a href=\"https:\/\/ambipar.com\/latam\/ambipar-response-3\/prevencion-de-accidentes\/licencia-ambiental\/\">Licencia ambiental<\/a><\/li><li><a href=\"https:\/\/ambipar.com\/latam\/ambipar-response-3\/prevencion-de-accidentes\/manuales\/\">Manuales<\/a><\/li><\/ul><\/li><\/ul>\n","protected":false},"excerpt":{"rendered":"MSDS \u2013 Hoja de Informaci\u00f3n de Seguridad Qu\u00edmica Documento que brinda informaci\u00f3n sobre aspectos del qu\u00edmico en t\u00e9rminos de protecci\u00f3n de la seguridad, la salud y el medio ambiente. El producto se clasifica seg\u00fan &amp; nbsp; el sistema GHS (Sistema Globalmente Armonizado). Elaborado en base a ABNT NBR 14725 y seg\u00fan Decreto n\u00ba 2657\/98 y&#8230; <a class=\"view-article\" href=\"https:\/\/ambipar.com\/latam\/ambipar-response-3\/prevencion-de-accidentes\/documentos-tecnicos-2\/\">Ver art\u00edculo<\/a>","protected":false},"author":1,"featured_media":422,"parent":1807,"menu_order":0,"comment_status":"closed","ping_status":"closed","template":"single-servicos.php","meta":[],"yoast_head":"<!-- This site is optimized with the Yoast SEO plugin v17.6 - https:\/\/yoast.com\/wordpress\/plugins\/seo\/ -->\n<title>Descubra los Documentos T\u00e9cnicos que ofrece Ambipar Response<\/title>\n<meta name=\"description\" content=\"FISPQ - Ficha de informaci\u00f3n sobre seguridad qu\u00edmica. Documento que proporciona informaci\u00f3n sobre aspectos de la sustancia qu\u00edmica.\" \/>\n<meta name=\"robots\" content=\"index, follow, max-snippet:-1, max-image-preview:large, max-video-preview:-1\" \/>\n<link rel=\"canonical\" href=\"https:\/\/ambipar.com\/latam\/ambipar-response-3\/prevencion-de-accidentes\/documentos-tecnicos-2\/\" \/>\n<meta property=\"og:locale\" content=\"es_ES\" \/>\n<meta property=\"og:type\" content=\"article\" \/>\n<meta property=\"og:title\" content=\"Descubra los Documentos T\u00e9cnicos que ofrece Ambipar Response\" \/>\n<meta property=\"og:description\" content=\"FISPQ - Ficha de informaci\u00f3n sobre seguridad qu\u00edmica. Documento que proporciona informaci\u00f3n sobre aspectos de la sustancia qu\u00edmica.\" \/>\n<meta property=\"og:url\" content=\"https:\/\/ambipar.com\/latam\/ambipar-response-3\/prevencion-de-accidentes\/documentos-tecnicos-2\/\" \/>\n<meta property=\"og:site_name\" content=\"Ambipar. A l\u00edder em gest\u00e3o ambiental.\" \/>\n<meta property=\"article:modified_time\" content=\"2021-10-13T18:44:36+00:00\" \/>\n<meta property=\"og:image\" content=\"https:\/\/ambipar.com\/latam\/wp-content\/uploads\/2020\/10\/produtoquimico.jpg\" \/>\n\t<meta property=\"og:image:width\" content=\"1012\" \/>\n\t<meta property=\"og:image:height\" content=\"1000\" \/>\n<meta name=\"twitter:card\" content=\"summary_large_image\" \/>\n<meta name=\"twitter:label1\" content=\"Est. reading time\" \/>\n\t<meta name=\"twitter:data1\" content=\"2 minutos\" \/>\n<script type=\"application\/ld+json\" class=\"yoast-schema-graph\">{\"@context\":\"https:\/\/schema.org\",\"@graph\":[{\"@type\":\"Organization\",\"@id\":\"https:\/\/ambipar.com\/latam\/#organization\",\"name\":\"Ambipar\",\"url\":\"https:\/\/ambipar.com\/latam\/\",\"sameAs\":[],\"logo\":{\"@type\":\"ImageObject\",\"@id\":\"https:\/\/ambipar.com\/latam\/#logo\",\"inLanguage\":\"es-CL\",\"url\":\"https:\/\/ambipar.com\/latam\/wp-content\/uploads\/2020\/10\/ambipar_color.png\",\"contentUrl\":\"https:\/\/ambipar.com\/latam\/wp-content\/uploads\/2020\/10\/ambipar_color.png\",\"width\":174,\"height\":107,\"caption\":\"Ambipar\"},\"image\":{\"@id\":\"https:\/\/ambipar.com\/latam\/#logo\"}},{\"@type\":\"WebSite\",\"@id\":\"https:\/\/ambipar.com\/latam\/#website\",\"url\":\"https:\/\/ambipar.com\/latam\/\",\"name\":\"Ambipar. A l\\u00edder em gest\\u00e3o ambiental.\",\"description\":\"Pioneira em solu\\u00e7\\u00f5es ambientais, a Ambipar atua em todo o territ\\u00f3rio nacional oferecendo solu\\u00e7\\u00f5es integradas para toda a cadeia de neg\\u00f3cio.\",\"publisher\":{\"@id\":\"https:\/\/ambipar.com\/latam\/#organization\"},\"potentialAction\":[{\"@type\":\"SearchAction\",\"target\":{\"@type\":\"EntryPoint\",\"urlTemplate\":\"https:\/\/ambipar.com\/latam\/?s={search_term_string}\"},\"query-input\":\"required name=search_term_string\"}],\"inLanguage\":\"es-CL\"},{\"@type\":\"ImageObject\",\"@id\":\"https:\/\/ambipar.com\/latam\/ambipar-response-3\/prevencion-de-accidentes\/documentos-tecnicos-2\/#primaryimage\",\"inLanguage\":\"es-CL\",\"url\":\"https:\/\/ambipar.com\/latam\/wp-content\/uploads\/2020\/10\/produtoquimico.jpg\",\"contentUrl\":\"https:\/\/ambipar.com\/latam\/wp-content\/uploads\/2020\/10\/produtoquimico.jpg\",\"width\":1012,\"height\":1000,\"caption\":\"produto qu\\u00edmico\"},{\"@type\":\"WebPage\",\"@id\":\"https:\/\/ambipar.com\/latam\/ambipar-response-3\/prevencion-de-accidentes\/documentos-tecnicos-2\/#webpage\",\"url\":\"https:\/\/ambipar.com\/latam\/ambipar-response-3\/prevencion-de-accidentes\/documentos-tecnicos-2\/\",\"name\":\"Descubra los Documentos T\\u00e9cnicos que ofrece Ambipar Response\",\"isPartOf\":{\"@id\":\"https:\/\/ambipar.com\/latam\/#website\"},\"primaryImageOfPage\":{\"@id\":\"https:\/\/ambipar.com\/latam\/ambipar-response-3\/prevencion-de-accidentes\/documentos-tecnicos-2\/#primaryimage\"},\"datePublished\":\"2020-11-14T22:39:32+00:00\",\"dateModified\":\"2021-10-13T18:44:36+00:00\",\"description\":\"FISPQ - Ficha de informaci\\u00f3n sobre seguridad qu\\u00edmica. Documento que proporciona informaci\\u00f3n sobre aspectos de la sustancia qu\\u00edmica.\",\"breadcrumb\":{\"@id\":\"https:\/\/ambipar.com\/latam\/ambipar-response-3\/prevencion-de-accidentes\/documentos-tecnicos-2\/#breadcrumb\"},\"inLanguage\":\"es-CL\",\"potentialAction\":[{\"@type\":\"ReadAction\",\"target\":[\"https:\/\/ambipar.com\/latam\/ambipar-response-3\/prevencion-de-accidentes\/documentos-tecnicos-2\/\"]}]},{\"@type\":\"BreadcrumbList\",\"@id\":\"https:\/\/ambipar.com\/latam\/ambipar-response-3\/prevencion-de-accidentes\/documentos-tecnicos-2\/#breadcrumb\",\"itemListElement\":[{\"@type\":\"ListItem\",\"position\":1,\"name\":\"Home\",\"item\":\"https:\/\/ambipar.com\/latam\/\"},{\"@type\":\"ListItem\",\"position\":2,\"name\":\"Ambipar Response\",\"item\":\"https:\/\/ambipar.com\/latam\/ambipar-response-3\/\"},{\"@type\":\"ListItem\",\"position\":3,\"name\":\"Prevenci\\u00f3n de Accidentes\",\"item\":\"https:\/\/ambipar.com\/latam\/ambipar-response-3\/prevencion-de-accidentes\/\"},{\"@type\":\"ListItem\",\"position\":4,\"name\":\"Documentos t\\u00e9cnicos\"}]}]}<\/script>\n<!-- \/ Yoast SEO plugin. -->","yoast_head_json":{"title":"Descubra los Documentos T\u00e9cnicos que ofrece Ambipar Response","description":"FISPQ - Ficha de informaci\u00f3n sobre seguridad qu\u00edmica. Documento que proporciona informaci\u00f3n sobre aspectos de la sustancia qu\u00edmica.","robots":{"index":"index","follow":"follow","max-snippet":"max-snippet:-1","max-image-preview":"max-image-preview:large","max-video-preview":"max-video-preview:-1"},"canonical":"https:\/\/ambipar.com\/latam\/ambipar-response-3\/prevencion-de-accidentes\/documentos-tecnicos-2\/","og_locale":"es_ES","og_type":"article","og_title":"Descubra los Documentos T\u00e9cnicos que ofrece Ambipar Response","og_description":"FISPQ - Ficha de informaci\u00f3n sobre seguridad qu\u00edmica. Documento que proporciona informaci\u00f3n sobre aspectos de la sustancia qu\u00edmica.","og_url":"https:\/\/ambipar.com\/latam\/ambipar-response-3\/prevencion-de-accidentes\/documentos-tecnicos-2\/","og_site_name":"Ambipar. A l\u00edder em gest\u00e3o ambiental.","article_modified_time":"2021-10-13T18:44:36+00:00","og_image":[{"width":1012,"height":1000,"url":"https:\/\/ambipar.com\/latam\/wp-content\/uploads\/2020\/10\/produtoquimico.jpg","type":"image\/jpeg"}],"twitter_card":"summary_large_image","twitter_misc":{"Est. reading time":"2 minutos"},"schema":{"@context":"https:\/\/schema.org","@graph":[{"@type":"Organization","@id":"https:\/\/ambipar.com\/latam\/#organization","name":"Ambipar","url":"https:\/\/ambipar.com\/latam\/","sameAs":[],"logo":{"@type":"ImageObject","@id":"https:\/\/ambipar.com\/latam\/#logo","inLanguage":"es-CL","url":"https:\/\/ambipar.com\/latam\/wp-content\/uploads\/2020\/10\/ambipar_color.png","contentUrl":"https:\/\/ambipar.com\/latam\/wp-content\/uploads\/2020\/10\/ambipar_color.png","width":174,"height":107,"caption":"Ambipar"},"image":{"@id":"https:\/\/ambipar.com\/latam\/#logo"}},{"@type":"WebSite","@id":"https:\/\/ambipar.com\/latam\/#website","url":"https:\/\/ambipar.com\/latam\/","name":"Ambipar. A l\u00edder em gest\u00e3o ambiental.","description":"Pioneira em solu\u00e7\u00f5es ambientais, a Ambipar atua em todo o territ\u00f3rio nacional oferecendo solu\u00e7\u00f5es integradas para toda a cadeia de neg\u00f3cio.","publisher":{"@id":"https:\/\/ambipar.com\/latam\/#organization"},"potentialAction":[{"@type":"SearchAction","target":{"@type":"EntryPoint","urlTemplate":"https:\/\/ambipar.com\/latam\/?s={search_term_string}"},"query-input":"required name=search_term_string"}],"inLanguage":"es-CL"},{"@type":"ImageObject","@id":"https:\/\/ambipar.com\/latam\/ambipar-response-3\/prevencion-de-accidentes\/documentos-tecnicos-2\/#primaryimage","inLanguage":"es-CL","url":"https:\/\/ambipar.com\/latam\/wp-content\/uploads\/2020\/10\/produtoquimico.jpg","contentUrl":"https:\/\/ambipar.com\/latam\/wp-content\/uploads\/2020\/10\/produtoquimico.jpg","width":1012,"height":1000,"caption":"produto qu\u00edmico"},{"@type":"WebPage","@id":"https:\/\/ambipar.com\/latam\/ambipar-response-3\/prevencion-de-accidentes\/documentos-tecnicos-2\/#webpage","url":"https:\/\/ambipar.com\/latam\/ambipar-response-3\/prevencion-de-accidentes\/documentos-tecnicos-2\/","name":"Descubra los Documentos T\u00e9cnicos que ofrece Ambipar Response","isPartOf":{"@id":"https:\/\/ambipar.com\/latam\/#website"},"primaryImageOfPage":{"@id":"https:\/\/ambipar.com\/latam\/ambipar-response-3\/prevencion-de-accidentes\/documentos-tecnicos-2\/#primaryimage"},"datePublished":"2020-11-14T22:39:32+00:00","dateModified":"2021-10-13T18:44:36+00:00","description":"FISPQ - Ficha de informaci\u00f3n sobre seguridad qu\u00edmica. Documento que proporciona informaci\u00f3n sobre aspectos de la sustancia qu\u00edmica.","breadcrumb":{"@id":"https:\/\/ambipar.com\/latam\/ambipar-response-3\/prevencion-de-accidentes\/documentos-tecnicos-2\/#breadcrumb"},"inLanguage":"es-CL","potentialAction":[{"@type":"ReadAction","target":["https:\/\/ambipar.com\/latam\/ambipar-response-3\/prevencion-de-accidentes\/documentos-tecnicos-2\/"]}]},{"@type":"BreadcrumbList","@id":"https:\/\/ambipar.com\/latam\/ambipar-response-3\/prevencion-de-accidentes\/documentos-tecnicos-2\/#breadcrumb","itemListElement":[{"@type":"ListItem","position":1,"name":"Home","item":"https:\/\/ambipar.com\/latam\/"},{"@type":"ListItem","position":2,"name":"Ambipar Response","item":"https:\/\/ambipar.com\/latam\/ambipar-response-3\/"},{"@type":"ListItem","position":3,"name":"Prevenci\u00f3n de Accidentes","item":"https:\/\/ambipar.com\/latam\/ambipar-response-3\/prevencion-de-accidentes\/"},{"@type":"ListItem","position":4,"name":"Documentos t\u00e9cnicos"}]}]}},"_links":{"self":[{"href":"https:\/\/ambipar.com\/latam\/wp-json\/wp\/v2\/pages\/1875"}],"collection":[{"href":"https:\/\/ambipar.com\/latam\/wp-json\/wp\/v2\/pages"}],"about":[{"href":"https:\/\/ambipar.com\/latam\/wp-json\/wp\/v2\/types\/page"}],"author":[{"embeddable":true,"href":"https:\/\/ambipar.com\/latam\/wp-json\/wp\/v2\/users\/1"}],"replies":[{"embeddable":true,"href":"https:\/\/ambipar.com\/latam\/wp-json\/wp\/v2\/comments?post=1875"}],"version-history":[{"count":4,"href":"https:\/\/ambipar.com\/latam\/wp-json\/wp\/v2\/pages\/1875\/revisions"}],"predecessor-version":[{"id":4189,"href":"https:\/\/ambipar.com\/latam\/wp-json\/wp\/v2\/pages\/1875\/revisions\/4189"}],"up":[{"embeddable":true,"href":"https:\/\/ambipar.com\/latam\/wp-json\/wp\/v2\/pages\/1807"}],"wp:featuredmedia":[{"embeddable":true,"href":"https:\/\/ambipar.com\/latam\/wp-json\/wp\/v2\/media\/422"}],"wp:attachment":[{"href":"https:\/\/ambipar.com\/latam\/wp-json\/wp\/v2\/media?parent=1875"}],"curies":[{"name":"wp","href":"https:\/\/api.w.org\/{rel}","templated":true}]}}