{"id":1896,"date":"2020-11-15T22:01:38","date_gmt":"2020-11-16T01:01:38","guid":{"rendered":"https:\/\/ambipar.com\/latam\/?page_id=1896"},"modified":"2021-01-05T20:30:22","modified_gmt":"2021-01-05T23:30:22","slug":"high-volume-submerged-pump","status":"publish","type":"page","link":"https:\/\/ambipar.com\/latam\/en\/ambipar-response\/equipamentos-de-combate-a-incendios\/equipamentos-de-alta-vazao\/high-volume-submerged-pump\/","title":{"rendered":"High Volume Submerged Pump"},"content":{"rendered":"\n<p>The highly efficient submersible hydraulic pump is driven by a market-leading diesel engine to pump water at a rate of 30,000 gpm (30,000 Lpm) from a water source up to 61 m away with a 35 foot (10 vertical lift) , 6 m). This water flow can then be delivered to an on-board or separate impulse pump, where the pressure is increased before sending to end-of-line devices.<\/p>\n\n\n\n<p>Know the other high flow equipment:<\/p>\n\n\n\n<ul id=\"block-16b009f3-7925-4bef-8319-3d8f16414e0b\"><li><a href=\"https:\/\/ambipar.com\/latam\/en\/ambipar-response\/equipamentos-de-combate-a-incendios\/equipamentos-de-alta-vazao\/transportable-pump\/\">Transportable Pump<\/a><\/li><li><a href=\"https:\/\/ambipar.com\/latam\/en\/ambipar-response\/equipamentos-de-combate-a-incendios\/equipamentos-de-alta-vazao\/ambassador-monitor\/\">Ambassador Monitor<\/a><\/li><li><a href=\"https:\/\/ambipar.com\/latam\/en\/ambipar-response\/equipamentos-de-combate-a-incendios\/equipamentos-de-alta-vazao\/monitor-ranger-3-2\/\">Monitor Ranger 3<\/a><\/li><\/ul>\n","protected":false},"excerpt":{"rendered":"The highly efficient submersible hydraulic pump is driven by a market-leading diesel engine to pump water at a rate of 30,000 gpm (30,000 Lpm) from a water source up to 61 m away with a 35 foot (10 vertical lift) , 6 m). This water flow can then be delivered to an on-board or separate&#8230; <a class=\"view-article\" href=\"https:\/\/ambipar.com\/latam\/en\/ambipar-response\/equipamentos-de-combate-a-incendios\/equipamentos-de-alta-vazao\/high-volume-submerged-pump\/\">Ver art\u00edculo<\/a>","protected":false},"author":1,"featured_media":1269,"parent":1254,"menu_order":0,"comment_status":"closed","ping_status":"closed","template":"single-servicos.php","meta":[],"yoast_head":"<!-- This site is optimized with the Yoast SEO plugin v17.6 - https:\/\/yoast.com\/wordpress\/plugins\/seo\/ -->\n<title>Discover the High Volume Submerged Pump offered by Ambipar<\/title>\n<meta name=\"description\" content=\"The highly efficient submersible hydraulic pump is driven by a market-leading diesel engine to pump water at a rate of 30,000 gpm\" \/>\n<meta name=\"robots\" content=\"index, follow, max-snippet:-1, max-image-preview:large, max-video-preview:-1\" \/>\n<link rel=\"canonical\" href=\"https:\/\/ambipar.com\/latam\/en\/ambipar-response\/equipamentos-de-combate-a-incendios\/equipamentos-de-alta-vazao\/high-volume-submerged-pump\/\" \/>\n<meta property=\"og:locale\" content=\"es_ES\" \/>\n<meta property=\"og:type\" content=\"article\" \/>\n<meta property=\"og:title\" content=\"Discover the High Volume Submerged Pump offered by Ambipar\" \/>\n<meta property=\"og:description\" content=\"The highly efficient submersible hydraulic pump is driven by a market-leading diesel engine to pump water at a rate of 30,000 gpm\" \/>\n<meta property=\"og:url\" content=\"https:\/\/ambipar.com\/latam\/en\/ambipar-response\/equipamentos-de-combate-a-incendios\/equipamentos-de-alta-vazao\/high-volume-submerged-pump\/\" \/>\n<meta property=\"og:site_name\" content=\"Ambipar. A l\u00edder em gest\u00e3o ambiental.\" \/>\n<meta property=\"article:modified_time\" content=\"2021-01-05T23:30:22+00:00\" \/>\n<meta property=\"og:image\" content=\"https:\/\/ambipar.com\/latam\/wp-content\/uploads\/2020\/11\/bombasubmersa.jpg\" \/>\n\t<meta property=\"og:image:width\" content=\"998\" \/>\n\t<meta property=\"og:image:height\" content=\"874\" \/>\n<meta name=\"twitter:card\" content=\"summary_large_image\" \/>\n<script type=\"application\/ld+json\" class=\"yoast-schema-graph\">{\"@context\":\"https:\/\/schema.org\",\"@graph\":[{\"@type\":\"Organization\",\"@id\":\"https:\/\/ambipar.com\/latam\/#organization\",\"name\":\"Ambipar\",\"url\":\"https:\/\/ambipar.com\/latam\/\",\"sameAs\":[],\"logo\":{\"@type\":\"ImageObject\",\"@id\":\"https:\/\/ambipar.com\/latam\/#logo\",\"inLanguage\":\"es-CL\",\"url\":\"https:\/\/ambipar.com\/latam\/wp-content\/uploads\/2020\/10\/ambipar_color.png\",\"contentUrl\":\"https:\/\/ambipar.com\/latam\/wp-content\/uploads\/2020\/10\/ambipar_color.png\",\"width\":174,\"height\":107,\"caption\":\"Ambipar\"},\"image\":{\"@id\":\"https:\/\/ambipar.com\/latam\/#logo\"}},{\"@type\":\"WebSite\",\"@id\":\"https:\/\/ambipar.com\/latam\/#website\",\"url\":\"https:\/\/ambipar.com\/latam\/\",\"name\":\"Ambipar. A l\\u00edder em gest\\u00e3o ambiental.\",\"description\":\"Pioneira em solu\\u00e7\\u00f5es ambientais, a Ambipar atua em todo o territ\\u00f3rio nacional oferecendo solu\\u00e7\\u00f5es integradas para toda a cadeia de neg\\u00f3cio.\",\"publisher\":{\"@id\":\"https:\/\/ambipar.com\/latam\/#organization\"},\"potentialAction\":[{\"@type\":\"SearchAction\",\"target\":{\"@type\":\"EntryPoint\",\"urlTemplate\":\"https:\/\/ambipar.com\/latam\/?s={search_term_string}\"},\"query-input\":\"required name=search_term_string\"}],\"inLanguage\":\"es-CL\"},{\"@type\":\"ImageObject\",\"@id\":\"https:\/\/ambipar.com\/latam\/en\/ambipar-response\/equipamentos-de-combate-a-incendios\/equipamentos-de-alta-vazao\/high-volume-submerged-pump\/#primaryimage\",\"inLanguage\":\"es-CL\",\"url\":\"https:\/\/ambipar.com\/latam\/wp-content\/uploads\/2020\/11\/bombasubmersa.jpg\",\"contentUrl\":\"https:\/\/ambipar.com\/latam\/wp-content\/uploads\/2020\/11\/bombasubmersa.jpg\",\"width\":998,\"height\":874,\"caption\":\"bomba submersa\"},{\"@type\":\"WebPage\",\"@id\":\"https:\/\/ambipar.com\/latam\/en\/ambipar-response\/equipamentos-de-combate-a-incendios\/equipamentos-de-alta-vazao\/high-volume-submerged-pump\/#webpage\",\"url\":\"https:\/\/ambipar.com\/latam\/en\/ambipar-response\/equipamentos-de-combate-a-incendios\/equipamentos-de-alta-vazao\/high-volume-submerged-pump\/\",\"name\":\"Discover the High Volume Submerged Pump offered by Ambipar\",\"isPartOf\":{\"@id\":\"https:\/\/ambipar.com\/latam\/#website\"},\"primaryImageOfPage\":{\"@id\":\"https:\/\/ambipar.com\/latam\/en\/ambipar-response\/equipamentos-de-combate-a-incendios\/equipamentos-de-alta-vazao\/high-volume-submerged-pump\/#primaryimage\"},\"datePublished\":\"2020-11-16T01:01:38+00:00\",\"dateModified\":\"2021-01-05T23:30:22+00:00\",\"description\":\"The highly efficient submersible hydraulic pump is driven by a market-leading diesel engine to pump water at a rate of 30,000 gpm\",\"breadcrumb\":{\"@id\":\"https:\/\/ambipar.com\/latam\/en\/ambipar-response\/equipamentos-de-combate-a-incendios\/equipamentos-de-alta-vazao\/high-volume-submerged-pump\/#breadcrumb\"},\"inLanguage\":\"es-CL\",\"potentialAction\":[{\"@type\":\"ReadAction\",\"target\":[\"https:\/\/ambipar.com\/latam\/en\/ambipar-response\/equipamentos-de-combate-a-incendios\/equipamentos-de-alta-vazao\/high-volume-submerged-pump\/\"]}]},{\"@type\":\"BreadcrumbList\",\"@id\":\"https:\/\/ambipar.com\/latam\/en\/ambipar-response\/equipamentos-de-combate-a-incendios\/equipamentos-de-alta-vazao\/high-volume-submerged-pump\/#breadcrumb\",\"itemListElement\":[{\"@type\":\"ListItem\",\"position\":1,\"name\":\"Home\",\"item\":\"https:\/\/ambipar.com\/latam\/\"},{\"@type\":\"ListItem\",\"position\":2,\"name\":\"Ambipar Response\",\"item\":\"https:\/\/ambipar.com\/latam\/pt\/ambipar-response\/\"},{\"@type\":\"ListItem\",\"position\":3,\"name\":\"Equipamentos de Combate a Inc\\u00eandios\",\"item\":\"https:\/\/ambipar.com\/latam\/pt\/ambipar-response\/equipamentos-de-combate-a-incendios\/\"},{\"@type\":\"ListItem\",\"position\":4,\"name\":\"Equipamentos de Alta Vaz\\u00e3o\",\"item\":\"https:\/\/ambipar.com\/latam\/pt\/ambipar-response\/equipamentos-de-combate-a-incendios\/equipamentos-de-alta-vazao\/\"},{\"@type\":\"ListItem\",\"position\":5,\"name\":\"High Volume Submerged Pump\"}]}]}<\/script>\n<!-- \/ Yoast SEO plugin. -->","yoast_head_json":{"title":"Discover the High Volume Submerged Pump offered by Ambipar","description":"The highly efficient submersible hydraulic pump is driven by a market-leading diesel engine to pump water at a rate of 30,000 gpm","robots":{"index":"index","follow":"follow","max-snippet":"max-snippet:-1","max-image-preview":"max-image-preview:large","max-video-preview":"max-video-preview:-1"},"canonical":"https:\/\/ambipar.com\/latam\/en\/ambipar-response\/equipamentos-de-combate-a-incendios\/equipamentos-de-alta-vazao\/high-volume-submerged-pump\/","og_locale":"es_ES","og_type":"article","og_title":"Discover the High Volume Submerged Pump offered by Ambipar","og_description":"The highly efficient submersible hydraulic pump is driven by a market-leading diesel engine to pump water at a rate of 30,000 gpm","og_url":"https:\/\/ambipar.com\/latam\/en\/ambipar-response\/equipamentos-de-combate-a-incendios\/equipamentos-de-alta-vazao\/high-volume-submerged-pump\/","og_site_name":"Ambipar. A l\u00edder em gest\u00e3o ambiental.","article_modified_time":"2021-01-05T23:30:22+00:00","og_image":[{"width":998,"height":874,"url":"https:\/\/ambipar.com\/latam\/wp-content\/uploads\/2020\/11\/bombasubmersa.jpg","type":"image\/jpeg"}],"twitter_card":"summary_large_image","schema":{"@context":"https:\/\/schema.org","@graph":[{"@type":"Organization","@id":"https:\/\/ambipar.com\/latam\/#organization","name":"Ambipar","url":"https:\/\/ambipar.com\/latam\/","sameAs":[],"logo":{"@type":"ImageObject","@id":"https:\/\/ambipar.com\/latam\/#logo","inLanguage":"es-CL","url":"https:\/\/ambipar.com\/latam\/wp-content\/uploads\/2020\/10\/ambipar_color.png","contentUrl":"https:\/\/ambipar.com\/latam\/wp-content\/uploads\/2020\/10\/ambipar_color.png","width":174,"height":107,"caption":"Ambipar"},"image":{"@id":"https:\/\/ambipar.com\/latam\/#logo"}},{"@type":"WebSite","@id":"https:\/\/ambipar.com\/latam\/#website","url":"https:\/\/ambipar.com\/latam\/","name":"Ambipar. A l\u00edder em gest\u00e3o ambiental.","description":"Pioneira em solu\u00e7\u00f5es ambientais, a Ambipar atua em todo o territ\u00f3rio nacional oferecendo solu\u00e7\u00f5es integradas para toda a cadeia de neg\u00f3cio.","publisher":{"@id":"https:\/\/ambipar.com\/latam\/#organization"},"potentialAction":[{"@type":"SearchAction","target":{"@type":"EntryPoint","urlTemplate":"https:\/\/ambipar.com\/latam\/?s={search_term_string}"},"query-input":"required name=search_term_string"}],"inLanguage":"es-CL"},{"@type":"ImageObject","@id":"https:\/\/ambipar.com\/latam\/en\/ambipar-response\/equipamentos-de-combate-a-incendios\/equipamentos-de-alta-vazao\/high-volume-submerged-pump\/#primaryimage","inLanguage":"es-CL","url":"https:\/\/ambipar.com\/latam\/wp-content\/uploads\/2020\/11\/bombasubmersa.jpg","contentUrl":"https:\/\/ambipar.com\/latam\/wp-content\/uploads\/2020\/11\/bombasubmersa.jpg","width":998,"height":874,"caption":"bomba submersa"},{"@type":"WebPage","@id":"https:\/\/ambipar.com\/latam\/en\/ambipar-response\/equipamentos-de-combate-a-incendios\/equipamentos-de-alta-vazao\/high-volume-submerged-pump\/#webpage","url":"https:\/\/ambipar.com\/latam\/en\/ambipar-response\/equipamentos-de-combate-a-incendios\/equipamentos-de-alta-vazao\/high-volume-submerged-pump\/","name":"Discover the High Volume Submerged Pump offered by Ambipar","isPartOf":{"@id":"https:\/\/ambipar.com\/latam\/#website"},"primaryImageOfPage":{"@id":"https:\/\/ambipar.com\/latam\/en\/ambipar-response\/equipamentos-de-combate-a-incendios\/equipamentos-de-alta-vazao\/high-volume-submerged-pump\/#primaryimage"},"datePublished":"2020-11-16T01:01:38+00:00","dateModified":"2021-01-05T23:30:22+00:00","description":"The highly efficient submersible hydraulic pump is driven by a market-leading diesel engine to pump water at a rate of 30,000 gpm","breadcrumb":{"@id":"https:\/\/ambipar.com\/latam\/en\/ambipar-response\/equipamentos-de-combate-a-incendios\/equipamentos-de-alta-vazao\/high-volume-submerged-pump\/#breadcrumb"},"inLanguage":"es-CL","potentialAction":[{"@type":"ReadAction","target":["https:\/\/ambipar.com\/latam\/en\/ambipar-response\/equipamentos-de-combate-a-incendios\/equipamentos-de-alta-vazao\/high-volume-submerged-pump\/"]}]},{"@type":"BreadcrumbList","@id":"https:\/\/ambipar.com\/latam\/en\/ambipar-response\/equipamentos-de-combate-a-incendios\/equipamentos-de-alta-vazao\/high-volume-submerged-pump\/#breadcrumb","itemListElement":[{"@type":"ListItem","position":1,"name":"Home","item":"https:\/\/ambipar.com\/latam\/"},{"@type":"ListItem","position":2,"name":"Ambipar Response","item":"https:\/\/ambipar.com\/latam\/pt\/ambipar-response\/"},{"@type":"ListItem","position":3,"name":"Equipamentos de Combate a Inc\u00eandios","item":"https:\/\/ambipar.com\/latam\/pt\/ambipar-response\/equipamentos-de-combate-a-incendios\/"},{"@type":"ListItem","position":4,"name":"Equipamentos de Alta Vaz\u00e3o","item":"https:\/\/ambipar.com\/latam\/pt\/ambipar-response\/equipamentos-de-combate-a-incendios\/equipamentos-de-alta-vazao\/"},{"@type":"ListItem","position":5,"name":"High Volume Submerged Pump"}]}]}},"_links":{"self":[{"href":"https:\/\/ambipar.com\/latam\/wp-json\/wp\/v2\/pages\/1896"}],"collection":[{"href":"https:\/\/ambipar.com\/latam\/wp-json\/wp\/v2\/pages"}],"about":[{"href":"https:\/\/ambipar.com\/latam\/wp-json\/wp\/v2\/types\/page"}],"author":[{"embeddable":true,"href":"https:\/\/ambipar.com\/latam\/wp-json\/wp\/v2\/users\/1"}],"replies":[{"embeddable":true,"href":"https:\/\/ambipar.com\/latam\/wp-json\/wp\/v2\/comments?post=1896"}],"version-history":[{"count":3,"href":"https:\/\/ambipar.com\/latam\/wp-json\/wp\/v2\/pages\/1896\/revisions"}],"predecessor-version":[{"id":2511,"href":"https:\/\/ambipar.com\/latam\/wp-json\/wp\/v2\/pages\/1896\/revisions\/2511"}],"up":[{"embeddable":true,"href":"https:\/\/ambipar.com\/latam\/wp-json\/wp\/v2\/pages\/1254"}],"wp:featuredmedia":[{"embeddable":true,"href":"https:\/\/ambipar.com\/latam\/wp-json\/wp\/v2\/media\/1269"}],"wp:attachment":[{"href":"https:\/\/ambipar.com\/latam\/wp-json\/wp\/v2\/media?parent=1896"}],"curies":[{"name":"wp","href":"https:\/\/api.w.org\/{rel}","templated":true}]}}