{"id":1899,"date":"2020-11-15T22:02:55","date_gmt":"2020-11-16T01:02:55","guid":{"rendered":"https:\/\/ambipar.com\/latam\/?page_id=1899"},"modified":"2021-10-14T13:11:43","modified_gmt":"2021-10-14T16:11:43","slug":"bomba-sumergida-de-gran-volumen","status":"publish","type":"page","link":"https:\/\/ambipar.com\/latam\/ambipar-response-3\/equipos-de-combate-a-incendios\/equipos-de-alto-flujo\/bomba-sumergida-de-gran-volumen\/","title":{"rendered":"Bomba Sumergida de Gran Volumen"},"content":{"rendered":"\n<p>La bomba hidr\u00e1ulica sumergible de alta eficiencia es impulsada por un motor diesel l\u00edder en el mercado para bombear agua a una velocidad de 30,000 gpm (30,000 Lpm) desde una fuente de agua a una distancia de hasta 61 m con una elevaci\u00f3n vertical de 35 pies (10) , 6 m). Este flujo de agua se puede enviar a una bomba de impulso a bordo o separada, donde la presi\u00f3n aumenta antes de enviarla a los dispositivos de final de l\u00ednea.<\/p>\n\n\n\n<p>Conozca los otros equipos de alto flujo:<\/p>\n\n\n\n<ul id=\"block-16b009f3-7925-4bef-8319-3d8f16414e0b\"><li><a href=\"https:\/\/ambipar.com\/latam\/ambipar-response-3\/equipos-de-combate-a-incendios\/equipos-de-alto-flujo\/bomba-transportable\/\">Bomba Transportable<\/a><\/li><li><a href=\"https:\/\/ambipar.com\/latam\/ambipar-response-3\/equipos-de-combate-a-incendios\/equipos-de-alto-flujo\/ambassador-monitor-2\/\">Ambassador Monitor<\/a><\/li><li><a href=\"https:\/\/ambipar.com\/latam\/ambipar-response-3\/equipos-de-combate-a-incendios\/equipos-de-alto-flujo\/monitor-ranger-3-3\/\">Monitor Ranger 3<\/a><\/li><\/ul>\n","protected":false},"excerpt":{"rendered":"La bomba hidr\u00e1ulica sumergible de alta eficiencia es impulsada por un motor diesel l\u00edder en el mercado para bombear agua a una velocidad de 30,000 gpm (30,000 Lpm) desde una fuente de agua a una distancia de hasta 61 m con una elevaci\u00f3n vertical de 35 pies (10) , 6 m). Este flujo de agua&#8230; <a class=\"view-article\" href=\"https:\/\/ambipar.com\/latam\/ambipar-response-3\/equipos-de-combate-a-incendios\/equipos-de-alto-flujo\/bomba-sumergida-de-gran-volumen\/\">Ver art\u00edculo<\/a>","protected":false},"author":1,"featured_media":1269,"parent":1893,"menu_order":0,"comment_status":"closed","ping_status":"closed","template":"single-servicos.php","meta":[],"yoast_head":"<!-- This site is optimized with the Yoast SEO plugin v17.6 - https:\/\/yoast.com\/wordpress\/plugins\/seo\/ -->\n<title>Descubra la Bomba Sumergida de Gran Volumen que ofrece Ambipar<\/title>\n<meta name=\"description\" content=\"La bomba hidr\u00e1ulica sumergible de alta eficiencia es impulsada por un motor diesel l\u00edder en el mercado para bombear agua\" \/>\n<meta name=\"robots\" content=\"index, follow, max-snippet:-1, max-image-preview:large, max-video-preview:-1\" \/>\n<link rel=\"canonical\" href=\"https:\/\/ambipar.com\/latam\/ambipar-response-3\/equipos-de-combate-a-incendios\/equipos-de-alto-flujo\/bomba-sumergida-de-gran-volumen\/\" \/>\n<meta property=\"og:locale\" content=\"es_ES\" \/>\n<meta property=\"og:type\" content=\"article\" \/>\n<meta property=\"og:title\" content=\"Descubra la Bomba Sumergida de Gran Volumen que ofrece Ambipar\" \/>\n<meta property=\"og:description\" content=\"La bomba hidr\u00e1ulica sumergible de alta eficiencia es impulsada por un motor diesel l\u00edder en el mercado para bombear agua\" \/>\n<meta property=\"og:url\" content=\"https:\/\/ambipar.com\/latam\/ambipar-response-3\/equipos-de-combate-a-incendios\/equipos-de-alto-flujo\/bomba-sumergida-de-gran-volumen\/\" \/>\n<meta property=\"og:site_name\" content=\"Ambipar. A l\u00edder em gest\u00e3o ambiental.\" \/>\n<meta property=\"article:modified_time\" content=\"2021-10-14T16:11:43+00:00\" \/>\n<meta property=\"og:image\" content=\"https:\/\/ambipar.com\/latam\/wp-content\/uploads\/2020\/11\/bombasubmersa.jpg\" \/>\n\t<meta property=\"og:image:width\" content=\"998\" \/>\n\t<meta property=\"og:image:height\" content=\"874\" \/>\n<meta name=\"twitter:card\" content=\"summary_large_image\" \/>\n<meta name=\"twitter:label1\" content=\"Est. reading time\" \/>\n\t<meta name=\"twitter:data1\" content=\"1 minuto\" \/>\n<script type=\"application\/ld+json\" class=\"yoast-schema-graph\">{\"@context\":\"https:\/\/schema.org\",\"@graph\":[{\"@type\":\"Organization\",\"@id\":\"https:\/\/ambipar.com\/latam\/#organization\",\"name\":\"Ambipar\",\"url\":\"https:\/\/ambipar.com\/latam\/\",\"sameAs\":[],\"logo\":{\"@type\":\"ImageObject\",\"@id\":\"https:\/\/ambipar.com\/latam\/#logo\",\"inLanguage\":\"es-CL\",\"url\":\"https:\/\/ambipar.com\/latam\/wp-content\/uploads\/2020\/10\/ambipar_color.png\",\"contentUrl\":\"https:\/\/ambipar.com\/latam\/wp-content\/uploads\/2020\/10\/ambipar_color.png\",\"width\":174,\"height\":107,\"caption\":\"Ambipar\"},\"image\":{\"@id\":\"https:\/\/ambipar.com\/latam\/#logo\"}},{\"@type\":\"WebSite\",\"@id\":\"https:\/\/ambipar.com\/latam\/#website\",\"url\":\"https:\/\/ambipar.com\/latam\/\",\"name\":\"Ambipar. A l\\u00edder em gest\\u00e3o ambiental.\",\"description\":\"Pioneira em solu\\u00e7\\u00f5es ambientais, a Ambipar atua em todo o territ\\u00f3rio nacional oferecendo solu\\u00e7\\u00f5es integradas para toda a cadeia de neg\\u00f3cio.\",\"publisher\":{\"@id\":\"https:\/\/ambipar.com\/latam\/#organization\"},\"potentialAction\":[{\"@type\":\"SearchAction\",\"target\":{\"@type\":\"EntryPoint\",\"urlTemplate\":\"https:\/\/ambipar.com\/latam\/?s={search_term_string}\"},\"query-input\":\"required name=search_term_string\"}],\"inLanguage\":\"es-CL\"},{\"@type\":\"ImageObject\",\"@id\":\"https:\/\/ambipar.com\/latam\/ambipar-response-3\/equipos-de-combate-a-incendios\/equipos-de-alto-flujo\/bomba-sumergida-de-gran-volumen\/#primaryimage\",\"inLanguage\":\"es-CL\",\"url\":\"https:\/\/ambipar.com\/latam\/wp-content\/uploads\/2020\/11\/bombasubmersa.jpg\",\"contentUrl\":\"https:\/\/ambipar.com\/latam\/wp-content\/uploads\/2020\/11\/bombasubmersa.jpg\",\"width\":998,\"height\":874,\"caption\":\"bomba submersa\"},{\"@type\":\"WebPage\",\"@id\":\"https:\/\/ambipar.com\/latam\/ambipar-response-3\/equipos-de-combate-a-incendios\/equipos-de-alto-flujo\/bomba-sumergida-de-gran-volumen\/#webpage\",\"url\":\"https:\/\/ambipar.com\/latam\/ambipar-response-3\/equipos-de-combate-a-incendios\/equipos-de-alto-flujo\/bomba-sumergida-de-gran-volumen\/\",\"name\":\"Descubra la Bomba Sumergida de Gran Volumen que ofrece Ambipar\",\"isPartOf\":{\"@id\":\"https:\/\/ambipar.com\/latam\/#website\"},\"primaryImageOfPage\":{\"@id\":\"https:\/\/ambipar.com\/latam\/ambipar-response-3\/equipos-de-combate-a-incendios\/equipos-de-alto-flujo\/bomba-sumergida-de-gran-volumen\/#primaryimage\"},\"datePublished\":\"2020-11-16T01:02:55+00:00\",\"dateModified\":\"2021-10-14T16:11:43+00:00\",\"description\":\"La bomba hidr\\u00e1ulica sumergible de alta eficiencia es impulsada por un motor diesel l\\u00edder en el mercado para bombear agua\",\"breadcrumb\":{\"@id\":\"https:\/\/ambipar.com\/latam\/ambipar-response-3\/equipos-de-combate-a-incendios\/equipos-de-alto-flujo\/bomba-sumergida-de-gran-volumen\/#breadcrumb\"},\"inLanguage\":\"es-CL\",\"potentialAction\":[{\"@type\":\"ReadAction\",\"target\":[\"https:\/\/ambipar.com\/latam\/ambipar-response-3\/equipos-de-combate-a-incendios\/equipos-de-alto-flujo\/bomba-sumergida-de-gran-volumen\/\"]}]},{\"@type\":\"BreadcrumbList\",\"@id\":\"https:\/\/ambipar.com\/latam\/ambipar-response-3\/equipos-de-combate-a-incendios\/equipos-de-alto-flujo\/bomba-sumergida-de-gran-volumen\/#breadcrumb\",\"itemListElement\":[{\"@type\":\"ListItem\",\"position\":1,\"name\":\"Home\",\"item\":\"https:\/\/ambipar.com\/latam\/\"},{\"@type\":\"ListItem\",\"position\":2,\"name\":\"Ambipar Response\",\"item\":\"https:\/\/ambipar.com\/latam\/ambipar-response-3\/\"},{\"@type\":\"ListItem\",\"position\":3,\"name\":\"Equipos de Combate a Incendios\",\"item\":\"https:\/\/ambipar.com\/latam\/ambipar-response-3\/equipos-de-combate-a-incendios\/\"},{\"@type\":\"ListItem\",\"position\":4,\"name\":\"Equipos de Alto Flujo\",\"item\":\"https:\/\/ambipar.com\/latam\/ambipar-response-3\/equipos-de-combate-a-incendios\/equipos-de-alto-flujo\/\"},{\"@type\":\"ListItem\",\"position\":5,\"name\":\"Bomba Sumergida de Gran Volumen\"}]}]}<\/script>\n<!-- \/ Yoast SEO plugin. -->","yoast_head_json":{"title":"Descubra la Bomba Sumergida de Gran Volumen que ofrece Ambipar","description":"La bomba hidr\u00e1ulica sumergible de alta eficiencia es impulsada por un motor diesel l\u00edder en el mercado para bombear agua","robots":{"index":"index","follow":"follow","max-snippet":"max-snippet:-1","max-image-preview":"max-image-preview:large","max-video-preview":"max-video-preview:-1"},"canonical":"https:\/\/ambipar.com\/latam\/ambipar-response-3\/equipos-de-combate-a-incendios\/equipos-de-alto-flujo\/bomba-sumergida-de-gran-volumen\/","og_locale":"es_ES","og_type":"article","og_title":"Descubra la Bomba Sumergida de Gran Volumen que ofrece Ambipar","og_description":"La bomba hidr\u00e1ulica sumergible de alta eficiencia es impulsada por un motor diesel l\u00edder en el mercado para bombear agua","og_url":"https:\/\/ambipar.com\/latam\/ambipar-response-3\/equipos-de-combate-a-incendios\/equipos-de-alto-flujo\/bomba-sumergida-de-gran-volumen\/","og_site_name":"Ambipar. A l\u00edder em gest\u00e3o ambiental.","article_modified_time":"2021-10-14T16:11:43+00:00","og_image":[{"width":998,"height":874,"url":"https:\/\/ambipar.com\/latam\/wp-content\/uploads\/2020\/11\/bombasubmersa.jpg","type":"image\/jpeg"}],"twitter_card":"summary_large_image","twitter_misc":{"Est. reading time":"1 minuto"},"schema":{"@context":"https:\/\/schema.org","@graph":[{"@type":"Organization","@id":"https:\/\/ambipar.com\/latam\/#organization","name":"Ambipar","url":"https:\/\/ambipar.com\/latam\/","sameAs":[],"logo":{"@type":"ImageObject","@id":"https:\/\/ambipar.com\/latam\/#logo","inLanguage":"es-CL","url":"https:\/\/ambipar.com\/latam\/wp-content\/uploads\/2020\/10\/ambipar_color.png","contentUrl":"https:\/\/ambipar.com\/latam\/wp-content\/uploads\/2020\/10\/ambipar_color.png","width":174,"height":107,"caption":"Ambipar"},"image":{"@id":"https:\/\/ambipar.com\/latam\/#logo"}},{"@type":"WebSite","@id":"https:\/\/ambipar.com\/latam\/#website","url":"https:\/\/ambipar.com\/latam\/","name":"Ambipar. A l\u00edder em gest\u00e3o ambiental.","description":"Pioneira em solu\u00e7\u00f5es ambientais, a Ambipar atua em todo o territ\u00f3rio nacional oferecendo solu\u00e7\u00f5es integradas para toda a cadeia de neg\u00f3cio.","publisher":{"@id":"https:\/\/ambipar.com\/latam\/#organization"},"potentialAction":[{"@type":"SearchAction","target":{"@type":"EntryPoint","urlTemplate":"https:\/\/ambipar.com\/latam\/?s={search_term_string}"},"query-input":"required name=search_term_string"}],"inLanguage":"es-CL"},{"@type":"ImageObject","@id":"https:\/\/ambipar.com\/latam\/ambipar-response-3\/equipos-de-combate-a-incendios\/equipos-de-alto-flujo\/bomba-sumergida-de-gran-volumen\/#primaryimage","inLanguage":"es-CL","url":"https:\/\/ambipar.com\/latam\/wp-content\/uploads\/2020\/11\/bombasubmersa.jpg","contentUrl":"https:\/\/ambipar.com\/latam\/wp-content\/uploads\/2020\/11\/bombasubmersa.jpg","width":998,"height":874,"caption":"bomba submersa"},{"@type":"WebPage","@id":"https:\/\/ambipar.com\/latam\/ambipar-response-3\/equipos-de-combate-a-incendios\/equipos-de-alto-flujo\/bomba-sumergida-de-gran-volumen\/#webpage","url":"https:\/\/ambipar.com\/latam\/ambipar-response-3\/equipos-de-combate-a-incendios\/equipos-de-alto-flujo\/bomba-sumergida-de-gran-volumen\/","name":"Descubra la Bomba Sumergida de Gran Volumen que ofrece Ambipar","isPartOf":{"@id":"https:\/\/ambipar.com\/latam\/#website"},"primaryImageOfPage":{"@id":"https:\/\/ambipar.com\/latam\/ambipar-response-3\/equipos-de-combate-a-incendios\/equipos-de-alto-flujo\/bomba-sumergida-de-gran-volumen\/#primaryimage"},"datePublished":"2020-11-16T01:02:55+00:00","dateModified":"2021-10-14T16:11:43+00:00","description":"La bomba hidr\u00e1ulica sumergible de alta eficiencia es impulsada por un motor diesel l\u00edder en el mercado para bombear agua","breadcrumb":{"@id":"https:\/\/ambipar.com\/latam\/ambipar-response-3\/equipos-de-combate-a-incendios\/equipos-de-alto-flujo\/bomba-sumergida-de-gran-volumen\/#breadcrumb"},"inLanguage":"es-CL","potentialAction":[{"@type":"ReadAction","target":["https:\/\/ambipar.com\/latam\/ambipar-response-3\/equipos-de-combate-a-incendios\/equipos-de-alto-flujo\/bomba-sumergida-de-gran-volumen\/"]}]},{"@type":"BreadcrumbList","@id":"https:\/\/ambipar.com\/latam\/ambipar-response-3\/equipos-de-combate-a-incendios\/equipos-de-alto-flujo\/bomba-sumergida-de-gran-volumen\/#breadcrumb","itemListElement":[{"@type":"ListItem","position":1,"name":"Home","item":"https:\/\/ambipar.com\/latam\/"},{"@type":"ListItem","position":2,"name":"Ambipar Response","item":"https:\/\/ambipar.com\/latam\/ambipar-response-3\/"},{"@type":"ListItem","position":3,"name":"Equipos de Combate a Incendios","item":"https:\/\/ambipar.com\/latam\/ambipar-response-3\/equipos-de-combate-a-incendios\/"},{"@type":"ListItem","position":4,"name":"Equipos de Alto Flujo","item":"https:\/\/ambipar.com\/latam\/ambipar-response-3\/equipos-de-combate-a-incendios\/equipos-de-alto-flujo\/"},{"@type":"ListItem","position":5,"name":"Bomba Sumergida de Gran Volumen"}]}]}},"_links":{"self":[{"href":"https:\/\/ambipar.com\/latam\/wp-json\/wp\/v2\/pages\/1899"}],"collection":[{"href":"https:\/\/ambipar.com\/latam\/wp-json\/wp\/v2\/pages"}],"about":[{"href":"https:\/\/ambipar.com\/latam\/wp-json\/wp\/v2\/types\/page"}],"author":[{"embeddable":true,"href":"https:\/\/ambipar.com\/latam\/wp-json\/wp\/v2\/users\/1"}],"replies":[{"embeddable":true,"href":"https:\/\/ambipar.com\/latam\/wp-json\/wp\/v2\/comments?post=1899"}],"version-history":[{"count":4,"href":"https:\/\/ambipar.com\/latam\/wp-json\/wp\/v2\/pages\/1899\/revisions"}],"predecessor-version":[{"id":4297,"href":"https:\/\/ambipar.com\/latam\/wp-json\/wp\/v2\/pages\/1899\/revisions\/4297"}],"up":[{"embeddable":true,"href":"https:\/\/ambipar.com\/latam\/wp-json\/wp\/v2\/pages\/1893"}],"wp:featuredmedia":[{"embeddable":true,"href":"https:\/\/ambipar.com\/latam\/wp-json\/wp\/v2\/media\/1269"}],"wp:attachment":[{"href":"https:\/\/ambipar.com\/latam\/wp-json\/wp\/v2\/media?parent=1899"}],"curies":[{"name":"wp","href":"https:\/\/api.w.org\/{rel}","templated":true}]}}