{"id":19,"date":"2020-10-01T10:45:15","date_gmt":"2020-10-01T13:45:15","guid":{"rendered":"http:\/\/162.144.237.247\/~wwambi\/site2020\/?page_id=19"},"modified":"2021-09-01T14:25:40","modified_gmt":"2021-09-01T17:25:40","slug":"ambipar-response","status":"publish","type":"page","link":"https:\/\/ambipar.com\/latam\/pt\/ambipar-response\/","title":{"rendered":"Ambipar Response"},"content":{"rendered":"\n<p>Especialista em gerenciamento de crises e atendimento a emerg\u00eancias ambientais, qu\u00edmicas e biol\u00f3gicas que afetam a sa\u00fade, meio ambiente e o patrim\u00f4nio.<\/p>\n","protected":false},"excerpt":{"rendered":"Especialista em gerenciamento de crises e atendimento a emerg\u00eancias ambientais, qu\u00edmicas e biol\u00f3gicas que afetam a sa\u00fade, meio ambiente e o patrim\u00f4nio.","protected":false},"author":1,"featured_media":0,"parent":0,"menu_order":0,"comment_status":"closed","ping_status":"closed","template":"","meta":[],"yoast_head":"<!-- This site is optimized with the Yoast SEO plugin v17.6 - https:\/\/yoast.com\/wordpress\/plugins\/seo\/ -->\n<title>Ambipar Response: gerenciamento de crises e atendimento \u00e0 emerg\u00eancias<\/title>\n<meta name=\"description\" content=\"Especialista em gerenciamento de crises e atendimento \u00e0 emerg\u00eancias ambientais, qu\u00edmicas e biol\u00f3gicas que afetam a sa\u00fade e o meio ambiente\" \/>\n<meta name=\"robots\" content=\"index, follow, max-snippet:-1, max-image-preview:large, max-video-preview:-1\" \/>\n<link rel=\"canonical\" href=\"https:\/\/ambipar.com\/latam\/pt\/ambipar-response\/\" \/>\n<meta property=\"og:locale\" content=\"es_ES\" \/>\n<meta property=\"og:type\" content=\"article\" \/>\n<meta property=\"og:title\" content=\"Ambipar Response: gerenciamento de crises e atendimento \u00e0 emerg\u00eancias\" \/>\n<meta property=\"og:description\" content=\"Especialista em gerenciamento de crises e atendimento \u00e0 emerg\u00eancias ambientais, qu\u00edmicas e biol\u00f3gicas que afetam a sa\u00fade e o meio ambiente\" \/>\n<meta property=\"og:url\" content=\"https:\/\/ambipar.com\/latam\/pt\/ambipar-response\/\" \/>\n<meta property=\"og:site_name\" content=\"Ambipar. A l\u00edder em gest\u00e3o ambiental.\" \/>\n<meta property=\"article:modified_time\" content=\"2021-09-01T17:25:40+00:00\" \/>\n<meta name=\"twitter:card\" content=\"summary_large_image\" \/>\n<meta name=\"twitter:label1\" content=\"Est. reading time\" \/>\n\t<meta name=\"twitter:data1\" content=\"1 minuto\" \/>\n<script type=\"application\/ld+json\" class=\"yoast-schema-graph\">{\"@context\":\"https:\/\/schema.org\",\"@graph\":[{\"@type\":\"Organization\",\"@id\":\"https:\/\/ambipar.com\/latam\/#organization\",\"name\":\"Ambipar\",\"url\":\"https:\/\/ambipar.com\/latam\/\",\"sameAs\":[],\"logo\":{\"@type\":\"ImageObject\",\"@id\":\"https:\/\/ambipar.com\/latam\/#logo\",\"inLanguage\":\"es-CL\",\"url\":\"https:\/\/ambipar.com\/latam\/wp-content\/uploads\/2020\/10\/ambipar_color.png\",\"contentUrl\":\"https:\/\/ambipar.com\/latam\/wp-content\/uploads\/2020\/10\/ambipar_color.png\",\"width\":174,\"height\":107,\"caption\":\"Ambipar\"},\"image\":{\"@id\":\"https:\/\/ambipar.com\/latam\/#logo\"}},{\"@type\":\"WebSite\",\"@id\":\"https:\/\/ambipar.com\/latam\/#website\",\"url\":\"https:\/\/ambipar.com\/latam\/\",\"name\":\"Ambipar. A l\\u00edder em gest\\u00e3o ambiental.\",\"description\":\"Pioneira em solu\\u00e7\\u00f5es ambientais, a Ambipar atua em todo o territ\\u00f3rio nacional oferecendo solu\\u00e7\\u00f5es integradas para toda a cadeia de neg\\u00f3cio.\",\"publisher\":{\"@id\":\"https:\/\/ambipar.com\/latam\/#organization\"},\"potentialAction\":[{\"@type\":\"SearchAction\",\"target\":{\"@type\":\"EntryPoint\",\"urlTemplate\":\"https:\/\/ambipar.com\/latam\/?s={search_term_string}\"},\"query-input\":\"required name=search_term_string\"}],\"inLanguage\":\"es-CL\"},{\"@type\":\"WebPage\",\"@id\":\"https:\/\/ambipar.com\/latam\/pt\/ambipar-response\/#webpage\",\"url\":\"https:\/\/ambipar.com\/latam\/pt\/ambipar-response\/\",\"name\":\"Ambipar Response: gerenciamento de crises e atendimento \\u00e0 emerg\\u00eancias\",\"isPartOf\":{\"@id\":\"https:\/\/ambipar.com\/latam\/#website\"},\"datePublished\":\"2020-10-01T13:45:15+00:00\",\"dateModified\":\"2021-09-01T17:25:40+00:00\",\"description\":\"Especialista em gerenciamento de crises e atendimento \\u00e0 emerg\\u00eancias ambientais, qu\\u00edmicas e biol\\u00f3gicas que afetam a sa\\u00fade e o meio ambiente\",\"breadcrumb\":{\"@id\":\"https:\/\/ambipar.com\/latam\/pt\/ambipar-response\/#breadcrumb\"},\"inLanguage\":\"es-CL\",\"potentialAction\":[{\"@type\":\"ReadAction\",\"target\":[\"https:\/\/ambipar.com\/latam\/pt\/ambipar-response\/\"]}]},{\"@type\":\"BreadcrumbList\",\"@id\":\"https:\/\/ambipar.com\/latam\/pt\/ambipar-response\/#breadcrumb\",\"itemListElement\":[{\"@type\":\"ListItem\",\"position\":1,\"name\":\"Home\",\"item\":\"https:\/\/ambipar.com\/latam\/\"},{\"@type\":\"ListItem\",\"position\":2,\"name\":\"Ambipar Response\"}]}]}<\/script>\n<!-- \/ Yoast SEO plugin. -->","yoast_head_json":{"title":"Ambipar Response: gerenciamento de crises e atendimento \u00e0 emerg\u00eancias","description":"Especialista em gerenciamento de crises e atendimento \u00e0 emerg\u00eancias ambientais, qu\u00edmicas e biol\u00f3gicas que afetam a sa\u00fade e o meio ambiente","robots":{"index":"index","follow":"follow","max-snippet":"max-snippet:-1","max-image-preview":"max-image-preview:large","max-video-preview":"max-video-preview:-1"},"canonical":"https:\/\/ambipar.com\/latam\/pt\/ambipar-response\/","og_locale":"es_ES","og_type":"article","og_title":"Ambipar Response: gerenciamento de crises e atendimento \u00e0 emerg\u00eancias","og_description":"Especialista em gerenciamento de crises e atendimento \u00e0 emerg\u00eancias ambientais, qu\u00edmicas e biol\u00f3gicas que afetam a sa\u00fade e o meio ambiente","og_url":"https:\/\/ambipar.com\/latam\/pt\/ambipar-response\/","og_site_name":"Ambipar. A l\u00edder em gest\u00e3o ambiental.","article_modified_time":"2021-09-01T17:25:40+00:00","twitter_card":"summary_large_image","twitter_misc":{"Est. reading time":"1 minuto"},"schema":{"@context":"https:\/\/schema.org","@graph":[{"@type":"Organization","@id":"https:\/\/ambipar.com\/latam\/#organization","name":"Ambipar","url":"https:\/\/ambipar.com\/latam\/","sameAs":[],"logo":{"@type":"ImageObject","@id":"https:\/\/ambipar.com\/latam\/#logo","inLanguage":"es-CL","url":"https:\/\/ambipar.com\/latam\/wp-content\/uploads\/2020\/10\/ambipar_color.png","contentUrl":"https:\/\/ambipar.com\/latam\/wp-content\/uploads\/2020\/10\/ambipar_color.png","width":174,"height":107,"caption":"Ambipar"},"image":{"@id":"https:\/\/ambipar.com\/latam\/#logo"}},{"@type":"WebSite","@id":"https:\/\/ambipar.com\/latam\/#website","url":"https:\/\/ambipar.com\/latam\/","name":"Ambipar. A l\u00edder em gest\u00e3o ambiental.","description":"Pioneira em solu\u00e7\u00f5es ambientais, a Ambipar atua em todo o territ\u00f3rio nacional oferecendo solu\u00e7\u00f5es integradas para toda a cadeia de neg\u00f3cio.","publisher":{"@id":"https:\/\/ambipar.com\/latam\/#organization"},"potentialAction":[{"@type":"SearchAction","target":{"@type":"EntryPoint","urlTemplate":"https:\/\/ambipar.com\/latam\/?s={search_term_string}"},"query-input":"required name=search_term_string"}],"inLanguage":"es-CL"},{"@type":"WebPage","@id":"https:\/\/ambipar.com\/latam\/pt\/ambipar-response\/#webpage","url":"https:\/\/ambipar.com\/latam\/pt\/ambipar-response\/","name":"Ambipar Response: gerenciamento de crises e atendimento \u00e0 emerg\u00eancias","isPartOf":{"@id":"https:\/\/ambipar.com\/latam\/#website"},"datePublished":"2020-10-01T13:45:15+00:00","dateModified":"2021-09-01T17:25:40+00:00","description":"Especialista em gerenciamento de crises e atendimento \u00e0 emerg\u00eancias ambientais, qu\u00edmicas e biol\u00f3gicas que afetam a sa\u00fade e o meio ambiente","breadcrumb":{"@id":"https:\/\/ambipar.com\/latam\/pt\/ambipar-response\/#breadcrumb"},"inLanguage":"es-CL","potentialAction":[{"@type":"ReadAction","target":["https:\/\/ambipar.com\/latam\/pt\/ambipar-response\/"]}]},{"@type":"BreadcrumbList","@id":"https:\/\/ambipar.com\/latam\/pt\/ambipar-response\/#breadcrumb","itemListElement":[{"@type":"ListItem","position":1,"name":"Home","item":"https:\/\/ambipar.com\/latam\/"},{"@type":"ListItem","position":2,"name":"Ambipar Response"}]}]}},"_links":{"self":[{"href":"https:\/\/ambipar.com\/latam\/wp-json\/wp\/v2\/pages\/19"}],"collection":[{"href":"https:\/\/ambipar.com\/latam\/wp-json\/wp\/v2\/pages"}],"about":[{"href":"https:\/\/ambipar.com\/latam\/wp-json\/wp\/v2\/types\/page"}],"author":[{"embeddable":true,"href":"https:\/\/ambipar.com\/latam\/wp-json\/wp\/v2\/users\/1"}],"replies":[{"embeddable":true,"href":"https:\/\/ambipar.com\/latam\/wp-json\/wp\/v2\/comments?post=19"}],"version-history":[{"count":22,"href":"https:\/\/ambipar.com\/latam\/wp-json\/wp\/v2\/pages\/19\/revisions"}],"predecessor-version":[{"id":3936,"href":"https:\/\/ambipar.com\/latam\/wp-json\/wp\/v2\/pages\/19\/revisions\/3936"}],"wp:attachment":[{"href":"https:\/\/ambipar.com\/latam\/wp-json\/wp\/v2\/media?parent=19"}],"curies":[{"name":"wp","href":"https:\/\/api.w.org\/{rel}","templated":true}]}}