{"id":1905,"date":"2020-11-15T22:07:58","date_gmt":"2020-11-16T01:07:58","guid":{"rendered":"https:\/\/ambipar.com\/latam\/?page_id=1905"},"modified":"2021-10-14T14:06:55","modified_gmt":"2021-10-14T17:06:55","slug":"bomba-transportable","status":"publish","type":"page","link":"https:\/\/ambipar.com\/latam\/ambipar-response-3\/equipos-de-combate-a-incendios\/equipos-de-alto-flujo\/bomba-transportable\/","title":{"rendered":"Bomba Transportable"},"content":{"rendered":"\n<p>Esta boquilla &#8220;h\u00edbrida&#8221; tiene una capacidad \u00fanica para operar de forma autom\u00e1tica o fija, con una capacidad de 1000 a 6000 GPM. Los incendios de los tanques de almacenamiento u otros peligros que requieren una aplicaci\u00f3n espec\u00edfica y tasas variables requieren este tipo de presi\u00f3n. La boquilla es capaz de dosificar hydro-foam \u2122 \ufe0f a tasas de hasta 6000 GPM x 3% (3000 GPM x 6%), utilizando una bomba de chorro remota de alta tecnolog\u00eda.<\/p>\n\n\n\n<p>Conozca los otros equipos de alto flujo:<\/p>\n\n\n\n<ul id=\"block-16b009f3-7925-4bef-8319-3d8f16414e0b\"><li><a href=\"https:\/\/ambipar.com\/latam\/ambipar-response-3\/equipos-de-combate-a-incendios\/equipos-de-alto-flujo\/ambassador-monitor-2\/\">Ambassador Monitor<\/a><\/li><li><a href=\"https:\/\/ambipar.com\/latam\/ambipar-response-3\/equipos-de-combate-a-incendios\/equipos-de-alto-flujo\/bomba-sumergida-de-gran-volumen\/\">Bomba Sumergida de Gran Volumen<\/a><\/li><li><a href=\"https:\/\/ambipar.com\/latam\/ambipar-response-3\/equipos-de-combate-a-incendios\/equipos-de-alto-flujo\/monitor-ranger-3-3\/\">Monitor Ranger 3<\/a><\/li><\/ul>\n\n\n\n<p><\/p>\n","protected":false},"excerpt":{"rendered":"Esta boquilla &#8220;h\u00edbrida&#8221; tiene una capacidad \u00fanica para operar de forma autom\u00e1tica o fija, con una capacidad de 1000 a 6000 GPM. Los incendios de los tanques de almacenamiento u otros peligros que requieren una aplicaci\u00f3n espec\u00edfica y tasas variables requieren este tipo de presi\u00f3n. La boquilla es capaz de dosificar hydro-foam \u2122 \ufe0f a&#8230; <a class=\"view-article\" href=\"https:\/\/ambipar.com\/latam\/ambipar-response-3\/equipos-de-combate-a-incendios\/equipos-de-alto-flujo\/bomba-transportable\/\">Ver art\u00edculo<\/a>","protected":false},"author":1,"featured_media":1261,"parent":1893,"menu_order":0,"comment_status":"closed","ping_status":"closed","template":"single-servicos.php","meta":[],"yoast_head":"<!-- This site is optimized with the Yoast SEO plugin v17.6 - https:\/\/yoast.com\/wordpress\/plugins\/seo\/ -->\n<title>Descubra la Bomba Transportable que ofrece Ambipar Response<\/title>\n<meta name=\"description\" content=\"Esta boquilla &quot;h\u00edbrida&quot; tiene una capacidad \u00fanica para operar de forma autom\u00e1tica o fija, con una capacidad de 1000 a 6000 GPM.\" \/>\n<meta name=\"robots\" content=\"index, follow, max-snippet:-1, max-image-preview:large, max-video-preview:-1\" \/>\n<link rel=\"canonical\" href=\"https:\/\/ambipar.com\/latam\/ambipar-response-3\/equipos-de-combate-a-incendios\/equipos-de-alto-flujo\/bomba-transportable\/\" \/>\n<meta property=\"og:locale\" content=\"es_ES\" \/>\n<meta property=\"og:type\" content=\"article\" \/>\n<meta property=\"og:title\" content=\"Descubra la Bomba Transportable que ofrece Ambipar Response\" \/>\n<meta property=\"og:description\" content=\"Esta boquilla &quot;h\u00edbrida&quot; tiene una capacidad \u00fanica para operar de forma autom\u00e1tica o fija, con una capacidad de 1000 a 6000 GPM.\" \/>\n<meta property=\"og:url\" content=\"https:\/\/ambipar.com\/latam\/ambipar-response-3\/equipos-de-combate-a-incendios\/equipos-de-alto-flujo\/bomba-transportable\/\" \/>\n<meta property=\"og:site_name\" content=\"Ambipar. A l\u00edder em gest\u00e3o ambiental.\" \/>\n<meta property=\"article:modified_time\" content=\"2021-10-14T17:06:55+00:00\" \/>\n<meta property=\"og:image\" content=\"https:\/\/ambipar.com\/latam\/wp-content\/uploads\/2020\/11\/bomba.jpg\" \/>\n\t<meta property=\"og:image:width\" content=\"1000\" \/>\n\t<meta property=\"og:image:height\" content=\"997\" \/>\n<meta name=\"twitter:card\" content=\"summary_large_image\" \/>\n<meta name=\"twitter:label1\" content=\"Est. reading time\" \/>\n\t<meta name=\"twitter:data1\" content=\"1 minuto\" \/>\n<script type=\"application\/ld+json\" class=\"yoast-schema-graph\">{\"@context\":\"https:\/\/schema.org\",\"@graph\":[{\"@type\":\"Organization\",\"@id\":\"https:\/\/ambipar.com\/latam\/#organization\",\"name\":\"Ambipar\",\"url\":\"https:\/\/ambipar.com\/latam\/\",\"sameAs\":[],\"logo\":{\"@type\":\"ImageObject\",\"@id\":\"https:\/\/ambipar.com\/latam\/#logo\",\"inLanguage\":\"es-CL\",\"url\":\"https:\/\/ambipar.com\/latam\/wp-content\/uploads\/2020\/10\/ambipar_color.png\",\"contentUrl\":\"https:\/\/ambipar.com\/latam\/wp-content\/uploads\/2020\/10\/ambipar_color.png\",\"width\":174,\"height\":107,\"caption\":\"Ambipar\"},\"image\":{\"@id\":\"https:\/\/ambipar.com\/latam\/#logo\"}},{\"@type\":\"WebSite\",\"@id\":\"https:\/\/ambipar.com\/latam\/#website\",\"url\":\"https:\/\/ambipar.com\/latam\/\",\"name\":\"Ambipar. A l\\u00edder em gest\\u00e3o ambiental.\",\"description\":\"Pioneira em solu\\u00e7\\u00f5es ambientais, a Ambipar atua em todo o territ\\u00f3rio nacional oferecendo solu\\u00e7\\u00f5es integradas para toda a cadeia de neg\\u00f3cio.\",\"publisher\":{\"@id\":\"https:\/\/ambipar.com\/latam\/#organization\"},\"potentialAction\":[{\"@type\":\"SearchAction\",\"target\":{\"@type\":\"EntryPoint\",\"urlTemplate\":\"https:\/\/ambipar.com\/latam\/?s={search_term_string}\"},\"query-input\":\"required name=search_term_string\"}],\"inLanguage\":\"es-CL\"},{\"@type\":\"ImageObject\",\"@id\":\"https:\/\/ambipar.com\/latam\/ambipar-response-3\/equipos-de-combate-a-incendios\/equipos-de-alto-flujo\/bomba-transportable\/#primaryimage\",\"inLanguage\":\"es-CL\",\"url\":\"https:\/\/ambipar.com\/latam\/wp-content\/uploads\/2020\/11\/bomba.jpg\",\"contentUrl\":\"https:\/\/ambipar.com\/latam\/wp-content\/uploads\/2020\/11\/bomba.jpg\",\"width\":1000,\"height\":997,\"caption\":\"bomba\"},{\"@type\":\"WebPage\",\"@id\":\"https:\/\/ambipar.com\/latam\/ambipar-response-3\/equipos-de-combate-a-incendios\/equipos-de-alto-flujo\/bomba-transportable\/#webpage\",\"url\":\"https:\/\/ambipar.com\/latam\/ambipar-response-3\/equipos-de-combate-a-incendios\/equipos-de-alto-flujo\/bomba-transportable\/\",\"name\":\"Descubra la Bomba Transportable que ofrece Ambipar Response\",\"isPartOf\":{\"@id\":\"https:\/\/ambipar.com\/latam\/#website\"},\"primaryImageOfPage\":{\"@id\":\"https:\/\/ambipar.com\/latam\/ambipar-response-3\/equipos-de-combate-a-incendios\/equipos-de-alto-flujo\/bomba-transportable\/#primaryimage\"},\"datePublished\":\"2020-11-16T01:07:58+00:00\",\"dateModified\":\"2021-10-14T17:06:55+00:00\",\"description\":\"Esta boquilla \\\"h\\u00edbrida\\\" tiene una capacidad \\u00fanica para operar de forma autom\\u00e1tica o fija, con una capacidad de 1000 a 6000 GPM.\",\"breadcrumb\":{\"@id\":\"https:\/\/ambipar.com\/latam\/ambipar-response-3\/equipos-de-combate-a-incendios\/equipos-de-alto-flujo\/bomba-transportable\/#breadcrumb\"},\"inLanguage\":\"es-CL\",\"potentialAction\":[{\"@type\":\"ReadAction\",\"target\":[\"https:\/\/ambipar.com\/latam\/ambipar-response-3\/equipos-de-combate-a-incendios\/equipos-de-alto-flujo\/bomba-transportable\/\"]}]},{\"@type\":\"BreadcrumbList\",\"@id\":\"https:\/\/ambipar.com\/latam\/ambipar-response-3\/equipos-de-combate-a-incendios\/equipos-de-alto-flujo\/bomba-transportable\/#breadcrumb\",\"itemListElement\":[{\"@type\":\"ListItem\",\"position\":1,\"name\":\"Home\",\"item\":\"https:\/\/ambipar.com\/latam\/\"},{\"@type\":\"ListItem\",\"position\":2,\"name\":\"Ambipar Response\",\"item\":\"https:\/\/ambipar.com\/latam\/ambipar-response-3\/\"},{\"@type\":\"ListItem\",\"position\":3,\"name\":\"Equipos de Combate a Incendios\",\"item\":\"https:\/\/ambipar.com\/latam\/ambipar-response-3\/equipos-de-combate-a-incendios\/\"},{\"@type\":\"ListItem\",\"position\":4,\"name\":\"Equipos de Alto Flujo\",\"item\":\"https:\/\/ambipar.com\/latam\/ambipar-response-3\/equipos-de-combate-a-incendios\/equipos-de-alto-flujo\/\"},{\"@type\":\"ListItem\",\"position\":5,\"name\":\"Bomba Transportable\"}]}]}<\/script>\n<!-- \/ Yoast SEO plugin. -->","yoast_head_json":{"title":"Descubra la Bomba Transportable que ofrece Ambipar Response","description":"Esta boquilla \"h\u00edbrida\" tiene una capacidad \u00fanica para operar de forma autom\u00e1tica o fija, con una capacidad de 1000 a 6000 GPM.","robots":{"index":"index","follow":"follow","max-snippet":"max-snippet:-1","max-image-preview":"max-image-preview:large","max-video-preview":"max-video-preview:-1"},"canonical":"https:\/\/ambipar.com\/latam\/ambipar-response-3\/equipos-de-combate-a-incendios\/equipos-de-alto-flujo\/bomba-transportable\/","og_locale":"es_ES","og_type":"article","og_title":"Descubra la Bomba Transportable que ofrece Ambipar Response","og_description":"Esta boquilla \"h\u00edbrida\" tiene una capacidad \u00fanica para operar de forma autom\u00e1tica o fija, con una capacidad de 1000 a 6000 GPM.","og_url":"https:\/\/ambipar.com\/latam\/ambipar-response-3\/equipos-de-combate-a-incendios\/equipos-de-alto-flujo\/bomba-transportable\/","og_site_name":"Ambipar. A l\u00edder em gest\u00e3o ambiental.","article_modified_time":"2021-10-14T17:06:55+00:00","og_image":[{"width":1000,"height":997,"url":"https:\/\/ambipar.com\/latam\/wp-content\/uploads\/2020\/11\/bomba.jpg","type":"image\/jpeg"}],"twitter_card":"summary_large_image","twitter_misc":{"Est. reading time":"1 minuto"},"schema":{"@context":"https:\/\/schema.org","@graph":[{"@type":"Organization","@id":"https:\/\/ambipar.com\/latam\/#organization","name":"Ambipar","url":"https:\/\/ambipar.com\/latam\/","sameAs":[],"logo":{"@type":"ImageObject","@id":"https:\/\/ambipar.com\/latam\/#logo","inLanguage":"es-CL","url":"https:\/\/ambipar.com\/latam\/wp-content\/uploads\/2020\/10\/ambipar_color.png","contentUrl":"https:\/\/ambipar.com\/latam\/wp-content\/uploads\/2020\/10\/ambipar_color.png","width":174,"height":107,"caption":"Ambipar"},"image":{"@id":"https:\/\/ambipar.com\/latam\/#logo"}},{"@type":"WebSite","@id":"https:\/\/ambipar.com\/latam\/#website","url":"https:\/\/ambipar.com\/latam\/","name":"Ambipar. A l\u00edder em gest\u00e3o ambiental.","description":"Pioneira em solu\u00e7\u00f5es ambientais, a Ambipar atua em todo o territ\u00f3rio nacional oferecendo solu\u00e7\u00f5es integradas para toda a cadeia de neg\u00f3cio.","publisher":{"@id":"https:\/\/ambipar.com\/latam\/#organization"},"potentialAction":[{"@type":"SearchAction","target":{"@type":"EntryPoint","urlTemplate":"https:\/\/ambipar.com\/latam\/?s={search_term_string}"},"query-input":"required name=search_term_string"}],"inLanguage":"es-CL"},{"@type":"ImageObject","@id":"https:\/\/ambipar.com\/latam\/ambipar-response-3\/equipos-de-combate-a-incendios\/equipos-de-alto-flujo\/bomba-transportable\/#primaryimage","inLanguage":"es-CL","url":"https:\/\/ambipar.com\/latam\/wp-content\/uploads\/2020\/11\/bomba.jpg","contentUrl":"https:\/\/ambipar.com\/latam\/wp-content\/uploads\/2020\/11\/bomba.jpg","width":1000,"height":997,"caption":"bomba"},{"@type":"WebPage","@id":"https:\/\/ambipar.com\/latam\/ambipar-response-3\/equipos-de-combate-a-incendios\/equipos-de-alto-flujo\/bomba-transportable\/#webpage","url":"https:\/\/ambipar.com\/latam\/ambipar-response-3\/equipos-de-combate-a-incendios\/equipos-de-alto-flujo\/bomba-transportable\/","name":"Descubra la Bomba Transportable que ofrece Ambipar Response","isPartOf":{"@id":"https:\/\/ambipar.com\/latam\/#website"},"primaryImageOfPage":{"@id":"https:\/\/ambipar.com\/latam\/ambipar-response-3\/equipos-de-combate-a-incendios\/equipos-de-alto-flujo\/bomba-transportable\/#primaryimage"},"datePublished":"2020-11-16T01:07:58+00:00","dateModified":"2021-10-14T17:06:55+00:00","description":"Esta boquilla \"h\u00edbrida\" tiene una capacidad \u00fanica para operar de forma autom\u00e1tica o fija, con una capacidad de 1000 a 6000 GPM.","breadcrumb":{"@id":"https:\/\/ambipar.com\/latam\/ambipar-response-3\/equipos-de-combate-a-incendios\/equipos-de-alto-flujo\/bomba-transportable\/#breadcrumb"},"inLanguage":"es-CL","potentialAction":[{"@type":"ReadAction","target":["https:\/\/ambipar.com\/latam\/ambipar-response-3\/equipos-de-combate-a-incendios\/equipos-de-alto-flujo\/bomba-transportable\/"]}]},{"@type":"BreadcrumbList","@id":"https:\/\/ambipar.com\/latam\/ambipar-response-3\/equipos-de-combate-a-incendios\/equipos-de-alto-flujo\/bomba-transportable\/#breadcrumb","itemListElement":[{"@type":"ListItem","position":1,"name":"Home","item":"https:\/\/ambipar.com\/latam\/"},{"@type":"ListItem","position":2,"name":"Ambipar Response","item":"https:\/\/ambipar.com\/latam\/ambipar-response-3\/"},{"@type":"ListItem","position":3,"name":"Equipos de Combate a Incendios","item":"https:\/\/ambipar.com\/latam\/ambipar-response-3\/equipos-de-combate-a-incendios\/"},{"@type":"ListItem","position":4,"name":"Equipos de Alto Flujo","item":"https:\/\/ambipar.com\/latam\/ambipar-response-3\/equipos-de-combate-a-incendios\/equipos-de-alto-flujo\/"},{"@type":"ListItem","position":5,"name":"Bomba Transportable"}]}]}},"_links":{"self":[{"href":"https:\/\/ambipar.com\/latam\/wp-json\/wp\/v2\/pages\/1905"}],"collection":[{"href":"https:\/\/ambipar.com\/latam\/wp-json\/wp\/v2\/pages"}],"about":[{"href":"https:\/\/ambipar.com\/latam\/wp-json\/wp\/v2\/types\/page"}],"author":[{"embeddable":true,"href":"https:\/\/ambipar.com\/latam\/wp-json\/wp\/v2\/users\/1"}],"replies":[{"embeddable":true,"href":"https:\/\/ambipar.com\/latam\/wp-json\/wp\/v2\/comments?post=1905"}],"version-history":[{"count":5,"href":"https:\/\/ambipar.com\/latam\/wp-json\/wp\/v2\/pages\/1905\/revisions"}],"predecessor-version":[{"id":4304,"href":"https:\/\/ambipar.com\/latam\/wp-json\/wp\/v2\/pages\/1905\/revisions\/4304"}],"up":[{"embeddable":true,"href":"https:\/\/ambipar.com\/latam\/wp-json\/wp\/v2\/pages\/1893"}],"wp:featuredmedia":[{"embeddable":true,"href":"https:\/\/ambipar.com\/latam\/wp-json\/wp\/v2\/media\/1261"}],"wp:attachment":[{"href":"https:\/\/ambipar.com\/latam\/wp-json\/wp\/v2\/media?parent=1905"}],"curies":[{"name":"wp","href":"https:\/\/api.w.org\/{rel}","templated":true}]}}