{"id":1910,"date":"2020-11-15T22:12:59","date_gmt":"2020-11-16T01:12:59","guid":{"rendered":"https:\/\/ambipar.com\/latam\/?page_id=1910"},"modified":"2021-01-05T20:29:12","modified_gmt":"2021-01-05T23:29:12","slug":"ambassador-monitor","status":"publish","type":"page","link":"https:\/\/ambipar.com\/latam\/en\/ambipar-response\/equipamentos-de-combate-a-incendios\/equipamentos-de-alta-vazao\/ambassador-monitor\/","title":{"rendered":"Ambassador Monitor"},"content":{"rendered":"\n<p>The Williams Fire &amp; Hazard Control is the best solution for response applications that require large volumes of water. It provides adequate supply for the management of water resources for a fire. The pump has a positive pressure system from an installation to relay water over long distances, in order to reach the area efficiently and without loss of pressure. Williams&#8217; DependaPower \u2122 \ufe0f Series represents a high performance of three primary pump configurations, which are built to work tirelessly as they sustain the large volumes and high pressures needed when facing the greatest industrial fire scenarios.<\/p>\n\n\n\n<p>Know the other high flow equipment:<\/p>\n\n\n\n<ul id=\"block-16b009f3-7925-4bef-8319-3d8f16414e0b\"><li><a href=\"https:\/\/ambipar.com\/latam\/en\/ambipar-response\/equipamentos-de-combate-a-incendios\/equipamentos-de-alta-vazao\/transportable-pump\/\">Transportable Pump<\/a><\/li><li><a href=\"https:\/\/ambipar.com\/latam\/en\/ambipar-response\/equipamentos-de-combate-a-incendios\/equipamentos-de-alta-vazao\/high-volume-submerged-pump\/\">High Volume Submerged Pump<\/a><\/li><li><a href=\"https:\/\/ambipar.com\/latam\/en\/ambipar-response\/equipamentos-de-combate-a-incendios\/equipamentos-de-alta-vazao\/monitor-ranger-3-2\/\">Monitor Ranger 3<\/a><\/li><\/ul>\n","protected":false},"excerpt":{"rendered":"The Williams Fire &amp; Hazard Control is the best solution for response applications that require large volumes of water. It provides adequate supply for the management of water resources for a fire. The pump has a positive pressure system from an installation to relay water over long distances, in order to reach the area efficiently&#8230; <a class=\"view-article\" href=\"https:\/\/ambipar.com\/latam\/en\/ambipar-response\/equipamentos-de-combate-a-incendios\/equipamentos-de-alta-vazao\/ambassador-monitor\/\">Ver art\u00edculo<\/a>","protected":false},"author":1,"featured_media":1265,"parent":1254,"menu_order":0,"comment_status":"closed","ping_status":"closed","template":"single-servicos.php","meta":[],"yoast_head":"<!-- This site is optimized with the Yoast SEO plugin v17.6 - https:\/\/yoast.com\/wordpress\/plugins\/seo\/ -->\n<title>Discover the Ambassador Monitor pump offered by Ambipar Response<\/title>\n<meta name=\"description\" content=\"The Williams Fire &amp; Hazard Control pump is the best solution for response applications that require large volumes of water.\" \/>\n<meta name=\"robots\" content=\"index, follow, max-snippet:-1, max-image-preview:large, max-video-preview:-1\" \/>\n<link rel=\"canonical\" href=\"https:\/\/ambipar.com\/latam\/en\/ambipar-response\/equipamentos-de-combate-a-incendios\/equipamentos-de-alta-vazao\/ambassador-monitor\/\" \/>\n<meta property=\"og:locale\" content=\"es_ES\" \/>\n<meta property=\"og:type\" content=\"article\" \/>\n<meta property=\"og:title\" content=\"Discover the Ambassador Monitor pump offered by Ambipar Response\" \/>\n<meta property=\"og:description\" content=\"The Williams Fire &amp; Hazard Control pump is the best solution for response applications that require large volumes of water.\" \/>\n<meta property=\"og:url\" content=\"https:\/\/ambipar.com\/latam\/en\/ambipar-response\/equipamentos-de-combate-a-incendios\/equipamentos-de-alta-vazao\/ambassador-monitor\/\" \/>\n<meta property=\"og:site_name\" content=\"Ambipar. A l\u00edder em gest\u00e3o ambiental.\" \/>\n<meta property=\"article:modified_time\" content=\"2021-01-05T23:29:12+00:00\" \/>\n<meta property=\"og:image\" content=\"https:\/\/ambipar.com\/latam\/wp-content\/uploads\/2020\/11\/monitor.jpg\" \/>\n\t<meta property=\"og:image:width\" content=\"1000\" \/>\n\t<meta property=\"og:image:height\" content=\"798\" \/>\n<meta name=\"twitter:card\" content=\"summary_large_image\" \/>\n<meta name=\"twitter:label1\" content=\"Est. reading time\" \/>\n\t<meta name=\"twitter:data1\" content=\"1 minuto\" \/>\n<script type=\"application\/ld+json\" class=\"yoast-schema-graph\">{\"@context\":\"https:\/\/schema.org\",\"@graph\":[{\"@type\":\"Organization\",\"@id\":\"https:\/\/ambipar.com\/latam\/#organization\",\"name\":\"Ambipar\",\"url\":\"https:\/\/ambipar.com\/latam\/\",\"sameAs\":[],\"logo\":{\"@type\":\"ImageObject\",\"@id\":\"https:\/\/ambipar.com\/latam\/#logo\",\"inLanguage\":\"es-CL\",\"url\":\"https:\/\/ambipar.com\/latam\/wp-content\/uploads\/2020\/10\/ambipar_color.png\",\"contentUrl\":\"https:\/\/ambipar.com\/latam\/wp-content\/uploads\/2020\/10\/ambipar_color.png\",\"width\":174,\"height\":107,\"caption\":\"Ambipar\"},\"image\":{\"@id\":\"https:\/\/ambipar.com\/latam\/#logo\"}},{\"@type\":\"WebSite\",\"@id\":\"https:\/\/ambipar.com\/latam\/#website\",\"url\":\"https:\/\/ambipar.com\/latam\/\",\"name\":\"Ambipar. A l\\u00edder em gest\\u00e3o ambiental.\",\"description\":\"Pioneira em solu\\u00e7\\u00f5es ambientais, a Ambipar atua em todo o territ\\u00f3rio nacional oferecendo solu\\u00e7\\u00f5es integradas para toda a cadeia de neg\\u00f3cio.\",\"publisher\":{\"@id\":\"https:\/\/ambipar.com\/latam\/#organization\"},\"potentialAction\":[{\"@type\":\"SearchAction\",\"target\":{\"@type\":\"EntryPoint\",\"urlTemplate\":\"https:\/\/ambipar.com\/latam\/?s={search_term_string}\"},\"query-input\":\"required name=search_term_string\"}],\"inLanguage\":\"es-CL\"},{\"@type\":\"ImageObject\",\"@id\":\"https:\/\/ambipar.com\/latam\/en\/ambipar-response\/equipamentos-de-combate-a-incendios\/equipamentos-de-alta-vazao\/ambassador-monitor\/#primaryimage\",\"inLanguage\":\"es-CL\",\"url\":\"https:\/\/ambipar.com\/latam\/wp-content\/uploads\/2020\/11\/monitor.jpg\",\"contentUrl\":\"https:\/\/ambipar.com\/latam\/wp-content\/uploads\/2020\/11\/monitor.jpg\",\"width\":1000,\"height\":798,\"caption\":\"monitor\"},{\"@type\":\"WebPage\",\"@id\":\"https:\/\/ambipar.com\/latam\/en\/ambipar-response\/equipamentos-de-combate-a-incendios\/equipamentos-de-alta-vazao\/ambassador-monitor\/#webpage\",\"url\":\"https:\/\/ambipar.com\/latam\/en\/ambipar-response\/equipamentos-de-combate-a-incendios\/equipamentos-de-alta-vazao\/ambassador-monitor\/\",\"name\":\"Discover the Ambassador Monitor pump offered by Ambipar Response\",\"isPartOf\":{\"@id\":\"https:\/\/ambipar.com\/latam\/#website\"},\"primaryImageOfPage\":{\"@id\":\"https:\/\/ambipar.com\/latam\/en\/ambipar-response\/equipamentos-de-combate-a-incendios\/equipamentos-de-alta-vazao\/ambassador-monitor\/#primaryimage\"},\"datePublished\":\"2020-11-16T01:12:59+00:00\",\"dateModified\":\"2021-01-05T23:29:12+00:00\",\"description\":\"The Williams Fire & Hazard Control pump is the best solution for response applications that require large volumes of water.\",\"breadcrumb\":{\"@id\":\"https:\/\/ambipar.com\/latam\/en\/ambipar-response\/equipamentos-de-combate-a-incendios\/equipamentos-de-alta-vazao\/ambassador-monitor\/#breadcrumb\"},\"inLanguage\":\"es-CL\",\"potentialAction\":[{\"@type\":\"ReadAction\",\"target\":[\"https:\/\/ambipar.com\/latam\/en\/ambipar-response\/equipamentos-de-combate-a-incendios\/equipamentos-de-alta-vazao\/ambassador-monitor\/\"]}]},{\"@type\":\"BreadcrumbList\",\"@id\":\"https:\/\/ambipar.com\/latam\/en\/ambipar-response\/equipamentos-de-combate-a-incendios\/equipamentos-de-alta-vazao\/ambassador-monitor\/#breadcrumb\",\"itemListElement\":[{\"@type\":\"ListItem\",\"position\":1,\"name\":\"Home\",\"item\":\"https:\/\/ambipar.com\/latam\/\"},{\"@type\":\"ListItem\",\"position\":2,\"name\":\"Ambipar Response\",\"item\":\"https:\/\/ambipar.com\/latam\/pt\/ambipar-response\/\"},{\"@type\":\"ListItem\",\"position\":3,\"name\":\"Equipamentos de Combate a Inc\\u00eandios\",\"item\":\"https:\/\/ambipar.com\/latam\/pt\/ambipar-response\/equipamentos-de-combate-a-incendios\/\"},{\"@type\":\"ListItem\",\"position\":4,\"name\":\"Equipamentos de Alta Vaz\\u00e3o\",\"item\":\"https:\/\/ambipar.com\/latam\/pt\/ambipar-response\/equipamentos-de-combate-a-incendios\/equipamentos-de-alta-vazao\/\"},{\"@type\":\"ListItem\",\"position\":5,\"name\":\"Ambassador Monitor\"}]}]}<\/script>\n<!-- \/ Yoast SEO plugin. -->","yoast_head_json":{"title":"Discover the Ambassador Monitor pump offered by Ambipar Response","description":"The Williams Fire & Hazard Control pump is the best solution for response applications that require large volumes of water.","robots":{"index":"index","follow":"follow","max-snippet":"max-snippet:-1","max-image-preview":"max-image-preview:large","max-video-preview":"max-video-preview:-1"},"canonical":"https:\/\/ambipar.com\/latam\/en\/ambipar-response\/equipamentos-de-combate-a-incendios\/equipamentos-de-alta-vazao\/ambassador-monitor\/","og_locale":"es_ES","og_type":"article","og_title":"Discover the Ambassador Monitor pump offered by Ambipar Response","og_description":"The Williams Fire & Hazard Control pump is the best solution for response applications that require large volumes of water.","og_url":"https:\/\/ambipar.com\/latam\/en\/ambipar-response\/equipamentos-de-combate-a-incendios\/equipamentos-de-alta-vazao\/ambassador-monitor\/","og_site_name":"Ambipar. A l\u00edder em gest\u00e3o ambiental.","article_modified_time":"2021-01-05T23:29:12+00:00","og_image":[{"width":1000,"height":798,"url":"https:\/\/ambipar.com\/latam\/wp-content\/uploads\/2020\/11\/monitor.jpg","type":"image\/jpeg"}],"twitter_card":"summary_large_image","twitter_misc":{"Est. reading time":"1 minuto"},"schema":{"@context":"https:\/\/schema.org","@graph":[{"@type":"Organization","@id":"https:\/\/ambipar.com\/latam\/#organization","name":"Ambipar","url":"https:\/\/ambipar.com\/latam\/","sameAs":[],"logo":{"@type":"ImageObject","@id":"https:\/\/ambipar.com\/latam\/#logo","inLanguage":"es-CL","url":"https:\/\/ambipar.com\/latam\/wp-content\/uploads\/2020\/10\/ambipar_color.png","contentUrl":"https:\/\/ambipar.com\/latam\/wp-content\/uploads\/2020\/10\/ambipar_color.png","width":174,"height":107,"caption":"Ambipar"},"image":{"@id":"https:\/\/ambipar.com\/latam\/#logo"}},{"@type":"WebSite","@id":"https:\/\/ambipar.com\/latam\/#website","url":"https:\/\/ambipar.com\/latam\/","name":"Ambipar. A l\u00edder em gest\u00e3o ambiental.","description":"Pioneira em solu\u00e7\u00f5es ambientais, a Ambipar atua em todo o territ\u00f3rio nacional oferecendo solu\u00e7\u00f5es integradas para toda a cadeia de neg\u00f3cio.","publisher":{"@id":"https:\/\/ambipar.com\/latam\/#organization"},"potentialAction":[{"@type":"SearchAction","target":{"@type":"EntryPoint","urlTemplate":"https:\/\/ambipar.com\/latam\/?s={search_term_string}"},"query-input":"required name=search_term_string"}],"inLanguage":"es-CL"},{"@type":"ImageObject","@id":"https:\/\/ambipar.com\/latam\/en\/ambipar-response\/equipamentos-de-combate-a-incendios\/equipamentos-de-alta-vazao\/ambassador-monitor\/#primaryimage","inLanguage":"es-CL","url":"https:\/\/ambipar.com\/latam\/wp-content\/uploads\/2020\/11\/monitor.jpg","contentUrl":"https:\/\/ambipar.com\/latam\/wp-content\/uploads\/2020\/11\/monitor.jpg","width":1000,"height":798,"caption":"monitor"},{"@type":"WebPage","@id":"https:\/\/ambipar.com\/latam\/en\/ambipar-response\/equipamentos-de-combate-a-incendios\/equipamentos-de-alta-vazao\/ambassador-monitor\/#webpage","url":"https:\/\/ambipar.com\/latam\/en\/ambipar-response\/equipamentos-de-combate-a-incendios\/equipamentos-de-alta-vazao\/ambassador-monitor\/","name":"Discover the Ambassador Monitor pump offered by Ambipar Response","isPartOf":{"@id":"https:\/\/ambipar.com\/latam\/#website"},"primaryImageOfPage":{"@id":"https:\/\/ambipar.com\/latam\/en\/ambipar-response\/equipamentos-de-combate-a-incendios\/equipamentos-de-alta-vazao\/ambassador-monitor\/#primaryimage"},"datePublished":"2020-11-16T01:12:59+00:00","dateModified":"2021-01-05T23:29:12+00:00","description":"The Williams Fire & Hazard Control pump is the best solution for response applications that require large volumes of water.","breadcrumb":{"@id":"https:\/\/ambipar.com\/latam\/en\/ambipar-response\/equipamentos-de-combate-a-incendios\/equipamentos-de-alta-vazao\/ambassador-monitor\/#breadcrumb"},"inLanguage":"es-CL","potentialAction":[{"@type":"ReadAction","target":["https:\/\/ambipar.com\/latam\/en\/ambipar-response\/equipamentos-de-combate-a-incendios\/equipamentos-de-alta-vazao\/ambassador-monitor\/"]}]},{"@type":"BreadcrumbList","@id":"https:\/\/ambipar.com\/latam\/en\/ambipar-response\/equipamentos-de-combate-a-incendios\/equipamentos-de-alta-vazao\/ambassador-monitor\/#breadcrumb","itemListElement":[{"@type":"ListItem","position":1,"name":"Home","item":"https:\/\/ambipar.com\/latam\/"},{"@type":"ListItem","position":2,"name":"Ambipar Response","item":"https:\/\/ambipar.com\/latam\/pt\/ambipar-response\/"},{"@type":"ListItem","position":3,"name":"Equipamentos de Combate a Inc\u00eandios","item":"https:\/\/ambipar.com\/latam\/pt\/ambipar-response\/equipamentos-de-combate-a-incendios\/"},{"@type":"ListItem","position":4,"name":"Equipamentos de Alta Vaz\u00e3o","item":"https:\/\/ambipar.com\/latam\/pt\/ambipar-response\/equipamentos-de-combate-a-incendios\/equipamentos-de-alta-vazao\/"},{"@type":"ListItem","position":5,"name":"Ambassador Monitor"}]}]}},"_links":{"self":[{"href":"https:\/\/ambipar.com\/latam\/wp-json\/wp\/v2\/pages\/1910"}],"collection":[{"href":"https:\/\/ambipar.com\/latam\/wp-json\/wp\/v2\/pages"}],"about":[{"href":"https:\/\/ambipar.com\/latam\/wp-json\/wp\/v2\/types\/page"}],"author":[{"embeddable":true,"href":"https:\/\/ambipar.com\/latam\/wp-json\/wp\/v2\/users\/1"}],"replies":[{"embeddable":true,"href":"https:\/\/ambipar.com\/latam\/wp-json\/wp\/v2\/comments?post=1910"}],"version-history":[{"count":3,"href":"https:\/\/ambipar.com\/latam\/wp-json\/wp\/v2\/pages\/1910\/revisions"}],"predecessor-version":[{"id":2513,"href":"https:\/\/ambipar.com\/latam\/wp-json\/wp\/v2\/pages\/1910\/revisions\/2513"}],"up":[{"embeddable":true,"href":"https:\/\/ambipar.com\/latam\/wp-json\/wp\/v2\/pages\/1254"}],"wp:featuredmedia":[{"embeddable":true,"href":"https:\/\/ambipar.com\/latam\/wp-json\/wp\/v2\/media\/1265"}],"wp:attachment":[{"href":"https:\/\/ambipar.com\/latam\/wp-json\/wp\/v2\/media?parent=1910"}],"curies":[{"name":"wp","href":"https:\/\/api.w.org\/{rel}","templated":true}]}}