{"id":1920,"date":"2020-11-15T22:49:35","date_gmt":"2020-11-16T01:49:35","guid":{"rendered":"https:\/\/ambipar.com\/latam\/?page_id=1920"},"modified":"2021-10-14T13:12:22","modified_gmt":"2021-10-14T16:12:22","slug":"monitor-ranger-3-3","status":"publish","type":"page","link":"https:\/\/ambipar.com\/latam\/ambipar-response-3\/equipos-de-combate-a-incendios\/equipos-de-alto-flujo\/monitor-ranger-3-3\/","title":{"rendered":"Monitor Ranger 3"},"content":{"rendered":"\n<p>El remolque con monitor Ranger 3+ est\u00e1 dise\u00f1ado para satisfacer las necesidades de protecci\u00f3n y extinci\u00f3n de incendios industriales, especialmente para mitigar los riesgos que involucran l\u00edquidos inflamables en almacenamiento e incendios de l\u00edquidos bajo presi\u00f3n. Es una plataforma de descarga m\u00f3vil capaz de entregar hasta 4,000 gpm (15,100 LPM) de agua o soluci\u00f3n de espuma. Con su capacidad opcional Hydro-Chem, puede suministrar productos qu\u00edmicos secos para extinguir incendios tridimensionales o incendios de gas presurizado.<\/p>\n\n\n\n<p>Conozca los otros equipos de alto flujo:<\/p>\n\n\n\n<ul id=\"block-16b009f3-7925-4bef-8319-3d8f16414e0b\"><li><a href=\"https:\/\/ambipar.com\/latam\/ambipar-response-3\/equipos-de-combate-a-incendios\/equipos-de-alto-flujo\/bomba-transportable\/\">Bomba Transportable<\/a><\/li><li><a href=\"https:\/\/ambipar.com\/latam\/ambipar-response-3\/equipos-de-combate-a-incendios\/equipos-de-alto-flujo\/ambassador-monitor-2\/\">Ambassador Monitor<\/a><\/li><li><a href=\"https:\/\/ambipar.com\/latam\/ambipar-response-3\/equipos-de-combate-a-incendios\/equipos-de-alto-flujo\/bomba-sumergida-de-gran-volumen\/\">Bomba Sumergida de Gran Volumen<\/a><\/li><\/ul>\n","protected":false},"excerpt":{"rendered":"El remolque con monitor Ranger 3+ est\u00e1 dise\u00f1ado para satisfacer las necesidades de protecci\u00f3n y extinci\u00f3n de incendios industriales, especialmente para mitigar los riesgos que involucran l\u00edquidos inflamables en almacenamiento e incendios de l\u00edquidos bajo presi\u00f3n. Es una plataforma de descarga m\u00f3vil capaz de entregar hasta 4,000 gpm (15,100 LPM) de agua o soluci\u00f3n de&#8230; <a class=\"view-article\" href=\"https:\/\/ambipar.com\/latam\/ambipar-response-3\/equipos-de-combate-a-incendios\/equipos-de-alto-flujo\/monitor-ranger-3-3\/\">Ver art\u00edculo<\/a>","protected":false},"author":1,"featured_media":1273,"parent":1893,"menu_order":0,"comment_status":"closed","ping_status":"closed","template":"single-servicos.php","meta":[],"yoast_head":"<!-- This site is optimized with the Yoast SEO plugin v17.6 - https:\/\/yoast.com\/wordpress\/plugins\/seo\/ -->\n<title>Conozca el Monitor Ranger 3 que ofrece Ambipar Response<\/title>\n<meta name=\"description\" content=\"El remolque de monitor Ranger 3+ est\u00e1 dise\u00f1ado para satisfacer las necesidades de protecci\u00f3n y extinci\u00f3n de incendios industriales\" \/>\n<meta name=\"robots\" content=\"index, follow, max-snippet:-1, max-image-preview:large, max-video-preview:-1\" \/>\n<link rel=\"canonical\" href=\"https:\/\/ambipar.com\/latam\/ambipar-response-3\/equipos-de-combate-a-incendios\/equipos-de-alto-flujo\/monitor-ranger-3-3\/\" \/>\n<meta property=\"og:locale\" content=\"es_ES\" \/>\n<meta property=\"og:type\" content=\"article\" \/>\n<meta property=\"og:title\" content=\"Conozca el Monitor Ranger 3 que ofrece Ambipar Response\" \/>\n<meta property=\"og:description\" content=\"El remolque de monitor Ranger 3+ est\u00e1 dise\u00f1ado para satisfacer las necesidades de protecci\u00f3n y extinci\u00f3n de incendios industriales\" \/>\n<meta property=\"og:url\" content=\"https:\/\/ambipar.com\/latam\/ambipar-response-3\/equipos-de-combate-a-incendios\/equipos-de-alto-flujo\/monitor-ranger-3-3\/\" \/>\n<meta property=\"og:site_name\" content=\"Ambipar. A l\u00edder em gest\u00e3o ambiental.\" \/>\n<meta property=\"article:modified_time\" content=\"2021-10-14T16:12:22+00:00\" \/>\n<meta property=\"og:image\" content=\"https:\/\/ambipar.com\/latam\/wp-content\/uploads\/2020\/11\/ranger.jpg\" \/>\n\t<meta property=\"og:image:width\" content=\"1002\" \/>\n\t<meta property=\"og:image:height\" content=\"846\" \/>\n<meta name=\"twitter:card\" content=\"summary_large_image\" \/>\n<meta name=\"twitter:label1\" content=\"Est. reading time\" \/>\n\t<meta name=\"twitter:data1\" content=\"1 minuto\" \/>\n<script type=\"application\/ld+json\" class=\"yoast-schema-graph\">{\"@context\":\"https:\/\/schema.org\",\"@graph\":[{\"@type\":\"Organization\",\"@id\":\"https:\/\/ambipar.com\/latam\/#organization\",\"name\":\"Ambipar\",\"url\":\"https:\/\/ambipar.com\/latam\/\",\"sameAs\":[],\"logo\":{\"@type\":\"ImageObject\",\"@id\":\"https:\/\/ambipar.com\/latam\/#logo\",\"inLanguage\":\"es-CL\",\"url\":\"https:\/\/ambipar.com\/latam\/wp-content\/uploads\/2020\/10\/ambipar_color.png\",\"contentUrl\":\"https:\/\/ambipar.com\/latam\/wp-content\/uploads\/2020\/10\/ambipar_color.png\",\"width\":174,\"height\":107,\"caption\":\"Ambipar\"},\"image\":{\"@id\":\"https:\/\/ambipar.com\/latam\/#logo\"}},{\"@type\":\"WebSite\",\"@id\":\"https:\/\/ambipar.com\/latam\/#website\",\"url\":\"https:\/\/ambipar.com\/latam\/\",\"name\":\"Ambipar. A l\\u00edder em gest\\u00e3o ambiental.\",\"description\":\"Pioneira em solu\\u00e7\\u00f5es ambientais, a Ambipar atua em todo o territ\\u00f3rio nacional oferecendo solu\\u00e7\\u00f5es integradas para toda a cadeia de neg\\u00f3cio.\",\"publisher\":{\"@id\":\"https:\/\/ambipar.com\/latam\/#organization\"},\"potentialAction\":[{\"@type\":\"SearchAction\",\"target\":{\"@type\":\"EntryPoint\",\"urlTemplate\":\"https:\/\/ambipar.com\/latam\/?s={search_term_string}\"},\"query-input\":\"required name=search_term_string\"}],\"inLanguage\":\"es-CL\"},{\"@type\":\"ImageObject\",\"@id\":\"https:\/\/ambipar.com\/latam\/ambipar-response-3\/equipos-de-combate-a-incendios\/equipos-de-alto-flujo\/monitor-ranger-3-3\/#primaryimage\",\"inLanguage\":\"es-CL\",\"url\":\"https:\/\/ambipar.com\/latam\/wp-content\/uploads\/2020\/11\/ranger.jpg\",\"contentUrl\":\"https:\/\/ambipar.com\/latam\/wp-content\/uploads\/2020\/11\/ranger.jpg\",\"width\":1002,\"height\":846,\"caption\":\"ranger\"},{\"@type\":\"WebPage\",\"@id\":\"https:\/\/ambipar.com\/latam\/ambipar-response-3\/equipos-de-combate-a-incendios\/equipos-de-alto-flujo\/monitor-ranger-3-3\/#webpage\",\"url\":\"https:\/\/ambipar.com\/latam\/ambipar-response-3\/equipos-de-combate-a-incendios\/equipos-de-alto-flujo\/monitor-ranger-3-3\/\",\"name\":\"Conozca el Monitor Ranger 3 que ofrece Ambipar Response\",\"isPartOf\":{\"@id\":\"https:\/\/ambipar.com\/latam\/#website\"},\"primaryImageOfPage\":{\"@id\":\"https:\/\/ambipar.com\/latam\/ambipar-response-3\/equipos-de-combate-a-incendios\/equipos-de-alto-flujo\/monitor-ranger-3-3\/#primaryimage\"},\"datePublished\":\"2020-11-16T01:49:35+00:00\",\"dateModified\":\"2021-10-14T16:12:22+00:00\",\"description\":\"El remolque de monitor Ranger 3+ est\\u00e1 dise\\u00f1ado para satisfacer las necesidades de protecci\\u00f3n y extinci\\u00f3n de incendios industriales\",\"breadcrumb\":{\"@id\":\"https:\/\/ambipar.com\/latam\/ambipar-response-3\/equipos-de-combate-a-incendios\/equipos-de-alto-flujo\/monitor-ranger-3-3\/#breadcrumb\"},\"inLanguage\":\"es-CL\",\"potentialAction\":[{\"@type\":\"ReadAction\",\"target\":[\"https:\/\/ambipar.com\/latam\/ambipar-response-3\/equipos-de-combate-a-incendios\/equipos-de-alto-flujo\/monitor-ranger-3-3\/\"]}]},{\"@type\":\"BreadcrumbList\",\"@id\":\"https:\/\/ambipar.com\/latam\/ambipar-response-3\/equipos-de-combate-a-incendios\/equipos-de-alto-flujo\/monitor-ranger-3-3\/#breadcrumb\",\"itemListElement\":[{\"@type\":\"ListItem\",\"position\":1,\"name\":\"Home\",\"item\":\"https:\/\/ambipar.com\/latam\/\"},{\"@type\":\"ListItem\",\"position\":2,\"name\":\"Ambipar Response\",\"item\":\"https:\/\/ambipar.com\/latam\/ambipar-response-3\/\"},{\"@type\":\"ListItem\",\"position\":3,\"name\":\"Equipos de Combate a Incendios\",\"item\":\"https:\/\/ambipar.com\/latam\/ambipar-response-3\/equipos-de-combate-a-incendios\/\"},{\"@type\":\"ListItem\",\"position\":4,\"name\":\"Equipos de Alto Flujo\",\"item\":\"https:\/\/ambipar.com\/latam\/ambipar-response-3\/equipos-de-combate-a-incendios\/equipos-de-alto-flujo\/\"},{\"@type\":\"ListItem\",\"position\":5,\"name\":\"Monitor Ranger 3\"}]}]}<\/script>\n<!-- \/ Yoast SEO plugin. -->","yoast_head_json":{"title":"Conozca el Monitor Ranger 3 que ofrece Ambipar Response","description":"El remolque de monitor Ranger 3+ est\u00e1 dise\u00f1ado para satisfacer las necesidades de protecci\u00f3n y extinci\u00f3n de incendios industriales","robots":{"index":"index","follow":"follow","max-snippet":"max-snippet:-1","max-image-preview":"max-image-preview:large","max-video-preview":"max-video-preview:-1"},"canonical":"https:\/\/ambipar.com\/latam\/ambipar-response-3\/equipos-de-combate-a-incendios\/equipos-de-alto-flujo\/monitor-ranger-3-3\/","og_locale":"es_ES","og_type":"article","og_title":"Conozca el Monitor Ranger 3 que ofrece Ambipar Response","og_description":"El remolque de monitor Ranger 3+ est\u00e1 dise\u00f1ado para satisfacer las necesidades de protecci\u00f3n y extinci\u00f3n de incendios industriales","og_url":"https:\/\/ambipar.com\/latam\/ambipar-response-3\/equipos-de-combate-a-incendios\/equipos-de-alto-flujo\/monitor-ranger-3-3\/","og_site_name":"Ambipar. A l\u00edder em gest\u00e3o ambiental.","article_modified_time":"2021-10-14T16:12:22+00:00","og_image":[{"width":1002,"height":846,"url":"https:\/\/ambipar.com\/latam\/wp-content\/uploads\/2020\/11\/ranger.jpg","type":"image\/jpeg"}],"twitter_card":"summary_large_image","twitter_misc":{"Est. reading time":"1 minuto"},"schema":{"@context":"https:\/\/schema.org","@graph":[{"@type":"Organization","@id":"https:\/\/ambipar.com\/latam\/#organization","name":"Ambipar","url":"https:\/\/ambipar.com\/latam\/","sameAs":[],"logo":{"@type":"ImageObject","@id":"https:\/\/ambipar.com\/latam\/#logo","inLanguage":"es-CL","url":"https:\/\/ambipar.com\/latam\/wp-content\/uploads\/2020\/10\/ambipar_color.png","contentUrl":"https:\/\/ambipar.com\/latam\/wp-content\/uploads\/2020\/10\/ambipar_color.png","width":174,"height":107,"caption":"Ambipar"},"image":{"@id":"https:\/\/ambipar.com\/latam\/#logo"}},{"@type":"WebSite","@id":"https:\/\/ambipar.com\/latam\/#website","url":"https:\/\/ambipar.com\/latam\/","name":"Ambipar. A l\u00edder em gest\u00e3o ambiental.","description":"Pioneira em solu\u00e7\u00f5es ambientais, a Ambipar atua em todo o territ\u00f3rio nacional oferecendo solu\u00e7\u00f5es integradas para toda a cadeia de neg\u00f3cio.","publisher":{"@id":"https:\/\/ambipar.com\/latam\/#organization"},"potentialAction":[{"@type":"SearchAction","target":{"@type":"EntryPoint","urlTemplate":"https:\/\/ambipar.com\/latam\/?s={search_term_string}"},"query-input":"required name=search_term_string"}],"inLanguage":"es-CL"},{"@type":"ImageObject","@id":"https:\/\/ambipar.com\/latam\/ambipar-response-3\/equipos-de-combate-a-incendios\/equipos-de-alto-flujo\/monitor-ranger-3-3\/#primaryimage","inLanguage":"es-CL","url":"https:\/\/ambipar.com\/latam\/wp-content\/uploads\/2020\/11\/ranger.jpg","contentUrl":"https:\/\/ambipar.com\/latam\/wp-content\/uploads\/2020\/11\/ranger.jpg","width":1002,"height":846,"caption":"ranger"},{"@type":"WebPage","@id":"https:\/\/ambipar.com\/latam\/ambipar-response-3\/equipos-de-combate-a-incendios\/equipos-de-alto-flujo\/monitor-ranger-3-3\/#webpage","url":"https:\/\/ambipar.com\/latam\/ambipar-response-3\/equipos-de-combate-a-incendios\/equipos-de-alto-flujo\/monitor-ranger-3-3\/","name":"Conozca el Monitor Ranger 3 que ofrece Ambipar Response","isPartOf":{"@id":"https:\/\/ambipar.com\/latam\/#website"},"primaryImageOfPage":{"@id":"https:\/\/ambipar.com\/latam\/ambipar-response-3\/equipos-de-combate-a-incendios\/equipos-de-alto-flujo\/monitor-ranger-3-3\/#primaryimage"},"datePublished":"2020-11-16T01:49:35+00:00","dateModified":"2021-10-14T16:12:22+00:00","description":"El remolque de monitor Ranger 3+ est\u00e1 dise\u00f1ado para satisfacer las necesidades de protecci\u00f3n y extinci\u00f3n de incendios industriales","breadcrumb":{"@id":"https:\/\/ambipar.com\/latam\/ambipar-response-3\/equipos-de-combate-a-incendios\/equipos-de-alto-flujo\/monitor-ranger-3-3\/#breadcrumb"},"inLanguage":"es-CL","potentialAction":[{"@type":"ReadAction","target":["https:\/\/ambipar.com\/latam\/ambipar-response-3\/equipos-de-combate-a-incendios\/equipos-de-alto-flujo\/monitor-ranger-3-3\/"]}]},{"@type":"BreadcrumbList","@id":"https:\/\/ambipar.com\/latam\/ambipar-response-3\/equipos-de-combate-a-incendios\/equipos-de-alto-flujo\/monitor-ranger-3-3\/#breadcrumb","itemListElement":[{"@type":"ListItem","position":1,"name":"Home","item":"https:\/\/ambipar.com\/latam\/"},{"@type":"ListItem","position":2,"name":"Ambipar Response","item":"https:\/\/ambipar.com\/latam\/ambipar-response-3\/"},{"@type":"ListItem","position":3,"name":"Equipos de Combate a Incendios","item":"https:\/\/ambipar.com\/latam\/ambipar-response-3\/equipos-de-combate-a-incendios\/"},{"@type":"ListItem","position":4,"name":"Equipos de Alto Flujo","item":"https:\/\/ambipar.com\/latam\/ambipar-response-3\/equipos-de-combate-a-incendios\/equipos-de-alto-flujo\/"},{"@type":"ListItem","position":5,"name":"Monitor Ranger 3"}]}]}},"_links":{"self":[{"href":"https:\/\/ambipar.com\/latam\/wp-json\/wp\/v2\/pages\/1920"}],"collection":[{"href":"https:\/\/ambipar.com\/latam\/wp-json\/wp\/v2\/pages"}],"about":[{"href":"https:\/\/ambipar.com\/latam\/wp-json\/wp\/v2\/types\/page"}],"author":[{"embeddable":true,"href":"https:\/\/ambipar.com\/latam\/wp-json\/wp\/v2\/users\/1"}],"replies":[{"embeddable":true,"href":"https:\/\/ambipar.com\/latam\/wp-json\/wp\/v2\/comments?post=1920"}],"version-history":[{"count":4,"href":"https:\/\/ambipar.com\/latam\/wp-json\/wp\/v2\/pages\/1920\/revisions"}],"predecessor-version":[{"id":4298,"href":"https:\/\/ambipar.com\/latam\/wp-json\/wp\/v2\/pages\/1920\/revisions\/4298"}],"up":[{"embeddable":true,"href":"https:\/\/ambipar.com\/latam\/wp-json\/wp\/v2\/pages\/1893"}],"wp:featuredmedia":[{"embeddable":true,"href":"https:\/\/ambipar.com\/latam\/wp-json\/wp\/v2\/media\/1273"}],"wp:attachment":[{"href":"https:\/\/ambipar.com\/latam\/wp-json\/wp\/v2\/media?parent=1920"}],"curies":[{"name":"wp","href":"https:\/\/api.w.org\/{rel}","templated":true}]}}