{"id":1923,"date":"2020-11-15T22:54:24","date_gmt":"2020-11-16T01:54:24","guid":{"rendered":"https:\/\/ambipar.com\/latam\/?page_id=1923"},"modified":"2021-01-05T20:32:29","modified_gmt":"2021-01-05T23:32:29","slug":"foam-lge","status":"publish","type":"page","link":"https:\/\/ambipar.com\/latam\/en\/ambipar-response\/equipamentos-de-combate-a-incendios\/foam-lge\/","title":{"rendered":"Foam (LGE)"},"content":{"rendered":"\n<p>The foam generating liquid (LGE) is a synthetic foam concentrate that acts as a kind of detergent to fight class A and B fires, especially in hydrocarbons and polar solvents. Non-toxic, biodegradable, resistant to high temperatures and with a long useful life, it has low density and expansion.<\/p>\n\n\n\n<p>One of the advantages of LGE and that makes it indispensable in combating certain types of fires is that it acts effectively on the surface of the ignited liquid, creating a protective barrier and preventing heated gases from dissipating. Mixed with fresh or brackish water, LGE can be used in equipment with or without air intake.<\/p>\n\n\n\n<p><strong>Types of foam generating liquid<\/strong><\/p>\n\n\n\n<p>All types of LGE must be approved by ABNT, which certifies their correct functioning and the preservation of the health of people who deal with this substance.<\/p>\n\n\n\n<p>It is possible to find LGEs in dosages of 1, 3 or 6%, which are indicated according to the application. Some are specific for fighting class B fires, while others for polar solvents, hydrocarbons or class A fires.<\/p>\n\n\n\n<p>See too:<\/p>\n\n\n\n<ul id=\"block-43929ea5-d0db-485b-9fac-aad2955922c7\"><li><a href=\"https:\/\/ambipar.com\/latam\/en\/ambipar-response\/equipamentos-de-combate-a-incendios\/nozzles-and-peaks-for-fire-fighting\/\">High Flow Rate Equipment<\/a><\/li><li><a href=\"https:\/\/ambipar.com\/latam\/en\/ambipar-response\/equipamentos-de-combate-a-incendios\/chemicals-pkw\/\">Chemicals (PKW)<\/a><\/li><li><a href=\"https:\/\/ambipar.com\/latam\/en\/ambipar-response\/equipamentos-de-combate-a-incendios\/nozzles-and-peaks-for-fire-fighting\/\">Nozzles and Peaks for Fire Fighting<\/a><\/li><\/ul>\n","protected":false},"excerpt":{"rendered":"The foam generating liquid (LGE) is a synthetic foam concentrate that acts as a kind of detergent to fight class A and B fires, especially in hydrocarbons and polar solvents. Non-toxic, biodegradable, resistant to high temperatures and with a long useful life, it has low density and expansion. One of the advantages of LGE and&#8230; <a class=\"view-article\" href=\"https:\/\/ambipar.com\/latam\/en\/ambipar-response\/equipamentos-de-combate-a-incendios\/foam-lge\/\">Ver art\u00edculo<\/a>","protected":false},"author":1,"featured_media":1291,"parent":1252,"menu_order":0,"comment_status":"closed","ping_status":"closed","template":"single-servicos.php","meta":[],"yoast_head":"<!-- This site is optimized with the Yoast SEO plugin v17.6 - https:\/\/yoast.com\/wordpress\/plugins\/seo\/ -->\n<title>Discover the Foam (LGE) offered by Ambipar Response<\/title>\n<meta name=\"description\" content=\"The foam generating liquid (LGE) is a synthetic foam concentrate that acts as a kind of detergent in fire fighting\" \/>\n<meta name=\"robots\" content=\"index, follow, max-snippet:-1, max-image-preview:large, max-video-preview:-1\" \/>\n<link rel=\"canonical\" href=\"https:\/\/ambipar.com\/latam\/en\/ambipar-response\/equipamentos-de-combate-a-incendios\/foam-lge\/\" \/>\n<meta property=\"og:locale\" content=\"es_ES\" \/>\n<meta property=\"og:type\" content=\"article\" \/>\n<meta property=\"og:title\" content=\"Discover the Foam (LGE) offered by Ambipar Response\" \/>\n<meta property=\"og:description\" content=\"The foam generating liquid (LGE) is a synthetic foam concentrate that acts as a kind of detergent in fire fighting\" \/>\n<meta property=\"og:url\" content=\"https:\/\/ambipar.com\/latam\/en\/ambipar-response\/equipamentos-de-combate-a-incendios\/foam-lge\/\" \/>\n<meta property=\"og:site_name\" content=\"Ambipar. A l\u00edder em gest\u00e3o ambiental.\" \/>\n<meta property=\"article:modified_time\" content=\"2021-01-05T23:32:29+00:00\" \/>\n<meta property=\"og:image\" content=\"https:\/\/ambipar.com\/latam\/wp-content\/uploads\/2020\/11\/espuma.jpg\" \/>\n\t<meta property=\"og:image:width\" content=\"1000\" \/>\n\t<meta property=\"og:image:height\" content=\"1000\" \/>\n<meta name=\"twitter:card\" content=\"summary_large_image\" \/>\n<meta name=\"twitter:label1\" content=\"Est. reading time\" \/>\n\t<meta name=\"twitter:data1\" content=\"1 minuto\" \/>\n<script type=\"application\/ld+json\" class=\"yoast-schema-graph\">{\"@context\":\"https:\/\/schema.org\",\"@graph\":[{\"@type\":\"Organization\",\"@id\":\"https:\/\/ambipar.com\/latam\/#organization\",\"name\":\"Ambipar\",\"url\":\"https:\/\/ambipar.com\/latam\/\",\"sameAs\":[],\"logo\":{\"@type\":\"ImageObject\",\"@id\":\"https:\/\/ambipar.com\/latam\/#logo\",\"inLanguage\":\"es-CL\",\"url\":\"https:\/\/ambipar.com\/latam\/wp-content\/uploads\/2020\/10\/ambipar_color.png\",\"contentUrl\":\"https:\/\/ambipar.com\/latam\/wp-content\/uploads\/2020\/10\/ambipar_color.png\",\"width\":174,\"height\":107,\"caption\":\"Ambipar\"},\"image\":{\"@id\":\"https:\/\/ambipar.com\/latam\/#logo\"}},{\"@type\":\"WebSite\",\"@id\":\"https:\/\/ambipar.com\/latam\/#website\",\"url\":\"https:\/\/ambipar.com\/latam\/\",\"name\":\"Ambipar. A l\\u00edder em gest\\u00e3o ambiental.\",\"description\":\"Pioneira em solu\\u00e7\\u00f5es ambientais, a Ambipar atua em todo o territ\\u00f3rio nacional oferecendo solu\\u00e7\\u00f5es integradas para toda a cadeia de neg\\u00f3cio.\",\"publisher\":{\"@id\":\"https:\/\/ambipar.com\/latam\/#organization\"},\"potentialAction\":[{\"@type\":\"SearchAction\",\"target\":{\"@type\":\"EntryPoint\",\"urlTemplate\":\"https:\/\/ambipar.com\/latam\/?s={search_term_string}\"},\"query-input\":\"required name=search_term_string\"}],\"inLanguage\":\"es-CL\"},{\"@type\":\"ImageObject\",\"@id\":\"https:\/\/ambipar.com\/latam\/en\/ambipar-response\/equipamentos-de-combate-a-incendios\/foam-lge\/#primaryimage\",\"inLanguage\":\"es-CL\",\"url\":\"https:\/\/ambipar.com\/latam\/wp-content\/uploads\/2020\/11\/espuma.jpg\",\"contentUrl\":\"https:\/\/ambipar.com\/latam\/wp-content\/uploads\/2020\/11\/espuma.jpg\",\"width\":1000,\"height\":1000,\"caption\":\"Espuma\"},{\"@type\":\"WebPage\",\"@id\":\"https:\/\/ambipar.com\/latam\/en\/ambipar-response\/equipamentos-de-combate-a-incendios\/foam-lge\/#webpage\",\"url\":\"https:\/\/ambipar.com\/latam\/en\/ambipar-response\/equipamentos-de-combate-a-incendios\/foam-lge\/\",\"name\":\"Discover the Foam (LGE) offered by Ambipar Response\",\"isPartOf\":{\"@id\":\"https:\/\/ambipar.com\/latam\/#website\"},\"primaryImageOfPage\":{\"@id\":\"https:\/\/ambipar.com\/latam\/en\/ambipar-response\/equipamentos-de-combate-a-incendios\/foam-lge\/#primaryimage\"},\"datePublished\":\"2020-11-16T01:54:24+00:00\",\"dateModified\":\"2021-01-05T23:32:29+00:00\",\"description\":\"The foam generating liquid (LGE) is a synthetic foam concentrate that acts as a kind of detergent in fire fighting\",\"breadcrumb\":{\"@id\":\"https:\/\/ambipar.com\/latam\/en\/ambipar-response\/equipamentos-de-combate-a-incendios\/foam-lge\/#breadcrumb\"},\"inLanguage\":\"es-CL\",\"potentialAction\":[{\"@type\":\"ReadAction\",\"target\":[\"https:\/\/ambipar.com\/latam\/en\/ambipar-response\/equipamentos-de-combate-a-incendios\/foam-lge\/\"]}]},{\"@type\":\"BreadcrumbList\",\"@id\":\"https:\/\/ambipar.com\/latam\/en\/ambipar-response\/equipamentos-de-combate-a-incendios\/foam-lge\/#breadcrumb\",\"itemListElement\":[{\"@type\":\"ListItem\",\"position\":1,\"name\":\"Home\",\"item\":\"https:\/\/ambipar.com\/latam\/\"},{\"@type\":\"ListItem\",\"position\":2,\"name\":\"Ambipar Response\",\"item\":\"https:\/\/ambipar.com\/latam\/pt\/ambipar-response\/\"},{\"@type\":\"ListItem\",\"position\":3,\"name\":\"Equipamentos de Combate a Inc\\u00eandios\",\"item\":\"https:\/\/ambipar.com\/latam\/pt\/ambipar-response\/equipamentos-de-combate-a-incendios\/\"},{\"@type\":\"ListItem\",\"position\":4,\"name\":\"Foam (LGE)\"}]}]}<\/script>\n<!-- \/ Yoast SEO plugin. -->","yoast_head_json":{"title":"Discover the Foam (LGE) offered by Ambipar Response","description":"The foam generating liquid (LGE) is a synthetic foam concentrate that acts as a kind of detergent in fire fighting","robots":{"index":"index","follow":"follow","max-snippet":"max-snippet:-1","max-image-preview":"max-image-preview:large","max-video-preview":"max-video-preview:-1"},"canonical":"https:\/\/ambipar.com\/latam\/en\/ambipar-response\/equipamentos-de-combate-a-incendios\/foam-lge\/","og_locale":"es_ES","og_type":"article","og_title":"Discover the Foam (LGE) offered by Ambipar Response","og_description":"The foam generating liquid (LGE) is a synthetic foam concentrate that acts as a kind of detergent in fire fighting","og_url":"https:\/\/ambipar.com\/latam\/en\/ambipar-response\/equipamentos-de-combate-a-incendios\/foam-lge\/","og_site_name":"Ambipar. A l\u00edder em gest\u00e3o ambiental.","article_modified_time":"2021-01-05T23:32:29+00:00","og_image":[{"width":1000,"height":1000,"url":"https:\/\/ambipar.com\/latam\/wp-content\/uploads\/2020\/11\/espuma.jpg","type":"image\/jpeg"}],"twitter_card":"summary_large_image","twitter_misc":{"Est. reading time":"1 minuto"},"schema":{"@context":"https:\/\/schema.org","@graph":[{"@type":"Organization","@id":"https:\/\/ambipar.com\/latam\/#organization","name":"Ambipar","url":"https:\/\/ambipar.com\/latam\/","sameAs":[],"logo":{"@type":"ImageObject","@id":"https:\/\/ambipar.com\/latam\/#logo","inLanguage":"es-CL","url":"https:\/\/ambipar.com\/latam\/wp-content\/uploads\/2020\/10\/ambipar_color.png","contentUrl":"https:\/\/ambipar.com\/latam\/wp-content\/uploads\/2020\/10\/ambipar_color.png","width":174,"height":107,"caption":"Ambipar"},"image":{"@id":"https:\/\/ambipar.com\/latam\/#logo"}},{"@type":"WebSite","@id":"https:\/\/ambipar.com\/latam\/#website","url":"https:\/\/ambipar.com\/latam\/","name":"Ambipar. A l\u00edder em gest\u00e3o ambiental.","description":"Pioneira em solu\u00e7\u00f5es ambientais, a Ambipar atua em todo o territ\u00f3rio nacional oferecendo solu\u00e7\u00f5es integradas para toda a cadeia de neg\u00f3cio.","publisher":{"@id":"https:\/\/ambipar.com\/latam\/#organization"},"potentialAction":[{"@type":"SearchAction","target":{"@type":"EntryPoint","urlTemplate":"https:\/\/ambipar.com\/latam\/?s={search_term_string}"},"query-input":"required name=search_term_string"}],"inLanguage":"es-CL"},{"@type":"ImageObject","@id":"https:\/\/ambipar.com\/latam\/en\/ambipar-response\/equipamentos-de-combate-a-incendios\/foam-lge\/#primaryimage","inLanguage":"es-CL","url":"https:\/\/ambipar.com\/latam\/wp-content\/uploads\/2020\/11\/espuma.jpg","contentUrl":"https:\/\/ambipar.com\/latam\/wp-content\/uploads\/2020\/11\/espuma.jpg","width":1000,"height":1000,"caption":"Espuma"},{"@type":"WebPage","@id":"https:\/\/ambipar.com\/latam\/en\/ambipar-response\/equipamentos-de-combate-a-incendios\/foam-lge\/#webpage","url":"https:\/\/ambipar.com\/latam\/en\/ambipar-response\/equipamentos-de-combate-a-incendios\/foam-lge\/","name":"Discover the Foam (LGE) offered by Ambipar Response","isPartOf":{"@id":"https:\/\/ambipar.com\/latam\/#website"},"primaryImageOfPage":{"@id":"https:\/\/ambipar.com\/latam\/en\/ambipar-response\/equipamentos-de-combate-a-incendios\/foam-lge\/#primaryimage"},"datePublished":"2020-11-16T01:54:24+00:00","dateModified":"2021-01-05T23:32:29+00:00","description":"The foam generating liquid (LGE) is a synthetic foam concentrate that acts as a kind of detergent in fire fighting","breadcrumb":{"@id":"https:\/\/ambipar.com\/latam\/en\/ambipar-response\/equipamentos-de-combate-a-incendios\/foam-lge\/#breadcrumb"},"inLanguage":"es-CL","potentialAction":[{"@type":"ReadAction","target":["https:\/\/ambipar.com\/latam\/en\/ambipar-response\/equipamentos-de-combate-a-incendios\/foam-lge\/"]}]},{"@type":"BreadcrumbList","@id":"https:\/\/ambipar.com\/latam\/en\/ambipar-response\/equipamentos-de-combate-a-incendios\/foam-lge\/#breadcrumb","itemListElement":[{"@type":"ListItem","position":1,"name":"Home","item":"https:\/\/ambipar.com\/latam\/"},{"@type":"ListItem","position":2,"name":"Ambipar Response","item":"https:\/\/ambipar.com\/latam\/pt\/ambipar-response\/"},{"@type":"ListItem","position":3,"name":"Equipamentos de Combate a Inc\u00eandios","item":"https:\/\/ambipar.com\/latam\/pt\/ambipar-response\/equipamentos-de-combate-a-incendios\/"},{"@type":"ListItem","position":4,"name":"Foam (LGE)"}]}]}},"_links":{"self":[{"href":"https:\/\/ambipar.com\/latam\/wp-json\/wp\/v2\/pages\/1923"}],"collection":[{"href":"https:\/\/ambipar.com\/latam\/wp-json\/wp\/v2\/pages"}],"about":[{"href":"https:\/\/ambipar.com\/latam\/wp-json\/wp\/v2\/types\/page"}],"author":[{"embeddable":true,"href":"https:\/\/ambipar.com\/latam\/wp-json\/wp\/v2\/users\/1"}],"replies":[{"embeddable":true,"href":"https:\/\/ambipar.com\/latam\/wp-json\/wp\/v2\/comments?post=1923"}],"version-history":[{"count":3,"href":"https:\/\/ambipar.com\/latam\/wp-json\/wp\/v2\/pages\/1923\/revisions"}],"predecessor-version":[{"id":2507,"href":"https:\/\/ambipar.com\/latam\/wp-json\/wp\/v2\/pages\/1923\/revisions\/2507"}],"up":[{"embeddable":true,"href":"https:\/\/ambipar.com\/latam\/wp-json\/wp\/v2\/pages\/1252"}],"wp:featuredmedia":[{"embeddable":true,"href":"https:\/\/ambipar.com\/latam\/wp-json\/wp\/v2\/media\/1291"}],"wp:attachment":[{"href":"https:\/\/ambipar.com\/latam\/wp-json\/wp\/v2\/media?parent=1923"}],"curies":[{"name":"wp","href":"https:\/\/api.w.org\/{rel}","templated":true}]}}