{"id":1926,"date":"2020-11-15T22:56:35","date_gmt":"2020-11-16T01:56:35","guid":{"rendered":"https:\/\/ambipar.com\/latam\/?page_id=1926"},"modified":"2021-10-14T13:53:20","modified_gmt":"2021-10-14T16:53:20","slug":"espumas-lge-2","status":"publish","type":"page","link":"https:\/\/ambipar.com\/latam\/ambipar-response-3\/equipos-de-combate-a-incendios\/espumas-lge-2\/","title":{"rendered":"Espumas (LGE)"},"content":{"rendered":"\n<p>El l\u00edquido generador de espuma (LGE) es un concentrado de espuma sint\u00e9tico que act\u00faa como una especie de detergente para combatir incendios de clase A y B, especialmente en hidrocarburos y disolventes polares. No t\u00f3xico, biodegradable, resistente a altas temperaturas y con una larga vida \u00fatil, tiene baja densidad y expansi\u00f3n.<\/p>\n\n\n\n<p>Una de las ventajas del LGE y que lo hace indispensable en la lucha contra determinados tipos de fuego es que act\u00faa eficazmente sobre la superficie del l\u00edquido inflamado, creando una barrera protectora y evitando que los gases calientes se disipen. Mezclado con agua dulce o salobre, LGE se puede utilizar en equipos con o sin entrada de aire.<\/p>\n\n\n\n<p><strong>Tipos de l\u00edquido generador de espuma<\/strong><\/p>\n\n\n\n<p>Todos los tipos de LGE deben ser aprobados por ABNT, que certifica su correcto funcionamiento y la preservaci\u00f3n de la salud de las personas que tratan con esta sustancia.<\/p>\n\n\n\n<p>Es posible encontrar LGE en dosis de 1, 3 o 6%, que se indican seg\u00fan la aplicaci\u00f3n. Algunos son espec\u00edficos para combatir incendios de clase B, mientras que otros para incendios de disolventes polares, hidrocarburos o de clase A.<\/p>\n\n\n\n<p>Vea tambi\u00e9n:<\/p>\n\n\n\n<ul><li><a href=\"https:\/\/ambipar.com\/latam\/ambipar-response-3\/equipos-de-combate-a-incendios\/equipos-de-alto-flujo\/\">Equipos de Alto Flujo<\/a><\/li><li><a href=\"https:\/\/ambipar.com\/latam\/ambipar-response-3\/equipos-de-combate-a-incendios\/quimicos-pkw-2\/\">Qu\u00edmicos (PKW)<\/a><\/li><li><a href=\"https:\/\/ambipar.com\/latam\/ambipar-response-3\/equipos-de-combate-a-incendios\/mangueras-y-boquillas-para-combate-a-incendio\/\">Mangueras y Boquillas para combate a incendio<\/a><\/li><\/ul>\n","protected":false},"excerpt":{"rendered":"El l\u00edquido generador de espuma (LGE) es un concentrado de espuma sint\u00e9tico que act\u00faa como una especie de detergente para combatir incendios de clase A y B, especialmente en hidrocarburos y disolventes polares. No t\u00f3xico, biodegradable, resistente a altas temperaturas y con una larga vida \u00fatil, tiene baja densidad y expansi\u00f3n. Una de las ventajas&#8230; <a class=\"view-article\" href=\"https:\/\/ambipar.com\/latam\/ambipar-response-3\/equipos-de-combate-a-incendios\/espumas-lge-2\/\">Ver art\u00edculo<\/a>","protected":false},"author":1,"featured_media":1291,"parent":1884,"menu_order":0,"comment_status":"closed","ping_status":"closed","template":"single-servicos.php","meta":[],"yoast_head":"<!-- This site is optimized with the Yoast SEO plugin v17.6 - https:\/\/yoast.com\/wordpress\/plugins\/seo\/ -->\n<title>Conozca las Espumas (LGE) que ofrece Ambipar Response<\/title>\n<meta name=\"description\" content=\"El l\u00edquido generador de espuma (LGE) es un concentrado de espuma sint\u00e9tico que act\u00faa como especie de detergente en la lucha contra incendios\" \/>\n<meta name=\"robots\" content=\"index, follow, max-snippet:-1, max-image-preview:large, max-video-preview:-1\" \/>\n<link rel=\"canonical\" href=\"https:\/\/ambipar.com\/latam\/ambipar-response-3\/equipos-de-combate-a-incendios\/espumas-lge-2\/\" \/>\n<meta property=\"og:locale\" content=\"es_ES\" \/>\n<meta property=\"og:type\" content=\"article\" \/>\n<meta property=\"og:title\" content=\"Conozca las Espumas (LGE) que ofrece Ambipar Response\" \/>\n<meta property=\"og:description\" content=\"El l\u00edquido generador de espuma (LGE) es un concentrado de espuma sint\u00e9tico que act\u00faa como especie de detergente en la lucha contra incendios\" \/>\n<meta property=\"og:url\" content=\"https:\/\/ambipar.com\/latam\/ambipar-response-3\/equipos-de-combate-a-incendios\/espumas-lge-2\/\" \/>\n<meta property=\"og:site_name\" content=\"Ambipar. A l\u00edder em gest\u00e3o ambiental.\" \/>\n<meta property=\"article:modified_time\" content=\"2021-10-14T16:53:20+00:00\" \/>\n<meta property=\"og:image\" content=\"https:\/\/ambipar.com\/latam\/wp-content\/uploads\/2020\/11\/espuma.jpg\" \/>\n\t<meta property=\"og:image:width\" content=\"1000\" \/>\n\t<meta property=\"og:image:height\" content=\"1000\" \/>\n<meta name=\"twitter:card\" content=\"summary_large_image\" \/>\n<meta name=\"twitter:label1\" content=\"Est. reading time\" \/>\n\t<meta name=\"twitter:data1\" content=\"1 minuto\" \/>\n<script type=\"application\/ld+json\" class=\"yoast-schema-graph\">{\"@context\":\"https:\/\/schema.org\",\"@graph\":[{\"@type\":\"Organization\",\"@id\":\"https:\/\/ambipar.com\/latam\/#organization\",\"name\":\"Ambipar\",\"url\":\"https:\/\/ambipar.com\/latam\/\",\"sameAs\":[],\"logo\":{\"@type\":\"ImageObject\",\"@id\":\"https:\/\/ambipar.com\/latam\/#logo\",\"inLanguage\":\"es-CL\",\"url\":\"https:\/\/ambipar.com\/latam\/wp-content\/uploads\/2020\/10\/ambipar_color.png\",\"contentUrl\":\"https:\/\/ambipar.com\/latam\/wp-content\/uploads\/2020\/10\/ambipar_color.png\",\"width\":174,\"height\":107,\"caption\":\"Ambipar\"},\"image\":{\"@id\":\"https:\/\/ambipar.com\/latam\/#logo\"}},{\"@type\":\"WebSite\",\"@id\":\"https:\/\/ambipar.com\/latam\/#website\",\"url\":\"https:\/\/ambipar.com\/latam\/\",\"name\":\"Ambipar. A l\\u00edder em gest\\u00e3o ambiental.\",\"description\":\"Pioneira em solu\\u00e7\\u00f5es ambientais, a Ambipar atua em todo o territ\\u00f3rio nacional oferecendo solu\\u00e7\\u00f5es integradas para toda a cadeia de neg\\u00f3cio.\",\"publisher\":{\"@id\":\"https:\/\/ambipar.com\/latam\/#organization\"},\"potentialAction\":[{\"@type\":\"SearchAction\",\"target\":{\"@type\":\"EntryPoint\",\"urlTemplate\":\"https:\/\/ambipar.com\/latam\/?s={search_term_string}\"},\"query-input\":\"required name=search_term_string\"}],\"inLanguage\":\"es-CL\"},{\"@type\":\"ImageObject\",\"@id\":\"https:\/\/ambipar.com\/latam\/ambipar-response-3\/equipos-de-combate-a-incendios\/espumas-lge-2\/#primaryimage\",\"inLanguage\":\"es-CL\",\"url\":\"https:\/\/ambipar.com\/latam\/wp-content\/uploads\/2020\/11\/espuma.jpg\",\"contentUrl\":\"https:\/\/ambipar.com\/latam\/wp-content\/uploads\/2020\/11\/espuma.jpg\",\"width\":1000,\"height\":1000,\"caption\":\"Espuma\"},{\"@type\":\"WebPage\",\"@id\":\"https:\/\/ambipar.com\/latam\/ambipar-response-3\/equipos-de-combate-a-incendios\/espumas-lge-2\/#webpage\",\"url\":\"https:\/\/ambipar.com\/latam\/ambipar-response-3\/equipos-de-combate-a-incendios\/espumas-lge-2\/\",\"name\":\"Conozca las Espumas (LGE) que ofrece Ambipar Response\",\"isPartOf\":{\"@id\":\"https:\/\/ambipar.com\/latam\/#website\"},\"primaryImageOfPage\":{\"@id\":\"https:\/\/ambipar.com\/latam\/ambipar-response-3\/equipos-de-combate-a-incendios\/espumas-lge-2\/#primaryimage\"},\"datePublished\":\"2020-11-16T01:56:35+00:00\",\"dateModified\":\"2021-10-14T16:53:20+00:00\",\"description\":\"El l\\u00edquido generador de espuma (LGE) es un concentrado de espuma sint\\u00e9tico que act\\u00faa como especie de detergente en la lucha contra incendios\",\"breadcrumb\":{\"@id\":\"https:\/\/ambipar.com\/latam\/ambipar-response-3\/equipos-de-combate-a-incendios\/espumas-lge-2\/#breadcrumb\"},\"inLanguage\":\"es-CL\",\"potentialAction\":[{\"@type\":\"ReadAction\",\"target\":[\"https:\/\/ambipar.com\/latam\/ambipar-response-3\/equipos-de-combate-a-incendios\/espumas-lge-2\/\"]}]},{\"@type\":\"BreadcrumbList\",\"@id\":\"https:\/\/ambipar.com\/latam\/ambipar-response-3\/equipos-de-combate-a-incendios\/espumas-lge-2\/#breadcrumb\",\"itemListElement\":[{\"@type\":\"ListItem\",\"position\":1,\"name\":\"Home\",\"item\":\"https:\/\/ambipar.com\/latam\/\"},{\"@type\":\"ListItem\",\"position\":2,\"name\":\"Ambipar Response\",\"item\":\"https:\/\/ambipar.com\/latam\/ambipar-response-3\/\"},{\"@type\":\"ListItem\",\"position\":3,\"name\":\"Equipos de Combate a Incendios\",\"item\":\"https:\/\/ambipar.com\/latam\/ambipar-response-3\/equipos-de-combate-a-incendios\/\"},{\"@type\":\"ListItem\",\"position\":4,\"name\":\"Espumas (LGE)\"}]}]}<\/script>\n<!-- \/ Yoast SEO plugin. -->","yoast_head_json":{"title":"Conozca las Espumas (LGE) que ofrece Ambipar Response","description":"El l\u00edquido generador de espuma (LGE) es un concentrado de espuma sint\u00e9tico que act\u00faa como especie de detergente en la lucha contra incendios","robots":{"index":"index","follow":"follow","max-snippet":"max-snippet:-1","max-image-preview":"max-image-preview:large","max-video-preview":"max-video-preview:-1"},"canonical":"https:\/\/ambipar.com\/latam\/ambipar-response-3\/equipos-de-combate-a-incendios\/espumas-lge-2\/","og_locale":"es_ES","og_type":"article","og_title":"Conozca las Espumas (LGE) que ofrece Ambipar Response","og_description":"El l\u00edquido generador de espuma (LGE) es un concentrado de espuma sint\u00e9tico que act\u00faa como especie de detergente en la lucha contra incendios","og_url":"https:\/\/ambipar.com\/latam\/ambipar-response-3\/equipos-de-combate-a-incendios\/espumas-lge-2\/","og_site_name":"Ambipar. A l\u00edder em gest\u00e3o ambiental.","article_modified_time":"2021-10-14T16:53:20+00:00","og_image":[{"width":1000,"height":1000,"url":"https:\/\/ambipar.com\/latam\/wp-content\/uploads\/2020\/11\/espuma.jpg","type":"image\/jpeg"}],"twitter_card":"summary_large_image","twitter_misc":{"Est. reading time":"1 minuto"},"schema":{"@context":"https:\/\/schema.org","@graph":[{"@type":"Organization","@id":"https:\/\/ambipar.com\/latam\/#organization","name":"Ambipar","url":"https:\/\/ambipar.com\/latam\/","sameAs":[],"logo":{"@type":"ImageObject","@id":"https:\/\/ambipar.com\/latam\/#logo","inLanguage":"es-CL","url":"https:\/\/ambipar.com\/latam\/wp-content\/uploads\/2020\/10\/ambipar_color.png","contentUrl":"https:\/\/ambipar.com\/latam\/wp-content\/uploads\/2020\/10\/ambipar_color.png","width":174,"height":107,"caption":"Ambipar"},"image":{"@id":"https:\/\/ambipar.com\/latam\/#logo"}},{"@type":"WebSite","@id":"https:\/\/ambipar.com\/latam\/#website","url":"https:\/\/ambipar.com\/latam\/","name":"Ambipar. A l\u00edder em gest\u00e3o ambiental.","description":"Pioneira em solu\u00e7\u00f5es ambientais, a Ambipar atua em todo o territ\u00f3rio nacional oferecendo solu\u00e7\u00f5es integradas para toda a cadeia de neg\u00f3cio.","publisher":{"@id":"https:\/\/ambipar.com\/latam\/#organization"},"potentialAction":[{"@type":"SearchAction","target":{"@type":"EntryPoint","urlTemplate":"https:\/\/ambipar.com\/latam\/?s={search_term_string}"},"query-input":"required name=search_term_string"}],"inLanguage":"es-CL"},{"@type":"ImageObject","@id":"https:\/\/ambipar.com\/latam\/ambipar-response-3\/equipos-de-combate-a-incendios\/espumas-lge-2\/#primaryimage","inLanguage":"es-CL","url":"https:\/\/ambipar.com\/latam\/wp-content\/uploads\/2020\/11\/espuma.jpg","contentUrl":"https:\/\/ambipar.com\/latam\/wp-content\/uploads\/2020\/11\/espuma.jpg","width":1000,"height":1000,"caption":"Espuma"},{"@type":"WebPage","@id":"https:\/\/ambipar.com\/latam\/ambipar-response-3\/equipos-de-combate-a-incendios\/espumas-lge-2\/#webpage","url":"https:\/\/ambipar.com\/latam\/ambipar-response-3\/equipos-de-combate-a-incendios\/espumas-lge-2\/","name":"Conozca las Espumas (LGE) que ofrece Ambipar Response","isPartOf":{"@id":"https:\/\/ambipar.com\/latam\/#website"},"primaryImageOfPage":{"@id":"https:\/\/ambipar.com\/latam\/ambipar-response-3\/equipos-de-combate-a-incendios\/espumas-lge-2\/#primaryimage"},"datePublished":"2020-11-16T01:56:35+00:00","dateModified":"2021-10-14T16:53:20+00:00","description":"El l\u00edquido generador de espuma (LGE) es un concentrado de espuma sint\u00e9tico que act\u00faa como especie de detergente en la lucha contra incendios","breadcrumb":{"@id":"https:\/\/ambipar.com\/latam\/ambipar-response-3\/equipos-de-combate-a-incendios\/espumas-lge-2\/#breadcrumb"},"inLanguage":"es-CL","potentialAction":[{"@type":"ReadAction","target":["https:\/\/ambipar.com\/latam\/ambipar-response-3\/equipos-de-combate-a-incendios\/espumas-lge-2\/"]}]},{"@type":"BreadcrumbList","@id":"https:\/\/ambipar.com\/latam\/ambipar-response-3\/equipos-de-combate-a-incendios\/espumas-lge-2\/#breadcrumb","itemListElement":[{"@type":"ListItem","position":1,"name":"Home","item":"https:\/\/ambipar.com\/latam\/"},{"@type":"ListItem","position":2,"name":"Ambipar Response","item":"https:\/\/ambipar.com\/latam\/ambipar-response-3\/"},{"@type":"ListItem","position":3,"name":"Equipos de Combate a Incendios","item":"https:\/\/ambipar.com\/latam\/ambipar-response-3\/equipos-de-combate-a-incendios\/"},{"@type":"ListItem","position":4,"name":"Espumas (LGE)"}]}]}},"_links":{"self":[{"href":"https:\/\/ambipar.com\/latam\/wp-json\/wp\/v2\/pages\/1926"}],"collection":[{"href":"https:\/\/ambipar.com\/latam\/wp-json\/wp\/v2\/pages"}],"about":[{"href":"https:\/\/ambipar.com\/latam\/wp-json\/wp\/v2\/types\/page"}],"author":[{"embeddable":true,"href":"https:\/\/ambipar.com\/latam\/wp-json\/wp\/v2\/users\/1"}],"replies":[{"embeddable":true,"href":"https:\/\/ambipar.com\/latam\/wp-json\/wp\/v2\/comments?post=1926"}],"version-history":[{"count":4,"href":"https:\/\/ambipar.com\/latam\/wp-json\/wp\/v2\/pages\/1926\/revisions"}],"predecessor-version":[{"id":4301,"href":"https:\/\/ambipar.com\/latam\/wp-json\/wp\/v2\/pages\/1926\/revisions\/4301"}],"up":[{"embeddable":true,"href":"https:\/\/ambipar.com\/latam\/wp-json\/wp\/v2\/pages\/1884"}],"wp:featuredmedia":[{"embeddable":true,"href":"https:\/\/ambipar.com\/latam\/wp-json\/wp\/v2\/media\/1291"}],"wp:attachment":[{"href":"https:\/\/ambipar.com\/latam\/wp-json\/wp\/v2\/media?parent=1926"}],"curies":[{"name":"wp","href":"https:\/\/api.w.org\/{rel}","templated":true}]}}