{"id":1935,"date":"2020-11-15T23:05:51","date_gmt":"2020-11-16T02:05:51","guid":{"rendered":"https:\/\/ambipar.com\/latam\/?page_id=1935"},"modified":"2021-01-05T20:32:48","modified_gmt":"2021-01-05T23:32:48","slug":"nozzles-and-peaks-for-fire-fighting","status":"publish","type":"page","link":"https:\/\/ambipar.com\/latam\/en\/ambipar-response\/equipamentos-de-combate-a-incendios\/nozzles-and-peaks-for-fire-fighting\/","title":{"rendered":"Nozzles and Peaks for Fire Fighting"},"content":{"rendered":"\n<p>The Williams Fire &amp; Hazard Control is the best solution for response applications that require large volumes of water. It provides adequate supply for the management of water resources for a fire and is the backbone of any successful response effort.<\/p>\n\n\n\n<p>Positive pressure water systems from one facility to relay water from long distances to the area in need without pressure loss, the Williams DependaPower \u2122 Series represents a high performance of three primary pump configurations that are built to work tirelessly as they deliver to sustain the large volumes and high pressures needed when facing the greatest Industrial Fire scenarios.<\/p>\n\n\n\n<p>DependaPower \u2122 is a large work equipment proven to be used in large water use needs in large volumes.<\/p>\n\n\n\n<p>See too:<\/p>\n\n\n\n<ul id=\"block-43929ea5-d0db-485b-9fac-aad2955922c7\"><li><a href=\"https:\/\/ambipar.com\/latam\/en\/ambipar-response\/equipamentos-de-combate-a-incendios\/high-flow-rate-equipment\/\">High Flow Rate Equipment<\/a><\/li><li><a href=\"https:\/\/ambipar.com\/latam\/en\/ambipar-response\/equipamentos-de-combate-a-incendios\/foam-lge\/\">Foam (LGE)<\/a><\/li><li><a href=\"https:\/\/ambipar.com\/latam\/en\/ambipar-response\/equipamentos-de-combate-a-incendios\/chemicals-pkw\/\">Chemicals (PKW)<\/a><\/li><\/ul>\n","protected":false},"excerpt":{"rendered":"The Williams Fire &amp; Hazard Control is the best solution for response applications that require large volumes of water. It provides adequate supply for the management of water resources for a fire and is the backbone of any successful response effort. Positive pressure water systems from one facility to relay water from long distances to&#8230; <a class=\"view-article\" href=\"https:\/\/ambipar.com\/latam\/en\/ambipar-response\/equipamentos-de-combate-a-incendios\/nozzles-and-peaks-for-fire-fighting\/\">Ver art\u00edculo<\/a>","protected":false},"author":1,"featured_media":656,"parent":1252,"menu_order":0,"comment_status":"closed","ping_status":"closed","template":"single-servicos.php","meta":[],"yoast_head":"<!-- This site is optimized with the Yoast SEO plugin v17.6 - https:\/\/yoast.com\/wordpress\/plugins\/seo\/ -->\n<title>Discover Ambipar&#039;s Nozzles and Peaks for Fire Fighting<\/title>\n<meta name=\"description\" content=\"The Williams Fire &amp; Hazard Control transportable pump is the solution for response applications requiring large volumes of water.\" \/>\n<meta name=\"robots\" content=\"index, follow, max-snippet:-1, max-image-preview:large, max-video-preview:-1\" \/>\n<link rel=\"canonical\" href=\"https:\/\/ambipar.com\/latam\/en\/ambipar-response\/equipamentos-de-combate-a-incendios\/nozzles-and-peaks-for-fire-fighting\/\" \/>\n<meta property=\"og:locale\" content=\"es_ES\" \/>\n<meta property=\"og:type\" content=\"article\" \/>\n<meta property=\"og:title\" content=\"Discover Ambipar&#039;s Nozzles and Peaks for Fire Fighting\" \/>\n<meta property=\"og:description\" content=\"The Williams Fire &amp; Hazard Control transportable pump is the solution for response applications requiring large volumes of water.\" \/>\n<meta property=\"og:url\" content=\"https:\/\/ambipar.com\/latam\/en\/ambipar-response\/equipamentos-de-combate-a-incendios\/nozzles-and-peaks-for-fire-fighting\/\" \/>\n<meta property=\"og:site_name\" content=\"Ambipar. A l\u00edder em gest\u00e3o ambiental.\" \/>\n<meta property=\"article:modified_time\" content=\"2021-01-05T23:32:48+00:00\" \/>\n<meta property=\"og:image\" content=\"https:\/\/ambipar.com\/latam\/wp-content\/uploads\/2020\/10\/brigada4.jpg\" \/>\n\t<meta property=\"og:image:width\" content=\"984\" \/>\n\t<meta property=\"og:image:height\" content=\"1004\" \/>\n<meta name=\"twitter:card\" content=\"summary_large_image\" \/>\n<meta name=\"twitter:label1\" content=\"Est. reading time\" \/>\n\t<meta name=\"twitter:data1\" content=\"1 minuto\" \/>\n<script type=\"application\/ld+json\" class=\"yoast-schema-graph\">{\"@context\":\"https:\/\/schema.org\",\"@graph\":[{\"@type\":\"Organization\",\"@id\":\"https:\/\/ambipar.com\/latam\/#organization\",\"name\":\"Ambipar\",\"url\":\"https:\/\/ambipar.com\/latam\/\",\"sameAs\":[],\"logo\":{\"@type\":\"ImageObject\",\"@id\":\"https:\/\/ambipar.com\/latam\/#logo\",\"inLanguage\":\"es-CL\",\"url\":\"https:\/\/ambipar.com\/latam\/wp-content\/uploads\/2020\/10\/ambipar_color.png\",\"contentUrl\":\"https:\/\/ambipar.com\/latam\/wp-content\/uploads\/2020\/10\/ambipar_color.png\",\"width\":174,\"height\":107,\"caption\":\"Ambipar\"},\"image\":{\"@id\":\"https:\/\/ambipar.com\/latam\/#logo\"}},{\"@type\":\"WebSite\",\"@id\":\"https:\/\/ambipar.com\/latam\/#website\",\"url\":\"https:\/\/ambipar.com\/latam\/\",\"name\":\"Ambipar. A l\\u00edder em gest\\u00e3o ambiental.\",\"description\":\"Pioneira em solu\\u00e7\\u00f5es ambientais, a Ambipar atua em todo o territ\\u00f3rio nacional oferecendo solu\\u00e7\\u00f5es integradas para toda a cadeia de neg\\u00f3cio.\",\"publisher\":{\"@id\":\"https:\/\/ambipar.com\/latam\/#organization\"},\"potentialAction\":[{\"@type\":\"SearchAction\",\"target\":{\"@type\":\"EntryPoint\",\"urlTemplate\":\"https:\/\/ambipar.com\/latam\/?s={search_term_string}\"},\"query-input\":\"required name=search_term_string\"}],\"inLanguage\":\"es-CL\"},{\"@type\":\"ImageObject\",\"@id\":\"https:\/\/ambipar.com\/latam\/en\/ambipar-response\/equipamentos-de-combate-a-incendios\/nozzles-and-peaks-for-fire-fighting\/#primaryimage\",\"inLanguage\":\"es-CL\",\"url\":\"https:\/\/ambipar.com\/latam\/wp-content\/uploads\/2020\/10\/brigada4.jpg\",\"contentUrl\":\"https:\/\/ambipar.com\/latam\/wp-content\/uploads\/2020\/10\/brigada4.jpg\",\"width\":984,\"height\":1004,\"caption\":\"brigada\"},{\"@type\":\"WebPage\",\"@id\":\"https:\/\/ambipar.com\/latam\/en\/ambipar-response\/equipamentos-de-combate-a-incendios\/nozzles-and-peaks-for-fire-fighting\/#webpage\",\"url\":\"https:\/\/ambipar.com\/latam\/en\/ambipar-response\/equipamentos-de-combate-a-incendios\/nozzles-and-peaks-for-fire-fighting\/\",\"name\":\"Discover Ambipar's Nozzles and Peaks for Fire Fighting\",\"isPartOf\":{\"@id\":\"https:\/\/ambipar.com\/latam\/#website\"},\"primaryImageOfPage\":{\"@id\":\"https:\/\/ambipar.com\/latam\/en\/ambipar-response\/equipamentos-de-combate-a-incendios\/nozzles-and-peaks-for-fire-fighting\/#primaryimage\"},\"datePublished\":\"2020-11-16T02:05:51+00:00\",\"dateModified\":\"2021-01-05T23:32:48+00:00\",\"description\":\"The Williams Fire & Hazard Control transportable pump is the solution for response applications requiring large volumes of water.\",\"breadcrumb\":{\"@id\":\"https:\/\/ambipar.com\/latam\/en\/ambipar-response\/equipamentos-de-combate-a-incendios\/nozzles-and-peaks-for-fire-fighting\/#breadcrumb\"},\"inLanguage\":\"es-CL\",\"potentialAction\":[{\"@type\":\"ReadAction\",\"target\":[\"https:\/\/ambipar.com\/latam\/en\/ambipar-response\/equipamentos-de-combate-a-incendios\/nozzles-and-peaks-for-fire-fighting\/\"]}]},{\"@type\":\"BreadcrumbList\",\"@id\":\"https:\/\/ambipar.com\/latam\/en\/ambipar-response\/equipamentos-de-combate-a-incendios\/nozzles-and-peaks-for-fire-fighting\/#breadcrumb\",\"itemListElement\":[{\"@type\":\"ListItem\",\"position\":1,\"name\":\"Home\",\"item\":\"https:\/\/ambipar.com\/latam\/\"},{\"@type\":\"ListItem\",\"position\":2,\"name\":\"Ambipar Response\",\"item\":\"https:\/\/ambipar.com\/latam\/pt\/ambipar-response\/\"},{\"@type\":\"ListItem\",\"position\":3,\"name\":\"Equipamentos de Combate a Inc\\u00eandios\",\"item\":\"https:\/\/ambipar.com\/latam\/pt\/ambipar-response\/equipamentos-de-combate-a-incendios\/\"},{\"@type\":\"ListItem\",\"position\":4,\"name\":\"Nozzles and Peaks for Fire Fighting\"}]}]}<\/script>\n<!-- \/ Yoast SEO plugin. -->","yoast_head_json":{"title":"Discover Ambipar's Nozzles and Peaks for Fire Fighting","description":"The Williams Fire & Hazard Control transportable pump is the solution for response applications requiring large volumes of water.","robots":{"index":"index","follow":"follow","max-snippet":"max-snippet:-1","max-image-preview":"max-image-preview:large","max-video-preview":"max-video-preview:-1"},"canonical":"https:\/\/ambipar.com\/latam\/en\/ambipar-response\/equipamentos-de-combate-a-incendios\/nozzles-and-peaks-for-fire-fighting\/","og_locale":"es_ES","og_type":"article","og_title":"Discover Ambipar's Nozzles and Peaks for Fire Fighting","og_description":"The Williams Fire & Hazard Control transportable pump is the solution for response applications requiring large volumes of water.","og_url":"https:\/\/ambipar.com\/latam\/en\/ambipar-response\/equipamentos-de-combate-a-incendios\/nozzles-and-peaks-for-fire-fighting\/","og_site_name":"Ambipar. A l\u00edder em gest\u00e3o ambiental.","article_modified_time":"2021-01-05T23:32:48+00:00","og_image":[{"width":984,"height":1004,"url":"https:\/\/ambipar.com\/latam\/wp-content\/uploads\/2020\/10\/brigada4.jpg","type":"image\/jpeg"}],"twitter_card":"summary_large_image","twitter_misc":{"Est. reading time":"1 minuto"},"schema":{"@context":"https:\/\/schema.org","@graph":[{"@type":"Organization","@id":"https:\/\/ambipar.com\/latam\/#organization","name":"Ambipar","url":"https:\/\/ambipar.com\/latam\/","sameAs":[],"logo":{"@type":"ImageObject","@id":"https:\/\/ambipar.com\/latam\/#logo","inLanguage":"es-CL","url":"https:\/\/ambipar.com\/latam\/wp-content\/uploads\/2020\/10\/ambipar_color.png","contentUrl":"https:\/\/ambipar.com\/latam\/wp-content\/uploads\/2020\/10\/ambipar_color.png","width":174,"height":107,"caption":"Ambipar"},"image":{"@id":"https:\/\/ambipar.com\/latam\/#logo"}},{"@type":"WebSite","@id":"https:\/\/ambipar.com\/latam\/#website","url":"https:\/\/ambipar.com\/latam\/","name":"Ambipar. A l\u00edder em gest\u00e3o ambiental.","description":"Pioneira em solu\u00e7\u00f5es ambientais, a Ambipar atua em todo o territ\u00f3rio nacional oferecendo solu\u00e7\u00f5es integradas para toda a cadeia de neg\u00f3cio.","publisher":{"@id":"https:\/\/ambipar.com\/latam\/#organization"},"potentialAction":[{"@type":"SearchAction","target":{"@type":"EntryPoint","urlTemplate":"https:\/\/ambipar.com\/latam\/?s={search_term_string}"},"query-input":"required name=search_term_string"}],"inLanguage":"es-CL"},{"@type":"ImageObject","@id":"https:\/\/ambipar.com\/latam\/en\/ambipar-response\/equipamentos-de-combate-a-incendios\/nozzles-and-peaks-for-fire-fighting\/#primaryimage","inLanguage":"es-CL","url":"https:\/\/ambipar.com\/latam\/wp-content\/uploads\/2020\/10\/brigada4.jpg","contentUrl":"https:\/\/ambipar.com\/latam\/wp-content\/uploads\/2020\/10\/brigada4.jpg","width":984,"height":1004,"caption":"brigada"},{"@type":"WebPage","@id":"https:\/\/ambipar.com\/latam\/en\/ambipar-response\/equipamentos-de-combate-a-incendios\/nozzles-and-peaks-for-fire-fighting\/#webpage","url":"https:\/\/ambipar.com\/latam\/en\/ambipar-response\/equipamentos-de-combate-a-incendios\/nozzles-and-peaks-for-fire-fighting\/","name":"Discover Ambipar's Nozzles and Peaks for Fire Fighting","isPartOf":{"@id":"https:\/\/ambipar.com\/latam\/#website"},"primaryImageOfPage":{"@id":"https:\/\/ambipar.com\/latam\/en\/ambipar-response\/equipamentos-de-combate-a-incendios\/nozzles-and-peaks-for-fire-fighting\/#primaryimage"},"datePublished":"2020-11-16T02:05:51+00:00","dateModified":"2021-01-05T23:32:48+00:00","description":"The Williams Fire & Hazard Control transportable pump is the solution for response applications requiring large volumes of water.","breadcrumb":{"@id":"https:\/\/ambipar.com\/latam\/en\/ambipar-response\/equipamentos-de-combate-a-incendios\/nozzles-and-peaks-for-fire-fighting\/#breadcrumb"},"inLanguage":"es-CL","potentialAction":[{"@type":"ReadAction","target":["https:\/\/ambipar.com\/latam\/en\/ambipar-response\/equipamentos-de-combate-a-incendios\/nozzles-and-peaks-for-fire-fighting\/"]}]},{"@type":"BreadcrumbList","@id":"https:\/\/ambipar.com\/latam\/en\/ambipar-response\/equipamentos-de-combate-a-incendios\/nozzles-and-peaks-for-fire-fighting\/#breadcrumb","itemListElement":[{"@type":"ListItem","position":1,"name":"Home","item":"https:\/\/ambipar.com\/latam\/"},{"@type":"ListItem","position":2,"name":"Ambipar Response","item":"https:\/\/ambipar.com\/latam\/pt\/ambipar-response\/"},{"@type":"ListItem","position":3,"name":"Equipamentos de Combate a Inc\u00eandios","item":"https:\/\/ambipar.com\/latam\/pt\/ambipar-response\/equipamentos-de-combate-a-incendios\/"},{"@type":"ListItem","position":4,"name":"Nozzles and Peaks for Fire Fighting"}]}]}},"_links":{"self":[{"href":"https:\/\/ambipar.com\/latam\/wp-json\/wp\/v2\/pages\/1935"}],"collection":[{"href":"https:\/\/ambipar.com\/latam\/wp-json\/wp\/v2\/pages"}],"about":[{"href":"https:\/\/ambipar.com\/latam\/wp-json\/wp\/v2\/types\/page"}],"author":[{"embeddable":true,"href":"https:\/\/ambipar.com\/latam\/wp-json\/wp\/v2\/users\/1"}],"replies":[{"embeddable":true,"href":"https:\/\/ambipar.com\/latam\/wp-json\/wp\/v2\/comments?post=1935"}],"version-history":[{"count":3,"href":"https:\/\/ambipar.com\/latam\/wp-json\/wp\/v2\/pages\/1935\/revisions"}],"predecessor-version":[{"id":2509,"href":"https:\/\/ambipar.com\/latam\/wp-json\/wp\/v2\/pages\/1935\/revisions\/2509"}],"up":[{"embeddable":true,"href":"https:\/\/ambipar.com\/latam\/wp-json\/wp\/v2\/pages\/1252"}],"wp:featuredmedia":[{"embeddable":true,"href":"https:\/\/ambipar.com\/latam\/wp-json\/wp\/v2\/media\/656"}],"wp:attachment":[{"href":"https:\/\/ambipar.com\/latam\/wp-json\/wp\/v2\/media?parent=1935"}],"curies":[{"name":"wp","href":"https:\/\/api.w.org\/{rel}","templated":true}]}}