{"id":1938,"date":"2020-11-15T23:07:44","date_gmt":"2020-11-16T02:07:44","guid":{"rendered":"https:\/\/ambipar.com\/latam\/?page_id=1938"},"modified":"2021-10-14T13:59:22","modified_gmt":"2021-10-14T16:59:22","slug":"mangueras-y-boquillas-para-combate-a-incendio","status":"publish","type":"page","link":"https:\/\/ambipar.com\/latam\/ambipar-response-3\/equipos-de-combate-a-incendios\/mangueras-y-boquillas-para-combate-a-incendio\/","title":{"rendered":"Mangueras y Boquillas para combate a incendio"},"content":{"rendered":"\n<p>El Williams Fire &amp; Hazard Control es la mejor soluci\u00f3n para aplicaciones de respuesta que requieren grandes vol\u00famenes de agua. Proporciona un suministro adecuado para la gesti\u00f3n de los recursos h\u00eddricos en caso de incendio y es la columna vertebral de cualquier esfuerzo de respuesta exitoso.<\/p>\n\n\n\n<p>Sistemas de agua a presi\u00f3n positiva desde una instalaci\u00f3n para transmitir agua desde largas distancias al \u00e1rea necesitada sin p\u00e9rdida de presi\u00f3n, la serie DependaPower \u2122 de Williams representa un alto rendimiento de tres configuraciones de bombas primarias que est\u00e1n dise\u00f1adas para funcionar incansablemente ya que se entregan para sostener los grandes vol\u00famenes y las altas presiones necesarias cuando se enfrentan los mayores escenarios de incendios industriales.<\/p>\n\n\n\n<p>DependaPower \u2122 es un equipo de trabajo grande que se ha demostrado que se utiliza en grandes necesidades de uso de agua en grandes vol\u00famenes.<\/p>\n\n\n\n<p>Vea tambi\u00e9n:<\/p>\n\n\n\n<ul><li><a href=\"https:\/\/ambipar.com\/latam\/ambipar-response-3\/equipos-de-combate-a-incendios\/equipos-de-alto-flujo\/\">Equipos de Alto Flujo<\/a><\/li><li><a href=\"https:\/\/ambipar.com\/latam\/ambipar-response-3\/equipos-de-combate-a-incendios\/espumas-lge-2\/\">Espumas (LGE)<\/a><\/li><li><a href=\"https:\/\/ambipar.com\/latam\/ambipar-response-3\/equipos-de-combate-a-incendios\/quimicos-pkw-2\/\">Qu\u00edmicos (PKW)<\/a><\/li><\/ul>\n","protected":false},"excerpt":{"rendered":"El Williams Fire &amp; Hazard Control es la mejor soluci\u00f3n para aplicaciones de respuesta que requieren grandes vol\u00famenes de agua. Proporciona un suministro adecuado para la gesti\u00f3n de los recursos h\u00eddricos en caso de incendio y es la columna vertebral de cualquier esfuerzo de respuesta exitoso. Sistemas de agua a presi\u00f3n positiva desde una instalaci\u00f3n&#8230; <a class=\"view-article\" href=\"https:\/\/ambipar.com\/latam\/ambipar-response-3\/equipos-de-combate-a-incendios\/mangueras-y-boquillas-para-combate-a-incendio\/\">Ver art\u00edculo<\/a>","protected":false},"author":1,"featured_media":656,"parent":1884,"menu_order":0,"comment_status":"closed","ping_status":"closed","template":"single-servicos.php","meta":[],"yoast_head":"<!-- This site is optimized with the Yoast SEO plugin v17.6 - https:\/\/yoast.com\/wordpress\/plugins\/seo\/ -->\n<title>Descubra las Mangueras y Boquillas para combate a incendio de Ambipar<\/title>\n<meta name=\"description\" content=\"La bomba transportable Williams Fire &amp; Hazard Control es la soluci\u00f3n para aplicaciones de respuesta que requieren grandes vol\u00famenes de agua.\" \/>\n<meta name=\"robots\" content=\"index, follow, max-snippet:-1, max-image-preview:large, max-video-preview:-1\" \/>\n<link rel=\"canonical\" href=\"https:\/\/ambipar.com\/latam\/ambipar-response-3\/equipos-de-combate-a-incendios\/mangueras-y-boquillas-para-combate-a-incendio\/\" \/>\n<meta property=\"og:locale\" content=\"es_ES\" \/>\n<meta property=\"og:type\" content=\"article\" \/>\n<meta property=\"og:title\" content=\"Descubra las Mangueras y Boquillas para combate a incendio de Ambipar\" \/>\n<meta property=\"og:description\" content=\"La bomba transportable Williams Fire &amp; Hazard Control es la soluci\u00f3n para aplicaciones de respuesta que requieren grandes vol\u00famenes de agua.\" \/>\n<meta property=\"og:url\" content=\"https:\/\/ambipar.com\/latam\/ambipar-response-3\/equipos-de-combate-a-incendios\/mangueras-y-boquillas-para-combate-a-incendio\/\" \/>\n<meta property=\"og:site_name\" content=\"Ambipar. A l\u00edder em gest\u00e3o ambiental.\" \/>\n<meta property=\"article:modified_time\" content=\"2021-10-14T16:59:22+00:00\" \/>\n<meta property=\"og:image\" content=\"https:\/\/ambipar.com\/latam\/wp-content\/uploads\/2020\/10\/brigada4.jpg\" \/>\n\t<meta property=\"og:image:width\" content=\"984\" \/>\n\t<meta property=\"og:image:height\" content=\"1004\" \/>\n<meta name=\"twitter:card\" content=\"summary_large_image\" \/>\n<meta name=\"twitter:label1\" content=\"Est. reading time\" \/>\n\t<meta name=\"twitter:data1\" content=\"1 minuto\" \/>\n<script type=\"application\/ld+json\" class=\"yoast-schema-graph\">{\"@context\":\"https:\/\/schema.org\",\"@graph\":[{\"@type\":\"Organization\",\"@id\":\"https:\/\/ambipar.com\/latam\/#organization\",\"name\":\"Ambipar\",\"url\":\"https:\/\/ambipar.com\/latam\/\",\"sameAs\":[],\"logo\":{\"@type\":\"ImageObject\",\"@id\":\"https:\/\/ambipar.com\/latam\/#logo\",\"inLanguage\":\"es-CL\",\"url\":\"https:\/\/ambipar.com\/latam\/wp-content\/uploads\/2020\/10\/ambipar_color.png\",\"contentUrl\":\"https:\/\/ambipar.com\/latam\/wp-content\/uploads\/2020\/10\/ambipar_color.png\",\"width\":174,\"height\":107,\"caption\":\"Ambipar\"},\"image\":{\"@id\":\"https:\/\/ambipar.com\/latam\/#logo\"}},{\"@type\":\"WebSite\",\"@id\":\"https:\/\/ambipar.com\/latam\/#website\",\"url\":\"https:\/\/ambipar.com\/latam\/\",\"name\":\"Ambipar. A l\\u00edder em gest\\u00e3o ambiental.\",\"description\":\"Pioneira em solu\\u00e7\\u00f5es ambientais, a Ambipar atua em todo o territ\\u00f3rio nacional oferecendo solu\\u00e7\\u00f5es integradas para toda a cadeia de neg\\u00f3cio.\",\"publisher\":{\"@id\":\"https:\/\/ambipar.com\/latam\/#organization\"},\"potentialAction\":[{\"@type\":\"SearchAction\",\"target\":{\"@type\":\"EntryPoint\",\"urlTemplate\":\"https:\/\/ambipar.com\/latam\/?s={search_term_string}\"},\"query-input\":\"required name=search_term_string\"}],\"inLanguage\":\"es-CL\"},{\"@type\":\"ImageObject\",\"@id\":\"https:\/\/ambipar.com\/latam\/ambipar-response-3\/equipos-de-combate-a-incendios\/mangueras-y-boquillas-para-combate-a-incendio\/#primaryimage\",\"inLanguage\":\"es-CL\",\"url\":\"https:\/\/ambipar.com\/latam\/wp-content\/uploads\/2020\/10\/brigada4.jpg\",\"contentUrl\":\"https:\/\/ambipar.com\/latam\/wp-content\/uploads\/2020\/10\/brigada4.jpg\",\"width\":984,\"height\":1004,\"caption\":\"brigada\"},{\"@type\":\"WebPage\",\"@id\":\"https:\/\/ambipar.com\/latam\/ambipar-response-3\/equipos-de-combate-a-incendios\/mangueras-y-boquillas-para-combate-a-incendio\/#webpage\",\"url\":\"https:\/\/ambipar.com\/latam\/ambipar-response-3\/equipos-de-combate-a-incendios\/mangueras-y-boquillas-para-combate-a-incendio\/\",\"name\":\"Descubra las Mangueras y Boquillas para combate a incendio de Ambipar\",\"isPartOf\":{\"@id\":\"https:\/\/ambipar.com\/latam\/#website\"},\"primaryImageOfPage\":{\"@id\":\"https:\/\/ambipar.com\/latam\/ambipar-response-3\/equipos-de-combate-a-incendios\/mangueras-y-boquillas-para-combate-a-incendio\/#primaryimage\"},\"datePublished\":\"2020-11-16T02:07:44+00:00\",\"dateModified\":\"2021-10-14T16:59:22+00:00\",\"description\":\"La bomba transportable Williams Fire & Hazard Control es la soluci\\u00f3n para aplicaciones de respuesta que requieren grandes vol\\u00famenes de agua.\",\"breadcrumb\":{\"@id\":\"https:\/\/ambipar.com\/latam\/ambipar-response-3\/equipos-de-combate-a-incendios\/mangueras-y-boquillas-para-combate-a-incendio\/#breadcrumb\"},\"inLanguage\":\"es-CL\",\"potentialAction\":[{\"@type\":\"ReadAction\",\"target\":[\"https:\/\/ambipar.com\/latam\/ambipar-response-3\/equipos-de-combate-a-incendios\/mangueras-y-boquillas-para-combate-a-incendio\/\"]}]},{\"@type\":\"BreadcrumbList\",\"@id\":\"https:\/\/ambipar.com\/latam\/ambipar-response-3\/equipos-de-combate-a-incendios\/mangueras-y-boquillas-para-combate-a-incendio\/#breadcrumb\",\"itemListElement\":[{\"@type\":\"ListItem\",\"position\":1,\"name\":\"Home\",\"item\":\"https:\/\/ambipar.com\/latam\/\"},{\"@type\":\"ListItem\",\"position\":2,\"name\":\"Ambipar Response\",\"item\":\"https:\/\/ambipar.com\/latam\/ambipar-response-3\/\"},{\"@type\":\"ListItem\",\"position\":3,\"name\":\"Equipos de Combate a Incendios\",\"item\":\"https:\/\/ambipar.com\/latam\/ambipar-response-3\/equipos-de-combate-a-incendios\/\"},{\"@type\":\"ListItem\",\"position\":4,\"name\":\"Mangueras y Boquillas para combate a incendio\"}]}]}<\/script>\n<!-- \/ Yoast SEO plugin. -->","yoast_head_json":{"title":"Descubra las Mangueras y Boquillas para combate a incendio de Ambipar","description":"La bomba transportable Williams Fire & Hazard Control es la soluci\u00f3n para aplicaciones de respuesta que requieren grandes vol\u00famenes de agua.","robots":{"index":"index","follow":"follow","max-snippet":"max-snippet:-1","max-image-preview":"max-image-preview:large","max-video-preview":"max-video-preview:-1"},"canonical":"https:\/\/ambipar.com\/latam\/ambipar-response-3\/equipos-de-combate-a-incendios\/mangueras-y-boquillas-para-combate-a-incendio\/","og_locale":"es_ES","og_type":"article","og_title":"Descubra las Mangueras y Boquillas para combate a incendio de Ambipar","og_description":"La bomba transportable Williams Fire & Hazard Control es la soluci\u00f3n para aplicaciones de respuesta que requieren grandes vol\u00famenes de agua.","og_url":"https:\/\/ambipar.com\/latam\/ambipar-response-3\/equipos-de-combate-a-incendios\/mangueras-y-boquillas-para-combate-a-incendio\/","og_site_name":"Ambipar. A l\u00edder em gest\u00e3o ambiental.","article_modified_time":"2021-10-14T16:59:22+00:00","og_image":[{"width":984,"height":1004,"url":"https:\/\/ambipar.com\/latam\/wp-content\/uploads\/2020\/10\/brigada4.jpg","type":"image\/jpeg"}],"twitter_card":"summary_large_image","twitter_misc":{"Est. reading time":"1 minuto"},"schema":{"@context":"https:\/\/schema.org","@graph":[{"@type":"Organization","@id":"https:\/\/ambipar.com\/latam\/#organization","name":"Ambipar","url":"https:\/\/ambipar.com\/latam\/","sameAs":[],"logo":{"@type":"ImageObject","@id":"https:\/\/ambipar.com\/latam\/#logo","inLanguage":"es-CL","url":"https:\/\/ambipar.com\/latam\/wp-content\/uploads\/2020\/10\/ambipar_color.png","contentUrl":"https:\/\/ambipar.com\/latam\/wp-content\/uploads\/2020\/10\/ambipar_color.png","width":174,"height":107,"caption":"Ambipar"},"image":{"@id":"https:\/\/ambipar.com\/latam\/#logo"}},{"@type":"WebSite","@id":"https:\/\/ambipar.com\/latam\/#website","url":"https:\/\/ambipar.com\/latam\/","name":"Ambipar. A l\u00edder em gest\u00e3o ambiental.","description":"Pioneira em solu\u00e7\u00f5es ambientais, a Ambipar atua em todo o territ\u00f3rio nacional oferecendo solu\u00e7\u00f5es integradas para toda a cadeia de neg\u00f3cio.","publisher":{"@id":"https:\/\/ambipar.com\/latam\/#organization"},"potentialAction":[{"@type":"SearchAction","target":{"@type":"EntryPoint","urlTemplate":"https:\/\/ambipar.com\/latam\/?s={search_term_string}"},"query-input":"required name=search_term_string"}],"inLanguage":"es-CL"},{"@type":"ImageObject","@id":"https:\/\/ambipar.com\/latam\/ambipar-response-3\/equipos-de-combate-a-incendios\/mangueras-y-boquillas-para-combate-a-incendio\/#primaryimage","inLanguage":"es-CL","url":"https:\/\/ambipar.com\/latam\/wp-content\/uploads\/2020\/10\/brigada4.jpg","contentUrl":"https:\/\/ambipar.com\/latam\/wp-content\/uploads\/2020\/10\/brigada4.jpg","width":984,"height":1004,"caption":"brigada"},{"@type":"WebPage","@id":"https:\/\/ambipar.com\/latam\/ambipar-response-3\/equipos-de-combate-a-incendios\/mangueras-y-boquillas-para-combate-a-incendio\/#webpage","url":"https:\/\/ambipar.com\/latam\/ambipar-response-3\/equipos-de-combate-a-incendios\/mangueras-y-boquillas-para-combate-a-incendio\/","name":"Descubra las Mangueras y Boquillas para combate a incendio de Ambipar","isPartOf":{"@id":"https:\/\/ambipar.com\/latam\/#website"},"primaryImageOfPage":{"@id":"https:\/\/ambipar.com\/latam\/ambipar-response-3\/equipos-de-combate-a-incendios\/mangueras-y-boquillas-para-combate-a-incendio\/#primaryimage"},"datePublished":"2020-11-16T02:07:44+00:00","dateModified":"2021-10-14T16:59:22+00:00","description":"La bomba transportable Williams Fire & Hazard Control es la soluci\u00f3n para aplicaciones de respuesta que requieren grandes vol\u00famenes de agua.","breadcrumb":{"@id":"https:\/\/ambipar.com\/latam\/ambipar-response-3\/equipos-de-combate-a-incendios\/mangueras-y-boquillas-para-combate-a-incendio\/#breadcrumb"},"inLanguage":"es-CL","potentialAction":[{"@type":"ReadAction","target":["https:\/\/ambipar.com\/latam\/ambipar-response-3\/equipos-de-combate-a-incendios\/mangueras-y-boquillas-para-combate-a-incendio\/"]}]},{"@type":"BreadcrumbList","@id":"https:\/\/ambipar.com\/latam\/ambipar-response-3\/equipos-de-combate-a-incendios\/mangueras-y-boquillas-para-combate-a-incendio\/#breadcrumb","itemListElement":[{"@type":"ListItem","position":1,"name":"Home","item":"https:\/\/ambipar.com\/latam\/"},{"@type":"ListItem","position":2,"name":"Ambipar Response","item":"https:\/\/ambipar.com\/latam\/ambipar-response-3\/"},{"@type":"ListItem","position":3,"name":"Equipos de Combate a Incendios","item":"https:\/\/ambipar.com\/latam\/ambipar-response-3\/equipos-de-combate-a-incendios\/"},{"@type":"ListItem","position":4,"name":"Mangueras y Boquillas para combate a incendio"}]}]}},"_links":{"self":[{"href":"https:\/\/ambipar.com\/latam\/wp-json\/wp\/v2\/pages\/1938"}],"collection":[{"href":"https:\/\/ambipar.com\/latam\/wp-json\/wp\/v2\/pages"}],"about":[{"href":"https:\/\/ambipar.com\/latam\/wp-json\/wp\/v2\/types\/page"}],"author":[{"embeddable":true,"href":"https:\/\/ambipar.com\/latam\/wp-json\/wp\/v2\/users\/1"}],"replies":[{"embeddable":true,"href":"https:\/\/ambipar.com\/latam\/wp-json\/wp\/v2\/comments?post=1938"}],"version-history":[{"count":4,"href":"https:\/\/ambipar.com\/latam\/wp-json\/wp\/v2\/pages\/1938\/revisions"}],"predecessor-version":[{"id":4303,"href":"https:\/\/ambipar.com\/latam\/wp-json\/wp\/v2\/pages\/1938\/revisions\/4303"}],"up":[{"embeddable":true,"href":"https:\/\/ambipar.com\/latam\/wp-json\/wp\/v2\/pages\/1884"}],"wp:featuredmedia":[{"embeddable":true,"href":"https:\/\/ambipar.com\/latam\/wp-json\/wp\/v2\/media\/656"}],"wp:attachment":[{"href":"https:\/\/ambipar.com\/latam\/wp-json\/wp\/v2\/media?parent=1938"}],"curies":[{"name":"wp","href":"https:\/\/api.w.org\/{rel}","templated":true}]}}