{"id":1951,"date":"2020-11-15T23:22:58","date_gmt":"2020-11-16T02:22:58","guid":{"rendered":"https:\/\/ambipar.com\/latam\/?page_id=1951"},"modified":"2022-10-07T07:42:31","modified_gmt":"2022-10-07T10:42:31","slug":"atencion-de-emergencia","status":"publish","type":"page","link":"https:\/\/ambipar.com\/latam\/ambipar-response-3\/repuesta-a-emergencias\/atencion-de-emergencia\/","title":{"rendered":"Atenci\u00f3n de Emergencia"},"content":{"rendered":"\n<p><strong>BASES PROPIAS<\/strong><\/p>\n\n\n\n<p>Ambipar cuenta con m\u00e1s de 400 bases propias de respuesta a emergencias equipadas con veh\u00edculos de alta tecnolog\u00eda a bordo. Los veh\u00edculos operativos cuentan con una especificaci\u00f3n de equipos y materiales, garantizando autonom\u00eda energ\u00e9tica y disponibilidad de sistemas de trasvase de fluidos para los m\u00e1s variados tipos de productos qu\u00edmicos, tales como gases y l\u00edquidos inflamables, gases t\u00f3xicos, l\u00edquidos corrosivos, l\u00edquidos viscosos, entre otros. Los suministros de aire y energ\u00eda est\u00e1n garantizados por generadores y compresores enviados en los propios veh\u00edculos.<\/p>\n\n\n\n<p><strong>EMERGENCIAS ATENDIDAS &#8211; RECURSOS Y OPERACIONES ESPECIALES<\/strong><\/p>\n\n\n\n<p>Ambipar tiene una amplia experiencia en la respuesta a emergencias en varios modos: mar\u00edtimo, fluvial, vial, ferroviario, oleoducto, aeroportuario e industrial, as\u00ed como bases y mano de obra especializadas y dedicadas. Operamos con recursos propios distribuidos estrat\u00e9gicamente a diferentes segmentos.<\/p>\n\n\n\n<p><strong>T\u00c9CNICOS Y OPERADORES<\/strong><\/p>\n\n\n\n<p>Nuestro Equipo de Atenci\u00f3n de Emergencias (EPAE) responde a trav\u00e9s del deber permanente y est\u00e1 conformado por un personal t\u00e9cnico capacitado a trav\u00e9s de las normas NFPA 472 y NBR 14,064, estando preparados para una pronta respuesta al cronograma, as\u00ed como, para enfrentar diferentes escenarios, que pueden comprometer la salud, la seguridad de la comunidad y la preservaci\u00f3n del medio ambiente.<\/p>\n\n\n\n<p>Los equipos est\u00e1n preparados para atender los m\u00e1s diversos escenarios de emergencia y de acuerdo con el an\u00e1lisis, se pueden desplegar otros recursos humanos especializados para asistencia.<\/p>\n\n\n\n<p>Todas las operaciones se desarrollar\u00e1n siguiendo los lineamientos de los est\u00e1ndares nacionales e internacionales de atenci\u00f3n de emergencia y seguridad.<\/p>\n\n\n\n<p><strong>PA\u00cdSES CON BASES<\/strong><\/p>\n\n\n\n<p>Brasil, Sud\u00e1frica, Alemania, Angola, Ant\u00e1rtida, Argentina, Australia, Bangladesh, Canad\u00e1, Chile, China, Colombia, Corea del Sur, Emiratos \u00c1rabes Unidos, Escocia, Espa\u00f1a, Estados Unidos, Filipinas, Francia, Ghana, Grecia, India, Inglaterra , Irlanda, Irlanda del Norte, Italia, Jap\u00f3n, M\u00f3naco, Noruega, Nueva Zelanda, Gales, Pa\u00edses Bajos, Paraguay, Per\u00fa, Singapur, Tailandia, Trinidad y Tobago, Turqu\u00eda y Uruguay.<\/p>\n\n\n\n<p>Vea tambi\u00e9n:<\/p>\n\n\n\n<ul><li><a href=\"https:\/\/ambipar.com\/latam\/ambipar-response-3\/repuesta-a-emergencias\/central-de-control-y-gestion-de-emergencias-cecoe\/\">Central de Control y Gesti\u00f3n de Emergencias (CECOE)<\/a><\/li><li><a href=\"https:\/\/ambipar.com\/latam\/ambipar-response-3\/repuesta-a-emergencias\/sistema-de-comando-de-incidentes-sci-sala-de-crisis\/\">Sistema de Comando de Incidentes (SCI)<\/a><\/li><li><a href=\"https:\/\/ambipar.com\/latam\/ambipar-response-3\/repuesta-a-emergencias\/emergencias-maritimas-y-fluviales\/\">Emergencias Mar\u00edtimas y Fluviales<\/a><\/li><li><a href=\"https:\/\/ambipar.com\/latam\/ambipar-response-3\/repuesta-a-emergencias\/emergencias-en-carreteras\/\">Emergencias en Carreteras<\/a><\/li><li><a href=\"https:\/\/ambipar.com\/latam\/ambipar-response-3\/repuesta-a-emergencias\/emergencias-en-ferrocarriles\/\">Emergencias en Ferrocarriles<\/a><\/li><li><a href=\"https:\/\/ambipar.com\/latam\/ambipar-response-3\/repuesta-a-emergencias\/emergencias-en-ductos\/\">Emergencias en Ductos<\/a><\/li><li><a href=\"https:\/\/ambipar.com\/latam\/ambipar-response-3\/repuesta-a-emergencias\/emergencias-en-aeropuertos\/\">Emergencias en Aeropuertos<\/a><\/li><li><a href=\"https:\/\/ambipar.com\/latam\/ambipar-response-3\/repuesta-a-emergencias\/emergencias-industriales\/\">Emergencias Industriales<\/a><\/li><li><a href=\"https:\/\/ambipar.com\/latam\/ambipar-response-3\/repuesta-a-emergencias\/emergencias-mineria\/\">Emergencias Miner\u00eda<\/a><\/li><li><a href=\"https:\/\/ambipar.com\/latam\/ambipar-response-3\/repuesta-a-emergencias\/emergencias-forestales\/\">Emergencias Forestales<\/a><\/li><\/ul>\n","protected":false},"excerpt":{"rendered":"BASES PROPIAS Ambipar cuenta con m\u00e1s de 400 bases propias de respuesta a emergencias equipadas con veh\u00edculos de alta tecnolog\u00eda a bordo. Los veh\u00edculos operativos cuentan con una especificaci\u00f3n de equipos y materiales, garantizando autonom\u00eda energ\u00e9tica y disponibilidad de sistemas de trasvase de fluidos para los m\u00e1s variados tipos de productos qu\u00edmicos, tales como gases&#8230; <a class=\"view-article\" href=\"https:\/\/ambipar.com\/latam\/ambipar-response-3\/repuesta-a-emergencias\/atencion-de-emergencia\/\">Ver art\u00edculo<\/a>","protected":false},"author":1,"featured_media":1148,"parent":1944,"menu_order":0,"comment_status":"closed","ping_status":"closed","template":"single-servicos.php","meta":[],"yoast_head":"<!-- This site is optimized with the Yoast SEO plugin v17.6 - https:\/\/yoast.com\/wordpress\/plugins\/seo\/ -->\n<title>Descubra el Servicio de Atenci\u00f3n de Emergencia que ofrece Ambipar<\/title>\n<meta name=\"description\" content=\"Ambipar cuenta con m\u00e1s de 150 bases propias de respuesta a emergencias equipadas con veh\u00edculos con alta tecnolog\u00eda a bordo\" \/>\n<meta name=\"robots\" content=\"index, follow, max-snippet:-1, max-image-preview:large, max-video-preview:-1\" \/>\n<link rel=\"canonical\" href=\"https:\/\/ambipar.com\/latam\/ambipar-response-3\/repuesta-a-emergencias\/atencion-de-emergencia\/\" \/>\n<meta property=\"og:locale\" content=\"es_ES\" \/>\n<meta property=\"og:type\" content=\"article\" \/>\n<meta property=\"og:title\" content=\"Descubra el Servicio de Atenci\u00f3n de Emergencia que ofrece Ambipar\" \/>\n<meta property=\"og:description\" content=\"Ambipar cuenta con m\u00e1s de 150 bases propias de respuesta a emergencias equipadas con veh\u00edculos con alta tecnolog\u00eda a bordo\" \/>\n<meta property=\"og:url\" content=\"https:\/\/ambipar.com\/latam\/ambipar-response-3\/repuesta-a-emergencias\/atencion-de-emergencia\/\" \/>\n<meta property=\"og:site_name\" content=\"Ambipar. A l\u00edder em gest\u00e3o ambiental.\" \/>\n<meta property=\"article:modified_time\" content=\"2022-10-07T10:42:31+00:00\" \/>\n<meta property=\"og:image\" content=\"https:\/\/ambipar.com\/latam\/wp-content\/uploads\/2020\/10\/emergencia.jpg\" \/>\n\t<meta property=\"og:image:width\" content=\"1000\" \/>\n\t<meta property=\"og:image:height\" content=\"1000\" \/>\n<meta name=\"twitter:card\" content=\"summary_large_image\" \/>\n<meta name=\"twitter:label1\" content=\"Est. reading time\" \/>\n\t<meta name=\"twitter:data1\" content=\"2 minutos\" \/>\n<script type=\"application\/ld+json\" class=\"yoast-schema-graph\">{\"@context\":\"https:\/\/schema.org\",\"@graph\":[{\"@type\":\"Organization\",\"@id\":\"https:\/\/ambipar.com\/latam\/#organization\",\"name\":\"Ambipar\",\"url\":\"https:\/\/ambipar.com\/latam\/\",\"sameAs\":[],\"logo\":{\"@type\":\"ImageObject\",\"@id\":\"https:\/\/ambipar.com\/latam\/#logo\",\"inLanguage\":\"es-CL\",\"url\":\"https:\/\/ambipar.com\/latam\/wp-content\/uploads\/2020\/10\/ambipar_color.png\",\"contentUrl\":\"https:\/\/ambipar.com\/latam\/wp-content\/uploads\/2020\/10\/ambipar_color.png\",\"width\":174,\"height\":107,\"caption\":\"Ambipar\"},\"image\":{\"@id\":\"https:\/\/ambipar.com\/latam\/#logo\"}},{\"@type\":\"WebSite\",\"@id\":\"https:\/\/ambipar.com\/latam\/#website\",\"url\":\"https:\/\/ambipar.com\/latam\/\",\"name\":\"Ambipar. A l\\u00edder em gest\\u00e3o ambiental.\",\"description\":\"Pioneira em solu\\u00e7\\u00f5es ambientais, a Ambipar atua em todo o territ\\u00f3rio nacional oferecendo solu\\u00e7\\u00f5es integradas para toda a cadeia de neg\\u00f3cio.\",\"publisher\":{\"@id\":\"https:\/\/ambipar.com\/latam\/#organization\"},\"potentialAction\":[{\"@type\":\"SearchAction\",\"target\":{\"@type\":\"EntryPoint\",\"urlTemplate\":\"https:\/\/ambipar.com\/latam\/?s={search_term_string}\"},\"query-input\":\"required name=search_term_string\"}],\"inLanguage\":\"es-CL\"},{\"@type\":\"ImageObject\",\"@id\":\"https:\/\/ambipar.com\/latam\/ambipar-response-3\/repuesta-a-emergencias\/atencion-de-emergencia\/#primaryimage\",\"inLanguage\":\"es-CL\",\"url\":\"https:\/\/ambipar.com\/latam\/wp-content\/uploads\/2020\/10\/emergencia.jpg\",\"contentUrl\":\"https:\/\/ambipar.com\/latam\/wp-content\/uploads\/2020\/10\/emergencia.jpg\",\"width\":1000,\"height\":1000,\"caption\":\"emerg\\u00eancia\"},{\"@type\":\"WebPage\",\"@id\":\"https:\/\/ambipar.com\/latam\/ambipar-response-3\/repuesta-a-emergencias\/atencion-de-emergencia\/#webpage\",\"url\":\"https:\/\/ambipar.com\/latam\/ambipar-response-3\/repuesta-a-emergencias\/atencion-de-emergencia\/\",\"name\":\"Descubra el Servicio de Atenci\\u00f3n de Emergencia que ofrece Ambipar\",\"isPartOf\":{\"@id\":\"https:\/\/ambipar.com\/latam\/#website\"},\"primaryImageOfPage\":{\"@id\":\"https:\/\/ambipar.com\/latam\/ambipar-response-3\/repuesta-a-emergencias\/atencion-de-emergencia\/#primaryimage\"},\"datePublished\":\"2020-11-16T02:22:58+00:00\",\"dateModified\":\"2022-10-07T10:42:31+00:00\",\"description\":\"Ambipar cuenta con m\\u00e1s de 150 bases propias de respuesta a emergencias equipadas con veh\\u00edculos con alta tecnolog\\u00eda a bordo\",\"breadcrumb\":{\"@id\":\"https:\/\/ambipar.com\/latam\/ambipar-response-3\/repuesta-a-emergencias\/atencion-de-emergencia\/#breadcrumb\"},\"inLanguage\":\"es-CL\",\"potentialAction\":[{\"@type\":\"ReadAction\",\"target\":[\"https:\/\/ambipar.com\/latam\/ambipar-response-3\/repuesta-a-emergencias\/atencion-de-emergencia\/\"]}]},{\"@type\":\"BreadcrumbList\",\"@id\":\"https:\/\/ambipar.com\/latam\/ambipar-response-3\/repuesta-a-emergencias\/atencion-de-emergencia\/#breadcrumb\",\"itemListElement\":[{\"@type\":\"ListItem\",\"position\":1,\"name\":\"Home\",\"item\":\"https:\/\/ambipar.com\/latam\/\"},{\"@type\":\"ListItem\",\"position\":2,\"name\":\"Ambipar Response\",\"item\":\"https:\/\/ambipar.com\/latam\/ambipar-response-3\/\"},{\"@type\":\"ListItem\",\"position\":3,\"name\":\"Respuesta a Emergencias\",\"item\":\"https:\/\/ambipar.com\/latam\/ambipar-response-3\/repuesta-a-emergencias\/\"},{\"@type\":\"ListItem\",\"position\":4,\"name\":\"Atenci\\u00f3n de Emergencia\"}]}]}<\/script>\n<!-- \/ Yoast SEO plugin. -->","yoast_head_json":{"title":"Descubra el Servicio de Atenci\u00f3n de Emergencia que ofrece Ambipar","description":"Ambipar cuenta con m\u00e1s de 150 bases propias de respuesta a emergencias equipadas con veh\u00edculos con alta tecnolog\u00eda a bordo","robots":{"index":"index","follow":"follow","max-snippet":"max-snippet:-1","max-image-preview":"max-image-preview:large","max-video-preview":"max-video-preview:-1"},"canonical":"https:\/\/ambipar.com\/latam\/ambipar-response-3\/repuesta-a-emergencias\/atencion-de-emergencia\/","og_locale":"es_ES","og_type":"article","og_title":"Descubra el Servicio de Atenci\u00f3n de Emergencia que ofrece Ambipar","og_description":"Ambipar cuenta con m\u00e1s de 150 bases propias de respuesta a emergencias equipadas con veh\u00edculos con alta tecnolog\u00eda a bordo","og_url":"https:\/\/ambipar.com\/latam\/ambipar-response-3\/repuesta-a-emergencias\/atencion-de-emergencia\/","og_site_name":"Ambipar. A l\u00edder em gest\u00e3o ambiental.","article_modified_time":"2022-10-07T10:42:31+00:00","og_image":[{"width":1000,"height":1000,"url":"https:\/\/ambipar.com\/latam\/wp-content\/uploads\/2020\/10\/emergencia.jpg","type":"image\/jpeg"}],"twitter_card":"summary_large_image","twitter_misc":{"Est. reading time":"2 minutos"},"schema":{"@context":"https:\/\/schema.org","@graph":[{"@type":"Organization","@id":"https:\/\/ambipar.com\/latam\/#organization","name":"Ambipar","url":"https:\/\/ambipar.com\/latam\/","sameAs":[],"logo":{"@type":"ImageObject","@id":"https:\/\/ambipar.com\/latam\/#logo","inLanguage":"es-CL","url":"https:\/\/ambipar.com\/latam\/wp-content\/uploads\/2020\/10\/ambipar_color.png","contentUrl":"https:\/\/ambipar.com\/latam\/wp-content\/uploads\/2020\/10\/ambipar_color.png","width":174,"height":107,"caption":"Ambipar"},"image":{"@id":"https:\/\/ambipar.com\/latam\/#logo"}},{"@type":"WebSite","@id":"https:\/\/ambipar.com\/latam\/#website","url":"https:\/\/ambipar.com\/latam\/","name":"Ambipar. A l\u00edder em gest\u00e3o ambiental.","description":"Pioneira em solu\u00e7\u00f5es ambientais, a Ambipar atua em todo o territ\u00f3rio nacional oferecendo solu\u00e7\u00f5es integradas para toda a cadeia de neg\u00f3cio.","publisher":{"@id":"https:\/\/ambipar.com\/latam\/#organization"},"potentialAction":[{"@type":"SearchAction","target":{"@type":"EntryPoint","urlTemplate":"https:\/\/ambipar.com\/latam\/?s={search_term_string}"},"query-input":"required name=search_term_string"}],"inLanguage":"es-CL"},{"@type":"ImageObject","@id":"https:\/\/ambipar.com\/latam\/ambipar-response-3\/repuesta-a-emergencias\/atencion-de-emergencia\/#primaryimage","inLanguage":"es-CL","url":"https:\/\/ambipar.com\/latam\/wp-content\/uploads\/2020\/10\/emergencia.jpg","contentUrl":"https:\/\/ambipar.com\/latam\/wp-content\/uploads\/2020\/10\/emergencia.jpg","width":1000,"height":1000,"caption":"emerg\u00eancia"},{"@type":"WebPage","@id":"https:\/\/ambipar.com\/latam\/ambipar-response-3\/repuesta-a-emergencias\/atencion-de-emergencia\/#webpage","url":"https:\/\/ambipar.com\/latam\/ambipar-response-3\/repuesta-a-emergencias\/atencion-de-emergencia\/","name":"Descubra el Servicio de Atenci\u00f3n de Emergencia que ofrece Ambipar","isPartOf":{"@id":"https:\/\/ambipar.com\/latam\/#website"},"primaryImageOfPage":{"@id":"https:\/\/ambipar.com\/latam\/ambipar-response-3\/repuesta-a-emergencias\/atencion-de-emergencia\/#primaryimage"},"datePublished":"2020-11-16T02:22:58+00:00","dateModified":"2022-10-07T10:42:31+00:00","description":"Ambipar cuenta con m\u00e1s de 150 bases propias de respuesta a emergencias equipadas con veh\u00edculos con alta tecnolog\u00eda a bordo","breadcrumb":{"@id":"https:\/\/ambipar.com\/latam\/ambipar-response-3\/repuesta-a-emergencias\/atencion-de-emergencia\/#breadcrumb"},"inLanguage":"es-CL","potentialAction":[{"@type":"ReadAction","target":["https:\/\/ambipar.com\/latam\/ambipar-response-3\/repuesta-a-emergencias\/atencion-de-emergencia\/"]}]},{"@type":"BreadcrumbList","@id":"https:\/\/ambipar.com\/latam\/ambipar-response-3\/repuesta-a-emergencias\/atencion-de-emergencia\/#breadcrumb","itemListElement":[{"@type":"ListItem","position":1,"name":"Home","item":"https:\/\/ambipar.com\/latam\/"},{"@type":"ListItem","position":2,"name":"Ambipar Response","item":"https:\/\/ambipar.com\/latam\/ambipar-response-3\/"},{"@type":"ListItem","position":3,"name":"Respuesta a Emergencias","item":"https:\/\/ambipar.com\/latam\/ambipar-response-3\/repuesta-a-emergencias\/"},{"@type":"ListItem","position":4,"name":"Atenci\u00f3n de Emergencia"}]}]}},"_links":{"self":[{"href":"https:\/\/ambipar.com\/latam\/wp-json\/wp\/v2\/pages\/1951"}],"collection":[{"href":"https:\/\/ambipar.com\/latam\/wp-json\/wp\/v2\/pages"}],"about":[{"href":"https:\/\/ambipar.com\/latam\/wp-json\/wp\/v2\/types\/page"}],"author":[{"embeddable":true,"href":"https:\/\/ambipar.com\/latam\/wp-json\/wp\/v2\/users\/1"}],"replies":[{"embeddable":true,"href":"https:\/\/ambipar.com\/latam\/wp-json\/wp\/v2\/comments?post=1951"}],"version-history":[{"count":6,"href":"https:\/\/ambipar.com\/latam\/wp-json\/wp\/v2\/pages\/1951\/revisions"}],"predecessor-version":[{"id":4797,"href":"https:\/\/ambipar.com\/latam\/wp-json\/wp\/v2\/pages\/1951\/revisions\/4797"}],"up":[{"embeddable":true,"href":"https:\/\/ambipar.com\/latam\/wp-json\/wp\/v2\/pages\/1944"}],"wp:featuredmedia":[{"embeddable":true,"href":"https:\/\/ambipar.com\/latam\/wp-json\/wp\/v2\/media\/1148"}],"wp:attachment":[{"href":"https:\/\/ambipar.com\/latam\/wp-json\/wp\/v2\/media?parent=1951"}],"curies":[{"name":"wp","href":"https:\/\/api.w.org\/{rel}","templated":true}]}}