{"id":1957,"date":"2020-11-16T11:22:07","date_gmt":"2020-11-16T14:22:07","guid":{"rendered":"https:\/\/ambipar.com\/latam\/?page_id=1957"},"modified":"2024-04-09T14:07:26","modified_gmt":"2024-04-09T18:07:26","slug":"control-and-management-center-of-emergencies-cecoe","status":"publish","type":"page","link":"https:\/\/ambipar.com\/latam\/en\/ambipar-response\/response-to-emergencies\/control-and-management-center-of-emergencies-cecoe\/","title":{"rendered":"Control and Management Center of Emergencies (CECOE)"},"content":{"rendered":"\n<p>CECOE offers telephone service for customers, non-customers and support for emergency response operations in the communication between the work performed in the field by the emergency response bases and the decision makers in the structure of our customers.<\/p>\n\n\n\n<p>Central 24h operates the services performed in Brazil, the United Kingdom and Latin America, and counts on the technical support of the engineering team for mapping emergency resources and vulnerable areas using a geographic environmental database &#8211; System Geographic Information System (GIS).<\/p>\n\n\n\n<p>We offer the 0800 Central Telephone Service outsourcing service. The expertise of our emergency center is used by industry associations and large multinational companies.<\/p>\n\n\n\n<p>See too:<\/p>\n\n\n\n<ul id=\"block-73d64ca6-11bb-49fa-8ed0-b7a2e8b7df37\"><li><a href=\"https:\/\/ambipar.com\/latam\/en\/ambipar-response\/reposta-a-emergencias\/emergency-service\/\">Emergency Service<\/a><\/li><li><a href=\"https:\/\/ambipar.com\/latam\/en\/ambipar-response\/reposta-a-emergencias\/incident-command-system-sci\/\">Incident Command System (SCI)<\/a><\/li><li><a href=\"https:\/\/ambipar.com\/latam\/en\/ambipar-response\/reposta-a-emergencias\/marine-and-fluvial-emergencies\/\">Marine and Fluvial Emergencies<\/a><\/li><li><a href=\"https:\/\/ambipar.com\/latam\/en\/ambipar-response\/reposta-a-emergencias\/highway-emergencies\/\">Highway Emergencies<\/a><\/li><li><a href=\"https:\/\/ambipar.com\/latam\/en\/ambipar-response\/reposta-a-emergencias\/railway-emergencies\/\">Railway Emergencies<\/a><\/li><li><a href=\"https:\/\/ambipar.com\/latam\/en\/ambipar-response\/reposta-a-emergencias\/pipeline-emergencies\/\">Pipeline Emergencies<\/a><\/li><li><a href=\"https:\/\/ambipar.com\/latam\/en\/ambipar-response\/reposta-a-emergencias\/airport-emergencies\/\">Airport Emergencies<\/a><\/li><li><a href=\"https:\/\/ambipar.com\/latam\/en\/ambipar-response\/reposta-a-emergencias\/industrial-emergencies\/\">Industrial Emergencies<\/a><\/li><li><a href=\"https:\/\/ambipar.com\/latam\/en\/ambipar-response\/reposta-a-emergencias\/mining-emergencies\/\">Mining Emergencies<\/a><\/li><\/ul>\n","protected":false},"excerpt":{"rendered":"CECOE offers telephone service for customers, non-customers and support for emergency response operations in the communication between the work performed in the field by the emergency response bases and the decision makers in the structure of our customers. Central 24h operates the services performed in Brazil, the United Kingdom and Latin America, and counts on&#8230; <a class=\"view-article\" href=\"https:\/\/ambipar.com\/latam\/en\/ambipar-response\/response-to-emergencies\/control-and-management-center-of-emergencies-cecoe\/\">Ver art\u00edculo<\/a>","protected":false},"author":1,"featured_media":1152,"parent":1941,"menu_order":0,"comment_status":"closed","ping_status":"closed","template":"single-servicos.php","meta":[],"yoast_head":"<!-- This site is optimized with the Yoast SEO plugin v17.6 - https:\/\/yoast.com\/wordpress\/plugins\/seo\/ -->\n<title>Discover Ambipar&#039;s Control and Management Center of Emergencies<\/title>\n<meta name=\"description\" content=\"CECOE offers telephone service for customers, non-customers and support for emergency response operations\" \/>\n<meta name=\"robots\" content=\"index, follow, max-snippet:-1, max-image-preview:large, max-video-preview:-1\" \/>\n<link rel=\"canonical\" href=\"https:\/\/ambipar.com\/latam\/en\/ambipar-response\/response-to-emergencies\/control-and-management-center-of-emergencies-cecoe\/\" \/>\n<meta property=\"og:locale\" content=\"es_ES\" \/>\n<meta property=\"og:type\" content=\"article\" \/>\n<meta property=\"og:title\" content=\"Discover Ambipar&#039;s Control and Management Center of Emergencies\" \/>\n<meta property=\"og:description\" content=\"CECOE offers telephone service for customers, non-customers and support for emergency response operations\" \/>\n<meta property=\"og:url\" content=\"https:\/\/ambipar.com\/latam\/en\/ambipar-response\/response-to-emergencies\/control-and-management-center-of-emergencies-cecoe\/\" \/>\n<meta property=\"og:site_name\" content=\"Ambipar. A l\u00edder em gest\u00e3o ambiental.\" \/>\n<meta property=\"article:modified_time\" content=\"2024-04-09T18:07:26+00:00\" \/>\n<meta property=\"og:image\" content=\"https:\/\/ambipar.com\/latam\/wp-content\/uploads\/2020\/10\/emergencia1.jpg\" \/>\n\t<meta property=\"og:image:width\" content=\"1006\" \/>\n\t<meta property=\"og:image:height\" content=\"978\" \/>\n<meta name=\"twitter:card\" content=\"summary_large_image\" \/>\n<meta name=\"twitter:label1\" content=\"Est. reading time\" \/>\n\t<meta name=\"twitter:data1\" content=\"1 minuto\" \/>\n<script type=\"application\/ld+json\" class=\"yoast-schema-graph\">{\"@context\":\"https:\/\/schema.org\",\"@graph\":[{\"@type\":\"Organization\",\"@id\":\"https:\/\/ambipar.com\/latam\/#organization\",\"name\":\"Ambipar\",\"url\":\"https:\/\/ambipar.com\/latam\/\",\"sameAs\":[],\"logo\":{\"@type\":\"ImageObject\",\"@id\":\"https:\/\/ambipar.com\/latam\/#logo\",\"inLanguage\":\"es-CL\",\"url\":\"https:\/\/ambipar.com\/latam\/wp-content\/uploads\/2020\/10\/ambipar_color.png\",\"contentUrl\":\"https:\/\/ambipar.com\/latam\/wp-content\/uploads\/2020\/10\/ambipar_color.png\",\"width\":174,\"height\":107,\"caption\":\"Ambipar\"},\"image\":{\"@id\":\"https:\/\/ambipar.com\/latam\/#logo\"}},{\"@type\":\"WebSite\",\"@id\":\"https:\/\/ambipar.com\/latam\/#website\",\"url\":\"https:\/\/ambipar.com\/latam\/\",\"name\":\"Ambipar. A l\\u00edder em gest\\u00e3o ambiental.\",\"description\":\"Pioneira em solu\\u00e7\\u00f5es ambientais, a Ambipar atua em todo o territ\\u00f3rio nacional oferecendo solu\\u00e7\\u00f5es integradas para toda a cadeia de neg\\u00f3cio.\",\"publisher\":{\"@id\":\"https:\/\/ambipar.com\/latam\/#organization\"},\"potentialAction\":[{\"@type\":\"SearchAction\",\"target\":{\"@type\":\"EntryPoint\",\"urlTemplate\":\"https:\/\/ambipar.com\/latam\/?s={search_term_string}\"},\"query-input\":\"required name=search_term_string\"}],\"inLanguage\":\"es-CL\"},{\"@type\":\"ImageObject\",\"@id\":\"https:\/\/ambipar.com\/latam\/en\/ambipar-response\/response-to-emergencies\/control-and-management-center-of-emergencies-cecoe\/#primaryimage\",\"inLanguage\":\"es-CL\",\"url\":\"https:\/\/ambipar.com\/latam\/wp-content\/uploads\/2020\/10\/emergencia1.jpg\",\"contentUrl\":\"https:\/\/ambipar.com\/latam\/wp-content\/uploads\/2020\/10\/emergencia1.jpg\",\"width\":1006,\"height\":978,\"caption\":\"emerg\\u00eancia\"},{\"@type\":\"WebPage\",\"@id\":\"https:\/\/ambipar.com\/latam\/en\/ambipar-response\/response-to-emergencies\/control-and-management-center-of-emergencies-cecoe\/#webpage\",\"url\":\"https:\/\/ambipar.com\/latam\/en\/ambipar-response\/response-to-emergencies\/control-and-management-center-of-emergencies-cecoe\/\",\"name\":\"Discover Ambipar's Control and Management Center of Emergencies\",\"isPartOf\":{\"@id\":\"https:\/\/ambipar.com\/latam\/#website\"},\"primaryImageOfPage\":{\"@id\":\"https:\/\/ambipar.com\/latam\/en\/ambipar-response\/response-to-emergencies\/control-and-management-center-of-emergencies-cecoe\/#primaryimage\"},\"datePublished\":\"2020-11-16T14:22:07+00:00\",\"dateModified\":\"2024-04-09T18:07:26+00:00\",\"description\":\"CECOE offers telephone service for customers, non-customers and support for emergency response operations\",\"breadcrumb\":{\"@id\":\"https:\/\/ambipar.com\/latam\/en\/ambipar-response\/response-to-emergencies\/control-and-management-center-of-emergencies-cecoe\/#breadcrumb\"},\"inLanguage\":\"es-CL\",\"potentialAction\":[{\"@type\":\"ReadAction\",\"target\":[\"https:\/\/ambipar.com\/latam\/en\/ambipar-response\/response-to-emergencies\/control-and-management-center-of-emergencies-cecoe\/\"]}]},{\"@type\":\"BreadcrumbList\",\"@id\":\"https:\/\/ambipar.com\/latam\/en\/ambipar-response\/response-to-emergencies\/control-and-management-center-of-emergencies-cecoe\/#breadcrumb\",\"itemListElement\":[{\"@type\":\"ListItem\",\"position\":1,\"name\":\"Home\",\"item\":\"https:\/\/ambipar.com\/latam\/\"},{\"@type\":\"ListItem\",\"position\":2,\"name\":\"Ambipar Response\",\"item\":\"https:\/\/ambipar.com\/latam\/pt\/ambipar-response\/\"},{\"@type\":\"ListItem\",\"position\":3,\"name\":\"Response to Emergencies\",\"item\":\"https:\/\/ambipar.com\/latam\/en\/ambipar-response\/response-to-emergencies\/\"},{\"@type\":\"ListItem\",\"position\":4,\"name\":\"Control and Management Center of Emergencies (CECOE)\"}]}]}<\/script>\n<!-- \/ Yoast SEO plugin. -->","yoast_head_json":{"title":"Discover Ambipar's Control and Management Center of Emergencies","description":"CECOE offers telephone service for customers, non-customers and support for emergency response operations","robots":{"index":"index","follow":"follow","max-snippet":"max-snippet:-1","max-image-preview":"max-image-preview:large","max-video-preview":"max-video-preview:-1"},"canonical":"https:\/\/ambipar.com\/latam\/en\/ambipar-response\/response-to-emergencies\/control-and-management-center-of-emergencies-cecoe\/","og_locale":"es_ES","og_type":"article","og_title":"Discover Ambipar's Control and Management Center of Emergencies","og_description":"CECOE offers telephone service for customers, non-customers and support for emergency response operations","og_url":"https:\/\/ambipar.com\/latam\/en\/ambipar-response\/response-to-emergencies\/control-and-management-center-of-emergencies-cecoe\/","og_site_name":"Ambipar. A l\u00edder em gest\u00e3o ambiental.","article_modified_time":"2024-04-09T18:07:26+00:00","og_image":[{"width":1006,"height":978,"url":"https:\/\/ambipar.com\/latam\/wp-content\/uploads\/2020\/10\/emergencia1.jpg","type":"image\/jpeg"}],"twitter_card":"summary_large_image","twitter_misc":{"Est. reading time":"1 minuto"},"schema":{"@context":"https:\/\/schema.org","@graph":[{"@type":"Organization","@id":"https:\/\/ambipar.com\/latam\/#organization","name":"Ambipar","url":"https:\/\/ambipar.com\/latam\/","sameAs":[],"logo":{"@type":"ImageObject","@id":"https:\/\/ambipar.com\/latam\/#logo","inLanguage":"es-CL","url":"https:\/\/ambipar.com\/latam\/wp-content\/uploads\/2020\/10\/ambipar_color.png","contentUrl":"https:\/\/ambipar.com\/latam\/wp-content\/uploads\/2020\/10\/ambipar_color.png","width":174,"height":107,"caption":"Ambipar"},"image":{"@id":"https:\/\/ambipar.com\/latam\/#logo"}},{"@type":"WebSite","@id":"https:\/\/ambipar.com\/latam\/#website","url":"https:\/\/ambipar.com\/latam\/","name":"Ambipar. A l\u00edder em gest\u00e3o ambiental.","description":"Pioneira em solu\u00e7\u00f5es ambientais, a Ambipar atua em todo o territ\u00f3rio nacional oferecendo solu\u00e7\u00f5es integradas para toda a cadeia de neg\u00f3cio.","publisher":{"@id":"https:\/\/ambipar.com\/latam\/#organization"},"potentialAction":[{"@type":"SearchAction","target":{"@type":"EntryPoint","urlTemplate":"https:\/\/ambipar.com\/latam\/?s={search_term_string}"},"query-input":"required name=search_term_string"}],"inLanguage":"es-CL"},{"@type":"ImageObject","@id":"https:\/\/ambipar.com\/latam\/en\/ambipar-response\/response-to-emergencies\/control-and-management-center-of-emergencies-cecoe\/#primaryimage","inLanguage":"es-CL","url":"https:\/\/ambipar.com\/latam\/wp-content\/uploads\/2020\/10\/emergencia1.jpg","contentUrl":"https:\/\/ambipar.com\/latam\/wp-content\/uploads\/2020\/10\/emergencia1.jpg","width":1006,"height":978,"caption":"emerg\u00eancia"},{"@type":"WebPage","@id":"https:\/\/ambipar.com\/latam\/en\/ambipar-response\/response-to-emergencies\/control-and-management-center-of-emergencies-cecoe\/#webpage","url":"https:\/\/ambipar.com\/latam\/en\/ambipar-response\/response-to-emergencies\/control-and-management-center-of-emergencies-cecoe\/","name":"Discover Ambipar's Control and Management Center of Emergencies","isPartOf":{"@id":"https:\/\/ambipar.com\/latam\/#website"},"primaryImageOfPage":{"@id":"https:\/\/ambipar.com\/latam\/en\/ambipar-response\/response-to-emergencies\/control-and-management-center-of-emergencies-cecoe\/#primaryimage"},"datePublished":"2020-11-16T14:22:07+00:00","dateModified":"2024-04-09T18:07:26+00:00","description":"CECOE offers telephone service for customers, non-customers and support for emergency response operations","breadcrumb":{"@id":"https:\/\/ambipar.com\/latam\/en\/ambipar-response\/response-to-emergencies\/control-and-management-center-of-emergencies-cecoe\/#breadcrumb"},"inLanguage":"es-CL","potentialAction":[{"@type":"ReadAction","target":["https:\/\/ambipar.com\/latam\/en\/ambipar-response\/response-to-emergencies\/control-and-management-center-of-emergencies-cecoe\/"]}]},{"@type":"BreadcrumbList","@id":"https:\/\/ambipar.com\/latam\/en\/ambipar-response\/response-to-emergencies\/control-and-management-center-of-emergencies-cecoe\/#breadcrumb","itemListElement":[{"@type":"ListItem","position":1,"name":"Home","item":"https:\/\/ambipar.com\/latam\/"},{"@type":"ListItem","position":2,"name":"Ambipar Response","item":"https:\/\/ambipar.com\/latam\/pt\/ambipar-response\/"},{"@type":"ListItem","position":3,"name":"Response to Emergencies","item":"https:\/\/ambipar.com\/latam\/en\/ambipar-response\/response-to-emergencies\/"},{"@type":"ListItem","position":4,"name":"Control and Management Center of Emergencies (CECOE)"}]}]}},"_links":{"self":[{"href":"https:\/\/ambipar.com\/latam\/wp-json\/wp\/v2\/pages\/1957"}],"collection":[{"href":"https:\/\/ambipar.com\/latam\/wp-json\/wp\/v2\/pages"}],"about":[{"href":"https:\/\/ambipar.com\/latam\/wp-json\/wp\/v2\/types\/page"}],"author":[{"embeddable":true,"href":"https:\/\/ambipar.com\/latam\/wp-json\/wp\/v2\/users\/1"}],"replies":[{"embeddable":true,"href":"https:\/\/ambipar.com\/latam\/wp-json\/wp\/v2\/comments?post=1957"}],"version-history":[{"count":7,"href":"https:\/\/ambipar.com\/latam\/wp-json\/wp\/v2\/pages\/1957\/revisions"}],"predecessor-version":[{"id":5491,"href":"https:\/\/ambipar.com\/latam\/wp-json\/wp\/v2\/pages\/1957\/revisions\/5491"}],"up":[{"embeddable":true,"href":"https:\/\/ambipar.com\/latam\/wp-json\/wp\/v2\/pages\/1941"}],"wp:featuredmedia":[{"embeddable":true,"href":"https:\/\/ambipar.com\/latam\/wp-json\/wp\/v2\/media\/1152"}],"wp:attachment":[{"href":"https:\/\/ambipar.com\/latam\/wp-json\/wp\/v2\/media?parent=1957"}],"curies":[{"name":"wp","href":"https:\/\/api.w.org\/{rel}","templated":true}]}}