{"id":1992,"date":"2020-11-16T12:05:32","date_gmt":"2020-11-16T15:05:32","guid":{"rendered":"https:\/\/ambipar.com\/latam\/?page_id=1992"},"modified":"2021-10-14T14:45:21","modified_gmt":"2021-10-14T17:45:21","slug":"emergencias-en-ferrocarriles","status":"publish","type":"page","link":"https:\/\/ambipar.com\/latam\/ambipar-response-3\/repuesta-a-emergencias\/emergencias-en-ferrocarriles\/","title":{"rendered":"Emergencias en Ferrocarriles"},"content":{"rendered":"\n<p>Asistencia programada y de emergencia en toda la red ferroviaria, que involucre productos peligrosos o contaminantes agresivos para el hombre y el medio ambiente, en base a la legislaci\u00f3n nacional e internacional, considerando la m\u00e1s restrictiva.<\/p>\n\n\n\n<ul><li>Alcance del servicio Nacional e Internacional<\/li><li>Operadores HAZMAT certificados internacionalmente<\/li><li>Veh\u00edculos y equipos preparados para todos los escenarios<\/li><li>Elaboraci\u00f3n del Plan de Acci\u00f3n en Emergencia (PAE)<\/li><li>Programa de Gesti\u00f3n de Riesgos (PGR)<\/li><li>Estudio de An\u00e1lisis de Riesgos (EAR)<\/li><li>An\u00e1lisis de Riesgos Ambientales (ARA)<\/li><li>Simulacros de emergencia \/ evacuaci\u00f3n<\/li><\/ul>\n\n\n\n<p>Vea tambi\u00e9n:<\/p>\n\n\n\n<ul><li><a href=\"https:\/\/ambipar.com\/latam\/ambipar-response-3\/repuesta-a-emergencias\/atencion-de-emergencia\/\">Atenci\u00f3n de Emergencia<\/a><\/li><li><a href=\"https:\/\/ambipar.com\/latam\/ambipar-response-3\/repuesta-a-emergencias\/central-de-control-y-gestion-de-emergencias-cecoe\/\">Central de Control y Gesti\u00f3n de Emergencias (CECOE)<\/a><\/li><li><a href=\"https:\/\/ambipar.com\/latam\/ambipar-response-3\/repuesta-a-emergencias\/sistema-de-comando-de-incidentes-sci-sala-de-crisis\/\">Sistema de Comando de Incidentes (SCI)<\/a><\/li><li><a href=\"https:\/\/ambipar.com\/latam\/ambipar-response-3\/repuesta-a-emergencias\/emergencias-maritimas-y-fluviales\/\">Emergencias Mar\u00edtimas y Fluviales<\/a><\/li><li><a href=\"https:\/\/ambipar.com\/latam\/ambipar-response-3\/repuesta-a-emergencias\/emergencias-en-carreteras\/\">Emergencias en Carreteras<\/a><\/li><li><a href=\"https:\/\/ambipar.com\/latam\/ambipar-response-3\/repuesta-a-emergencias\/emergencias-en-ductos\/\">Emergencias en Ductos<\/a><\/li><li><a href=\"https:\/\/ambipar.com\/latam\/ambipar-response-3\/repuesta-a-emergencias\/emergencias-en-aeropuertos\/\">Emergencias en Aeropuertos<\/a><\/li><li><a href=\"https:\/\/ambipar.com\/latam\/ambipar-response-3\/repuesta-a-emergencias\/emergencias-industriales\/\">Emergencias Industriales<\/a><\/li><li><a href=\"https:\/\/ambipar.com\/latam\/ambipar-response-3\/repuesta-a-emergencias\/emergencias-mineria\/\">Emergencias Miner\u00eda<\/a><\/li><li><a href=\"https:\/\/ambipar.com\/latam\/ambipar-response-3\/repuesta-a-emergencias\/emergencias-forestales\/\">Emergencias Forestales<\/a><\/li><\/ul>\n","protected":false},"excerpt":{"rendered":"Asistencia programada y de emergencia en toda la red ferroviaria, que involucre productos peligrosos o contaminantes agresivos para el hombre y el medio ambiente, en base a la legislaci\u00f3n nacional e internacional, considerando la m\u00e1s restrictiva. Alcance del servicio Nacional e Internacional Operadores HAZMAT certificados internacionalmente Veh\u00edculos y equipos preparados para todos los escenarios Elaboraci\u00f3n&#8230; <a class=\"view-article\" href=\"https:\/\/ambipar.com\/latam\/ambipar-response-3\/repuesta-a-emergencias\/emergencias-en-ferrocarriles\/\">Ver art\u00edculo<\/a>","protected":false},"author":1,"featured_media":1172,"parent":1944,"menu_order":0,"comment_status":"closed","ping_status":"closed","template":"single-servicos.php","meta":[],"yoast_head":"<!-- This site is optimized with the Yoast SEO plugin v17.6 - https:\/\/yoast.com\/wordpress\/plugins\/seo\/ -->\n<title>Descubra servicios de Emergencias en Ferrocarriles que ofrece Ambipar<\/title>\n<meta name=\"description\" content=\"Servicios programados y de emergencia en toda la red ferroviaria, que involucren productos peligrosos o contaminantes\" \/>\n<meta name=\"robots\" content=\"index, follow, max-snippet:-1, max-image-preview:large, max-video-preview:-1\" \/>\n<link rel=\"canonical\" href=\"https:\/\/ambipar.com\/latam\/ambipar-response-3\/repuesta-a-emergencias\/emergencias-en-ferrocarriles\/\" \/>\n<meta property=\"og:locale\" content=\"es_ES\" \/>\n<meta property=\"og:type\" content=\"article\" \/>\n<meta property=\"og:title\" content=\"Descubra servicios de Emergencias en Ferrocarriles que ofrece Ambipar\" \/>\n<meta property=\"og:description\" content=\"Servicios programados y de emergencia en toda la red ferroviaria, que involucren productos peligrosos o contaminantes\" \/>\n<meta property=\"og:url\" content=\"https:\/\/ambipar.com\/latam\/ambipar-response-3\/repuesta-a-emergencias\/emergencias-en-ferrocarriles\/\" \/>\n<meta property=\"og:site_name\" content=\"Ambipar. A l\u00edder em gest\u00e3o ambiental.\" \/>\n<meta property=\"article:modified_time\" content=\"2021-10-14T17:45:21+00:00\" \/>\n<meta property=\"og:image\" content=\"https:\/\/ambipar.com\/latam\/wp-content\/uploads\/2020\/10\/ferroviario.jpg\" \/>\n\t<meta property=\"og:image:width\" content=\"1000\" \/>\n\t<meta property=\"og:image:height\" content=\"1000\" \/>\n<meta name=\"twitter:card\" content=\"summary_large_image\" \/>\n<meta name=\"twitter:label1\" content=\"Est. reading time\" \/>\n\t<meta name=\"twitter:data1\" content=\"1 minuto\" \/>\n<script type=\"application\/ld+json\" class=\"yoast-schema-graph\">{\"@context\":\"https:\/\/schema.org\",\"@graph\":[{\"@type\":\"Organization\",\"@id\":\"https:\/\/ambipar.com\/latam\/#organization\",\"name\":\"Ambipar\",\"url\":\"https:\/\/ambipar.com\/latam\/\",\"sameAs\":[],\"logo\":{\"@type\":\"ImageObject\",\"@id\":\"https:\/\/ambipar.com\/latam\/#logo\",\"inLanguage\":\"es-CL\",\"url\":\"https:\/\/ambipar.com\/latam\/wp-content\/uploads\/2020\/10\/ambipar_color.png\",\"contentUrl\":\"https:\/\/ambipar.com\/latam\/wp-content\/uploads\/2020\/10\/ambipar_color.png\",\"width\":174,\"height\":107,\"caption\":\"Ambipar\"},\"image\":{\"@id\":\"https:\/\/ambipar.com\/latam\/#logo\"}},{\"@type\":\"WebSite\",\"@id\":\"https:\/\/ambipar.com\/latam\/#website\",\"url\":\"https:\/\/ambipar.com\/latam\/\",\"name\":\"Ambipar. A l\\u00edder em gest\\u00e3o ambiental.\",\"description\":\"Pioneira em solu\\u00e7\\u00f5es ambientais, a Ambipar atua em todo o territ\\u00f3rio nacional oferecendo solu\\u00e7\\u00f5es integradas para toda a cadeia de neg\\u00f3cio.\",\"publisher\":{\"@id\":\"https:\/\/ambipar.com\/latam\/#organization\"},\"potentialAction\":[{\"@type\":\"SearchAction\",\"target\":{\"@type\":\"EntryPoint\",\"urlTemplate\":\"https:\/\/ambipar.com\/latam\/?s={search_term_string}\"},\"query-input\":\"required name=search_term_string\"}],\"inLanguage\":\"es-CL\"},{\"@type\":\"ImageObject\",\"@id\":\"https:\/\/ambipar.com\/latam\/ambipar-response-3\/repuesta-a-emergencias\/emergencias-en-ferrocarriles\/#primaryimage\",\"inLanguage\":\"es-CL\",\"url\":\"https:\/\/ambipar.com\/latam\/wp-content\/uploads\/2020\/10\/ferroviario.jpg\",\"contentUrl\":\"https:\/\/ambipar.com\/latam\/wp-content\/uploads\/2020\/10\/ferroviario.jpg\",\"width\":1000,\"height\":1000,\"caption\":\"ferrovi\\u00e1rio\"},{\"@type\":\"WebPage\",\"@id\":\"https:\/\/ambipar.com\/latam\/ambipar-response-3\/repuesta-a-emergencias\/emergencias-en-ferrocarriles\/#webpage\",\"url\":\"https:\/\/ambipar.com\/latam\/ambipar-response-3\/repuesta-a-emergencias\/emergencias-en-ferrocarriles\/\",\"name\":\"Descubra servicios de Emergencias en Ferrocarriles que ofrece Ambipar\",\"isPartOf\":{\"@id\":\"https:\/\/ambipar.com\/latam\/#website\"},\"primaryImageOfPage\":{\"@id\":\"https:\/\/ambipar.com\/latam\/ambipar-response-3\/repuesta-a-emergencias\/emergencias-en-ferrocarriles\/#primaryimage\"},\"datePublished\":\"2020-11-16T15:05:32+00:00\",\"dateModified\":\"2021-10-14T17:45:21+00:00\",\"description\":\"Servicios programados y de emergencia en toda la red ferroviaria, que involucren productos peligrosos o contaminantes\",\"breadcrumb\":{\"@id\":\"https:\/\/ambipar.com\/latam\/ambipar-response-3\/repuesta-a-emergencias\/emergencias-en-ferrocarriles\/#breadcrumb\"},\"inLanguage\":\"es-CL\",\"potentialAction\":[{\"@type\":\"ReadAction\",\"target\":[\"https:\/\/ambipar.com\/latam\/ambipar-response-3\/repuesta-a-emergencias\/emergencias-en-ferrocarriles\/\"]}]},{\"@type\":\"BreadcrumbList\",\"@id\":\"https:\/\/ambipar.com\/latam\/ambipar-response-3\/repuesta-a-emergencias\/emergencias-en-ferrocarriles\/#breadcrumb\",\"itemListElement\":[{\"@type\":\"ListItem\",\"position\":1,\"name\":\"Home\",\"item\":\"https:\/\/ambipar.com\/latam\/\"},{\"@type\":\"ListItem\",\"position\":2,\"name\":\"Ambipar Response\",\"item\":\"https:\/\/ambipar.com\/latam\/ambipar-response-3\/\"},{\"@type\":\"ListItem\",\"position\":3,\"name\":\"Respuesta a Emergencias\",\"item\":\"https:\/\/ambipar.com\/latam\/ambipar-response-3\/repuesta-a-emergencias\/\"},{\"@type\":\"ListItem\",\"position\":4,\"name\":\"Emergencias en Ferrocarriles\"}]}]}<\/script>\n<!-- \/ Yoast SEO plugin. -->","yoast_head_json":{"title":"Descubra servicios de Emergencias en Ferrocarriles que ofrece Ambipar","description":"Servicios programados y de emergencia en toda la red ferroviaria, que involucren productos peligrosos o contaminantes","robots":{"index":"index","follow":"follow","max-snippet":"max-snippet:-1","max-image-preview":"max-image-preview:large","max-video-preview":"max-video-preview:-1"},"canonical":"https:\/\/ambipar.com\/latam\/ambipar-response-3\/repuesta-a-emergencias\/emergencias-en-ferrocarriles\/","og_locale":"es_ES","og_type":"article","og_title":"Descubra servicios de Emergencias en Ferrocarriles que ofrece Ambipar","og_description":"Servicios programados y de emergencia en toda la red ferroviaria, que involucren productos peligrosos o contaminantes","og_url":"https:\/\/ambipar.com\/latam\/ambipar-response-3\/repuesta-a-emergencias\/emergencias-en-ferrocarriles\/","og_site_name":"Ambipar. A l\u00edder em gest\u00e3o ambiental.","article_modified_time":"2021-10-14T17:45:21+00:00","og_image":[{"width":1000,"height":1000,"url":"https:\/\/ambipar.com\/latam\/wp-content\/uploads\/2020\/10\/ferroviario.jpg","type":"image\/jpeg"}],"twitter_card":"summary_large_image","twitter_misc":{"Est. reading time":"1 minuto"},"schema":{"@context":"https:\/\/schema.org","@graph":[{"@type":"Organization","@id":"https:\/\/ambipar.com\/latam\/#organization","name":"Ambipar","url":"https:\/\/ambipar.com\/latam\/","sameAs":[],"logo":{"@type":"ImageObject","@id":"https:\/\/ambipar.com\/latam\/#logo","inLanguage":"es-CL","url":"https:\/\/ambipar.com\/latam\/wp-content\/uploads\/2020\/10\/ambipar_color.png","contentUrl":"https:\/\/ambipar.com\/latam\/wp-content\/uploads\/2020\/10\/ambipar_color.png","width":174,"height":107,"caption":"Ambipar"},"image":{"@id":"https:\/\/ambipar.com\/latam\/#logo"}},{"@type":"WebSite","@id":"https:\/\/ambipar.com\/latam\/#website","url":"https:\/\/ambipar.com\/latam\/","name":"Ambipar. A l\u00edder em gest\u00e3o ambiental.","description":"Pioneira em solu\u00e7\u00f5es ambientais, a Ambipar atua em todo o territ\u00f3rio nacional oferecendo solu\u00e7\u00f5es integradas para toda a cadeia de neg\u00f3cio.","publisher":{"@id":"https:\/\/ambipar.com\/latam\/#organization"},"potentialAction":[{"@type":"SearchAction","target":{"@type":"EntryPoint","urlTemplate":"https:\/\/ambipar.com\/latam\/?s={search_term_string}"},"query-input":"required name=search_term_string"}],"inLanguage":"es-CL"},{"@type":"ImageObject","@id":"https:\/\/ambipar.com\/latam\/ambipar-response-3\/repuesta-a-emergencias\/emergencias-en-ferrocarriles\/#primaryimage","inLanguage":"es-CL","url":"https:\/\/ambipar.com\/latam\/wp-content\/uploads\/2020\/10\/ferroviario.jpg","contentUrl":"https:\/\/ambipar.com\/latam\/wp-content\/uploads\/2020\/10\/ferroviario.jpg","width":1000,"height":1000,"caption":"ferrovi\u00e1rio"},{"@type":"WebPage","@id":"https:\/\/ambipar.com\/latam\/ambipar-response-3\/repuesta-a-emergencias\/emergencias-en-ferrocarriles\/#webpage","url":"https:\/\/ambipar.com\/latam\/ambipar-response-3\/repuesta-a-emergencias\/emergencias-en-ferrocarriles\/","name":"Descubra servicios de Emergencias en Ferrocarriles que ofrece Ambipar","isPartOf":{"@id":"https:\/\/ambipar.com\/latam\/#website"},"primaryImageOfPage":{"@id":"https:\/\/ambipar.com\/latam\/ambipar-response-3\/repuesta-a-emergencias\/emergencias-en-ferrocarriles\/#primaryimage"},"datePublished":"2020-11-16T15:05:32+00:00","dateModified":"2021-10-14T17:45:21+00:00","description":"Servicios programados y de emergencia en toda la red ferroviaria, que involucren productos peligrosos o contaminantes","breadcrumb":{"@id":"https:\/\/ambipar.com\/latam\/ambipar-response-3\/repuesta-a-emergencias\/emergencias-en-ferrocarriles\/#breadcrumb"},"inLanguage":"es-CL","potentialAction":[{"@type":"ReadAction","target":["https:\/\/ambipar.com\/latam\/ambipar-response-3\/repuesta-a-emergencias\/emergencias-en-ferrocarriles\/"]}]},{"@type":"BreadcrumbList","@id":"https:\/\/ambipar.com\/latam\/ambipar-response-3\/repuesta-a-emergencias\/emergencias-en-ferrocarriles\/#breadcrumb","itemListElement":[{"@type":"ListItem","position":1,"name":"Home","item":"https:\/\/ambipar.com\/latam\/"},{"@type":"ListItem","position":2,"name":"Ambipar Response","item":"https:\/\/ambipar.com\/latam\/ambipar-response-3\/"},{"@type":"ListItem","position":3,"name":"Respuesta a Emergencias","item":"https:\/\/ambipar.com\/latam\/ambipar-response-3\/repuesta-a-emergencias\/"},{"@type":"ListItem","position":4,"name":"Emergencias en Ferrocarriles"}]}]}},"_links":{"self":[{"href":"https:\/\/ambipar.com\/latam\/wp-json\/wp\/v2\/pages\/1992"}],"collection":[{"href":"https:\/\/ambipar.com\/latam\/wp-json\/wp\/v2\/pages"}],"about":[{"href":"https:\/\/ambipar.com\/latam\/wp-json\/wp\/v2\/types\/page"}],"author":[{"embeddable":true,"href":"https:\/\/ambipar.com\/latam\/wp-json\/wp\/v2\/users\/1"}],"replies":[{"embeddable":true,"href":"https:\/\/ambipar.com\/latam\/wp-json\/wp\/v2\/comments?post=1992"}],"version-history":[{"count":6,"href":"https:\/\/ambipar.com\/latam\/wp-json\/wp\/v2\/pages\/1992\/revisions"}],"predecessor-version":[{"id":4323,"href":"https:\/\/ambipar.com\/latam\/wp-json\/wp\/v2\/pages\/1992\/revisions\/4323"}],"up":[{"embeddable":true,"href":"https:\/\/ambipar.com\/latam\/wp-json\/wp\/v2\/pages\/1944"}],"wp:featuredmedia":[{"embeddable":true,"href":"https:\/\/ambipar.com\/latam\/wp-json\/wp\/v2\/media\/1172"}],"wp:attachment":[{"href":"https:\/\/ambipar.com\/latam\/wp-json\/wp\/v2\/media?parent=1992"}],"curies":[{"name":"wp","href":"https:\/\/api.w.org\/{rel}","templated":true}]}}