{"id":2012,"date":"2020-11-16T12:31:07","date_gmt":"2020-11-16T15:31:07","guid":{"rendered":"https:\/\/ambipar.com\/latam\/?page_id=2012"},"modified":"2021-10-18T10:06:47","modified_gmt":"2021-10-18T13:06:47","slug":"emergencias-mineria","status":"publish","type":"page","link":"https:\/\/ambipar.com\/latam\/ambipar-response-3\/repuesta-a-emergencias\/emergencias-mineria\/","title":{"rendered":"Emergencias Miner\u00eda"},"content":{"rendered":"\n<p>Ambipar brinda asistencia de emergencia para accidentes derivados de procesos mineros, como fugas y ruptura de presas y tuber\u00edas, obstrucci\u00f3n de pasajes subterr\u00e1neos y entierro de equipos.<\/p>\n\n\n\n<p>Parte de los servicios son operaciones y atenci\u00f3n especializada para actuar en el control de cargas peligrosas \u2013 no peligrosas, monitoreo de veh\u00edculos, operaci\u00f3n de centrales de comando y tr\u00e1fico del transporte, escoltas, atenci\u00f3n a emergencias, seguridad vial, rescate vehicular.<\/p>\n\n\n\n<p>Nuestro foco es atender servicios y emergencias especializadas, servicios dedicados a la prevenci\u00f3n de accidentes y emergencias, como as\u00ed tambi\u00e9n otorgar servicios hacia la seguridad vial, control y patrullaje, rescate liviano \u2013 pesado.<\/p>\n\n\n\n<p>Contamos con un personal t\u00e9cnico multidisciplinario y mejorado para actuar de manera personalizada, respetando la legislaci\u00f3n vigente con herramientas que permiten la planificaci\u00f3n, seguimiento continuo de acciones efectivas en la gesti\u00f3n de los procesos integrados de la actividad minera. Actuando en:<\/p>\n\n\n\n<ul><li>Elaboraci\u00f3n del Plan de Acci\u00f3n en Emergencia (PAE)<\/li><li>Programa de Gesti\u00f3n de Riesgos (PGR)<\/li><li>Prevenci\u00f3n y combate de incendios<\/li><li>Capacitaci\u00f3n y simulado<\/li><li>Inspecciones en las \u00e1reas industrial y de equipos<\/li><\/ul>\n\n\n\n<div class=\"wp-block-columns\">\n<div class=\"wp-block-column\" style=\"flex-basis:100%\">\n<div class=\"wp-block-columns\">\n<div class=\"wp-block-column\">\n<figure class=\"wp-block-image size-full\"><img width=\"130\" height=\"131\" src=\"https:\/\/ambipar.com\/latam\/wp-content\/uploads\/2021\/10\/1.MO_.png\" alt=\"\" class=\"wp-image-4313\" srcset=\"https:\/\/ambipar.com\/latam\/wp-content\/uploads\/2021\/10\/1.MO_.png 130w, https:\/\/ambipar.com\/latam\/wp-content\/uploads\/2021\/10\/1.MO_-120x121.png 120w\" sizes=\"(max-width: 130px) 100vw, 130px\" \/><figcaption>SERVICIOS DE<br>ESCOLTAS<\/figcaption><\/figure>\n<\/div>\n\n\n\n<div class=\"wp-block-column\">\n<figure class=\"wp-block-image size-full\"><img width=\"130\" height=\"131\" src=\"https:\/\/ambipar.com\/latam\/wp-content\/uploads\/2021\/10\/2.MO_.png\" alt=\"\" class=\"wp-image-4314\" srcset=\"https:\/\/ambipar.com\/latam\/wp-content\/uploads\/2021\/10\/2.MO_.png 130w, https:\/\/ambipar.com\/latam\/wp-content\/uploads\/2021\/10\/2.MO_-120x121.png 120w\" sizes=\"(max-width: 130px) 100vw, 130px\" \/><figcaption>CONTROL VIAL<\/figcaption><\/figure>\n<\/div>\n\n\n\n<div class=\"wp-block-column\">\n<figure class=\"wp-block-image size-full\"><img width=\"130\" height=\"130\" src=\"https:\/\/ambipar.com\/latam\/wp-content\/uploads\/2021\/10\/4.MO_.png\" alt=\"\" class=\"wp-image-4312\" srcset=\"https:\/\/ambipar.com\/latam\/wp-content\/uploads\/2021\/10\/4.MO_.png 130w, https:\/\/ambipar.com\/latam\/wp-content\/uploads\/2021\/10\/4.MO_-120x120.png 120w\" sizes=\"(max-width: 130px) 100vw, 130px\" \/><figcaption>BRIGADAS DE<br>RESCATE MINERO<\/figcaption><\/figure>\n<\/div>\n<\/div>\n<\/div>\n<\/div>\n\n\n\n<div class=\"wp-block-columns\">\n<div class=\"wp-block-column\">\n<figure class=\"wp-block-image size-full\"><img width=\"130\" height=\"131\" src=\"https:\/\/ambipar.com\/latam\/wp-content\/uploads\/2021\/10\/3.MO_.png\" alt=\"\" class=\"wp-image-4310\" srcset=\"https:\/\/ambipar.com\/latam\/wp-content\/uploads\/2021\/10\/3.MO_.png 130w, https:\/\/ambipar.com\/latam\/wp-content\/uploads\/2021\/10\/3.MO_-120x121.png 120w\" sizes=\"(max-width: 130px) 100vw, 130px\" \/><figcaption>BRIGADA FORESTAL<\/figcaption><\/figure>\n<\/div>\n\n\n\n<div class=\"wp-block-column\">\n<figure class=\"wp-block-image size-full\"><img width=\"130\" height=\"130\" src=\"https:\/\/ambipar.com\/latam\/wp-content\/uploads\/2021\/10\/5.MO_.png\" alt=\"\" class=\"wp-image-4311\" srcset=\"https:\/\/ambipar.com\/latam\/wp-content\/uploads\/2021\/10\/5.MO_.png 130w, https:\/\/ambipar.com\/latam\/wp-content\/uploads\/2021\/10\/5.MO_-120x120.png 120w\" sizes=\"(max-width: 130px) 100vw, 130px\" \/><figcaption>RESCATE T\u00c9CNICO<\/figcaption><\/figure>\n<\/div>\n\n\n\n<div class=\"wp-block-column\">\n<figure class=\"wp-block-image size-full\"><img width=\"130\" height=\"130\" src=\"https:\/\/ambipar.com\/latam\/wp-content\/uploads\/2021\/10\/9.MO_.png\" alt=\"\" class=\"wp-image-4306\" srcset=\"https:\/\/ambipar.com\/latam\/wp-content\/uploads\/2021\/10\/9.MO_.png 130w, https:\/\/ambipar.com\/latam\/wp-content\/uploads\/2021\/10\/9.MO_-120x120.png 120w\" sizes=\"(max-width: 130px) 100vw, 130px\" \/><figcaption>INSPECCI\u00d3N DE<br>VEH\u00cdCULOS Y CARGAS<\/figcaption><\/figure>\n<\/div>\n<\/div>\n\n\n\n<p>Vea tambi\u00e9n:<\/p>\n\n\n\n<ul><li><a href=\"https:\/\/ambipar.com\/latam\/ambipar-response-3\/repuesta-a-emergencias\/atencion-de-emergencia\/\">Atenci\u00f3n de Emergencia<\/a><\/li><li><a href=\"https:\/\/ambipar.com\/latam\/ambipar-response-3\/repuesta-a-emergencias\/central-de-control-y-gestion-de-emergencias-cecoe\/\">Central de Control y Gesti\u00f3n de Emergencias (CECOE)<\/a><\/li><li><a href=\"https:\/\/ambipar.com\/latam\/ambipar-response-3\/repuesta-a-emergencias\/sistema-de-comando-de-incidentes-sci-sala-de-crisis\/\">Sistema de Comando de Incidentes (SCI)<\/a><\/li><li><a href=\"https:\/\/ambipar.com\/latam\/ambipar-response-3\/repuesta-a-emergencias\/emergencias-maritimas-y-fluviales\/\">Emergencias Mar\u00edtimas y Fluviales<\/a><\/li><li><a href=\"https:\/\/ambipar.com\/latam\/ambipar-response-3\/repuesta-a-emergencias\/emergencias-en-carreteras\/\">Emergencias en Carreteras<\/a><\/li><li><a href=\"https:\/\/ambipar.com\/latam\/ambipar-response-3\/repuesta-a-emergencias\/emergencias-en-ferrocarriles\/\">Emergencias en Ferrocarriles<\/a><\/li><li><a href=\"https:\/\/ambipar.com\/latam\/ambipar-response-3\/repuesta-a-emergencias\/emergencias-en-ductos\/\">Emergencias en Ductos<\/a><\/li><li><a href=\"https:\/\/ambipar.com\/latam\/ambipar-response-3\/repuesta-a-emergencias\/emergencias-en-aeropuertos\/\">Emergencias en Aeropuertos<\/a><\/li><li><a href=\"https:\/\/ambipar.com\/latam\/ambipar-response-3\/repuesta-a-emergencias\/emergencias-industriales\/\">Emergencias Industriales<\/a><\/li><li><a href=\"https:\/\/ambipar.com\/latam\/ambipar-response-3\/repuesta-a-emergencias\/emergencias-forestales\/\">Emergencias Forestales<\/a><\/li><\/ul>\n","protected":false},"excerpt":{"rendered":"Ambipar brinda asistencia de emergencia para accidentes derivados de procesos mineros, como fugas y ruptura de presas y tuber\u00edas, obstrucci\u00f3n de pasajes subterr\u00e1neos y entierro de equipos. Parte de los servicios son operaciones y atenci\u00f3n especializada para actuar en el control de cargas peligrosas \u2013 no peligrosas, monitoreo de veh\u00edculos, operaci\u00f3n de centrales de comando&#8230; <a class=\"view-article\" href=\"https:\/\/ambipar.com\/latam\/ambipar-response-3\/repuesta-a-emergencias\/emergencias-mineria\/\">Ver art\u00edculo<\/a>","protected":false},"author":1,"featured_media":1190,"parent":1944,"menu_order":0,"comment_status":"closed","ping_status":"closed","template":"single-servicos.php","meta":[],"yoast_head":"<!-- This site is optimized with the Yoast SEO plugin v17.6 - https:\/\/yoast.com\/wordpress\/plugins\/seo\/ -->\n<title>Descubra los servicios de Emergencias Miner\u00eda que ofrece Ambipar<\/title>\n<meta name=\"description\" content=\"Ambipar brinda asistencia de emergencia para accidentes derivados de procesos mineros, como fugas y ruptura de presas\" \/>\n<meta name=\"robots\" content=\"index, follow, max-snippet:-1, max-image-preview:large, max-video-preview:-1\" \/>\n<link rel=\"canonical\" href=\"https:\/\/ambipar.com\/latam\/ambipar-response-3\/repuesta-a-emergencias\/emergencias-mineria\/\" \/>\n<meta property=\"og:locale\" content=\"es_ES\" \/>\n<meta property=\"og:type\" content=\"article\" \/>\n<meta property=\"og:title\" content=\"Descubra los servicios de Emergencias Miner\u00eda que ofrece Ambipar\" \/>\n<meta property=\"og:description\" content=\"Ambipar brinda asistencia de emergencia para accidentes derivados de procesos mineros, como fugas y ruptura de presas\" \/>\n<meta property=\"og:url\" content=\"https:\/\/ambipar.com\/latam\/ambipar-response-3\/repuesta-a-emergencias\/emergencias-mineria\/\" \/>\n<meta property=\"og:site_name\" content=\"Ambipar. A l\u00edder em gest\u00e3o ambiental.\" \/>\n<meta property=\"article:modified_time\" content=\"2021-10-18T13:06:47+00:00\" \/>\n<meta property=\"og:image\" content=\"https:\/\/ambipar.com\/latam\/wp-content\/uploads\/2020\/11\/mineracao.jpg\" \/>\n\t<meta property=\"og:image:width\" content=\"1000\" \/>\n\t<meta property=\"og:image:height\" content=\"1000\" \/>\n<meta name=\"twitter:card\" content=\"summary_large_image\" \/>\n<meta name=\"twitter:label1\" content=\"Est. reading time\" \/>\n\t<meta name=\"twitter:data1\" content=\"3 minutos\" \/>\n<script type=\"application\/ld+json\" class=\"yoast-schema-graph\">{\"@context\":\"https:\/\/schema.org\",\"@graph\":[{\"@type\":\"Organization\",\"@id\":\"https:\/\/ambipar.com\/latam\/#organization\",\"name\":\"Ambipar\",\"url\":\"https:\/\/ambipar.com\/latam\/\",\"sameAs\":[],\"logo\":{\"@type\":\"ImageObject\",\"@id\":\"https:\/\/ambipar.com\/latam\/#logo\",\"inLanguage\":\"es-CL\",\"url\":\"https:\/\/ambipar.com\/latam\/wp-content\/uploads\/2020\/10\/ambipar_color.png\",\"contentUrl\":\"https:\/\/ambipar.com\/latam\/wp-content\/uploads\/2020\/10\/ambipar_color.png\",\"width\":174,\"height\":107,\"caption\":\"Ambipar\"},\"image\":{\"@id\":\"https:\/\/ambipar.com\/latam\/#logo\"}},{\"@type\":\"WebSite\",\"@id\":\"https:\/\/ambipar.com\/latam\/#website\",\"url\":\"https:\/\/ambipar.com\/latam\/\",\"name\":\"Ambipar. A l\\u00edder em gest\\u00e3o ambiental.\",\"description\":\"Pioneira em solu\\u00e7\\u00f5es ambientais, a Ambipar atua em todo o territ\\u00f3rio nacional oferecendo solu\\u00e7\\u00f5es integradas para toda a cadeia de neg\\u00f3cio.\",\"publisher\":{\"@id\":\"https:\/\/ambipar.com\/latam\/#organization\"},\"potentialAction\":[{\"@type\":\"SearchAction\",\"target\":{\"@type\":\"EntryPoint\",\"urlTemplate\":\"https:\/\/ambipar.com\/latam\/?s={search_term_string}\"},\"query-input\":\"required name=search_term_string\"}],\"inLanguage\":\"es-CL\"},{\"@type\":\"ImageObject\",\"@id\":\"https:\/\/ambipar.com\/latam\/ambipar-response-3\/repuesta-a-emergencias\/emergencias-mineria\/#primaryimage\",\"inLanguage\":\"es-CL\",\"url\":\"https:\/\/ambipar.com\/latam\/wp-content\/uploads\/2020\/11\/mineracao.jpg\",\"contentUrl\":\"https:\/\/ambipar.com\/latam\/wp-content\/uploads\/2020\/11\/mineracao.jpg\",\"width\":1000,\"height\":1000,\"caption\":\"minera\\u00e7\\u00e3o\"},{\"@type\":\"WebPage\",\"@id\":\"https:\/\/ambipar.com\/latam\/ambipar-response-3\/repuesta-a-emergencias\/emergencias-mineria\/#webpage\",\"url\":\"https:\/\/ambipar.com\/latam\/ambipar-response-3\/repuesta-a-emergencias\/emergencias-mineria\/\",\"name\":\"Descubra los servicios de Emergencias Miner\\u00eda que ofrece Ambipar\",\"isPartOf\":{\"@id\":\"https:\/\/ambipar.com\/latam\/#website\"},\"primaryImageOfPage\":{\"@id\":\"https:\/\/ambipar.com\/latam\/ambipar-response-3\/repuesta-a-emergencias\/emergencias-mineria\/#primaryimage\"},\"datePublished\":\"2020-11-16T15:31:07+00:00\",\"dateModified\":\"2021-10-18T13:06:47+00:00\",\"description\":\"Ambipar brinda asistencia de emergencia para accidentes derivados de procesos mineros, como fugas y ruptura de presas\",\"breadcrumb\":{\"@id\":\"https:\/\/ambipar.com\/latam\/ambipar-response-3\/repuesta-a-emergencias\/emergencias-mineria\/#breadcrumb\"},\"inLanguage\":\"es-CL\",\"potentialAction\":[{\"@type\":\"ReadAction\",\"target\":[\"https:\/\/ambipar.com\/latam\/ambipar-response-3\/repuesta-a-emergencias\/emergencias-mineria\/\"]}]},{\"@type\":\"BreadcrumbList\",\"@id\":\"https:\/\/ambipar.com\/latam\/ambipar-response-3\/repuesta-a-emergencias\/emergencias-mineria\/#breadcrumb\",\"itemListElement\":[{\"@type\":\"ListItem\",\"position\":1,\"name\":\"Home\",\"item\":\"https:\/\/ambipar.com\/latam\/\"},{\"@type\":\"ListItem\",\"position\":2,\"name\":\"Ambipar Response\",\"item\":\"https:\/\/ambipar.com\/latam\/ambipar-response-3\/\"},{\"@type\":\"ListItem\",\"position\":3,\"name\":\"Respuesta a Emergencias\",\"item\":\"https:\/\/ambipar.com\/latam\/ambipar-response-3\/repuesta-a-emergencias\/\"},{\"@type\":\"ListItem\",\"position\":4,\"name\":\"Emergencias Miner\\u00eda\"}]}]}<\/script>\n<!-- \/ Yoast SEO plugin. -->","yoast_head_json":{"title":"Descubra los servicios de Emergencias Miner\u00eda que ofrece Ambipar","description":"Ambipar brinda asistencia de emergencia para accidentes derivados de procesos mineros, como fugas y ruptura de presas","robots":{"index":"index","follow":"follow","max-snippet":"max-snippet:-1","max-image-preview":"max-image-preview:large","max-video-preview":"max-video-preview:-1"},"canonical":"https:\/\/ambipar.com\/latam\/ambipar-response-3\/repuesta-a-emergencias\/emergencias-mineria\/","og_locale":"es_ES","og_type":"article","og_title":"Descubra los servicios de Emergencias Miner\u00eda que ofrece Ambipar","og_description":"Ambipar brinda asistencia de emergencia para accidentes derivados de procesos mineros, como fugas y ruptura de presas","og_url":"https:\/\/ambipar.com\/latam\/ambipar-response-3\/repuesta-a-emergencias\/emergencias-mineria\/","og_site_name":"Ambipar. A l\u00edder em gest\u00e3o ambiental.","article_modified_time":"2021-10-18T13:06:47+00:00","og_image":[{"width":1000,"height":1000,"url":"https:\/\/ambipar.com\/latam\/wp-content\/uploads\/2020\/11\/mineracao.jpg","type":"image\/jpeg"}],"twitter_card":"summary_large_image","twitter_misc":{"Est. reading time":"3 minutos"},"schema":{"@context":"https:\/\/schema.org","@graph":[{"@type":"Organization","@id":"https:\/\/ambipar.com\/latam\/#organization","name":"Ambipar","url":"https:\/\/ambipar.com\/latam\/","sameAs":[],"logo":{"@type":"ImageObject","@id":"https:\/\/ambipar.com\/latam\/#logo","inLanguage":"es-CL","url":"https:\/\/ambipar.com\/latam\/wp-content\/uploads\/2020\/10\/ambipar_color.png","contentUrl":"https:\/\/ambipar.com\/latam\/wp-content\/uploads\/2020\/10\/ambipar_color.png","width":174,"height":107,"caption":"Ambipar"},"image":{"@id":"https:\/\/ambipar.com\/latam\/#logo"}},{"@type":"WebSite","@id":"https:\/\/ambipar.com\/latam\/#website","url":"https:\/\/ambipar.com\/latam\/","name":"Ambipar. A l\u00edder em gest\u00e3o ambiental.","description":"Pioneira em solu\u00e7\u00f5es ambientais, a Ambipar atua em todo o territ\u00f3rio nacional oferecendo solu\u00e7\u00f5es integradas para toda a cadeia de neg\u00f3cio.","publisher":{"@id":"https:\/\/ambipar.com\/latam\/#organization"},"potentialAction":[{"@type":"SearchAction","target":{"@type":"EntryPoint","urlTemplate":"https:\/\/ambipar.com\/latam\/?s={search_term_string}"},"query-input":"required name=search_term_string"}],"inLanguage":"es-CL"},{"@type":"ImageObject","@id":"https:\/\/ambipar.com\/latam\/ambipar-response-3\/repuesta-a-emergencias\/emergencias-mineria\/#primaryimage","inLanguage":"es-CL","url":"https:\/\/ambipar.com\/latam\/wp-content\/uploads\/2020\/11\/mineracao.jpg","contentUrl":"https:\/\/ambipar.com\/latam\/wp-content\/uploads\/2020\/11\/mineracao.jpg","width":1000,"height":1000,"caption":"minera\u00e7\u00e3o"},{"@type":"WebPage","@id":"https:\/\/ambipar.com\/latam\/ambipar-response-3\/repuesta-a-emergencias\/emergencias-mineria\/#webpage","url":"https:\/\/ambipar.com\/latam\/ambipar-response-3\/repuesta-a-emergencias\/emergencias-mineria\/","name":"Descubra los servicios de Emergencias Miner\u00eda que ofrece Ambipar","isPartOf":{"@id":"https:\/\/ambipar.com\/latam\/#website"},"primaryImageOfPage":{"@id":"https:\/\/ambipar.com\/latam\/ambipar-response-3\/repuesta-a-emergencias\/emergencias-mineria\/#primaryimage"},"datePublished":"2020-11-16T15:31:07+00:00","dateModified":"2021-10-18T13:06:47+00:00","description":"Ambipar brinda asistencia de emergencia para accidentes derivados de procesos mineros, como fugas y ruptura de presas","breadcrumb":{"@id":"https:\/\/ambipar.com\/latam\/ambipar-response-3\/repuesta-a-emergencias\/emergencias-mineria\/#breadcrumb"},"inLanguage":"es-CL","potentialAction":[{"@type":"ReadAction","target":["https:\/\/ambipar.com\/latam\/ambipar-response-3\/repuesta-a-emergencias\/emergencias-mineria\/"]}]},{"@type":"BreadcrumbList","@id":"https:\/\/ambipar.com\/latam\/ambipar-response-3\/repuesta-a-emergencias\/emergencias-mineria\/#breadcrumb","itemListElement":[{"@type":"ListItem","position":1,"name":"Home","item":"https:\/\/ambipar.com\/latam\/"},{"@type":"ListItem","position":2,"name":"Ambipar Response","item":"https:\/\/ambipar.com\/latam\/ambipar-response-3\/"},{"@type":"ListItem","position":3,"name":"Respuesta a Emergencias","item":"https:\/\/ambipar.com\/latam\/ambipar-response-3\/repuesta-a-emergencias\/"},{"@type":"ListItem","position":4,"name":"Emergencias Miner\u00eda"}]}]}},"_links":{"self":[{"href":"https:\/\/ambipar.com\/latam\/wp-json\/wp\/v2\/pages\/2012"}],"collection":[{"href":"https:\/\/ambipar.com\/latam\/wp-json\/wp\/v2\/pages"}],"about":[{"href":"https:\/\/ambipar.com\/latam\/wp-json\/wp\/v2\/types\/page"}],"author":[{"embeddable":true,"href":"https:\/\/ambipar.com\/latam\/wp-json\/wp\/v2\/users\/1"}],"replies":[{"embeddable":true,"href":"https:\/\/ambipar.com\/latam\/wp-json\/wp\/v2\/comments?post=2012"}],"version-history":[{"count":7,"href":"https:\/\/ambipar.com\/latam\/wp-json\/wp\/v2\/pages\/2012\/revisions"}],"predecessor-version":[{"id":4328,"href":"https:\/\/ambipar.com\/latam\/wp-json\/wp\/v2\/pages\/2012\/revisions\/4328"}],"up":[{"embeddable":true,"href":"https:\/\/ambipar.com\/latam\/wp-json\/wp\/v2\/pages\/1944"}],"wp:featuredmedia":[{"embeddable":true,"href":"https:\/\/ambipar.com\/latam\/wp-json\/wp\/v2\/media\/1190"}],"wp:attachment":[{"href":"https:\/\/ambipar.com\/latam\/wp-json\/wp\/v2\/media?parent=2012"}],"curies":[{"name":"wp","href":"https:\/\/api.w.org\/{rel}","templated":true}]}}