{"id":2016,"date":"2020-11-16T13:17:05","date_gmt":"2020-11-16T16:17:05","guid":{"rendered":"https:\/\/ambipar.com\/latam\/?page_id=2016"},"modified":"2021-01-05T20:48:20","modified_gmt":"2021-01-05T23:48:20","slug":"highway-emergencies","status":"publish","type":"page","link":"https:\/\/ambipar.com\/latam\/en\/ambipar-response\/reposta-a-emergencias\/highway-emergencies\/","title":{"rendered":"Highway Emergencies"},"content":{"rendered":"\n<p>Scheduled and emergency assistance throughout the road network, involving dangerous or polluting products that are aggressive to man and the environment, based on national and international legislation, considering the one that is more restrictive.<\/p>\n\n\n\n<ul><li>Scope of National and International assistance<\/li><li>Elaboration of the Emergency Assistance Plan (NBR 15.480)<\/li><li>Rotograms<\/li><li>Internationally certified HAZMAT operators<\/li><li>Vehicles and equipment prepared for all scenarios<\/li><li>Emergency drills<\/li><\/ul>\n\n\n\n<p>See too:<\/p>\n\n\n\n<ul id=\"block-73d64ca6-11bb-49fa-8ed0-b7a2e8b7df37\"><li><a href=\"https:\/\/ambipar.com\/latam\/en\/ambipar-response\/reposta-a-emergencias\/emergency-service\/\">Emergency Service<\/a><\/li><li><a href=\"https:\/\/ambipar.com\/latam\/en\/ambipar-response\/reposta-a-emergencias\/control-and-management-center-of-emergencies-cecoe\/\">Control and Management Center of Emergencies (CECOE)<\/a><\/li><li><a href=\"https:\/\/ambipar.com\/latam\/en\/ambipar-response\/reposta-a-emergencias\/incident-command-system-sci\/\">Incident Command System (SCI)<\/a><\/li><li><a href=\"https:\/\/ambipar.com\/latam\/en\/ambipar-response\/reposta-a-emergencias\/marine-and-fluvial-emergencies\/\">Marine and Fluvial Emergencies<\/a><\/li><li><a href=\"https:\/\/ambipar.com\/latam\/en\/ambipar-response\/reposta-a-emergencias\/railway-emergencies\/\">Railway Emergencies<\/a><\/li><li><a href=\"https:\/\/ambipar.com\/latam\/en\/ambipar-response\/reposta-a-emergencias\/pipeline-emergencies\/\">Pipeline Emergencies<\/a><\/li><li><a href=\"https:\/\/ambipar.com\/latam\/en\/ambipar-response\/reposta-a-emergencias\/airport-emergencies\/\">Airport Emergencies<\/a><\/li><li><a href=\"https:\/\/ambipar.com\/latam\/en\/ambipar-response\/reposta-a-emergencias\/industrial-emergencies\/\">Industrial Emergencies<\/a><\/li><li><a href=\"https:\/\/ambipar.com\/latam\/en\/ambipar-response\/reposta-a-emergencias\/mining-emergencies\/\">Mining Emergencies<\/a><\/li><\/ul>\n","protected":false},"excerpt":{"rendered":"Scheduled and emergency assistance throughout the road network, involving dangerous or polluting products that are aggressive to man and the environment, based on national and international legislation, considering the one that is more restrictive. Scope of National and International assistance Elaboration of the Emergency Assistance Plan (NBR 15.480) Rotograms Internationally certified HAZMAT operators Vehicles and&#8230; <a class=\"view-article\" href=\"https:\/\/ambipar.com\/latam\/en\/ambipar-response\/reposta-a-emergencias\/highway-emergencies\/\">Ver art\u00edculo<\/a>","protected":false},"author":1,"featured_media":1168,"parent":1145,"menu_order":0,"comment_status":"closed","ping_status":"closed","template":"single-servicos.php","meta":[],"yoast_head":"<!-- This site is optimized with the Yoast SEO plugin v17.6 - https:\/\/yoast.com\/wordpress\/plugins\/seo\/ -->\n<title>Discover the Highway Emergencies services offered by Ambipar<\/title>\n<meta name=\"description\" content=\"Scheduled and emergency services throughout the road network, involving dangerous or polluting products that are aggressive\" \/>\n<meta name=\"robots\" content=\"index, follow, max-snippet:-1, max-image-preview:large, max-video-preview:-1\" \/>\n<link rel=\"canonical\" href=\"https:\/\/ambipar.com\/latam\/en\/ambipar-response\/reposta-a-emergencias\/highway-emergencies\/\" \/>\n<meta property=\"og:locale\" content=\"es_ES\" \/>\n<meta property=\"og:type\" content=\"article\" \/>\n<meta property=\"og:title\" content=\"Discover the Highway Emergencies services offered by Ambipar\" \/>\n<meta property=\"og:description\" content=\"Scheduled and emergency services throughout the road network, involving dangerous or polluting products that are aggressive\" \/>\n<meta property=\"og:url\" content=\"https:\/\/ambipar.com\/latam\/en\/ambipar-response\/reposta-a-emergencias\/highway-emergencies\/\" \/>\n<meta property=\"og:site_name\" content=\"Ambipar. A l\u00edder em gest\u00e3o ambiental.\" \/>\n<meta property=\"article:modified_time\" content=\"2021-01-05T23:48:20+00:00\" \/>\n<meta property=\"og:image\" content=\"https:\/\/ambipar.com\/latam\/wp-content\/uploads\/2020\/10\/emergencia3.jpg\" \/>\n\t<meta property=\"og:image:width\" content=\"1000\" \/>\n\t<meta property=\"og:image:height\" content=\"1000\" \/>\n<meta name=\"twitter:card\" content=\"summary_large_image\" \/>\n<script type=\"application\/ld+json\" class=\"yoast-schema-graph\">{\"@context\":\"https:\/\/schema.org\",\"@graph\":[{\"@type\":\"Organization\",\"@id\":\"https:\/\/ambipar.com\/latam\/#organization\",\"name\":\"Ambipar\",\"url\":\"https:\/\/ambipar.com\/latam\/\",\"sameAs\":[],\"logo\":{\"@type\":\"ImageObject\",\"@id\":\"https:\/\/ambipar.com\/latam\/#logo\",\"inLanguage\":\"es-CL\",\"url\":\"https:\/\/ambipar.com\/latam\/wp-content\/uploads\/2020\/10\/ambipar_color.png\",\"contentUrl\":\"https:\/\/ambipar.com\/latam\/wp-content\/uploads\/2020\/10\/ambipar_color.png\",\"width\":174,\"height\":107,\"caption\":\"Ambipar\"},\"image\":{\"@id\":\"https:\/\/ambipar.com\/latam\/#logo\"}},{\"@type\":\"WebSite\",\"@id\":\"https:\/\/ambipar.com\/latam\/#website\",\"url\":\"https:\/\/ambipar.com\/latam\/\",\"name\":\"Ambipar. A l\\u00edder em gest\\u00e3o ambiental.\",\"description\":\"Pioneira em solu\\u00e7\\u00f5es ambientais, a Ambipar atua em todo o territ\\u00f3rio nacional oferecendo solu\\u00e7\\u00f5es integradas para toda a cadeia de neg\\u00f3cio.\",\"publisher\":{\"@id\":\"https:\/\/ambipar.com\/latam\/#organization\"},\"potentialAction\":[{\"@type\":\"SearchAction\",\"target\":{\"@type\":\"EntryPoint\",\"urlTemplate\":\"https:\/\/ambipar.com\/latam\/?s={search_term_string}\"},\"query-input\":\"required name=search_term_string\"}],\"inLanguage\":\"es-CL\"},{\"@type\":\"ImageObject\",\"@id\":\"https:\/\/ambipar.com\/latam\/en\/ambipar-response\/reposta-a-emergencias\/highway-emergencies\/#primaryimage\",\"inLanguage\":\"es-CL\",\"url\":\"https:\/\/ambipar.com\/latam\/wp-content\/uploads\/2020\/10\/emergencia3.jpg\",\"contentUrl\":\"https:\/\/ambipar.com\/latam\/wp-content\/uploads\/2020\/10\/emergencia3.jpg\",\"width\":1000,\"height\":1000,\"caption\":\"emerg\\u00eancia\"},{\"@type\":\"WebPage\",\"@id\":\"https:\/\/ambipar.com\/latam\/en\/ambipar-response\/reposta-a-emergencias\/highway-emergencies\/#webpage\",\"url\":\"https:\/\/ambipar.com\/latam\/en\/ambipar-response\/reposta-a-emergencias\/highway-emergencies\/\",\"name\":\"Discover the Highway Emergencies services offered by Ambipar\",\"isPartOf\":{\"@id\":\"https:\/\/ambipar.com\/latam\/#website\"},\"primaryImageOfPage\":{\"@id\":\"https:\/\/ambipar.com\/latam\/en\/ambipar-response\/reposta-a-emergencias\/highway-emergencies\/#primaryimage\"},\"datePublished\":\"2020-11-16T16:17:05+00:00\",\"dateModified\":\"2021-01-05T23:48:20+00:00\",\"description\":\"Scheduled and emergency services throughout the road network, involving dangerous or polluting products that are aggressive\",\"breadcrumb\":{\"@id\":\"https:\/\/ambipar.com\/latam\/en\/ambipar-response\/reposta-a-emergencias\/highway-emergencies\/#breadcrumb\"},\"inLanguage\":\"es-CL\",\"potentialAction\":[{\"@type\":\"ReadAction\",\"target\":[\"https:\/\/ambipar.com\/latam\/en\/ambipar-response\/reposta-a-emergencias\/highway-emergencies\/\"]}]},{\"@type\":\"BreadcrumbList\",\"@id\":\"https:\/\/ambipar.com\/latam\/en\/ambipar-response\/reposta-a-emergencias\/highway-emergencies\/#breadcrumb\",\"itemListElement\":[{\"@type\":\"ListItem\",\"position\":1,\"name\":\"Home\",\"item\":\"https:\/\/ambipar.com\/latam\/\"},{\"@type\":\"ListItem\",\"position\":2,\"name\":\"Ambipar Response\",\"item\":\"https:\/\/ambipar.com\/latam\/pt\/ambipar-response\/\"},{\"@type\":\"ListItem\",\"position\":3,\"name\":\"Resposta a Emerg\\u00eancias\",\"item\":\"https:\/\/ambipar.com\/latam\/pt\/ambipar-response\/reposta-a-emergencias\/\"},{\"@type\":\"ListItem\",\"position\":4,\"name\":\"Highway Emergencies\"}]}]}<\/script>\n<!-- \/ Yoast SEO plugin. -->","yoast_head_json":{"title":"Discover the Highway Emergencies services offered by Ambipar","description":"Scheduled and emergency services throughout the road network, involving dangerous or polluting products that are aggressive","robots":{"index":"index","follow":"follow","max-snippet":"max-snippet:-1","max-image-preview":"max-image-preview:large","max-video-preview":"max-video-preview:-1"},"canonical":"https:\/\/ambipar.com\/latam\/en\/ambipar-response\/reposta-a-emergencias\/highway-emergencies\/","og_locale":"es_ES","og_type":"article","og_title":"Discover the Highway Emergencies services offered by Ambipar","og_description":"Scheduled and emergency services throughout the road network, involving dangerous or polluting products that are aggressive","og_url":"https:\/\/ambipar.com\/latam\/en\/ambipar-response\/reposta-a-emergencias\/highway-emergencies\/","og_site_name":"Ambipar. A l\u00edder em gest\u00e3o ambiental.","article_modified_time":"2021-01-05T23:48:20+00:00","og_image":[{"width":1000,"height":1000,"url":"https:\/\/ambipar.com\/latam\/wp-content\/uploads\/2020\/10\/emergencia3.jpg","type":"image\/jpeg"}],"twitter_card":"summary_large_image","schema":{"@context":"https:\/\/schema.org","@graph":[{"@type":"Organization","@id":"https:\/\/ambipar.com\/latam\/#organization","name":"Ambipar","url":"https:\/\/ambipar.com\/latam\/","sameAs":[],"logo":{"@type":"ImageObject","@id":"https:\/\/ambipar.com\/latam\/#logo","inLanguage":"es-CL","url":"https:\/\/ambipar.com\/latam\/wp-content\/uploads\/2020\/10\/ambipar_color.png","contentUrl":"https:\/\/ambipar.com\/latam\/wp-content\/uploads\/2020\/10\/ambipar_color.png","width":174,"height":107,"caption":"Ambipar"},"image":{"@id":"https:\/\/ambipar.com\/latam\/#logo"}},{"@type":"WebSite","@id":"https:\/\/ambipar.com\/latam\/#website","url":"https:\/\/ambipar.com\/latam\/","name":"Ambipar. A l\u00edder em gest\u00e3o ambiental.","description":"Pioneira em solu\u00e7\u00f5es ambientais, a Ambipar atua em todo o territ\u00f3rio nacional oferecendo solu\u00e7\u00f5es integradas para toda a cadeia de neg\u00f3cio.","publisher":{"@id":"https:\/\/ambipar.com\/latam\/#organization"},"potentialAction":[{"@type":"SearchAction","target":{"@type":"EntryPoint","urlTemplate":"https:\/\/ambipar.com\/latam\/?s={search_term_string}"},"query-input":"required name=search_term_string"}],"inLanguage":"es-CL"},{"@type":"ImageObject","@id":"https:\/\/ambipar.com\/latam\/en\/ambipar-response\/reposta-a-emergencias\/highway-emergencies\/#primaryimage","inLanguage":"es-CL","url":"https:\/\/ambipar.com\/latam\/wp-content\/uploads\/2020\/10\/emergencia3.jpg","contentUrl":"https:\/\/ambipar.com\/latam\/wp-content\/uploads\/2020\/10\/emergencia3.jpg","width":1000,"height":1000,"caption":"emerg\u00eancia"},{"@type":"WebPage","@id":"https:\/\/ambipar.com\/latam\/en\/ambipar-response\/reposta-a-emergencias\/highway-emergencies\/#webpage","url":"https:\/\/ambipar.com\/latam\/en\/ambipar-response\/reposta-a-emergencias\/highway-emergencies\/","name":"Discover the Highway Emergencies services offered by Ambipar","isPartOf":{"@id":"https:\/\/ambipar.com\/latam\/#website"},"primaryImageOfPage":{"@id":"https:\/\/ambipar.com\/latam\/en\/ambipar-response\/reposta-a-emergencias\/highway-emergencies\/#primaryimage"},"datePublished":"2020-11-16T16:17:05+00:00","dateModified":"2021-01-05T23:48:20+00:00","description":"Scheduled and emergency services throughout the road network, involving dangerous or polluting products that are aggressive","breadcrumb":{"@id":"https:\/\/ambipar.com\/latam\/en\/ambipar-response\/reposta-a-emergencias\/highway-emergencies\/#breadcrumb"},"inLanguage":"es-CL","potentialAction":[{"@type":"ReadAction","target":["https:\/\/ambipar.com\/latam\/en\/ambipar-response\/reposta-a-emergencias\/highway-emergencies\/"]}]},{"@type":"BreadcrumbList","@id":"https:\/\/ambipar.com\/latam\/en\/ambipar-response\/reposta-a-emergencias\/highway-emergencies\/#breadcrumb","itemListElement":[{"@type":"ListItem","position":1,"name":"Home","item":"https:\/\/ambipar.com\/latam\/"},{"@type":"ListItem","position":2,"name":"Ambipar Response","item":"https:\/\/ambipar.com\/latam\/pt\/ambipar-response\/"},{"@type":"ListItem","position":3,"name":"Resposta a Emerg\u00eancias","item":"https:\/\/ambipar.com\/latam\/pt\/ambipar-response\/reposta-a-emergencias\/"},{"@type":"ListItem","position":4,"name":"Highway Emergencies"}]}]}},"_links":{"self":[{"href":"https:\/\/ambipar.com\/latam\/wp-json\/wp\/v2\/pages\/2016"}],"collection":[{"href":"https:\/\/ambipar.com\/latam\/wp-json\/wp\/v2\/pages"}],"about":[{"href":"https:\/\/ambipar.com\/latam\/wp-json\/wp\/v2\/types\/page"}],"author":[{"embeddable":true,"href":"https:\/\/ambipar.com\/latam\/wp-json\/wp\/v2\/users\/1"}],"replies":[{"embeddable":true,"href":"https:\/\/ambipar.com\/latam\/wp-json\/wp\/v2\/comments?post=2016"}],"version-history":[{"count":3,"href":"https:\/\/ambipar.com\/latam\/wp-json\/wp\/v2\/pages\/2016\/revisions"}],"predecessor-version":[{"id":2478,"href":"https:\/\/ambipar.com\/latam\/wp-json\/wp\/v2\/pages\/2016\/revisions\/2478"}],"up":[{"embeddable":true,"href":"https:\/\/ambipar.com\/latam\/wp-json\/wp\/v2\/pages\/1145"}],"wp:featuredmedia":[{"embeddable":true,"href":"https:\/\/ambipar.com\/latam\/wp-json\/wp\/v2\/media\/1168"}],"wp:attachment":[{"href":"https:\/\/ambipar.com\/latam\/wp-json\/wp\/v2\/media?parent=2016"}],"curies":[{"name":"wp","href":"https:\/\/api.w.org\/{rel}","templated":true}]}}