{"id":2025,"date":"2020-11-16T13:27:05","date_gmt":"2020-11-16T16:27:05","guid":{"rendered":"https:\/\/ambipar.com\/latam\/?page_id=2025"},"modified":"2021-10-14T11:36:00","modified_gmt":"2021-10-14T14:36:00","slug":"sistema-de-comando-de-incidentes-sci-sala-de-crisis","status":"publish","type":"page","link":"https:\/\/ambipar.com\/latam\/ambipar-response-3\/repuesta-a-emergencias\/sistema-de-comando-de-incidentes-sci-sala-de-crisis\/","title":{"rendered":"Sistema de Comando de Incidentes (SCI) &#8211; Sala de Crisis"},"content":{"rendered":"\n<p>Ambipar pone a disposici\u00f3n de sus clientes su estructura de Comando de Incidentes para eventos de emergencias a gran escala, conformada por sus mayores especialistas en emergencias ambientales que permanecen reunidos en una Sala de Comando de Crisis e Incidentes, desde el inicio hasta el final de la operaci\u00f3n de emergencia. Los protocolos de manejo de emergencias siguen las pautas establecidas por FEMA, la Agencia Federal Estadounidense para el Manejo de Emergencias.<\/p>\n\n\n\n<p>La Sala de Crisis se puede estructurar en el Centro de Control y Gesti\u00f3n de Emergencias (CECOE) o en las instalaciones del cliente, cuando el cliente tiene una estructura de apoyo adecuada.<\/p>\n\n\n\n<p> Ambipar tambi\u00e9n pone a disposici\u00f3n sus veh\u00edculos de operaciones especiales para apoyo a sus clientes, en los que se estructuran las Salas de Crisis de apoyo al Comando de Incidentes en el sitio de emergencia, facilitando la comunicaci\u00f3n y la toma de decisiones en el momento de la emergencia. Sus veh\u00edculos especiales est\u00e1n equipados con c\u00e1maras de alta resoluci\u00f3n y sistemas internos de comunicaci\u00f3n por radio e internet interconectados en tiempo real con el CECOE.<\/p>\n\n\n\n<p>Vea tambi\u00e9n:<\/p>\n\n\n\n<ul><li><a href=\"https:\/\/ambipar.com\/latam\/ambipar-response-3\/repuesta-a-emergencias\/atencion-de-emergencia\/\">Atenci\u00f3n de Emergencia<\/a><\/li><li><a href=\"https:\/\/ambipar.com\/latam\/ambipar-response-3\/repuesta-a-emergencias\/central-de-control-y-gestion-de-emergencias-cecoe\/\">Central de Control y Gesti\u00f3n de Emergencias (CECOE)<\/a><\/li><li><a href=\"https:\/\/ambipar.com\/latam\/ambipar-response-3\/repuesta-a-emergencias\/emergencias-maritimas-y-fluviales\/\">Emergencias Mar\u00edtimas y Fluviales<\/a><\/li><li><a href=\"https:\/\/ambipar.com\/latam\/ambipar-response-3\/repuesta-a-emergencias\/emergencias-en-carreteras\/\">Emergencias en Carreteras<\/a><\/li><li><a href=\"https:\/\/ambipar.com\/latam\/ambipar-response-3\/repuesta-a-emergencias\/emergencias-en-ferrocarriles\/\">Emergencias en Ferrocarriles<\/a><\/li><li><a href=\"https:\/\/ambipar.com\/latam\/ambipar-response-3\/repuesta-a-emergencias\/emergencias-en-ductos\/\">Emergencias en Ductos<\/a><\/li><li><a href=\"https:\/\/ambipar.com\/latam\/ambipar-response-3\/repuesta-a-emergencias\/emergencias-en-aeropuertos\/\">Emergencias en Aeropuertos<\/a><\/li><li><a href=\"https:\/\/ambipar.com\/latam\/ambipar-response-3\/repuesta-a-emergencias\/emergencias-industriales\/\">Emergencias Industriales<\/a><\/li><li><a href=\"https:\/\/ambipar.com\/latam\/ambipar-response-3\/repuesta-a-emergencias\/emergencias-mineria\/\">Emergencias Miner\u00eda<\/a><\/li><\/ul>\n","protected":false},"excerpt":{"rendered":"Ambipar pone a disposici\u00f3n de sus clientes su estructura de Comando de Incidentes para eventos de emergencias a gran escala, conformada por sus mayores especialistas en emergencias ambientales que permanecen reunidos en una Sala de Comando de Crisis e Incidentes, desde el inicio hasta el final de la operaci\u00f3n de emergencia. Los protocolos de manejo&#8230; <a class=\"view-article\" href=\"https:\/\/ambipar.com\/latam\/ambipar-response-3\/repuesta-a-emergencias\/sistema-de-comando-de-incidentes-sci-sala-de-crisis\/\">Ver art\u00edculo<\/a>","protected":false},"author":1,"featured_media":1160,"parent":1944,"menu_order":0,"comment_status":"closed","ping_status":"closed","template":"single-servicos.php","meta":[],"yoast_head":"<!-- This site is optimized with the Yoast SEO plugin v17.6 - https:\/\/yoast.com\/wordpress\/plugins\/seo\/ -->\n<title>Conozca Sistema de Comando de Incidentes (SCI) ofrecido por Ambipar<\/title>\n<meta name=\"description\" content=\"Ambipar pone su estructura de Comando de Incidentes a disposici\u00f3n de sus clientes para emergencias a gran escala.\" \/>\n<meta name=\"robots\" content=\"index, follow, max-snippet:-1, max-image-preview:large, max-video-preview:-1\" \/>\n<link rel=\"canonical\" href=\"https:\/\/ambipar.com\/latam\/ambipar-response-3\/repuesta-a-emergencias\/sistema-de-comando-de-incidentes-sci-sala-de-crisis\/\" \/>\n<meta property=\"og:locale\" content=\"es_ES\" \/>\n<meta property=\"og:type\" content=\"article\" \/>\n<meta property=\"og:title\" content=\"Conozca Sistema de Comando de Incidentes (SCI) ofrecido por Ambipar\" \/>\n<meta property=\"og:description\" content=\"Ambipar pone su estructura de Comando de Incidentes a disposici\u00f3n de sus clientes para emergencias a gran escala.\" \/>\n<meta property=\"og:url\" content=\"https:\/\/ambipar.com\/latam\/ambipar-response-3\/repuesta-a-emergencias\/sistema-de-comando-de-incidentes-sci-sala-de-crisis\/\" \/>\n<meta property=\"og:site_name\" content=\"Ambipar. A l\u00edder em gest\u00e3o ambiental.\" \/>\n<meta property=\"article:modified_time\" content=\"2021-10-14T14:36:00+00:00\" \/>\n<meta property=\"og:image\" content=\"https:\/\/ambipar.com\/latam\/wp-content\/uploads\/2020\/10\/emergencia2.jpg\" \/>\n\t<meta property=\"og:image:width\" content=\"1000\" \/>\n\t<meta property=\"og:image:height\" content=\"1000\" \/>\n<meta name=\"twitter:card\" content=\"summary_large_image\" \/>\n<meta name=\"twitter:label1\" content=\"Est. reading time\" \/>\n\t<meta name=\"twitter:data1\" content=\"1 minuto\" \/>\n<script type=\"application\/ld+json\" class=\"yoast-schema-graph\">{\"@context\":\"https:\/\/schema.org\",\"@graph\":[{\"@type\":\"Organization\",\"@id\":\"https:\/\/ambipar.com\/latam\/#organization\",\"name\":\"Ambipar\",\"url\":\"https:\/\/ambipar.com\/latam\/\",\"sameAs\":[],\"logo\":{\"@type\":\"ImageObject\",\"@id\":\"https:\/\/ambipar.com\/latam\/#logo\",\"inLanguage\":\"es-CL\",\"url\":\"https:\/\/ambipar.com\/latam\/wp-content\/uploads\/2020\/10\/ambipar_color.png\",\"contentUrl\":\"https:\/\/ambipar.com\/latam\/wp-content\/uploads\/2020\/10\/ambipar_color.png\",\"width\":174,\"height\":107,\"caption\":\"Ambipar\"},\"image\":{\"@id\":\"https:\/\/ambipar.com\/latam\/#logo\"}},{\"@type\":\"WebSite\",\"@id\":\"https:\/\/ambipar.com\/latam\/#website\",\"url\":\"https:\/\/ambipar.com\/latam\/\",\"name\":\"Ambipar. A l\\u00edder em gest\\u00e3o ambiental.\",\"description\":\"Pioneira em solu\\u00e7\\u00f5es ambientais, a Ambipar atua em todo o territ\\u00f3rio nacional oferecendo solu\\u00e7\\u00f5es integradas para toda a cadeia de neg\\u00f3cio.\",\"publisher\":{\"@id\":\"https:\/\/ambipar.com\/latam\/#organization\"},\"potentialAction\":[{\"@type\":\"SearchAction\",\"target\":{\"@type\":\"EntryPoint\",\"urlTemplate\":\"https:\/\/ambipar.com\/latam\/?s={search_term_string}\"},\"query-input\":\"required name=search_term_string\"}],\"inLanguage\":\"es-CL\"},{\"@type\":\"ImageObject\",\"@id\":\"https:\/\/ambipar.com\/latam\/ambipar-response-3\/repuesta-a-emergencias\/sistema-de-comando-de-incidentes-sci-sala-de-crisis\/#primaryimage\",\"inLanguage\":\"es-CL\",\"url\":\"https:\/\/ambipar.com\/latam\/wp-content\/uploads\/2020\/10\/emergencia2.jpg\",\"contentUrl\":\"https:\/\/ambipar.com\/latam\/wp-content\/uploads\/2020\/10\/emergencia2.jpg\",\"width\":1000,\"height\":1000,\"caption\":\"emerg\\u00eancia\"},{\"@type\":\"WebPage\",\"@id\":\"https:\/\/ambipar.com\/latam\/ambipar-response-3\/repuesta-a-emergencias\/sistema-de-comando-de-incidentes-sci-sala-de-crisis\/#webpage\",\"url\":\"https:\/\/ambipar.com\/latam\/ambipar-response-3\/repuesta-a-emergencias\/sistema-de-comando-de-incidentes-sci-sala-de-crisis\/\",\"name\":\"Conozca Sistema de Comando de Incidentes (SCI) ofrecido por Ambipar\",\"isPartOf\":{\"@id\":\"https:\/\/ambipar.com\/latam\/#website\"},\"primaryImageOfPage\":{\"@id\":\"https:\/\/ambipar.com\/latam\/ambipar-response-3\/repuesta-a-emergencias\/sistema-de-comando-de-incidentes-sci-sala-de-crisis\/#primaryimage\"},\"datePublished\":\"2020-11-16T16:27:05+00:00\",\"dateModified\":\"2021-10-14T14:36:00+00:00\",\"description\":\"Ambipar pone su estructura de Comando de Incidentes a disposici\\u00f3n de sus clientes para emergencias a gran escala.\",\"breadcrumb\":{\"@id\":\"https:\/\/ambipar.com\/latam\/ambipar-response-3\/repuesta-a-emergencias\/sistema-de-comando-de-incidentes-sci-sala-de-crisis\/#breadcrumb\"},\"inLanguage\":\"es-CL\",\"potentialAction\":[{\"@type\":\"ReadAction\",\"target\":[\"https:\/\/ambipar.com\/latam\/ambipar-response-3\/repuesta-a-emergencias\/sistema-de-comando-de-incidentes-sci-sala-de-crisis\/\"]}]},{\"@type\":\"BreadcrumbList\",\"@id\":\"https:\/\/ambipar.com\/latam\/ambipar-response-3\/repuesta-a-emergencias\/sistema-de-comando-de-incidentes-sci-sala-de-crisis\/#breadcrumb\",\"itemListElement\":[{\"@type\":\"ListItem\",\"position\":1,\"name\":\"Home\",\"item\":\"https:\/\/ambipar.com\/latam\/\"},{\"@type\":\"ListItem\",\"position\":2,\"name\":\"Ambipar Response\",\"item\":\"https:\/\/ambipar.com\/latam\/ambipar-response-3\/\"},{\"@type\":\"ListItem\",\"position\":3,\"name\":\"Respuesta a Emergencias\",\"item\":\"https:\/\/ambipar.com\/latam\/ambipar-response-3\/repuesta-a-emergencias\/\"},{\"@type\":\"ListItem\",\"position\":4,\"name\":\"Sistema de Comando de Incidentes (SCI) &#8211; Sala de Crisis\"}]}]}<\/script>\n<!-- \/ Yoast SEO plugin. -->","yoast_head_json":{"title":"Conozca Sistema de Comando de Incidentes (SCI) ofrecido por Ambipar","description":"Ambipar pone su estructura de Comando de Incidentes a disposici\u00f3n de sus clientes para emergencias a gran escala.","robots":{"index":"index","follow":"follow","max-snippet":"max-snippet:-1","max-image-preview":"max-image-preview:large","max-video-preview":"max-video-preview:-1"},"canonical":"https:\/\/ambipar.com\/latam\/ambipar-response-3\/repuesta-a-emergencias\/sistema-de-comando-de-incidentes-sci-sala-de-crisis\/","og_locale":"es_ES","og_type":"article","og_title":"Conozca Sistema de Comando de Incidentes (SCI) ofrecido por Ambipar","og_description":"Ambipar pone su estructura de Comando de Incidentes a disposici\u00f3n de sus clientes para emergencias a gran escala.","og_url":"https:\/\/ambipar.com\/latam\/ambipar-response-3\/repuesta-a-emergencias\/sistema-de-comando-de-incidentes-sci-sala-de-crisis\/","og_site_name":"Ambipar. A l\u00edder em gest\u00e3o ambiental.","article_modified_time":"2021-10-14T14:36:00+00:00","og_image":[{"width":1000,"height":1000,"url":"https:\/\/ambipar.com\/latam\/wp-content\/uploads\/2020\/10\/emergencia2.jpg","type":"image\/jpeg"}],"twitter_card":"summary_large_image","twitter_misc":{"Est. reading time":"1 minuto"},"schema":{"@context":"https:\/\/schema.org","@graph":[{"@type":"Organization","@id":"https:\/\/ambipar.com\/latam\/#organization","name":"Ambipar","url":"https:\/\/ambipar.com\/latam\/","sameAs":[],"logo":{"@type":"ImageObject","@id":"https:\/\/ambipar.com\/latam\/#logo","inLanguage":"es-CL","url":"https:\/\/ambipar.com\/latam\/wp-content\/uploads\/2020\/10\/ambipar_color.png","contentUrl":"https:\/\/ambipar.com\/latam\/wp-content\/uploads\/2020\/10\/ambipar_color.png","width":174,"height":107,"caption":"Ambipar"},"image":{"@id":"https:\/\/ambipar.com\/latam\/#logo"}},{"@type":"WebSite","@id":"https:\/\/ambipar.com\/latam\/#website","url":"https:\/\/ambipar.com\/latam\/","name":"Ambipar. A l\u00edder em gest\u00e3o ambiental.","description":"Pioneira em solu\u00e7\u00f5es ambientais, a Ambipar atua em todo o territ\u00f3rio nacional oferecendo solu\u00e7\u00f5es integradas para toda a cadeia de neg\u00f3cio.","publisher":{"@id":"https:\/\/ambipar.com\/latam\/#organization"},"potentialAction":[{"@type":"SearchAction","target":{"@type":"EntryPoint","urlTemplate":"https:\/\/ambipar.com\/latam\/?s={search_term_string}"},"query-input":"required name=search_term_string"}],"inLanguage":"es-CL"},{"@type":"ImageObject","@id":"https:\/\/ambipar.com\/latam\/ambipar-response-3\/repuesta-a-emergencias\/sistema-de-comando-de-incidentes-sci-sala-de-crisis\/#primaryimage","inLanguage":"es-CL","url":"https:\/\/ambipar.com\/latam\/wp-content\/uploads\/2020\/10\/emergencia2.jpg","contentUrl":"https:\/\/ambipar.com\/latam\/wp-content\/uploads\/2020\/10\/emergencia2.jpg","width":1000,"height":1000,"caption":"emerg\u00eancia"},{"@type":"WebPage","@id":"https:\/\/ambipar.com\/latam\/ambipar-response-3\/repuesta-a-emergencias\/sistema-de-comando-de-incidentes-sci-sala-de-crisis\/#webpage","url":"https:\/\/ambipar.com\/latam\/ambipar-response-3\/repuesta-a-emergencias\/sistema-de-comando-de-incidentes-sci-sala-de-crisis\/","name":"Conozca Sistema de Comando de Incidentes (SCI) ofrecido por Ambipar","isPartOf":{"@id":"https:\/\/ambipar.com\/latam\/#website"},"primaryImageOfPage":{"@id":"https:\/\/ambipar.com\/latam\/ambipar-response-3\/repuesta-a-emergencias\/sistema-de-comando-de-incidentes-sci-sala-de-crisis\/#primaryimage"},"datePublished":"2020-11-16T16:27:05+00:00","dateModified":"2021-10-14T14:36:00+00:00","description":"Ambipar pone su estructura de Comando de Incidentes a disposici\u00f3n de sus clientes para emergencias a gran escala.","breadcrumb":{"@id":"https:\/\/ambipar.com\/latam\/ambipar-response-3\/repuesta-a-emergencias\/sistema-de-comando-de-incidentes-sci-sala-de-crisis\/#breadcrumb"},"inLanguage":"es-CL","potentialAction":[{"@type":"ReadAction","target":["https:\/\/ambipar.com\/latam\/ambipar-response-3\/repuesta-a-emergencias\/sistema-de-comando-de-incidentes-sci-sala-de-crisis\/"]}]},{"@type":"BreadcrumbList","@id":"https:\/\/ambipar.com\/latam\/ambipar-response-3\/repuesta-a-emergencias\/sistema-de-comando-de-incidentes-sci-sala-de-crisis\/#breadcrumb","itemListElement":[{"@type":"ListItem","position":1,"name":"Home","item":"https:\/\/ambipar.com\/latam\/"},{"@type":"ListItem","position":2,"name":"Ambipar Response","item":"https:\/\/ambipar.com\/latam\/ambipar-response-3\/"},{"@type":"ListItem","position":3,"name":"Respuesta a Emergencias","item":"https:\/\/ambipar.com\/latam\/ambipar-response-3\/repuesta-a-emergencias\/"},{"@type":"ListItem","position":4,"name":"Sistema de Comando de Incidentes (SCI) &#8211; Sala de Crisis"}]}]}},"_links":{"self":[{"href":"https:\/\/ambipar.com\/latam\/wp-json\/wp\/v2\/pages\/2025"}],"collection":[{"href":"https:\/\/ambipar.com\/latam\/wp-json\/wp\/v2\/pages"}],"about":[{"href":"https:\/\/ambipar.com\/latam\/wp-json\/wp\/v2\/types\/page"}],"author":[{"embeddable":true,"href":"https:\/\/ambipar.com\/latam\/wp-json\/wp\/v2\/users\/1"}],"replies":[{"embeddable":true,"href":"https:\/\/ambipar.com\/latam\/wp-json\/wp\/v2\/comments?post=2025"}],"version-history":[{"count":4,"href":"https:\/\/ambipar.com\/latam\/wp-json\/wp\/v2\/pages\/2025\/revisions"}],"predecessor-version":[{"id":4276,"href":"https:\/\/ambipar.com\/latam\/wp-json\/wp\/v2\/pages\/2025\/revisions\/4276"}],"up":[{"embeddable":true,"href":"https:\/\/ambipar.com\/latam\/wp-json\/wp\/v2\/pages\/1944"}],"wp:featuredmedia":[{"embeddable":true,"href":"https:\/\/ambipar.com\/latam\/wp-json\/wp\/v2\/media\/1160"}],"wp:attachment":[{"href":"https:\/\/ambipar.com\/latam\/wp-json\/wp\/v2\/media?parent=2025"}],"curies":[{"name":"wp","href":"https:\/\/api.w.org\/{rel}","templated":true}]}}