{"id":2048,"date":"2020-11-16T13:44:50","date_gmt":"2020-11-16T16:44:50","guid":{"rendered":"https:\/\/ambipar.com\/latam\/?page_id=2048"},"modified":"2021-01-05T20:49:49","modified_gmt":"2021-01-05T23:49:49","slug":"decommissioning","status":"publish","type":"page","link":"https:\/\/ambipar.com\/latam\/en\/ambipar-response\/servicos-industriais\/decommissioning\/","title":{"rendered":"Decommissioning"},"content":{"rendered":"\n<p>Ambipar removes waste and residues from emergencies involving fires. In the offshore region, oil and gas production facilities are deactivated. In addition, wells are buffered, removing all equipment and dismantling.<\/p>\n\n\n\n<p>Decommissioning can be done at:<\/p>\n\n\n\n<ul><li>Marine environment<\/li><li>Enterprises<\/li><li>Field<\/li><\/ul>\n\n\n\n<p>See too:<\/p>\n\n\n\n<ul id=\"block-bd2656e2-3d59-4434-92a1-3c613661fa14\"><li><a href=\"https:\/\/ambipar.com\/latam\/en\/ambipar-response\/servicos-industriais\/cleansing-of-silos\/\">Cleansing of Silos<\/a><\/li><li><a href=\"https:\/\/ambipar.com\/latam\/en\/ambipar-response\/servicos-industriais\/manual-cleansing-and-confined-spaces\/\">Manual Cleansing and Confined Spaces<\/a><\/li><li><a href=\"https:\/\/ambipar.com\/latam\/en\/ambipar-response\/servicos-industriais\/ports-and-offshore\/\">Ports and Offshore<\/a><\/li><li><a href=\"https:\/\/ambipar.com\/latam\/en\/ambipar-response\/servicos-industriais\/transference-between-tanks\/\">Transference between Tanks<\/a><\/li><li><a href=\"https:\/\/ambipar.com\/latam\/en\/ambipar-response\/servicos-industriais\/demolition-of-degraded-areas\/\">Demolition of Degraded Areas<\/a><\/li><li><a href=\"https:\/\/ambipar.com\/latam\/en\/ambipar-response\/servicos-industriais\/soil-remediation\/\">Soil Remediation<\/a><\/li><\/ul>\n","protected":false},"excerpt":{"rendered":"Ambipar removes waste and residues from emergencies involving fires. In the offshore region, oil and gas production facilities are deactivated. In addition, wells are buffered, removing all equipment and dismantling. Decommissioning can be done at: Marine environment Enterprises Field See too: Cleansing of Silos Manual Cleansing and Confined Spaces Ports and Offshore Transference between Tanks&#8230; <a class=\"view-article\" href=\"https:\/\/ambipar.com\/latam\/en\/ambipar-response\/servicos-industriais\/decommissioning\/\">Ver art\u00edculo<\/a>","protected":false},"author":1,"featured_media":1230,"parent":1210,"menu_order":0,"comment_status":"closed","ping_status":"closed","template":"single-servicos.php","meta":[],"yoast_head":"<!-- This site is optimized with the Yoast SEO plugin v17.6 - https:\/\/yoast.com\/wordpress\/plugins\/seo\/ -->\n<title>Discover the Decommissioning offered by Ambipar Response<\/title>\n<meta name=\"description\" content=\"Ambipar removes waste and residues from emergencies involving fires. Offshore, installations are deactivated\" \/>\n<meta name=\"robots\" content=\"index, follow, max-snippet:-1, max-image-preview:large, max-video-preview:-1\" \/>\n<link rel=\"canonical\" href=\"https:\/\/ambipar.com\/latam\/en\/ambipar-response\/servicos-industriais\/decommissioning\/\" \/>\n<meta property=\"og:locale\" content=\"es_ES\" \/>\n<meta property=\"og:type\" content=\"article\" \/>\n<meta property=\"og:title\" content=\"Discover the Decommissioning offered by Ambipar Response\" \/>\n<meta property=\"og:description\" content=\"Ambipar removes waste and residues from emergencies involving fires. Offshore, installations are deactivated\" \/>\n<meta property=\"og:url\" content=\"https:\/\/ambipar.com\/latam\/en\/ambipar-response\/servicos-industriais\/decommissioning\/\" \/>\n<meta property=\"og:site_name\" content=\"Ambipar. A l\u00edder em gest\u00e3o ambiental.\" \/>\n<meta property=\"article:modified_time\" content=\"2021-01-05T23:49:49+00:00\" \/>\n<meta property=\"og:image\" content=\"https:\/\/ambipar.com\/latam\/wp-content\/uploads\/2020\/11\/descomissionamento.jpg\" \/>\n\t<meta property=\"og:image:width\" content=\"1000\" \/>\n\t<meta property=\"og:image:height\" content=\"1000\" \/>\n<meta name=\"twitter:card\" content=\"summary_large_image\" \/>\n<script type=\"application\/ld+json\" class=\"yoast-schema-graph\">{\"@context\":\"https:\/\/schema.org\",\"@graph\":[{\"@type\":\"Organization\",\"@id\":\"https:\/\/ambipar.com\/latam\/#organization\",\"name\":\"Ambipar\",\"url\":\"https:\/\/ambipar.com\/latam\/\",\"sameAs\":[],\"logo\":{\"@type\":\"ImageObject\",\"@id\":\"https:\/\/ambipar.com\/latam\/#logo\",\"inLanguage\":\"es-CL\",\"url\":\"https:\/\/ambipar.com\/latam\/wp-content\/uploads\/2020\/10\/ambipar_color.png\",\"contentUrl\":\"https:\/\/ambipar.com\/latam\/wp-content\/uploads\/2020\/10\/ambipar_color.png\",\"width\":174,\"height\":107,\"caption\":\"Ambipar\"},\"image\":{\"@id\":\"https:\/\/ambipar.com\/latam\/#logo\"}},{\"@type\":\"WebSite\",\"@id\":\"https:\/\/ambipar.com\/latam\/#website\",\"url\":\"https:\/\/ambipar.com\/latam\/\",\"name\":\"Ambipar. A l\\u00edder em gest\\u00e3o ambiental.\",\"description\":\"Pioneira em solu\\u00e7\\u00f5es ambientais, a Ambipar atua em todo o territ\\u00f3rio nacional oferecendo solu\\u00e7\\u00f5es integradas para toda a cadeia de neg\\u00f3cio.\",\"publisher\":{\"@id\":\"https:\/\/ambipar.com\/latam\/#organization\"},\"potentialAction\":[{\"@type\":\"SearchAction\",\"target\":{\"@type\":\"EntryPoint\",\"urlTemplate\":\"https:\/\/ambipar.com\/latam\/?s={search_term_string}\"},\"query-input\":\"required name=search_term_string\"}],\"inLanguage\":\"es-CL\"},{\"@type\":\"ImageObject\",\"@id\":\"https:\/\/ambipar.com\/latam\/en\/ambipar-response\/servicos-industriais\/decommissioning\/#primaryimage\",\"inLanguage\":\"es-CL\",\"url\":\"https:\/\/ambipar.com\/latam\/wp-content\/uploads\/2020\/11\/descomissionamento.jpg\",\"contentUrl\":\"https:\/\/ambipar.com\/latam\/wp-content\/uploads\/2020\/11\/descomissionamento.jpg\",\"width\":1000,\"height\":1000,\"caption\":\"descomissionamento\"},{\"@type\":\"WebPage\",\"@id\":\"https:\/\/ambipar.com\/latam\/en\/ambipar-response\/servicos-industriais\/decommissioning\/#webpage\",\"url\":\"https:\/\/ambipar.com\/latam\/en\/ambipar-response\/servicos-industriais\/decommissioning\/\",\"name\":\"Discover the Decommissioning offered by Ambipar Response\",\"isPartOf\":{\"@id\":\"https:\/\/ambipar.com\/latam\/#website\"},\"primaryImageOfPage\":{\"@id\":\"https:\/\/ambipar.com\/latam\/en\/ambipar-response\/servicos-industriais\/decommissioning\/#primaryimage\"},\"datePublished\":\"2020-11-16T16:44:50+00:00\",\"dateModified\":\"2021-01-05T23:49:49+00:00\",\"description\":\"Ambipar removes waste and residues from emergencies involving fires. Offshore, installations are deactivated\",\"breadcrumb\":{\"@id\":\"https:\/\/ambipar.com\/latam\/en\/ambipar-response\/servicos-industriais\/decommissioning\/#breadcrumb\"},\"inLanguage\":\"es-CL\",\"potentialAction\":[{\"@type\":\"ReadAction\",\"target\":[\"https:\/\/ambipar.com\/latam\/en\/ambipar-response\/servicos-industriais\/decommissioning\/\"]}]},{\"@type\":\"BreadcrumbList\",\"@id\":\"https:\/\/ambipar.com\/latam\/en\/ambipar-response\/servicos-industriais\/decommissioning\/#breadcrumb\",\"itemListElement\":[{\"@type\":\"ListItem\",\"position\":1,\"name\":\"Home\",\"item\":\"https:\/\/ambipar.com\/latam\/\"},{\"@type\":\"ListItem\",\"position\":2,\"name\":\"Ambipar Response\",\"item\":\"https:\/\/ambipar.com\/latam\/pt\/ambipar-response\/\"},{\"@type\":\"ListItem\",\"position\":3,\"name\":\"Servi\\u00e7os Industriais\",\"item\":\"https:\/\/ambipar.com\/latam\/pt\/ambipar-response\/servicos-industriais\/\"},{\"@type\":\"ListItem\",\"position\":4,\"name\":\"Decommissioning\"}]}]}<\/script>\n<!-- \/ Yoast SEO plugin. -->","yoast_head_json":{"title":"Discover the Decommissioning offered by Ambipar Response","description":"Ambipar removes waste and residues from emergencies involving fires. Offshore, installations are deactivated","robots":{"index":"index","follow":"follow","max-snippet":"max-snippet:-1","max-image-preview":"max-image-preview:large","max-video-preview":"max-video-preview:-1"},"canonical":"https:\/\/ambipar.com\/latam\/en\/ambipar-response\/servicos-industriais\/decommissioning\/","og_locale":"es_ES","og_type":"article","og_title":"Discover the Decommissioning offered by Ambipar Response","og_description":"Ambipar removes waste and residues from emergencies involving fires. Offshore, installations are deactivated","og_url":"https:\/\/ambipar.com\/latam\/en\/ambipar-response\/servicos-industriais\/decommissioning\/","og_site_name":"Ambipar. A l\u00edder em gest\u00e3o ambiental.","article_modified_time":"2021-01-05T23:49:49+00:00","og_image":[{"width":1000,"height":1000,"url":"https:\/\/ambipar.com\/latam\/wp-content\/uploads\/2020\/11\/descomissionamento.jpg","type":"image\/jpeg"}],"twitter_card":"summary_large_image","schema":{"@context":"https:\/\/schema.org","@graph":[{"@type":"Organization","@id":"https:\/\/ambipar.com\/latam\/#organization","name":"Ambipar","url":"https:\/\/ambipar.com\/latam\/","sameAs":[],"logo":{"@type":"ImageObject","@id":"https:\/\/ambipar.com\/latam\/#logo","inLanguage":"es-CL","url":"https:\/\/ambipar.com\/latam\/wp-content\/uploads\/2020\/10\/ambipar_color.png","contentUrl":"https:\/\/ambipar.com\/latam\/wp-content\/uploads\/2020\/10\/ambipar_color.png","width":174,"height":107,"caption":"Ambipar"},"image":{"@id":"https:\/\/ambipar.com\/latam\/#logo"}},{"@type":"WebSite","@id":"https:\/\/ambipar.com\/latam\/#website","url":"https:\/\/ambipar.com\/latam\/","name":"Ambipar. A l\u00edder em gest\u00e3o ambiental.","description":"Pioneira em solu\u00e7\u00f5es ambientais, a Ambipar atua em todo o territ\u00f3rio nacional oferecendo solu\u00e7\u00f5es integradas para toda a cadeia de neg\u00f3cio.","publisher":{"@id":"https:\/\/ambipar.com\/latam\/#organization"},"potentialAction":[{"@type":"SearchAction","target":{"@type":"EntryPoint","urlTemplate":"https:\/\/ambipar.com\/latam\/?s={search_term_string}"},"query-input":"required name=search_term_string"}],"inLanguage":"es-CL"},{"@type":"ImageObject","@id":"https:\/\/ambipar.com\/latam\/en\/ambipar-response\/servicos-industriais\/decommissioning\/#primaryimage","inLanguage":"es-CL","url":"https:\/\/ambipar.com\/latam\/wp-content\/uploads\/2020\/11\/descomissionamento.jpg","contentUrl":"https:\/\/ambipar.com\/latam\/wp-content\/uploads\/2020\/11\/descomissionamento.jpg","width":1000,"height":1000,"caption":"descomissionamento"},{"@type":"WebPage","@id":"https:\/\/ambipar.com\/latam\/en\/ambipar-response\/servicos-industriais\/decommissioning\/#webpage","url":"https:\/\/ambipar.com\/latam\/en\/ambipar-response\/servicos-industriais\/decommissioning\/","name":"Discover the Decommissioning offered by Ambipar Response","isPartOf":{"@id":"https:\/\/ambipar.com\/latam\/#website"},"primaryImageOfPage":{"@id":"https:\/\/ambipar.com\/latam\/en\/ambipar-response\/servicos-industriais\/decommissioning\/#primaryimage"},"datePublished":"2020-11-16T16:44:50+00:00","dateModified":"2021-01-05T23:49:49+00:00","description":"Ambipar removes waste and residues from emergencies involving fires. Offshore, installations are deactivated","breadcrumb":{"@id":"https:\/\/ambipar.com\/latam\/en\/ambipar-response\/servicos-industriais\/decommissioning\/#breadcrumb"},"inLanguage":"es-CL","potentialAction":[{"@type":"ReadAction","target":["https:\/\/ambipar.com\/latam\/en\/ambipar-response\/servicos-industriais\/decommissioning\/"]}]},{"@type":"BreadcrumbList","@id":"https:\/\/ambipar.com\/latam\/en\/ambipar-response\/servicos-industriais\/decommissioning\/#breadcrumb","itemListElement":[{"@type":"ListItem","position":1,"name":"Home","item":"https:\/\/ambipar.com\/latam\/"},{"@type":"ListItem","position":2,"name":"Ambipar Response","item":"https:\/\/ambipar.com\/latam\/pt\/ambipar-response\/"},{"@type":"ListItem","position":3,"name":"Servi\u00e7os Industriais","item":"https:\/\/ambipar.com\/latam\/pt\/ambipar-response\/servicos-industriais\/"},{"@type":"ListItem","position":4,"name":"Decommissioning"}]}]}},"_links":{"self":[{"href":"https:\/\/ambipar.com\/latam\/wp-json\/wp\/v2\/pages\/2048"}],"collection":[{"href":"https:\/\/ambipar.com\/latam\/wp-json\/wp\/v2\/pages"}],"about":[{"href":"https:\/\/ambipar.com\/latam\/wp-json\/wp\/v2\/types\/page"}],"author":[{"embeddable":true,"href":"https:\/\/ambipar.com\/latam\/wp-json\/wp\/v2\/users\/1"}],"replies":[{"embeddable":true,"href":"https:\/\/ambipar.com\/latam\/wp-json\/wp\/v2\/comments?post=2048"}],"version-history":[{"count":3,"href":"https:\/\/ambipar.com\/latam\/wp-json\/wp\/v2\/pages\/2048\/revisions"}],"predecessor-version":[{"id":2493,"href":"https:\/\/ambipar.com\/latam\/wp-json\/wp\/v2\/pages\/2048\/revisions\/2493"}],"up":[{"embeddable":true,"href":"https:\/\/ambipar.com\/latam\/wp-json\/wp\/v2\/pages\/1210"}],"wp:featuredmedia":[{"embeddable":true,"href":"https:\/\/ambipar.com\/latam\/wp-json\/wp\/v2\/media\/1230"}],"wp:attachment":[{"href":"https:\/\/ambipar.com\/latam\/wp-json\/wp\/v2\/media?parent=2048"}],"curies":[{"name":"wp","href":"https:\/\/api.w.org\/{rel}","templated":true}]}}