{"id":2057,"date":"2020-11-16T13:54:06","date_gmt":"2020-11-16T16:54:06","guid":{"rendered":"https:\/\/ambipar.com\/latam\/?page_id=2057"},"modified":"2021-10-14T11:43:20","modified_gmt":"2021-10-14T14:43:20","slug":"limpieza-de-silos","status":"publish","type":"page","link":"https:\/\/ambipar.com\/latam\/ambipar-response-3\/servicios-industriales\/limpieza-de-silos\/","title":{"rendered":"Limpieza de Silos"},"content":{"rendered":"\n<p>Equipos modernos con tecnolog\u00eda de agregados para la realizaci\u00f3n de servicios de limpieza de silos, mecanizados o manuales (acceso por cuerda &#8211; Asociaci\u00f3n Industrial de Acceso por Cuerda (IRATA).<\/p>\n\n\n\n<p>Equipos para la extracci\u00f3n de material industrial endurecido (escoria, cl\u00ednker, cemento, cal, caliza, granos de cereales, harinas, etc.).<\/p>\n\n\n\n<p>Elimina el material agregado en las paredes interiores del silo tritur\u00e1ndolo a trav\u00e9s de un Rotor (motor Hidr\u00e1ulico de alta velocidad con herramientas adecuadas para cada tipo de material) y Taladro Hidr\u00e1ulico (Equipo para desbloquear el Silo cuando el material se encuentra en forma de losa en el interior del silo).<\/p>\n\n\n\n<p>Vea tambi\u00e9n:<\/p>\n\n\n\n<ul><li><a href=\"https:\/\/ambipar.com\/latam\/ambipar-response-3\/servicios-industriales\/limpieza-manual-y-espacios-confinados\/\">Limpieza Manual y Espacios Confinados<\/a><\/li><li><a href=\"https:\/\/ambipar.com\/latam\/ambipar-response-3\/servicios-industriales\/puertos-y-offshore\/\">Puertos y Offshore<\/a><\/li><li><a href=\"https:\/\/ambipar.com\/latam\/ambipar-response-3\/servicios-industriales\/transferencia-entre-tanques-2\/\">Transferencia entre Tanques<\/a><\/li><li><a href=\"https:\/\/ambipar.com\/latam\/ambipar-response-3\/servicios-industriales\/desmantelamiento\/\">Desmantelamiento<\/a><\/li><li><a href=\"https:\/\/ambipar.com\/latam\/ambipar-response-3\/servicios-industriales\/demolicion-de-areas-degradadas\/\">Demolici\u00f3n de \u00c1reas Degradadas<\/a><\/li><li><a href=\"https:\/\/ambipar.com\/latam\/ambipar-response-3\/servicios-industriales\/remediacion-del-suelo\/\">Remediaci\u00f3n del Suelo<\/a><\/li><\/ul>\n","protected":false},"excerpt":{"rendered":"Equipos modernos con tecnolog\u00eda de agregados para la realizaci\u00f3n de servicios de limpieza de silos, mecanizados o manuales (acceso por cuerda &#8211; Asociaci\u00f3n Industrial de Acceso por Cuerda (IRATA). Equipos para la extracci\u00f3n de material industrial endurecido (escoria, cl\u00ednker, cemento, cal, caliza, granos de cereales, harinas, etc.). Elimina el material agregado en las paredes interiores&#8230; <a class=\"view-article\" href=\"https:\/\/ambipar.com\/latam\/ambipar-response-3\/servicios-industriales\/limpieza-de-silos\/\">Ver art\u00edculo<\/a>","protected":false},"author":1,"featured_media":1213,"parent":2039,"menu_order":0,"comment_status":"closed","ping_status":"closed","template":"single-servicos.php","meta":[],"yoast_head":"<!-- This site is optimized with the Yoast SEO plugin v17.6 - https:\/\/yoast.com\/wordpress\/plugins\/seo\/ -->\n<title>Descubra el servicio de Limpieza de Silos que ofrece Ambipar<\/title>\n<meta name=\"description\" content=\"Equipos modernos con tecnolog\u00eda a\u00f1adida para la realizaci\u00f3n de servicios de limpieza de silos, mecanizados o manuales\" \/>\n<meta name=\"robots\" content=\"index, follow, max-snippet:-1, max-image-preview:large, max-video-preview:-1\" \/>\n<link rel=\"canonical\" href=\"https:\/\/ambipar.com\/latam\/ambipar-response-3\/servicios-industriales\/limpieza-de-silos\/\" \/>\n<meta property=\"og:locale\" content=\"es_ES\" \/>\n<meta property=\"og:type\" content=\"article\" \/>\n<meta property=\"og:title\" content=\"Descubra el servicio de Limpieza de Silos que ofrece Ambipar\" \/>\n<meta property=\"og:description\" content=\"Equipos modernos con tecnolog\u00eda a\u00f1adida para la realizaci\u00f3n de servicios de limpieza de silos, mecanizados o manuales\" \/>\n<meta property=\"og:url\" content=\"https:\/\/ambipar.com\/latam\/ambipar-response-3\/servicios-industriales\/limpieza-de-silos\/\" \/>\n<meta property=\"og:site_name\" content=\"Ambipar. A l\u00edder em gest\u00e3o ambiental.\" \/>\n<meta property=\"article:modified_time\" content=\"2021-10-14T14:43:20+00:00\" \/>\n<meta property=\"og:image\" content=\"https:\/\/ambipar.com\/latam\/wp-content\/uploads\/2020\/11\/silos.jpg\" \/>\n\t<meta property=\"og:image:width\" content=\"1000\" \/>\n\t<meta property=\"og:image:height\" content=\"1000\" \/>\n<meta name=\"twitter:card\" content=\"summary_large_image\" \/>\n<meta name=\"twitter:label1\" content=\"Est. reading time\" \/>\n\t<meta name=\"twitter:data1\" content=\"1 minuto\" \/>\n<script type=\"application\/ld+json\" class=\"yoast-schema-graph\">{\"@context\":\"https:\/\/schema.org\",\"@graph\":[{\"@type\":\"Organization\",\"@id\":\"https:\/\/ambipar.com\/latam\/#organization\",\"name\":\"Ambipar\",\"url\":\"https:\/\/ambipar.com\/latam\/\",\"sameAs\":[],\"logo\":{\"@type\":\"ImageObject\",\"@id\":\"https:\/\/ambipar.com\/latam\/#logo\",\"inLanguage\":\"es-CL\",\"url\":\"https:\/\/ambipar.com\/latam\/wp-content\/uploads\/2020\/10\/ambipar_color.png\",\"contentUrl\":\"https:\/\/ambipar.com\/latam\/wp-content\/uploads\/2020\/10\/ambipar_color.png\",\"width\":174,\"height\":107,\"caption\":\"Ambipar\"},\"image\":{\"@id\":\"https:\/\/ambipar.com\/latam\/#logo\"}},{\"@type\":\"WebSite\",\"@id\":\"https:\/\/ambipar.com\/latam\/#website\",\"url\":\"https:\/\/ambipar.com\/latam\/\",\"name\":\"Ambipar. A l\\u00edder em gest\\u00e3o ambiental.\",\"description\":\"Pioneira em solu\\u00e7\\u00f5es ambientais, a Ambipar atua em todo o territ\\u00f3rio nacional oferecendo solu\\u00e7\\u00f5es integradas para toda a cadeia de neg\\u00f3cio.\",\"publisher\":{\"@id\":\"https:\/\/ambipar.com\/latam\/#organization\"},\"potentialAction\":[{\"@type\":\"SearchAction\",\"target\":{\"@type\":\"EntryPoint\",\"urlTemplate\":\"https:\/\/ambipar.com\/latam\/?s={search_term_string}\"},\"query-input\":\"required name=search_term_string\"}],\"inLanguage\":\"es-CL\"},{\"@type\":\"ImageObject\",\"@id\":\"https:\/\/ambipar.com\/latam\/ambipar-response-3\/servicios-industriales\/limpieza-de-silos\/#primaryimage\",\"inLanguage\":\"es-CL\",\"url\":\"https:\/\/ambipar.com\/latam\/wp-content\/uploads\/2020\/11\/silos.jpg\",\"contentUrl\":\"https:\/\/ambipar.com\/latam\/wp-content\/uploads\/2020\/11\/silos.jpg\",\"width\":1000,\"height\":1000,\"caption\":\"silos\"},{\"@type\":\"WebPage\",\"@id\":\"https:\/\/ambipar.com\/latam\/ambipar-response-3\/servicios-industriales\/limpieza-de-silos\/#webpage\",\"url\":\"https:\/\/ambipar.com\/latam\/ambipar-response-3\/servicios-industriales\/limpieza-de-silos\/\",\"name\":\"Descubra el servicio de Limpieza de Silos que ofrece Ambipar\",\"isPartOf\":{\"@id\":\"https:\/\/ambipar.com\/latam\/#website\"},\"primaryImageOfPage\":{\"@id\":\"https:\/\/ambipar.com\/latam\/ambipar-response-3\/servicios-industriales\/limpieza-de-silos\/#primaryimage\"},\"datePublished\":\"2020-11-16T16:54:06+00:00\",\"dateModified\":\"2021-10-14T14:43:20+00:00\",\"description\":\"Equipos modernos con tecnolog\\u00eda a\\u00f1adida para la realizaci\\u00f3n de servicios de limpieza de silos, mecanizados o manuales\",\"breadcrumb\":{\"@id\":\"https:\/\/ambipar.com\/latam\/ambipar-response-3\/servicios-industriales\/limpieza-de-silos\/#breadcrumb\"},\"inLanguage\":\"es-CL\",\"potentialAction\":[{\"@type\":\"ReadAction\",\"target\":[\"https:\/\/ambipar.com\/latam\/ambipar-response-3\/servicios-industriales\/limpieza-de-silos\/\"]}]},{\"@type\":\"BreadcrumbList\",\"@id\":\"https:\/\/ambipar.com\/latam\/ambipar-response-3\/servicios-industriales\/limpieza-de-silos\/#breadcrumb\",\"itemListElement\":[{\"@type\":\"ListItem\",\"position\":1,\"name\":\"Home\",\"item\":\"https:\/\/ambipar.com\/latam\/\"},{\"@type\":\"ListItem\",\"position\":2,\"name\":\"Ambipar Response\",\"item\":\"https:\/\/ambipar.com\/latam\/ambipar-response-3\/\"},{\"@type\":\"ListItem\",\"position\":3,\"name\":\"Servicios Industriales\",\"item\":\"https:\/\/ambipar.com\/latam\/ambipar-response-3\/servicios-industriales\/\"},{\"@type\":\"ListItem\",\"position\":4,\"name\":\"Limpieza de Silos\"}]}]}<\/script>\n<!-- \/ Yoast SEO plugin. -->","yoast_head_json":{"title":"Descubra el servicio de Limpieza de Silos que ofrece Ambipar","description":"Equipos modernos con tecnolog\u00eda a\u00f1adida para la realizaci\u00f3n de servicios de limpieza de silos, mecanizados o manuales","robots":{"index":"index","follow":"follow","max-snippet":"max-snippet:-1","max-image-preview":"max-image-preview:large","max-video-preview":"max-video-preview:-1"},"canonical":"https:\/\/ambipar.com\/latam\/ambipar-response-3\/servicios-industriales\/limpieza-de-silos\/","og_locale":"es_ES","og_type":"article","og_title":"Descubra el servicio de Limpieza de Silos que ofrece Ambipar","og_description":"Equipos modernos con tecnolog\u00eda a\u00f1adida para la realizaci\u00f3n de servicios de limpieza de silos, mecanizados o manuales","og_url":"https:\/\/ambipar.com\/latam\/ambipar-response-3\/servicios-industriales\/limpieza-de-silos\/","og_site_name":"Ambipar. A l\u00edder em gest\u00e3o ambiental.","article_modified_time":"2021-10-14T14:43:20+00:00","og_image":[{"width":1000,"height":1000,"url":"https:\/\/ambipar.com\/latam\/wp-content\/uploads\/2020\/11\/silos.jpg","type":"image\/jpeg"}],"twitter_card":"summary_large_image","twitter_misc":{"Est. reading time":"1 minuto"},"schema":{"@context":"https:\/\/schema.org","@graph":[{"@type":"Organization","@id":"https:\/\/ambipar.com\/latam\/#organization","name":"Ambipar","url":"https:\/\/ambipar.com\/latam\/","sameAs":[],"logo":{"@type":"ImageObject","@id":"https:\/\/ambipar.com\/latam\/#logo","inLanguage":"es-CL","url":"https:\/\/ambipar.com\/latam\/wp-content\/uploads\/2020\/10\/ambipar_color.png","contentUrl":"https:\/\/ambipar.com\/latam\/wp-content\/uploads\/2020\/10\/ambipar_color.png","width":174,"height":107,"caption":"Ambipar"},"image":{"@id":"https:\/\/ambipar.com\/latam\/#logo"}},{"@type":"WebSite","@id":"https:\/\/ambipar.com\/latam\/#website","url":"https:\/\/ambipar.com\/latam\/","name":"Ambipar. A l\u00edder em gest\u00e3o ambiental.","description":"Pioneira em solu\u00e7\u00f5es ambientais, a Ambipar atua em todo o territ\u00f3rio nacional oferecendo solu\u00e7\u00f5es integradas para toda a cadeia de neg\u00f3cio.","publisher":{"@id":"https:\/\/ambipar.com\/latam\/#organization"},"potentialAction":[{"@type":"SearchAction","target":{"@type":"EntryPoint","urlTemplate":"https:\/\/ambipar.com\/latam\/?s={search_term_string}"},"query-input":"required name=search_term_string"}],"inLanguage":"es-CL"},{"@type":"ImageObject","@id":"https:\/\/ambipar.com\/latam\/ambipar-response-3\/servicios-industriales\/limpieza-de-silos\/#primaryimage","inLanguage":"es-CL","url":"https:\/\/ambipar.com\/latam\/wp-content\/uploads\/2020\/11\/silos.jpg","contentUrl":"https:\/\/ambipar.com\/latam\/wp-content\/uploads\/2020\/11\/silos.jpg","width":1000,"height":1000,"caption":"silos"},{"@type":"WebPage","@id":"https:\/\/ambipar.com\/latam\/ambipar-response-3\/servicios-industriales\/limpieza-de-silos\/#webpage","url":"https:\/\/ambipar.com\/latam\/ambipar-response-3\/servicios-industriales\/limpieza-de-silos\/","name":"Descubra el servicio de Limpieza de Silos que ofrece Ambipar","isPartOf":{"@id":"https:\/\/ambipar.com\/latam\/#website"},"primaryImageOfPage":{"@id":"https:\/\/ambipar.com\/latam\/ambipar-response-3\/servicios-industriales\/limpieza-de-silos\/#primaryimage"},"datePublished":"2020-11-16T16:54:06+00:00","dateModified":"2021-10-14T14:43:20+00:00","description":"Equipos modernos con tecnolog\u00eda a\u00f1adida para la realizaci\u00f3n de servicios de limpieza de silos, mecanizados o manuales","breadcrumb":{"@id":"https:\/\/ambipar.com\/latam\/ambipar-response-3\/servicios-industriales\/limpieza-de-silos\/#breadcrumb"},"inLanguage":"es-CL","potentialAction":[{"@type":"ReadAction","target":["https:\/\/ambipar.com\/latam\/ambipar-response-3\/servicios-industriales\/limpieza-de-silos\/"]}]},{"@type":"BreadcrumbList","@id":"https:\/\/ambipar.com\/latam\/ambipar-response-3\/servicios-industriales\/limpieza-de-silos\/#breadcrumb","itemListElement":[{"@type":"ListItem","position":1,"name":"Home","item":"https:\/\/ambipar.com\/latam\/"},{"@type":"ListItem","position":2,"name":"Ambipar Response","item":"https:\/\/ambipar.com\/latam\/ambipar-response-3\/"},{"@type":"ListItem","position":3,"name":"Servicios Industriales","item":"https:\/\/ambipar.com\/latam\/ambipar-response-3\/servicios-industriales\/"},{"@type":"ListItem","position":4,"name":"Limpieza de Silos"}]}]}},"_links":{"self":[{"href":"https:\/\/ambipar.com\/latam\/wp-json\/wp\/v2\/pages\/2057"}],"collection":[{"href":"https:\/\/ambipar.com\/latam\/wp-json\/wp\/v2\/pages"}],"about":[{"href":"https:\/\/ambipar.com\/latam\/wp-json\/wp\/v2\/types\/page"}],"author":[{"embeddable":true,"href":"https:\/\/ambipar.com\/latam\/wp-json\/wp\/v2\/users\/1"}],"replies":[{"embeddable":true,"href":"https:\/\/ambipar.com\/latam\/wp-json\/wp\/v2\/comments?post=2057"}],"version-history":[{"count":4,"href":"https:\/\/ambipar.com\/latam\/wp-json\/wp\/v2\/pages\/2057\/revisions"}],"predecessor-version":[{"id":4284,"href":"https:\/\/ambipar.com\/latam\/wp-json\/wp\/v2\/pages\/2057\/revisions\/4284"}],"up":[{"embeddable":true,"href":"https:\/\/ambipar.com\/latam\/wp-json\/wp\/v2\/pages\/2039"}],"wp:featuredmedia":[{"embeddable":true,"href":"https:\/\/ambipar.com\/latam\/wp-json\/wp\/v2\/media\/1213"}],"wp:attachment":[{"href":"https:\/\/ambipar.com\/latam\/wp-json\/wp\/v2\/media?parent=2057"}],"curies":[{"name":"wp","href":"https:\/\/api.w.org\/{rel}","templated":true}]}}