{"id":2067,"date":"2020-11-16T14:03:33","date_gmt":"2020-11-16T17:03:33","guid":{"rendered":"https:\/\/ambipar.com\/latam\/?page_id=2067"},"modified":"2021-01-05T20:52:26","modified_gmt":"2021-01-05T23:52:26","slug":"ports-and-offshore","status":"publish","type":"page","link":"https:\/\/ambipar.com\/latam\/en\/ambipar-response\/servicos-industriais\/ports-and-offshore\/","title":{"rendered":"Ports and Offshore"},"content":{"rendered":"\n<p>Industrial services in Ports and Offshore as:<\/p>\n\n\n\n<ul><li>Waste management from offshore activities, ports and shipyards<\/li><li>Specialized cleaning in confined spaces for ships and tanks<\/li><li>Specialized pumping and suction services<\/li><li>Cleaning lines in vessels, tanks, equipment, industries and others<\/li><\/ul>\n\n\n\n<p>See too:<\/p>\n\n\n\n<ul id=\"block-bd2656e2-3d59-4434-92a1-3c613661fa14\"><li><a href=\"https:\/\/ambipar.com\/latam\/en\/ambipar-response\/servicos-industriais\/cleansing-of-silos\/\">Cleansing of Silos<\/a><\/li><li><a href=\"https:\/\/ambipar.com\/latam\/en\/ambipar-response\/servicos-industriais\/manual-cleansing-and-confined-spaces\/\">Manual Cleansing and Confined Spaces<\/a><\/li><li><a href=\"https:\/\/ambipar.com\/latam\/en\/ambipar-response\/servicos-industriais\/transference-between-tanks\/\">Transference between Tanks<\/a><\/li><li><a href=\"https:\/\/ambipar.com\/latam\/en\/ambipar-response\/servicos-industriais\/decommissioning\/\">Decommissioning<\/a><\/li><li><a href=\"https:\/\/ambipar.com\/latam\/en\/ambipar-response\/servicos-industriais\/demolition-of-degraded-areas\/\">Demolition of Degraded Areas<\/a><\/li><li><a href=\"https:\/\/ambipar.com\/latam\/en\/ambipar-response\/servicos-industriais\/soil-remediation\/\">Soil Remediation<\/a><\/li><\/ul>\n","protected":false},"excerpt":{"rendered":"Industrial services in Ports and Offshore as: Waste management from offshore activities, ports and shipyards Specialized cleaning in confined spaces for ships and tanks Specialized pumping and suction services Cleaning lines in vessels, tanks, equipment, industries and others See too: Cleansing of Silos Manual Cleansing and Confined Spaces Transference between Tanks Decommissioning Demolition of Degraded&#8230; <a class=\"view-article\" href=\"https:\/\/ambipar.com\/latam\/en\/ambipar-response\/servicos-industriais\/ports-and-offshore\/\">Ver art\u00edculo<\/a>","protected":false},"author":1,"featured_media":1221,"parent":1210,"menu_order":0,"comment_status":"closed","ping_status":"closed","template":"single-servicos.php","meta":[],"yoast_head":"<!-- This site is optimized with the Yoast SEO plugin v17.6 - https:\/\/yoast.com\/wordpress\/plugins\/seo\/ -->\n<title>Discover the services in Ports and Offshore offered by Ambipar<\/title>\n<meta name=\"description\" content=\"Industrial services in Ports and Offshore as: Waste management from offshore activities, ports and shipyards\" \/>\n<meta name=\"robots\" content=\"index, follow, max-snippet:-1, max-image-preview:large, max-video-preview:-1\" \/>\n<link rel=\"canonical\" href=\"https:\/\/ambipar.com\/latam\/en\/ambipar-response\/servicos-industriais\/ports-and-offshore\/\" \/>\n<meta property=\"og:locale\" content=\"es_ES\" \/>\n<meta property=\"og:type\" content=\"article\" \/>\n<meta property=\"og:title\" content=\"Discover the services in Ports and Offshore offered by Ambipar\" \/>\n<meta property=\"og:description\" content=\"Industrial services in Ports and Offshore as: Waste management from offshore activities, ports and shipyards\" \/>\n<meta property=\"og:url\" content=\"https:\/\/ambipar.com\/latam\/en\/ambipar-response\/servicos-industriais\/ports-and-offshore\/\" \/>\n<meta property=\"og:site_name\" content=\"Ambipar. A l\u00edder em gest\u00e3o ambiental.\" \/>\n<meta property=\"article:modified_time\" content=\"2021-01-05T23:52:26+00:00\" \/>\n<meta property=\"og:image\" content=\"https:\/\/ambipar.com\/latam\/wp-content\/uploads\/2020\/11\/offshore.jpg\" \/>\n\t<meta property=\"og:image:width\" content=\"1000\" \/>\n\t<meta property=\"og:image:height\" content=\"1000\" \/>\n<meta name=\"twitter:card\" content=\"summary_large_image\" \/>\n<script type=\"application\/ld+json\" class=\"yoast-schema-graph\">{\"@context\":\"https:\/\/schema.org\",\"@graph\":[{\"@type\":\"Organization\",\"@id\":\"https:\/\/ambipar.com\/latam\/#organization\",\"name\":\"Ambipar\",\"url\":\"https:\/\/ambipar.com\/latam\/\",\"sameAs\":[],\"logo\":{\"@type\":\"ImageObject\",\"@id\":\"https:\/\/ambipar.com\/latam\/#logo\",\"inLanguage\":\"es-CL\",\"url\":\"https:\/\/ambipar.com\/latam\/wp-content\/uploads\/2020\/10\/ambipar_color.png\",\"contentUrl\":\"https:\/\/ambipar.com\/latam\/wp-content\/uploads\/2020\/10\/ambipar_color.png\",\"width\":174,\"height\":107,\"caption\":\"Ambipar\"},\"image\":{\"@id\":\"https:\/\/ambipar.com\/latam\/#logo\"}},{\"@type\":\"WebSite\",\"@id\":\"https:\/\/ambipar.com\/latam\/#website\",\"url\":\"https:\/\/ambipar.com\/latam\/\",\"name\":\"Ambipar. A l\\u00edder em gest\\u00e3o ambiental.\",\"description\":\"Pioneira em solu\\u00e7\\u00f5es ambientais, a Ambipar atua em todo o territ\\u00f3rio nacional oferecendo solu\\u00e7\\u00f5es integradas para toda a cadeia de neg\\u00f3cio.\",\"publisher\":{\"@id\":\"https:\/\/ambipar.com\/latam\/#organization\"},\"potentialAction\":[{\"@type\":\"SearchAction\",\"target\":{\"@type\":\"EntryPoint\",\"urlTemplate\":\"https:\/\/ambipar.com\/latam\/?s={search_term_string}\"},\"query-input\":\"required name=search_term_string\"}],\"inLanguage\":\"es-CL\"},{\"@type\":\"ImageObject\",\"@id\":\"https:\/\/ambipar.com\/latam\/en\/ambipar-response\/servicos-industriais\/ports-and-offshore\/#primaryimage\",\"inLanguage\":\"es-CL\",\"url\":\"https:\/\/ambipar.com\/latam\/wp-content\/uploads\/2020\/11\/offshore.jpg\",\"contentUrl\":\"https:\/\/ambipar.com\/latam\/wp-content\/uploads\/2020\/11\/offshore.jpg\",\"width\":1000,\"height\":1000,\"caption\":\"offshore\"},{\"@type\":\"WebPage\",\"@id\":\"https:\/\/ambipar.com\/latam\/en\/ambipar-response\/servicos-industriais\/ports-and-offshore\/#webpage\",\"url\":\"https:\/\/ambipar.com\/latam\/en\/ambipar-response\/servicos-industriais\/ports-and-offshore\/\",\"name\":\"Discover the services in Ports and Offshore offered by Ambipar\",\"isPartOf\":{\"@id\":\"https:\/\/ambipar.com\/latam\/#website\"},\"primaryImageOfPage\":{\"@id\":\"https:\/\/ambipar.com\/latam\/en\/ambipar-response\/servicos-industriais\/ports-and-offshore\/#primaryimage\"},\"datePublished\":\"2020-11-16T17:03:33+00:00\",\"dateModified\":\"2021-01-05T23:52:26+00:00\",\"description\":\"Industrial services in Ports and Offshore as: Waste management from offshore activities, ports and shipyards\",\"breadcrumb\":{\"@id\":\"https:\/\/ambipar.com\/latam\/en\/ambipar-response\/servicos-industriais\/ports-and-offshore\/#breadcrumb\"},\"inLanguage\":\"es-CL\",\"potentialAction\":[{\"@type\":\"ReadAction\",\"target\":[\"https:\/\/ambipar.com\/latam\/en\/ambipar-response\/servicos-industriais\/ports-and-offshore\/\"]}]},{\"@type\":\"BreadcrumbList\",\"@id\":\"https:\/\/ambipar.com\/latam\/en\/ambipar-response\/servicos-industriais\/ports-and-offshore\/#breadcrumb\",\"itemListElement\":[{\"@type\":\"ListItem\",\"position\":1,\"name\":\"Home\",\"item\":\"https:\/\/ambipar.com\/latam\/\"},{\"@type\":\"ListItem\",\"position\":2,\"name\":\"Ambipar Response\",\"item\":\"https:\/\/ambipar.com\/latam\/pt\/ambipar-response\/\"},{\"@type\":\"ListItem\",\"position\":3,\"name\":\"Servi\\u00e7os Industriais\",\"item\":\"https:\/\/ambipar.com\/latam\/pt\/ambipar-response\/servicos-industriais\/\"},{\"@type\":\"ListItem\",\"position\":4,\"name\":\"Ports and Offshore\"}]}]}<\/script>\n<!-- \/ Yoast SEO plugin. -->","yoast_head_json":{"title":"Discover the services in Ports and Offshore offered by Ambipar","description":"Industrial services in Ports and Offshore as: Waste management from offshore activities, ports and shipyards","robots":{"index":"index","follow":"follow","max-snippet":"max-snippet:-1","max-image-preview":"max-image-preview:large","max-video-preview":"max-video-preview:-1"},"canonical":"https:\/\/ambipar.com\/latam\/en\/ambipar-response\/servicos-industriais\/ports-and-offshore\/","og_locale":"es_ES","og_type":"article","og_title":"Discover the services in Ports and Offshore offered by Ambipar","og_description":"Industrial services in Ports and Offshore as: Waste management from offshore activities, ports and shipyards","og_url":"https:\/\/ambipar.com\/latam\/en\/ambipar-response\/servicos-industriais\/ports-and-offshore\/","og_site_name":"Ambipar. A l\u00edder em gest\u00e3o ambiental.","article_modified_time":"2021-01-05T23:52:26+00:00","og_image":[{"width":1000,"height":1000,"url":"https:\/\/ambipar.com\/latam\/wp-content\/uploads\/2020\/11\/offshore.jpg","type":"image\/jpeg"}],"twitter_card":"summary_large_image","schema":{"@context":"https:\/\/schema.org","@graph":[{"@type":"Organization","@id":"https:\/\/ambipar.com\/latam\/#organization","name":"Ambipar","url":"https:\/\/ambipar.com\/latam\/","sameAs":[],"logo":{"@type":"ImageObject","@id":"https:\/\/ambipar.com\/latam\/#logo","inLanguage":"es-CL","url":"https:\/\/ambipar.com\/latam\/wp-content\/uploads\/2020\/10\/ambipar_color.png","contentUrl":"https:\/\/ambipar.com\/latam\/wp-content\/uploads\/2020\/10\/ambipar_color.png","width":174,"height":107,"caption":"Ambipar"},"image":{"@id":"https:\/\/ambipar.com\/latam\/#logo"}},{"@type":"WebSite","@id":"https:\/\/ambipar.com\/latam\/#website","url":"https:\/\/ambipar.com\/latam\/","name":"Ambipar. A l\u00edder em gest\u00e3o ambiental.","description":"Pioneira em solu\u00e7\u00f5es ambientais, a Ambipar atua em todo o territ\u00f3rio nacional oferecendo solu\u00e7\u00f5es integradas para toda a cadeia de neg\u00f3cio.","publisher":{"@id":"https:\/\/ambipar.com\/latam\/#organization"},"potentialAction":[{"@type":"SearchAction","target":{"@type":"EntryPoint","urlTemplate":"https:\/\/ambipar.com\/latam\/?s={search_term_string}"},"query-input":"required name=search_term_string"}],"inLanguage":"es-CL"},{"@type":"ImageObject","@id":"https:\/\/ambipar.com\/latam\/en\/ambipar-response\/servicos-industriais\/ports-and-offshore\/#primaryimage","inLanguage":"es-CL","url":"https:\/\/ambipar.com\/latam\/wp-content\/uploads\/2020\/11\/offshore.jpg","contentUrl":"https:\/\/ambipar.com\/latam\/wp-content\/uploads\/2020\/11\/offshore.jpg","width":1000,"height":1000,"caption":"offshore"},{"@type":"WebPage","@id":"https:\/\/ambipar.com\/latam\/en\/ambipar-response\/servicos-industriais\/ports-and-offshore\/#webpage","url":"https:\/\/ambipar.com\/latam\/en\/ambipar-response\/servicos-industriais\/ports-and-offshore\/","name":"Discover the services in Ports and Offshore offered by Ambipar","isPartOf":{"@id":"https:\/\/ambipar.com\/latam\/#website"},"primaryImageOfPage":{"@id":"https:\/\/ambipar.com\/latam\/en\/ambipar-response\/servicos-industriais\/ports-and-offshore\/#primaryimage"},"datePublished":"2020-11-16T17:03:33+00:00","dateModified":"2021-01-05T23:52:26+00:00","description":"Industrial services in Ports and Offshore as: Waste management from offshore activities, ports and shipyards","breadcrumb":{"@id":"https:\/\/ambipar.com\/latam\/en\/ambipar-response\/servicos-industriais\/ports-and-offshore\/#breadcrumb"},"inLanguage":"es-CL","potentialAction":[{"@type":"ReadAction","target":["https:\/\/ambipar.com\/latam\/en\/ambipar-response\/servicos-industriais\/ports-and-offshore\/"]}]},{"@type":"BreadcrumbList","@id":"https:\/\/ambipar.com\/latam\/en\/ambipar-response\/servicos-industriais\/ports-and-offshore\/#breadcrumb","itemListElement":[{"@type":"ListItem","position":1,"name":"Home","item":"https:\/\/ambipar.com\/latam\/"},{"@type":"ListItem","position":2,"name":"Ambipar Response","item":"https:\/\/ambipar.com\/latam\/pt\/ambipar-response\/"},{"@type":"ListItem","position":3,"name":"Servi\u00e7os Industriais","item":"https:\/\/ambipar.com\/latam\/pt\/ambipar-response\/servicos-industriais\/"},{"@type":"ListItem","position":4,"name":"Ports and Offshore"}]}]}},"_links":{"self":[{"href":"https:\/\/ambipar.com\/latam\/wp-json\/wp\/v2\/pages\/2067"}],"collection":[{"href":"https:\/\/ambipar.com\/latam\/wp-json\/wp\/v2\/pages"}],"about":[{"href":"https:\/\/ambipar.com\/latam\/wp-json\/wp\/v2\/types\/page"}],"author":[{"embeddable":true,"href":"https:\/\/ambipar.com\/latam\/wp-json\/wp\/v2\/users\/1"}],"replies":[{"embeddable":true,"href":"https:\/\/ambipar.com\/latam\/wp-json\/wp\/v2\/comments?post=2067"}],"version-history":[{"count":4,"href":"https:\/\/ambipar.com\/latam\/wp-json\/wp\/v2\/pages\/2067\/revisions"}],"predecessor-version":[{"id":2496,"href":"https:\/\/ambipar.com\/latam\/wp-json\/wp\/v2\/pages\/2067\/revisions\/2496"}],"up":[{"embeddable":true,"href":"https:\/\/ambipar.com\/latam\/wp-json\/wp\/v2\/pages\/1210"}],"wp:featuredmedia":[{"embeddable":true,"href":"https:\/\/ambipar.com\/latam\/wp-json\/wp\/v2\/media\/1221"}],"wp:attachment":[{"href":"https:\/\/ambipar.com\/latam\/wp-json\/wp\/v2\/media?parent=2067"}],"curies":[{"name":"wp","href":"https:\/\/api.w.org\/{rel}","templated":true}]}}