{"id":2074,"date":"2020-11-16T14:08:56","date_gmt":"2020-11-16T17:08:56","guid":{"rendered":"https:\/\/ambipar.com\/latam\/?page_id=2074"},"modified":"2021-01-05T20:52:50","modified_gmt":"2021-01-05T23:52:50","slug":"soil-remediation","status":"publish","type":"page","link":"https:\/\/ambipar.com\/latam\/en\/ambipar-response\/servicos-industriais\/soil-remediation\/","title":{"rendered":"Soil Remediation"},"content":{"rendered":"\n<p>Ambipar performs soil remediation with technological absorption equipment, when an environment suffers from soil contamination.<\/p>\n\n\n\n<p>Contamination is completely removed and disposed of correctly together with the material used. Waste management from remediation of the soil is also carried out by Ambipar, where after the service, the same type of soil is replaced on the spot without contamination, preserving the environment.<\/p>\n\n\n\n<p>See too:<\/p>\n\n\n\n<ul><li><a href=\"https:\/\/ambipar.com\/latam\/en\/ambipar-response\/servicos-industriais\/cleansing-of-silos\/\">Cleansing of Silos<\/a><\/li><li><a href=\"https:\/\/ambipar.com\/latam\/en\/ambipar-response\/servicos-industriais\/manual-cleansing-and-confined-spaces\/\">Manual Cleansing and Confined Spaces<\/a><\/li><li><a href=\"https:\/\/ambipar.com\/latam\/ambipar-response\/servicos-industriais\/portos-e-offshore\/\">Ports and Off<\/a><a href=\"https:\/\/ambipar.com\/latam\/en\/ambipar-response\/servicos-industriais\/ports-and-offshore\/\">s<\/a><a href=\"https:\/\/ambipar.com\/latam\/ambipar-response\/servicos-industriais\/portos-e-offshore\/\">hore<\/a><\/li><li><a href=\"https:\/\/ambipar.com\/latam\/en\/ambipar-response\/servicos-industriais\/transference-between-tanks\/\">Transference between Tanks<\/a><\/li><li><a href=\"https:\/\/ambipar.com\/latam\/en\/ambipar-response\/servicos-industriais\/decommissioning\/\">Decommissioning<\/a><\/li><li><a href=\"https:\/\/ambipar.com\/latam\/en\/ambipar-response\/servicos-industriais\/demolition-of-degraded-areas\/\">Demolition of Degraded Areas<\/a><\/li><\/ul>\n","protected":false},"excerpt":{"rendered":"Ambipar performs soil remediation with technological absorption equipment, when an environment suffers from soil contamination. Contamination is completely removed and disposed of correctly together with the material used. Waste management from remediation of the soil is also carried out by Ambipar, where after the service, the same type of soil is replaced on the spot&#8230; <a class=\"view-article\" href=\"https:\/\/ambipar.com\/latam\/en\/ambipar-response\/servicos-industriais\/soil-remediation\/\">Ver art\u00edculo<\/a>","protected":false},"author":1,"featured_media":1234,"parent":1210,"menu_order":0,"comment_status":"closed","ping_status":"closed","template":"single-servicos.php","meta":[],"yoast_head":"<!-- This site is optimized with the Yoast SEO plugin v17.6 - https:\/\/yoast.com\/wordpress\/plugins\/seo\/ -->\n<title>Discover the Soil Remediation services offered by Ambipar<\/title>\n<meta name=\"description\" content=\"Ambipar performs soil remediation with technological absorption equipment, when an environment suffers from soil contamination.\" \/>\n<meta name=\"robots\" content=\"index, follow, max-snippet:-1, max-image-preview:large, max-video-preview:-1\" \/>\n<link rel=\"canonical\" href=\"https:\/\/ambipar.com\/latam\/en\/ambipar-response\/servicos-industriais\/soil-remediation\/\" \/>\n<meta property=\"og:locale\" content=\"es_ES\" \/>\n<meta property=\"og:type\" content=\"article\" \/>\n<meta property=\"og:title\" content=\"Discover the Soil Remediation services offered by Ambipar\" \/>\n<meta property=\"og:description\" content=\"Ambipar performs soil remediation with technological absorption equipment, when an environment suffers from soil contamination.\" \/>\n<meta property=\"og:url\" content=\"https:\/\/ambipar.com\/latam\/en\/ambipar-response\/servicos-industriais\/soil-remediation\/\" \/>\n<meta property=\"og:site_name\" content=\"Ambipar. A l\u00edder em gest\u00e3o ambiental.\" \/>\n<meta property=\"article:modified_time\" content=\"2021-01-05T23:52:50+00:00\" \/>\n<meta property=\"og:image\" content=\"https:\/\/ambipar.com\/latam\/wp-content\/uploads\/2020\/11\/remediacaodesolo.jpg\" \/>\n\t<meta property=\"og:image:width\" content=\"1000\" \/>\n\t<meta property=\"og:image:height\" content=\"1000\" \/>\n<meta name=\"twitter:card\" content=\"summary_large_image\" \/>\n<script type=\"application\/ld+json\" class=\"yoast-schema-graph\">{\"@context\":\"https:\/\/schema.org\",\"@graph\":[{\"@type\":\"Organization\",\"@id\":\"https:\/\/ambipar.com\/latam\/#organization\",\"name\":\"Ambipar\",\"url\":\"https:\/\/ambipar.com\/latam\/\",\"sameAs\":[],\"logo\":{\"@type\":\"ImageObject\",\"@id\":\"https:\/\/ambipar.com\/latam\/#logo\",\"inLanguage\":\"es-CL\",\"url\":\"https:\/\/ambipar.com\/latam\/wp-content\/uploads\/2020\/10\/ambipar_color.png\",\"contentUrl\":\"https:\/\/ambipar.com\/latam\/wp-content\/uploads\/2020\/10\/ambipar_color.png\",\"width\":174,\"height\":107,\"caption\":\"Ambipar\"},\"image\":{\"@id\":\"https:\/\/ambipar.com\/latam\/#logo\"}},{\"@type\":\"WebSite\",\"@id\":\"https:\/\/ambipar.com\/latam\/#website\",\"url\":\"https:\/\/ambipar.com\/latam\/\",\"name\":\"Ambipar. A l\\u00edder em gest\\u00e3o ambiental.\",\"description\":\"Pioneira em solu\\u00e7\\u00f5es ambientais, a Ambipar atua em todo o territ\\u00f3rio nacional oferecendo solu\\u00e7\\u00f5es integradas para toda a cadeia de neg\\u00f3cio.\",\"publisher\":{\"@id\":\"https:\/\/ambipar.com\/latam\/#organization\"},\"potentialAction\":[{\"@type\":\"SearchAction\",\"target\":{\"@type\":\"EntryPoint\",\"urlTemplate\":\"https:\/\/ambipar.com\/latam\/?s={search_term_string}\"},\"query-input\":\"required name=search_term_string\"}],\"inLanguage\":\"es-CL\"},{\"@type\":\"ImageObject\",\"@id\":\"https:\/\/ambipar.com\/latam\/en\/ambipar-response\/servicos-industriais\/soil-remediation\/#primaryimage\",\"inLanguage\":\"es-CL\",\"url\":\"https:\/\/ambipar.com\/latam\/wp-content\/uploads\/2020\/11\/remediacaodesolo.jpg\",\"contentUrl\":\"https:\/\/ambipar.com\/latam\/wp-content\/uploads\/2020\/11\/remediacaodesolo.jpg\",\"width\":1000,\"height\":1000,\"caption\":\"remedia\\u00e7\\u00e3o de solo\"},{\"@type\":\"WebPage\",\"@id\":\"https:\/\/ambipar.com\/latam\/en\/ambipar-response\/servicos-industriais\/soil-remediation\/#webpage\",\"url\":\"https:\/\/ambipar.com\/latam\/en\/ambipar-response\/servicos-industriais\/soil-remediation\/\",\"name\":\"Discover the Soil Remediation services offered by Ambipar\",\"isPartOf\":{\"@id\":\"https:\/\/ambipar.com\/latam\/#website\"},\"primaryImageOfPage\":{\"@id\":\"https:\/\/ambipar.com\/latam\/en\/ambipar-response\/servicos-industriais\/soil-remediation\/#primaryimage\"},\"datePublished\":\"2020-11-16T17:08:56+00:00\",\"dateModified\":\"2021-01-05T23:52:50+00:00\",\"description\":\"Ambipar performs soil remediation with technological absorption equipment, when an environment suffers from soil contamination.\",\"breadcrumb\":{\"@id\":\"https:\/\/ambipar.com\/latam\/en\/ambipar-response\/servicos-industriais\/soil-remediation\/#breadcrumb\"},\"inLanguage\":\"es-CL\",\"potentialAction\":[{\"@type\":\"ReadAction\",\"target\":[\"https:\/\/ambipar.com\/latam\/en\/ambipar-response\/servicos-industriais\/soil-remediation\/\"]}]},{\"@type\":\"BreadcrumbList\",\"@id\":\"https:\/\/ambipar.com\/latam\/en\/ambipar-response\/servicos-industriais\/soil-remediation\/#breadcrumb\",\"itemListElement\":[{\"@type\":\"ListItem\",\"position\":1,\"name\":\"Home\",\"item\":\"https:\/\/ambipar.com\/latam\/\"},{\"@type\":\"ListItem\",\"position\":2,\"name\":\"Ambipar Response\",\"item\":\"https:\/\/ambipar.com\/latam\/pt\/ambipar-response\/\"},{\"@type\":\"ListItem\",\"position\":3,\"name\":\"Servi\\u00e7os Industriais\",\"item\":\"https:\/\/ambipar.com\/latam\/pt\/ambipar-response\/servicos-industriais\/\"},{\"@type\":\"ListItem\",\"position\":4,\"name\":\"Soil Remediation\"}]}]}<\/script>\n<!-- \/ Yoast SEO plugin. -->","yoast_head_json":{"title":"Discover the Soil Remediation services offered by Ambipar","description":"Ambipar performs soil remediation with technological absorption equipment, when an environment suffers from soil contamination.","robots":{"index":"index","follow":"follow","max-snippet":"max-snippet:-1","max-image-preview":"max-image-preview:large","max-video-preview":"max-video-preview:-1"},"canonical":"https:\/\/ambipar.com\/latam\/en\/ambipar-response\/servicos-industriais\/soil-remediation\/","og_locale":"es_ES","og_type":"article","og_title":"Discover the Soil Remediation services offered by Ambipar","og_description":"Ambipar performs soil remediation with technological absorption equipment, when an environment suffers from soil contamination.","og_url":"https:\/\/ambipar.com\/latam\/en\/ambipar-response\/servicos-industriais\/soil-remediation\/","og_site_name":"Ambipar. A l\u00edder em gest\u00e3o ambiental.","article_modified_time":"2021-01-05T23:52:50+00:00","og_image":[{"width":1000,"height":1000,"url":"https:\/\/ambipar.com\/latam\/wp-content\/uploads\/2020\/11\/remediacaodesolo.jpg","type":"image\/jpeg"}],"twitter_card":"summary_large_image","schema":{"@context":"https:\/\/schema.org","@graph":[{"@type":"Organization","@id":"https:\/\/ambipar.com\/latam\/#organization","name":"Ambipar","url":"https:\/\/ambipar.com\/latam\/","sameAs":[],"logo":{"@type":"ImageObject","@id":"https:\/\/ambipar.com\/latam\/#logo","inLanguage":"es-CL","url":"https:\/\/ambipar.com\/latam\/wp-content\/uploads\/2020\/10\/ambipar_color.png","contentUrl":"https:\/\/ambipar.com\/latam\/wp-content\/uploads\/2020\/10\/ambipar_color.png","width":174,"height":107,"caption":"Ambipar"},"image":{"@id":"https:\/\/ambipar.com\/latam\/#logo"}},{"@type":"WebSite","@id":"https:\/\/ambipar.com\/latam\/#website","url":"https:\/\/ambipar.com\/latam\/","name":"Ambipar. A l\u00edder em gest\u00e3o ambiental.","description":"Pioneira em solu\u00e7\u00f5es ambientais, a Ambipar atua em todo o territ\u00f3rio nacional oferecendo solu\u00e7\u00f5es integradas para toda a cadeia de neg\u00f3cio.","publisher":{"@id":"https:\/\/ambipar.com\/latam\/#organization"},"potentialAction":[{"@type":"SearchAction","target":{"@type":"EntryPoint","urlTemplate":"https:\/\/ambipar.com\/latam\/?s={search_term_string}"},"query-input":"required name=search_term_string"}],"inLanguage":"es-CL"},{"@type":"ImageObject","@id":"https:\/\/ambipar.com\/latam\/en\/ambipar-response\/servicos-industriais\/soil-remediation\/#primaryimage","inLanguage":"es-CL","url":"https:\/\/ambipar.com\/latam\/wp-content\/uploads\/2020\/11\/remediacaodesolo.jpg","contentUrl":"https:\/\/ambipar.com\/latam\/wp-content\/uploads\/2020\/11\/remediacaodesolo.jpg","width":1000,"height":1000,"caption":"remedia\u00e7\u00e3o de solo"},{"@type":"WebPage","@id":"https:\/\/ambipar.com\/latam\/en\/ambipar-response\/servicos-industriais\/soil-remediation\/#webpage","url":"https:\/\/ambipar.com\/latam\/en\/ambipar-response\/servicos-industriais\/soil-remediation\/","name":"Discover the Soil Remediation services offered by Ambipar","isPartOf":{"@id":"https:\/\/ambipar.com\/latam\/#website"},"primaryImageOfPage":{"@id":"https:\/\/ambipar.com\/latam\/en\/ambipar-response\/servicos-industriais\/soil-remediation\/#primaryimage"},"datePublished":"2020-11-16T17:08:56+00:00","dateModified":"2021-01-05T23:52:50+00:00","description":"Ambipar performs soil remediation with technological absorption equipment, when an environment suffers from soil contamination.","breadcrumb":{"@id":"https:\/\/ambipar.com\/latam\/en\/ambipar-response\/servicos-industriais\/soil-remediation\/#breadcrumb"},"inLanguage":"es-CL","potentialAction":[{"@type":"ReadAction","target":["https:\/\/ambipar.com\/latam\/en\/ambipar-response\/servicos-industriais\/soil-remediation\/"]}]},{"@type":"BreadcrumbList","@id":"https:\/\/ambipar.com\/latam\/en\/ambipar-response\/servicos-industriais\/soil-remediation\/#breadcrumb","itemListElement":[{"@type":"ListItem","position":1,"name":"Home","item":"https:\/\/ambipar.com\/latam\/"},{"@type":"ListItem","position":2,"name":"Ambipar Response","item":"https:\/\/ambipar.com\/latam\/pt\/ambipar-response\/"},{"@type":"ListItem","position":3,"name":"Servi\u00e7os Industriais","item":"https:\/\/ambipar.com\/latam\/pt\/ambipar-response\/servicos-industriais\/"},{"@type":"ListItem","position":4,"name":"Soil Remediation"}]}]}},"_links":{"self":[{"href":"https:\/\/ambipar.com\/latam\/wp-json\/wp\/v2\/pages\/2074"}],"collection":[{"href":"https:\/\/ambipar.com\/latam\/wp-json\/wp\/v2\/pages"}],"about":[{"href":"https:\/\/ambipar.com\/latam\/wp-json\/wp\/v2\/types\/page"}],"author":[{"embeddable":true,"href":"https:\/\/ambipar.com\/latam\/wp-json\/wp\/v2\/users\/1"}],"replies":[{"embeddable":true,"href":"https:\/\/ambipar.com\/latam\/wp-json\/wp\/v2\/comments?post=2074"}],"version-history":[{"count":3,"href":"https:\/\/ambipar.com\/latam\/wp-json\/wp\/v2\/pages\/2074\/revisions"}],"predecessor-version":[{"id":2497,"href":"https:\/\/ambipar.com\/latam\/wp-json\/wp\/v2\/pages\/2074\/revisions\/2497"}],"up":[{"embeddable":true,"href":"https:\/\/ambipar.com\/latam\/wp-json\/wp\/v2\/pages\/1210"}],"wp:featuredmedia":[{"embeddable":true,"href":"https:\/\/ambipar.com\/latam\/wp-json\/wp\/v2\/media\/1234"}],"wp:attachment":[{"href":"https:\/\/ambipar.com\/latam\/wp-json\/wp\/v2\/media?parent=2074"}],"curies":[{"name":"wp","href":"https:\/\/api.w.org\/{rel}","templated":true}]}}