{"id":2083,"date":"2020-11-16T14:14:14","date_gmt":"2020-11-16T17:14:14","guid":{"rendered":"https:\/\/ambipar.com\/latam\/?page_id=2083"},"modified":"2021-10-14T11:44:51","modified_gmt":"2021-10-14T14:44:51","slug":"transferencia-entre-tanques-2","status":"publish","type":"page","link":"https:\/\/ambipar.com\/latam\/ambipar-response-3\/servicios-industriales\/transferencia-entre-tanques-2\/","title":{"rendered":"Transferencia entre Tanques"},"content":{"rendered":"\n<p>Los tanques se clasifican en dos tipos: estacionarios o m\u00f3viles (remolques). Durante el traslado entre tanques se utilizan equipos definidos seg\u00fan el producto involucrado, prestando atenci\u00f3n a la compatibilidad qu\u00edmica. Las operaciones de transferencia est\u00e1n debidamente fundamentadas y completamente monitoreadas para identificar posibles informalidades durante el proceso. Si hay alguna irregularidad, se detiene la transferencia para realizar an\u00e1lisis y regularizaci\u00f3n para continuar con el procedimiento.<\/p>\n\n\n\n<p>Vea tambi\u00e9n:<\/p>\n\n\n\n<ul><li><a href=\"https:\/\/ambipar.com\/latam\/ambipar-response-3\/servicios-industriales\/limpieza-de-silos\/\">Limpieza de Silos<\/a><\/li><li><a href=\"https:\/\/ambipar.com\/latam\/ambipar-response-3\/servicios-industriales\/limpieza-manual-y-espacios-confinados\/\">Limpieza Manual y Espacios Confinados<\/a><\/li><li><a href=\"https:\/\/ambipar.com\/latam\/ambipar-response-3\/servicios-industriales\/puertos-y-offshore\/\">Puertos y Offshore<\/a><\/li><li><a href=\"https:\/\/ambipar.com\/latam\/ambipar-response-3\/servicios-industriales\/desmantelamiento\/\">Desmantelamiento<\/a><\/li><li><a href=\"https:\/\/ambipar.com\/latam\/ambipar-response-3\/servicios-industriales\/demolicion-de-areas-degradadas\/\">Demolici\u00f3n de \u00c1reas Degradadas<\/a><\/li><li><a href=\"https:\/\/ambipar.com\/latam\/ambipar-response-3\/servicios-industriales\/remediacion-del-suelo\/\">Remediaci\u00f3n del Suelo<\/a><\/li><\/ul>\n","protected":false},"excerpt":{"rendered":"Los tanques se clasifican en dos tipos: estacionarios o m\u00f3viles (remolques). Durante el traslado entre tanques se utilizan equipos definidos seg\u00fan el producto involucrado, prestando atenci\u00f3n a la compatibilidad qu\u00edmica. Las operaciones de transferencia est\u00e1n debidamente fundamentadas y completamente monitoreadas para identificar posibles informalidades durante el proceso. Si hay alguna irregularidad, se detiene la transferencia&#8230; <a class=\"view-article\" href=\"https:\/\/ambipar.com\/latam\/ambipar-response-3\/servicios-industriales\/transferencia-entre-tanques-2\/\">Ver art\u00edculo<\/a>","protected":false},"author":1,"featured_media":1226,"parent":2039,"menu_order":0,"comment_status":"closed","ping_status":"closed","template":"single-servicos.php","meta":[],"yoast_head":"<!-- This site is optimized with the Yoast SEO plugin v17.6 - https:\/\/yoast.com\/wordpress\/plugins\/seo\/ -->\n<title>Descubra los servicios de Transferencia entre Tanques de Ambipar<\/title>\n<meta name=\"description\" content=\"Durante el traslado se utilizan equipos definidos seg\u00fan el producto involucrado, prestando atenci\u00f3n a la compatibilidad qu\u00edmica.\" \/>\n<meta name=\"robots\" content=\"index, follow, max-snippet:-1, max-image-preview:large, max-video-preview:-1\" \/>\n<link rel=\"canonical\" href=\"https:\/\/ambipar.com\/latam\/ambipar-response-3\/servicios-industriales\/transferencia-entre-tanques-2\/\" \/>\n<meta property=\"og:locale\" content=\"es_ES\" \/>\n<meta property=\"og:type\" content=\"article\" \/>\n<meta property=\"og:title\" content=\"Descubra los servicios de Transferencia entre Tanques de Ambipar\" \/>\n<meta property=\"og:description\" content=\"Durante el traslado se utilizan equipos definidos seg\u00fan el producto involucrado, prestando atenci\u00f3n a la compatibilidad qu\u00edmica.\" \/>\n<meta property=\"og:url\" content=\"https:\/\/ambipar.com\/latam\/ambipar-response-3\/servicios-industriales\/transferencia-entre-tanques-2\/\" \/>\n<meta property=\"og:site_name\" content=\"Ambipar. A l\u00edder em gest\u00e3o ambiental.\" \/>\n<meta property=\"article:modified_time\" content=\"2021-10-14T14:44:51+00:00\" \/>\n<meta property=\"og:image\" content=\"https:\/\/ambipar.com\/latam\/wp-content\/uploads\/2020\/11\/tanques.jpg\" \/>\n\t<meta property=\"og:image:width\" content=\"1000\" \/>\n\t<meta property=\"og:image:height\" content=\"1000\" \/>\n<meta name=\"twitter:card\" content=\"summary_large_image\" \/>\n<meta name=\"twitter:label1\" content=\"Est. reading time\" \/>\n\t<meta name=\"twitter:data1\" content=\"1 minuto\" \/>\n<script type=\"application\/ld+json\" class=\"yoast-schema-graph\">{\"@context\":\"https:\/\/schema.org\",\"@graph\":[{\"@type\":\"Organization\",\"@id\":\"https:\/\/ambipar.com\/latam\/#organization\",\"name\":\"Ambipar\",\"url\":\"https:\/\/ambipar.com\/latam\/\",\"sameAs\":[],\"logo\":{\"@type\":\"ImageObject\",\"@id\":\"https:\/\/ambipar.com\/latam\/#logo\",\"inLanguage\":\"es-CL\",\"url\":\"https:\/\/ambipar.com\/latam\/wp-content\/uploads\/2020\/10\/ambipar_color.png\",\"contentUrl\":\"https:\/\/ambipar.com\/latam\/wp-content\/uploads\/2020\/10\/ambipar_color.png\",\"width\":174,\"height\":107,\"caption\":\"Ambipar\"},\"image\":{\"@id\":\"https:\/\/ambipar.com\/latam\/#logo\"}},{\"@type\":\"WebSite\",\"@id\":\"https:\/\/ambipar.com\/latam\/#website\",\"url\":\"https:\/\/ambipar.com\/latam\/\",\"name\":\"Ambipar. A l\\u00edder em gest\\u00e3o ambiental.\",\"description\":\"Pioneira em solu\\u00e7\\u00f5es ambientais, a Ambipar atua em todo o territ\\u00f3rio nacional oferecendo solu\\u00e7\\u00f5es integradas para toda a cadeia de neg\\u00f3cio.\",\"publisher\":{\"@id\":\"https:\/\/ambipar.com\/latam\/#organization\"},\"potentialAction\":[{\"@type\":\"SearchAction\",\"target\":{\"@type\":\"EntryPoint\",\"urlTemplate\":\"https:\/\/ambipar.com\/latam\/?s={search_term_string}\"},\"query-input\":\"required name=search_term_string\"}],\"inLanguage\":\"es-CL\"},{\"@type\":\"ImageObject\",\"@id\":\"https:\/\/ambipar.com\/latam\/ambipar-response-3\/servicios-industriales\/transferencia-entre-tanques-2\/#primaryimage\",\"inLanguage\":\"es-CL\",\"url\":\"https:\/\/ambipar.com\/latam\/wp-content\/uploads\/2020\/11\/tanques.jpg\",\"contentUrl\":\"https:\/\/ambipar.com\/latam\/wp-content\/uploads\/2020\/11\/tanques.jpg\",\"width\":1000,\"height\":1000,\"caption\":\"tanques\"},{\"@type\":\"WebPage\",\"@id\":\"https:\/\/ambipar.com\/latam\/ambipar-response-3\/servicios-industriales\/transferencia-entre-tanques-2\/#webpage\",\"url\":\"https:\/\/ambipar.com\/latam\/ambipar-response-3\/servicios-industriales\/transferencia-entre-tanques-2\/\",\"name\":\"Descubra los servicios de Transferencia entre Tanques de Ambipar\",\"isPartOf\":{\"@id\":\"https:\/\/ambipar.com\/latam\/#website\"},\"primaryImageOfPage\":{\"@id\":\"https:\/\/ambipar.com\/latam\/ambipar-response-3\/servicios-industriales\/transferencia-entre-tanques-2\/#primaryimage\"},\"datePublished\":\"2020-11-16T17:14:14+00:00\",\"dateModified\":\"2021-10-14T14:44:51+00:00\",\"description\":\"Durante el traslado se utilizan equipos definidos seg\\u00fan el producto involucrado, prestando atenci\\u00f3n a la compatibilidad qu\\u00edmica.\",\"breadcrumb\":{\"@id\":\"https:\/\/ambipar.com\/latam\/ambipar-response-3\/servicios-industriales\/transferencia-entre-tanques-2\/#breadcrumb\"},\"inLanguage\":\"es-CL\",\"potentialAction\":[{\"@type\":\"ReadAction\",\"target\":[\"https:\/\/ambipar.com\/latam\/ambipar-response-3\/servicios-industriales\/transferencia-entre-tanques-2\/\"]}]},{\"@type\":\"BreadcrumbList\",\"@id\":\"https:\/\/ambipar.com\/latam\/ambipar-response-3\/servicios-industriales\/transferencia-entre-tanques-2\/#breadcrumb\",\"itemListElement\":[{\"@type\":\"ListItem\",\"position\":1,\"name\":\"Home\",\"item\":\"https:\/\/ambipar.com\/latam\/\"},{\"@type\":\"ListItem\",\"position\":2,\"name\":\"Ambipar Response\",\"item\":\"https:\/\/ambipar.com\/latam\/ambipar-response-3\/\"},{\"@type\":\"ListItem\",\"position\":3,\"name\":\"Servicios Industriales\",\"item\":\"https:\/\/ambipar.com\/latam\/ambipar-response-3\/servicios-industriales\/\"},{\"@type\":\"ListItem\",\"position\":4,\"name\":\"Transferencia entre Tanques\"}]}]}<\/script>\n<!-- \/ Yoast SEO plugin. -->","yoast_head_json":{"title":"Descubra los servicios de Transferencia entre Tanques de Ambipar","description":"Durante el traslado se utilizan equipos definidos seg\u00fan el producto involucrado, prestando atenci\u00f3n a la compatibilidad qu\u00edmica.","robots":{"index":"index","follow":"follow","max-snippet":"max-snippet:-1","max-image-preview":"max-image-preview:large","max-video-preview":"max-video-preview:-1"},"canonical":"https:\/\/ambipar.com\/latam\/ambipar-response-3\/servicios-industriales\/transferencia-entre-tanques-2\/","og_locale":"es_ES","og_type":"article","og_title":"Descubra los servicios de Transferencia entre Tanques de Ambipar","og_description":"Durante el traslado se utilizan equipos definidos seg\u00fan el producto involucrado, prestando atenci\u00f3n a la compatibilidad qu\u00edmica.","og_url":"https:\/\/ambipar.com\/latam\/ambipar-response-3\/servicios-industriales\/transferencia-entre-tanques-2\/","og_site_name":"Ambipar. A l\u00edder em gest\u00e3o ambiental.","article_modified_time":"2021-10-14T14:44:51+00:00","og_image":[{"width":1000,"height":1000,"url":"https:\/\/ambipar.com\/latam\/wp-content\/uploads\/2020\/11\/tanques.jpg","type":"image\/jpeg"}],"twitter_card":"summary_large_image","twitter_misc":{"Est. reading time":"1 minuto"},"schema":{"@context":"https:\/\/schema.org","@graph":[{"@type":"Organization","@id":"https:\/\/ambipar.com\/latam\/#organization","name":"Ambipar","url":"https:\/\/ambipar.com\/latam\/","sameAs":[],"logo":{"@type":"ImageObject","@id":"https:\/\/ambipar.com\/latam\/#logo","inLanguage":"es-CL","url":"https:\/\/ambipar.com\/latam\/wp-content\/uploads\/2020\/10\/ambipar_color.png","contentUrl":"https:\/\/ambipar.com\/latam\/wp-content\/uploads\/2020\/10\/ambipar_color.png","width":174,"height":107,"caption":"Ambipar"},"image":{"@id":"https:\/\/ambipar.com\/latam\/#logo"}},{"@type":"WebSite","@id":"https:\/\/ambipar.com\/latam\/#website","url":"https:\/\/ambipar.com\/latam\/","name":"Ambipar. A l\u00edder em gest\u00e3o ambiental.","description":"Pioneira em solu\u00e7\u00f5es ambientais, a Ambipar atua em todo o territ\u00f3rio nacional oferecendo solu\u00e7\u00f5es integradas para toda a cadeia de neg\u00f3cio.","publisher":{"@id":"https:\/\/ambipar.com\/latam\/#organization"},"potentialAction":[{"@type":"SearchAction","target":{"@type":"EntryPoint","urlTemplate":"https:\/\/ambipar.com\/latam\/?s={search_term_string}"},"query-input":"required name=search_term_string"}],"inLanguage":"es-CL"},{"@type":"ImageObject","@id":"https:\/\/ambipar.com\/latam\/ambipar-response-3\/servicios-industriales\/transferencia-entre-tanques-2\/#primaryimage","inLanguage":"es-CL","url":"https:\/\/ambipar.com\/latam\/wp-content\/uploads\/2020\/11\/tanques.jpg","contentUrl":"https:\/\/ambipar.com\/latam\/wp-content\/uploads\/2020\/11\/tanques.jpg","width":1000,"height":1000,"caption":"tanques"},{"@type":"WebPage","@id":"https:\/\/ambipar.com\/latam\/ambipar-response-3\/servicios-industriales\/transferencia-entre-tanques-2\/#webpage","url":"https:\/\/ambipar.com\/latam\/ambipar-response-3\/servicios-industriales\/transferencia-entre-tanques-2\/","name":"Descubra los servicios de Transferencia entre Tanques de Ambipar","isPartOf":{"@id":"https:\/\/ambipar.com\/latam\/#website"},"primaryImageOfPage":{"@id":"https:\/\/ambipar.com\/latam\/ambipar-response-3\/servicios-industriales\/transferencia-entre-tanques-2\/#primaryimage"},"datePublished":"2020-11-16T17:14:14+00:00","dateModified":"2021-10-14T14:44:51+00:00","description":"Durante el traslado se utilizan equipos definidos seg\u00fan el producto involucrado, prestando atenci\u00f3n a la compatibilidad qu\u00edmica.","breadcrumb":{"@id":"https:\/\/ambipar.com\/latam\/ambipar-response-3\/servicios-industriales\/transferencia-entre-tanques-2\/#breadcrumb"},"inLanguage":"es-CL","potentialAction":[{"@type":"ReadAction","target":["https:\/\/ambipar.com\/latam\/ambipar-response-3\/servicios-industriales\/transferencia-entre-tanques-2\/"]}]},{"@type":"BreadcrumbList","@id":"https:\/\/ambipar.com\/latam\/ambipar-response-3\/servicios-industriales\/transferencia-entre-tanques-2\/#breadcrumb","itemListElement":[{"@type":"ListItem","position":1,"name":"Home","item":"https:\/\/ambipar.com\/latam\/"},{"@type":"ListItem","position":2,"name":"Ambipar Response","item":"https:\/\/ambipar.com\/latam\/ambipar-response-3\/"},{"@type":"ListItem","position":3,"name":"Servicios Industriales","item":"https:\/\/ambipar.com\/latam\/ambipar-response-3\/servicios-industriales\/"},{"@type":"ListItem","position":4,"name":"Transferencia entre Tanques"}]}]}},"_links":{"self":[{"href":"https:\/\/ambipar.com\/latam\/wp-json\/wp\/v2\/pages\/2083"}],"collection":[{"href":"https:\/\/ambipar.com\/latam\/wp-json\/wp\/v2\/pages"}],"about":[{"href":"https:\/\/ambipar.com\/latam\/wp-json\/wp\/v2\/types\/page"}],"author":[{"embeddable":true,"href":"https:\/\/ambipar.com\/latam\/wp-json\/wp\/v2\/users\/1"}],"replies":[{"embeddable":true,"href":"https:\/\/ambipar.com\/latam\/wp-json\/wp\/v2\/comments?post=2083"}],"version-history":[{"count":4,"href":"https:\/\/ambipar.com\/latam\/wp-json\/wp\/v2\/pages\/2083\/revisions"}],"predecessor-version":[{"id":4287,"href":"https:\/\/ambipar.com\/latam\/wp-json\/wp\/v2\/pages\/2083\/revisions\/4287"}],"up":[{"embeddable":true,"href":"https:\/\/ambipar.com\/latam\/wp-json\/wp\/v2\/pages\/2039"}],"wp:featuredmedia":[{"embeddable":true,"href":"https:\/\/ambipar.com\/latam\/wp-json\/wp\/v2\/media\/1226"}],"wp:attachment":[{"href":"https:\/\/ambipar.com\/latam\/wp-json\/wp\/v2\/media?parent=2083"}],"curies":[{"name":"wp","href":"https:\/\/api.w.org\/{rel}","templated":true}]}}