{"id":2095,"date":"2020-11-16T14:27:47","date_gmt":"2020-11-16T17:27:47","guid":{"rendered":"https:\/\/ambipar.com\/latam\/?page_id=2095"},"modified":"2021-10-13T22:39:34","modified_gmt":"2021-10-14T01:39:34","slug":"almacenamiento-y-transporte-de-productos-peligrosos","status":"publish","type":"page","link":"https:\/\/ambipar.com\/latam\/ambipar-response-3\/entrenamientos\/almacenamiento-y-transporte-de-productos-peligrosos\/","title":{"rendered":"Almacenamiento y Transporte de Productos Peligrosos"},"content":{"rendered":"\n<p>Ofrecemos capacitaci\u00f3n que cumple con los requisitos de los Planes de Respuesta a Emergencias (PAE), Programa de Gesti\u00f3n de Riesgos (PGR), Resoluciones ANTT, Normas ABNT, Instructivo Normativo IBAMA, Leyes Estatales y Municipales y certificaciones ISO.<\/p>\n\n\n\n<ul id=\"block-9b23128e-5c5f-4c7a-9acf-4f5f23edc07a\"><li><a href=\"https:\/\/ambipar.com\/latam\/ambipar-response-3\/entrenamientos\/almacenamiento-y-transporte-de-productos-peligrosos\/almacenamiento-y-manipulacion-de-productos-peligrosos\/\">Almacenamiento y Manipulaci\u00f3n de Productos Peligrosos<\/a><\/li><li><a href=\"https:\/\/ambipar.com\/latam\/ambipar-response-3\/entrenamientos\/almacenamiento-y-transporte-de-productos-peligrosos\/transporte-de-residuos-peligrosos-y-embalajes-vacios-y-sucios\/\">Transporte de Residuos Peligrosos y&nbsp;Embalajes<\/a><a href=\"https:\/\/ambipar.com\/latam\/ambipar-response-3\/entrenamientos\/almacenamiento-y-transporte-de-productos-peligrosos\/transporte-de-productos-peligrosos-en-cantidades-limitadas\/\">&nbsp;vac\u00edos y sucios<\/a><\/li><li><a href=\"https:\/\/ambipar.com\/latam\/ambipar-response-3\/entrenamientos\/almacenamiento-y-transporte-de-productos-peligrosos\/legislacion-para-el-transporte-de-productos-y-residuos-peligrosos\/\">Legislaci\u00f3n para el Transporte de Productos y Residuos Peligrosos<\/a><\/li><li><a href=\"https:\/\/ambipar.com\/latam\/ambipar-response-3\/entrenamientos\/almacenamiento-y-transporte-de-productos-peligrosos\/transporte-de-productos-peligrosos-en-cantidades-limitadas\/\">Transporte de Productos Peligrosos en Cantidades Limitadas<\/a><\/li><li><a href=\"https:\/\/ambipar.com\/latam\/ambipar-response-3\/entrenamientos\/almacenamiento-y-transporte-de-productos-peligrosos\/pae-plan-de-accion-en-emergencia\/\">PAE \u2013 Plan de Atenci\u00f3n de Emergencia<\/a><\/li><li><a href=\"https:\/\/ambipar.com\/latam\/ambipar-response-3\/entrenamientos\/almacenamiento-y-transporte-de-productos-peligrosos\/direccion-defensiva\/\">Direcci\u00f3n Defensiva<\/a><\/li><\/ul>\n\n\n\n<p>Vea tambi\u00e9n:<\/p>\n\n\n\n<ul><li><a href=\"https:\/\/ambipar.com\/latam\/ambipar-response-3\/entrenamientos\/hazmat-3\/\">HAZMAT<\/a><\/li><li><a href=\"https:\/\/ambipar.com\/latam\/ambipar-response-3\/entrenamientos\/oil-spill-3\/\">Oil Spill<\/a><\/li><li><a href=\"https:\/\/ambipar.com\/latam\/ambipar-response-3\/entrenamientos\/brigadas-de-emergencia\/\">Brigadas de Emergencia<\/a><\/li><li><a href=\"https:\/\/ambipar.com\/latam\/ambipar-response-3\/entrenamientos\/nrs-3\/\">NR\u2019S<\/a><\/li><li><a href=\"https:\/\/ambipar.com\/latam\/ambipar-response-3\/entrenamientos\/equipos-simuladores\/\">Equipos Simuladores<\/a><\/li><li><a href=\"https:\/\/ambipar.com\/latam\/ambipar-response-3\/entrenamientos\/ejercicios-simulados\/\">Ejercicios Simulados<\/a><\/li><li><a href=\"https:\/\/ambipar.com\/latam\/ambipar-response-3\/entrenamientos\/ead-3\/\">EAD<\/a><\/li><li><a href=\"https:\/\/ambipar.com\/latam\/ambipar-response-3\/entrenamientos\/calendario-2021\/\">Calendario 2021<\/a><\/li><\/ul>\n","protected":false},"excerpt":{"rendered":"Ofrecemos capacitaci\u00f3n que cumple con los requisitos de los Planes de Respuesta a Emergencias (PAE), Programa de Gesti\u00f3n de Riesgos (PGR), Resoluciones ANTT, Normas ABNT, Instructivo Normativo IBAMA, Leyes Estatales y Municipales y certificaciones ISO. Almacenamiento y Manipulaci\u00f3n de Productos Peligrosos Transporte de Residuos Peligrosos y&nbsp;Embalajes&nbsp;vac\u00edos y sucios Legislaci\u00f3n para el Transporte de Productos y&#8230; <a class=\"view-article\" href=\"https:\/\/ambipar.com\/latam\/ambipar-response-3\/entrenamientos\/almacenamiento-y-transporte-de-productos-peligrosos\/\">Ver art\u00edculo<\/a>","protected":false},"author":1,"featured_media":917,"parent":2089,"menu_order":0,"comment_status":"closed","ping_status":"closed","template":"single-servicos.php","meta":[],"yoast_head":"<!-- This site is optimized with the Yoast SEO plugin v17.6 - https:\/\/yoast.com\/wordpress\/plugins\/seo\/ -->\n<title>Descubra Almacenamiento y Transporte de Producto Peligroso de Ambipar<\/title>\n<meta name=\"description\" content=\"Ofrecemos capacitaci\u00f3n que cumpla con los requisitos de los Planes de Asistencia de Emergencia (PAE), Programa de Gesti\u00f3n de Riesgos (PGR)\" \/>\n<meta name=\"robots\" content=\"index, follow, max-snippet:-1, max-image-preview:large, max-video-preview:-1\" \/>\n<link rel=\"canonical\" href=\"https:\/\/ambipar.com\/latam\/ambipar-response-3\/entrenamientos\/almacenamiento-y-transporte-de-productos-peligrosos\/\" \/>\n<meta property=\"og:locale\" content=\"es_ES\" \/>\n<meta property=\"og:type\" content=\"article\" \/>\n<meta property=\"og:title\" content=\"Descubra Almacenamiento y Transporte de Producto Peligroso de Ambipar\" \/>\n<meta property=\"og:description\" content=\"Ofrecemos capacitaci\u00f3n que cumpla con los requisitos de los Planes de Asistencia de Emergencia (PAE), Programa de Gesti\u00f3n de Riesgos (PGR)\" \/>\n<meta property=\"og:url\" content=\"https:\/\/ambipar.com\/latam\/ambipar-response-3\/entrenamientos\/almacenamiento-y-transporte-de-productos-peligrosos\/\" \/>\n<meta property=\"og:site_name\" content=\"Ambipar. A l\u00edder em gest\u00e3o ambiental.\" \/>\n<meta property=\"article:modified_time\" content=\"2021-10-14T01:39:34+00:00\" \/>\n<meta property=\"og:image\" content=\"https:\/\/ambipar.com\/latam\/wp-content\/uploads\/2020\/10\/transporte.jpg\" \/>\n\t<meta property=\"og:image:width\" content=\"1000\" \/>\n\t<meta property=\"og:image:height\" content=\"1000\" \/>\n<meta name=\"twitter:card\" content=\"summary_large_image\" \/>\n<meta name=\"twitter:label1\" content=\"Est. reading time\" \/>\n\t<meta name=\"twitter:data1\" content=\"1 minuto\" \/>\n<script type=\"application\/ld+json\" class=\"yoast-schema-graph\">{\"@context\":\"https:\/\/schema.org\",\"@graph\":[{\"@type\":\"Organization\",\"@id\":\"https:\/\/ambipar.com\/latam\/#organization\",\"name\":\"Ambipar\",\"url\":\"https:\/\/ambipar.com\/latam\/\",\"sameAs\":[],\"logo\":{\"@type\":\"ImageObject\",\"@id\":\"https:\/\/ambipar.com\/latam\/#logo\",\"inLanguage\":\"es-CL\",\"url\":\"https:\/\/ambipar.com\/latam\/wp-content\/uploads\/2020\/10\/ambipar_color.png\",\"contentUrl\":\"https:\/\/ambipar.com\/latam\/wp-content\/uploads\/2020\/10\/ambipar_color.png\",\"width\":174,\"height\":107,\"caption\":\"Ambipar\"},\"image\":{\"@id\":\"https:\/\/ambipar.com\/latam\/#logo\"}},{\"@type\":\"WebSite\",\"@id\":\"https:\/\/ambipar.com\/latam\/#website\",\"url\":\"https:\/\/ambipar.com\/latam\/\",\"name\":\"Ambipar. A l\\u00edder em gest\\u00e3o ambiental.\",\"description\":\"Pioneira em solu\\u00e7\\u00f5es ambientais, a Ambipar atua em todo o territ\\u00f3rio nacional oferecendo solu\\u00e7\\u00f5es integradas para toda a cadeia de neg\\u00f3cio.\",\"publisher\":{\"@id\":\"https:\/\/ambipar.com\/latam\/#organization\"},\"potentialAction\":[{\"@type\":\"SearchAction\",\"target\":{\"@type\":\"EntryPoint\",\"urlTemplate\":\"https:\/\/ambipar.com\/latam\/?s={search_term_string}\"},\"query-input\":\"required name=search_term_string\"}],\"inLanguage\":\"es-CL\"},{\"@type\":\"ImageObject\",\"@id\":\"https:\/\/ambipar.com\/latam\/ambipar-response-3\/entrenamientos\/almacenamiento-y-transporte-de-productos-peligrosos\/#primaryimage\",\"inLanguage\":\"es-CL\",\"url\":\"https:\/\/ambipar.com\/latam\/wp-content\/uploads\/2020\/10\/transporte.jpg\",\"contentUrl\":\"https:\/\/ambipar.com\/latam\/wp-content\/uploads\/2020\/10\/transporte.jpg\",\"width\":1000,\"height\":1000,\"caption\":\"transporte\"},{\"@type\":\"WebPage\",\"@id\":\"https:\/\/ambipar.com\/latam\/ambipar-response-3\/entrenamientos\/almacenamiento-y-transporte-de-productos-peligrosos\/#webpage\",\"url\":\"https:\/\/ambipar.com\/latam\/ambipar-response-3\/entrenamientos\/almacenamiento-y-transporte-de-productos-peligrosos\/\",\"name\":\"Descubra Almacenamiento y Transporte de Producto Peligroso de Ambipar\",\"isPartOf\":{\"@id\":\"https:\/\/ambipar.com\/latam\/#website\"},\"primaryImageOfPage\":{\"@id\":\"https:\/\/ambipar.com\/latam\/ambipar-response-3\/entrenamientos\/almacenamiento-y-transporte-de-productos-peligrosos\/#primaryimage\"},\"datePublished\":\"2020-11-16T17:27:47+00:00\",\"dateModified\":\"2021-10-14T01:39:34+00:00\",\"description\":\"Ofrecemos capacitaci\\u00f3n que cumpla con los requisitos de los Planes de Asistencia de Emergencia (PAE), Programa de Gesti\\u00f3n de Riesgos (PGR)\",\"breadcrumb\":{\"@id\":\"https:\/\/ambipar.com\/latam\/ambipar-response-3\/entrenamientos\/almacenamiento-y-transporte-de-productos-peligrosos\/#breadcrumb\"},\"inLanguage\":\"es-CL\",\"potentialAction\":[{\"@type\":\"ReadAction\",\"target\":[\"https:\/\/ambipar.com\/latam\/ambipar-response-3\/entrenamientos\/almacenamiento-y-transporte-de-productos-peligrosos\/\"]}]},{\"@type\":\"BreadcrumbList\",\"@id\":\"https:\/\/ambipar.com\/latam\/ambipar-response-3\/entrenamientos\/almacenamiento-y-transporte-de-productos-peligrosos\/#breadcrumb\",\"itemListElement\":[{\"@type\":\"ListItem\",\"position\":1,\"name\":\"Home\",\"item\":\"https:\/\/ambipar.com\/latam\/\"},{\"@type\":\"ListItem\",\"position\":2,\"name\":\"Ambipar Response\",\"item\":\"https:\/\/ambipar.com\/latam\/ambipar-response-3\/\"},{\"@type\":\"ListItem\",\"position\":3,\"name\":\"Entrenamientos\",\"item\":\"https:\/\/ambipar.com\/latam\/ambipar-response-3\/entrenamientos\/\"},{\"@type\":\"ListItem\",\"position\":4,\"name\":\"Almacenamiento y Transporte de Productos Peligrosos\"}]}]}<\/script>\n<!-- \/ Yoast SEO plugin. -->","yoast_head_json":{"title":"Descubra Almacenamiento y Transporte de Producto Peligroso de Ambipar","description":"Ofrecemos capacitaci\u00f3n que cumpla con los requisitos de los Planes de Asistencia de Emergencia (PAE), Programa de Gesti\u00f3n de Riesgos (PGR)","robots":{"index":"index","follow":"follow","max-snippet":"max-snippet:-1","max-image-preview":"max-image-preview:large","max-video-preview":"max-video-preview:-1"},"canonical":"https:\/\/ambipar.com\/latam\/ambipar-response-3\/entrenamientos\/almacenamiento-y-transporte-de-productos-peligrosos\/","og_locale":"es_ES","og_type":"article","og_title":"Descubra Almacenamiento y Transporte de Producto Peligroso de Ambipar","og_description":"Ofrecemos capacitaci\u00f3n que cumpla con los requisitos de los Planes de Asistencia de Emergencia (PAE), Programa de Gesti\u00f3n de Riesgos (PGR)","og_url":"https:\/\/ambipar.com\/latam\/ambipar-response-3\/entrenamientos\/almacenamiento-y-transporte-de-productos-peligrosos\/","og_site_name":"Ambipar. A l\u00edder em gest\u00e3o ambiental.","article_modified_time":"2021-10-14T01:39:34+00:00","og_image":[{"width":1000,"height":1000,"url":"https:\/\/ambipar.com\/latam\/wp-content\/uploads\/2020\/10\/transporte.jpg","type":"image\/jpeg"}],"twitter_card":"summary_large_image","twitter_misc":{"Est. reading time":"1 minuto"},"schema":{"@context":"https:\/\/schema.org","@graph":[{"@type":"Organization","@id":"https:\/\/ambipar.com\/latam\/#organization","name":"Ambipar","url":"https:\/\/ambipar.com\/latam\/","sameAs":[],"logo":{"@type":"ImageObject","@id":"https:\/\/ambipar.com\/latam\/#logo","inLanguage":"es-CL","url":"https:\/\/ambipar.com\/latam\/wp-content\/uploads\/2020\/10\/ambipar_color.png","contentUrl":"https:\/\/ambipar.com\/latam\/wp-content\/uploads\/2020\/10\/ambipar_color.png","width":174,"height":107,"caption":"Ambipar"},"image":{"@id":"https:\/\/ambipar.com\/latam\/#logo"}},{"@type":"WebSite","@id":"https:\/\/ambipar.com\/latam\/#website","url":"https:\/\/ambipar.com\/latam\/","name":"Ambipar. A l\u00edder em gest\u00e3o ambiental.","description":"Pioneira em solu\u00e7\u00f5es ambientais, a Ambipar atua em todo o territ\u00f3rio nacional oferecendo solu\u00e7\u00f5es integradas para toda a cadeia de neg\u00f3cio.","publisher":{"@id":"https:\/\/ambipar.com\/latam\/#organization"},"potentialAction":[{"@type":"SearchAction","target":{"@type":"EntryPoint","urlTemplate":"https:\/\/ambipar.com\/latam\/?s={search_term_string}"},"query-input":"required name=search_term_string"}],"inLanguage":"es-CL"},{"@type":"ImageObject","@id":"https:\/\/ambipar.com\/latam\/ambipar-response-3\/entrenamientos\/almacenamiento-y-transporte-de-productos-peligrosos\/#primaryimage","inLanguage":"es-CL","url":"https:\/\/ambipar.com\/latam\/wp-content\/uploads\/2020\/10\/transporte.jpg","contentUrl":"https:\/\/ambipar.com\/latam\/wp-content\/uploads\/2020\/10\/transporte.jpg","width":1000,"height":1000,"caption":"transporte"},{"@type":"WebPage","@id":"https:\/\/ambipar.com\/latam\/ambipar-response-3\/entrenamientos\/almacenamiento-y-transporte-de-productos-peligrosos\/#webpage","url":"https:\/\/ambipar.com\/latam\/ambipar-response-3\/entrenamientos\/almacenamiento-y-transporte-de-productos-peligrosos\/","name":"Descubra Almacenamiento y Transporte de Producto Peligroso de Ambipar","isPartOf":{"@id":"https:\/\/ambipar.com\/latam\/#website"},"primaryImageOfPage":{"@id":"https:\/\/ambipar.com\/latam\/ambipar-response-3\/entrenamientos\/almacenamiento-y-transporte-de-productos-peligrosos\/#primaryimage"},"datePublished":"2020-11-16T17:27:47+00:00","dateModified":"2021-10-14T01:39:34+00:00","description":"Ofrecemos capacitaci\u00f3n que cumpla con los requisitos de los Planes de Asistencia de Emergencia (PAE), Programa de Gesti\u00f3n de Riesgos (PGR)","breadcrumb":{"@id":"https:\/\/ambipar.com\/latam\/ambipar-response-3\/entrenamientos\/almacenamiento-y-transporte-de-productos-peligrosos\/#breadcrumb"},"inLanguage":"es-CL","potentialAction":[{"@type":"ReadAction","target":["https:\/\/ambipar.com\/latam\/ambipar-response-3\/entrenamientos\/almacenamiento-y-transporte-de-productos-peligrosos\/"]}]},{"@type":"BreadcrumbList","@id":"https:\/\/ambipar.com\/latam\/ambipar-response-3\/entrenamientos\/almacenamiento-y-transporte-de-productos-peligrosos\/#breadcrumb","itemListElement":[{"@type":"ListItem","position":1,"name":"Home","item":"https:\/\/ambipar.com\/latam\/"},{"@type":"ListItem","position":2,"name":"Ambipar Response","item":"https:\/\/ambipar.com\/latam\/ambipar-response-3\/"},{"@type":"ListItem","position":3,"name":"Entrenamientos","item":"https:\/\/ambipar.com\/latam\/ambipar-response-3\/entrenamientos\/"},{"@type":"ListItem","position":4,"name":"Almacenamiento y Transporte de Productos Peligrosos"}]}]}},"_links":{"self":[{"href":"https:\/\/ambipar.com\/latam\/wp-json\/wp\/v2\/pages\/2095"}],"collection":[{"href":"https:\/\/ambipar.com\/latam\/wp-json\/wp\/v2\/pages"}],"about":[{"href":"https:\/\/ambipar.com\/latam\/wp-json\/wp\/v2\/types\/page"}],"author":[{"embeddable":true,"href":"https:\/\/ambipar.com\/latam\/wp-json\/wp\/v2\/users\/1"}],"replies":[{"embeddable":true,"href":"https:\/\/ambipar.com\/latam\/wp-json\/wp\/v2\/comments?post=2095"}],"version-history":[{"count":10,"href":"https:\/\/ambipar.com\/latam\/wp-json\/wp\/v2\/pages\/2095\/revisions"}],"predecessor-version":[{"id":4241,"href":"https:\/\/ambipar.com\/latam\/wp-json\/wp\/v2\/pages\/2095\/revisions\/4241"}],"up":[{"embeddable":true,"href":"https:\/\/ambipar.com\/latam\/wp-json\/wp\/v2\/pages\/2089"}],"wp:featuredmedia":[{"embeddable":true,"href":"https:\/\/ambipar.com\/latam\/wp-json\/wp\/v2\/media\/917"}],"wp:attachment":[{"href":"https:\/\/ambipar.com\/latam\/wp-json\/wp\/v2\/media?parent=2095"}],"curies":[{"name":"wp","href":"https:\/\/api.w.org\/{rel}","templated":true}]}}