{"id":2101,"date":"2020-11-16T14:39:31","date_gmt":"2020-11-16T17:39:31","guid":{"rendered":"https:\/\/ambipar.com\/latam\/?page_id=2101"},"modified":"2022-06-21T15:27:28","modified_gmt":"2022-06-21T18:27:28","slug":"almacenamiento-y-manipulacion-de-productos-peligrosos","status":"publish","type":"page","link":"https:\/\/ambipar.com\/latam\/ambipar-response-3\/entrenamientos\/almacenamiento-y-transporte-de-productos-peligrosos\/almacenamiento-y-manipulacion-de-productos-peligrosos\/","title":{"rendered":"Almacenamiento y Manipulaci\u00f3n de Productos Peligrosos"},"content":{"rendered":"\n<p><strong>OBJETIVO:<\/strong><\/p>\n\n\n\n<p>Exponer al participante a las t\u00e9cnicas adecuadas para almacenar productos peligrosos, ense\u00f1\u00e1ndole los mismos procedimientos de seguridad, env\u00edo y manipulaci\u00f3n.<\/p>\n\n\n\n<p><strong>P\u00daBLICO OBJETIVO:<\/strong><\/p>\n\n\n\n<p>Profesionales involucrados en el almacenamiento y manipulaci\u00f3n de productos peligrosos, directa o indirectamente.<\/p>\n\n\n\n<p><strong>CONTENIDO DEL PROGRAMA:<\/strong><\/p>\n\n\n\n<ul><li>Entorno de trabajo y equipo involucrado<\/li><li>Productos peligrosos: riesgos, peligros y clase<\/li><li>Identificaciones t\u00e9cnicas<\/li><li>Gesti\u00f3n de almacenamiento, seguridad y se\u00f1alizaci\u00f3n<\/li><li>Incompatibilidad qu\u00edmica<\/li><li>Proceso de env\u00edo y empaque<\/li><li>EPI\u2019s<\/li><li>Procedimientos en caso de fugas<\/li><\/ul>\n\n\n\n<p>CARGA DEL CURSO: 04 horas<\/p>\n\n\n\n<div class=\"wp-block-buttons\">\n<div class=\"wp-block-button\"><a class=\"wp-block-button__link\" href=\"https:\/\/ambipar.com\/latam\/cotizacion-de-capacitacion\/\"> SOLICITAR HORARIO<\/a><\/div>\n<\/div>\n\n\n\n<p>Conozca los otros cursos relacionados con el Almacenamiento y Transporte de Productos Peligrosos:<\/p>\n\n\n\n<ul id=\"block-9b23128e-5c5f-4c7a-9acf-4f5f23edc07a\"><li><a href=\"https:\/\/ambipar.com\/latam\/ambipar-response-3\/entrenamientos\/almacenamiento-y-transporte-de-productos-peligrosos\/transporte-de-residuos-peligrosos-y-embalajes-vacios-y-sucios\/\">Transporte de Residuos Peligrosos y&nbsp;Embalajes<\/a><a href=\"https:\/\/ambipar.com\/latam\/ambipar-response-3\/entrenamientos\/almacenamiento-y-transporte-de-productos-peligrosos\/transporte-de-productos-peligrosos-en-cantidades-limitadas\/\">&nbsp;vac\u00edos y sucios<\/a><\/li><li><a href=\"https:\/\/ambipar.com\/latam\/ambipar-response-3\/entrenamientos\/almacenamiento-y-transporte-de-productos-peligrosos\/legislacion-para-el-transporte-de-productos-y-residuos-peligrosos\/\">Legislaci\u00f3n para el Transporte de Productos y Residuos Peligrosos<\/a><\/li><li><a href=\"https:\/\/ambipar.com\/latam\/ambipar-response-3\/entrenamientos\/almacenamiento-y-transporte-de-productos-peligrosos\/transporte-de-productos-peligrosos-en-cantidades-limitadas\/\">Transporte de Productos Peligrosos en Cantidades Limitadas<\/a><\/li><li><a href=\"https:\/\/ambipar.com\/latam\/ambipar-response-3\/entrenamientos\/almacenamiento-y-transporte-de-productos-peligrosos\/pae-plan-de-accion-en-emergencia\/\">PAE \u2013 Plan de Atenci\u00f3n de Emergencia<\/a><\/li><li><a href=\"https:\/\/ambipar.com\/latam\/ambipar-response-3\/entrenamientos\/almacenamiento-y-transporte-de-productos-peligrosos\/direccion-defensiva\/\">Direcci\u00f3n Defensiva<\/a><\/li><\/ul>\n\n\n\n<p><\/p>\n","protected":false},"excerpt":{"rendered":"OBJETIVO: Exponer al participante a las t\u00e9cnicas adecuadas para almacenar productos peligrosos, ense\u00f1\u00e1ndole los mismos procedimientos de seguridad, env\u00edo y manipulaci\u00f3n. P\u00daBLICO OBJETIVO: Profesionales involucrados en el almacenamiento y manipulaci\u00f3n de productos peligrosos, directa o indirectamente. CONTENIDO DEL PROGRAMA: Entorno de trabajo y equipo involucrado Productos peligrosos: riesgos, peligros y clase Identificaciones t\u00e9cnicas Gesti\u00f3n de&#8230; <a class=\"view-article\" href=\"https:\/\/ambipar.com\/latam\/ambipar-response-3\/entrenamientos\/almacenamiento-y-transporte-de-productos-peligrosos\/almacenamiento-y-manipulacion-de-productos-peligrosos\/\">Ver art\u00edculo<\/a>","protected":false},"author":1,"featured_media":915,"parent":2095,"menu_order":0,"comment_status":"closed","ping_status":"closed","template":"single-servicos.php","meta":[],"yoast_head":"<!-- This site is optimized with the Yoast SEO plugin v17.6 - https:\/\/yoast.com\/wordpress\/plugins\/seo\/ -->\n<title>Conozca Almacenamiento y Manipulaci\u00f3n de Producto Peligroso - Ambipar<\/title>\n<meta name=\"description\" content=\"OBJETIVO: Exponer al participante a las t\u00e9cnicas adecuadas para almacenar productos peligrosos, ense\u00f1\u00e1ndole los mismos procedimientos de seguridad.\" \/>\n<meta name=\"robots\" content=\"index, follow, max-snippet:-1, max-image-preview:large, max-video-preview:-1\" \/>\n<link rel=\"canonical\" href=\"https:\/\/ambipar.com\/latam\/ambipar-response-3\/entrenamientos\/almacenamiento-y-transporte-de-productos-peligrosos\/almacenamiento-y-manipulacion-de-productos-peligrosos\/\" \/>\n<meta property=\"og:locale\" content=\"es_ES\" \/>\n<meta property=\"og:type\" content=\"article\" \/>\n<meta property=\"og:title\" content=\"Conozca Almacenamiento y Manipulaci\u00f3n de Producto Peligroso - Ambipar\" \/>\n<meta property=\"og:description\" content=\"OBJETIVO: Exponer al participante a las t\u00e9cnicas adecuadas para almacenar productos peligrosos, ense\u00f1\u00e1ndole los mismos procedimientos de seguridad.\" \/>\n<meta property=\"og:url\" content=\"https:\/\/ambipar.com\/latam\/ambipar-response-3\/entrenamientos\/almacenamiento-y-transporte-de-productos-peligrosos\/almacenamiento-y-manipulacion-de-productos-peligrosos\/\" \/>\n<meta property=\"og:site_name\" content=\"Ambipar. A l\u00edder em gest\u00e3o ambiental.\" \/>\n<meta property=\"article:modified_time\" content=\"2022-06-21T18:27:28+00:00\" \/>\n<meta property=\"og:image\" content=\"https:\/\/ambipar.com\/latam\/wp-content\/uploads\/2020\/10\/transporte1.jpg\" \/>\n\t<meta property=\"og:image:width\" content=\"1000\" \/>\n\t<meta property=\"og:image:height\" content=\"1000\" \/>\n<meta name=\"twitter:card\" content=\"summary_large_image\" \/>\n<meta name=\"twitter:label1\" content=\"Est. reading time\" \/>\n\t<meta name=\"twitter:data1\" content=\"1 minuto\" \/>\n<script type=\"application\/ld+json\" class=\"yoast-schema-graph\">{\"@context\":\"https:\/\/schema.org\",\"@graph\":[{\"@type\":\"Organization\",\"@id\":\"https:\/\/ambipar.com\/latam\/#organization\",\"name\":\"Ambipar\",\"url\":\"https:\/\/ambipar.com\/latam\/\",\"sameAs\":[],\"logo\":{\"@type\":\"ImageObject\",\"@id\":\"https:\/\/ambipar.com\/latam\/#logo\",\"inLanguage\":\"es-CL\",\"url\":\"https:\/\/ambipar.com\/latam\/wp-content\/uploads\/2020\/10\/ambipar_color.png\",\"contentUrl\":\"https:\/\/ambipar.com\/latam\/wp-content\/uploads\/2020\/10\/ambipar_color.png\",\"width\":174,\"height\":107,\"caption\":\"Ambipar\"},\"image\":{\"@id\":\"https:\/\/ambipar.com\/latam\/#logo\"}},{\"@type\":\"WebSite\",\"@id\":\"https:\/\/ambipar.com\/latam\/#website\",\"url\":\"https:\/\/ambipar.com\/latam\/\",\"name\":\"Ambipar. A l\\u00edder em gest\\u00e3o ambiental.\",\"description\":\"Pioneira em solu\\u00e7\\u00f5es ambientais, a Ambipar atua em todo o territ\\u00f3rio nacional oferecendo solu\\u00e7\\u00f5es integradas para toda a cadeia de neg\\u00f3cio.\",\"publisher\":{\"@id\":\"https:\/\/ambipar.com\/latam\/#organization\"},\"potentialAction\":[{\"@type\":\"SearchAction\",\"target\":{\"@type\":\"EntryPoint\",\"urlTemplate\":\"https:\/\/ambipar.com\/latam\/?s={search_term_string}\"},\"query-input\":\"required name=search_term_string\"}],\"inLanguage\":\"es-CL\"},{\"@type\":\"ImageObject\",\"@id\":\"https:\/\/ambipar.com\/latam\/ambipar-response-3\/entrenamientos\/almacenamiento-y-transporte-de-productos-peligrosos\/almacenamiento-y-manipulacion-de-productos-peligrosos\/#primaryimage\",\"inLanguage\":\"es-CL\",\"url\":\"https:\/\/ambipar.com\/latam\/wp-content\/uploads\/2020\/10\/transporte1.jpg\",\"contentUrl\":\"https:\/\/ambipar.com\/latam\/wp-content\/uploads\/2020\/10\/transporte1.jpg\",\"width\":1000,\"height\":1000,\"caption\":\"transporte\"},{\"@type\":\"WebPage\",\"@id\":\"https:\/\/ambipar.com\/latam\/ambipar-response-3\/entrenamientos\/almacenamiento-y-transporte-de-productos-peligrosos\/almacenamiento-y-manipulacion-de-productos-peligrosos\/#webpage\",\"url\":\"https:\/\/ambipar.com\/latam\/ambipar-response-3\/entrenamientos\/almacenamiento-y-transporte-de-productos-peligrosos\/almacenamiento-y-manipulacion-de-productos-peligrosos\/\",\"name\":\"Conozca Almacenamiento y Manipulaci\\u00f3n de Producto Peligroso - Ambipar\",\"isPartOf\":{\"@id\":\"https:\/\/ambipar.com\/latam\/#website\"},\"primaryImageOfPage\":{\"@id\":\"https:\/\/ambipar.com\/latam\/ambipar-response-3\/entrenamientos\/almacenamiento-y-transporte-de-productos-peligrosos\/almacenamiento-y-manipulacion-de-productos-peligrosos\/#primaryimage\"},\"datePublished\":\"2020-11-16T17:39:31+00:00\",\"dateModified\":\"2022-06-21T18:27:28+00:00\",\"description\":\"OBJETIVO: Exponer al participante a las t\\u00e9cnicas adecuadas para almacenar productos peligrosos, ense\\u00f1\\u00e1ndole los mismos procedimientos de seguridad.\",\"breadcrumb\":{\"@id\":\"https:\/\/ambipar.com\/latam\/ambipar-response-3\/entrenamientos\/almacenamiento-y-transporte-de-productos-peligrosos\/almacenamiento-y-manipulacion-de-productos-peligrosos\/#breadcrumb\"},\"inLanguage\":\"es-CL\",\"potentialAction\":[{\"@type\":\"ReadAction\",\"target\":[\"https:\/\/ambipar.com\/latam\/ambipar-response-3\/entrenamientos\/almacenamiento-y-transporte-de-productos-peligrosos\/almacenamiento-y-manipulacion-de-productos-peligrosos\/\"]}]},{\"@type\":\"BreadcrumbList\",\"@id\":\"https:\/\/ambipar.com\/latam\/ambipar-response-3\/entrenamientos\/almacenamiento-y-transporte-de-productos-peligrosos\/almacenamiento-y-manipulacion-de-productos-peligrosos\/#breadcrumb\",\"itemListElement\":[{\"@type\":\"ListItem\",\"position\":1,\"name\":\"Home\",\"item\":\"https:\/\/ambipar.com\/latam\/\"},{\"@type\":\"ListItem\",\"position\":2,\"name\":\"Ambipar Response\",\"item\":\"https:\/\/ambipar.com\/latam\/ambipar-response-3\/\"},{\"@type\":\"ListItem\",\"position\":3,\"name\":\"Entrenamientos\",\"item\":\"https:\/\/ambipar.com\/latam\/ambipar-response-3\/entrenamientos\/\"},{\"@type\":\"ListItem\",\"position\":4,\"name\":\"Almacenamiento y Transporte de Productos Peligrosos\",\"item\":\"https:\/\/ambipar.com\/latam\/ambipar-response-3\/entrenamientos\/almacenamiento-y-transporte-de-productos-peligrosos\/\"},{\"@type\":\"ListItem\",\"position\":5,\"name\":\"Almacenamiento y Manipulaci\\u00f3n de Productos Peligrosos\"}]}]}<\/script>\n<!-- \/ Yoast SEO plugin. -->","yoast_head_json":{"title":"Conozca Almacenamiento y Manipulaci\u00f3n de Producto Peligroso - Ambipar","description":"OBJETIVO: Exponer al participante a las t\u00e9cnicas adecuadas para almacenar productos peligrosos, ense\u00f1\u00e1ndole los mismos procedimientos de seguridad.","robots":{"index":"index","follow":"follow","max-snippet":"max-snippet:-1","max-image-preview":"max-image-preview:large","max-video-preview":"max-video-preview:-1"},"canonical":"https:\/\/ambipar.com\/latam\/ambipar-response-3\/entrenamientos\/almacenamiento-y-transporte-de-productos-peligrosos\/almacenamiento-y-manipulacion-de-productos-peligrosos\/","og_locale":"es_ES","og_type":"article","og_title":"Conozca Almacenamiento y Manipulaci\u00f3n de Producto Peligroso - Ambipar","og_description":"OBJETIVO: Exponer al participante a las t\u00e9cnicas adecuadas para almacenar productos peligrosos, ense\u00f1\u00e1ndole los mismos procedimientos de seguridad.","og_url":"https:\/\/ambipar.com\/latam\/ambipar-response-3\/entrenamientos\/almacenamiento-y-transporte-de-productos-peligrosos\/almacenamiento-y-manipulacion-de-productos-peligrosos\/","og_site_name":"Ambipar. A l\u00edder em gest\u00e3o ambiental.","article_modified_time":"2022-06-21T18:27:28+00:00","og_image":[{"width":1000,"height":1000,"url":"https:\/\/ambipar.com\/latam\/wp-content\/uploads\/2020\/10\/transporte1.jpg","type":"image\/jpeg"}],"twitter_card":"summary_large_image","twitter_misc":{"Est. reading time":"1 minuto"},"schema":{"@context":"https:\/\/schema.org","@graph":[{"@type":"Organization","@id":"https:\/\/ambipar.com\/latam\/#organization","name":"Ambipar","url":"https:\/\/ambipar.com\/latam\/","sameAs":[],"logo":{"@type":"ImageObject","@id":"https:\/\/ambipar.com\/latam\/#logo","inLanguage":"es-CL","url":"https:\/\/ambipar.com\/latam\/wp-content\/uploads\/2020\/10\/ambipar_color.png","contentUrl":"https:\/\/ambipar.com\/latam\/wp-content\/uploads\/2020\/10\/ambipar_color.png","width":174,"height":107,"caption":"Ambipar"},"image":{"@id":"https:\/\/ambipar.com\/latam\/#logo"}},{"@type":"WebSite","@id":"https:\/\/ambipar.com\/latam\/#website","url":"https:\/\/ambipar.com\/latam\/","name":"Ambipar. A l\u00edder em gest\u00e3o ambiental.","description":"Pioneira em solu\u00e7\u00f5es ambientais, a Ambipar atua em todo o territ\u00f3rio nacional oferecendo solu\u00e7\u00f5es integradas para toda a cadeia de neg\u00f3cio.","publisher":{"@id":"https:\/\/ambipar.com\/latam\/#organization"},"potentialAction":[{"@type":"SearchAction","target":{"@type":"EntryPoint","urlTemplate":"https:\/\/ambipar.com\/latam\/?s={search_term_string}"},"query-input":"required name=search_term_string"}],"inLanguage":"es-CL"},{"@type":"ImageObject","@id":"https:\/\/ambipar.com\/latam\/ambipar-response-3\/entrenamientos\/almacenamiento-y-transporte-de-productos-peligrosos\/almacenamiento-y-manipulacion-de-productos-peligrosos\/#primaryimage","inLanguage":"es-CL","url":"https:\/\/ambipar.com\/latam\/wp-content\/uploads\/2020\/10\/transporte1.jpg","contentUrl":"https:\/\/ambipar.com\/latam\/wp-content\/uploads\/2020\/10\/transporte1.jpg","width":1000,"height":1000,"caption":"transporte"},{"@type":"WebPage","@id":"https:\/\/ambipar.com\/latam\/ambipar-response-3\/entrenamientos\/almacenamiento-y-transporte-de-productos-peligrosos\/almacenamiento-y-manipulacion-de-productos-peligrosos\/#webpage","url":"https:\/\/ambipar.com\/latam\/ambipar-response-3\/entrenamientos\/almacenamiento-y-transporte-de-productos-peligrosos\/almacenamiento-y-manipulacion-de-productos-peligrosos\/","name":"Conozca Almacenamiento y Manipulaci\u00f3n de Producto Peligroso - Ambipar","isPartOf":{"@id":"https:\/\/ambipar.com\/latam\/#website"},"primaryImageOfPage":{"@id":"https:\/\/ambipar.com\/latam\/ambipar-response-3\/entrenamientos\/almacenamiento-y-transporte-de-productos-peligrosos\/almacenamiento-y-manipulacion-de-productos-peligrosos\/#primaryimage"},"datePublished":"2020-11-16T17:39:31+00:00","dateModified":"2022-06-21T18:27:28+00:00","description":"OBJETIVO: Exponer al participante a las t\u00e9cnicas adecuadas para almacenar productos peligrosos, ense\u00f1\u00e1ndole los mismos procedimientos de seguridad.","breadcrumb":{"@id":"https:\/\/ambipar.com\/latam\/ambipar-response-3\/entrenamientos\/almacenamiento-y-transporte-de-productos-peligrosos\/almacenamiento-y-manipulacion-de-productos-peligrosos\/#breadcrumb"},"inLanguage":"es-CL","potentialAction":[{"@type":"ReadAction","target":["https:\/\/ambipar.com\/latam\/ambipar-response-3\/entrenamientos\/almacenamiento-y-transporte-de-productos-peligrosos\/almacenamiento-y-manipulacion-de-productos-peligrosos\/"]}]},{"@type":"BreadcrumbList","@id":"https:\/\/ambipar.com\/latam\/ambipar-response-3\/entrenamientos\/almacenamiento-y-transporte-de-productos-peligrosos\/almacenamiento-y-manipulacion-de-productos-peligrosos\/#breadcrumb","itemListElement":[{"@type":"ListItem","position":1,"name":"Home","item":"https:\/\/ambipar.com\/latam\/"},{"@type":"ListItem","position":2,"name":"Ambipar Response","item":"https:\/\/ambipar.com\/latam\/ambipar-response-3\/"},{"@type":"ListItem","position":3,"name":"Entrenamientos","item":"https:\/\/ambipar.com\/latam\/ambipar-response-3\/entrenamientos\/"},{"@type":"ListItem","position":4,"name":"Almacenamiento y Transporte de Productos Peligrosos","item":"https:\/\/ambipar.com\/latam\/ambipar-response-3\/entrenamientos\/almacenamiento-y-transporte-de-productos-peligrosos\/"},{"@type":"ListItem","position":5,"name":"Almacenamiento y Manipulaci\u00f3n de Productos Peligrosos"}]}]}},"_links":{"self":[{"href":"https:\/\/ambipar.com\/latam\/wp-json\/wp\/v2\/pages\/2101"}],"collection":[{"href":"https:\/\/ambipar.com\/latam\/wp-json\/wp\/v2\/pages"}],"about":[{"href":"https:\/\/ambipar.com\/latam\/wp-json\/wp\/v2\/types\/page"}],"author":[{"embeddable":true,"href":"https:\/\/ambipar.com\/latam\/wp-json\/wp\/v2\/users\/1"}],"replies":[{"embeddable":true,"href":"https:\/\/ambipar.com\/latam\/wp-json\/wp\/v2\/comments?post=2101"}],"version-history":[{"count":12,"href":"https:\/\/ambipar.com\/latam\/wp-json\/wp\/v2\/pages\/2101\/revisions"}],"predecessor-version":[{"id":4622,"href":"https:\/\/ambipar.com\/latam\/wp-json\/wp\/v2\/pages\/2101\/revisions\/4622"}],"up":[{"embeddable":true,"href":"https:\/\/ambipar.com\/latam\/wp-json\/wp\/v2\/pages\/2095"}],"wp:featuredmedia":[{"embeddable":true,"href":"https:\/\/ambipar.com\/latam\/wp-json\/wp\/v2\/media\/915"}],"wp:attachment":[{"href":"https:\/\/ambipar.com\/latam\/wp-json\/wp\/v2\/media?parent=2101"}],"curies":[{"name":"wp","href":"https:\/\/api.w.org\/{rel}","templated":true}]}}