{"id":2105,"date":"2020-11-16T14:44:15","date_gmt":"2020-11-16T17:44:15","guid":{"rendered":"https:\/\/ambipar.com\/latam\/?page_id=2105"},"modified":"2021-01-15T08:40:27","modified_gmt":"2021-01-15T11:40:27","slug":"defensive-direction","status":"publish","type":"page","link":"https:\/\/ambipar.com\/latam\/en\/ambipar-response\/treinamentos\/armazenamento-e-transporte-de-produtos-perigosos\/defensive-direction\/","title":{"rendered":"Defensive Direction"},"content":{"rendered":"\n<p><strong>OBJECTIVE:<\/strong><\/p>\n\n\n\n<p>Address content and practices related to the procedures that every driver must adopt when going through the streets, avenues, highways and roads of the national territory.<\/p>\n\n\n\n<p><strong>TARGET AUDIENCE:<\/strong><\/p>\n\n\n\n<p>Professionals involved in driving trucks, buses and vehicles in general.<\/p>\n\n\n\n<p><strong>PROGRAM CONTENT:<\/strong><\/p>\n\n\n\n<ul><li>Traffic statistics and elements of defensive driving<\/li><li>Effects of alcohol, drugs and medication<\/li><li>Types of drivers<\/li><li>Avoiding collisions<\/li><li>Violations and fines<\/li><\/ul>\n\n\n\n<p>COURSE LOAD: 04 hours<\/p>\n\n\n\n<div class=\"wp-block-buttons\">\n<div class=\"wp-block-button\"><a class=\"wp-block-button__link\" href=\"https:\/\/app.smartsheet.com\/b\/form\/57a977c9e30244acbdc17c86e82b5ef9\" target=\"_blank\" rel=\"noreferrer noopener\"> REQUEST SCHEDULE<\/a><\/div>\n<\/div>\n\n\n\n<p>Get to know the other courses related to Storage and Transport of Dangerous Products<\/p>\n\n\n\n<ul><li><a href=\"https:\/\/ambipar.com\/latam\/en\/ambipar-response\/treinamentos\/armazenamento-e-transporte-de-produtos-perigosos\/storage-and-handling-of-dangerous-products\/\">Storage and Handling of Dangerous Products<\/a><\/li><li><a href=\"https:\/\/ambipar.com\/latam\/en\/ambipar-response\/treinamentos\/armazenamento-e-transporte-de-produtos-perigosos\/transport-of-hazardous-waste-and-empty-and-unclean-packaging\/\">Transport of Hazardous Waste and Empty and Unclean Packaging<\/a><\/li><li><a href=\"https:\/\/ambipar.com\/latam\/en\/ambipar-response\/treinamentos\/armazenamento-e-transporte-de-produtos-perigosos\/legislation-for-the-transport-of-products-and-waste-dangerous\/\">Legislation for the Transport of Products and Waste Dangerous<\/a><\/li><li><a href=\"https:\/\/ambipar.com\/latam\/en\/ambipar-response\/treinamentos\/armazenamento-e-transporte-de-produtos-perigosos\/transport-of-dangerous-products-in-limited-quantity\/\">Transport of Dangerous Products in Limited Quantity<\/a><\/li><li><a href=\"https:\/\/ambipar.com\/latam\/en\/ambipar-response\/treinamentos\/armazenamento-e-transporte-de-produtos-perigosos\/pae-emergency-action-plan\/\">PAE &#8211; Emergency Care Plan<\/a><\/li><\/ul>\n\n\n\n<p><\/p>\n","protected":false},"excerpt":{"rendered":"OBJECTIVE: Address content and practices related to the procedures that every driver must adopt when going through the streets, avenues, highways and roads of the national territory. TARGET AUDIENCE: Professionals involved in driving trucks, buses and vehicles in general. PROGRAM CONTENT: Traffic statistics and elements of defensive driving Effects of alcohol, drugs and medication Types&#8230; <a class=\"view-article\" href=\"https:\/\/ambipar.com\/latam\/en\/ambipar-response\/treinamentos\/armazenamento-e-transporte-de-produtos-perigosos\/defensive-direction\/\">Ver art\u00edculo<\/a>","protected":false},"author":1,"featured_media":913,"parent":920,"menu_order":0,"comment_status":"closed","ping_status":"closed","template":"single-servicos.php","meta":[],"yoast_head":"<!-- This site is optimized with the Yoast SEO plugin v17.6 - https:\/\/yoast.com\/wordpress\/plugins\/seo\/ -->\n<title>Discover the Defensive Direction training offered by Ambipar<\/title>\n<meta name=\"description\" content=\"OBJECTIVE: To approach content and practices related to the procedures that every driver must adopt when driving\" \/>\n<meta name=\"robots\" content=\"index, follow, max-snippet:-1, max-image-preview:large, max-video-preview:-1\" \/>\n<link rel=\"canonical\" href=\"https:\/\/ambipar.com\/latam\/en\/ambipar-response\/treinamentos\/armazenamento-e-transporte-de-produtos-perigosos\/defensive-direction\/\" \/>\n<meta property=\"og:locale\" content=\"es_ES\" \/>\n<meta property=\"og:type\" content=\"article\" \/>\n<meta property=\"og:title\" content=\"Discover the Defensive Direction training offered by Ambipar\" \/>\n<meta property=\"og:description\" content=\"OBJECTIVE: To approach content and practices related to the procedures that every driver must adopt when driving\" \/>\n<meta property=\"og:url\" content=\"https:\/\/ambipar.com\/latam\/en\/ambipar-response\/treinamentos\/armazenamento-e-transporte-de-produtos-perigosos\/defensive-direction\/\" \/>\n<meta property=\"og:site_name\" content=\"Ambipar. A l\u00edder em gest\u00e3o ambiental.\" \/>\n<meta property=\"article:modified_time\" content=\"2021-01-15T11:40:27+00:00\" \/>\n<meta property=\"og:image\" content=\"https:\/\/ambipar.com\/latam\/wp-content\/uploads\/2020\/10\/transporte5.jpeg\" \/>\n\t<meta property=\"og:image:width\" content=\"1000\" \/>\n\t<meta property=\"og:image:height\" content=\"1000\" \/>\n<meta name=\"twitter:card\" content=\"summary_large_image\" \/>\n<meta name=\"twitter:label1\" content=\"Est. reading time\" \/>\n\t<meta name=\"twitter:data1\" content=\"1 minuto\" \/>\n<script type=\"application\/ld+json\" class=\"yoast-schema-graph\">{\"@context\":\"https:\/\/schema.org\",\"@graph\":[{\"@type\":\"Organization\",\"@id\":\"https:\/\/ambipar.com\/latam\/#organization\",\"name\":\"Ambipar\",\"url\":\"https:\/\/ambipar.com\/latam\/\",\"sameAs\":[],\"logo\":{\"@type\":\"ImageObject\",\"@id\":\"https:\/\/ambipar.com\/latam\/#logo\",\"inLanguage\":\"es-CL\",\"url\":\"https:\/\/ambipar.com\/latam\/wp-content\/uploads\/2020\/10\/ambipar_color.png\",\"contentUrl\":\"https:\/\/ambipar.com\/latam\/wp-content\/uploads\/2020\/10\/ambipar_color.png\",\"width\":174,\"height\":107,\"caption\":\"Ambipar\"},\"image\":{\"@id\":\"https:\/\/ambipar.com\/latam\/#logo\"}},{\"@type\":\"WebSite\",\"@id\":\"https:\/\/ambipar.com\/latam\/#website\",\"url\":\"https:\/\/ambipar.com\/latam\/\",\"name\":\"Ambipar. A l\\u00edder em gest\\u00e3o ambiental.\",\"description\":\"Pioneira em solu\\u00e7\\u00f5es ambientais, a Ambipar atua em todo o territ\\u00f3rio nacional oferecendo solu\\u00e7\\u00f5es integradas para toda a cadeia de neg\\u00f3cio.\",\"publisher\":{\"@id\":\"https:\/\/ambipar.com\/latam\/#organization\"},\"potentialAction\":[{\"@type\":\"SearchAction\",\"target\":{\"@type\":\"EntryPoint\",\"urlTemplate\":\"https:\/\/ambipar.com\/latam\/?s={search_term_string}\"},\"query-input\":\"required name=search_term_string\"}],\"inLanguage\":\"es-CL\"},{\"@type\":\"ImageObject\",\"@id\":\"https:\/\/ambipar.com\/latam\/en\/ambipar-response\/treinamentos\/armazenamento-e-transporte-de-produtos-perigosos\/defensive-direction\/#primaryimage\",\"inLanguage\":\"es-CL\",\"url\":\"https:\/\/ambipar.com\/latam\/wp-content\/uploads\/2020\/10\/transporte5.jpeg\",\"contentUrl\":\"https:\/\/ambipar.com\/latam\/wp-content\/uploads\/2020\/10\/transporte5.jpeg\",\"width\":1000,\"height\":1000,\"caption\":\"transporte\"},{\"@type\":\"WebPage\",\"@id\":\"https:\/\/ambipar.com\/latam\/en\/ambipar-response\/treinamentos\/armazenamento-e-transporte-de-produtos-perigosos\/defensive-direction\/#webpage\",\"url\":\"https:\/\/ambipar.com\/latam\/en\/ambipar-response\/treinamentos\/armazenamento-e-transporte-de-produtos-perigosos\/defensive-direction\/\",\"name\":\"Discover the Defensive Direction training offered by Ambipar\",\"isPartOf\":{\"@id\":\"https:\/\/ambipar.com\/latam\/#website\"},\"primaryImageOfPage\":{\"@id\":\"https:\/\/ambipar.com\/latam\/en\/ambipar-response\/treinamentos\/armazenamento-e-transporte-de-produtos-perigosos\/defensive-direction\/#primaryimage\"},\"datePublished\":\"2020-11-16T17:44:15+00:00\",\"dateModified\":\"2021-01-15T11:40:27+00:00\",\"description\":\"OBJECTIVE: To approach content and practices related to the procedures that every driver must adopt when driving\",\"breadcrumb\":{\"@id\":\"https:\/\/ambipar.com\/latam\/en\/ambipar-response\/treinamentos\/armazenamento-e-transporte-de-produtos-perigosos\/defensive-direction\/#breadcrumb\"},\"inLanguage\":\"es-CL\",\"potentialAction\":[{\"@type\":\"ReadAction\",\"target\":[\"https:\/\/ambipar.com\/latam\/en\/ambipar-response\/treinamentos\/armazenamento-e-transporte-de-produtos-perigosos\/defensive-direction\/\"]}]},{\"@type\":\"BreadcrumbList\",\"@id\":\"https:\/\/ambipar.com\/latam\/en\/ambipar-response\/treinamentos\/armazenamento-e-transporte-de-produtos-perigosos\/defensive-direction\/#breadcrumb\",\"itemListElement\":[{\"@type\":\"ListItem\",\"position\":1,\"name\":\"Home\",\"item\":\"https:\/\/ambipar.com\/latam\/\"},{\"@type\":\"ListItem\",\"position\":2,\"name\":\"Ambipar Response\",\"item\":\"https:\/\/ambipar.com\/latam\/pt\/ambipar-response\/\"},{\"@type\":\"ListItem\",\"position\":3,\"name\":\"Treinamentos\",\"item\":\"https:\/\/ambipar.com\/latam\/pt\/ambipar-response\/treinamentos\/\"},{\"@type\":\"ListItem\",\"position\":4,\"name\":\"Armazenamento e Transporte de Produtos Perigosos\",\"item\":\"https:\/\/ambipar.com\/latam\/pt\/ambipar-response\/treinamentos\/armazenamento-e-transporte-de-produtos-perigosos\/\"},{\"@type\":\"ListItem\",\"position\":5,\"name\":\"Defensive Direction\"}]}]}<\/script>\n<!-- \/ Yoast SEO plugin. -->","yoast_head_json":{"title":"Discover the Defensive Direction training offered by Ambipar","description":"OBJECTIVE: To approach content and practices related to the procedures that every driver must adopt when driving","robots":{"index":"index","follow":"follow","max-snippet":"max-snippet:-1","max-image-preview":"max-image-preview:large","max-video-preview":"max-video-preview:-1"},"canonical":"https:\/\/ambipar.com\/latam\/en\/ambipar-response\/treinamentos\/armazenamento-e-transporte-de-produtos-perigosos\/defensive-direction\/","og_locale":"es_ES","og_type":"article","og_title":"Discover the Defensive Direction training offered by Ambipar","og_description":"OBJECTIVE: To approach content and practices related to the procedures that every driver must adopt when driving","og_url":"https:\/\/ambipar.com\/latam\/en\/ambipar-response\/treinamentos\/armazenamento-e-transporte-de-produtos-perigosos\/defensive-direction\/","og_site_name":"Ambipar. A l\u00edder em gest\u00e3o ambiental.","article_modified_time":"2021-01-15T11:40:27+00:00","og_image":[{"width":1000,"height":1000,"url":"https:\/\/ambipar.com\/latam\/wp-content\/uploads\/2020\/10\/transporte5.jpeg","type":"image\/jpeg"}],"twitter_card":"summary_large_image","twitter_misc":{"Est. reading time":"1 minuto"},"schema":{"@context":"https:\/\/schema.org","@graph":[{"@type":"Organization","@id":"https:\/\/ambipar.com\/latam\/#organization","name":"Ambipar","url":"https:\/\/ambipar.com\/latam\/","sameAs":[],"logo":{"@type":"ImageObject","@id":"https:\/\/ambipar.com\/latam\/#logo","inLanguage":"es-CL","url":"https:\/\/ambipar.com\/latam\/wp-content\/uploads\/2020\/10\/ambipar_color.png","contentUrl":"https:\/\/ambipar.com\/latam\/wp-content\/uploads\/2020\/10\/ambipar_color.png","width":174,"height":107,"caption":"Ambipar"},"image":{"@id":"https:\/\/ambipar.com\/latam\/#logo"}},{"@type":"WebSite","@id":"https:\/\/ambipar.com\/latam\/#website","url":"https:\/\/ambipar.com\/latam\/","name":"Ambipar. A l\u00edder em gest\u00e3o ambiental.","description":"Pioneira em solu\u00e7\u00f5es ambientais, a Ambipar atua em todo o territ\u00f3rio nacional oferecendo solu\u00e7\u00f5es integradas para toda a cadeia de neg\u00f3cio.","publisher":{"@id":"https:\/\/ambipar.com\/latam\/#organization"},"potentialAction":[{"@type":"SearchAction","target":{"@type":"EntryPoint","urlTemplate":"https:\/\/ambipar.com\/latam\/?s={search_term_string}"},"query-input":"required name=search_term_string"}],"inLanguage":"es-CL"},{"@type":"ImageObject","@id":"https:\/\/ambipar.com\/latam\/en\/ambipar-response\/treinamentos\/armazenamento-e-transporte-de-produtos-perigosos\/defensive-direction\/#primaryimage","inLanguage":"es-CL","url":"https:\/\/ambipar.com\/latam\/wp-content\/uploads\/2020\/10\/transporte5.jpeg","contentUrl":"https:\/\/ambipar.com\/latam\/wp-content\/uploads\/2020\/10\/transporte5.jpeg","width":1000,"height":1000,"caption":"transporte"},{"@type":"WebPage","@id":"https:\/\/ambipar.com\/latam\/en\/ambipar-response\/treinamentos\/armazenamento-e-transporte-de-produtos-perigosos\/defensive-direction\/#webpage","url":"https:\/\/ambipar.com\/latam\/en\/ambipar-response\/treinamentos\/armazenamento-e-transporte-de-produtos-perigosos\/defensive-direction\/","name":"Discover the Defensive Direction training offered by Ambipar","isPartOf":{"@id":"https:\/\/ambipar.com\/latam\/#website"},"primaryImageOfPage":{"@id":"https:\/\/ambipar.com\/latam\/en\/ambipar-response\/treinamentos\/armazenamento-e-transporte-de-produtos-perigosos\/defensive-direction\/#primaryimage"},"datePublished":"2020-11-16T17:44:15+00:00","dateModified":"2021-01-15T11:40:27+00:00","description":"OBJECTIVE: To approach content and practices related to the procedures that every driver must adopt when driving","breadcrumb":{"@id":"https:\/\/ambipar.com\/latam\/en\/ambipar-response\/treinamentos\/armazenamento-e-transporte-de-produtos-perigosos\/defensive-direction\/#breadcrumb"},"inLanguage":"es-CL","potentialAction":[{"@type":"ReadAction","target":["https:\/\/ambipar.com\/latam\/en\/ambipar-response\/treinamentos\/armazenamento-e-transporte-de-produtos-perigosos\/defensive-direction\/"]}]},{"@type":"BreadcrumbList","@id":"https:\/\/ambipar.com\/latam\/en\/ambipar-response\/treinamentos\/armazenamento-e-transporte-de-produtos-perigosos\/defensive-direction\/#breadcrumb","itemListElement":[{"@type":"ListItem","position":1,"name":"Home","item":"https:\/\/ambipar.com\/latam\/"},{"@type":"ListItem","position":2,"name":"Ambipar Response","item":"https:\/\/ambipar.com\/latam\/pt\/ambipar-response\/"},{"@type":"ListItem","position":3,"name":"Treinamentos","item":"https:\/\/ambipar.com\/latam\/pt\/ambipar-response\/treinamentos\/"},{"@type":"ListItem","position":4,"name":"Armazenamento e Transporte de Produtos Perigosos","item":"https:\/\/ambipar.com\/latam\/pt\/ambipar-response\/treinamentos\/armazenamento-e-transporte-de-produtos-perigosos\/"},{"@type":"ListItem","position":5,"name":"Defensive Direction"}]}]}},"_links":{"self":[{"href":"https:\/\/ambipar.com\/latam\/wp-json\/wp\/v2\/pages\/2105"}],"collection":[{"href":"https:\/\/ambipar.com\/latam\/wp-json\/wp\/v2\/pages"}],"about":[{"href":"https:\/\/ambipar.com\/latam\/wp-json\/wp\/v2\/types\/page"}],"author":[{"embeddable":true,"href":"https:\/\/ambipar.com\/latam\/wp-json\/wp\/v2\/users\/1"}],"replies":[{"embeddable":true,"href":"https:\/\/ambipar.com\/latam\/wp-json\/wp\/v2\/comments?post=2105"}],"version-history":[{"count":6,"href":"https:\/\/ambipar.com\/latam\/wp-json\/wp\/v2\/pages\/2105\/revisions"}],"predecessor-version":[{"id":3245,"href":"https:\/\/ambipar.com\/latam\/wp-json\/wp\/v2\/pages\/2105\/revisions\/3245"}],"up":[{"embeddable":true,"href":"https:\/\/ambipar.com\/latam\/wp-json\/wp\/v2\/pages\/920"}],"wp:featuredmedia":[{"embeddable":true,"href":"https:\/\/ambipar.com\/latam\/wp-json\/wp\/v2\/media\/913"}],"wp:attachment":[{"href":"https:\/\/ambipar.com\/latam\/wp-json\/wp\/v2\/media?parent=2105"}],"curies":[{"name":"wp","href":"https:\/\/api.w.org\/{rel}","templated":true}]}}