{"id":2108,"date":"2020-11-16T14:47:30","date_gmt":"2020-11-16T17:47:30","guid":{"rendered":"https:\/\/ambipar.com\/latam\/?page_id=2108"},"modified":"2022-06-21T15:30:19","modified_gmt":"2022-06-21T18:30:19","slug":"direccion-defensiva","status":"publish","type":"page","link":"https:\/\/ambipar.com\/latam\/ambipar-response-3\/entrenamientos\/almacenamiento-y-transporte-de-productos-peligrosos\/direccion-defensiva\/","title":{"rendered":"Direcci\u00f3n Defensiva"},"content":{"rendered":"\n<p><strong>OBJETIVO:<\/strong><\/p>\n\n\n\n<p>Abordar contenidos y pr\u00e1cticas relacionadas con los procedimientos que todo conductor debe adoptar al transitar por las calles, avenidas, carreteras y caminos del territorio nacional.<\/p>\n\n\n\n<p><strong>P\u00daBLICO OBJETIVO:<\/strong><\/p>\n\n\n\n<p>Profesionales involucrados en la conducci\u00f3n de camiones, autobuses y veh\u00edculos en general.<\/p>\n\n\n\n<p><strong>CONTENIDO DEL PROGRAMA:<\/strong><\/p>\n\n\n\n<ul><li>Estad\u00edsticas de tr\u00e1fico y elementos de conducci\u00f3n defensiva<\/li><li>Efectos del alcohol, las drogas y los medicamentos<\/li><li>Tipos de conductores<\/li><li>Evitar colisiones<\/li><li>Infracciones y multas<\/li><\/ul>\n\n\n\n<p>CARGA DEL CURSO: 04 horas<\/p>\n\n\n\n<div class=\"wp-block-buttons\">\n<div class=\"wp-block-button\"><a class=\"wp-block-button__link\" href=\"https:\/\/ambipar.com\/latam\/cotizacion-de-capacitacion\/\"> SOLICITAR HORARIO<\/a><\/div>\n<\/div>\n\n\n\n<p>Conozca los otros cursos relacionados con el Almacenamiento y Transporte de Productos Peligrosos<\/p>\n\n\n\n<ul id=\"block-9b23128e-5c5f-4c7a-9acf-4f5f23edc07a\"><li><a href=\"https:\/\/ambipar.com\/latam\/ambipar-response-3\/entrenamientos\/almacenamiento-y-transporte-de-productos-peligrosos\/almacenamiento-y-manipulacion-de-productos-peligrosos\/\">Almacenamiento y Manipulaci\u00f3n de Productos Peligrosos<\/a><\/li><li><a href=\"https:\/\/ambipar.com\/latam\/ambipar-response-3\/entrenamientos\/almacenamiento-y-transporte-de-productos-peligrosos\/transporte-de-residuos-peligrosos-y-embalajes-vacios-y-sucios\/\">Transporte de Residuos Peligrosos y&nbsp;Embalajes<\/a><a href=\"https:\/\/ambipar.com\/latam\/ambipar-response-3\/entrenamientos\/almacenamiento-y-transporte-de-productos-peligrosos\/transporte-de-productos-peligrosos-en-cantidades-limitadas\/\">&nbsp;vac\u00edos y sucios<\/a><\/li><li><a href=\"https:\/\/ambipar.com\/latam\/ambipar-response-3\/entrenamientos\/almacenamiento-y-transporte-de-productos-peligrosos\/legislacion-para-el-transporte-de-productos-y-residuos-peligrosos\/\">Legislaci\u00f3n para el Transporte de Productos y Residuos Peligrosos<\/a><\/li><li><a href=\"https:\/\/ambipar.com\/latam\/ambipar-response-3\/entrenamientos\/almacenamiento-y-transporte-de-productos-peligrosos\/transporte-de-productos-peligrosos-en-cantidades-limitadas\/\">Transporte de Productos Peligrosos en Cantidades Limitadas<\/a><\/li><li><a href=\"https:\/\/ambipar.com\/latam\/ambipar-response-3\/entrenamientos\/almacenamiento-y-transporte-de-productos-peligrosos\/pae-plan-de-accion-en-emergencia\/\">PAE \u2013 Plan de Atenci\u00f3n de Emergencia<\/a><\/li><\/ul>\n\n\n\n<p><\/p>\n","protected":false},"excerpt":{"rendered":"OBJETIVO: Abordar contenidos y pr\u00e1cticas relacionadas con los procedimientos que todo conductor debe adoptar al transitar por las calles, avenidas, carreteras y caminos del territorio nacional. P\u00daBLICO OBJETIVO: Profesionales involucrados en la conducci\u00f3n de camiones, autobuses y veh\u00edculos en general. CONTENIDO DEL PROGRAMA: Estad\u00edsticas de tr\u00e1fico y elementos de conducci\u00f3n defensiva Efectos del alcohol, las&#8230; <a class=\"view-article\" href=\"https:\/\/ambipar.com\/latam\/ambipar-response-3\/entrenamientos\/almacenamiento-y-transporte-de-productos-peligrosos\/direccion-defensiva\/\">Ver art\u00edculo<\/a>","protected":false},"author":1,"featured_media":913,"parent":2095,"menu_order":0,"comment_status":"closed","ping_status":"closed","template":"single-servicos.php","meta":[],"yoast_head":"<!-- This site is optimized with the Yoast SEO plugin v17.6 - https:\/\/yoast.com\/wordpress\/plugins\/seo\/ -->\n<title>Descubra la formaci\u00f3n de Direcci\u00f3n Defensiva que ofrece Ambipar<\/title>\n<meta name=\"description\" content=\"OBJETIVO: Abordar contenidos y pr\u00e1cticas relacionadas con los procedimientos que todo conductor debe adoptar al conducir\" \/>\n<meta name=\"robots\" content=\"index, follow, max-snippet:-1, max-image-preview:large, max-video-preview:-1\" \/>\n<link rel=\"canonical\" href=\"https:\/\/ambipar.com\/latam\/ambipar-response-3\/entrenamientos\/almacenamiento-y-transporte-de-productos-peligrosos\/direccion-defensiva\/\" \/>\n<meta property=\"og:locale\" content=\"es_ES\" \/>\n<meta property=\"og:type\" content=\"article\" \/>\n<meta property=\"og:title\" content=\"Descubra la formaci\u00f3n de Direcci\u00f3n Defensiva que ofrece Ambipar\" \/>\n<meta property=\"og:description\" content=\"OBJETIVO: Abordar contenidos y pr\u00e1cticas relacionadas con los procedimientos que todo conductor debe adoptar al conducir\" \/>\n<meta property=\"og:url\" content=\"https:\/\/ambipar.com\/latam\/ambipar-response-3\/entrenamientos\/almacenamiento-y-transporte-de-productos-peligrosos\/direccion-defensiva\/\" \/>\n<meta property=\"og:site_name\" content=\"Ambipar. A l\u00edder em gest\u00e3o ambiental.\" \/>\n<meta property=\"article:modified_time\" content=\"2022-06-21T18:30:19+00:00\" \/>\n<meta property=\"og:image\" content=\"https:\/\/ambipar.com\/latam\/wp-content\/uploads\/2020\/10\/transporte5.jpeg\" \/>\n\t<meta property=\"og:image:width\" content=\"1000\" \/>\n\t<meta property=\"og:image:height\" content=\"1000\" \/>\n<meta name=\"twitter:card\" content=\"summary_large_image\" \/>\n<meta name=\"twitter:label1\" content=\"Est. reading time\" \/>\n\t<meta name=\"twitter:data1\" content=\"1 minuto\" \/>\n<script type=\"application\/ld+json\" class=\"yoast-schema-graph\">{\"@context\":\"https:\/\/schema.org\",\"@graph\":[{\"@type\":\"Organization\",\"@id\":\"https:\/\/ambipar.com\/latam\/#organization\",\"name\":\"Ambipar\",\"url\":\"https:\/\/ambipar.com\/latam\/\",\"sameAs\":[],\"logo\":{\"@type\":\"ImageObject\",\"@id\":\"https:\/\/ambipar.com\/latam\/#logo\",\"inLanguage\":\"es-CL\",\"url\":\"https:\/\/ambipar.com\/latam\/wp-content\/uploads\/2020\/10\/ambipar_color.png\",\"contentUrl\":\"https:\/\/ambipar.com\/latam\/wp-content\/uploads\/2020\/10\/ambipar_color.png\",\"width\":174,\"height\":107,\"caption\":\"Ambipar\"},\"image\":{\"@id\":\"https:\/\/ambipar.com\/latam\/#logo\"}},{\"@type\":\"WebSite\",\"@id\":\"https:\/\/ambipar.com\/latam\/#website\",\"url\":\"https:\/\/ambipar.com\/latam\/\",\"name\":\"Ambipar. A l\\u00edder em gest\\u00e3o ambiental.\",\"description\":\"Pioneira em solu\\u00e7\\u00f5es ambientais, a Ambipar atua em todo o territ\\u00f3rio nacional oferecendo solu\\u00e7\\u00f5es integradas para toda a cadeia de neg\\u00f3cio.\",\"publisher\":{\"@id\":\"https:\/\/ambipar.com\/latam\/#organization\"},\"potentialAction\":[{\"@type\":\"SearchAction\",\"target\":{\"@type\":\"EntryPoint\",\"urlTemplate\":\"https:\/\/ambipar.com\/latam\/?s={search_term_string}\"},\"query-input\":\"required name=search_term_string\"}],\"inLanguage\":\"es-CL\"},{\"@type\":\"ImageObject\",\"@id\":\"https:\/\/ambipar.com\/latam\/ambipar-response-3\/entrenamientos\/almacenamiento-y-transporte-de-productos-peligrosos\/direccion-defensiva\/#primaryimage\",\"inLanguage\":\"es-CL\",\"url\":\"https:\/\/ambipar.com\/latam\/wp-content\/uploads\/2020\/10\/transporte5.jpeg\",\"contentUrl\":\"https:\/\/ambipar.com\/latam\/wp-content\/uploads\/2020\/10\/transporte5.jpeg\",\"width\":1000,\"height\":1000,\"caption\":\"transporte\"},{\"@type\":\"WebPage\",\"@id\":\"https:\/\/ambipar.com\/latam\/ambipar-response-3\/entrenamientos\/almacenamiento-y-transporte-de-productos-peligrosos\/direccion-defensiva\/#webpage\",\"url\":\"https:\/\/ambipar.com\/latam\/ambipar-response-3\/entrenamientos\/almacenamiento-y-transporte-de-productos-peligrosos\/direccion-defensiva\/\",\"name\":\"Descubra la formaci\\u00f3n de Direcci\\u00f3n Defensiva que ofrece Ambipar\",\"isPartOf\":{\"@id\":\"https:\/\/ambipar.com\/latam\/#website\"},\"primaryImageOfPage\":{\"@id\":\"https:\/\/ambipar.com\/latam\/ambipar-response-3\/entrenamientos\/almacenamiento-y-transporte-de-productos-peligrosos\/direccion-defensiva\/#primaryimage\"},\"datePublished\":\"2020-11-16T17:47:30+00:00\",\"dateModified\":\"2022-06-21T18:30:19+00:00\",\"description\":\"OBJETIVO: Abordar contenidos y pr\\u00e1cticas relacionadas con los procedimientos que todo conductor debe adoptar al conducir\",\"breadcrumb\":{\"@id\":\"https:\/\/ambipar.com\/latam\/ambipar-response-3\/entrenamientos\/almacenamiento-y-transporte-de-productos-peligrosos\/direccion-defensiva\/#breadcrumb\"},\"inLanguage\":\"es-CL\",\"potentialAction\":[{\"@type\":\"ReadAction\",\"target\":[\"https:\/\/ambipar.com\/latam\/ambipar-response-3\/entrenamientos\/almacenamiento-y-transporte-de-productos-peligrosos\/direccion-defensiva\/\"]}]},{\"@type\":\"BreadcrumbList\",\"@id\":\"https:\/\/ambipar.com\/latam\/ambipar-response-3\/entrenamientos\/almacenamiento-y-transporte-de-productos-peligrosos\/direccion-defensiva\/#breadcrumb\",\"itemListElement\":[{\"@type\":\"ListItem\",\"position\":1,\"name\":\"Home\",\"item\":\"https:\/\/ambipar.com\/latam\/\"},{\"@type\":\"ListItem\",\"position\":2,\"name\":\"Ambipar Response\",\"item\":\"https:\/\/ambipar.com\/latam\/ambipar-response-3\/\"},{\"@type\":\"ListItem\",\"position\":3,\"name\":\"Entrenamientos\",\"item\":\"https:\/\/ambipar.com\/latam\/ambipar-response-3\/entrenamientos\/\"},{\"@type\":\"ListItem\",\"position\":4,\"name\":\"Almacenamiento y Transporte de Productos Peligrosos\",\"item\":\"https:\/\/ambipar.com\/latam\/ambipar-response-3\/entrenamientos\/almacenamiento-y-transporte-de-productos-peligrosos\/\"},{\"@type\":\"ListItem\",\"position\":5,\"name\":\"Direcci\\u00f3n Defensiva\"}]}]}<\/script>\n<!-- \/ Yoast SEO plugin. -->","yoast_head_json":{"title":"Descubra la formaci\u00f3n de Direcci\u00f3n Defensiva que ofrece Ambipar","description":"OBJETIVO: Abordar contenidos y pr\u00e1cticas relacionadas con los procedimientos que todo conductor debe adoptar al conducir","robots":{"index":"index","follow":"follow","max-snippet":"max-snippet:-1","max-image-preview":"max-image-preview:large","max-video-preview":"max-video-preview:-1"},"canonical":"https:\/\/ambipar.com\/latam\/ambipar-response-3\/entrenamientos\/almacenamiento-y-transporte-de-productos-peligrosos\/direccion-defensiva\/","og_locale":"es_ES","og_type":"article","og_title":"Descubra la formaci\u00f3n de Direcci\u00f3n Defensiva que ofrece Ambipar","og_description":"OBJETIVO: Abordar contenidos y pr\u00e1cticas relacionadas con los procedimientos que todo conductor debe adoptar al conducir","og_url":"https:\/\/ambipar.com\/latam\/ambipar-response-3\/entrenamientos\/almacenamiento-y-transporte-de-productos-peligrosos\/direccion-defensiva\/","og_site_name":"Ambipar. A l\u00edder em gest\u00e3o ambiental.","article_modified_time":"2022-06-21T18:30:19+00:00","og_image":[{"width":1000,"height":1000,"url":"https:\/\/ambipar.com\/latam\/wp-content\/uploads\/2020\/10\/transporte5.jpeg","type":"image\/jpeg"}],"twitter_card":"summary_large_image","twitter_misc":{"Est. reading time":"1 minuto"},"schema":{"@context":"https:\/\/schema.org","@graph":[{"@type":"Organization","@id":"https:\/\/ambipar.com\/latam\/#organization","name":"Ambipar","url":"https:\/\/ambipar.com\/latam\/","sameAs":[],"logo":{"@type":"ImageObject","@id":"https:\/\/ambipar.com\/latam\/#logo","inLanguage":"es-CL","url":"https:\/\/ambipar.com\/latam\/wp-content\/uploads\/2020\/10\/ambipar_color.png","contentUrl":"https:\/\/ambipar.com\/latam\/wp-content\/uploads\/2020\/10\/ambipar_color.png","width":174,"height":107,"caption":"Ambipar"},"image":{"@id":"https:\/\/ambipar.com\/latam\/#logo"}},{"@type":"WebSite","@id":"https:\/\/ambipar.com\/latam\/#website","url":"https:\/\/ambipar.com\/latam\/","name":"Ambipar. A l\u00edder em gest\u00e3o ambiental.","description":"Pioneira em solu\u00e7\u00f5es ambientais, a Ambipar atua em todo o territ\u00f3rio nacional oferecendo solu\u00e7\u00f5es integradas para toda a cadeia de neg\u00f3cio.","publisher":{"@id":"https:\/\/ambipar.com\/latam\/#organization"},"potentialAction":[{"@type":"SearchAction","target":{"@type":"EntryPoint","urlTemplate":"https:\/\/ambipar.com\/latam\/?s={search_term_string}"},"query-input":"required name=search_term_string"}],"inLanguage":"es-CL"},{"@type":"ImageObject","@id":"https:\/\/ambipar.com\/latam\/ambipar-response-3\/entrenamientos\/almacenamiento-y-transporte-de-productos-peligrosos\/direccion-defensiva\/#primaryimage","inLanguage":"es-CL","url":"https:\/\/ambipar.com\/latam\/wp-content\/uploads\/2020\/10\/transporte5.jpeg","contentUrl":"https:\/\/ambipar.com\/latam\/wp-content\/uploads\/2020\/10\/transporte5.jpeg","width":1000,"height":1000,"caption":"transporte"},{"@type":"WebPage","@id":"https:\/\/ambipar.com\/latam\/ambipar-response-3\/entrenamientos\/almacenamiento-y-transporte-de-productos-peligrosos\/direccion-defensiva\/#webpage","url":"https:\/\/ambipar.com\/latam\/ambipar-response-3\/entrenamientos\/almacenamiento-y-transporte-de-productos-peligrosos\/direccion-defensiva\/","name":"Descubra la formaci\u00f3n de Direcci\u00f3n Defensiva que ofrece Ambipar","isPartOf":{"@id":"https:\/\/ambipar.com\/latam\/#website"},"primaryImageOfPage":{"@id":"https:\/\/ambipar.com\/latam\/ambipar-response-3\/entrenamientos\/almacenamiento-y-transporte-de-productos-peligrosos\/direccion-defensiva\/#primaryimage"},"datePublished":"2020-11-16T17:47:30+00:00","dateModified":"2022-06-21T18:30:19+00:00","description":"OBJETIVO: Abordar contenidos y pr\u00e1cticas relacionadas con los procedimientos que todo conductor debe adoptar al conducir","breadcrumb":{"@id":"https:\/\/ambipar.com\/latam\/ambipar-response-3\/entrenamientos\/almacenamiento-y-transporte-de-productos-peligrosos\/direccion-defensiva\/#breadcrumb"},"inLanguage":"es-CL","potentialAction":[{"@type":"ReadAction","target":["https:\/\/ambipar.com\/latam\/ambipar-response-3\/entrenamientos\/almacenamiento-y-transporte-de-productos-peligrosos\/direccion-defensiva\/"]}]},{"@type":"BreadcrumbList","@id":"https:\/\/ambipar.com\/latam\/ambipar-response-3\/entrenamientos\/almacenamiento-y-transporte-de-productos-peligrosos\/direccion-defensiva\/#breadcrumb","itemListElement":[{"@type":"ListItem","position":1,"name":"Home","item":"https:\/\/ambipar.com\/latam\/"},{"@type":"ListItem","position":2,"name":"Ambipar Response","item":"https:\/\/ambipar.com\/latam\/ambipar-response-3\/"},{"@type":"ListItem","position":3,"name":"Entrenamientos","item":"https:\/\/ambipar.com\/latam\/ambipar-response-3\/entrenamientos\/"},{"@type":"ListItem","position":4,"name":"Almacenamiento y Transporte de Productos Peligrosos","item":"https:\/\/ambipar.com\/latam\/ambipar-response-3\/entrenamientos\/almacenamiento-y-transporte-de-productos-peligrosos\/"},{"@type":"ListItem","position":5,"name":"Direcci\u00f3n Defensiva"}]}]}},"_links":{"self":[{"href":"https:\/\/ambipar.com\/latam\/wp-json\/wp\/v2\/pages\/2108"}],"collection":[{"href":"https:\/\/ambipar.com\/latam\/wp-json\/wp\/v2\/pages"}],"about":[{"href":"https:\/\/ambipar.com\/latam\/wp-json\/wp\/v2\/types\/page"}],"author":[{"embeddable":true,"href":"https:\/\/ambipar.com\/latam\/wp-json\/wp\/v2\/users\/1"}],"replies":[{"embeddable":true,"href":"https:\/\/ambipar.com\/latam\/wp-json\/wp\/v2\/comments?post=2108"}],"version-history":[{"count":8,"href":"https:\/\/ambipar.com\/latam\/wp-json\/wp\/v2\/pages\/2108\/revisions"}],"predecessor-version":[{"id":4627,"href":"https:\/\/ambipar.com\/latam\/wp-json\/wp\/v2\/pages\/2108\/revisions\/4627"}],"up":[{"embeddable":true,"href":"https:\/\/ambipar.com\/latam\/wp-json\/wp\/v2\/pages\/2095"}],"wp:featuredmedia":[{"embeddable":true,"href":"https:\/\/ambipar.com\/latam\/wp-json\/wp\/v2\/media\/913"}],"wp:attachment":[{"href":"https:\/\/ambipar.com\/latam\/wp-json\/wp\/v2\/media?parent=2108"}],"curies":[{"name":"wp","href":"https:\/\/api.w.org\/{rel}","templated":true}]}}