{"id":2118,"date":"2020-11-16T15:01:02","date_gmt":"2020-11-16T18:01:02","guid":{"rendered":"https:\/\/ambipar.com\/latam\/?page_id=2118"},"modified":"2021-01-15T08:40:02","modified_gmt":"2021-01-15T11:40:02","slug":"pae-emergency-action-plan","status":"publish","type":"page","link":"https:\/\/ambipar.com\/latam\/en\/ambipar-response\/treinamentos\/armazenamento-e-transporte-de-produtos-perigosos\/pae-emergency-action-plan\/","title":{"rendered":"PAE &#8211; Emergency Care Plan"},"content":{"rendered":"\n<p><strong>OBJECTIVE:<\/strong><\/p>\n\n\n\n<p>Present concepts and preventive knowledge to identify risks and establish ways to act in the face of emergencies. It addresses the instructions and techniques of preparation, organization and execution in emergencies involving dangerous products and how to meet the legal aspects of the current and applicable rules.<\/p>\n\n\n\n<p><strong>TARGET AUDIENCE:<\/strong><\/p>\n\n\n\n<p>Professionals involved in the team aimed at composing the emergency response operation.<\/p>\n\n\n\n<p><strong>PROGRAM CONTENT:<\/strong><\/p>\n\n\n\n<ul><li>Objectives, responsible persons, transported products and routes<\/li><li>First-place assignments<\/li><li>Plan methodology (Operative, Strategic and Combating the emergency)<\/li><li>Distribution of competences and responsibilities<\/li><li>Triggering, Isolation and Confinement of the dangerous product<\/li><\/ul>\n\n\n\n<p>COURSE LOAD: 04 hours<\/p>\n\n\n\n<div class=\"wp-block-buttons\">\n<div class=\"wp-block-button\"><a class=\"wp-block-button__link\" href=\"https:\/\/app.smartsheet.com\/b\/form\/57a977c9e30244acbdc17c86e82b5ef9\" target=\"_blank\" rel=\"noreferrer noopener\"> REQUEST SCHEDULE<\/a><\/div>\n<\/div>\n\n\n\n<p>Get to know the other courses related to Storage and Transport of Dangerous Products<\/p>\n\n\n\n<ul id=\"block-9b23128e-5c5f-4c7a-9acf-4f5f23edc07a\"><li><a href=\"https:\/\/ambipar.com\/latam\/en\/ambipar-response\/treinamentos\/armazenamento-e-transporte-de-produtos-perigosos\/storage-and-handling-of-dangerous-products\/\">Storage and Handling of Dangerous Products<\/a><\/li><li><a href=\"https:\/\/ambipar.com\/latam\/en\/ambipar-response\/treinamentos\/armazenamento-e-transporte-de-produtos-perigosos\/transport-of-hazardous-waste-and-empty-and-unclean-packaging\/\">Transport of Hazardous Waste and Empty and Unclean Packaging<\/a><\/li><li><a href=\"https:\/\/ambipar.com\/latam\/en\/ambipar-response\/treinamentos\/armazenamento-e-transporte-de-produtos-perigosos\/legislation-for-the-transport-of-products-and-waste-dangerous\/\">Legislation for the Transport of Products and Waste Dangerous<\/a><\/li><li><a href=\"https:\/\/ambipar.com\/latam\/en\/ambipar-response\/treinamentos\/armazenamento-e-transporte-de-produtos-perigosos\/transport-of-dangerous-products-in-limited-quantity\/\">Transport of Dangerous Products in Limited Quantity<\/a><\/li><li><a href=\"https:\/\/ambipar.com\/latam\/en\/ambipar-response\/treinamentos\/armazenamento-e-transporte-de-produtos-perigosos\/defensive-direction\/\">Defensive Direction<\/a><\/li><\/ul>\n\n\n\n<p><\/p>\n","protected":false},"excerpt":{"rendered":"OBJECTIVE: Present concepts and preventive knowledge to identify risks and establish ways to act in the face of emergencies. It addresses the instructions and techniques of preparation, organization and execution in emergencies involving dangerous products and how to meet the legal aspects of the current and applicable rules. TARGET AUDIENCE: Professionals involved in the team&#8230; <a class=\"view-article\" href=\"https:\/\/ambipar.com\/latam\/en\/ambipar-response\/treinamentos\/armazenamento-e-transporte-de-produtos-perigosos\/pae-emergency-action-plan\/\">Ver art\u00edculo<\/a>","protected":false},"author":1,"featured_media":919,"parent":920,"menu_order":0,"comment_status":"closed","ping_status":"closed","template":"single-servicos.php","meta":[],"yoast_head":"<!-- This site is optimized with the Yoast SEO plugin v17.6 - https:\/\/yoast.com\/wordpress\/plugins\/seo\/ -->\n<title>Emergency Care Plan Training offered by Ambipar<\/title>\n<meta name=\"description\" content=\"OBJECTIVE: To present concepts and preventive knowledge to identify risks and establish ways to act in the face of emergencies.\" \/>\n<meta name=\"robots\" content=\"index, follow, max-snippet:-1, max-image-preview:large, max-video-preview:-1\" \/>\n<link rel=\"canonical\" href=\"https:\/\/ambipar.com\/latam\/en\/ambipar-response\/treinamentos\/armazenamento-e-transporte-de-produtos-perigosos\/pae-emergency-action-plan\/\" \/>\n<meta property=\"og:locale\" content=\"es_ES\" \/>\n<meta property=\"og:type\" content=\"article\" \/>\n<meta property=\"og:title\" content=\"Emergency Care Plan Training offered by Ambipar\" \/>\n<meta property=\"og:description\" content=\"OBJECTIVE: To present concepts and preventive knowledge to identify risks and establish ways to act in the face of emergencies.\" \/>\n<meta property=\"og:url\" content=\"https:\/\/ambipar.com\/latam\/en\/ambipar-response\/treinamentos\/armazenamento-e-transporte-de-produtos-perigosos\/pae-emergency-action-plan\/\" \/>\n<meta property=\"og:site_name\" content=\"Ambipar. A l\u00edder em gest\u00e3o ambiental.\" \/>\n<meta property=\"article:modified_time\" content=\"2021-01-15T11:40:02+00:00\" \/>\n<meta property=\"og:image\" content=\"https:\/\/ambipar.com\/latam\/wp-content\/uploads\/2020\/10\/transporte3.jpg\" \/>\n\t<meta property=\"og:image:width\" content=\"1000\" \/>\n\t<meta property=\"og:image:height\" content=\"1000\" \/>\n<meta name=\"twitter:card\" content=\"summary_large_image\" \/>\n<meta name=\"twitter:label1\" content=\"Est. reading time\" \/>\n\t<meta name=\"twitter:data1\" content=\"1 minuto\" \/>\n<script type=\"application\/ld+json\" class=\"yoast-schema-graph\">{\"@context\":\"https:\/\/schema.org\",\"@graph\":[{\"@type\":\"Organization\",\"@id\":\"https:\/\/ambipar.com\/latam\/#organization\",\"name\":\"Ambipar\",\"url\":\"https:\/\/ambipar.com\/latam\/\",\"sameAs\":[],\"logo\":{\"@type\":\"ImageObject\",\"@id\":\"https:\/\/ambipar.com\/latam\/#logo\",\"inLanguage\":\"es-CL\",\"url\":\"https:\/\/ambipar.com\/latam\/wp-content\/uploads\/2020\/10\/ambipar_color.png\",\"contentUrl\":\"https:\/\/ambipar.com\/latam\/wp-content\/uploads\/2020\/10\/ambipar_color.png\",\"width\":174,\"height\":107,\"caption\":\"Ambipar\"},\"image\":{\"@id\":\"https:\/\/ambipar.com\/latam\/#logo\"}},{\"@type\":\"WebSite\",\"@id\":\"https:\/\/ambipar.com\/latam\/#website\",\"url\":\"https:\/\/ambipar.com\/latam\/\",\"name\":\"Ambipar. A l\\u00edder em gest\\u00e3o ambiental.\",\"description\":\"Pioneira em solu\\u00e7\\u00f5es ambientais, a Ambipar atua em todo o territ\\u00f3rio nacional oferecendo solu\\u00e7\\u00f5es integradas para toda a cadeia de neg\\u00f3cio.\",\"publisher\":{\"@id\":\"https:\/\/ambipar.com\/latam\/#organization\"},\"potentialAction\":[{\"@type\":\"SearchAction\",\"target\":{\"@type\":\"EntryPoint\",\"urlTemplate\":\"https:\/\/ambipar.com\/latam\/?s={search_term_string}\"},\"query-input\":\"required name=search_term_string\"}],\"inLanguage\":\"es-CL\"},{\"@type\":\"ImageObject\",\"@id\":\"https:\/\/ambipar.com\/latam\/en\/ambipar-response\/treinamentos\/armazenamento-e-transporte-de-produtos-perigosos\/pae-emergency-action-plan\/#primaryimage\",\"inLanguage\":\"es-CL\",\"url\":\"https:\/\/ambipar.com\/latam\/wp-content\/uploads\/2020\/10\/transporte3.jpg\",\"contentUrl\":\"https:\/\/ambipar.com\/latam\/wp-content\/uploads\/2020\/10\/transporte3.jpg\",\"width\":1000,\"height\":1000,\"caption\":\"transporte\"},{\"@type\":\"WebPage\",\"@id\":\"https:\/\/ambipar.com\/latam\/en\/ambipar-response\/treinamentos\/armazenamento-e-transporte-de-produtos-perigosos\/pae-emergency-action-plan\/#webpage\",\"url\":\"https:\/\/ambipar.com\/latam\/en\/ambipar-response\/treinamentos\/armazenamento-e-transporte-de-produtos-perigosos\/pae-emergency-action-plan\/\",\"name\":\"Emergency Care Plan Training offered by Ambipar\",\"isPartOf\":{\"@id\":\"https:\/\/ambipar.com\/latam\/#website\"},\"primaryImageOfPage\":{\"@id\":\"https:\/\/ambipar.com\/latam\/en\/ambipar-response\/treinamentos\/armazenamento-e-transporte-de-produtos-perigosos\/pae-emergency-action-plan\/#primaryimage\"},\"datePublished\":\"2020-11-16T18:01:02+00:00\",\"dateModified\":\"2021-01-15T11:40:02+00:00\",\"description\":\"OBJECTIVE: To present concepts and preventive knowledge to identify risks and establish ways to act in the face of emergencies.\",\"breadcrumb\":{\"@id\":\"https:\/\/ambipar.com\/latam\/en\/ambipar-response\/treinamentos\/armazenamento-e-transporte-de-produtos-perigosos\/pae-emergency-action-plan\/#breadcrumb\"},\"inLanguage\":\"es-CL\",\"potentialAction\":[{\"@type\":\"ReadAction\",\"target\":[\"https:\/\/ambipar.com\/latam\/en\/ambipar-response\/treinamentos\/armazenamento-e-transporte-de-produtos-perigosos\/pae-emergency-action-plan\/\"]}]},{\"@type\":\"BreadcrumbList\",\"@id\":\"https:\/\/ambipar.com\/latam\/en\/ambipar-response\/treinamentos\/armazenamento-e-transporte-de-produtos-perigosos\/pae-emergency-action-plan\/#breadcrumb\",\"itemListElement\":[{\"@type\":\"ListItem\",\"position\":1,\"name\":\"Home\",\"item\":\"https:\/\/ambipar.com\/latam\/\"},{\"@type\":\"ListItem\",\"position\":2,\"name\":\"Ambipar Response\",\"item\":\"https:\/\/ambipar.com\/latam\/pt\/ambipar-response\/\"},{\"@type\":\"ListItem\",\"position\":3,\"name\":\"Treinamentos\",\"item\":\"https:\/\/ambipar.com\/latam\/pt\/ambipar-response\/treinamentos\/\"},{\"@type\":\"ListItem\",\"position\":4,\"name\":\"Armazenamento e Transporte de Produtos Perigosos\",\"item\":\"https:\/\/ambipar.com\/latam\/pt\/ambipar-response\/treinamentos\/armazenamento-e-transporte-de-produtos-perigosos\/\"},{\"@type\":\"ListItem\",\"position\":5,\"name\":\"PAE &#8211; Emergency Care Plan\"}]}]}<\/script>\n<!-- \/ Yoast SEO plugin. -->","yoast_head_json":{"title":"Emergency Care Plan Training offered by Ambipar","description":"OBJECTIVE: To present concepts and preventive knowledge to identify risks and establish ways to act in the face of emergencies.","robots":{"index":"index","follow":"follow","max-snippet":"max-snippet:-1","max-image-preview":"max-image-preview:large","max-video-preview":"max-video-preview:-1"},"canonical":"https:\/\/ambipar.com\/latam\/en\/ambipar-response\/treinamentos\/armazenamento-e-transporte-de-produtos-perigosos\/pae-emergency-action-plan\/","og_locale":"es_ES","og_type":"article","og_title":"Emergency Care Plan Training offered by Ambipar","og_description":"OBJECTIVE: To present concepts and preventive knowledge to identify risks and establish ways to act in the face of emergencies.","og_url":"https:\/\/ambipar.com\/latam\/en\/ambipar-response\/treinamentos\/armazenamento-e-transporte-de-produtos-perigosos\/pae-emergency-action-plan\/","og_site_name":"Ambipar. A l\u00edder em gest\u00e3o ambiental.","article_modified_time":"2021-01-15T11:40:02+00:00","og_image":[{"width":1000,"height":1000,"url":"https:\/\/ambipar.com\/latam\/wp-content\/uploads\/2020\/10\/transporte3.jpg","type":"image\/jpeg"}],"twitter_card":"summary_large_image","twitter_misc":{"Est. reading time":"1 minuto"},"schema":{"@context":"https:\/\/schema.org","@graph":[{"@type":"Organization","@id":"https:\/\/ambipar.com\/latam\/#organization","name":"Ambipar","url":"https:\/\/ambipar.com\/latam\/","sameAs":[],"logo":{"@type":"ImageObject","@id":"https:\/\/ambipar.com\/latam\/#logo","inLanguage":"es-CL","url":"https:\/\/ambipar.com\/latam\/wp-content\/uploads\/2020\/10\/ambipar_color.png","contentUrl":"https:\/\/ambipar.com\/latam\/wp-content\/uploads\/2020\/10\/ambipar_color.png","width":174,"height":107,"caption":"Ambipar"},"image":{"@id":"https:\/\/ambipar.com\/latam\/#logo"}},{"@type":"WebSite","@id":"https:\/\/ambipar.com\/latam\/#website","url":"https:\/\/ambipar.com\/latam\/","name":"Ambipar. A l\u00edder em gest\u00e3o ambiental.","description":"Pioneira em solu\u00e7\u00f5es ambientais, a Ambipar atua em todo o territ\u00f3rio nacional oferecendo solu\u00e7\u00f5es integradas para toda a cadeia de neg\u00f3cio.","publisher":{"@id":"https:\/\/ambipar.com\/latam\/#organization"},"potentialAction":[{"@type":"SearchAction","target":{"@type":"EntryPoint","urlTemplate":"https:\/\/ambipar.com\/latam\/?s={search_term_string}"},"query-input":"required name=search_term_string"}],"inLanguage":"es-CL"},{"@type":"ImageObject","@id":"https:\/\/ambipar.com\/latam\/en\/ambipar-response\/treinamentos\/armazenamento-e-transporte-de-produtos-perigosos\/pae-emergency-action-plan\/#primaryimage","inLanguage":"es-CL","url":"https:\/\/ambipar.com\/latam\/wp-content\/uploads\/2020\/10\/transporte3.jpg","contentUrl":"https:\/\/ambipar.com\/latam\/wp-content\/uploads\/2020\/10\/transporte3.jpg","width":1000,"height":1000,"caption":"transporte"},{"@type":"WebPage","@id":"https:\/\/ambipar.com\/latam\/en\/ambipar-response\/treinamentos\/armazenamento-e-transporte-de-produtos-perigosos\/pae-emergency-action-plan\/#webpage","url":"https:\/\/ambipar.com\/latam\/en\/ambipar-response\/treinamentos\/armazenamento-e-transporte-de-produtos-perigosos\/pae-emergency-action-plan\/","name":"Emergency Care Plan Training offered by Ambipar","isPartOf":{"@id":"https:\/\/ambipar.com\/latam\/#website"},"primaryImageOfPage":{"@id":"https:\/\/ambipar.com\/latam\/en\/ambipar-response\/treinamentos\/armazenamento-e-transporte-de-produtos-perigosos\/pae-emergency-action-plan\/#primaryimage"},"datePublished":"2020-11-16T18:01:02+00:00","dateModified":"2021-01-15T11:40:02+00:00","description":"OBJECTIVE: To present concepts and preventive knowledge to identify risks and establish ways to act in the face of emergencies.","breadcrumb":{"@id":"https:\/\/ambipar.com\/latam\/en\/ambipar-response\/treinamentos\/armazenamento-e-transporte-de-produtos-perigosos\/pae-emergency-action-plan\/#breadcrumb"},"inLanguage":"es-CL","potentialAction":[{"@type":"ReadAction","target":["https:\/\/ambipar.com\/latam\/en\/ambipar-response\/treinamentos\/armazenamento-e-transporte-de-produtos-perigosos\/pae-emergency-action-plan\/"]}]},{"@type":"BreadcrumbList","@id":"https:\/\/ambipar.com\/latam\/en\/ambipar-response\/treinamentos\/armazenamento-e-transporte-de-produtos-perigosos\/pae-emergency-action-plan\/#breadcrumb","itemListElement":[{"@type":"ListItem","position":1,"name":"Home","item":"https:\/\/ambipar.com\/latam\/"},{"@type":"ListItem","position":2,"name":"Ambipar Response","item":"https:\/\/ambipar.com\/latam\/pt\/ambipar-response\/"},{"@type":"ListItem","position":3,"name":"Treinamentos","item":"https:\/\/ambipar.com\/latam\/pt\/ambipar-response\/treinamentos\/"},{"@type":"ListItem","position":4,"name":"Armazenamento e Transporte de Produtos Perigosos","item":"https:\/\/ambipar.com\/latam\/pt\/ambipar-response\/treinamentos\/armazenamento-e-transporte-de-produtos-perigosos\/"},{"@type":"ListItem","position":5,"name":"PAE &#8211; Emergency Care Plan"}]}]}},"_links":{"self":[{"href":"https:\/\/ambipar.com\/latam\/wp-json\/wp\/v2\/pages\/2118"}],"collection":[{"href":"https:\/\/ambipar.com\/latam\/wp-json\/wp\/v2\/pages"}],"about":[{"href":"https:\/\/ambipar.com\/latam\/wp-json\/wp\/v2\/types\/page"}],"author":[{"embeddable":true,"href":"https:\/\/ambipar.com\/latam\/wp-json\/wp\/v2\/users\/1"}],"replies":[{"embeddable":true,"href":"https:\/\/ambipar.com\/latam\/wp-json\/wp\/v2\/comments?post=2118"}],"version-history":[{"count":6,"href":"https:\/\/ambipar.com\/latam\/wp-json\/wp\/v2\/pages\/2118\/revisions"}],"predecessor-version":[{"id":3244,"href":"https:\/\/ambipar.com\/latam\/wp-json\/wp\/v2\/pages\/2118\/revisions\/3244"}],"up":[{"embeddable":true,"href":"https:\/\/ambipar.com\/latam\/wp-json\/wp\/v2\/pages\/920"}],"wp:featuredmedia":[{"embeddable":true,"href":"https:\/\/ambipar.com\/latam\/wp-json\/wp\/v2\/media\/919"}],"wp:attachment":[{"href":"https:\/\/ambipar.com\/latam\/wp-json\/wp\/v2\/media?parent=2118"}],"curies":[{"name":"wp","href":"https:\/\/api.w.org\/{rel}","templated":true}]}}