{"id":2163,"date":"2020-11-16T19:14:26","date_gmt":"2020-11-16T22:14:26","guid":{"rendered":"https:\/\/ambipar.com\/latam\/?page_id=2163"},"modified":"2021-01-15T08:32:35","modified_gmt":"2021-01-15T11:32:35","slug":"fire-fighting-brigades-advanced","status":"publish","type":"page","link":"https:\/\/ambipar.com\/latam\/en\/ambipar-response\/treinamentos\/brigadas-de-emergencias\/fire-fighting-brigades-advanced\/","title":{"rendered":"Fire Fighting Brigades &#8211; Advanced"},"content":{"rendered":"\n<p><strong>OBJECTIVE: <\/strong><\/p>\n\n\n\n<p>Prepare the professional in the prevention and combat in the beginning of fire, abandonment of the area and first aid.<\/p>\n\n\n\n<p><strong>TARGET AUDIENCE: <\/strong><\/p>\n\n\n\n<p>Professionals that make up the company&#8217;s fire brigade.<\/p>\n\n\n\n<p><strong>PROGRAM CONTENT:<\/strong><\/p>\n\n\n\n<ul><li>Legal Aspects<\/li><li>Emergency Psychology<\/li><li>Fire Theory<\/li><li>Fire Prevention<\/li><li>Fire Propagation, Classes Extinguishing Methods and Extinguishing Methods<\/li><li>Detection, alarm, communication and fire fighting equipment<\/li><li>Initial assessment in First Aid and Basic Life Support<\/li><li>Practical Exercises<\/li><\/ul>\n\n\n\n<p>COURSE LOAD: 24 hours<\/p>\n\n\n\n<div class=\"wp-block-buttons\">\n<div class=\"wp-block-button\"><a class=\"wp-block-button__link\" href=\"https:\/\/app.smartsheet.com\/b\/form\/57a977c9e30244acbdc17c86e82b5ef9\" target=\"_blank\" rel=\"noreferrer noopener\"> REQUEST SCHEDULE<\/a><\/div>\n<\/div>\n\n\n\n<p>Get to know the other training modules of the Emergency Brigade:<\/p>\n\n\n\n<ul id=\"block-cdc1b052-3980-4215-afce-e765d8569b8a\"><li><a href=\"https:\/\/ambipar.com\/latam\/en\/ambipar-response\/treinamentos\/brigadas-de-emergencias\/chemical-emergencies-basic\/\">Chemical Emergencies &#8211; Basic<\/a><\/li><li><a href=\"https:\/\/ambipar.com\/latam\/en\/ambipar-response\/treinamentos\/brigadas-de-emergencias\/chemical-emergencies-intermediate\/\">Chemical Emergencies &#8211; Intermediate<\/a><\/li><li><a href=\"https:\/\/ambipar.com\/latam\/en\/ambipar-response\/treinamentos\/brigadas-de-emergencias\/chemical-emergencies-advanced\/\">Chemical Emergencies &#8211; Advanced<\/a><\/li><li><a href=\"https:\/\/ambipar.com\/latam\/en\/ambipar-response\/treinamentos\/brigadas-de-emergencias\/fire-fighting-brigades-basic\/\">Fire Fighting Brigades &#8211; Basic<\/a><\/li><li><a href=\"https:\/\/ambipar.com\/latam\/en\/ambipar-response\/treinamentos\/brigadas-de-emergencias\/fire-fighting-brigades-intermediate\/\">Fire Fighting Brigades &#8211; Intermediate<\/a><\/li><li><a href=\"https:\/\/ambipar.com\/latam\/en\/ambipar-response\/treinamentos\/brigadas-de-emergencias\/first-aid\/\">First Aid<\/a><\/li><\/ul>\n\n\n\n<p><\/p>\n","protected":false},"excerpt":{"rendered":"OBJECTIVE: Prepare the professional in the prevention and combat in the beginning of fire, abandonment of the area and first aid. TARGET AUDIENCE: Professionals that make up the company&#8217;s fire brigade. PROGRAM CONTENT: Legal Aspects Emergency Psychology Fire Theory Fire Prevention Fire Propagation, Classes Extinguishing Methods and Extinguishing Methods Detection, alarm, communication and fire fighting&#8230; <a class=\"view-article\" href=\"https:\/\/ambipar.com\/latam\/en\/ambipar-response\/treinamentos\/brigadas-de-emergencias\/fire-fighting-brigades-advanced\/\">Ver art\u00edculo<\/a>","protected":false},"author":1,"featured_media":484,"parent":625,"menu_order":0,"comment_status":"closed","ping_status":"closed","template":"single-servicos.php","meta":[],"yoast_head":"<!-- This site is optimized with the Yoast SEO plugin v17.6 - https:\/\/yoast.com\/wordpress\/plugins\/seo\/ -->\n<title>Discover Ambipar&#039;s Fire Fighting Brigades - Advanced module<\/title>\n<meta name=\"description\" content=\"OBJECTIVE: To prepare the professional in the prevention and combat in the beginning of fire, abandonment of the area and first aid.\" \/>\n<meta name=\"robots\" content=\"index, follow, max-snippet:-1, max-image-preview:large, max-video-preview:-1\" \/>\n<link rel=\"canonical\" href=\"https:\/\/ambipar.com\/latam\/en\/ambipar-response\/treinamentos\/brigadas-de-emergencias\/fire-fighting-brigades-advanced\/\" \/>\n<meta property=\"og:locale\" content=\"es_ES\" \/>\n<meta property=\"og:type\" content=\"article\" \/>\n<meta property=\"og:title\" content=\"Discover Ambipar&#039;s Fire Fighting Brigades - Advanced module\" \/>\n<meta property=\"og:description\" content=\"OBJECTIVE: To prepare the professional in the prevention and combat in the beginning of fire, abandonment of the area and first aid.\" \/>\n<meta property=\"og:url\" content=\"https:\/\/ambipar.com\/latam\/en\/ambipar-response\/treinamentos\/brigadas-de-emergencias\/fire-fighting-brigades-advanced\/\" \/>\n<meta property=\"og:site_name\" content=\"Ambipar. A l\u00edder em gest\u00e3o ambiental.\" \/>\n<meta property=\"article:modified_time\" content=\"2021-01-15T11:32:35+00:00\" \/>\n<meta property=\"og:image\" content=\"https:\/\/ambipar.com\/latam\/wp-content\/uploads\/2020\/10\/img_treinamentos.jpg\" \/>\n\t<meta property=\"og:image:width\" content=\"463\" \/>\n\t<meta property=\"og:image:height\" content=\"575\" \/>\n<meta name=\"twitter:card\" content=\"summary_large_image\" \/>\n<script type=\"application\/ld+json\" class=\"yoast-schema-graph\">{\"@context\":\"https:\/\/schema.org\",\"@graph\":[{\"@type\":\"Organization\",\"@id\":\"https:\/\/ambipar.com\/latam\/#organization\",\"name\":\"Ambipar\",\"url\":\"https:\/\/ambipar.com\/latam\/\",\"sameAs\":[],\"logo\":{\"@type\":\"ImageObject\",\"@id\":\"https:\/\/ambipar.com\/latam\/#logo\",\"inLanguage\":\"es-CL\",\"url\":\"https:\/\/ambipar.com\/latam\/wp-content\/uploads\/2020\/10\/ambipar_color.png\",\"contentUrl\":\"https:\/\/ambipar.com\/latam\/wp-content\/uploads\/2020\/10\/ambipar_color.png\",\"width\":174,\"height\":107,\"caption\":\"Ambipar\"},\"image\":{\"@id\":\"https:\/\/ambipar.com\/latam\/#logo\"}},{\"@type\":\"WebSite\",\"@id\":\"https:\/\/ambipar.com\/latam\/#website\",\"url\":\"https:\/\/ambipar.com\/latam\/\",\"name\":\"Ambipar. A l\\u00edder em gest\\u00e3o ambiental.\",\"description\":\"Pioneira em solu\\u00e7\\u00f5es ambientais, a Ambipar atua em todo o territ\\u00f3rio nacional oferecendo solu\\u00e7\\u00f5es integradas para toda a cadeia de neg\\u00f3cio.\",\"publisher\":{\"@id\":\"https:\/\/ambipar.com\/latam\/#organization\"},\"potentialAction\":[{\"@type\":\"SearchAction\",\"target\":{\"@type\":\"EntryPoint\",\"urlTemplate\":\"https:\/\/ambipar.com\/latam\/?s={search_term_string}\"},\"query-input\":\"required name=search_term_string\"}],\"inLanguage\":\"es-CL\"},{\"@type\":\"ImageObject\",\"@id\":\"https:\/\/ambipar.com\/latam\/en\/ambipar-response\/treinamentos\/brigadas-de-emergencias\/fire-fighting-brigades-advanced\/#primaryimage\",\"inLanguage\":\"es-CL\",\"url\":\"https:\/\/ambipar.com\/latam\/wp-content\/uploads\/2020\/10\/img_treinamentos.jpg\",\"contentUrl\":\"https:\/\/ambipar.com\/latam\/wp-content\/uploads\/2020\/10\/img_treinamentos.jpg\",\"width\":463,\"height\":575,\"caption\":\"Imagem de um treinamento da brigada de emerg\\u00eancia\"},{\"@type\":\"WebPage\",\"@id\":\"https:\/\/ambipar.com\/latam\/en\/ambipar-response\/treinamentos\/brigadas-de-emergencias\/fire-fighting-brigades-advanced\/#webpage\",\"url\":\"https:\/\/ambipar.com\/latam\/en\/ambipar-response\/treinamentos\/brigadas-de-emergencias\/fire-fighting-brigades-advanced\/\",\"name\":\"Discover Ambipar's Fire Fighting Brigades - Advanced module\",\"isPartOf\":{\"@id\":\"https:\/\/ambipar.com\/latam\/#website\"},\"primaryImageOfPage\":{\"@id\":\"https:\/\/ambipar.com\/latam\/en\/ambipar-response\/treinamentos\/brigadas-de-emergencias\/fire-fighting-brigades-advanced\/#primaryimage\"},\"datePublished\":\"2020-11-16T22:14:26+00:00\",\"dateModified\":\"2021-01-15T11:32:35+00:00\",\"description\":\"OBJECTIVE: To prepare the professional in the prevention and combat in the beginning of fire, abandonment of the area and first aid.\",\"breadcrumb\":{\"@id\":\"https:\/\/ambipar.com\/latam\/en\/ambipar-response\/treinamentos\/brigadas-de-emergencias\/fire-fighting-brigades-advanced\/#breadcrumb\"},\"inLanguage\":\"es-CL\",\"potentialAction\":[{\"@type\":\"ReadAction\",\"target\":[\"https:\/\/ambipar.com\/latam\/en\/ambipar-response\/treinamentos\/brigadas-de-emergencias\/fire-fighting-brigades-advanced\/\"]}]},{\"@type\":\"BreadcrumbList\",\"@id\":\"https:\/\/ambipar.com\/latam\/en\/ambipar-response\/treinamentos\/brigadas-de-emergencias\/fire-fighting-brigades-advanced\/#breadcrumb\",\"itemListElement\":[{\"@type\":\"ListItem\",\"position\":1,\"name\":\"Home\",\"item\":\"https:\/\/ambipar.com\/latam\/\"},{\"@type\":\"ListItem\",\"position\":2,\"name\":\"Ambipar Response\",\"item\":\"https:\/\/ambipar.com\/latam\/pt\/ambipar-response\/\"},{\"@type\":\"ListItem\",\"position\":3,\"name\":\"Treinamentos\",\"item\":\"https:\/\/ambipar.com\/latam\/pt\/ambipar-response\/treinamentos\/\"},{\"@type\":\"ListItem\",\"position\":4,\"name\":\"Brigadas de Emerg\\u00eancias\",\"item\":\"https:\/\/ambipar.com\/latam\/pt\/ambipar-response\/treinamentos\/brigadas-de-emergencias\/\"},{\"@type\":\"ListItem\",\"position\":5,\"name\":\"Fire Fighting Brigades &#8211; Advanced\"}]}]}<\/script>\n<!-- \/ Yoast SEO plugin. -->","yoast_head_json":{"title":"Discover Ambipar's Fire Fighting Brigades - Advanced module","description":"OBJECTIVE: To prepare the professional in the prevention and combat in the beginning of fire, abandonment of the area and first aid.","robots":{"index":"index","follow":"follow","max-snippet":"max-snippet:-1","max-image-preview":"max-image-preview:large","max-video-preview":"max-video-preview:-1"},"canonical":"https:\/\/ambipar.com\/latam\/en\/ambipar-response\/treinamentos\/brigadas-de-emergencias\/fire-fighting-brigades-advanced\/","og_locale":"es_ES","og_type":"article","og_title":"Discover Ambipar's Fire Fighting Brigades - Advanced module","og_description":"OBJECTIVE: To prepare the professional in the prevention and combat in the beginning of fire, abandonment of the area and first aid.","og_url":"https:\/\/ambipar.com\/latam\/en\/ambipar-response\/treinamentos\/brigadas-de-emergencias\/fire-fighting-brigades-advanced\/","og_site_name":"Ambipar. A l\u00edder em gest\u00e3o ambiental.","article_modified_time":"2021-01-15T11:32:35+00:00","og_image":[{"width":463,"height":575,"url":"https:\/\/ambipar.com\/latam\/wp-content\/uploads\/2020\/10\/img_treinamentos.jpg","type":"image\/jpeg"}],"twitter_card":"summary_large_image","schema":{"@context":"https:\/\/schema.org","@graph":[{"@type":"Organization","@id":"https:\/\/ambipar.com\/latam\/#organization","name":"Ambipar","url":"https:\/\/ambipar.com\/latam\/","sameAs":[],"logo":{"@type":"ImageObject","@id":"https:\/\/ambipar.com\/latam\/#logo","inLanguage":"es-CL","url":"https:\/\/ambipar.com\/latam\/wp-content\/uploads\/2020\/10\/ambipar_color.png","contentUrl":"https:\/\/ambipar.com\/latam\/wp-content\/uploads\/2020\/10\/ambipar_color.png","width":174,"height":107,"caption":"Ambipar"},"image":{"@id":"https:\/\/ambipar.com\/latam\/#logo"}},{"@type":"WebSite","@id":"https:\/\/ambipar.com\/latam\/#website","url":"https:\/\/ambipar.com\/latam\/","name":"Ambipar. A l\u00edder em gest\u00e3o ambiental.","description":"Pioneira em solu\u00e7\u00f5es ambientais, a Ambipar atua em todo o territ\u00f3rio nacional oferecendo solu\u00e7\u00f5es integradas para toda a cadeia de neg\u00f3cio.","publisher":{"@id":"https:\/\/ambipar.com\/latam\/#organization"},"potentialAction":[{"@type":"SearchAction","target":{"@type":"EntryPoint","urlTemplate":"https:\/\/ambipar.com\/latam\/?s={search_term_string}"},"query-input":"required name=search_term_string"}],"inLanguage":"es-CL"},{"@type":"ImageObject","@id":"https:\/\/ambipar.com\/latam\/en\/ambipar-response\/treinamentos\/brigadas-de-emergencias\/fire-fighting-brigades-advanced\/#primaryimage","inLanguage":"es-CL","url":"https:\/\/ambipar.com\/latam\/wp-content\/uploads\/2020\/10\/img_treinamentos.jpg","contentUrl":"https:\/\/ambipar.com\/latam\/wp-content\/uploads\/2020\/10\/img_treinamentos.jpg","width":463,"height":575,"caption":"Imagem de um treinamento da brigada de emerg\u00eancia"},{"@type":"WebPage","@id":"https:\/\/ambipar.com\/latam\/en\/ambipar-response\/treinamentos\/brigadas-de-emergencias\/fire-fighting-brigades-advanced\/#webpage","url":"https:\/\/ambipar.com\/latam\/en\/ambipar-response\/treinamentos\/brigadas-de-emergencias\/fire-fighting-brigades-advanced\/","name":"Discover Ambipar's Fire Fighting Brigades - Advanced module","isPartOf":{"@id":"https:\/\/ambipar.com\/latam\/#website"},"primaryImageOfPage":{"@id":"https:\/\/ambipar.com\/latam\/en\/ambipar-response\/treinamentos\/brigadas-de-emergencias\/fire-fighting-brigades-advanced\/#primaryimage"},"datePublished":"2020-11-16T22:14:26+00:00","dateModified":"2021-01-15T11:32:35+00:00","description":"OBJECTIVE: To prepare the professional in the prevention and combat in the beginning of fire, abandonment of the area and first aid.","breadcrumb":{"@id":"https:\/\/ambipar.com\/latam\/en\/ambipar-response\/treinamentos\/brigadas-de-emergencias\/fire-fighting-brigades-advanced\/#breadcrumb"},"inLanguage":"es-CL","potentialAction":[{"@type":"ReadAction","target":["https:\/\/ambipar.com\/latam\/en\/ambipar-response\/treinamentos\/brigadas-de-emergencias\/fire-fighting-brigades-advanced\/"]}]},{"@type":"BreadcrumbList","@id":"https:\/\/ambipar.com\/latam\/en\/ambipar-response\/treinamentos\/brigadas-de-emergencias\/fire-fighting-brigades-advanced\/#breadcrumb","itemListElement":[{"@type":"ListItem","position":1,"name":"Home","item":"https:\/\/ambipar.com\/latam\/"},{"@type":"ListItem","position":2,"name":"Ambipar Response","item":"https:\/\/ambipar.com\/latam\/pt\/ambipar-response\/"},{"@type":"ListItem","position":3,"name":"Treinamentos","item":"https:\/\/ambipar.com\/latam\/pt\/ambipar-response\/treinamentos\/"},{"@type":"ListItem","position":4,"name":"Brigadas de Emerg\u00eancias","item":"https:\/\/ambipar.com\/latam\/pt\/ambipar-response\/treinamentos\/brigadas-de-emergencias\/"},{"@type":"ListItem","position":5,"name":"Fire Fighting Brigades &#8211; Advanced"}]}]}},"_links":{"self":[{"href":"https:\/\/ambipar.com\/latam\/wp-json\/wp\/v2\/pages\/2163"}],"collection":[{"href":"https:\/\/ambipar.com\/latam\/wp-json\/wp\/v2\/pages"}],"about":[{"href":"https:\/\/ambipar.com\/latam\/wp-json\/wp\/v2\/types\/page"}],"author":[{"embeddable":true,"href":"https:\/\/ambipar.com\/latam\/wp-json\/wp\/v2\/users\/1"}],"replies":[{"embeddable":true,"href":"https:\/\/ambipar.com\/latam\/wp-json\/wp\/v2\/comments?post=2163"}],"version-history":[{"count":5,"href":"https:\/\/ambipar.com\/latam\/wp-json\/wp\/v2\/pages\/2163\/revisions"}],"predecessor-version":[{"id":3230,"href":"https:\/\/ambipar.com\/latam\/wp-json\/wp\/v2\/pages\/2163\/revisions\/3230"}],"up":[{"embeddable":true,"href":"https:\/\/ambipar.com\/latam\/wp-json\/wp\/v2\/pages\/625"}],"wp:featuredmedia":[{"embeddable":true,"href":"https:\/\/ambipar.com\/latam\/wp-json\/wp\/v2\/media\/484"}],"wp:attachment":[{"href":"https:\/\/ambipar.com\/latam\/wp-json\/wp\/v2\/media?parent=2163"}],"curies":[{"name":"wp","href":"https:\/\/api.w.org\/{rel}","templated":true}]}}