{"id":2167,"date":"2020-11-16T19:19:19","date_gmt":"2020-11-16T22:19:19","guid":{"rendered":"https:\/\/ambipar.com\/latam\/?page_id=2167"},"modified":"2022-06-21T15:49:34","modified_gmt":"2022-06-21T18:49:34","slug":"brigadas-de-extincion-de-incendios-avanzado","status":"publish","type":"page","link":"https:\/\/ambipar.com\/latam\/ambipar-response-3\/entrenamientos\/brigadas-de-emergencia\/brigadas-de-extincion-de-incendios-avanzado\/","title":{"rendered":"Brigadas de Extinci\u00f3n de Incendios &#8211; Avanzado"},"content":{"rendered":"\n<p><strong>OBJETIVO: <\/strong><\/p>\n\n\n\n<p>Preparar al profesional en la prevenci\u00f3n y combate al inicio del incendio, abandono de la zona y primeros auxilios.<\/p>\n\n\n\n<p><strong>P\u00daBLICO OBJETIVO: <\/strong><\/p>\n\n\n\n<p>Profesionales que integran el cuerpo de bomberos de la empresa.<\/p>\n\n\n\n<p><strong>CONTENIDO DEL PROGRAMA:<\/strong><\/p>\n\n\n\n<ul><li>Aspectos legales<\/li><li>Psicolog\u00eda de emergencia<\/li><li>Teor\u00eda de incendios<\/li><li>Prevenci\u00f3n de incendios<\/li><li>Propagaci\u00f3n de incendios, clases de m\u00e9todos de extinci\u00f3n y extinci\u00f3n M\u00e9todos<\/li><li>Equipos de detecci\u00f3n, alarma, comunicaci\u00f3n y extinci\u00f3n de incendios<\/li><li>Evaluaci\u00f3n inicial en Primeros Auxilios y Soporte Vital B\u00e1sico<\/li><li>Ejercicios Pr\u00e1ctico<\/li><\/ul>\n\n\n\n<p>CARGA DEL CURSO: 24 horas<\/p>\n\n\n\n<div class=\"wp-block-buttons\">\n<div class=\"wp-block-button\"><a class=\"wp-block-button__link\" href=\"https:\/\/ambipar.com\/latam\/cotizacion-de-capacitacion\/\"> SOLICITAR HORARIO<\/a><\/div>\n<\/div>\n\n\n\n<p>Conozca los otros m\u00f3dulos de formaci\u00f3n de la Brigada de Emergencia:<\/p>\n\n\n\n<ul id=\"block-cdc1b052-3980-4215-afce-e765d8569b8a\"><li><a href=\"https:\/\/ambipar.com\/latam\/ambipar-response-3\/entrenamientos\/brigadas-de-emergencia\/emergencias-quimicas-basico-2\/\">Emergencias Qu\u00edmicas \u2013 B\u00e1sico<\/a><\/li><li><a href=\"https:\/\/ambipar.com\/latam\/ambipar-response-3\/entrenamientos\/brigadas-de-emergencia\/emergencias-quimicas-intermedio\/\">Emergencias Qu\u00edmicas \u2013 Intermedio<\/a><\/li><li><a href=\"https:\/\/ambipar.com\/latam\/ambipar-response-3\/entrenamientos\/brigadas-de-emergencia\/emergencias-quimicas-avanzado\/\">Emergencias Qu\u00edmicas \u2013 Avanzado<\/a><\/li><li><a href=\"https:\/\/ambipar.com\/latam\/ambipar-response\/treinamentos\/brigadas-de-emergencias\/brigadas-de-combate-a-incendio-basico\/\">Brigadas&nbsp;<\/a><a href=\"https:\/\/ambipar.com\/latam\/ambipar-response-3\/entrenamientos\/brigadas-de-emergencia\/brigadas-de-extincion-de-incendios-basico\/\">de Extinci\u00f3n de Incendios \u2013 B\u00e1sico<\/a><\/li><li><a href=\"https:\/\/ambipar.com\/latam\/ambipar-response-3\/entrenamientos\/brigadas-de-emergencia\/brigadas-de-extincion-de-incendios-intermedio\/\">Brigadas de Extinci\u00f3n de Incendios \u2013 Intermedio<\/a><\/li><li><a href=\"https:\/\/ambipar.com\/latam\/ambipar-response-3\/entrenamientos\/brigadas-de-emergencia\/primeros-auxilios\/\">Primeros Auxilios<\/a><\/li><\/ul>\n","protected":false},"excerpt":{"rendered":"OBJETIVO: Preparar al profesional en la prevenci\u00f3n y combate al inicio del incendio, abandono de la zona y primeros auxilios. P\u00daBLICO OBJETIVO: Profesionales que integran el cuerpo de bomberos de la empresa. CONTENIDO DEL PROGRAMA: Aspectos legales Psicolog\u00eda de emergencia Teor\u00eda de incendios Prevenci\u00f3n de incendios Propagaci\u00f3n de incendios, clases de m\u00e9todos de extinci\u00f3n y&#8230; <a class=\"view-article\" href=\"https:\/\/ambipar.com\/latam\/ambipar-response-3\/entrenamientos\/brigadas-de-emergencia\/brigadas-de-extincion-de-incendios-avanzado\/\">Ver art\u00edculo<\/a>","protected":false},"author":1,"featured_media":484,"parent":2156,"menu_order":0,"comment_status":"closed","ping_status":"closed","template":"single-servicos.php","meta":[],"yoast_head":"<!-- This site is optimized with the Yoast SEO plugin v17.6 - https:\/\/yoast.com\/wordpress\/plugins\/seo\/ -->\n<title>Conozca m\u00f3dulo Brigadas de Extinci\u00f3n de Incendios - Avanzado - Ambipar<\/title>\n<meta name=\"description\" content=\"OBJETIVO: Preparar al profesional en la prevenci\u00f3n y combate en el inicio de incendio, abandono del \u00e1rea y primeros auxilios.\" \/>\n<meta name=\"robots\" content=\"index, follow, max-snippet:-1, max-image-preview:large, max-video-preview:-1\" \/>\n<link rel=\"canonical\" href=\"https:\/\/ambipar.com\/latam\/ambipar-response-3\/entrenamientos\/brigadas-de-emergencia\/brigadas-de-extincion-de-incendios-avanzado\/\" \/>\n<meta property=\"og:locale\" content=\"es_ES\" \/>\n<meta property=\"og:type\" content=\"article\" \/>\n<meta property=\"og:title\" content=\"Conozca m\u00f3dulo Brigadas de Extinci\u00f3n de Incendios - Avanzado - Ambipar\" \/>\n<meta property=\"og:description\" content=\"OBJETIVO: Preparar al profesional en la prevenci\u00f3n y combate en el inicio de incendio, abandono del \u00e1rea y primeros auxilios.\" \/>\n<meta property=\"og:url\" content=\"https:\/\/ambipar.com\/latam\/ambipar-response-3\/entrenamientos\/brigadas-de-emergencia\/brigadas-de-extincion-de-incendios-avanzado\/\" \/>\n<meta property=\"og:site_name\" content=\"Ambipar. A l\u00edder em gest\u00e3o ambiental.\" \/>\n<meta property=\"article:modified_time\" content=\"2022-06-21T18:49:34+00:00\" \/>\n<meta property=\"og:image\" content=\"https:\/\/ambipar.com\/latam\/wp-content\/uploads\/2020\/10\/img_treinamentos.jpg\" \/>\n\t<meta property=\"og:image:width\" content=\"463\" \/>\n\t<meta property=\"og:image:height\" content=\"575\" \/>\n<meta name=\"twitter:card\" content=\"summary_large_image\" \/>\n<meta name=\"twitter:label1\" content=\"Est. reading time\" \/>\n\t<meta name=\"twitter:data1\" content=\"1 minuto\" \/>\n<script type=\"application\/ld+json\" class=\"yoast-schema-graph\">{\"@context\":\"https:\/\/schema.org\",\"@graph\":[{\"@type\":\"Organization\",\"@id\":\"https:\/\/ambipar.com\/latam\/#organization\",\"name\":\"Ambipar\",\"url\":\"https:\/\/ambipar.com\/latam\/\",\"sameAs\":[],\"logo\":{\"@type\":\"ImageObject\",\"@id\":\"https:\/\/ambipar.com\/latam\/#logo\",\"inLanguage\":\"es-CL\",\"url\":\"https:\/\/ambipar.com\/latam\/wp-content\/uploads\/2020\/10\/ambipar_color.png\",\"contentUrl\":\"https:\/\/ambipar.com\/latam\/wp-content\/uploads\/2020\/10\/ambipar_color.png\",\"width\":174,\"height\":107,\"caption\":\"Ambipar\"},\"image\":{\"@id\":\"https:\/\/ambipar.com\/latam\/#logo\"}},{\"@type\":\"WebSite\",\"@id\":\"https:\/\/ambipar.com\/latam\/#website\",\"url\":\"https:\/\/ambipar.com\/latam\/\",\"name\":\"Ambipar. A l\\u00edder em gest\\u00e3o ambiental.\",\"description\":\"Pioneira em solu\\u00e7\\u00f5es ambientais, a Ambipar atua em todo o territ\\u00f3rio nacional oferecendo solu\\u00e7\\u00f5es integradas para toda a cadeia de neg\\u00f3cio.\",\"publisher\":{\"@id\":\"https:\/\/ambipar.com\/latam\/#organization\"},\"potentialAction\":[{\"@type\":\"SearchAction\",\"target\":{\"@type\":\"EntryPoint\",\"urlTemplate\":\"https:\/\/ambipar.com\/latam\/?s={search_term_string}\"},\"query-input\":\"required name=search_term_string\"}],\"inLanguage\":\"es-CL\"},{\"@type\":\"ImageObject\",\"@id\":\"https:\/\/ambipar.com\/latam\/ambipar-response-3\/entrenamientos\/brigadas-de-emergencia\/brigadas-de-extincion-de-incendios-avanzado\/#primaryimage\",\"inLanguage\":\"es-CL\",\"url\":\"https:\/\/ambipar.com\/latam\/wp-content\/uploads\/2020\/10\/img_treinamentos.jpg\",\"contentUrl\":\"https:\/\/ambipar.com\/latam\/wp-content\/uploads\/2020\/10\/img_treinamentos.jpg\",\"width\":463,\"height\":575,\"caption\":\"Imagem de um treinamento da brigada de emerg\\u00eancia\"},{\"@type\":\"WebPage\",\"@id\":\"https:\/\/ambipar.com\/latam\/ambipar-response-3\/entrenamientos\/brigadas-de-emergencia\/brigadas-de-extincion-de-incendios-avanzado\/#webpage\",\"url\":\"https:\/\/ambipar.com\/latam\/ambipar-response-3\/entrenamientos\/brigadas-de-emergencia\/brigadas-de-extincion-de-incendios-avanzado\/\",\"name\":\"Conozca m\\u00f3dulo Brigadas de Extinci\\u00f3n de Incendios - Avanzado - Ambipar\",\"isPartOf\":{\"@id\":\"https:\/\/ambipar.com\/latam\/#website\"},\"primaryImageOfPage\":{\"@id\":\"https:\/\/ambipar.com\/latam\/ambipar-response-3\/entrenamientos\/brigadas-de-emergencia\/brigadas-de-extincion-de-incendios-avanzado\/#primaryimage\"},\"datePublished\":\"2020-11-16T22:19:19+00:00\",\"dateModified\":\"2022-06-21T18:49:34+00:00\",\"description\":\"OBJETIVO: Preparar al profesional en la prevenci\\u00f3n y combate en el inicio de incendio, abandono del \\u00e1rea y primeros auxilios.\",\"breadcrumb\":{\"@id\":\"https:\/\/ambipar.com\/latam\/ambipar-response-3\/entrenamientos\/brigadas-de-emergencia\/brigadas-de-extincion-de-incendios-avanzado\/#breadcrumb\"},\"inLanguage\":\"es-CL\",\"potentialAction\":[{\"@type\":\"ReadAction\",\"target\":[\"https:\/\/ambipar.com\/latam\/ambipar-response-3\/entrenamientos\/brigadas-de-emergencia\/brigadas-de-extincion-de-incendios-avanzado\/\"]}]},{\"@type\":\"BreadcrumbList\",\"@id\":\"https:\/\/ambipar.com\/latam\/ambipar-response-3\/entrenamientos\/brigadas-de-emergencia\/brigadas-de-extincion-de-incendios-avanzado\/#breadcrumb\",\"itemListElement\":[{\"@type\":\"ListItem\",\"position\":1,\"name\":\"Home\",\"item\":\"https:\/\/ambipar.com\/latam\/\"},{\"@type\":\"ListItem\",\"position\":2,\"name\":\"Ambipar Response\",\"item\":\"https:\/\/ambipar.com\/latam\/ambipar-response-3\/\"},{\"@type\":\"ListItem\",\"position\":3,\"name\":\"Entrenamientos\",\"item\":\"https:\/\/ambipar.com\/latam\/ambipar-response-3\/entrenamientos\/\"},{\"@type\":\"ListItem\",\"position\":4,\"name\":\"Brigadas de Emergencia\",\"item\":\"https:\/\/ambipar.com\/latam\/ambipar-response-3\/entrenamientos\/brigadas-de-emergencia\/\"},{\"@type\":\"ListItem\",\"position\":5,\"name\":\"Brigadas de Extinci\\u00f3n de Incendios &#8211; Avanzado\"}]}]}<\/script>\n<!-- \/ Yoast SEO plugin. -->","yoast_head_json":{"title":"Conozca m\u00f3dulo Brigadas de Extinci\u00f3n de Incendios - Avanzado - Ambipar","description":"OBJETIVO: Preparar al profesional en la prevenci\u00f3n y combate en el inicio de incendio, abandono del \u00e1rea y primeros auxilios.","robots":{"index":"index","follow":"follow","max-snippet":"max-snippet:-1","max-image-preview":"max-image-preview:large","max-video-preview":"max-video-preview:-1"},"canonical":"https:\/\/ambipar.com\/latam\/ambipar-response-3\/entrenamientos\/brigadas-de-emergencia\/brigadas-de-extincion-de-incendios-avanzado\/","og_locale":"es_ES","og_type":"article","og_title":"Conozca m\u00f3dulo Brigadas de Extinci\u00f3n de Incendios - Avanzado - Ambipar","og_description":"OBJETIVO: Preparar al profesional en la prevenci\u00f3n y combate en el inicio de incendio, abandono del \u00e1rea y primeros auxilios.","og_url":"https:\/\/ambipar.com\/latam\/ambipar-response-3\/entrenamientos\/brigadas-de-emergencia\/brigadas-de-extincion-de-incendios-avanzado\/","og_site_name":"Ambipar. A l\u00edder em gest\u00e3o ambiental.","article_modified_time":"2022-06-21T18:49:34+00:00","og_image":[{"width":463,"height":575,"url":"https:\/\/ambipar.com\/latam\/wp-content\/uploads\/2020\/10\/img_treinamentos.jpg","type":"image\/jpeg"}],"twitter_card":"summary_large_image","twitter_misc":{"Est. reading time":"1 minuto"},"schema":{"@context":"https:\/\/schema.org","@graph":[{"@type":"Organization","@id":"https:\/\/ambipar.com\/latam\/#organization","name":"Ambipar","url":"https:\/\/ambipar.com\/latam\/","sameAs":[],"logo":{"@type":"ImageObject","@id":"https:\/\/ambipar.com\/latam\/#logo","inLanguage":"es-CL","url":"https:\/\/ambipar.com\/latam\/wp-content\/uploads\/2020\/10\/ambipar_color.png","contentUrl":"https:\/\/ambipar.com\/latam\/wp-content\/uploads\/2020\/10\/ambipar_color.png","width":174,"height":107,"caption":"Ambipar"},"image":{"@id":"https:\/\/ambipar.com\/latam\/#logo"}},{"@type":"WebSite","@id":"https:\/\/ambipar.com\/latam\/#website","url":"https:\/\/ambipar.com\/latam\/","name":"Ambipar. A l\u00edder em gest\u00e3o ambiental.","description":"Pioneira em solu\u00e7\u00f5es ambientais, a Ambipar atua em todo o territ\u00f3rio nacional oferecendo solu\u00e7\u00f5es integradas para toda a cadeia de neg\u00f3cio.","publisher":{"@id":"https:\/\/ambipar.com\/latam\/#organization"},"potentialAction":[{"@type":"SearchAction","target":{"@type":"EntryPoint","urlTemplate":"https:\/\/ambipar.com\/latam\/?s={search_term_string}"},"query-input":"required name=search_term_string"}],"inLanguage":"es-CL"},{"@type":"ImageObject","@id":"https:\/\/ambipar.com\/latam\/ambipar-response-3\/entrenamientos\/brigadas-de-emergencia\/brigadas-de-extincion-de-incendios-avanzado\/#primaryimage","inLanguage":"es-CL","url":"https:\/\/ambipar.com\/latam\/wp-content\/uploads\/2020\/10\/img_treinamentos.jpg","contentUrl":"https:\/\/ambipar.com\/latam\/wp-content\/uploads\/2020\/10\/img_treinamentos.jpg","width":463,"height":575,"caption":"Imagem de um treinamento da brigada de emerg\u00eancia"},{"@type":"WebPage","@id":"https:\/\/ambipar.com\/latam\/ambipar-response-3\/entrenamientos\/brigadas-de-emergencia\/brigadas-de-extincion-de-incendios-avanzado\/#webpage","url":"https:\/\/ambipar.com\/latam\/ambipar-response-3\/entrenamientos\/brigadas-de-emergencia\/brigadas-de-extincion-de-incendios-avanzado\/","name":"Conozca m\u00f3dulo Brigadas de Extinci\u00f3n de Incendios - Avanzado - Ambipar","isPartOf":{"@id":"https:\/\/ambipar.com\/latam\/#website"},"primaryImageOfPage":{"@id":"https:\/\/ambipar.com\/latam\/ambipar-response-3\/entrenamientos\/brigadas-de-emergencia\/brigadas-de-extincion-de-incendios-avanzado\/#primaryimage"},"datePublished":"2020-11-16T22:19:19+00:00","dateModified":"2022-06-21T18:49:34+00:00","description":"OBJETIVO: Preparar al profesional en la prevenci\u00f3n y combate en el inicio de incendio, abandono del \u00e1rea y primeros auxilios.","breadcrumb":{"@id":"https:\/\/ambipar.com\/latam\/ambipar-response-3\/entrenamientos\/brigadas-de-emergencia\/brigadas-de-extincion-de-incendios-avanzado\/#breadcrumb"},"inLanguage":"es-CL","potentialAction":[{"@type":"ReadAction","target":["https:\/\/ambipar.com\/latam\/ambipar-response-3\/entrenamientos\/brigadas-de-emergencia\/brigadas-de-extincion-de-incendios-avanzado\/"]}]},{"@type":"BreadcrumbList","@id":"https:\/\/ambipar.com\/latam\/ambipar-response-3\/entrenamientos\/brigadas-de-emergencia\/brigadas-de-extincion-de-incendios-avanzado\/#breadcrumb","itemListElement":[{"@type":"ListItem","position":1,"name":"Home","item":"https:\/\/ambipar.com\/latam\/"},{"@type":"ListItem","position":2,"name":"Ambipar Response","item":"https:\/\/ambipar.com\/latam\/ambipar-response-3\/"},{"@type":"ListItem","position":3,"name":"Entrenamientos","item":"https:\/\/ambipar.com\/latam\/ambipar-response-3\/entrenamientos\/"},{"@type":"ListItem","position":4,"name":"Brigadas de Emergencia","item":"https:\/\/ambipar.com\/latam\/ambipar-response-3\/entrenamientos\/brigadas-de-emergencia\/"},{"@type":"ListItem","position":5,"name":"Brigadas de Extinci\u00f3n de Incendios &#8211; Avanzado"}]}]}},"_links":{"self":[{"href":"https:\/\/ambipar.com\/latam\/wp-json\/wp\/v2\/pages\/2167"}],"collection":[{"href":"https:\/\/ambipar.com\/latam\/wp-json\/wp\/v2\/pages"}],"about":[{"href":"https:\/\/ambipar.com\/latam\/wp-json\/wp\/v2\/types\/page"}],"author":[{"embeddable":true,"href":"https:\/\/ambipar.com\/latam\/wp-json\/wp\/v2\/users\/1"}],"replies":[{"embeddable":true,"href":"https:\/\/ambipar.com\/latam\/wp-json\/wp\/v2\/comments?post=2167"}],"version-history":[{"count":7,"href":"https:\/\/ambipar.com\/latam\/wp-json\/wp\/v2\/pages\/2167\/revisions"}],"predecessor-version":[{"id":4646,"href":"https:\/\/ambipar.com\/latam\/wp-json\/wp\/v2\/pages\/2167\/revisions\/4646"}],"up":[{"embeddable":true,"href":"https:\/\/ambipar.com\/latam\/wp-json\/wp\/v2\/pages\/2156"}],"wp:featuredmedia":[{"embeddable":true,"href":"https:\/\/ambipar.com\/latam\/wp-json\/wp\/v2\/media\/484"}],"wp:attachment":[{"href":"https:\/\/ambipar.com\/latam\/wp-json\/wp\/v2\/media?parent=2167"}],"curies":[{"name":"wp","href":"https:\/\/api.w.org\/{rel}","templated":true}]}}