{"id":2191,"date":"2020-11-16T19:52:15","date_gmt":"2020-11-16T22:52:15","guid":{"rendered":"https:\/\/ambipar.com\/latam\/?page_id=2191"},"modified":"2021-01-15T08:30:20","modified_gmt":"2021-01-15T11:30:20","slug":"chemical-emergencies-basic","status":"publish","type":"page","link":"https:\/\/ambipar.com\/latam\/en\/ambipar-response\/treinamentos\/brigadas-de-emergencias\/chemical-emergencies-basic\/","title":{"rendered":"Chemical Emergencies &#8211; Basic"},"content":{"rendered":"\n<p><strong>OBJECTIVE: <\/strong><\/p>\n\n\n\n<p>Train professionals in content and practices related to responding to emergencies with dangerous products.<\/p>\n\n\n\n<p><strong>TARGET AUDIENCE: <\/strong><\/p>\n\n\n\n<p>Professionals involved in chemical emergencies.<\/p>\n\n\n\n<p><strong>PROGRAM CONTENT:<\/strong><\/p>\n\n\n\n<ul><li>Basic concepts about emergency<\/li><li>Legal aspectsArea securityt<\/li><li>Area security<\/li><li>Risks relevant to each dangerous product class<\/li><li>Initial scenario monitoring<\/li><li>Confinement, Cleaning and Waste Disposal<\/li><li>Emergency Termination<\/li><\/ul>\n\n\n\n<p>COURSE LOAD: 08 hours<\/p>\n\n\n\n<div class=\"wp-block-buttons\">\n<div class=\"wp-block-button\"><a class=\"wp-block-button__link\" href=\"https:\/\/app.smartsheet.com\/b\/form\/57a977c9e30244acbdc17c86e82b5ef9\" target=\"_blank\" rel=\"noreferrer noopener\"> REQUEST SCHEDULE<\/a><\/div>\n<\/div>\n\n\n\n<p>Get to know the other modules of the Emergency Brigade training:<\/p>\n\n\n\n<ul id=\"block-cdc1b052-3980-4215-afce-e765d8569b8a\"><li><a href=\"https:\/\/ambipar.com\/latam\/en\/ambipar-response\/treinamentos\/brigadas-de-emergencias\/chemical-emergencies-intermediate\/\">Chemical Emergencies &#8211; Intermediate<\/a><\/li><li><a href=\"https:\/\/ambipar.com\/latam\/en\/ambipar-response\/treinamentos\/brigadas-de-emergencias\/chemical-emergencies-advanced\/\">Chemical Emergencies &#8211; Advanced<\/a><\/li><li><a href=\"https:\/\/ambipar.com\/latam\/en\/ambipar-response\/treinamentos\/brigadas-de-emergencias\/fire-fighting-brigades-basic\/\">Fire Fighting Brigades &#8211; Basic<\/a><\/li><li><a href=\"https:\/\/ambipar.com\/latam\/en\/ambipar-response\/treinamentos\/brigadas-de-emergencias\/fire-fighting-brigades-intermediate\/\">Fire Fighting Brigades &#8211; Intermediate<\/a><\/li><li><a href=\"https:\/\/ambipar.com\/latam\/en\/ambipar-response\/treinamentos\/brigadas-de-emergencias\/fire-fighting-brigades-advanced\/\">Fire Fighting Brigades &#8211; Advanced<\/a><\/li><li><a href=\"https:\/\/ambipar.com\/latam\/en\/ambipar-response\/treinamentos\/brigadas-de-emergencias\/first-aid\/\">First Aid<\/a><\/li><\/ul>\n\n\n\n<p><\/p>\n","protected":false},"excerpt":{"rendered":"OBJECTIVE: Train professionals in content and practices related to responding to emergencies with dangerous products. TARGET AUDIENCE: Professionals involved in chemical emergencies. PROGRAM CONTENT: Basic concepts about emergency Legal aspectsArea securityt Area security Risks relevant to each dangerous product class Initial scenario monitoring Confinement, Cleaning and Waste Disposal Emergency Termination COURSE LOAD: 08 hours Get&#8230; <a class=\"view-article\" href=\"https:\/\/ambipar.com\/latam\/en\/ambipar-response\/treinamentos\/brigadas-de-emergencias\/chemical-emergencies-basic\/\">Ver art\u00edculo<\/a>","protected":false},"author":1,"featured_media":651,"parent":625,"menu_order":0,"comment_status":"closed","ping_status":"closed","template":"single-servicos.php","meta":[],"yoast_head":"<!-- This site is optimized with the Yoast SEO plugin v17.6 - https:\/\/yoast.com\/wordpress\/plugins\/seo\/ -->\n<title>Discover the Chemical Emergencies - Basic module of Ambipar<\/title>\n<meta name=\"description\" content=\"OBJECTIVE: To train professionals in content and practices related to responding to emergencies with dangerous products.\" \/>\n<meta name=\"robots\" content=\"index, follow, max-snippet:-1, max-image-preview:large, max-video-preview:-1\" \/>\n<link rel=\"canonical\" href=\"https:\/\/ambipar.com\/latam\/en\/ambipar-response\/treinamentos\/brigadas-de-emergencias\/chemical-emergencies-basic\/\" \/>\n<meta property=\"og:locale\" content=\"es_ES\" \/>\n<meta property=\"og:type\" content=\"article\" \/>\n<meta property=\"og:title\" content=\"Discover the Chemical Emergencies - Basic module of Ambipar\" \/>\n<meta property=\"og:description\" content=\"OBJECTIVE: To train professionals in content and practices related to responding to emergencies with dangerous products.\" \/>\n<meta property=\"og:url\" content=\"https:\/\/ambipar.com\/latam\/en\/ambipar-response\/treinamentos\/brigadas-de-emergencias\/chemical-emergencies-basic\/\" \/>\n<meta property=\"og:site_name\" content=\"Ambipar. A l\u00edder em gest\u00e3o ambiental.\" \/>\n<meta property=\"article:modified_time\" content=\"2021-01-15T11:30:20+00:00\" \/>\n<meta property=\"og:image\" content=\"https:\/\/ambipar.com\/latam\/wp-content\/uploads\/2020\/10\/brigada3.jpg\" \/>\n\t<meta property=\"og:image:width\" content=\"1000\" \/>\n\t<meta property=\"og:image:height\" content=\"1000\" \/>\n<meta name=\"twitter:card\" content=\"summary_large_image\" \/>\n<script type=\"application\/ld+json\" class=\"yoast-schema-graph\">{\"@context\":\"https:\/\/schema.org\",\"@graph\":[{\"@type\":\"Organization\",\"@id\":\"https:\/\/ambipar.com\/latam\/#organization\",\"name\":\"Ambipar\",\"url\":\"https:\/\/ambipar.com\/latam\/\",\"sameAs\":[],\"logo\":{\"@type\":\"ImageObject\",\"@id\":\"https:\/\/ambipar.com\/latam\/#logo\",\"inLanguage\":\"es-CL\",\"url\":\"https:\/\/ambipar.com\/latam\/wp-content\/uploads\/2020\/10\/ambipar_color.png\",\"contentUrl\":\"https:\/\/ambipar.com\/latam\/wp-content\/uploads\/2020\/10\/ambipar_color.png\",\"width\":174,\"height\":107,\"caption\":\"Ambipar\"},\"image\":{\"@id\":\"https:\/\/ambipar.com\/latam\/#logo\"}},{\"@type\":\"WebSite\",\"@id\":\"https:\/\/ambipar.com\/latam\/#website\",\"url\":\"https:\/\/ambipar.com\/latam\/\",\"name\":\"Ambipar. A l\\u00edder em gest\\u00e3o ambiental.\",\"description\":\"Pioneira em solu\\u00e7\\u00f5es ambientais, a Ambipar atua em todo o territ\\u00f3rio nacional oferecendo solu\\u00e7\\u00f5es integradas para toda a cadeia de neg\\u00f3cio.\",\"publisher\":{\"@id\":\"https:\/\/ambipar.com\/latam\/#organization\"},\"potentialAction\":[{\"@type\":\"SearchAction\",\"target\":{\"@type\":\"EntryPoint\",\"urlTemplate\":\"https:\/\/ambipar.com\/latam\/?s={search_term_string}\"},\"query-input\":\"required name=search_term_string\"}],\"inLanguage\":\"es-CL\"},{\"@type\":\"ImageObject\",\"@id\":\"https:\/\/ambipar.com\/latam\/en\/ambipar-response\/treinamentos\/brigadas-de-emergencias\/chemical-emergencies-basic\/#primaryimage\",\"inLanguage\":\"es-CL\",\"url\":\"https:\/\/ambipar.com\/latam\/wp-content\/uploads\/2020\/10\/brigada3.jpg\",\"contentUrl\":\"https:\/\/ambipar.com\/latam\/wp-content\/uploads\/2020\/10\/brigada3.jpg\",\"width\":1000,\"height\":1000,\"caption\":\"brigada\"},{\"@type\":\"WebPage\",\"@id\":\"https:\/\/ambipar.com\/latam\/en\/ambipar-response\/treinamentos\/brigadas-de-emergencias\/chemical-emergencies-basic\/#webpage\",\"url\":\"https:\/\/ambipar.com\/latam\/en\/ambipar-response\/treinamentos\/brigadas-de-emergencias\/chemical-emergencies-basic\/\",\"name\":\"Discover the Chemical Emergencies - Basic module of Ambipar\",\"isPartOf\":{\"@id\":\"https:\/\/ambipar.com\/latam\/#website\"},\"primaryImageOfPage\":{\"@id\":\"https:\/\/ambipar.com\/latam\/en\/ambipar-response\/treinamentos\/brigadas-de-emergencias\/chemical-emergencies-basic\/#primaryimage\"},\"datePublished\":\"2020-11-16T22:52:15+00:00\",\"dateModified\":\"2021-01-15T11:30:20+00:00\",\"description\":\"OBJECTIVE: To train professionals in content and practices related to responding to emergencies with dangerous products.\",\"breadcrumb\":{\"@id\":\"https:\/\/ambipar.com\/latam\/en\/ambipar-response\/treinamentos\/brigadas-de-emergencias\/chemical-emergencies-basic\/#breadcrumb\"},\"inLanguage\":\"es-CL\",\"potentialAction\":[{\"@type\":\"ReadAction\",\"target\":[\"https:\/\/ambipar.com\/latam\/en\/ambipar-response\/treinamentos\/brigadas-de-emergencias\/chemical-emergencies-basic\/\"]}]},{\"@type\":\"BreadcrumbList\",\"@id\":\"https:\/\/ambipar.com\/latam\/en\/ambipar-response\/treinamentos\/brigadas-de-emergencias\/chemical-emergencies-basic\/#breadcrumb\",\"itemListElement\":[{\"@type\":\"ListItem\",\"position\":1,\"name\":\"Home\",\"item\":\"https:\/\/ambipar.com\/latam\/\"},{\"@type\":\"ListItem\",\"position\":2,\"name\":\"Ambipar Response\",\"item\":\"https:\/\/ambipar.com\/latam\/pt\/ambipar-response\/\"},{\"@type\":\"ListItem\",\"position\":3,\"name\":\"Treinamentos\",\"item\":\"https:\/\/ambipar.com\/latam\/pt\/ambipar-response\/treinamentos\/\"},{\"@type\":\"ListItem\",\"position\":4,\"name\":\"Brigadas de Emerg\\u00eancias\",\"item\":\"https:\/\/ambipar.com\/latam\/pt\/ambipar-response\/treinamentos\/brigadas-de-emergencias\/\"},{\"@type\":\"ListItem\",\"position\":5,\"name\":\"Chemical Emergencies &#8211; Basic\"}]}]}<\/script>\n<!-- \/ Yoast SEO plugin. -->","yoast_head_json":{"title":"Discover the Chemical Emergencies - Basic module of Ambipar","description":"OBJECTIVE: To train professionals in content and practices related to responding to emergencies with dangerous products.","robots":{"index":"index","follow":"follow","max-snippet":"max-snippet:-1","max-image-preview":"max-image-preview:large","max-video-preview":"max-video-preview:-1"},"canonical":"https:\/\/ambipar.com\/latam\/en\/ambipar-response\/treinamentos\/brigadas-de-emergencias\/chemical-emergencies-basic\/","og_locale":"es_ES","og_type":"article","og_title":"Discover the Chemical Emergencies - Basic module of Ambipar","og_description":"OBJECTIVE: To train professionals in content and practices related to responding to emergencies with dangerous products.","og_url":"https:\/\/ambipar.com\/latam\/en\/ambipar-response\/treinamentos\/brigadas-de-emergencias\/chemical-emergencies-basic\/","og_site_name":"Ambipar. A l\u00edder em gest\u00e3o ambiental.","article_modified_time":"2021-01-15T11:30:20+00:00","og_image":[{"width":1000,"height":1000,"url":"https:\/\/ambipar.com\/latam\/wp-content\/uploads\/2020\/10\/brigada3.jpg","type":"image\/jpeg"}],"twitter_card":"summary_large_image","schema":{"@context":"https:\/\/schema.org","@graph":[{"@type":"Organization","@id":"https:\/\/ambipar.com\/latam\/#organization","name":"Ambipar","url":"https:\/\/ambipar.com\/latam\/","sameAs":[],"logo":{"@type":"ImageObject","@id":"https:\/\/ambipar.com\/latam\/#logo","inLanguage":"es-CL","url":"https:\/\/ambipar.com\/latam\/wp-content\/uploads\/2020\/10\/ambipar_color.png","contentUrl":"https:\/\/ambipar.com\/latam\/wp-content\/uploads\/2020\/10\/ambipar_color.png","width":174,"height":107,"caption":"Ambipar"},"image":{"@id":"https:\/\/ambipar.com\/latam\/#logo"}},{"@type":"WebSite","@id":"https:\/\/ambipar.com\/latam\/#website","url":"https:\/\/ambipar.com\/latam\/","name":"Ambipar. A l\u00edder em gest\u00e3o ambiental.","description":"Pioneira em solu\u00e7\u00f5es ambientais, a Ambipar atua em todo o territ\u00f3rio nacional oferecendo solu\u00e7\u00f5es integradas para toda a cadeia de neg\u00f3cio.","publisher":{"@id":"https:\/\/ambipar.com\/latam\/#organization"},"potentialAction":[{"@type":"SearchAction","target":{"@type":"EntryPoint","urlTemplate":"https:\/\/ambipar.com\/latam\/?s={search_term_string}"},"query-input":"required name=search_term_string"}],"inLanguage":"es-CL"},{"@type":"ImageObject","@id":"https:\/\/ambipar.com\/latam\/en\/ambipar-response\/treinamentos\/brigadas-de-emergencias\/chemical-emergencies-basic\/#primaryimage","inLanguage":"es-CL","url":"https:\/\/ambipar.com\/latam\/wp-content\/uploads\/2020\/10\/brigada3.jpg","contentUrl":"https:\/\/ambipar.com\/latam\/wp-content\/uploads\/2020\/10\/brigada3.jpg","width":1000,"height":1000,"caption":"brigada"},{"@type":"WebPage","@id":"https:\/\/ambipar.com\/latam\/en\/ambipar-response\/treinamentos\/brigadas-de-emergencias\/chemical-emergencies-basic\/#webpage","url":"https:\/\/ambipar.com\/latam\/en\/ambipar-response\/treinamentos\/brigadas-de-emergencias\/chemical-emergencies-basic\/","name":"Discover the Chemical Emergencies - Basic module of Ambipar","isPartOf":{"@id":"https:\/\/ambipar.com\/latam\/#website"},"primaryImageOfPage":{"@id":"https:\/\/ambipar.com\/latam\/en\/ambipar-response\/treinamentos\/brigadas-de-emergencias\/chemical-emergencies-basic\/#primaryimage"},"datePublished":"2020-11-16T22:52:15+00:00","dateModified":"2021-01-15T11:30:20+00:00","description":"OBJECTIVE: To train professionals in content and practices related to responding to emergencies with dangerous products.","breadcrumb":{"@id":"https:\/\/ambipar.com\/latam\/en\/ambipar-response\/treinamentos\/brigadas-de-emergencias\/chemical-emergencies-basic\/#breadcrumb"},"inLanguage":"es-CL","potentialAction":[{"@type":"ReadAction","target":["https:\/\/ambipar.com\/latam\/en\/ambipar-response\/treinamentos\/brigadas-de-emergencias\/chemical-emergencies-basic\/"]}]},{"@type":"BreadcrumbList","@id":"https:\/\/ambipar.com\/latam\/en\/ambipar-response\/treinamentos\/brigadas-de-emergencias\/chemical-emergencies-basic\/#breadcrumb","itemListElement":[{"@type":"ListItem","position":1,"name":"Home","item":"https:\/\/ambipar.com\/latam\/"},{"@type":"ListItem","position":2,"name":"Ambipar Response","item":"https:\/\/ambipar.com\/latam\/pt\/ambipar-response\/"},{"@type":"ListItem","position":3,"name":"Treinamentos","item":"https:\/\/ambipar.com\/latam\/pt\/ambipar-response\/treinamentos\/"},{"@type":"ListItem","position":4,"name":"Brigadas de Emerg\u00eancias","item":"https:\/\/ambipar.com\/latam\/pt\/ambipar-response\/treinamentos\/brigadas-de-emergencias\/"},{"@type":"ListItem","position":5,"name":"Chemical Emergencies &#8211; Basic"}]}]}},"_links":{"self":[{"href":"https:\/\/ambipar.com\/latam\/wp-json\/wp\/v2\/pages\/2191"}],"collection":[{"href":"https:\/\/ambipar.com\/latam\/wp-json\/wp\/v2\/pages"}],"about":[{"href":"https:\/\/ambipar.com\/latam\/wp-json\/wp\/v2\/types\/page"}],"author":[{"embeddable":true,"href":"https:\/\/ambipar.com\/latam\/wp-json\/wp\/v2\/users\/1"}],"replies":[{"embeddable":true,"href":"https:\/\/ambipar.com\/latam\/wp-json\/wp\/v2\/comments?post=2191"}],"version-history":[{"count":5,"href":"https:\/\/ambipar.com\/latam\/wp-json\/wp\/v2\/pages\/2191\/revisions"}],"predecessor-version":[{"id":3225,"href":"https:\/\/ambipar.com\/latam\/wp-json\/wp\/v2\/pages\/2191\/revisions\/3225"}],"up":[{"embeddable":true,"href":"https:\/\/ambipar.com\/latam\/wp-json\/wp\/v2\/pages\/625"}],"wp:featuredmedia":[{"embeddable":true,"href":"https:\/\/ambipar.com\/latam\/wp-json\/wp\/v2\/media\/651"}],"wp:attachment":[{"href":"https:\/\/ambipar.com\/latam\/wp-json\/wp\/v2\/media?parent=2191"}],"curies":[{"name":"wp","href":"https:\/\/api.w.org\/{rel}","templated":true}]}}