{"id":220,"date":"2020-10-27T08:18:00","date_gmt":"2020-10-27T11:18:00","guid":{"rendered":"https:\/\/ambipar.com\/latam\/?page_id=220"},"modified":"2021-01-05T20:16:14","modified_gmt":"2021-01-05T23:16:14","slug":"manufatura-reversa","status":"publish","type":"page","link":"https:\/\/ambipar.com\/latam\/pt\/ambipar-environment\/logistica-e-manufatura-reversa\/manufatura-reversa\/","title":{"rendered":"Manufatura Reversa"},"content":{"rendered":"\n<p>Gest\u00e3o da cadeia reversa de produtos pr\u00e9 e p\u00f3s-consumo, beneficiando subprodutos e reinserindo todos como mat\u00e9ria-prima na cadeia produtiva, gerando impactos positivos na sociedade, no meio ambiente e na economia.<\/p>\n\n\n\n<p>Todo o processo de descaracteriza\u00e7\u00e3o dos produtos pode ser acompanhado ao vivo por c\u00e2meras, com a emiss\u00e3o de relat\u00f3rios e certificados ao final do processo, garantindo a rastreabilidade e a confiabilidade da informa\u00e7\u00e3o.<\/p>\n\n\n\n<p>Com uma robusta capilaridade log\u00edstica, a Ambipar \u00e9 um operador de Log\u00edstica reversa, seguindo as diretrizes da Pol\u00edtica Nacional de Res\u00edduos S\u00f3lidos, com \u00e1rea de cobertura de coleta em toda Am\u00e9rica Latina.<\/p>\n\n\n\n<ul><li>Prote\u00e7\u00e3o da Marca<\/li><li>Seguran\u00e7a e Rastreabilidade<\/li><li>Economia Circular<\/li><li>Restitui\u00e7\u00e3o Fiscal<\/li><\/ul>\n\n\n\n<figure class=\"wp-block-image size-large\"><img width=\"574\" height=\"130\" src=\"https:\/\/ambipar.com\/latam\/wp-content\/uploads\/2020\/10\/manufaturareversa.png\" alt=\"\" class=\"wp-image-221\" srcset=\"https:\/\/ambipar.com\/latam\/wp-content\/uploads\/2020\/10\/manufaturareversa.png 574w, https:\/\/ambipar.com\/latam\/wp-content\/uploads\/2020\/10\/manufaturareversa-250x57.png 250w, https:\/\/ambipar.com\/latam\/wp-content\/uploads\/2020\/10\/manufaturareversa-120x27.png 120w\" sizes=\"(max-width: 574px) 100vw, 574px\" \/><\/figure>\n\n\n\n<figure class=\"wp-block-image size-large is-style-rounded\"><img width=\"654\" height=\"458\" src=\"https:\/\/ambipar.com\/latam\/wp-content\/uploads\/2020\/10\/manufaturareversa2-1.jpg\" alt=\"\" class=\"wp-image-227\" srcset=\"https:\/\/ambipar.com\/latam\/wp-content\/uploads\/2020\/10\/manufaturareversa2-1.jpg 654w, https:\/\/ambipar.com\/latam\/wp-content\/uploads\/2020\/10\/manufaturareversa2-1-250x175.jpg 250w, https:\/\/ambipar.com\/latam\/wp-content\/uploads\/2020\/10\/manufaturareversa2-1-120x84.jpg 120w\" sizes=\"(max-width: 654px) 100vw, 654px\" \/><\/figure>\n\n\n\n<p>Veja tamb\u00e9m:<\/p>\n\n\n\n<ul><li><a href=\"https:\/\/ambipar.com\/latam\/ambipar-environment\/logistica-e-manufatura-reversa\/eletroeletronicos\/\">Eletroeletr\u00f4nicos<\/a><\/li><li><a href=\"https:\/\/ambipar.com\/latam\/ambipar-environment\/logistica-e-manufatura-reversa\/cosmeticos-farmacos-e-bebidas\/\">Cosm\u00e9ticos, F\u00e1rmacos e Bebidas<\/a><\/li><li><a href=\"\/ambipar-environment\/logistica-e-manufatura-reversa\/pecas-automotivas\/\">Pe\u00e7as Automotivas<\/a><\/li><\/ul>\n\n\n\n<p><\/p>\n","protected":false},"excerpt":{"rendered":"Gest\u00e3o da cadeia reversa de produtos pr\u00e9 e p\u00f3s-consumo, beneficiando subprodutos e reinserindo todos como mat\u00e9ria-prima na cadeia produtiva, gerando impactos positivos na sociedade, no meio ambiente e na economia. Todo o processo de descaracteriza\u00e7\u00e3o dos produtos pode ser acompanhado ao vivo por c\u00e2meras, com a emiss\u00e3o de relat\u00f3rios e certificados ao final do processo,&#8230; <a class=\"view-article\" href=\"https:\/\/ambipar.com\/latam\/pt\/ambipar-environment\/logistica-e-manufatura-reversa\/manufatura-reversa\/\">Ver art\u00edculo<\/a>","protected":false},"author":1,"featured_media":225,"parent":218,"menu_order":0,"comment_status":"closed","ping_status":"closed","template":"single-servicos.php","meta":[],"yoast_head":"<!-- This site is optimized with the Yoast SEO plugin v17.6 - https:\/\/yoast.com\/wordpress\/plugins\/seo\/ -->\n<title>Conhe\u00e7a a Manufatura Reversa da Ambipar Environment<\/title>\n<meta name=\"description\" content=\"Gest\u00e3o da cadeia reversa de produtos pr\u00e9 e p\u00f3s-consumo, beneficiando subprodutos e reinserindo todos como mat\u00e9ria-prima na cadeia produtiva.\" \/>\n<meta name=\"robots\" content=\"index, follow, max-snippet:-1, max-image-preview:large, max-video-preview:-1\" \/>\n<link rel=\"canonical\" href=\"https:\/\/ambipar.com\/latam\/pt\/ambipar-environment\/logistica-e-manufatura-reversa\/manufatura-reversa\/\" \/>\n<meta property=\"og:locale\" content=\"es_ES\" \/>\n<meta property=\"og:type\" content=\"article\" \/>\n<meta property=\"og:title\" content=\"Conhe\u00e7a a Manufatura Reversa da Ambipar Environment\" \/>\n<meta property=\"og:description\" content=\"Gest\u00e3o da cadeia reversa de produtos pr\u00e9 e p\u00f3s-consumo, beneficiando subprodutos e reinserindo todos como mat\u00e9ria-prima na cadeia produtiva.\" \/>\n<meta property=\"og:url\" content=\"https:\/\/ambipar.com\/latam\/pt\/ambipar-environment\/logistica-e-manufatura-reversa\/manufatura-reversa\/\" \/>\n<meta property=\"og:site_name\" content=\"Ambipar. A l\u00edder em gest\u00e3o ambiental.\" \/>\n<meta property=\"article:modified_time\" content=\"2021-01-05T23:16:14+00:00\" \/>\n<meta property=\"og:image\" content=\"https:\/\/ambipar.com\/latam\/wp-content\/uploads\/2020\/10\/manufatura3.jpg\" \/>\n\t<meta property=\"og:image:width\" content=\"1016\" \/>\n\t<meta property=\"og:image:height\" content=\"1016\" \/>\n<meta name=\"twitter:card\" content=\"summary_large_image\" \/>\n<meta name=\"twitter:label1\" content=\"Est. reading time\" \/>\n\t<meta name=\"twitter:data1\" content=\"1 minuto\" \/>\n<script type=\"application\/ld+json\" class=\"yoast-schema-graph\">{\"@context\":\"https:\/\/schema.org\",\"@graph\":[{\"@type\":\"Organization\",\"@id\":\"https:\/\/ambipar.com\/latam\/#organization\",\"name\":\"Ambipar\",\"url\":\"https:\/\/ambipar.com\/latam\/\",\"sameAs\":[],\"logo\":{\"@type\":\"ImageObject\",\"@id\":\"https:\/\/ambipar.com\/latam\/#logo\",\"inLanguage\":\"es-CL\",\"url\":\"https:\/\/ambipar.com\/latam\/wp-content\/uploads\/2020\/10\/ambipar_color.png\",\"contentUrl\":\"https:\/\/ambipar.com\/latam\/wp-content\/uploads\/2020\/10\/ambipar_color.png\",\"width\":174,\"height\":107,\"caption\":\"Ambipar\"},\"image\":{\"@id\":\"https:\/\/ambipar.com\/latam\/#logo\"}},{\"@type\":\"WebSite\",\"@id\":\"https:\/\/ambipar.com\/latam\/#website\",\"url\":\"https:\/\/ambipar.com\/latam\/\",\"name\":\"Ambipar. A l\\u00edder em gest\\u00e3o ambiental.\",\"description\":\"Pioneira em solu\\u00e7\\u00f5es ambientais, a Ambipar atua em todo o territ\\u00f3rio nacional oferecendo solu\\u00e7\\u00f5es integradas para toda a cadeia de neg\\u00f3cio.\",\"publisher\":{\"@id\":\"https:\/\/ambipar.com\/latam\/#organization\"},\"potentialAction\":[{\"@type\":\"SearchAction\",\"target\":{\"@type\":\"EntryPoint\",\"urlTemplate\":\"https:\/\/ambipar.com\/latam\/?s={search_term_string}\"},\"query-input\":\"required name=search_term_string\"}],\"inLanguage\":\"es-CL\"},{\"@type\":\"ImageObject\",\"@id\":\"https:\/\/ambipar.com\/latam\/pt\/ambipar-environment\/logistica-e-manufatura-reversa\/manufatura-reversa\/#primaryimage\",\"inLanguage\":\"es-CL\",\"url\":\"https:\/\/ambipar.com\/latam\/wp-content\/uploads\/2020\/10\/manufatura3.jpg\",\"contentUrl\":\"https:\/\/ambipar.com\/latam\/wp-content\/uploads\/2020\/10\/manufatura3.jpg\",\"width\":1016,\"height\":1016,\"caption\":\"manufatura\"},{\"@type\":\"WebPage\",\"@id\":\"https:\/\/ambipar.com\/latam\/pt\/ambipar-environment\/logistica-e-manufatura-reversa\/manufatura-reversa\/#webpage\",\"url\":\"https:\/\/ambipar.com\/latam\/pt\/ambipar-environment\/logistica-e-manufatura-reversa\/manufatura-reversa\/\",\"name\":\"Conhe\\u00e7a a Manufatura Reversa da Ambipar Environment\",\"isPartOf\":{\"@id\":\"https:\/\/ambipar.com\/latam\/#website\"},\"primaryImageOfPage\":{\"@id\":\"https:\/\/ambipar.com\/latam\/pt\/ambipar-environment\/logistica-e-manufatura-reversa\/manufatura-reversa\/#primaryimage\"},\"datePublished\":\"2020-10-27T11:18:00+00:00\",\"dateModified\":\"2021-01-05T23:16:14+00:00\",\"description\":\"Gest\\u00e3o da cadeia reversa de produtos pr\\u00e9 e p\\u00f3s-consumo, beneficiando subprodutos e reinserindo todos como mat\\u00e9ria-prima na cadeia produtiva.\",\"breadcrumb\":{\"@id\":\"https:\/\/ambipar.com\/latam\/pt\/ambipar-environment\/logistica-e-manufatura-reversa\/manufatura-reversa\/#breadcrumb\"},\"inLanguage\":\"es-CL\",\"potentialAction\":[{\"@type\":\"ReadAction\",\"target\":[\"https:\/\/ambipar.com\/latam\/pt\/ambipar-environment\/logistica-e-manufatura-reversa\/manufatura-reversa\/\"]}]},{\"@type\":\"BreadcrumbList\",\"@id\":\"https:\/\/ambipar.com\/latam\/pt\/ambipar-environment\/logistica-e-manufatura-reversa\/manufatura-reversa\/#breadcrumb\",\"itemListElement\":[{\"@type\":\"ListItem\",\"position\":1,\"name\":\"Home\",\"item\":\"https:\/\/ambipar.com\/latam\/\"},{\"@type\":\"ListItem\",\"position\":2,\"name\":\"Ambipar Environment\",\"item\":\"https:\/\/ambipar.com\/latam\/pt\/ambipar-environment\/\"},{\"@type\":\"ListItem\",\"position\":3,\"name\":\"Log\\u00edstica e Manufatura Reversa\",\"item\":\"https:\/\/ambipar.com\/latam\/pt\/ambipar-environment\/logistica-e-manufatura-reversa\/\"},{\"@type\":\"ListItem\",\"position\":4,\"name\":\"Manufatura Reversa\"}]}]}<\/script>\n<!-- \/ Yoast SEO plugin. -->","yoast_head_json":{"title":"Conhe\u00e7a a Manufatura Reversa da Ambipar Environment","description":"Gest\u00e3o da cadeia reversa de produtos pr\u00e9 e p\u00f3s-consumo, beneficiando subprodutos e reinserindo todos como mat\u00e9ria-prima na cadeia produtiva.","robots":{"index":"index","follow":"follow","max-snippet":"max-snippet:-1","max-image-preview":"max-image-preview:large","max-video-preview":"max-video-preview:-1"},"canonical":"https:\/\/ambipar.com\/latam\/pt\/ambipar-environment\/logistica-e-manufatura-reversa\/manufatura-reversa\/","og_locale":"es_ES","og_type":"article","og_title":"Conhe\u00e7a a Manufatura Reversa da Ambipar Environment","og_description":"Gest\u00e3o da cadeia reversa de produtos pr\u00e9 e p\u00f3s-consumo, beneficiando subprodutos e reinserindo todos como mat\u00e9ria-prima na cadeia produtiva.","og_url":"https:\/\/ambipar.com\/latam\/pt\/ambipar-environment\/logistica-e-manufatura-reversa\/manufatura-reversa\/","og_site_name":"Ambipar. A l\u00edder em gest\u00e3o ambiental.","article_modified_time":"2021-01-05T23:16:14+00:00","og_image":[{"width":1016,"height":1016,"url":"https:\/\/ambipar.com\/latam\/wp-content\/uploads\/2020\/10\/manufatura3.jpg","type":"image\/jpeg"}],"twitter_card":"summary_large_image","twitter_misc":{"Est. reading time":"1 minuto"},"schema":{"@context":"https:\/\/schema.org","@graph":[{"@type":"Organization","@id":"https:\/\/ambipar.com\/latam\/#organization","name":"Ambipar","url":"https:\/\/ambipar.com\/latam\/","sameAs":[],"logo":{"@type":"ImageObject","@id":"https:\/\/ambipar.com\/latam\/#logo","inLanguage":"es-CL","url":"https:\/\/ambipar.com\/latam\/wp-content\/uploads\/2020\/10\/ambipar_color.png","contentUrl":"https:\/\/ambipar.com\/latam\/wp-content\/uploads\/2020\/10\/ambipar_color.png","width":174,"height":107,"caption":"Ambipar"},"image":{"@id":"https:\/\/ambipar.com\/latam\/#logo"}},{"@type":"WebSite","@id":"https:\/\/ambipar.com\/latam\/#website","url":"https:\/\/ambipar.com\/latam\/","name":"Ambipar. A l\u00edder em gest\u00e3o ambiental.","description":"Pioneira em solu\u00e7\u00f5es ambientais, a Ambipar atua em todo o territ\u00f3rio nacional oferecendo solu\u00e7\u00f5es integradas para toda a cadeia de neg\u00f3cio.","publisher":{"@id":"https:\/\/ambipar.com\/latam\/#organization"},"potentialAction":[{"@type":"SearchAction","target":{"@type":"EntryPoint","urlTemplate":"https:\/\/ambipar.com\/latam\/?s={search_term_string}"},"query-input":"required name=search_term_string"}],"inLanguage":"es-CL"},{"@type":"ImageObject","@id":"https:\/\/ambipar.com\/latam\/pt\/ambipar-environment\/logistica-e-manufatura-reversa\/manufatura-reversa\/#primaryimage","inLanguage":"es-CL","url":"https:\/\/ambipar.com\/latam\/wp-content\/uploads\/2020\/10\/manufatura3.jpg","contentUrl":"https:\/\/ambipar.com\/latam\/wp-content\/uploads\/2020\/10\/manufatura3.jpg","width":1016,"height":1016,"caption":"manufatura"},{"@type":"WebPage","@id":"https:\/\/ambipar.com\/latam\/pt\/ambipar-environment\/logistica-e-manufatura-reversa\/manufatura-reversa\/#webpage","url":"https:\/\/ambipar.com\/latam\/pt\/ambipar-environment\/logistica-e-manufatura-reversa\/manufatura-reversa\/","name":"Conhe\u00e7a a Manufatura Reversa da Ambipar Environment","isPartOf":{"@id":"https:\/\/ambipar.com\/latam\/#website"},"primaryImageOfPage":{"@id":"https:\/\/ambipar.com\/latam\/pt\/ambipar-environment\/logistica-e-manufatura-reversa\/manufatura-reversa\/#primaryimage"},"datePublished":"2020-10-27T11:18:00+00:00","dateModified":"2021-01-05T23:16:14+00:00","description":"Gest\u00e3o da cadeia reversa de produtos pr\u00e9 e p\u00f3s-consumo, beneficiando subprodutos e reinserindo todos como mat\u00e9ria-prima na cadeia produtiva.","breadcrumb":{"@id":"https:\/\/ambipar.com\/latam\/pt\/ambipar-environment\/logistica-e-manufatura-reversa\/manufatura-reversa\/#breadcrumb"},"inLanguage":"es-CL","potentialAction":[{"@type":"ReadAction","target":["https:\/\/ambipar.com\/latam\/pt\/ambipar-environment\/logistica-e-manufatura-reversa\/manufatura-reversa\/"]}]},{"@type":"BreadcrumbList","@id":"https:\/\/ambipar.com\/latam\/pt\/ambipar-environment\/logistica-e-manufatura-reversa\/manufatura-reversa\/#breadcrumb","itemListElement":[{"@type":"ListItem","position":1,"name":"Home","item":"https:\/\/ambipar.com\/latam\/"},{"@type":"ListItem","position":2,"name":"Ambipar Environment","item":"https:\/\/ambipar.com\/latam\/pt\/ambipar-environment\/"},{"@type":"ListItem","position":3,"name":"Log\u00edstica e Manufatura Reversa","item":"https:\/\/ambipar.com\/latam\/pt\/ambipar-environment\/logistica-e-manufatura-reversa\/"},{"@type":"ListItem","position":4,"name":"Manufatura Reversa"}]}]}},"_links":{"self":[{"href":"https:\/\/ambipar.com\/latam\/wp-json\/wp\/v2\/pages\/220"}],"collection":[{"href":"https:\/\/ambipar.com\/latam\/wp-json\/wp\/v2\/pages"}],"about":[{"href":"https:\/\/ambipar.com\/latam\/wp-json\/wp\/v2\/types\/page"}],"author":[{"embeddable":true,"href":"https:\/\/ambipar.com\/latam\/wp-json\/wp\/v2\/users\/1"}],"replies":[{"embeddable":true,"href":"https:\/\/ambipar.com\/latam\/wp-json\/wp\/v2\/comments?post=220"}],"version-history":[{"count":4,"href":"https:\/\/ambipar.com\/latam\/wp-json\/wp\/v2\/pages\/220\/revisions"}],"predecessor-version":[{"id":254,"href":"https:\/\/ambipar.com\/latam\/wp-json\/wp\/v2\/pages\/220\/revisions\/254"}],"up":[{"embeddable":true,"href":"https:\/\/ambipar.com\/latam\/wp-json\/wp\/v2\/pages\/218"}],"wp:featuredmedia":[{"embeddable":true,"href":"https:\/\/ambipar.com\/latam\/wp-json\/wp\/v2\/media\/225"}],"wp:attachment":[{"href":"https:\/\/ambipar.com\/latam\/wp-json\/wp\/v2\/media?parent=220"}],"curies":[{"name":"wp","href":"https:\/\/api.w.org\/{rel}","templated":true}]}}