{"id":2232,"date":"2020-11-16T20:47:27","date_gmt":"2020-11-16T23:47:27","guid":{"rendered":"https:\/\/ambipar.com\/latam\/?page_id=2232"},"modified":"2021-01-05T21:03:45","modified_gmt":"2021-01-06T00:03:45","slug":"legislation-on-the-transport-of-dangerous-products","status":"publish","type":"page","link":"https:\/\/ambipar.com\/latam\/en\/ambipar-response\/treinamentos\/ead\/legislation-on-the-transport-of-dangerous-products\/","title":{"rendered":"Legislation on the Transport of Dangerous Products"},"content":{"rendered":"\n<p><strong>OBJECTIVE:<\/strong><\/p>\n\n\n\n<p>Address issues related to the Legislation for the Transport of Hazardous Products, duties, obligations and responsibilities of the parties involved, mandatory documentation, symbols for transport (vehicles and packaging), inspection, fines, emergency equipment and mandatory PPE&#8217;s.<\/p>\n\n\n\n<p><strong>TARGET AUDIENCE:<\/strong><\/p>\n\n\n\n<p>Professionals involved in the transport, dispatch and storage of waste and hazardous products.<\/p>\n\n\n\n<p><strong>PROGRAM CONTENT:<\/strong><\/p>\n\n\n\n<ul><li>Existing legislation<\/li><li>Transport of bulk or fractional cargo<\/li><li>Vehicle and equipment conditions<\/li><li>Loading and packaging conditions<\/li><li>Itinerary\/Parking<\/li><li>Documents of those involved and vehicles in transportation<\/li><li>Mandatory cargo documentation<\/li><li>Duties, Obligations and Responsibilities; Procedures in case of emergency, accident and breakdown<\/li><\/ul>\n\n\n\n<p>COURSE LOAD: 04 HOURS<\/p>\n\n\n\n<p><strong>REQUEST FOR TRAINING SCHEDULE<\/strong><\/p>\n\n\n\n<ul><li><a rel=\"noreferrer noopener\" href=\"https:\/\/app.smartsheet.com\/b\/form\/2a0e66ada8914725908fd9e5e7b52b34\" target=\"_blank\">Make your appointment<\/a><\/li><\/ul>\n\n\n\n<p>Get to know the other modules of EAD Ambipar:<\/p>\n\n\n\n<ul id=\"block-9686950e-0576-4f77-863f-4e382bd1b708\"><li><a href=\"https:\/\/ambipar.com\/latam\/en\/ambipar-response\/treinamentos\/ead\/emergency-response-plan\/\">Emergency Response Plan<\/a><\/li><li><a href=\"https:\/\/ambipar.com\/latam\/en\/ambipar-response\/treinamentos\/ead\/defensive-direction\/\">Defensive Direction<\/a><\/li><li><a href=\"https:\/\/ambipar.com\/latam\/en\/ambipar-response\/treinamentos\/ead\/hazardous-products-storage-and-handling\/\">Hazardous Products Storage and Handling<\/a><\/li><\/ul>\n","protected":false},"excerpt":{"rendered":"OBJECTIVE: Address issues related to the Legislation for the Transport of Hazardous Products, duties, obligations and responsibilities of the parties involved, mandatory documentation, symbols for transport (vehicles and packaging), inspection, fines, emergency equipment and mandatory PPE&#8217;s. TARGET AUDIENCE: Professionals involved in the transport, dispatch and storage of waste and hazardous products. PROGRAM CONTENT: Existing legislation&#8230; <a class=\"view-article\" href=\"https:\/\/ambipar.com\/latam\/en\/ambipar-response\/treinamentos\/ead\/legislation-on-the-transport-of-dangerous-products\/\">Ver art\u00edculo<\/a>","protected":false},"author":1,"featured_media":915,"parent":1090,"menu_order":0,"comment_status":"closed","ping_status":"closed","template":"single-servicos.php","meta":[],"yoast_head":"<!-- This site is optimized with the Yoast SEO plugin v17.6 - https:\/\/yoast.com\/wordpress\/plugins\/seo\/ -->\n<title>Discover Legislation on the Transport of Dangerous Products - Ambipar<\/title>\n<meta name=\"description\" content=\"OBJECTIVE: To address issues related to Legislation for the Transport of Hazardous Products, duties, obligations and responsibilitie of parties\" \/>\n<meta name=\"robots\" content=\"index, follow, max-snippet:-1, max-image-preview:large, max-video-preview:-1\" \/>\n<link rel=\"canonical\" href=\"https:\/\/ambipar.com\/latam\/en\/ambipar-response\/treinamentos\/ead\/legislation-on-the-transport-of-dangerous-products\/\" \/>\n<meta property=\"og:locale\" content=\"es_ES\" \/>\n<meta property=\"og:type\" content=\"article\" \/>\n<meta property=\"og:title\" content=\"Discover Legislation on the Transport of Dangerous Products - Ambipar\" \/>\n<meta property=\"og:description\" content=\"OBJECTIVE: To address issues related to Legislation for the Transport of Hazardous Products, duties, obligations and responsibilitie of parties\" \/>\n<meta property=\"og:url\" content=\"https:\/\/ambipar.com\/latam\/en\/ambipar-response\/treinamentos\/ead\/legislation-on-the-transport-of-dangerous-products\/\" \/>\n<meta property=\"og:site_name\" content=\"Ambipar. A l\u00edder em gest\u00e3o ambiental.\" \/>\n<meta property=\"article:modified_time\" content=\"2021-01-06T00:03:45+00:00\" \/>\n<meta property=\"og:image\" content=\"https:\/\/ambipar.com\/latam\/wp-content\/uploads\/2020\/10\/transporte1.jpg\" \/>\n\t<meta property=\"og:image:width\" content=\"1000\" \/>\n\t<meta property=\"og:image:height\" content=\"1000\" \/>\n<meta name=\"twitter:card\" content=\"summary_large_image\" \/>\n<meta name=\"twitter:label1\" content=\"Est. reading time\" \/>\n\t<meta name=\"twitter:data1\" content=\"1 minuto\" \/>\n<script type=\"application\/ld+json\" class=\"yoast-schema-graph\">{\"@context\":\"https:\/\/schema.org\",\"@graph\":[{\"@type\":\"Organization\",\"@id\":\"https:\/\/ambipar.com\/latam\/#organization\",\"name\":\"Ambipar\",\"url\":\"https:\/\/ambipar.com\/latam\/\",\"sameAs\":[],\"logo\":{\"@type\":\"ImageObject\",\"@id\":\"https:\/\/ambipar.com\/latam\/#logo\",\"inLanguage\":\"es-CL\",\"url\":\"https:\/\/ambipar.com\/latam\/wp-content\/uploads\/2020\/10\/ambipar_color.png\",\"contentUrl\":\"https:\/\/ambipar.com\/latam\/wp-content\/uploads\/2020\/10\/ambipar_color.png\",\"width\":174,\"height\":107,\"caption\":\"Ambipar\"},\"image\":{\"@id\":\"https:\/\/ambipar.com\/latam\/#logo\"}},{\"@type\":\"WebSite\",\"@id\":\"https:\/\/ambipar.com\/latam\/#website\",\"url\":\"https:\/\/ambipar.com\/latam\/\",\"name\":\"Ambipar. A l\\u00edder em gest\\u00e3o ambiental.\",\"description\":\"Pioneira em solu\\u00e7\\u00f5es ambientais, a Ambipar atua em todo o territ\\u00f3rio nacional oferecendo solu\\u00e7\\u00f5es integradas para toda a cadeia de neg\\u00f3cio.\",\"publisher\":{\"@id\":\"https:\/\/ambipar.com\/latam\/#organization\"},\"potentialAction\":[{\"@type\":\"SearchAction\",\"target\":{\"@type\":\"EntryPoint\",\"urlTemplate\":\"https:\/\/ambipar.com\/latam\/?s={search_term_string}\"},\"query-input\":\"required name=search_term_string\"}],\"inLanguage\":\"es-CL\"},{\"@type\":\"ImageObject\",\"@id\":\"https:\/\/ambipar.com\/latam\/en\/ambipar-response\/treinamentos\/ead\/legislation-on-the-transport-of-dangerous-products\/#primaryimage\",\"inLanguage\":\"es-CL\",\"url\":\"https:\/\/ambipar.com\/latam\/wp-content\/uploads\/2020\/10\/transporte1.jpg\",\"contentUrl\":\"https:\/\/ambipar.com\/latam\/wp-content\/uploads\/2020\/10\/transporte1.jpg\",\"width\":1000,\"height\":1000,\"caption\":\"transporte\"},{\"@type\":\"WebPage\",\"@id\":\"https:\/\/ambipar.com\/latam\/en\/ambipar-response\/treinamentos\/ead\/legislation-on-the-transport-of-dangerous-products\/#webpage\",\"url\":\"https:\/\/ambipar.com\/latam\/en\/ambipar-response\/treinamentos\/ead\/legislation-on-the-transport-of-dangerous-products\/\",\"name\":\"Discover Legislation on the Transport of Dangerous Products - Ambipar\",\"isPartOf\":{\"@id\":\"https:\/\/ambipar.com\/latam\/#website\"},\"primaryImageOfPage\":{\"@id\":\"https:\/\/ambipar.com\/latam\/en\/ambipar-response\/treinamentos\/ead\/legislation-on-the-transport-of-dangerous-products\/#primaryimage\"},\"datePublished\":\"2020-11-16T23:47:27+00:00\",\"dateModified\":\"2021-01-06T00:03:45+00:00\",\"description\":\"OBJECTIVE: To address issues related to Legislation for the Transport of Hazardous Products, duties, obligations and responsibilitie of parties\",\"breadcrumb\":{\"@id\":\"https:\/\/ambipar.com\/latam\/en\/ambipar-response\/treinamentos\/ead\/legislation-on-the-transport-of-dangerous-products\/#breadcrumb\"},\"inLanguage\":\"es-CL\",\"potentialAction\":[{\"@type\":\"ReadAction\",\"target\":[\"https:\/\/ambipar.com\/latam\/en\/ambipar-response\/treinamentos\/ead\/legislation-on-the-transport-of-dangerous-products\/\"]}]},{\"@type\":\"BreadcrumbList\",\"@id\":\"https:\/\/ambipar.com\/latam\/en\/ambipar-response\/treinamentos\/ead\/legislation-on-the-transport-of-dangerous-products\/#breadcrumb\",\"itemListElement\":[{\"@type\":\"ListItem\",\"position\":1,\"name\":\"Home\",\"item\":\"https:\/\/ambipar.com\/latam\/\"},{\"@type\":\"ListItem\",\"position\":2,\"name\":\"Ambipar Response\",\"item\":\"https:\/\/ambipar.com\/latam\/pt\/ambipar-response\/\"},{\"@type\":\"ListItem\",\"position\":3,\"name\":\"Treinamentos\",\"item\":\"https:\/\/ambipar.com\/latam\/pt\/ambipar-response\/treinamentos\/\"},{\"@type\":\"ListItem\",\"position\":4,\"name\":\"EAD\",\"item\":\"https:\/\/ambipar.com\/latam\/pt\/ambipar-response\/treinamentos\/ead\/\"},{\"@type\":\"ListItem\",\"position\":5,\"name\":\"Legislation on the Transport of Dangerous Products\"}]}]}<\/script>\n<!-- \/ Yoast SEO plugin. -->","yoast_head_json":{"title":"Discover Legislation on the Transport of Dangerous Products - Ambipar","description":"OBJECTIVE: To address issues related to Legislation for the Transport of Hazardous Products, duties, obligations and responsibilitie of parties","robots":{"index":"index","follow":"follow","max-snippet":"max-snippet:-1","max-image-preview":"max-image-preview:large","max-video-preview":"max-video-preview:-1"},"canonical":"https:\/\/ambipar.com\/latam\/en\/ambipar-response\/treinamentos\/ead\/legislation-on-the-transport-of-dangerous-products\/","og_locale":"es_ES","og_type":"article","og_title":"Discover Legislation on the Transport of Dangerous Products - Ambipar","og_description":"OBJECTIVE: To address issues related to Legislation for the Transport of Hazardous Products, duties, obligations and responsibilitie of parties","og_url":"https:\/\/ambipar.com\/latam\/en\/ambipar-response\/treinamentos\/ead\/legislation-on-the-transport-of-dangerous-products\/","og_site_name":"Ambipar. A l\u00edder em gest\u00e3o ambiental.","article_modified_time":"2021-01-06T00:03:45+00:00","og_image":[{"width":1000,"height":1000,"url":"https:\/\/ambipar.com\/latam\/wp-content\/uploads\/2020\/10\/transporte1.jpg","type":"image\/jpeg"}],"twitter_card":"summary_large_image","twitter_misc":{"Est. reading time":"1 minuto"},"schema":{"@context":"https:\/\/schema.org","@graph":[{"@type":"Organization","@id":"https:\/\/ambipar.com\/latam\/#organization","name":"Ambipar","url":"https:\/\/ambipar.com\/latam\/","sameAs":[],"logo":{"@type":"ImageObject","@id":"https:\/\/ambipar.com\/latam\/#logo","inLanguage":"es-CL","url":"https:\/\/ambipar.com\/latam\/wp-content\/uploads\/2020\/10\/ambipar_color.png","contentUrl":"https:\/\/ambipar.com\/latam\/wp-content\/uploads\/2020\/10\/ambipar_color.png","width":174,"height":107,"caption":"Ambipar"},"image":{"@id":"https:\/\/ambipar.com\/latam\/#logo"}},{"@type":"WebSite","@id":"https:\/\/ambipar.com\/latam\/#website","url":"https:\/\/ambipar.com\/latam\/","name":"Ambipar. A l\u00edder em gest\u00e3o ambiental.","description":"Pioneira em solu\u00e7\u00f5es ambientais, a Ambipar atua em todo o territ\u00f3rio nacional oferecendo solu\u00e7\u00f5es integradas para toda a cadeia de neg\u00f3cio.","publisher":{"@id":"https:\/\/ambipar.com\/latam\/#organization"},"potentialAction":[{"@type":"SearchAction","target":{"@type":"EntryPoint","urlTemplate":"https:\/\/ambipar.com\/latam\/?s={search_term_string}"},"query-input":"required name=search_term_string"}],"inLanguage":"es-CL"},{"@type":"ImageObject","@id":"https:\/\/ambipar.com\/latam\/en\/ambipar-response\/treinamentos\/ead\/legislation-on-the-transport-of-dangerous-products\/#primaryimage","inLanguage":"es-CL","url":"https:\/\/ambipar.com\/latam\/wp-content\/uploads\/2020\/10\/transporte1.jpg","contentUrl":"https:\/\/ambipar.com\/latam\/wp-content\/uploads\/2020\/10\/transporte1.jpg","width":1000,"height":1000,"caption":"transporte"},{"@type":"WebPage","@id":"https:\/\/ambipar.com\/latam\/en\/ambipar-response\/treinamentos\/ead\/legislation-on-the-transport-of-dangerous-products\/#webpage","url":"https:\/\/ambipar.com\/latam\/en\/ambipar-response\/treinamentos\/ead\/legislation-on-the-transport-of-dangerous-products\/","name":"Discover Legislation on the Transport of Dangerous Products - Ambipar","isPartOf":{"@id":"https:\/\/ambipar.com\/latam\/#website"},"primaryImageOfPage":{"@id":"https:\/\/ambipar.com\/latam\/en\/ambipar-response\/treinamentos\/ead\/legislation-on-the-transport-of-dangerous-products\/#primaryimage"},"datePublished":"2020-11-16T23:47:27+00:00","dateModified":"2021-01-06T00:03:45+00:00","description":"OBJECTIVE: To address issues related to Legislation for the Transport of Hazardous Products, duties, obligations and responsibilitie of parties","breadcrumb":{"@id":"https:\/\/ambipar.com\/latam\/en\/ambipar-response\/treinamentos\/ead\/legislation-on-the-transport-of-dangerous-products\/#breadcrumb"},"inLanguage":"es-CL","potentialAction":[{"@type":"ReadAction","target":["https:\/\/ambipar.com\/latam\/en\/ambipar-response\/treinamentos\/ead\/legislation-on-the-transport-of-dangerous-products\/"]}]},{"@type":"BreadcrumbList","@id":"https:\/\/ambipar.com\/latam\/en\/ambipar-response\/treinamentos\/ead\/legislation-on-the-transport-of-dangerous-products\/#breadcrumb","itemListElement":[{"@type":"ListItem","position":1,"name":"Home","item":"https:\/\/ambipar.com\/latam\/"},{"@type":"ListItem","position":2,"name":"Ambipar Response","item":"https:\/\/ambipar.com\/latam\/pt\/ambipar-response\/"},{"@type":"ListItem","position":3,"name":"Treinamentos","item":"https:\/\/ambipar.com\/latam\/pt\/ambipar-response\/treinamentos\/"},{"@type":"ListItem","position":4,"name":"EAD","item":"https:\/\/ambipar.com\/latam\/pt\/ambipar-response\/treinamentos\/ead\/"},{"@type":"ListItem","position":5,"name":"Legislation on the Transport of Dangerous Products"}]}]}},"_links":{"self":[{"href":"https:\/\/ambipar.com\/latam\/wp-json\/wp\/v2\/pages\/2232"}],"collection":[{"href":"https:\/\/ambipar.com\/latam\/wp-json\/wp\/v2\/pages"}],"about":[{"href":"https:\/\/ambipar.com\/latam\/wp-json\/wp\/v2\/types\/page"}],"author":[{"embeddable":true,"href":"https:\/\/ambipar.com\/latam\/wp-json\/wp\/v2\/users\/1"}],"replies":[{"embeddable":true,"href":"https:\/\/ambipar.com\/latam\/wp-json\/wp\/v2\/comments?post=2232"}],"version-history":[{"count":5,"href":"https:\/\/ambipar.com\/latam\/wp-json\/wp\/v2\/pages\/2232\/revisions"}],"predecessor-version":[{"id":2794,"href":"https:\/\/ambipar.com\/latam\/wp-json\/wp\/v2\/pages\/2232\/revisions\/2794"}],"up":[{"embeddable":true,"href":"https:\/\/ambipar.com\/latam\/wp-json\/wp\/v2\/pages\/1090"}],"wp:featuredmedia":[{"embeddable":true,"href":"https:\/\/ambipar.com\/latam\/wp-json\/wp\/v2\/media\/915"}],"wp:attachment":[{"href":"https:\/\/ambipar.com\/latam\/wp-json\/wp\/v2\/media?parent=2232"}],"curies":[{"name":"wp","href":"https:\/\/api.w.org\/{rel}","templated":true}]}}