{"id":2235,"date":"2020-11-16T20:50:12","date_gmt":"2020-11-16T23:50:12","guid":{"rendered":"https:\/\/ambipar.com\/latam\/?page_id=2235"},"modified":"2022-07-06T14:11:24","modified_gmt":"2022-07-06T17:11:24","slug":"legislacion-sobre-transporte-de-productos-peligrosos","status":"publish","type":"page","link":"https:\/\/ambipar.com\/latam\/ambipar-response-3\/entrenamientos\/ead-3\/legislacion-sobre-transporte-de-productos-peligrosos\/","title":{"rendered":"Legislaci\u00f3n sobre Transporte de Productos Peligrosos"},"content":{"rendered":"\n<p><strong>OBJETIVO:<\/strong><\/p>\n\n\n\n<p>Abordar temas relacionados con la Legislaci\u00f3n para el Transporte de Productos Peligrosos, deberes, obligaciones y responsabilidades de las partes involucradas, documentaci\u00f3n obligatoria, s\u00edmbolos para el transporte (veh\u00edculos y embalajes), inspecci\u00f3n, multas, equipos de emergencia y EPI obligatorios.<\/p>\n\n\n\n<p><strong>P\u00daBLICO OBJETIVO:<\/strong><\/p>\n\n\n\n<p>Profesionales involucrados en el transporte, despacho y almacenamiento de residuos y productos peligrosos.<\/p>\n\n\n\n<p><strong>CONTENIDO DEL PROGRAMA:<\/strong><\/p>\n\n\n\n<ul><li>Legislaci\u00f3n existente<\/li><li>Transporte de carga a granel o fraccionada<\/li><li>Condiciones del veh\u00edculo y equipo<\/li><li>Condiciones de carga y embalaje<\/li><li>Itinerario \/ Estacionamiento<\/li><li>Documentos de los involucrados y veh\u00edculos en transporte<\/li><li>Documentaci\u00f3n de carga obligatoria<\/li><li>Deberes, obligaciones y responsabilidades; Procedimientos en caso de emergencia, accidente y aver\u00eda<\/li><\/ul>\n\n\n\n<p>CARGA DEL CURSO: 04 HORAS<\/p>\n\n\n\n<div class=\"wp-block-buttons\">\n<div class=\"wp-block-button\"><a class=\"wp-block-button__link\" href=\"https:\/\/ambipar.com\/latam\/cotizacion-de-capacitacion\/\"> SOLICITAR HORARIO<\/a><\/div>\n<\/div>\n\n\n\n<p>Conozca los otros m\u00f3dulos de EAD Ambipar:<\/p>\n\n\n\n<ul id=\"block-52489d4b-ab6a-46f4-aeb6-c2767e300c29\"><li><a href=\"https:\/\/ambipar.com\/latam\/ambipar-response-3\/entrenamientos\/ead-3\/plan-de-respuesta-ante-emergencias\/\">Plan de Respuesta Ante Emergencias<\/a><\/li><li><a href=\"https:\/\/ambipar.com\/latam\/ambipar-response-3\/entrenamientos\/ead-3\/direccion-defensiva\/\">Direcci\u00f3n Defensiva<\/a><\/li><li><a href=\"https:\/\/ambipar.com\/latam\/ambipar-response-3\/entrenamientos\/ead-3\/almacenamiento-y-manipulacion-de-productos-peligrosos\/\">Almacenamiento y Manipulaci\u00f3n de Productos Peligrosos<\/a><\/li><\/ul>\n","protected":false},"excerpt":{"rendered":"OBJETIVO: Abordar temas relacionados con la Legislaci\u00f3n para el Transporte de Productos Peligrosos, deberes, obligaciones y responsabilidades de las partes involucradas, documentaci\u00f3n obligatoria, s\u00edmbolos para el transporte (veh\u00edculos y embalajes), inspecci\u00f3n, multas, equipos de emergencia y EPI obligatorios. P\u00daBLICO OBJETIVO: Profesionales involucrados en el transporte, despacho y almacenamiento de residuos y productos peligrosos. CONTENIDO DEL&#8230; <a class=\"view-article\" href=\"https:\/\/ambipar.com\/latam\/ambipar-response-3\/entrenamientos\/ead-3\/legislacion-sobre-transporte-de-productos-peligrosos\/\">Ver art\u00edculo<\/a>","protected":false},"author":1,"featured_media":915,"parent":2212,"menu_order":0,"comment_status":"closed","ping_status":"closed","template":"single-servicos.php","meta":[],"yoast_head":"<!-- This site is optimized with the Yoast SEO plugin v17.6 - https:\/\/yoast.com\/wordpress\/plugins\/seo\/ -->\n<title>Conozca Legislaci\u00f3n sobre Transporte de Productos Peligrosos - Ambipar<\/title>\n<meta name=\"description\" content=\"OBJETIVO: Abordar temas relacionados con la Legislaci\u00f3n para el Transporte de Productos Peligrosos, deberes, obligaciones y responsabilidades de las partes\" \/>\n<meta name=\"robots\" content=\"index, follow, max-snippet:-1, max-image-preview:large, max-video-preview:-1\" \/>\n<link rel=\"canonical\" href=\"https:\/\/ambipar.com\/latam\/ambipar-response-3\/entrenamientos\/ead-3\/legislacion-sobre-transporte-de-productos-peligrosos\/\" \/>\n<meta property=\"og:locale\" content=\"es_ES\" \/>\n<meta property=\"og:type\" content=\"article\" \/>\n<meta property=\"og:title\" content=\"Conozca Legislaci\u00f3n sobre Transporte de Productos Peligrosos - Ambipar\" \/>\n<meta property=\"og:description\" content=\"OBJETIVO: Abordar temas relacionados con la Legislaci\u00f3n para el Transporte de Productos Peligrosos, deberes, obligaciones y responsabilidades de las partes\" \/>\n<meta property=\"og:url\" content=\"https:\/\/ambipar.com\/latam\/ambipar-response-3\/entrenamientos\/ead-3\/legislacion-sobre-transporte-de-productos-peligrosos\/\" \/>\n<meta property=\"og:site_name\" content=\"Ambipar. A l\u00edder em gest\u00e3o ambiental.\" \/>\n<meta property=\"article:modified_time\" content=\"2022-07-06T17:11:24+00:00\" \/>\n<meta property=\"og:image\" content=\"https:\/\/ambipar.com\/latam\/wp-content\/uploads\/2020\/10\/transporte1.jpg\" \/>\n\t<meta property=\"og:image:width\" content=\"1000\" \/>\n\t<meta property=\"og:image:height\" content=\"1000\" \/>\n<meta name=\"twitter:card\" content=\"summary_large_image\" \/>\n<meta name=\"twitter:label1\" content=\"Est. reading time\" \/>\n\t<meta name=\"twitter:data1\" content=\"1 minuto\" \/>\n<script type=\"application\/ld+json\" class=\"yoast-schema-graph\">{\"@context\":\"https:\/\/schema.org\",\"@graph\":[{\"@type\":\"Organization\",\"@id\":\"https:\/\/ambipar.com\/latam\/#organization\",\"name\":\"Ambipar\",\"url\":\"https:\/\/ambipar.com\/latam\/\",\"sameAs\":[],\"logo\":{\"@type\":\"ImageObject\",\"@id\":\"https:\/\/ambipar.com\/latam\/#logo\",\"inLanguage\":\"es-CL\",\"url\":\"https:\/\/ambipar.com\/latam\/wp-content\/uploads\/2020\/10\/ambipar_color.png\",\"contentUrl\":\"https:\/\/ambipar.com\/latam\/wp-content\/uploads\/2020\/10\/ambipar_color.png\",\"width\":174,\"height\":107,\"caption\":\"Ambipar\"},\"image\":{\"@id\":\"https:\/\/ambipar.com\/latam\/#logo\"}},{\"@type\":\"WebSite\",\"@id\":\"https:\/\/ambipar.com\/latam\/#website\",\"url\":\"https:\/\/ambipar.com\/latam\/\",\"name\":\"Ambipar. A l\\u00edder em gest\\u00e3o ambiental.\",\"description\":\"Pioneira em solu\\u00e7\\u00f5es ambientais, a Ambipar atua em todo o territ\\u00f3rio nacional oferecendo solu\\u00e7\\u00f5es integradas para toda a cadeia de neg\\u00f3cio.\",\"publisher\":{\"@id\":\"https:\/\/ambipar.com\/latam\/#organization\"},\"potentialAction\":[{\"@type\":\"SearchAction\",\"target\":{\"@type\":\"EntryPoint\",\"urlTemplate\":\"https:\/\/ambipar.com\/latam\/?s={search_term_string}\"},\"query-input\":\"required name=search_term_string\"}],\"inLanguage\":\"es-CL\"},{\"@type\":\"ImageObject\",\"@id\":\"https:\/\/ambipar.com\/latam\/ambipar-response-3\/entrenamientos\/ead-3\/legislacion-sobre-transporte-de-productos-peligrosos\/#primaryimage\",\"inLanguage\":\"es-CL\",\"url\":\"https:\/\/ambipar.com\/latam\/wp-content\/uploads\/2020\/10\/transporte1.jpg\",\"contentUrl\":\"https:\/\/ambipar.com\/latam\/wp-content\/uploads\/2020\/10\/transporte1.jpg\",\"width\":1000,\"height\":1000,\"caption\":\"transporte\"},{\"@type\":\"WebPage\",\"@id\":\"https:\/\/ambipar.com\/latam\/ambipar-response-3\/entrenamientos\/ead-3\/legislacion-sobre-transporte-de-productos-peligrosos\/#webpage\",\"url\":\"https:\/\/ambipar.com\/latam\/ambipar-response-3\/entrenamientos\/ead-3\/legislacion-sobre-transporte-de-productos-peligrosos\/\",\"name\":\"Conozca Legislaci\\u00f3n sobre Transporte de Productos Peligrosos - Ambipar\",\"isPartOf\":{\"@id\":\"https:\/\/ambipar.com\/latam\/#website\"},\"primaryImageOfPage\":{\"@id\":\"https:\/\/ambipar.com\/latam\/ambipar-response-3\/entrenamientos\/ead-3\/legislacion-sobre-transporte-de-productos-peligrosos\/#primaryimage\"},\"datePublished\":\"2020-11-16T23:50:12+00:00\",\"dateModified\":\"2022-07-06T17:11:24+00:00\",\"description\":\"OBJETIVO: Abordar temas relacionados con la Legislaci\\u00f3n para el Transporte de Productos Peligrosos, deberes, obligaciones y responsabilidades de las partes\",\"breadcrumb\":{\"@id\":\"https:\/\/ambipar.com\/latam\/ambipar-response-3\/entrenamientos\/ead-3\/legislacion-sobre-transporte-de-productos-peligrosos\/#breadcrumb\"},\"inLanguage\":\"es-CL\",\"potentialAction\":[{\"@type\":\"ReadAction\",\"target\":[\"https:\/\/ambipar.com\/latam\/ambipar-response-3\/entrenamientos\/ead-3\/legislacion-sobre-transporte-de-productos-peligrosos\/\"]}]},{\"@type\":\"BreadcrumbList\",\"@id\":\"https:\/\/ambipar.com\/latam\/ambipar-response-3\/entrenamientos\/ead-3\/legislacion-sobre-transporte-de-productos-peligrosos\/#breadcrumb\",\"itemListElement\":[{\"@type\":\"ListItem\",\"position\":1,\"name\":\"Home\",\"item\":\"https:\/\/ambipar.com\/latam\/\"},{\"@type\":\"ListItem\",\"position\":2,\"name\":\"Ambipar Response\",\"item\":\"https:\/\/ambipar.com\/latam\/ambipar-response-3\/\"},{\"@type\":\"ListItem\",\"position\":3,\"name\":\"Entrenamientos\",\"item\":\"https:\/\/ambipar.com\/latam\/ambipar-response-3\/entrenamientos\/\"},{\"@type\":\"ListItem\",\"position\":4,\"name\":\"EAD\",\"item\":\"https:\/\/ambipar.com\/latam\/ambipar-response-3\/entrenamientos\/ead-3\/\"},{\"@type\":\"ListItem\",\"position\":5,\"name\":\"Legislaci\\u00f3n sobre Transporte de Productos Peligrosos\"}]}]}<\/script>\n<!-- \/ Yoast SEO plugin. -->","yoast_head_json":{"title":"Conozca Legislaci\u00f3n sobre Transporte de Productos Peligrosos - Ambipar","description":"OBJETIVO: Abordar temas relacionados con la Legislaci\u00f3n para el Transporte de Productos Peligrosos, deberes, obligaciones y responsabilidades de las partes","robots":{"index":"index","follow":"follow","max-snippet":"max-snippet:-1","max-image-preview":"max-image-preview:large","max-video-preview":"max-video-preview:-1"},"canonical":"https:\/\/ambipar.com\/latam\/ambipar-response-3\/entrenamientos\/ead-3\/legislacion-sobre-transporte-de-productos-peligrosos\/","og_locale":"es_ES","og_type":"article","og_title":"Conozca Legislaci\u00f3n sobre Transporte de Productos Peligrosos - Ambipar","og_description":"OBJETIVO: Abordar temas relacionados con la Legislaci\u00f3n para el Transporte de Productos Peligrosos, deberes, obligaciones y responsabilidades de las partes","og_url":"https:\/\/ambipar.com\/latam\/ambipar-response-3\/entrenamientos\/ead-3\/legislacion-sobre-transporte-de-productos-peligrosos\/","og_site_name":"Ambipar. A l\u00edder em gest\u00e3o ambiental.","article_modified_time":"2022-07-06T17:11:24+00:00","og_image":[{"width":1000,"height":1000,"url":"https:\/\/ambipar.com\/latam\/wp-content\/uploads\/2020\/10\/transporte1.jpg","type":"image\/jpeg"}],"twitter_card":"summary_large_image","twitter_misc":{"Est. reading time":"1 minuto"},"schema":{"@context":"https:\/\/schema.org","@graph":[{"@type":"Organization","@id":"https:\/\/ambipar.com\/latam\/#organization","name":"Ambipar","url":"https:\/\/ambipar.com\/latam\/","sameAs":[],"logo":{"@type":"ImageObject","@id":"https:\/\/ambipar.com\/latam\/#logo","inLanguage":"es-CL","url":"https:\/\/ambipar.com\/latam\/wp-content\/uploads\/2020\/10\/ambipar_color.png","contentUrl":"https:\/\/ambipar.com\/latam\/wp-content\/uploads\/2020\/10\/ambipar_color.png","width":174,"height":107,"caption":"Ambipar"},"image":{"@id":"https:\/\/ambipar.com\/latam\/#logo"}},{"@type":"WebSite","@id":"https:\/\/ambipar.com\/latam\/#website","url":"https:\/\/ambipar.com\/latam\/","name":"Ambipar. A l\u00edder em gest\u00e3o ambiental.","description":"Pioneira em solu\u00e7\u00f5es ambientais, a Ambipar atua em todo o territ\u00f3rio nacional oferecendo solu\u00e7\u00f5es integradas para toda a cadeia de neg\u00f3cio.","publisher":{"@id":"https:\/\/ambipar.com\/latam\/#organization"},"potentialAction":[{"@type":"SearchAction","target":{"@type":"EntryPoint","urlTemplate":"https:\/\/ambipar.com\/latam\/?s={search_term_string}"},"query-input":"required name=search_term_string"}],"inLanguage":"es-CL"},{"@type":"ImageObject","@id":"https:\/\/ambipar.com\/latam\/ambipar-response-3\/entrenamientos\/ead-3\/legislacion-sobre-transporte-de-productos-peligrosos\/#primaryimage","inLanguage":"es-CL","url":"https:\/\/ambipar.com\/latam\/wp-content\/uploads\/2020\/10\/transporte1.jpg","contentUrl":"https:\/\/ambipar.com\/latam\/wp-content\/uploads\/2020\/10\/transporte1.jpg","width":1000,"height":1000,"caption":"transporte"},{"@type":"WebPage","@id":"https:\/\/ambipar.com\/latam\/ambipar-response-3\/entrenamientos\/ead-3\/legislacion-sobre-transporte-de-productos-peligrosos\/#webpage","url":"https:\/\/ambipar.com\/latam\/ambipar-response-3\/entrenamientos\/ead-3\/legislacion-sobre-transporte-de-productos-peligrosos\/","name":"Conozca Legislaci\u00f3n sobre Transporte de Productos Peligrosos - Ambipar","isPartOf":{"@id":"https:\/\/ambipar.com\/latam\/#website"},"primaryImageOfPage":{"@id":"https:\/\/ambipar.com\/latam\/ambipar-response-3\/entrenamientos\/ead-3\/legislacion-sobre-transporte-de-productos-peligrosos\/#primaryimage"},"datePublished":"2020-11-16T23:50:12+00:00","dateModified":"2022-07-06T17:11:24+00:00","description":"OBJETIVO: Abordar temas relacionados con la Legislaci\u00f3n para el Transporte de Productos Peligrosos, deberes, obligaciones y responsabilidades de las partes","breadcrumb":{"@id":"https:\/\/ambipar.com\/latam\/ambipar-response-3\/entrenamientos\/ead-3\/legislacion-sobre-transporte-de-productos-peligrosos\/#breadcrumb"},"inLanguage":"es-CL","potentialAction":[{"@type":"ReadAction","target":["https:\/\/ambipar.com\/latam\/ambipar-response-3\/entrenamientos\/ead-3\/legislacion-sobre-transporte-de-productos-peligrosos\/"]}]},{"@type":"BreadcrumbList","@id":"https:\/\/ambipar.com\/latam\/ambipar-response-3\/entrenamientos\/ead-3\/legislacion-sobre-transporte-de-productos-peligrosos\/#breadcrumb","itemListElement":[{"@type":"ListItem","position":1,"name":"Home","item":"https:\/\/ambipar.com\/latam\/"},{"@type":"ListItem","position":2,"name":"Ambipar Response","item":"https:\/\/ambipar.com\/latam\/ambipar-response-3\/"},{"@type":"ListItem","position":3,"name":"Entrenamientos","item":"https:\/\/ambipar.com\/latam\/ambipar-response-3\/entrenamientos\/"},{"@type":"ListItem","position":4,"name":"EAD","item":"https:\/\/ambipar.com\/latam\/ambipar-response-3\/entrenamientos\/ead-3\/"},{"@type":"ListItem","position":5,"name":"Legislaci\u00f3n sobre Transporte de Productos Peligrosos"}]}]}},"_links":{"self":[{"href":"https:\/\/ambipar.com\/latam\/wp-json\/wp\/v2\/pages\/2235"}],"collection":[{"href":"https:\/\/ambipar.com\/latam\/wp-json\/wp\/v2\/pages"}],"about":[{"href":"https:\/\/ambipar.com\/latam\/wp-json\/wp\/v2\/types\/page"}],"author":[{"embeddable":true,"href":"https:\/\/ambipar.com\/latam\/wp-json\/wp\/v2\/users\/1"}],"replies":[{"embeddable":true,"href":"https:\/\/ambipar.com\/latam\/wp-json\/wp\/v2\/comments?post=2235"}],"version-history":[{"count":7,"href":"https:\/\/ambipar.com\/latam\/wp-json\/wp\/v2\/pages\/2235\/revisions"}],"predecessor-version":[{"id":4693,"href":"https:\/\/ambipar.com\/latam\/wp-json\/wp\/v2\/pages\/2235\/revisions\/4693"}],"up":[{"embeddable":true,"href":"https:\/\/ambipar.com\/latam\/wp-json\/wp\/v2\/pages\/2212"}],"wp:featuredmedia":[{"embeddable":true,"href":"https:\/\/ambipar.com\/latam\/wp-json\/wp\/v2\/media\/915"}],"wp:attachment":[{"href":"https:\/\/ambipar.com\/latam\/wp-json\/wp\/v2\/media?parent=2235"}],"curies":[{"name":"wp","href":"https:\/\/api.w.org\/{rel}","templated":true}]}}