{"id":2241,"date":"2020-11-16T20:55:46","date_gmt":"2020-11-16T23:55:46","guid":{"rendered":"https:\/\/ambipar.com\/latam\/?page_id=2241"},"modified":"2022-07-06T14:09:38","modified_gmt":"2022-07-06T17:09:38","slug":"plan-de-respuesta-ante-emergencias","status":"publish","type":"page","link":"https:\/\/ambipar.com\/latam\/ambipar-response-3\/entrenamientos\/ead-3\/plan-de-respuesta-ante-emergencias\/","title":{"rendered":"Plan de Respuesta Ante Emergencias (PAE)"},"content":{"rendered":"\n<p><strong>OBJETIVO:<\/strong><\/p>\n\n\n\n<p>Presentar conceptos y conocimientos preventivos para identificar riesgos y establecer formas de actuar ante emergencias. Aborda las instrucciones y t\u00e9cnicas de preparaci\u00f3n, organizaci\u00f3n y ejecuci\u00f3n en emergencias que involucren productos peligrosos y c\u00f3mo cumplir con los aspectos legales de la normativa vigente y aplicable.<\/p>\n\n\n\n<p><strong>P\u00daBLICO OBJETIVO:<\/strong><\/p>\n\n\n\n<p>Profesionales involucrados en el equipo destinado a componer la operaci\u00f3n de respuesta a emergencias.<\/p>\n\n\n\n<p><strong>CONTENIDO DEL PROGRAMA:<\/strong><\/p>\n\n\n\n<ul><li>Objetivos, responsables, productos transportados y rutas<\/li><li>Asignaciones de primer lugar<\/li><li>Metodolog\u00eda del plan (Operativo, Estrat\u00e9gico y Combate a la emergencia)<\/li><li>Distribuci\u00f3n de competencias y responsabilidades<\/li><li>Activaci\u00f3n, Aislamiento y Confinamiento del producto peligroso<\/li><\/ul>\n\n\n\n<p>CARGA DEL CURSO: 04 HORAS<\/p>\n\n\n\n<div class=\"wp-block-buttons\">\n<div class=\"wp-block-button\"><a class=\"wp-block-button__link\" href=\"https:\/\/ambipar.com\/latam\/cotizacion-de-capacitacion\/\"> SOLICITAR HORARIO<\/a><\/div>\n<\/div>\n\n\n\n<p>Conozca los otros m\u00f3dulos de EAD Ambipar:<\/p>\n\n\n\n<ul id=\"block-52489d4b-ab6a-46f4-aeb6-c2767e300c29\"><li><a href=\"https:\/\/ambipar.com\/latam\/ambipar-response-3\/entrenamientos\/ead-3\/direccion-defensiva\/\">Direcci\u00f3n Defensiva<\/a><\/li><li><a href=\"https:\/\/ambipar.com\/latam\/ambipar-response-3\/entrenamientos\/ead-3\/legislacion-sobre-transporte-de-productos-peligrosos\/\">Legislaci\u00f3n sobre Transporte de Productos Peligrosos<\/a><\/li><li><a href=\"https:\/\/ambipar.com\/latam\/ambipar-response-3\/entrenamientos\/ead-3\/almacenamiento-y-manipulacion-de-productos-peligrosos\/\">Almacenamiento y Manipulaci\u00f3n de Productos Peligrosos<\/a><\/li><\/ul>\n","protected":false},"excerpt":{"rendered":"OBJETIVO: Presentar conceptos y conocimientos preventivos para identificar riesgos y establecer formas de actuar ante emergencias. Aborda las instrucciones y t\u00e9cnicas de preparaci\u00f3n, organizaci\u00f3n y ejecuci\u00f3n en emergencias que involucren productos peligrosos y c\u00f3mo cumplir con los aspectos legales de la normativa vigente y aplicable. P\u00daBLICO OBJETIVO: Profesionales involucrados en el equipo destinado a componer&#8230; <a class=\"view-article\" href=\"https:\/\/ambipar.com\/latam\/ambipar-response-3\/entrenamientos\/ead-3\/plan-de-respuesta-ante-emergencias\/\">Ver art\u00edculo<\/a>","protected":false},"author":1,"featured_media":1075,"parent":2212,"menu_order":0,"comment_status":"closed","ping_status":"closed","template":"single-servicos.php","meta":[],"yoast_head":"<!-- This site is optimized with the Yoast SEO plugin v17.6 - https:\/\/yoast.com\/wordpress\/plugins\/seo\/ -->\n<title>Descubra el Plan de Asistencia de Emergencia que ofrece Ambipar<\/title>\n<meta name=\"description\" content=\"OBJETIVO: Presentar conceptos y conocimientos preventivos para identificar riesgos y establecer formas de actuar ante emergencias.\" \/>\n<meta name=\"robots\" content=\"index, follow, max-snippet:-1, max-image-preview:large, max-video-preview:-1\" \/>\n<link rel=\"canonical\" href=\"https:\/\/ambipar.com\/latam\/ambipar-response-3\/entrenamientos\/ead-3\/plan-de-respuesta-ante-emergencias\/\" \/>\n<meta property=\"og:locale\" content=\"es_ES\" \/>\n<meta property=\"og:type\" content=\"article\" \/>\n<meta property=\"og:title\" content=\"Descubra el Plan de Asistencia de Emergencia que ofrece Ambipar\" \/>\n<meta property=\"og:description\" content=\"OBJETIVO: Presentar conceptos y conocimientos preventivos para identificar riesgos y establecer formas de actuar ante emergencias.\" \/>\n<meta property=\"og:url\" content=\"https:\/\/ambipar.com\/latam\/ambipar-response-3\/entrenamientos\/ead-3\/plan-de-respuesta-ante-emergencias\/\" \/>\n<meta property=\"og:site_name\" content=\"Ambipar. A l\u00edder em gest\u00e3o ambiental.\" \/>\n<meta property=\"article:modified_time\" content=\"2022-07-06T17:09:38+00:00\" \/>\n<meta property=\"og:image\" content=\"https:\/\/ambipar.com\/latam\/wp-content\/uploads\/2020\/10\/desinf.jpg\" \/>\n\t<meta property=\"og:image:width\" content=\"1000\" \/>\n\t<meta property=\"og:image:height\" content=\"1000\" \/>\n<meta name=\"twitter:card\" content=\"summary_large_image\" \/>\n<meta name=\"twitter:label1\" content=\"Est. reading time\" \/>\n\t<meta name=\"twitter:data1\" content=\"1 minuto\" \/>\n<script type=\"application\/ld+json\" class=\"yoast-schema-graph\">{\"@context\":\"https:\/\/schema.org\",\"@graph\":[{\"@type\":\"Organization\",\"@id\":\"https:\/\/ambipar.com\/latam\/#organization\",\"name\":\"Ambipar\",\"url\":\"https:\/\/ambipar.com\/latam\/\",\"sameAs\":[],\"logo\":{\"@type\":\"ImageObject\",\"@id\":\"https:\/\/ambipar.com\/latam\/#logo\",\"inLanguage\":\"es-CL\",\"url\":\"https:\/\/ambipar.com\/latam\/wp-content\/uploads\/2020\/10\/ambipar_color.png\",\"contentUrl\":\"https:\/\/ambipar.com\/latam\/wp-content\/uploads\/2020\/10\/ambipar_color.png\",\"width\":174,\"height\":107,\"caption\":\"Ambipar\"},\"image\":{\"@id\":\"https:\/\/ambipar.com\/latam\/#logo\"}},{\"@type\":\"WebSite\",\"@id\":\"https:\/\/ambipar.com\/latam\/#website\",\"url\":\"https:\/\/ambipar.com\/latam\/\",\"name\":\"Ambipar. A l\\u00edder em gest\\u00e3o ambiental.\",\"description\":\"Pioneira em solu\\u00e7\\u00f5es ambientais, a Ambipar atua em todo o territ\\u00f3rio nacional oferecendo solu\\u00e7\\u00f5es integradas para toda a cadeia de neg\\u00f3cio.\",\"publisher\":{\"@id\":\"https:\/\/ambipar.com\/latam\/#organization\"},\"potentialAction\":[{\"@type\":\"SearchAction\",\"target\":{\"@type\":\"EntryPoint\",\"urlTemplate\":\"https:\/\/ambipar.com\/latam\/?s={search_term_string}\"},\"query-input\":\"required name=search_term_string\"}],\"inLanguage\":\"es-CL\"},{\"@type\":\"ImageObject\",\"@id\":\"https:\/\/ambipar.com\/latam\/ambipar-response-3\/entrenamientos\/ead-3\/plan-de-respuesta-ante-emergencias\/#primaryimage\",\"inLanguage\":\"es-CL\",\"url\":\"https:\/\/ambipar.com\/latam\/wp-content\/uploads\/2020\/10\/desinf.jpg\",\"contentUrl\":\"https:\/\/ambipar.com\/latam\/wp-content\/uploads\/2020\/10\/desinf.jpg\",\"width\":1000,\"height\":1000,\"caption\":\"desinfec\\u00e7\\u00e3o\"},{\"@type\":\"WebPage\",\"@id\":\"https:\/\/ambipar.com\/latam\/ambipar-response-3\/entrenamientos\/ead-3\/plan-de-respuesta-ante-emergencias\/#webpage\",\"url\":\"https:\/\/ambipar.com\/latam\/ambipar-response-3\/entrenamientos\/ead-3\/plan-de-respuesta-ante-emergencias\/\",\"name\":\"Descubra el Plan de Asistencia de Emergencia que ofrece Ambipar\",\"isPartOf\":{\"@id\":\"https:\/\/ambipar.com\/latam\/#website\"},\"primaryImageOfPage\":{\"@id\":\"https:\/\/ambipar.com\/latam\/ambipar-response-3\/entrenamientos\/ead-3\/plan-de-respuesta-ante-emergencias\/#primaryimage\"},\"datePublished\":\"2020-11-16T23:55:46+00:00\",\"dateModified\":\"2022-07-06T17:09:38+00:00\",\"description\":\"OBJETIVO: Presentar conceptos y conocimientos preventivos para identificar riesgos y establecer formas de actuar ante emergencias.\",\"breadcrumb\":{\"@id\":\"https:\/\/ambipar.com\/latam\/ambipar-response-3\/entrenamientos\/ead-3\/plan-de-respuesta-ante-emergencias\/#breadcrumb\"},\"inLanguage\":\"es-CL\",\"potentialAction\":[{\"@type\":\"ReadAction\",\"target\":[\"https:\/\/ambipar.com\/latam\/ambipar-response-3\/entrenamientos\/ead-3\/plan-de-respuesta-ante-emergencias\/\"]}]},{\"@type\":\"BreadcrumbList\",\"@id\":\"https:\/\/ambipar.com\/latam\/ambipar-response-3\/entrenamientos\/ead-3\/plan-de-respuesta-ante-emergencias\/#breadcrumb\",\"itemListElement\":[{\"@type\":\"ListItem\",\"position\":1,\"name\":\"Home\",\"item\":\"https:\/\/ambipar.com\/latam\/\"},{\"@type\":\"ListItem\",\"position\":2,\"name\":\"Ambipar Response\",\"item\":\"https:\/\/ambipar.com\/latam\/ambipar-response-3\/\"},{\"@type\":\"ListItem\",\"position\":3,\"name\":\"Entrenamientos\",\"item\":\"https:\/\/ambipar.com\/latam\/ambipar-response-3\/entrenamientos\/\"},{\"@type\":\"ListItem\",\"position\":4,\"name\":\"EAD\",\"item\":\"https:\/\/ambipar.com\/latam\/ambipar-response-3\/entrenamientos\/ead-3\/\"},{\"@type\":\"ListItem\",\"position\":5,\"name\":\"Plan de Respuesta Ante Emergencias (PAE)\"}]}]}<\/script>\n<!-- \/ Yoast SEO plugin. -->","yoast_head_json":{"title":"Descubra el Plan de Asistencia de Emergencia que ofrece Ambipar","description":"OBJETIVO: Presentar conceptos y conocimientos preventivos para identificar riesgos y establecer formas de actuar ante emergencias.","robots":{"index":"index","follow":"follow","max-snippet":"max-snippet:-1","max-image-preview":"max-image-preview:large","max-video-preview":"max-video-preview:-1"},"canonical":"https:\/\/ambipar.com\/latam\/ambipar-response-3\/entrenamientos\/ead-3\/plan-de-respuesta-ante-emergencias\/","og_locale":"es_ES","og_type":"article","og_title":"Descubra el Plan de Asistencia de Emergencia que ofrece Ambipar","og_description":"OBJETIVO: Presentar conceptos y conocimientos preventivos para identificar riesgos y establecer formas de actuar ante emergencias.","og_url":"https:\/\/ambipar.com\/latam\/ambipar-response-3\/entrenamientos\/ead-3\/plan-de-respuesta-ante-emergencias\/","og_site_name":"Ambipar. A l\u00edder em gest\u00e3o ambiental.","article_modified_time":"2022-07-06T17:09:38+00:00","og_image":[{"width":1000,"height":1000,"url":"https:\/\/ambipar.com\/latam\/wp-content\/uploads\/2020\/10\/desinf.jpg","type":"image\/jpeg"}],"twitter_card":"summary_large_image","twitter_misc":{"Est. reading time":"1 minuto"},"schema":{"@context":"https:\/\/schema.org","@graph":[{"@type":"Organization","@id":"https:\/\/ambipar.com\/latam\/#organization","name":"Ambipar","url":"https:\/\/ambipar.com\/latam\/","sameAs":[],"logo":{"@type":"ImageObject","@id":"https:\/\/ambipar.com\/latam\/#logo","inLanguage":"es-CL","url":"https:\/\/ambipar.com\/latam\/wp-content\/uploads\/2020\/10\/ambipar_color.png","contentUrl":"https:\/\/ambipar.com\/latam\/wp-content\/uploads\/2020\/10\/ambipar_color.png","width":174,"height":107,"caption":"Ambipar"},"image":{"@id":"https:\/\/ambipar.com\/latam\/#logo"}},{"@type":"WebSite","@id":"https:\/\/ambipar.com\/latam\/#website","url":"https:\/\/ambipar.com\/latam\/","name":"Ambipar. A l\u00edder em gest\u00e3o ambiental.","description":"Pioneira em solu\u00e7\u00f5es ambientais, a Ambipar atua em todo o territ\u00f3rio nacional oferecendo solu\u00e7\u00f5es integradas para toda a cadeia de neg\u00f3cio.","publisher":{"@id":"https:\/\/ambipar.com\/latam\/#organization"},"potentialAction":[{"@type":"SearchAction","target":{"@type":"EntryPoint","urlTemplate":"https:\/\/ambipar.com\/latam\/?s={search_term_string}"},"query-input":"required name=search_term_string"}],"inLanguage":"es-CL"},{"@type":"ImageObject","@id":"https:\/\/ambipar.com\/latam\/ambipar-response-3\/entrenamientos\/ead-3\/plan-de-respuesta-ante-emergencias\/#primaryimage","inLanguage":"es-CL","url":"https:\/\/ambipar.com\/latam\/wp-content\/uploads\/2020\/10\/desinf.jpg","contentUrl":"https:\/\/ambipar.com\/latam\/wp-content\/uploads\/2020\/10\/desinf.jpg","width":1000,"height":1000,"caption":"desinfec\u00e7\u00e3o"},{"@type":"WebPage","@id":"https:\/\/ambipar.com\/latam\/ambipar-response-3\/entrenamientos\/ead-3\/plan-de-respuesta-ante-emergencias\/#webpage","url":"https:\/\/ambipar.com\/latam\/ambipar-response-3\/entrenamientos\/ead-3\/plan-de-respuesta-ante-emergencias\/","name":"Descubra el Plan de Asistencia de Emergencia que ofrece Ambipar","isPartOf":{"@id":"https:\/\/ambipar.com\/latam\/#website"},"primaryImageOfPage":{"@id":"https:\/\/ambipar.com\/latam\/ambipar-response-3\/entrenamientos\/ead-3\/plan-de-respuesta-ante-emergencias\/#primaryimage"},"datePublished":"2020-11-16T23:55:46+00:00","dateModified":"2022-07-06T17:09:38+00:00","description":"OBJETIVO: Presentar conceptos y conocimientos preventivos para identificar riesgos y establecer formas de actuar ante emergencias.","breadcrumb":{"@id":"https:\/\/ambipar.com\/latam\/ambipar-response-3\/entrenamientos\/ead-3\/plan-de-respuesta-ante-emergencias\/#breadcrumb"},"inLanguage":"es-CL","potentialAction":[{"@type":"ReadAction","target":["https:\/\/ambipar.com\/latam\/ambipar-response-3\/entrenamientos\/ead-3\/plan-de-respuesta-ante-emergencias\/"]}]},{"@type":"BreadcrumbList","@id":"https:\/\/ambipar.com\/latam\/ambipar-response-3\/entrenamientos\/ead-3\/plan-de-respuesta-ante-emergencias\/#breadcrumb","itemListElement":[{"@type":"ListItem","position":1,"name":"Home","item":"https:\/\/ambipar.com\/latam\/"},{"@type":"ListItem","position":2,"name":"Ambipar Response","item":"https:\/\/ambipar.com\/latam\/ambipar-response-3\/"},{"@type":"ListItem","position":3,"name":"Entrenamientos","item":"https:\/\/ambipar.com\/latam\/ambipar-response-3\/entrenamientos\/"},{"@type":"ListItem","position":4,"name":"EAD","item":"https:\/\/ambipar.com\/latam\/ambipar-response-3\/entrenamientos\/ead-3\/"},{"@type":"ListItem","position":5,"name":"Plan de Respuesta Ante Emergencias (PAE)"}]}]}},"_links":{"self":[{"href":"https:\/\/ambipar.com\/latam\/wp-json\/wp\/v2\/pages\/2241"}],"collection":[{"href":"https:\/\/ambipar.com\/latam\/wp-json\/wp\/v2\/pages"}],"about":[{"href":"https:\/\/ambipar.com\/latam\/wp-json\/wp\/v2\/types\/page"}],"author":[{"embeddable":true,"href":"https:\/\/ambipar.com\/latam\/wp-json\/wp\/v2\/users\/1"}],"replies":[{"embeddable":true,"href":"https:\/\/ambipar.com\/latam\/wp-json\/wp\/v2\/comments?post=2241"}],"version-history":[{"count":7,"href":"https:\/\/ambipar.com\/latam\/wp-json\/wp\/v2\/pages\/2241\/revisions"}],"predecessor-version":[{"id":4691,"href":"https:\/\/ambipar.com\/latam\/wp-json\/wp\/v2\/pages\/2241\/revisions\/4691"}],"up":[{"embeddable":true,"href":"https:\/\/ambipar.com\/latam\/wp-json\/wp\/v2\/pages\/2212"}],"wp:featuredmedia":[{"embeddable":true,"href":"https:\/\/ambipar.com\/latam\/wp-json\/wp\/v2\/media\/1075"}],"wp:attachment":[{"href":"https:\/\/ambipar.com\/latam\/wp-json\/wp\/v2\/media?parent=2241"}],"curies":[{"name":"wp","href":"https:\/\/api.w.org\/{rel}","templated":true}]}}