{"id":2245,"date":"2020-11-17T05:13:59","date_gmt":"2020-11-17T08:13:59","guid":{"rendered":"https:\/\/ambipar.com\/latam\/?page_id=2245"},"modified":"2021-10-14T10:45:12","modified_gmt":"2021-10-14T13:45:12","slug":"equipos-simuladores","status":"publish","type":"page","link":"https:\/\/ambipar.com\/latam\/ambipar-response-3\/entrenamientos\/equipos-simuladores\/","title":{"rendered":"Equipos Simuladores"},"content":{"rendered":"\n<p>Ambipar ofrece equipos de simulaci\u00f3n que se pueden utilizar en capacitaciones realizadas en la empresa o en la estructura del Centro de Capacitaci\u00f3n de Respuesta Ambipar en Nova Odessa \/ SP.<\/p>\n\n\n\n<ul id=\"block-6a501768-3587-4ff3-a719-88109237a7de\"><li><a href=\"https:\/\/ambipar.com\/latam\/ambipar-response-3\/entrenamientos\/equipos-simuladores\/m-i-r-t-3\/\"><\/a><a href=\"https:\/\/ambipar.com\/latam\/ambipar-response-3\/entrenamientos\/equipos-simuladores\/m-i-r-t-3\/\">M.I.R.T. \u00ae para Espacios confinados, Trabajos en altura, Rescate y Fugas<\/a><\/li><li><a href=\"https:\/\/ambipar.com\/latam\/ambipar-response-3\/entrenamientos\/equipos-simuladores\/m-i-r-t-3\/\"><\/a><a href=\"https:\/\/ambipar.com\/latam\/ambipar-response-3\/entrenamientos\/equipos-simuladores\/fire-pan-3\/\">Simulador Fire-Pan \u00ae para Entrenamiento en Extinci\u00f3n de Incendios<\/a><\/li><li><a href=\"https:\/\/ambipar.com\/latam\/ambipar-response-3\/entrenamientos\/equipos-simuladores\/m-i-r-t-3\/\"><\/a><a href=\"https:\/\/ambipar.com\/latam\/ambipar-response-3\/entrenamientos\/equipos-simuladores\/torre-de-trabajo-en-altura-y-espacio-confinado\/\">Torre de Trabajo en Altura y Espacio Confinado<\/a><\/li><li><a href=\"https:\/\/ambipar.com\/latam\/ambipar-response-3\/entrenamientos\/equipos-simuladores\/m-i-r-t-3\/\"><\/a><a href=\"https:\/\/ambipar.com\/latam\/ambipar-response-3\/entrenamientos\/equipos-simuladores\/simulador-de-ambiente-confinado-ahumadero\/\">Simulador de Ambiente Confinado (Ahumadero)<\/a><\/li><li><a href=\"https:\/\/ambipar.com\/latam\/ambipar-response-3\/entrenamientos\/equipos-simuladores\/m-i-r-t-3\/\"><\/a><a href=\"https:\/\/ambipar.com\/latam\/ambipar-response-3\/entrenamientos\/equipos-simuladores\/simulador-modular-de-espacios-confinados\/\">Simulador Modular de Espacios Confinados<\/a><\/li><li><a href=\"https:\/\/ambipar.com\/latam\/ambipar-response-3\/entrenamientos\/equipos-simuladores\/m-i-r-t-3\/\"><\/a><a href=\"https:\/\/ambipar.com\/latam\/ambipar-response-3\/entrenamientos\/equipos-simuladores\/simulador-de-direccion-ambipar\/\">Simulador de direcci\u00f3n AMBIPAR<\/a><\/li><\/ul>\n\n\n\n<p>Vea tambi\u00e9n:<\/p>\n\n\n\n<ul><li><a href=\"https:\/\/ambipar.com\/latam\/ambipar-response-3\/entrenamientos\/hazmat-3\/\">HAZMAT<\/a><\/li><li><a href=\"https:\/\/ambipar.com\/latam\/ambipar-response-3\/entrenamientos\/oil-spill-3\/\">Oil Spill<\/a><\/li><li><a href=\"https:\/\/ambipar.com\/latam\/ambipar-response-3\/entrenamientos\/brigadas-de-emergencia\/\">Brigadas de Emergencia<\/a><\/li><li><a href=\"https:\/\/ambipar.com\/latam\/ambipar-response-3\/entrenamientos\/nrs-3\/\">NR\u2019S<\/a><\/li><li><a href=\"https:\/\/ambipar.com\/latam\/ambipar-response-3\/entrenamientos\/almacenamiento-y-transporte-de-productos-peligrosos\/\">Almacenamiento y Transporte de Productos Peligrosos<\/a><\/li><li><a href=\"https:\/\/ambipar.com\/latam\/ambipar-response-3\/entrenamientos\/ejercicios-simulados\/\">Ejercicios Simulados<\/a><\/li><li><a href=\"https:\/\/ambipar.com\/latam\/ambipar-response-3\/entrenamientos\/ead-3\/\">EAD<\/a><\/li><li><a href=\"https:\/\/ambipar.com\/latam\/ambipar-response-3\/entrenamientos\/calendario-2021\/\">Calendario 2021<\/a><\/li><\/ul>\n","protected":false},"excerpt":{"rendered":"Ambipar ofrece equipos de simulaci\u00f3n que se pueden utilizar en capacitaciones realizadas en la empresa o en la estructura del Centro de Capacitaci\u00f3n de Respuesta Ambipar en Nova Odessa \/ SP. M.I.R.T. \u00ae para Espacios confinados, Trabajos en altura, Rescate y Fugas Simulador Fire-Pan \u00ae para Entrenamiento en Extinci\u00f3n de Incendios Torre de Trabajo en&#8230; <a class=\"view-article\" href=\"https:\/\/ambipar.com\/latam\/ambipar-response-3\/entrenamientos\/equipos-simuladores\/\">Ver art\u00edculo<\/a>","protected":false},"author":1,"featured_media":3564,"parent":2089,"menu_order":0,"comment_status":"closed","ping_status":"closed","template":"single-servicos.php","meta":[],"yoast_head":"<!-- This site is optimized with the Yoast SEO plugin v17.6 - https:\/\/yoast.com\/wordpress\/plugins\/seo\/ -->\n<title>Descubra los Equipos Simuladores que ofrece Ambipar<\/title>\n<meta name=\"description\" content=\"Ambipar ofrece equipos simuladores que se pueden utilizar en capacitaciones realizadas en empresa o en la estructura de Ambipar\" \/>\n<meta name=\"robots\" content=\"index, follow, max-snippet:-1, max-image-preview:large, max-video-preview:-1\" \/>\n<link rel=\"canonical\" href=\"https:\/\/ambipar.com\/latam\/ambipar-response-3\/entrenamientos\/equipos-simuladores\/\" \/>\n<meta property=\"og:locale\" content=\"es_ES\" \/>\n<meta property=\"og:type\" content=\"article\" \/>\n<meta property=\"og:title\" content=\"Descubra los Equipos Simuladores que ofrece Ambipar\" \/>\n<meta property=\"og:description\" content=\"Ambipar ofrece equipos simuladores que se pueden utilizar en capacitaciones realizadas en empresa o en la estructura de Ambipar\" \/>\n<meta property=\"og:url\" content=\"https:\/\/ambipar.com\/latam\/ambipar-response-3\/entrenamientos\/equipos-simuladores\/\" \/>\n<meta property=\"og:site_name\" content=\"Ambipar. A l\u00edder em gest\u00e3o ambiental.\" \/>\n<meta property=\"article:modified_time\" content=\"2021-10-14T13:45:12+00:00\" \/>\n<meta property=\"og:image\" content=\"https:\/\/ambipar.com\/latam\/wp-content\/uploads\/2021\/06\/SimuladorMIRT.jpeg\" \/>\n\t<meta property=\"og:image:width\" content=\"1600\" \/>\n\t<meta property=\"og:image:height\" content=\"1200\" \/>\n<meta name=\"twitter:card\" content=\"summary_large_image\" \/>\n<meta name=\"twitter:label1\" content=\"Est. reading time\" \/>\n\t<meta name=\"twitter:data1\" content=\"1 minuto\" \/>\n<script type=\"application\/ld+json\" class=\"yoast-schema-graph\">{\"@context\":\"https:\/\/schema.org\",\"@graph\":[{\"@type\":\"Organization\",\"@id\":\"https:\/\/ambipar.com\/latam\/#organization\",\"name\":\"Ambipar\",\"url\":\"https:\/\/ambipar.com\/latam\/\",\"sameAs\":[],\"logo\":{\"@type\":\"ImageObject\",\"@id\":\"https:\/\/ambipar.com\/latam\/#logo\",\"inLanguage\":\"es-CL\",\"url\":\"https:\/\/ambipar.com\/latam\/wp-content\/uploads\/2020\/10\/ambipar_color.png\",\"contentUrl\":\"https:\/\/ambipar.com\/latam\/wp-content\/uploads\/2020\/10\/ambipar_color.png\",\"width\":174,\"height\":107,\"caption\":\"Ambipar\"},\"image\":{\"@id\":\"https:\/\/ambipar.com\/latam\/#logo\"}},{\"@type\":\"WebSite\",\"@id\":\"https:\/\/ambipar.com\/latam\/#website\",\"url\":\"https:\/\/ambipar.com\/latam\/\",\"name\":\"Ambipar. A l\\u00edder em gest\\u00e3o ambiental.\",\"description\":\"Pioneira em solu\\u00e7\\u00f5es ambientais, a Ambipar atua em todo o territ\\u00f3rio nacional oferecendo solu\\u00e7\\u00f5es integradas para toda a cadeia de neg\\u00f3cio.\",\"publisher\":{\"@id\":\"https:\/\/ambipar.com\/latam\/#organization\"},\"potentialAction\":[{\"@type\":\"SearchAction\",\"target\":{\"@type\":\"EntryPoint\",\"urlTemplate\":\"https:\/\/ambipar.com\/latam\/?s={search_term_string}\"},\"query-input\":\"required name=search_term_string\"}],\"inLanguage\":\"es-CL\"},{\"@type\":\"ImageObject\",\"@id\":\"https:\/\/ambipar.com\/latam\/ambipar-response-3\/entrenamientos\/equipos-simuladores\/#primaryimage\",\"inLanguage\":\"es-CL\",\"url\":\"https:\/\/ambipar.com\/latam\/wp-content\/uploads\/2021\/06\/SimuladorMIRT.jpeg\",\"contentUrl\":\"https:\/\/ambipar.com\/latam\/wp-content\/uploads\/2021\/06\/SimuladorMIRT.jpeg\",\"width\":1600,\"height\":1200,\"caption\":\"Simulador M.I.R.T\"},{\"@type\":\"WebPage\",\"@id\":\"https:\/\/ambipar.com\/latam\/ambipar-response-3\/entrenamientos\/equipos-simuladores\/#webpage\",\"url\":\"https:\/\/ambipar.com\/latam\/ambipar-response-3\/entrenamientos\/equipos-simuladores\/\",\"name\":\"Descubra los Equipos Simuladores que ofrece Ambipar\",\"isPartOf\":{\"@id\":\"https:\/\/ambipar.com\/latam\/#website\"},\"primaryImageOfPage\":{\"@id\":\"https:\/\/ambipar.com\/latam\/ambipar-response-3\/entrenamientos\/equipos-simuladores\/#primaryimage\"},\"datePublished\":\"2020-11-17T08:13:59+00:00\",\"dateModified\":\"2021-10-14T13:45:12+00:00\",\"description\":\"Ambipar ofrece equipos simuladores que se pueden utilizar en capacitaciones realizadas en empresa o en la estructura de Ambipar\",\"breadcrumb\":{\"@id\":\"https:\/\/ambipar.com\/latam\/ambipar-response-3\/entrenamientos\/equipos-simuladores\/#breadcrumb\"},\"inLanguage\":\"es-CL\",\"potentialAction\":[{\"@type\":\"ReadAction\",\"target\":[\"https:\/\/ambipar.com\/latam\/ambipar-response-3\/entrenamientos\/equipos-simuladores\/\"]}]},{\"@type\":\"BreadcrumbList\",\"@id\":\"https:\/\/ambipar.com\/latam\/ambipar-response-3\/entrenamientos\/equipos-simuladores\/#breadcrumb\",\"itemListElement\":[{\"@type\":\"ListItem\",\"position\":1,\"name\":\"Home\",\"item\":\"https:\/\/ambipar.com\/latam\/\"},{\"@type\":\"ListItem\",\"position\":2,\"name\":\"Ambipar Response\",\"item\":\"https:\/\/ambipar.com\/latam\/ambipar-response-3\/\"},{\"@type\":\"ListItem\",\"position\":3,\"name\":\"Entrenamientos\",\"item\":\"https:\/\/ambipar.com\/latam\/ambipar-response-3\/entrenamientos\/\"},{\"@type\":\"ListItem\",\"position\":4,\"name\":\"Equipos Simuladores\"}]}]}<\/script>\n<!-- \/ Yoast SEO plugin. -->","yoast_head_json":{"title":"Descubra los Equipos Simuladores que ofrece Ambipar","description":"Ambipar ofrece equipos simuladores que se pueden utilizar en capacitaciones realizadas en empresa o en la estructura de Ambipar","robots":{"index":"index","follow":"follow","max-snippet":"max-snippet:-1","max-image-preview":"max-image-preview:large","max-video-preview":"max-video-preview:-1"},"canonical":"https:\/\/ambipar.com\/latam\/ambipar-response-3\/entrenamientos\/equipos-simuladores\/","og_locale":"es_ES","og_type":"article","og_title":"Descubra los Equipos Simuladores que ofrece Ambipar","og_description":"Ambipar ofrece equipos simuladores que se pueden utilizar en capacitaciones realizadas en empresa o en la estructura de Ambipar","og_url":"https:\/\/ambipar.com\/latam\/ambipar-response-3\/entrenamientos\/equipos-simuladores\/","og_site_name":"Ambipar. A l\u00edder em gest\u00e3o ambiental.","article_modified_time":"2021-10-14T13:45:12+00:00","og_image":[{"width":1600,"height":1200,"url":"https:\/\/ambipar.com\/latam\/wp-content\/uploads\/2021\/06\/SimuladorMIRT.jpeg","type":"image\/jpeg"}],"twitter_card":"summary_large_image","twitter_misc":{"Est. reading time":"1 minuto"},"schema":{"@context":"https:\/\/schema.org","@graph":[{"@type":"Organization","@id":"https:\/\/ambipar.com\/latam\/#organization","name":"Ambipar","url":"https:\/\/ambipar.com\/latam\/","sameAs":[],"logo":{"@type":"ImageObject","@id":"https:\/\/ambipar.com\/latam\/#logo","inLanguage":"es-CL","url":"https:\/\/ambipar.com\/latam\/wp-content\/uploads\/2020\/10\/ambipar_color.png","contentUrl":"https:\/\/ambipar.com\/latam\/wp-content\/uploads\/2020\/10\/ambipar_color.png","width":174,"height":107,"caption":"Ambipar"},"image":{"@id":"https:\/\/ambipar.com\/latam\/#logo"}},{"@type":"WebSite","@id":"https:\/\/ambipar.com\/latam\/#website","url":"https:\/\/ambipar.com\/latam\/","name":"Ambipar. A l\u00edder em gest\u00e3o ambiental.","description":"Pioneira em solu\u00e7\u00f5es ambientais, a Ambipar atua em todo o territ\u00f3rio nacional oferecendo solu\u00e7\u00f5es integradas para toda a cadeia de neg\u00f3cio.","publisher":{"@id":"https:\/\/ambipar.com\/latam\/#organization"},"potentialAction":[{"@type":"SearchAction","target":{"@type":"EntryPoint","urlTemplate":"https:\/\/ambipar.com\/latam\/?s={search_term_string}"},"query-input":"required name=search_term_string"}],"inLanguage":"es-CL"},{"@type":"ImageObject","@id":"https:\/\/ambipar.com\/latam\/ambipar-response-3\/entrenamientos\/equipos-simuladores\/#primaryimage","inLanguage":"es-CL","url":"https:\/\/ambipar.com\/latam\/wp-content\/uploads\/2021\/06\/SimuladorMIRT.jpeg","contentUrl":"https:\/\/ambipar.com\/latam\/wp-content\/uploads\/2021\/06\/SimuladorMIRT.jpeg","width":1600,"height":1200,"caption":"Simulador M.I.R.T"},{"@type":"WebPage","@id":"https:\/\/ambipar.com\/latam\/ambipar-response-3\/entrenamientos\/equipos-simuladores\/#webpage","url":"https:\/\/ambipar.com\/latam\/ambipar-response-3\/entrenamientos\/equipos-simuladores\/","name":"Descubra los Equipos Simuladores que ofrece Ambipar","isPartOf":{"@id":"https:\/\/ambipar.com\/latam\/#website"},"primaryImageOfPage":{"@id":"https:\/\/ambipar.com\/latam\/ambipar-response-3\/entrenamientos\/equipos-simuladores\/#primaryimage"},"datePublished":"2020-11-17T08:13:59+00:00","dateModified":"2021-10-14T13:45:12+00:00","description":"Ambipar ofrece equipos simuladores que se pueden utilizar en capacitaciones realizadas en empresa o en la estructura de Ambipar","breadcrumb":{"@id":"https:\/\/ambipar.com\/latam\/ambipar-response-3\/entrenamientos\/equipos-simuladores\/#breadcrumb"},"inLanguage":"es-CL","potentialAction":[{"@type":"ReadAction","target":["https:\/\/ambipar.com\/latam\/ambipar-response-3\/entrenamientos\/equipos-simuladores\/"]}]},{"@type":"BreadcrumbList","@id":"https:\/\/ambipar.com\/latam\/ambipar-response-3\/entrenamientos\/equipos-simuladores\/#breadcrumb","itemListElement":[{"@type":"ListItem","position":1,"name":"Home","item":"https:\/\/ambipar.com\/latam\/"},{"@type":"ListItem","position":2,"name":"Ambipar Response","item":"https:\/\/ambipar.com\/latam\/ambipar-response-3\/"},{"@type":"ListItem","position":3,"name":"Entrenamientos","item":"https:\/\/ambipar.com\/latam\/ambipar-response-3\/entrenamientos\/"},{"@type":"ListItem","position":4,"name":"Equipos Simuladores"}]}]}},"_links":{"self":[{"href":"https:\/\/ambipar.com\/latam\/wp-json\/wp\/v2\/pages\/2245"}],"collection":[{"href":"https:\/\/ambipar.com\/latam\/wp-json\/wp\/v2\/pages"}],"about":[{"href":"https:\/\/ambipar.com\/latam\/wp-json\/wp\/v2\/types\/page"}],"author":[{"embeddable":true,"href":"https:\/\/ambipar.com\/latam\/wp-json\/wp\/v2\/users\/1"}],"replies":[{"embeddable":true,"href":"https:\/\/ambipar.com\/latam\/wp-json\/wp\/v2\/comments?post=2245"}],"version-history":[{"count":10,"href":"https:\/\/ambipar.com\/latam\/wp-json\/wp\/v2\/pages\/2245\/revisions"}],"predecessor-version":[{"id":4252,"href":"https:\/\/ambipar.com\/latam\/wp-json\/wp\/v2\/pages\/2245\/revisions\/4252"}],"up":[{"embeddable":true,"href":"https:\/\/ambipar.com\/latam\/wp-json\/wp\/v2\/pages\/2089"}],"wp:featuredmedia":[{"embeddable":true,"href":"https:\/\/ambipar.com\/latam\/wp-json\/wp\/v2\/media\/3564"}],"wp:attachment":[{"href":"https:\/\/ambipar.com\/latam\/wp-json\/wp\/v2\/media?parent=2245"}],"curies":[{"name":"wp","href":"https:\/\/api.w.org\/{rel}","templated":true}]}}