{"id":2257,"date":"2020-11-17T05:30:35","date_gmt":"2020-11-17T08:30:35","guid":{"rendered":"https:\/\/ambipar.com\/latam\/?page_id=2257"},"modified":"2022-06-21T16:00:46","modified_gmt":"2022-06-21T19:00:46","slug":"m-i-r-t-3","status":"publish","type":"page","link":"https:\/\/ambipar.com\/latam\/ambipar-response-3\/entrenamientos\/equipos-simuladores\/m-i-r-t-3\/","title":{"rendered":"M.I.R.T. \u00ae"},"content":{"rendered":"\n<p><strong>OBJETIVO:<\/strong><\/p>\n\n\n\n<p>Simule un espacio confinado.<\/p>\n\n\n\n<p><strong>P\u00daBLICO OBJETIVO:<\/strong><\/p>\n\n\n\n<p>Profesionales involucrados en trabajos confinados, ingenieros y t\u00e9cnicos de seguridad, vigilantes, supervisores y rescatistas.<\/p>\n\n\n\n<p><strong>CARACTER\u00cdSTICAS:<\/strong><\/p>\n\n\n\n<ul><li>Equipos representativos para trabajo, rescate en altura y espacios confinados con simulacros de complejidad progresiva, que se pueden configurar para simular todos los posibles escenarios de accidentes identificados en el an\u00e1lisis de riesgos, y realizar t\u00e9cnicas especializadas con total seguridad<\/li><li>Primer simulador m\u00f3vil en Brasil<\/li><li>La capacitaci\u00f3n se puede realizar en el centro de capacitaci\u00f3n multimodal Ambipar, o en las ubicaciones de la empresa contratante, con todos los recursos necesarios.<\/li><\/ul>\n\n\n\n<p>CAPACIDAD: Hasta 20 personas.<\/p>\n\n\n\n<div class=\"wp-block-buttons\">\n<div class=\"wp-block-button\"><a class=\"wp-block-button__link\" href=\"https:\/\/ambipar.com\/latam\/cotizacion-de-capacitacion\/\"> SOLICITAR HORARIO<\/a><\/div>\n<\/div>\n\n\n\n<p>Conozca los otros equipos del simulador:<\/p>\n\n\n\n<ul id=\"block-6a501768-3587-4ff3-a719-88109237a7de\"><li><a href=\"https:\/\/ambipar.com\/latam\/ambipar-response-3\/entrenamientos\/equipos-simuladores\/fire-pan-3\/\">Simulador Fire-Pan \u00ae para Entrenamiento en Extinci\u00f3n de Incendios<\/a><\/li><li><a href=\"https:\/\/ambipar.com\/latam\/ambipar-response-3\/entrenamientos\/equipos-simuladores\/torre-de-trabajo-en-altura-y-espacio-confinado\/\">Torre de Trabajo en Altura y Espacio Confinado<\/a><\/li><li><a href=\"https:\/\/ambipar.com\/latam\/ambipar-response-3\/entrenamientos\/equipos-simuladores\/simulador-modular-de-espacios-confinados\/https:\/\/ambipar.com\/latam\/ambipar-response-3\/entrenamientos\/equipos-simuladores\/simulador-de-ambiente-confihttps:\/\/ambipar.com\/latam\/ambipar-response-3\/entrenamientos\/equipos-simuladores\/simulador-de-ambiente-confinado-ahumadero\/nado-ahumadero\/\">Simulador de Ambiente Confinado (Ahumadero)<\/a><\/li><li><a href=\"https:\/\/ambipar.com\/latam\/ambipar-response-3\/entrenamientos\/equipos-simuladores\/simulador-modular-de-espacios-confinados\/\">Simulador Modular de Espacios Confinados<\/a><\/li><li><a href=\"https:\/\/ambipar.com\/latam\/ambipar-response-3\/entrenamientos\/equipos-simuladores\/simulador-de-direccion-ambipar\/\">Simulador de direcci\u00f3n AMBIPAR<\/a><\/li><\/ul>\n\n\n\n<p><\/p>\n","protected":false},"excerpt":{"rendered":"OBJETIVO: Simule un espacio confinado. P\u00daBLICO OBJETIVO: Profesionales involucrados en trabajos confinados, ingenieros y t\u00e9cnicos de seguridad, vigilantes, supervisores y rescatistas. CARACTER\u00cdSTICAS: Equipos representativos para trabajo, rescate en altura y espacios confinados con simulacros de complejidad progresiva, que se pueden configurar para simular todos los posibles escenarios de accidentes identificados en el an\u00e1lisis de riesgos,&#8230; <a class=\"view-article\" href=\"https:\/\/ambipar.com\/latam\/ambipar-response-3\/entrenamientos\/equipos-simuladores\/m-i-r-t-3\/\">Ver art\u00edculo<\/a>","protected":false},"author":1,"featured_media":3573,"parent":2245,"menu_order":0,"comment_status":"closed","ping_status":"closed","template":"single-servicos.php","meta":[],"yoast_head":"<!-- This site is optimized with the Yoast SEO plugin v17.6 - https:\/\/yoast.com\/wordpress\/plugins\/seo\/ -->\n<title>Conozca al M.I.R.T. \u00ae ofrecido por Ambipar Response<\/title>\n<meta name=\"description\" content=\"OBJETIVO: Simular espacios confinados. P\u00daBLICO OBJETIVO: Profesionales involucrados en trabajos confinados, ingenieros, t\u00e9cnicos de seguridad\" \/>\n<meta name=\"robots\" content=\"index, follow, max-snippet:-1, max-image-preview:large, max-video-preview:-1\" \/>\n<link rel=\"canonical\" href=\"https:\/\/ambipar.com\/latam\/ambipar-response-3\/entrenamientos\/equipos-simuladores\/m-i-r-t-3\/\" \/>\n<meta property=\"og:locale\" content=\"es_ES\" \/>\n<meta property=\"og:type\" content=\"article\" \/>\n<meta property=\"og:title\" content=\"Conozca al M.I.R.T. \u00ae ofrecido por Ambipar Response\" \/>\n<meta property=\"og:description\" content=\"OBJETIVO: Simular espacios confinados. P\u00daBLICO OBJETIVO: Profesionales involucrados en trabajos confinados, ingenieros, t\u00e9cnicos de seguridad\" \/>\n<meta property=\"og:url\" content=\"https:\/\/ambipar.com\/latam\/ambipar-response-3\/entrenamientos\/equipos-simuladores\/m-i-r-t-3\/\" \/>\n<meta property=\"og:site_name\" content=\"Ambipar. A l\u00edder em gest\u00e3o ambiental.\" \/>\n<meta property=\"article:modified_time\" content=\"2022-06-21T19:00:46+00:00\" \/>\n<meta property=\"og:image\" content=\"https:\/\/ambipar.com\/latam\/wp-content\/uploads\/2021\/06\/Simulador-MIRT-\u00ae-para-Espacos-Confinados-Trabalho-em-Altura-Resgate-e-Vazamentos.jpeg\" \/>\n\t<meta property=\"og:image:width\" content=\"1280\" \/>\n\t<meta property=\"og:image:height\" content=\"960\" \/>\n<meta name=\"twitter:card\" content=\"summary_large_image\" \/>\n<meta name=\"twitter:label1\" content=\"Est. reading time\" \/>\n\t<meta name=\"twitter:data1\" content=\"1 minuto\" \/>\n<script type=\"application\/ld+json\" class=\"yoast-schema-graph\">{\"@context\":\"https:\/\/schema.org\",\"@graph\":[{\"@type\":\"Organization\",\"@id\":\"https:\/\/ambipar.com\/latam\/#organization\",\"name\":\"Ambipar\",\"url\":\"https:\/\/ambipar.com\/latam\/\",\"sameAs\":[],\"logo\":{\"@type\":\"ImageObject\",\"@id\":\"https:\/\/ambipar.com\/latam\/#logo\",\"inLanguage\":\"es-CL\",\"url\":\"https:\/\/ambipar.com\/latam\/wp-content\/uploads\/2020\/10\/ambipar_color.png\",\"contentUrl\":\"https:\/\/ambipar.com\/latam\/wp-content\/uploads\/2020\/10\/ambipar_color.png\",\"width\":174,\"height\":107,\"caption\":\"Ambipar\"},\"image\":{\"@id\":\"https:\/\/ambipar.com\/latam\/#logo\"}},{\"@type\":\"WebSite\",\"@id\":\"https:\/\/ambipar.com\/latam\/#website\",\"url\":\"https:\/\/ambipar.com\/latam\/\",\"name\":\"Ambipar. A l\\u00edder em gest\\u00e3o ambiental.\",\"description\":\"Pioneira em solu\\u00e7\\u00f5es ambientais, a Ambipar atua em todo o territ\\u00f3rio nacional oferecendo solu\\u00e7\\u00f5es integradas para toda a cadeia de neg\\u00f3cio.\",\"publisher\":{\"@id\":\"https:\/\/ambipar.com\/latam\/#organization\"},\"potentialAction\":[{\"@type\":\"SearchAction\",\"target\":{\"@type\":\"EntryPoint\",\"urlTemplate\":\"https:\/\/ambipar.com\/latam\/?s={search_term_string}\"},\"query-input\":\"required name=search_term_string\"}],\"inLanguage\":\"es-CL\"},{\"@type\":\"ImageObject\",\"@id\":\"https:\/\/ambipar.com\/latam\/ambipar-response-3\/entrenamientos\/equipos-simuladores\/m-i-r-t-3\/#primaryimage\",\"inLanguage\":\"es-CL\",\"url\":\"https:\/\/ambipar.com\/latam\/wp-content\/uploads\/2021\/06\/Simulador-MIRT-\\u00ae-para-Espacos-Confinados-Trabalho-em-Altura-Resgate-e-Vazamentos.jpeg\",\"contentUrl\":\"https:\/\/ambipar.com\/latam\/wp-content\/uploads\/2021\/06\/Simulador-MIRT-\\u00ae-para-Espacos-Confinados-Trabalho-em-Altura-Resgate-e-Vazamentos.jpeg\",\"width\":1280,\"height\":960,\"caption\":\"Simulador MIRT\"},{\"@type\":\"WebPage\",\"@id\":\"https:\/\/ambipar.com\/latam\/ambipar-response-3\/entrenamientos\/equipos-simuladores\/m-i-r-t-3\/#webpage\",\"url\":\"https:\/\/ambipar.com\/latam\/ambipar-response-3\/entrenamientos\/equipos-simuladores\/m-i-r-t-3\/\",\"name\":\"Conozca al M.I.R.T. \\u00ae ofrecido por Ambipar Response\",\"isPartOf\":{\"@id\":\"https:\/\/ambipar.com\/latam\/#website\"},\"primaryImageOfPage\":{\"@id\":\"https:\/\/ambipar.com\/latam\/ambipar-response-3\/entrenamientos\/equipos-simuladores\/m-i-r-t-3\/#primaryimage\"},\"datePublished\":\"2020-11-17T08:30:35+00:00\",\"dateModified\":\"2022-06-21T19:00:46+00:00\",\"description\":\"OBJETIVO: Simular espacios confinados. P\\u00daBLICO OBJETIVO: Profesionales involucrados en trabajos confinados, ingenieros, t\\u00e9cnicos de seguridad\",\"breadcrumb\":{\"@id\":\"https:\/\/ambipar.com\/latam\/ambipar-response-3\/entrenamientos\/equipos-simuladores\/m-i-r-t-3\/#breadcrumb\"},\"inLanguage\":\"es-CL\",\"potentialAction\":[{\"@type\":\"ReadAction\",\"target\":[\"https:\/\/ambipar.com\/latam\/ambipar-response-3\/entrenamientos\/equipos-simuladores\/m-i-r-t-3\/\"]}]},{\"@type\":\"BreadcrumbList\",\"@id\":\"https:\/\/ambipar.com\/latam\/ambipar-response-3\/entrenamientos\/equipos-simuladores\/m-i-r-t-3\/#breadcrumb\",\"itemListElement\":[{\"@type\":\"ListItem\",\"position\":1,\"name\":\"Home\",\"item\":\"https:\/\/ambipar.com\/latam\/\"},{\"@type\":\"ListItem\",\"position\":2,\"name\":\"Ambipar Response\",\"item\":\"https:\/\/ambipar.com\/latam\/ambipar-response-3\/\"},{\"@type\":\"ListItem\",\"position\":3,\"name\":\"Entrenamientos\",\"item\":\"https:\/\/ambipar.com\/latam\/ambipar-response-3\/entrenamientos\/\"},{\"@type\":\"ListItem\",\"position\":4,\"name\":\"Equipos Simuladores\",\"item\":\"https:\/\/ambipar.com\/latam\/ambipar-response-3\/entrenamientos\/equipos-simuladores\/\"},{\"@type\":\"ListItem\",\"position\":5,\"name\":\"M.I.R.T. \\u00ae\"}]}]}<\/script>\n<!-- \/ Yoast SEO plugin. -->","yoast_head_json":{"title":"Conozca al M.I.R.T. \u00ae ofrecido por Ambipar Response","description":"OBJETIVO: Simular espacios confinados. P\u00daBLICO OBJETIVO: Profesionales involucrados en trabajos confinados, ingenieros, t\u00e9cnicos de seguridad","robots":{"index":"index","follow":"follow","max-snippet":"max-snippet:-1","max-image-preview":"max-image-preview:large","max-video-preview":"max-video-preview:-1"},"canonical":"https:\/\/ambipar.com\/latam\/ambipar-response-3\/entrenamientos\/equipos-simuladores\/m-i-r-t-3\/","og_locale":"es_ES","og_type":"article","og_title":"Conozca al M.I.R.T. \u00ae ofrecido por Ambipar Response","og_description":"OBJETIVO: Simular espacios confinados. P\u00daBLICO OBJETIVO: Profesionales involucrados en trabajos confinados, ingenieros, t\u00e9cnicos de seguridad","og_url":"https:\/\/ambipar.com\/latam\/ambipar-response-3\/entrenamientos\/equipos-simuladores\/m-i-r-t-3\/","og_site_name":"Ambipar. A l\u00edder em gest\u00e3o ambiental.","article_modified_time":"2022-06-21T19:00:46+00:00","og_image":[{"width":1280,"height":960,"url":"https:\/\/ambipar.com\/latam\/wp-content\/uploads\/2021\/06\/Simulador-MIRT-\u00ae-para-Espacos-Confinados-Trabalho-em-Altura-Resgate-e-Vazamentos.jpeg","type":"image\/jpeg"}],"twitter_card":"summary_large_image","twitter_misc":{"Est. reading time":"1 minuto"},"schema":{"@context":"https:\/\/schema.org","@graph":[{"@type":"Organization","@id":"https:\/\/ambipar.com\/latam\/#organization","name":"Ambipar","url":"https:\/\/ambipar.com\/latam\/","sameAs":[],"logo":{"@type":"ImageObject","@id":"https:\/\/ambipar.com\/latam\/#logo","inLanguage":"es-CL","url":"https:\/\/ambipar.com\/latam\/wp-content\/uploads\/2020\/10\/ambipar_color.png","contentUrl":"https:\/\/ambipar.com\/latam\/wp-content\/uploads\/2020\/10\/ambipar_color.png","width":174,"height":107,"caption":"Ambipar"},"image":{"@id":"https:\/\/ambipar.com\/latam\/#logo"}},{"@type":"WebSite","@id":"https:\/\/ambipar.com\/latam\/#website","url":"https:\/\/ambipar.com\/latam\/","name":"Ambipar. A l\u00edder em gest\u00e3o ambiental.","description":"Pioneira em solu\u00e7\u00f5es ambientais, a Ambipar atua em todo o territ\u00f3rio nacional oferecendo solu\u00e7\u00f5es integradas para toda a cadeia de neg\u00f3cio.","publisher":{"@id":"https:\/\/ambipar.com\/latam\/#organization"},"potentialAction":[{"@type":"SearchAction","target":{"@type":"EntryPoint","urlTemplate":"https:\/\/ambipar.com\/latam\/?s={search_term_string}"},"query-input":"required name=search_term_string"}],"inLanguage":"es-CL"},{"@type":"ImageObject","@id":"https:\/\/ambipar.com\/latam\/ambipar-response-3\/entrenamientos\/equipos-simuladores\/m-i-r-t-3\/#primaryimage","inLanguage":"es-CL","url":"https:\/\/ambipar.com\/latam\/wp-content\/uploads\/2021\/06\/Simulador-MIRT-\u00ae-para-Espacos-Confinados-Trabalho-em-Altura-Resgate-e-Vazamentos.jpeg","contentUrl":"https:\/\/ambipar.com\/latam\/wp-content\/uploads\/2021\/06\/Simulador-MIRT-\u00ae-para-Espacos-Confinados-Trabalho-em-Altura-Resgate-e-Vazamentos.jpeg","width":1280,"height":960,"caption":"Simulador MIRT"},{"@type":"WebPage","@id":"https:\/\/ambipar.com\/latam\/ambipar-response-3\/entrenamientos\/equipos-simuladores\/m-i-r-t-3\/#webpage","url":"https:\/\/ambipar.com\/latam\/ambipar-response-3\/entrenamientos\/equipos-simuladores\/m-i-r-t-3\/","name":"Conozca al M.I.R.T. \u00ae ofrecido por Ambipar Response","isPartOf":{"@id":"https:\/\/ambipar.com\/latam\/#website"},"primaryImageOfPage":{"@id":"https:\/\/ambipar.com\/latam\/ambipar-response-3\/entrenamientos\/equipos-simuladores\/m-i-r-t-3\/#primaryimage"},"datePublished":"2020-11-17T08:30:35+00:00","dateModified":"2022-06-21T19:00:46+00:00","description":"OBJETIVO: Simular espacios confinados. P\u00daBLICO OBJETIVO: Profesionales involucrados en trabajos confinados, ingenieros, t\u00e9cnicos de seguridad","breadcrumb":{"@id":"https:\/\/ambipar.com\/latam\/ambipar-response-3\/entrenamientos\/equipos-simuladores\/m-i-r-t-3\/#breadcrumb"},"inLanguage":"es-CL","potentialAction":[{"@type":"ReadAction","target":["https:\/\/ambipar.com\/latam\/ambipar-response-3\/entrenamientos\/equipos-simuladores\/m-i-r-t-3\/"]}]},{"@type":"BreadcrumbList","@id":"https:\/\/ambipar.com\/latam\/ambipar-response-3\/entrenamientos\/equipos-simuladores\/m-i-r-t-3\/#breadcrumb","itemListElement":[{"@type":"ListItem","position":1,"name":"Home","item":"https:\/\/ambipar.com\/latam\/"},{"@type":"ListItem","position":2,"name":"Ambipar Response","item":"https:\/\/ambipar.com\/latam\/ambipar-response-3\/"},{"@type":"ListItem","position":3,"name":"Entrenamientos","item":"https:\/\/ambipar.com\/latam\/ambipar-response-3\/entrenamientos\/"},{"@type":"ListItem","position":4,"name":"Equipos Simuladores","item":"https:\/\/ambipar.com\/latam\/ambipar-response-3\/entrenamientos\/equipos-simuladores\/"},{"@type":"ListItem","position":5,"name":"M.I.R.T. \u00ae"}]}]}},"_links":{"self":[{"href":"https:\/\/ambipar.com\/latam\/wp-json\/wp\/v2\/pages\/2257"}],"collection":[{"href":"https:\/\/ambipar.com\/latam\/wp-json\/wp\/v2\/pages"}],"about":[{"href":"https:\/\/ambipar.com\/latam\/wp-json\/wp\/v2\/types\/page"}],"author":[{"embeddable":true,"href":"https:\/\/ambipar.com\/latam\/wp-json\/wp\/v2\/users\/1"}],"replies":[{"embeddable":true,"href":"https:\/\/ambipar.com\/latam\/wp-json\/wp\/v2\/comments?post=2257"}],"version-history":[{"count":7,"href":"https:\/\/ambipar.com\/latam\/wp-json\/wp\/v2\/pages\/2257\/revisions"}],"predecessor-version":[{"id":4656,"href":"https:\/\/ambipar.com\/latam\/wp-json\/wp\/v2\/pages\/2257\/revisions\/4656"}],"up":[{"embeddable":true,"href":"https:\/\/ambipar.com\/latam\/wp-json\/wp\/v2\/pages\/2245"}],"wp:featuredmedia":[{"embeddable":true,"href":"https:\/\/ambipar.com\/latam\/wp-json\/wp\/v2\/media\/3573"}],"wp:attachment":[{"href":"https:\/\/ambipar.com\/latam\/wp-json\/wp\/v2\/media?parent=2257"}],"curies":[{"name":"wp","href":"https:\/\/api.w.org\/{rel}","templated":true}]}}