{"id":2262,"date":"2020-11-17T05:37:31","date_gmt":"2020-11-17T08:37:31","guid":{"rendered":"https:\/\/ambipar.com\/latam\/?page_id=2262"},"modified":"2021-06-08T20:23:12","modified_gmt":"2021-06-08T23:23:12","slug":"confined-environment-simulator-smoke-house","status":"publish","type":"page","link":"https:\/\/ambipar.com\/latam\/en\/ambipar-response\/treinamentos\/equipamentos-simuladores\/confined-environment-simulator-smoke-house\/","title":{"rendered":"Confined environment simulator (smoke house)"},"content":{"rendered":"\n<p><strong>OBJECTIVE:<\/strong><\/p>\n\n\n\n<p>Simulate a real emergency situation in &amp; nbsp; building with one or more floors.<\/p>\n\n\n\n<p><strong>TARGET AUDIENCE:<\/strong><\/p>\n\n\n\n<p>Firefighters, brigadiers and other professionals who deal with emergencies.<\/p>\n\n\n\n<p><strong>FEATURES:<\/strong><\/p>\n\n\n\n<ul><li>Smoke house with two properly equipped floors, has labyrinths strategically created to create difficulties close to a real emergency situation<\/li><li>Smoke (non-toxic &#8211; glycerin base) covers the entire interior of the building , making it difficult for the participants to see and breathe<\/li><li>Search and rescue, survival techniques, communication protocols, teamwork, self-control, logical reasoning and work under pressure with duly qualified and qualified instructors for this exercise<\/li><\/ul>\n\n\n\n<p>CAPACITY: Up to 30 people<\/p>\n\n\n\n<div class=\"wp-block-buttons\">\n<div class=\"wp-block-button\"><a class=\"wp-block-button__link\" href=\"https:\/\/app.smartsheet.com\/b\/form\/57a977c9e30244acbdc17c86e82b5ef9\" target=\"_blank\" rel=\"noreferrer noopener\"> REQUEST SCHEDULE<\/a><\/div>\n<\/div>\n\n\n\n<p>Get to know the other simulator equipment:<\/p>\n\n\n\n<ul id=\"block-6a501768-3587-4ff3-a719-88109237a7de\"><li><a href=\"https:\/\/ambipar.com\/latam\/en\/ambipar-response\/treinamentos\/equipamentos-simuladores\/m-i-r-t-2\/\">M.I.R.T. \u00ae for Confined Spaces, Work at Height, Rescue and Leaks<\/a><\/li><li><a href=\"https:\/\/ambipar.com\/latam\/en\/ambipar-response\/treinamentos\/equipamentos-simuladores\/fire-pan-2\/\">Fire-Pan \u00ae Simulator for Fire Fighting Training<\/a><\/li><li><a href=\"https:\/\/ambipar.com\/latam\/en\/ambipar-response\/treinamentos\/equipamentos-simuladores\/work-tower-at-height-and-confined-space\/\">Work Tower at Height and Confined Space<\/a><\/li><li><a href=\"https:\/\/ambipar.com\/latam\/en\/ambipar-response\/treinamentos\/equipamentos-simuladores\/modular-confined-space-simulator\/\">Modular Confined Space Simulator<\/a><\/li><li><a href=\"https:\/\/ambipar.com\/latam\/en\/ambipar-response\/treinamentos\/equipamentos-simuladores\/ambipar-steering-simulator\/\">AMBIPAR Steering Simulator<\/a><\/li><\/ul>\n","protected":false},"excerpt":{"rendered":"OBJECTIVE: Simulate a real emergency situation in &amp; nbsp; building with one or more floors. TARGET AUDIENCE: Firefighters, brigadiers and other professionals who deal with emergencies. FEATURES: Smoke house with two properly equipped floors, has labyrinths strategically created to create difficulties close to a real emergency situation Smoke (non-toxic &#8211; glycerin base) covers the entire&#8230; <a class=\"view-article\" href=\"https:\/\/ambipar.com\/latam\/en\/ambipar-response\/treinamentos\/equipamentos-simuladores\/confined-environment-simulator-smoke-house\/\">Ver art\u00edculo<\/a>","protected":false},"author":1,"featured_media":3571,"parent":959,"menu_order":0,"comment_status":"closed","ping_status":"closed","template":"single-servicos.php","meta":[],"yoast_head":"<!-- This site is optimized with the Yoast SEO plugin v17.6 - https:\/\/yoast.com\/wordpress\/plugins\/seo\/ -->\n<title>Discover the confined environment simulator offered by Ambipar<\/title>\n<meta name=\"description\" content=\"OBJECTIVE: To simulate a real emergency situation in a building with one or more floors. TARGET AUDIENCE: Firefighters, brigadiers\" \/>\n<meta name=\"robots\" content=\"index, follow, max-snippet:-1, max-image-preview:large, max-video-preview:-1\" \/>\n<link rel=\"canonical\" href=\"https:\/\/ambipar.com\/latam\/en\/ambipar-response\/treinamentos\/equipamentos-simuladores\/confined-environment-simulator-smoke-house\/\" \/>\n<meta property=\"og:locale\" content=\"es_ES\" \/>\n<meta property=\"og:type\" content=\"article\" \/>\n<meta property=\"og:title\" content=\"Discover the confined environment simulator offered by Ambipar\" \/>\n<meta property=\"og:description\" content=\"OBJECTIVE: To simulate a real emergency situation in a building with one or more floors. TARGET AUDIENCE: Firefighters, brigadiers\" \/>\n<meta property=\"og:url\" content=\"https:\/\/ambipar.com\/latam\/en\/ambipar-response\/treinamentos\/equipamentos-simuladores\/confined-environment-simulator-smoke-house\/\" \/>\n<meta property=\"og:site_name\" content=\"Ambipar. A l\u00edder em gest\u00e3o ambiental.\" \/>\n<meta property=\"article:modified_time\" content=\"2021-06-08T23:23:12+00:00\" \/>\n<meta property=\"og:image\" content=\"https:\/\/ambipar.com\/latam\/wp-content\/uploads\/2021\/06\/Simulador-de-ambiente-confinado-casa-de-fumaca.jpeg\" \/>\n\t<meta property=\"og:image:width\" content=\"1280\" \/>\n\t<meta property=\"og:image:height\" content=\"720\" \/>\n<meta name=\"twitter:card\" content=\"summary_large_image\" \/>\n<meta name=\"twitter:label1\" content=\"Est. reading time\" \/>\n\t<meta name=\"twitter:data1\" content=\"1 minuto\" \/>\n<script type=\"application\/ld+json\" class=\"yoast-schema-graph\">{\"@context\":\"https:\/\/schema.org\",\"@graph\":[{\"@type\":\"Organization\",\"@id\":\"https:\/\/ambipar.com\/latam\/#organization\",\"name\":\"Ambipar\",\"url\":\"https:\/\/ambipar.com\/latam\/\",\"sameAs\":[],\"logo\":{\"@type\":\"ImageObject\",\"@id\":\"https:\/\/ambipar.com\/latam\/#logo\",\"inLanguage\":\"es-CL\",\"url\":\"https:\/\/ambipar.com\/latam\/wp-content\/uploads\/2020\/10\/ambipar_color.png\",\"contentUrl\":\"https:\/\/ambipar.com\/latam\/wp-content\/uploads\/2020\/10\/ambipar_color.png\",\"width\":174,\"height\":107,\"caption\":\"Ambipar\"},\"image\":{\"@id\":\"https:\/\/ambipar.com\/latam\/#logo\"}},{\"@type\":\"WebSite\",\"@id\":\"https:\/\/ambipar.com\/latam\/#website\",\"url\":\"https:\/\/ambipar.com\/latam\/\",\"name\":\"Ambipar. A l\\u00edder em gest\\u00e3o ambiental.\",\"description\":\"Pioneira em solu\\u00e7\\u00f5es ambientais, a Ambipar atua em todo o territ\\u00f3rio nacional oferecendo solu\\u00e7\\u00f5es integradas para toda a cadeia de neg\\u00f3cio.\",\"publisher\":{\"@id\":\"https:\/\/ambipar.com\/latam\/#organization\"},\"potentialAction\":[{\"@type\":\"SearchAction\",\"target\":{\"@type\":\"EntryPoint\",\"urlTemplate\":\"https:\/\/ambipar.com\/latam\/?s={search_term_string}\"},\"query-input\":\"required name=search_term_string\"}],\"inLanguage\":\"es-CL\"},{\"@type\":\"ImageObject\",\"@id\":\"https:\/\/ambipar.com\/latam\/en\/ambipar-response\/treinamentos\/equipamentos-simuladores\/confined-environment-simulator-smoke-house\/#primaryimage\",\"inLanguage\":\"es-CL\",\"url\":\"https:\/\/ambipar.com\/latam\/wp-content\/uploads\/2021\/06\/Simulador-de-ambiente-confinado-casa-de-fumaca.jpeg\",\"contentUrl\":\"https:\/\/ambipar.com\/latam\/wp-content\/uploads\/2021\/06\/Simulador-de-ambiente-confinado-casa-de-fumaca.jpeg\",\"width\":1280,\"height\":720,\"caption\":\"Simulador de ambiente confinado (casa de fuma\\u00e7a)\"},{\"@type\":\"WebPage\",\"@id\":\"https:\/\/ambipar.com\/latam\/en\/ambipar-response\/treinamentos\/equipamentos-simuladores\/confined-environment-simulator-smoke-house\/#webpage\",\"url\":\"https:\/\/ambipar.com\/latam\/en\/ambipar-response\/treinamentos\/equipamentos-simuladores\/confined-environment-simulator-smoke-house\/\",\"name\":\"Discover the confined environment simulator offered by Ambipar\",\"isPartOf\":{\"@id\":\"https:\/\/ambipar.com\/latam\/#website\"},\"primaryImageOfPage\":{\"@id\":\"https:\/\/ambipar.com\/latam\/en\/ambipar-response\/treinamentos\/equipamentos-simuladores\/confined-environment-simulator-smoke-house\/#primaryimage\"},\"datePublished\":\"2020-11-17T08:37:31+00:00\",\"dateModified\":\"2021-06-08T23:23:12+00:00\",\"description\":\"OBJECTIVE: To simulate a real emergency situation in a building with one or more floors. TARGET AUDIENCE: Firefighters, brigadiers\",\"breadcrumb\":{\"@id\":\"https:\/\/ambipar.com\/latam\/en\/ambipar-response\/treinamentos\/equipamentos-simuladores\/confined-environment-simulator-smoke-house\/#breadcrumb\"},\"inLanguage\":\"es-CL\",\"potentialAction\":[{\"@type\":\"ReadAction\",\"target\":[\"https:\/\/ambipar.com\/latam\/en\/ambipar-response\/treinamentos\/equipamentos-simuladores\/confined-environment-simulator-smoke-house\/\"]}]},{\"@type\":\"BreadcrumbList\",\"@id\":\"https:\/\/ambipar.com\/latam\/en\/ambipar-response\/treinamentos\/equipamentos-simuladores\/confined-environment-simulator-smoke-house\/#breadcrumb\",\"itemListElement\":[{\"@type\":\"ListItem\",\"position\":1,\"name\":\"Home\",\"item\":\"https:\/\/ambipar.com\/latam\/\"},{\"@type\":\"ListItem\",\"position\":2,\"name\":\"Ambipar Response\",\"item\":\"https:\/\/ambipar.com\/latam\/pt\/ambipar-response\/\"},{\"@type\":\"ListItem\",\"position\":3,\"name\":\"Treinamentos\",\"item\":\"https:\/\/ambipar.com\/latam\/pt\/ambipar-response\/treinamentos\/\"},{\"@type\":\"ListItem\",\"position\":4,\"name\":\"Equipamentos Simuladores\",\"item\":\"https:\/\/ambipar.com\/latam\/pt\/ambipar-response\/treinamentos\/equipamentos-simuladores\/\"},{\"@type\":\"ListItem\",\"position\":5,\"name\":\"Confined environment simulator (smoke house)\"}]}]}<\/script>\n<!-- \/ Yoast SEO plugin. -->","yoast_head_json":{"title":"Discover the confined environment simulator offered by Ambipar","description":"OBJECTIVE: To simulate a real emergency situation in a building with one or more floors. TARGET AUDIENCE: Firefighters, brigadiers","robots":{"index":"index","follow":"follow","max-snippet":"max-snippet:-1","max-image-preview":"max-image-preview:large","max-video-preview":"max-video-preview:-1"},"canonical":"https:\/\/ambipar.com\/latam\/en\/ambipar-response\/treinamentos\/equipamentos-simuladores\/confined-environment-simulator-smoke-house\/","og_locale":"es_ES","og_type":"article","og_title":"Discover the confined environment simulator offered by Ambipar","og_description":"OBJECTIVE: To simulate a real emergency situation in a building with one or more floors. TARGET AUDIENCE: Firefighters, brigadiers","og_url":"https:\/\/ambipar.com\/latam\/en\/ambipar-response\/treinamentos\/equipamentos-simuladores\/confined-environment-simulator-smoke-house\/","og_site_name":"Ambipar. A l\u00edder em gest\u00e3o ambiental.","article_modified_time":"2021-06-08T23:23:12+00:00","og_image":[{"width":1280,"height":720,"url":"https:\/\/ambipar.com\/latam\/wp-content\/uploads\/2021\/06\/Simulador-de-ambiente-confinado-casa-de-fumaca.jpeg","type":"image\/jpeg"}],"twitter_card":"summary_large_image","twitter_misc":{"Est. reading time":"1 minuto"},"schema":{"@context":"https:\/\/schema.org","@graph":[{"@type":"Organization","@id":"https:\/\/ambipar.com\/latam\/#organization","name":"Ambipar","url":"https:\/\/ambipar.com\/latam\/","sameAs":[],"logo":{"@type":"ImageObject","@id":"https:\/\/ambipar.com\/latam\/#logo","inLanguage":"es-CL","url":"https:\/\/ambipar.com\/latam\/wp-content\/uploads\/2020\/10\/ambipar_color.png","contentUrl":"https:\/\/ambipar.com\/latam\/wp-content\/uploads\/2020\/10\/ambipar_color.png","width":174,"height":107,"caption":"Ambipar"},"image":{"@id":"https:\/\/ambipar.com\/latam\/#logo"}},{"@type":"WebSite","@id":"https:\/\/ambipar.com\/latam\/#website","url":"https:\/\/ambipar.com\/latam\/","name":"Ambipar. A l\u00edder em gest\u00e3o ambiental.","description":"Pioneira em solu\u00e7\u00f5es ambientais, a Ambipar atua em todo o territ\u00f3rio nacional oferecendo solu\u00e7\u00f5es integradas para toda a cadeia de neg\u00f3cio.","publisher":{"@id":"https:\/\/ambipar.com\/latam\/#organization"},"potentialAction":[{"@type":"SearchAction","target":{"@type":"EntryPoint","urlTemplate":"https:\/\/ambipar.com\/latam\/?s={search_term_string}"},"query-input":"required name=search_term_string"}],"inLanguage":"es-CL"},{"@type":"ImageObject","@id":"https:\/\/ambipar.com\/latam\/en\/ambipar-response\/treinamentos\/equipamentos-simuladores\/confined-environment-simulator-smoke-house\/#primaryimage","inLanguage":"es-CL","url":"https:\/\/ambipar.com\/latam\/wp-content\/uploads\/2021\/06\/Simulador-de-ambiente-confinado-casa-de-fumaca.jpeg","contentUrl":"https:\/\/ambipar.com\/latam\/wp-content\/uploads\/2021\/06\/Simulador-de-ambiente-confinado-casa-de-fumaca.jpeg","width":1280,"height":720,"caption":"Simulador de ambiente confinado (casa de fuma\u00e7a)"},{"@type":"WebPage","@id":"https:\/\/ambipar.com\/latam\/en\/ambipar-response\/treinamentos\/equipamentos-simuladores\/confined-environment-simulator-smoke-house\/#webpage","url":"https:\/\/ambipar.com\/latam\/en\/ambipar-response\/treinamentos\/equipamentos-simuladores\/confined-environment-simulator-smoke-house\/","name":"Discover the confined environment simulator offered by Ambipar","isPartOf":{"@id":"https:\/\/ambipar.com\/latam\/#website"},"primaryImageOfPage":{"@id":"https:\/\/ambipar.com\/latam\/en\/ambipar-response\/treinamentos\/equipamentos-simuladores\/confined-environment-simulator-smoke-house\/#primaryimage"},"datePublished":"2020-11-17T08:37:31+00:00","dateModified":"2021-06-08T23:23:12+00:00","description":"OBJECTIVE: To simulate a real emergency situation in a building with one or more floors. TARGET AUDIENCE: Firefighters, brigadiers","breadcrumb":{"@id":"https:\/\/ambipar.com\/latam\/en\/ambipar-response\/treinamentos\/equipamentos-simuladores\/confined-environment-simulator-smoke-house\/#breadcrumb"},"inLanguage":"es-CL","potentialAction":[{"@type":"ReadAction","target":["https:\/\/ambipar.com\/latam\/en\/ambipar-response\/treinamentos\/equipamentos-simuladores\/confined-environment-simulator-smoke-house\/"]}]},{"@type":"BreadcrumbList","@id":"https:\/\/ambipar.com\/latam\/en\/ambipar-response\/treinamentos\/equipamentos-simuladores\/confined-environment-simulator-smoke-house\/#breadcrumb","itemListElement":[{"@type":"ListItem","position":1,"name":"Home","item":"https:\/\/ambipar.com\/latam\/"},{"@type":"ListItem","position":2,"name":"Ambipar Response","item":"https:\/\/ambipar.com\/latam\/pt\/ambipar-response\/"},{"@type":"ListItem","position":3,"name":"Treinamentos","item":"https:\/\/ambipar.com\/latam\/pt\/ambipar-response\/treinamentos\/"},{"@type":"ListItem","position":4,"name":"Equipamentos Simuladores","item":"https:\/\/ambipar.com\/latam\/pt\/ambipar-response\/treinamentos\/equipamentos-simuladores\/"},{"@type":"ListItem","position":5,"name":"Confined environment simulator (smoke house)"}]}]}},"_links":{"self":[{"href":"https:\/\/ambipar.com\/latam\/wp-json\/wp\/v2\/pages\/2262"}],"collection":[{"href":"https:\/\/ambipar.com\/latam\/wp-json\/wp\/v2\/pages"}],"about":[{"href":"https:\/\/ambipar.com\/latam\/wp-json\/wp\/v2\/types\/page"}],"author":[{"embeddable":true,"href":"https:\/\/ambipar.com\/latam\/wp-json\/wp\/v2\/users\/1"}],"replies":[{"embeddable":true,"href":"https:\/\/ambipar.com\/latam\/wp-json\/wp\/v2\/comments?post=2262"}],"version-history":[{"count":5,"href":"https:\/\/ambipar.com\/latam\/wp-json\/wp\/v2\/pages\/2262\/revisions"}],"predecessor-version":[{"id":3249,"href":"https:\/\/ambipar.com\/latam\/wp-json\/wp\/v2\/pages\/2262\/revisions\/3249"}],"up":[{"embeddable":true,"href":"https:\/\/ambipar.com\/latam\/wp-json\/wp\/v2\/pages\/959"}],"wp:featuredmedia":[{"embeddable":true,"href":"https:\/\/ambipar.com\/latam\/wp-json\/wp\/v2\/media\/3571"}],"wp:attachment":[{"href":"https:\/\/ambipar.com\/latam\/wp-json\/wp\/v2\/media?parent=2262"}],"curies":[{"name":"wp","href":"https:\/\/api.w.org\/{rel}","templated":true}]}}